{"id":15263,"date":"2024-07-16T08:00:59","date_gmt":"2024-07-16T08:00:59","guid":{"rendered":"https:\/\/www.ankarsrum.com\/fi\/product\/spaghetti-pastatela\/"},"modified":"2026-04-16T03:22:27","modified_gmt":"2026-04-16T03:22:27","slug":"spaghetti-pastatela","status":"publish","type":"product","link":"https:\/\/www.ankarsrum.com\/fi\/product\/spaghetti-pastatela\/","title":{"rendered":"Spagettileikkuri: tee autenttista italialaista pastaa kotikeitti\u00f6ss\u00e4si"},"content":{"rendered":"<p><span>Ankarsrumin spagettileikkurilla teet t\u00e4ydellisen tasalaatuista pastaa joka kerta. Kun olet kaulinnut taikinan Ankarsrum-lasagnetelalla, t\u00e4ll\u00e4 leikkurilla teet pastalevyist\u00e4 2 mm:n paksuisia spagettinauhoja. Leikkuri on helppo kiinnitt\u00e4\u00e4 Ankarsrum Assistent Originaliin, ja yleiskoneen tehokkaan moottorin ansiosta leikkaaminen sujuu nopeasti ja vaivattomasti.<\/span><\/p>\n<p><span>Spagettileikkuri tuo autenttista italialaista k\u00e4sity\u00f6t\u00e4 kotikeitti\u00f6\u00f6si: sen on valmistanut Marcato, yksi maailman johtavista pastakonevalmistajista, jolla on yli 80 vuoden kokemus alalta. Pastan tekeminen on hauskaa yhteist\u00e4 puuhaa koko perheelle, ja itse tehty pasta maistuu aina aavistuksen paremmalta!\u00a0<\/span><\/p>\n<p><span>Saat parhaat tulokset, kun kaulit pastataikinan 1,2\u20131,5 mm:n paksuuteen (asetus 5\u20136 lasagnetelassa).<\/span><\/p>\n<p><strong><span>Spagettileikkuri on yhteensopiva seuraavien Ankarsrum Assistent Original -mallien kanssa \u2013 Tyyppi: N1\u2013N30 | Tyyppi: N30 \/ Malli: AKM6230<\/span><\/strong><\/p>\n<p><span>Mit\u00e4 pakkaukseen sis\u00e4ltyy?<\/span><\/p>\n<ul>\n<li><span>Spagettileikkuri<\/span><\/li>\n<\/ul>","protected":false},"excerpt":{"rendered":"<p><span>Tee vaikutus illallisvieraisiin itse tehdyll\u00e4 spagetilla! Ankarsrumin spagettileikkurilla teet t\u00e4ydellisen tasaisia 2\u00a0mm:n paksuisia, py\u00f6reit\u00e4 spagettinauhoja \u2013helposti ja nopeasti. Sano \u201darrivederci\u201d vaivalloiselle k\u00e4sin leikkaamiselle ja nauti herkullisesta itse tehdyst\u00e4 pastasta!<\/span><\/p>\n","protected":false},"featured_media":18085,"comment_status":"open","ping_status":"closed","template":"","meta":{"_acf_changed":false,"content-type":"","editor_notices":[]},"product_brand":[],"product_cat":[455],"product_tag":[],"product-tag":[],"machines":[],"filter":[268,288],"class_list":{"0":"post-15263","1":"product","2":"type-product","3":"status-publish","4":"has-post-thumbnail","6":"product_cat-lisavarusteet","7":"filter-pasta","8":"filter-ruoka","10":"first","11":"instock","12":"taxable","13":"shipping-taxable","14":"purchasable","15":"product-type-simple"},"bundled_by":[],"bundle_stock_status":"instock","bundle_stock_quantity":null,"bundle_virtual":false,"bundle_layout":"","bundle_add_to_cart_form_location":"","bundle_editable_in_cart":false,"bundle_sold_individually_context":"","bundle_item_grouping":"","bundle_min_size":"","bundle_max_size":"","bundle_price":[],"bundled_items":[],"bundle_sell_ids":[],"acf":[],"yoast_head":"<!-- This site is optimized with the Yoast SEO Premium plugin v26.6 (Yoast SEO v26.6) - https:\/\/yoast.com\/wordpress\/plugins\/seo\/ -->\n<title>Spagettileikkuri: tee autenttista italialaista pastaa kotikeitti\u00f6ss\u00e4si - Ankarsrum Finland<\/title>\n<meta name=\"robots\" content=\"index, follow, max-snippet:-1, max-image-preview:large, max-video-preview:-1\" \/>\n<link rel=\"canonical\" href=\"https:\/\/www.ankarsrum.com\/fi\/product\/spaghetti-pastatela\/\" \/>\n<meta property=\"og:locale\" content=\"fi_FI\" \/>\n<meta property=\"og:type\" content=\"article\" \/>\n<meta property=\"og:title\" content=\"Spagettileikkuri: tee autenttista italialaista pastaa kotikeitti\u00f6ss\u00e4si\" \/>\n<meta property=\"og:description\" content=\"Tee vaikutus illallisvieraisiin itse tehdyll\u00e4 spagetilla! Ankarsrumin spagettileikkurilla teet t\u00e4ydellisen tasaisia 2\u00a0mm:n paksuisia, py\u00f6reit\u00e4 spagettinauhoja \u2013helposti ja nopeasti. Sano \u201darrivederci\u201d vaivalloiselle k\u00e4sin leikkaamiselle ja nauti herkullisesta itse tehdyst\u00e4 pastasta!\" \/>\n<meta property=\"og:url\" content=\"https:\/\/www.ankarsrum.com\/fi\/product\/spaghetti-pastatela\/\" \/>\n<meta property=\"og:site_name\" content=\"Ankarsrum Finland\" \/>\n<meta property=\"article:modified_time\" content=\"2026-04-16T03:22:27+00:00\" \/>\n<meta property=\"og:image\" content=\"https:\/\/www.ankarsrum.com\/fi\/wp-content\/uploads\/sites\/57\/2024\/09\/spagetti-1.jpg\" \/>\n\t<meta property=\"og:image:width\" content=\"1200\" \/>\n\t<meta property=\"og:image:height\" content=\"630\" \/>\n\t<meta property=\"og:image:type\" content=\"image\/jpeg\" \/>\n<meta name=\"twitter:card\" content=\"summary_large_image\" \/>\n<meta name=\"twitter:label1\" content=\"Price\" \/>\n\t<meta name=\"twitter:data1\" content=\"109,00&nbsp;&euro;\" \/>\n\t<meta name=\"twitter:label2\" content=\"Availability\" \/>\n\t<meta name=\"twitter:data2\" content=\"In stock\" \/>\n<script type=\"application\/ld+json\" class=\"yoast-schema-graph\">{\"@context\":\"https:\/\/schema.org\",\"@graph\":[{\"@type\":\"WebPage\",\"@id\":\"https:\/\/www.ankarsrum.com\/fi\/product\/spaghetti-pastatela\/\",\"url\":\"https:\/\/www.ankarsrum.com\/fi\/product\/spaghetti-pastatela\/\",\"name\":\"Spagettileikkuri: tee autenttista italialaista pastaa kotikeitti\u00f6ss\u00e4si - Ankarsrum Finland\",\"isPartOf\":{\"@id\":\"https:\/\/www.ankarsrum.com\/fi\/#website\"},\"primaryImageOfPage\":{\"@id\":\"https:\/\/www.ankarsrum.com\/fi\/product\/spaghetti-pastatela\/#primaryimage\"},\"image\":{\"@id\":\"https:\/\/www.ankarsrum.com\/fi\/product\/spaghetti-pastatela\/#primaryimage\"},\"thumbnailUrl\":\"https:\/\/www.ankarsrum.com\/img-srv\/HwuSztEs1s5k0yadhsLeg1OHJwB7M2BlmMPpm4a7t1Y\/resizing_type:auto\/width:0\/height:0\/gravity:sm\/enlarge:1\/ext:webp\/strip_metadata:1\/quality:90\/cachebuster:filesize-107584\/bG9jYWw6Ly8vd3d3LmFua2Fyc3J1bS5jb20vd3AtY29udGVudC91cGxvYWRzL3NpdGVzLzU3LzIwMjQvMDkvc3BhZ2V0dGktMS5qcGc.webp\",\"datePublished\":\"2024-07-16T08:00:59+00:00\",\"dateModified\":\"2026-04-16T03:22:27+00:00\",\"breadcrumb\":{\"@id\":\"https:\/\/www.ankarsrum.com\/fi\/product\/spaghetti-pastatela\/#breadcrumb\"},\"inLanguage\":\"fi\",\"potentialAction\":[{\"@type\":\"ReadAction\",\"target\":[\"https:\/\/www.ankarsrum.com\/fi\/product\/spaghetti-pastatela\/\"]}]},{\"@type\":\"ImageObject\",\"inLanguage\":\"fi\",\"@id\":\"https:\/\/www.ankarsrum.com\/fi\/product\/spaghetti-pastatela\/#primaryimage\",\"url\":\"https:\/\/www.ankarsrum.com\/img-srv\/HwuSztEs1s5k0yadhsLeg1OHJwB7M2BlmMPpm4a7t1Y\/resizing_type:auto\/width:0\/height:0\/gravity:sm\/enlarge:1\/ext:webp\/strip_metadata:1\/quality:90\/cachebuster:filesize-107584\/bG9jYWw6Ly8vd3d3LmFua2Fyc3J1bS5jb20vd3AtY29udGVudC91cGxvYWRzL3NpdGVzLzU3LzIwMjQvMDkvc3BhZ2V0dGktMS5qcGc.webp\",\"contentUrl\":\"https:\/\/www.ankarsrum.com\/img-srv\/HwuSztEs1s5k0yadhsLeg1OHJwB7M2BlmMPpm4a7t1Y\/resizing_type:auto\/width:0\/height:0\/gravity:sm\/enlarge:1\/ext:webp\/strip_metadata:1\/quality:90\/cachebuster:filesize-107584\/bG9jYWw6Ly8vd3d3LmFua2Fyc3J1bS5jb20vd3AtY29udGVudC91cGxvYWRzL3NpdGVzLzU3LzIwMjQvMDkvc3BhZ2V0dGktMS5qcGc.webp\",\"width\":2000,\"height\":2000},{\"@type\":\"BreadcrumbList\",\"@id\":\"https:\/\/www.ankarsrum.com\/fi\/product\/spaghetti-pastatela\/#breadcrumb\",\"itemListElement\":[{\"@type\":\"ListItem\",\"position\":1,\"name\":\"Home\",\"item\":\"https:\/\/www.ankarsrum.com\/fi\/\"},{\"@type\":\"ListItem\",\"position\":2,\"name\":\"Produce name\",\"item\":\"https:\/\/www.ankarsrum.com\/fi\/shop\/\"},{\"@type\":\"ListItem\",\"position\":3,\"name\":\"Spagettileikkuri: tee autenttista italialaista pastaa kotikeitti\u00f6ss\u00e4si\"}]},{\"@type\":\"WebSite\",\"@id\":\"https:\/\/www.ankarsrum.com\/fi\/#website\",\"url\":\"https:\/\/www.ankarsrum.com\/fi\/\",\"name\":\"Ankarsrum Finland\",\"description\":\"The bread of the world\",\"potentialAction\":[{\"@type\":\"SearchAction\",\"target\":{\"@type\":\"EntryPoint\",\"urlTemplate\":\"https:\/\/www.ankarsrum.com\/fi\/?s={search_term_string}\"},\"query-input\":{\"@type\":\"PropertyValueSpecification\",\"valueRequired\":true,\"valueName\":\"search_term_string\"}}],\"inLanguage\":\"fi\"}]}<\/script>\n<meta property=\"product:price:amount\" content=\"109.00\" \/>\n<meta property=\"product:price:currency\" content=\"EUR\" \/>\n<meta property=\"og:availability\" content=\"instock\" \/>\n<meta property=\"product:availability\" content=\"instock\" \/>\n<meta property=\"product:retailer_item_id\" content=\"920900065\" \/>\n<meta property=\"product:condition\" content=\"new\" \/>\n<!-- \/ Yoast SEO Premium plugin. -->","yoast_head_json":{"title":"Spagettileikkuri: tee autenttista italialaista pastaa kotikeitti\u00f6ss\u00e4si - Ankarsrum Finland","robots":{"index":"index","follow":"follow","max-snippet":"max-snippet:-1","max-image-preview":"max-image-preview:large","max-video-preview":"max-video-preview:-1"},"canonical":"https:\/\/www.ankarsrum.com\/fi\/product\/spaghetti-pastatela\/","og_locale":"fi_FI","og_type":"article","og_title":"Spagettileikkuri: tee autenttista italialaista pastaa kotikeitti\u00f6ss\u00e4si","og_description":"Tee vaikutus illallisvieraisiin itse tehdyll\u00e4 spagetilla! Ankarsrumin spagettileikkurilla teet t\u00e4ydellisen tasaisia 2\u00a0mm:n paksuisia, py\u00f6reit\u00e4 spagettinauhoja \u2013helposti ja nopeasti. Sano \u201darrivederci\u201d vaivalloiselle k\u00e4sin leikkaamiselle ja nauti herkullisesta itse tehdyst\u00e4 pastasta!","og_url":"https:\/\/www.ankarsrum.com\/fi\/product\/spaghetti-pastatela\/","og_site_name":"Ankarsrum Finland","article_modified_time":"2026-04-16T03:22:27+00:00","og_image":[{"width":1200,"height":630,"url":"https:\/\/www.ankarsrum.com\/fi\/wp-content\/uploads\/sites\/57\/2024\/09\/spagetti-1.jpg","type":"image\/jpeg"}],"twitter_card":"summary_large_image","twitter_misc":{"Price":"109,00&nbsp;&euro;","Availability":"In stock"},"schema":{"@context":"https:\/\/schema.org","@graph":[{"@type":"WebPage","@id":"https:\/\/www.ankarsrum.com\/fi\/product\/spaghetti-pastatela\/","url":"https:\/\/www.ankarsrum.com\/fi\/product\/spaghetti-pastatela\/","name":"Spagettileikkuri: tee autenttista italialaista pastaa kotikeitti\u00f6ss\u00e4si - Ankarsrum Finland","isPartOf":{"@id":"https:\/\/www.ankarsrum.com\/fi\/#website"},"primaryImageOfPage":{"@id":"https:\/\/www.ankarsrum.com\/fi\/product\/spaghetti-pastatela\/#primaryimage"},"image":{"@id":"https:\/\/www.ankarsrum.com\/fi\/product\/spaghetti-pastatela\/#primaryimage"},"thumbnailUrl":"https:\/\/www.ankarsrum.com\/img-srv\/HwuSztEs1s5k0yadhsLeg1OHJwB7M2BlmMPpm4a7t1Y\/resizing_type:auto\/width:0\/height:0\/gravity:sm\/enlarge:1\/ext:webp\/strip_metadata:1\/quality:90\/cachebuster:filesize-107584\/bG9jYWw6Ly8vd3d3LmFua2Fyc3J1bS5jb20vd3AtY29udGVudC91cGxvYWRzL3NpdGVzLzU3LzIwMjQvMDkvc3BhZ2V0dGktMS5qcGc.webp","datePublished":"2024-07-16T08:00:59+00:00","dateModified":"2026-04-16T03:22:27+00:00","breadcrumb":{"@id":"https:\/\/www.ankarsrum.com\/fi\/product\/spaghetti-pastatela\/#breadcrumb"},"inLanguage":"fi","potentialAction":[{"@type":"ReadAction","target":["https:\/\/www.ankarsrum.com\/fi\/product\/spaghetti-pastatela\/"]}]},{"@type":"ImageObject","inLanguage":"fi","@id":"https:\/\/www.ankarsrum.com\/fi\/product\/spaghetti-pastatela\/#primaryimage","url":"https:\/\/www.ankarsrum.com\/img-srv\/HwuSztEs1s5k0yadhsLeg1OHJwB7M2BlmMPpm4a7t1Y\/resizing_type:auto\/width:0\/height:0\/gravity:sm\/enlarge:1\/ext:webp\/strip_metadata:1\/quality:90\/cachebuster:filesize-107584\/bG9jYWw6Ly8vd3d3LmFua2Fyc3J1bS5jb20vd3AtY29udGVudC91cGxvYWRzL3NpdGVzLzU3LzIwMjQvMDkvc3BhZ2V0dGktMS5qcGc.webp","contentUrl":"https:\/\/www.ankarsrum.com\/img-srv\/HwuSztEs1s5k0yadhsLeg1OHJwB7M2BlmMPpm4a7t1Y\/resizing_type:auto\/width:0\/height:0\/gravity:sm\/enlarge:1\/ext:webp\/strip_metadata:1\/quality:90\/cachebuster:filesize-107584\/bG9jYWw6Ly8vd3d3LmFua2Fyc3J1bS5jb20vd3AtY29udGVudC91cGxvYWRzL3NpdGVzLzU3LzIwMjQvMDkvc3BhZ2V0dGktMS5qcGc.webp","width":2000,"height":2000},{"@type":"BreadcrumbList","@id":"https:\/\/www.ankarsrum.com\/fi\/product\/spaghetti-pastatela\/#breadcrumb","itemListElement":[{"@type":"ListItem","position":1,"name":"Home","item":"https:\/\/www.ankarsrum.com\/fi\/"},{"@type":"ListItem","position":2,"name":"Produce name","item":"https:\/\/www.ankarsrum.com\/fi\/shop\/"},{"@type":"ListItem","position":3,"name":"Spagettileikkuri: tee autenttista italialaista pastaa kotikeitti\u00f6ss\u00e4si"}]},{"@type":"WebSite","@id":"https:\/\/www.ankarsrum.com\/fi\/#website","url":"https:\/\/www.ankarsrum.com\/fi\/","name":"Ankarsrum Finland","description":"The bread of the world","potentialAction":[{"@type":"SearchAction","target":{"@type":"EntryPoint","urlTemplate":"https:\/\/www.ankarsrum.com\/fi\/?s={search_term_string}"},"query-input":{"@type":"PropertyValueSpecification","valueRequired":true,"valueName":"search_term_string"}}],"inLanguage":"fi"}]},"product_price_amount":"109.00","product_price_currency":"EUR","og_availability":"instock","product_availability":"instock","product_retailer_item_id":"920900065","product_condition":"new"},"_links":{"self":[{"href":"https:\/\/www.ankarsrum.com\/fi\/wp-json\/wp\/v2\/product\/15263","targetHints":{"allow":["GET"]}}],"collection":[{"href":"https:\/\/www.ankarsrum.com\/fi\/wp-json\/wp\/v2\/product"}],"about":[{"href":"https:\/\/www.ankarsrum.com\/fi\/wp-json\/wp\/v2\/types\/product"}],"replies":[{"embeddable":true,"href":"https:\/\/www.ankarsrum.com\/fi\/wp-json\/wp\/v2\/comments?post=15263"}],"wp:featuredmedia":[{"embeddable":true,"href":"https:\/\/www.ankarsrum.com\/fi\/wp-json\/wp\/v2\/media\/18085"}],"wp:attachment":[{"href":"https:\/\/www.ankarsrum.com\/fi\/wp-json\/wp\/v2\/media?parent=15263"}],"wp:term":[{"taxonomy":"product_brand","embeddable":true,"href":"https:\/\/www.ankarsrum.com\/fi\/wp-json\/wp\/v2\/product_brand?post=15263"},{"taxonomy":"product_cat","embeddable":true,"href":"https:\/\/www.ankarsrum.com\/fi\/wp-json\/wp\/v2\/product_cat?post=15263"},{"taxonomy":"product_tag","embeddable":true,"href":"https:\/\/www.ankarsrum.com\/fi\/wp-json\/wp\/v2\/product_tag?post=15263"},{"taxonomy":"product-tag","embeddable":true,"href":"https:\/\/www.ankarsrum.com\/fi\/wp-json\/wp\/v2\/product-tag?post=15263"},{"taxonomy":"machines","embeddable":true,"href":"https:\/\/www.ankarsrum.com\/fi\/wp-json\/wp\/v2\/machines?post=15263"},{"taxonomy":"filter","embeddable":true,"href":"https:\/\/www.ankarsrum.com\/fi\/wp-json\/wp\/v2\/filter?post=15263"}],"curies":[{"name":"wp","href":"https:\/\/api.w.org\/{rel}","templated":true}]}}