{"id":15272,"date":"2024-07-16T08:48:09","date_gmt":"2024-07-16T08:48:09","guid":{"rendered":"https:\/\/www.ankarsrum.com\/fi\/product\/vihreampia-valintoja-go-green\/"},"modified":"2026-04-16T03:22:28","modified_gmt":"2026-04-16T03:22:28","slug":"vihreampia-valintoja-go-green","status":"publish","type":"product","link":"https:\/\/www.ankarsrum.com\/fi\/product\/vihreampia-valintoja-go-green\/","title":{"rendered":"VIHRE\u00c4MPI\u00c4 VALINTOJA \u2013 GO GREEN"},"content":{"rendered":"<p><span>Go Green -pakkauksessa on mukana kolme monik\u00e4ytt\u00f6ist\u00e4 lis\u00e4osaa Ankarsrum Assistent Originaliin: tehosekoitin ja sekoitustikku, sitruspuserrin ja vihannesleikkuri. Yhdess\u00e4 t\u00e4m\u00e4 kolmikko auttaa tekem\u00e4\u00e4n terveellisten ruokien, v\u00e4lipalojen ja juomien valmistamisesta helppoa ja hauskaa. Surauta virkist\u00e4v\u00e4 aamumehu tai ravintorikas smoothie ja tee koko perheelle terveellisi\u00e4 kasvisruokia, salaatteja ja dippailtavia kastikkeineen.\u00a0<\/span><\/p>\n<ul>\n<li><strong><span>Tehosekoitin ja sekoitustikku:<\/span><\/strong><span> Sekoita smoothiet, soseuta marjat ja py\u00f6r\u00e4yt\u00e4 maistuvat kastikkeet \u2013 nopeasti ja helposti. Valmistettu kest\u00e4v\u00e4st\u00e4 Tritan-muovista. BPA-vapaa ja murtumaton.<\/span><\/li>\n<li><strong><span>Sitruspuserrin:<\/span><\/strong><span> Aloita p\u00e4iv\u00e4si herkullisella tuoremehulla! Puserra appelsiinit, sitruunat, limetit tai greipit virkist\u00e4v\u00e4ksi juomaksi. BPA-vapaaseen astiaan mahtuu jopa 1,2 litraa mehua \u2013 tarpeeksi vaikka koko perheelle. <\/span><\/li>\n<li><strong><span>Vihannesleikkuri:<\/span><\/strong><span><strong> <\/strong>Viipaloi, raasta ja suikaloi vihannekset terveellisiin alkuruokiin ja lisukkeisiin.<\/span><\/li>\n<\/ul>\n<p>Go Green -pakkaus auttaa tekem\u00e4\u00e4n terveellisest\u00e4 ruoanlaitosta helppoa ja hauskaa!<\/p>\n<p><strong><span>Vihannesleikkuri on yhteensopiva seuraavien Ankarsrum Assistent Original -mallien kanssa \u2013 Tyyppi: N1\u2013N28 | Tyyppi: N30 \/ Malli: AKM6230<\/span><\/strong><\/p>\n<p><strong><span>Sitruspuserrin on yhteensopiva seuraavien Ankarsrum Assistent Original -mallien kanssa \u2013 Tyyppi: N1\u2013N28 | Tyyppi: N30 \/ Malli: AKM6230<\/span><\/strong><\/p>\n<p><strong><span>Tehosekoitin on yhteensopiva seuraavien Ankarsrum Assistent Original -mallien kanssa \u2013 Tyyppi: N24\u2013N28 | Tyyppi: N30 \/ Malli: AKM6230<\/span><\/strong><\/p>\n<p>\u00a0<\/p>\n<p><span>Mit\u00e4 pakkaukseen sis\u00e4ltyy?<\/span><\/p>\n<ul>\n<li><span>Tehosekoitin ja sekoitustikku: <\/span><span>Tehosekoittimen kulho, tehosekoittimen kansi, mittauskansi ja sekoitustikku<\/span><\/li>\n<li><span>Sitruspuserrin:<\/span><span> Kest\u00e4v\u00e4 BPA-vapaa kulho ja sitruspuserrin<\/span><\/li>\n<li><span>Vihannesleikkuri:<\/span><span> Kolme rumpua (viipalointirumpu, keskikarkea raastinrumpu ja karkea raastinrumpu), sy\u00f6tt\u00f6tulppa, lukitusrengas ja leikkurin runko<\/span><\/li>\n<\/ul>","protected":false},"excerpt":{"rendered":"<p>Tervetuloa vihre\u00e4mp\u00e4\u00e4n maailmaan Ankarsrumin kanssa!\u00a0Ankarsrum Assistent Originalin Go Green -lis\u00e4varustepaketin avulla\u00a0lis\u00e4\u00e4t p\u00e4iv\u00e4\u00e4si helposti hyv\u00e4\u00e4 tekevi\u00e4 hedelmi\u00e4 ja vihanneksia.<\/p>\n<p>Be healthy, eat healthy, go healthy \u2013 Go Green!<\/p>\n","protected":false},"featured_media":18012,"comment_status":"open","ping_status":"closed","template":"","meta":{"_acf_changed":false,"content-type":"","editor_notices":[]},"product_brand":[],"product_cat":[455],"product_tag":[],"product-tag":[],"machines":[],"filter":[292,288],"class_list":{"0":"post-15272","1":"product","2":"type-product","3":"status-publish","4":"has-post-thumbnail","6":"product_cat-lisavarusteet","7":"filter-go-green","8":"filter-ruoka","10":"first","11":"instock","12":"taxable","13":"shipping-taxable","14":"purchasable","15":"product-type-simple"},"bundled_by":[],"bundle_stock_status":"instock","bundle_stock_quantity":null,"bundle_virtual":false,"bundle_layout":"","bundle_add_to_cart_form_location":"","bundle_editable_in_cart":false,"bundle_sold_individually_context":"","bundle_item_grouping":"","bundle_min_size":"","bundle_max_size":"","bundle_price":[],"bundled_items":[],"bundle_sell_ids":[],"acf":[],"yoast_head":"<!-- This site is optimized with the Yoast SEO Premium plugin v26.6 (Yoast SEO v26.6) - https:\/\/yoast.com\/wordpress\/plugins\/seo\/ -->\n<title>VIHRE\u00c4MPI\u00c4 VALINTOJA \u2013 GO GREEN - Ankarsrum Finland<\/title>\n<meta name=\"robots\" content=\"index, follow, max-snippet:-1, max-image-preview:large, max-video-preview:-1\" \/>\n<link rel=\"canonical\" href=\"https:\/\/www.ankarsrum.com\/fi\/product\/vihreampia-valintoja-go-green\/\" \/>\n<meta property=\"og:locale\" content=\"fi_FI\" \/>\n<meta property=\"og:type\" content=\"article\" \/>\n<meta property=\"og:title\" content=\"VIHRE\u00c4MPI\u00c4 VALINTOJA \u2013 GO GREEN\" \/>\n<meta property=\"og:description\" content=\"Tervetuloa vihre\u00e4mp\u00e4\u00e4n maailmaan Ankarsrumin kanssa!\u00a0Ankarsrum Assistent Originalin Go Green -lis\u00e4varustepaketin avulla\u00a0lis\u00e4\u00e4t p\u00e4iv\u00e4\u00e4si helposti hyv\u00e4\u00e4 tekevi\u00e4 hedelmi\u00e4 ja vihanneksia. Be healthy, eat healthy, go healthy \u2013 Go Green!\" \/>\n<meta property=\"og:url\" content=\"https:\/\/www.ankarsrum.com\/fi\/product\/vihreampia-valintoja-go-green\/\" \/>\n<meta property=\"og:site_name\" content=\"Ankarsrum Finland\" \/>\n<meta property=\"article:modified_time\" content=\"2026-04-16T03:22:28+00:00\" \/>\n<meta property=\"og:image\" content=\"https:\/\/www.ankarsrum.com\/fi\/wp-content\/uploads\/sites\/57\/2024\/09\/go-green.jpg\" \/>\n\t<meta property=\"og:image:width\" content=\"1200\" \/>\n\t<meta property=\"og:image:height\" content=\"630\" \/>\n\t<meta property=\"og:image:type\" content=\"image\/jpeg\" \/>\n<meta name=\"twitter:card\" content=\"summary_large_image\" \/>\n<meta name=\"twitter:label1\" content=\"Price\" \/>\n\t<meta name=\"twitter:data1\" content=\"259,00&nbsp;&euro;\" \/>\n\t<meta name=\"twitter:label2\" content=\"Availability\" \/>\n\t<meta name=\"twitter:data2\" content=\"In stock\" \/>\n<script type=\"application\/ld+json\" class=\"yoast-schema-graph\">{\"@context\":\"https:\/\/schema.org\",\"@graph\":[{\"@type\":\"WebPage\",\"@id\":\"https:\/\/www.ankarsrum.com\/fi\/product\/vihreampia-valintoja-go-green\/\",\"url\":\"https:\/\/www.ankarsrum.com\/fi\/product\/vihreampia-valintoja-go-green\/\",\"name\":\"VIHRE\u00c4MPI\u00c4 VALINTOJA \u2013 GO GREEN - Ankarsrum Finland\",\"isPartOf\":{\"@id\":\"https:\/\/www.ankarsrum.com\/fi\/#website\"},\"primaryImageOfPage\":{\"@id\":\"https:\/\/www.ankarsrum.com\/fi\/product\/vihreampia-valintoja-go-green\/#primaryimage\"},\"image\":{\"@id\":\"https:\/\/www.ankarsrum.com\/fi\/product\/vihreampia-valintoja-go-green\/#primaryimage\"},\"thumbnailUrl\":\"https:\/\/www.ankarsrum.com\/img-srv\/KDYEPTFP2JzItuPGYBf2e801PVYBtdJAF2ENNRRz904\/resizing_type:auto\/width:0\/height:0\/gravity:sm\/enlarge:1\/ext:webp\/strip_metadata:1\/quality:90\/cachebuster:filesize-168702\/bG9jYWw6Ly8vd3d3LmFua2Fyc3J1bS5jb20vd3AtY29udGVudC91cGxvYWRzL3NpdGVzLzU3LzIwMjQvMDkvZ28tZ3JlZW4uanBn.webp\",\"datePublished\":\"2024-07-16T08:48:09+00:00\",\"dateModified\":\"2026-04-16T03:22:28+00:00\",\"breadcrumb\":{\"@id\":\"https:\/\/www.ankarsrum.com\/fi\/product\/vihreampia-valintoja-go-green\/#breadcrumb\"},\"inLanguage\":\"fi\",\"potentialAction\":[{\"@type\":\"ReadAction\",\"target\":[\"https:\/\/www.ankarsrum.com\/fi\/product\/vihreampia-valintoja-go-green\/\"]}]},{\"@type\":\"ImageObject\",\"inLanguage\":\"fi\",\"@id\":\"https:\/\/www.ankarsrum.com\/fi\/product\/vihreampia-valintoja-go-green\/#primaryimage\",\"url\":\"https:\/\/www.ankarsrum.com\/img-srv\/KDYEPTFP2JzItuPGYBf2e801PVYBtdJAF2ENNRRz904\/resizing_type:auto\/width:0\/height:0\/gravity:sm\/enlarge:1\/ext:webp\/strip_metadata:1\/quality:90\/cachebuster:filesize-168702\/bG9jYWw6Ly8vd3d3LmFua2Fyc3J1bS5jb20vd3AtY29udGVudC91cGxvYWRzL3NpdGVzLzU3LzIwMjQvMDkvZ28tZ3JlZW4uanBn.webp\",\"contentUrl\":\"https:\/\/www.ankarsrum.com\/img-srv\/KDYEPTFP2JzItuPGYBf2e801PVYBtdJAF2ENNRRz904\/resizing_type:auto\/width:0\/height:0\/gravity:sm\/enlarge:1\/ext:webp\/strip_metadata:1\/quality:90\/cachebuster:filesize-168702\/bG9jYWw6Ly8vd3d3LmFua2Fyc3J1bS5jb20vd3AtY29udGVudC91cGxvYWRzL3NpdGVzLzU3LzIwMjQvMDkvZ28tZ3JlZW4uanBn.webp\",\"width\":2000,\"height\":2000},{\"@type\":\"BreadcrumbList\",\"@id\":\"https:\/\/www.ankarsrum.com\/fi\/product\/vihreampia-valintoja-go-green\/#breadcrumb\",\"itemListElement\":[{\"@type\":\"ListItem\",\"position\":1,\"name\":\"Home\",\"item\":\"https:\/\/www.ankarsrum.com\/fi\/\"},{\"@type\":\"ListItem\",\"position\":2,\"name\":\"Produce name\",\"item\":\"https:\/\/www.ankarsrum.com\/fi\/shop\/\"},{\"@type\":\"ListItem\",\"position\":3,\"name\":\"VIHRE\u00c4MPI\u00c4 VALINTOJA \u2013 GO GREEN\"}]},{\"@type\":\"WebSite\",\"@id\":\"https:\/\/www.ankarsrum.com\/fi\/#website\",\"url\":\"https:\/\/www.ankarsrum.com\/fi\/\",\"name\":\"Ankarsrum Finland\",\"description\":\"The bread of the world\",\"potentialAction\":[{\"@type\":\"SearchAction\",\"target\":{\"@type\":\"EntryPoint\",\"urlTemplate\":\"https:\/\/www.ankarsrum.com\/fi\/?s={search_term_string}\"},\"query-input\":{\"@type\":\"PropertyValueSpecification\",\"valueRequired\":true,\"valueName\":\"search_term_string\"}}],\"inLanguage\":\"fi\"}]}<\/script>\n<meta property=\"product:price:amount\" content=\"259.00\" \/>\n<meta property=\"product:price:currency\" content=\"EUR\" \/>\n<meta property=\"og:availability\" content=\"instock\" \/>\n<meta property=\"product:availability\" content=\"instock\" \/>\n<meta property=\"product:retailer_item_id\" content=\"920900070\" \/>\n<meta property=\"product:condition\" content=\"new\" \/>\n<!-- \/ Yoast SEO Premium plugin. -->","yoast_head_json":{"title":"VIHRE\u00c4MPI\u00c4 VALINTOJA \u2013 GO GREEN - Ankarsrum Finland","robots":{"index":"index","follow":"follow","max-snippet":"max-snippet:-1","max-image-preview":"max-image-preview:large","max-video-preview":"max-video-preview:-1"},"canonical":"https:\/\/www.ankarsrum.com\/fi\/product\/vihreampia-valintoja-go-green\/","og_locale":"fi_FI","og_type":"article","og_title":"VIHRE\u00c4MPI\u00c4 VALINTOJA \u2013 GO GREEN","og_description":"Tervetuloa vihre\u00e4mp\u00e4\u00e4n maailmaan Ankarsrumin kanssa!\u00a0Ankarsrum Assistent Originalin Go Green -lis\u00e4varustepaketin avulla\u00a0lis\u00e4\u00e4t p\u00e4iv\u00e4\u00e4si helposti hyv\u00e4\u00e4 tekevi\u00e4 hedelmi\u00e4 ja vihanneksia. Be healthy, eat healthy, go healthy \u2013 Go Green!","og_url":"https:\/\/www.ankarsrum.com\/fi\/product\/vihreampia-valintoja-go-green\/","og_site_name":"Ankarsrum Finland","article_modified_time":"2026-04-16T03:22:28+00:00","og_image":[{"width":1200,"height":630,"url":"https:\/\/www.ankarsrum.com\/fi\/wp-content\/uploads\/sites\/57\/2024\/09\/go-green.jpg","type":"image\/jpeg"}],"twitter_card":"summary_large_image","twitter_misc":{"Price":"259,00&nbsp;&euro;","Availability":"In stock"},"schema":{"@context":"https:\/\/schema.org","@graph":[{"@type":"WebPage","@id":"https:\/\/www.ankarsrum.com\/fi\/product\/vihreampia-valintoja-go-green\/","url":"https:\/\/www.ankarsrum.com\/fi\/product\/vihreampia-valintoja-go-green\/","name":"VIHRE\u00c4MPI\u00c4 VALINTOJA \u2013 GO GREEN - Ankarsrum Finland","isPartOf":{"@id":"https:\/\/www.ankarsrum.com\/fi\/#website"},"primaryImageOfPage":{"@id":"https:\/\/www.ankarsrum.com\/fi\/product\/vihreampia-valintoja-go-green\/#primaryimage"},"image":{"@id":"https:\/\/www.ankarsrum.com\/fi\/product\/vihreampia-valintoja-go-green\/#primaryimage"},"thumbnailUrl":"https:\/\/www.ankarsrum.com\/img-srv\/KDYEPTFP2JzItuPGYBf2e801PVYBtdJAF2ENNRRz904\/resizing_type:auto\/width:0\/height:0\/gravity:sm\/enlarge:1\/ext:webp\/strip_metadata:1\/quality:90\/cachebuster:filesize-168702\/bG9jYWw6Ly8vd3d3LmFua2Fyc3J1bS5jb20vd3AtY29udGVudC91cGxvYWRzL3NpdGVzLzU3LzIwMjQvMDkvZ28tZ3JlZW4uanBn.webp","datePublished":"2024-07-16T08:48:09+00:00","dateModified":"2026-04-16T03:22:28+00:00","breadcrumb":{"@id":"https:\/\/www.ankarsrum.com\/fi\/product\/vihreampia-valintoja-go-green\/#breadcrumb"},"inLanguage":"fi","potentialAction":[{"@type":"ReadAction","target":["https:\/\/www.ankarsrum.com\/fi\/product\/vihreampia-valintoja-go-green\/"]}]},{"@type":"ImageObject","inLanguage":"fi","@id":"https:\/\/www.ankarsrum.com\/fi\/product\/vihreampia-valintoja-go-green\/#primaryimage","url":"https:\/\/www.ankarsrum.com\/img-srv\/KDYEPTFP2JzItuPGYBf2e801PVYBtdJAF2ENNRRz904\/resizing_type:auto\/width:0\/height:0\/gravity:sm\/enlarge:1\/ext:webp\/strip_metadata:1\/quality:90\/cachebuster:filesize-168702\/bG9jYWw6Ly8vd3d3LmFua2Fyc3J1bS5jb20vd3AtY29udGVudC91cGxvYWRzL3NpdGVzLzU3LzIwMjQvMDkvZ28tZ3JlZW4uanBn.webp","contentUrl":"https:\/\/www.ankarsrum.com\/img-srv\/KDYEPTFP2JzItuPGYBf2e801PVYBtdJAF2ENNRRz904\/resizing_type:auto\/width:0\/height:0\/gravity:sm\/enlarge:1\/ext:webp\/strip_metadata:1\/quality:90\/cachebuster:filesize-168702\/bG9jYWw6Ly8vd3d3LmFua2Fyc3J1bS5jb20vd3AtY29udGVudC91cGxvYWRzL3NpdGVzLzU3LzIwMjQvMDkvZ28tZ3JlZW4uanBn.webp","width":2000,"height":2000},{"@type":"BreadcrumbList","@id":"https:\/\/www.ankarsrum.com\/fi\/product\/vihreampia-valintoja-go-green\/#breadcrumb","itemListElement":[{"@type":"ListItem","position":1,"name":"Home","item":"https:\/\/www.ankarsrum.com\/fi\/"},{"@type":"ListItem","position":2,"name":"Produce name","item":"https:\/\/www.ankarsrum.com\/fi\/shop\/"},{"@type":"ListItem","position":3,"name":"VIHRE\u00c4MPI\u00c4 VALINTOJA \u2013 GO GREEN"}]},{"@type":"WebSite","@id":"https:\/\/www.ankarsrum.com\/fi\/#website","url":"https:\/\/www.ankarsrum.com\/fi\/","name":"Ankarsrum Finland","description":"The bread of the world","potentialAction":[{"@type":"SearchAction","target":{"@type":"EntryPoint","urlTemplate":"https:\/\/www.ankarsrum.com\/fi\/?s={search_term_string}"},"query-input":{"@type":"PropertyValueSpecification","valueRequired":true,"valueName":"search_term_string"}}],"inLanguage":"fi"}]},"product_price_amount":"259.00","product_price_currency":"EUR","og_availability":"instock","product_availability":"instock","product_retailer_item_id":"920900070","product_condition":"new"},"_links":{"self":[{"href":"https:\/\/www.ankarsrum.com\/fi\/wp-json\/wp\/v2\/product\/15272","targetHints":{"allow":["GET"]}}],"collection":[{"href":"https:\/\/www.ankarsrum.com\/fi\/wp-json\/wp\/v2\/product"}],"about":[{"href":"https:\/\/www.ankarsrum.com\/fi\/wp-json\/wp\/v2\/types\/product"}],"replies":[{"embeddable":true,"href":"https:\/\/www.ankarsrum.com\/fi\/wp-json\/wp\/v2\/comments?post=15272"}],"wp:featuredmedia":[{"embeddable":true,"href":"https:\/\/www.ankarsrum.com\/fi\/wp-json\/wp\/v2\/media\/18012"}],"wp:attachment":[{"href":"https:\/\/www.ankarsrum.com\/fi\/wp-json\/wp\/v2\/media?parent=15272"}],"wp:term":[{"taxonomy":"product_brand","embeddable":true,"href":"https:\/\/www.ankarsrum.com\/fi\/wp-json\/wp\/v2\/product_brand?post=15272"},{"taxonomy":"product_cat","embeddable":true,"href":"https:\/\/www.ankarsrum.com\/fi\/wp-json\/wp\/v2\/product_cat?post=15272"},{"taxonomy":"product_tag","embeddable":true,"href":"https:\/\/www.ankarsrum.com\/fi\/wp-json\/wp\/v2\/product_tag?post=15272"},{"taxonomy":"product-tag","embeddable":true,"href":"https:\/\/www.ankarsrum.com\/fi\/wp-json\/wp\/v2\/product-tag?post=15272"},{"taxonomy":"machines","embeddable":true,"href":"https:\/\/www.ankarsrum.com\/fi\/wp-json\/wp\/v2\/machines?post=15272"},{"taxonomy":"filter","embeddable":true,"href":"https:\/\/www.ankarsrum.com\/fi\/wp-json\/wp\/v2\/filter?post=15272"}],"curies":[{"name":"wp","href":"https:\/\/api.w.org\/{rel}","templated":true}]}}