{"id":15284,"date":"2024-07-10T07:59:32","date_gmt":"2024-07-10T07:59:32","guid":{"rendered":"https:\/\/www.ankarsrum.com\/fi\/product\/assistent-original-jubilee-silver-js\/"},"modified":"2026-04-05T02:26:52","modified_gmt":"2026-04-05T02:26:52","slug":"assistent-original-jubilee-silver-js","status":"publish","type":"product","link":"https:\/\/www.ankarsrum.com\/fi\/product\/assistent-original-jubilee-silver-js\/","title":{"rendered":"Ankarsrum Assistent Original &#8211; Jubliee Silver"},"content":{"rendered":"<p>Assistent Original\u00ae AKM6230 -peruspakkaukseen sis\u00e4ltyy Ankarsrum Assistent Original -laite, 7 litran ter\u00e4skulho, taikinarulla, taikinaveitsi, taikinakoukku, taikinakaavin ja kohotuskansi. Pakkaukseen kuuluu my\u00f6s 3,5 litran vispauskulho sek\u00e4 pallovispil\u00e4t (marenkien, kakkujen ja muiden leivonnaisten tekemiseen) ja taikinavispil\u00e4t (keksien ja piirakkataikinoiden tekemiseen). Lis\u00e4ksi yleiskoneen mukana toimitetaan Ankarsrumin oma reseptikirja.<\/p>\n<p>Ankarsrum Assistent Original on moneen k\u00e4ytt\u00f6\u00f6n taipuva yleiskone. Lis\u00e4varusteiden avulla teet itse j\u00e4\u00e4tel\u00f6\u00e4, smoothieita, pastaa, hampurilaisia, tuorepuristettua mehua ja paljon muuta \u2013 aina helposti ja hauskasti!<\/p>","protected":false},"excerpt":{"rendered":"<p>Ankarsrum Assistent Original -laitteet on valmistettu ja koottu k\u00e4sin Ruotsissa vuodesta 1940 alkaenAnkarsrum Assistent Original -laitteet on valmistettu ja koottu k\u00e4sin Ruotsissa vuodesta 1940 alkaen. Jokainen Assistent testataan erikseen, ennen kuin se l\u00e4htee tehtaalta.<\/p>\n<p>Assistent Original\u00ae AKM6230 -peruspakkaukseen sis\u00e4ltyy Ankarsrum Assistent Original -laite, 7 litran ter\u00e4skulho, taikinarulla, taikinaveitsi, taikinakoukku, taikinakaavin ja kohotuskansi. Pakkaukseen kuuluu my\u00f6s 3,5 litran vispauskulho sek\u00e4 pallovispil\u00e4t (marenkien, kakkujen ja muiden leivonnaisten tekemiseen) ja taikinavispil\u00e4t (keksien ja piirakkataikinoiden tekemiseen). Lis\u00e4ksi yleiskoneen mukana toimitetaan Ankarsrumin oma reseptikirja.<\/p>\n<p>Ankarsrum Assistent Original on moneen k\u00e4ytt\u00f6\u00f6n taipuva yleiskone. Lis\u00e4varusteiden avulla teet itse j\u00e4\u00e4tel\u00f6\u00e4, smoothieita, pastaa, hampurilaisia, tuorepuristettua mehua ja paljon muuta \u2013 aina helposti ja hauskasti!<\/p>\n","protected":false},"featured_media":17724,"comment_status":"open","ping_status":"closed","template":"","meta":{"_acf_changed":false,"content-type":"","editor_notices":[]},"product_brand":[],"product_cat":[447],"product_tag":[],"product-tag":[],"machines":[],"filter":[],"class_list":{"0":"post-15284","1":"product","2":"type-product","3":"status-publish","4":"has-post-thumbnail","6":"product_cat-keittiokone","8":"first","9":"instock","10":"taxable","11":"shipping-taxable","12":"purchasable","13":"product-type-simple"},"bundled_by":[],"bundle_stock_status":"instock","bundle_stock_quantity":null,"bundle_virtual":false,"bundle_layout":"","bundle_add_to_cart_form_location":"","bundle_editable_in_cart":false,"bundle_sold_individually_context":"","bundle_item_grouping":"","bundle_min_size":"","bundle_max_size":"","bundle_price":[],"bundled_items":[],"bundle_sell_ids":[],"acf":[],"yoast_head":"<!-- This site is optimized with the Yoast SEO Premium plugin v26.6 (Yoast SEO v26.6) - https:\/\/yoast.com\/wordpress\/plugins\/seo\/ -->\n<title>Ankarsrum Assistent Original - Jubliee Silver - Ankarsrum Finland<\/title>\n<meta name=\"robots\" content=\"index, follow, max-snippet:-1, max-image-preview:large, max-video-preview:-1\" \/>\n<link rel=\"canonical\" href=\"https:\/\/www.ankarsrum.com\/fi\/product\/assistent-original-jubilee-silver-js\/\" \/>\n<meta property=\"og:locale\" content=\"fi_FI\" \/>\n<meta property=\"og:type\" content=\"article\" \/>\n<meta property=\"og:title\" content=\"Ankarsrum Assistent Original - Jubliee Silver\" \/>\n<meta property=\"og:description\" content=\"Ankarsrum Assistent Original -laitteet on valmistettu ja koottu k\u00e4sin Ruotsissa vuodesta 1940 alkaenAnkarsrum Assistent Original -laitteet on valmistettu ja koottu k\u00e4sin Ruotsissa vuodesta 1940 alkaen. Jokainen Assistent testataan erikseen, ennen kuin se l\u00e4htee tehtaalta. Assistent Original\u00ae AKM6230 -peruspakkaukseen sis\u00e4ltyy Ankarsrum Assistent Original -laite, 7 litran ter\u00e4skulho, taikinarulla, taikinaveitsi, taikinakoukku, taikinakaavin ja kohotuskansi. Pakkaukseen kuuluu my\u00f6s 3,5 litran vispauskulho sek\u00e4 pallovispil\u00e4t (marenkien, kakkujen ja muiden leivonnaisten tekemiseen) ja taikinavispil\u00e4t (keksien ja piirakkataikinoiden tekemiseen). Lis\u00e4ksi yleiskoneen mukana toimitetaan Ankarsrumin oma reseptikirja. Ankarsrum Assistent Original on moneen k\u00e4ytt\u00f6\u00f6n taipuva yleiskone. Lis\u00e4varusteiden avulla teet itse j\u00e4\u00e4tel\u00f6\u00e4, smoothieita, pastaa, hampurilaisia, tuorepuristettua mehua ja paljon muuta \u2013 aina helposti ja hauskasti!\" \/>\n<meta property=\"og:url\" content=\"https:\/\/www.ankarsrum.com\/fi\/product\/assistent-original-jubilee-silver-js\/\" \/>\n<meta property=\"og:site_name\" content=\"Ankarsrum Finland\" \/>\n<meta property=\"article:modified_time\" content=\"2026-04-05T02:26:52+00:00\" \/>\n<meta property=\"og:image\" content=\"https:\/\/www.ankarsrum.com\/fi\/wp-content\/uploads\/sites\/57\/2024\/09\/ankarsrum-assistent-original-jubilee-silver-hero.jpg\" \/>\n\t<meta property=\"og:image:width\" content=\"1200\" \/>\n\t<meta property=\"og:image:height\" content=\"630\" \/>\n\t<meta property=\"og:image:type\" content=\"image\/jpeg\" \/>\n<meta name=\"twitter:card\" content=\"summary_large_image\" \/>\n<meta name=\"twitter:label1\" content=\"Price\" \/>\n\t<meta name=\"twitter:data1\" content=\"749,00&nbsp;&euro;\" \/>\n\t<meta name=\"twitter:label2\" content=\"Availability\" \/>\n\t<meta name=\"twitter:data2\" content=\"In stock\" \/>\n<script type=\"application\/ld+json\" class=\"yoast-schema-graph\">{\"@context\":\"https:\/\/schema.org\",\"@graph\":[{\"@type\":\"WebPage\",\"@id\":\"https:\/\/www.ankarsrum.com\/fi\/product\/assistent-original-jubilee-silver-js\/\",\"url\":\"https:\/\/www.ankarsrum.com\/fi\/product\/assistent-original-jubilee-silver-js\/\",\"name\":\"Ankarsrum Assistent Original - Jubliee Silver - Ankarsrum Finland\",\"isPartOf\":{\"@id\":\"https:\/\/www.ankarsrum.com\/fi\/#website\"},\"primaryImageOfPage\":{\"@id\":\"https:\/\/www.ankarsrum.com\/fi\/product\/assistent-original-jubilee-silver-js\/#primaryimage\"},\"image\":{\"@id\":\"https:\/\/www.ankarsrum.com\/fi\/product\/assistent-original-jubilee-silver-js\/#primaryimage\"},\"thumbnailUrl\":\"https:\/\/www.ankarsrum.com\/img-srv\/rPcp3hBA8PUlKfthlhrf5njShwfYCxjYYdXUNqW26bg\/resizing_type:auto\/width:0\/height:0\/gravity:sm\/enlarge:1\/ext:webp\/strip_metadata:1\/quality:90\/cachebuster:filesize-226885\/bG9jYWw6Ly8vd3d3LmFua2Fyc3J1bS5jb20vd3AtY29udGVudC91cGxvYWRzL3NpdGVzLzU3LzIwMjQvMDkvYW5rYXJzcnVtLWFzc2lzdGVudC1vcmlnaW5hbC1qdWJpbGVlLXNpbHZlci1oZXJvLmpwZw.webp\",\"datePublished\":\"2024-07-10T07:59:32+00:00\",\"dateModified\":\"2026-04-05T02:26:52+00:00\",\"breadcrumb\":{\"@id\":\"https:\/\/www.ankarsrum.com\/fi\/product\/assistent-original-jubilee-silver-js\/#breadcrumb\"},\"inLanguage\":\"fi\",\"potentialAction\":[{\"@type\":\"ReadAction\",\"target\":[\"https:\/\/www.ankarsrum.com\/fi\/product\/assistent-original-jubilee-silver-js\/\"]}]},{\"@type\":\"ImageObject\",\"inLanguage\":\"fi\",\"@id\":\"https:\/\/www.ankarsrum.com\/fi\/product\/assistent-original-jubilee-silver-js\/#primaryimage\",\"url\":\"https:\/\/www.ankarsrum.com\/img-srv\/rPcp3hBA8PUlKfthlhrf5njShwfYCxjYYdXUNqW26bg\/resizing_type:auto\/width:0\/height:0\/gravity:sm\/enlarge:1\/ext:webp\/strip_metadata:1\/quality:90\/cachebuster:filesize-226885\/bG9jYWw6Ly8vd3d3LmFua2Fyc3J1bS5jb20vd3AtY29udGVudC91cGxvYWRzL3NpdGVzLzU3LzIwMjQvMDkvYW5rYXJzcnVtLWFzc2lzdGVudC1vcmlnaW5hbC1qdWJpbGVlLXNpbHZlci1oZXJvLmpwZw.webp\",\"contentUrl\":\"https:\/\/www.ankarsrum.com\/img-srv\/rPcp3hBA8PUlKfthlhrf5njShwfYCxjYYdXUNqW26bg\/resizing_type:auto\/width:0\/height:0\/gravity:sm\/enlarge:1\/ext:webp\/strip_metadata:1\/quality:90\/cachebuster:filesize-226885\/bG9jYWw6Ly8vd3d3LmFua2Fyc3J1bS5jb20vd3AtY29udGVudC91cGxvYWRzL3NpdGVzLzU3LzIwMjQvMDkvYW5rYXJzcnVtLWFzc2lzdGVudC1vcmlnaW5hbC1qdWJpbGVlLXNpbHZlci1oZXJvLmpwZw.webp\",\"width\":2000,\"height\":2000},{\"@type\":\"BreadcrumbList\",\"@id\":\"https:\/\/www.ankarsrum.com\/fi\/product\/assistent-original-jubilee-silver-js\/#breadcrumb\",\"itemListElement\":[{\"@type\":\"ListItem\",\"position\":1,\"name\":\"Home\",\"item\":\"https:\/\/www.ankarsrum.com\/fi\/\"},{\"@type\":\"ListItem\",\"position\":2,\"name\":\"Produce name\",\"item\":\"https:\/\/www.ankarsrum.com\/fi\/shop\/\"},{\"@type\":\"ListItem\",\"position\":3,\"name\":\"Ankarsrum Assistent Original &#8211; Jubliee Silver\"}]},{\"@type\":\"WebSite\",\"@id\":\"https:\/\/www.ankarsrum.com\/fi\/#website\",\"url\":\"https:\/\/www.ankarsrum.com\/fi\/\",\"name\":\"Ankarsrum Finland\",\"description\":\"The bread of the world\",\"potentialAction\":[{\"@type\":\"SearchAction\",\"target\":{\"@type\":\"EntryPoint\",\"urlTemplate\":\"https:\/\/www.ankarsrum.com\/fi\/?s={search_term_string}\"},\"query-input\":{\"@type\":\"PropertyValueSpecification\",\"valueRequired\":true,\"valueName\":\"search_term_string\"}}],\"inLanguage\":\"fi\"}]}<\/script>\n<meta property=\"product:price:amount\" content=\"749.00\" \/>\n<meta property=\"product:price:currency\" content=\"EUR\" \/>\n<meta property=\"og:availability\" content=\"instock\" \/>\n<meta property=\"product:availability\" content=\"instock\" \/>\n<meta property=\"product:retailer_item_id\" content=\"2301214\" \/>\n<meta property=\"product:condition\" content=\"new\" \/>\n<!-- \/ Yoast SEO Premium plugin. -->","yoast_head_json":{"title":"Ankarsrum Assistent Original - Jubliee Silver - Ankarsrum Finland","robots":{"index":"index","follow":"follow","max-snippet":"max-snippet:-1","max-image-preview":"max-image-preview:large","max-video-preview":"max-video-preview:-1"},"canonical":"https:\/\/www.ankarsrum.com\/fi\/product\/assistent-original-jubilee-silver-js\/","og_locale":"fi_FI","og_type":"article","og_title":"Ankarsrum Assistent Original - Jubliee Silver","og_description":"Ankarsrum Assistent Original -laitteet on valmistettu ja koottu k\u00e4sin Ruotsissa vuodesta 1940 alkaenAnkarsrum Assistent Original -laitteet on valmistettu ja koottu k\u00e4sin Ruotsissa vuodesta 1940 alkaen. Jokainen Assistent testataan erikseen, ennen kuin se l\u00e4htee tehtaalta. Assistent Original\u00ae AKM6230 -peruspakkaukseen sis\u00e4ltyy Ankarsrum Assistent Original -laite, 7 litran ter\u00e4skulho, taikinarulla, taikinaveitsi, taikinakoukku, taikinakaavin ja kohotuskansi. Pakkaukseen kuuluu my\u00f6s 3,5 litran vispauskulho sek\u00e4 pallovispil\u00e4t (marenkien, kakkujen ja muiden leivonnaisten tekemiseen) ja taikinavispil\u00e4t (keksien ja piirakkataikinoiden tekemiseen). Lis\u00e4ksi yleiskoneen mukana toimitetaan Ankarsrumin oma reseptikirja. Ankarsrum Assistent Original on moneen k\u00e4ytt\u00f6\u00f6n taipuva yleiskone. Lis\u00e4varusteiden avulla teet itse j\u00e4\u00e4tel\u00f6\u00e4, smoothieita, pastaa, hampurilaisia, tuorepuristettua mehua ja paljon muuta \u2013 aina helposti ja hauskasti!","og_url":"https:\/\/www.ankarsrum.com\/fi\/product\/assistent-original-jubilee-silver-js\/","og_site_name":"Ankarsrum Finland","article_modified_time":"2026-04-05T02:26:52+00:00","og_image":[{"width":1200,"height":630,"url":"https:\/\/www.ankarsrum.com\/fi\/wp-content\/uploads\/sites\/57\/2024\/09\/ankarsrum-assistent-original-jubilee-silver-hero.jpg","type":"image\/jpeg"}],"twitter_card":"summary_large_image","twitter_misc":{"Price":"749,00&nbsp;&euro;","Availability":"In stock"},"schema":{"@context":"https:\/\/schema.org","@graph":[{"@type":"WebPage","@id":"https:\/\/www.ankarsrum.com\/fi\/product\/assistent-original-jubilee-silver-js\/","url":"https:\/\/www.ankarsrum.com\/fi\/product\/assistent-original-jubilee-silver-js\/","name":"Ankarsrum Assistent Original - Jubliee Silver - Ankarsrum Finland","isPartOf":{"@id":"https:\/\/www.ankarsrum.com\/fi\/#website"},"primaryImageOfPage":{"@id":"https:\/\/www.ankarsrum.com\/fi\/product\/assistent-original-jubilee-silver-js\/#primaryimage"},"image":{"@id":"https:\/\/www.ankarsrum.com\/fi\/product\/assistent-original-jubilee-silver-js\/#primaryimage"},"thumbnailUrl":"https:\/\/www.ankarsrum.com\/img-srv\/rPcp3hBA8PUlKfthlhrf5njShwfYCxjYYdXUNqW26bg\/resizing_type:auto\/width:0\/height:0\/gravity:sm\/enlarge:1\/ext:webp\/strip_metadata:1\/quality:90\/cachebuster:filesize-226885\/bG9jYWw6Ly8vd3d3LmFua2Fyc3J1bS5jb20vd3AtY29udGVudC91cGxvYWRzL3NpdGVzLzU3LzIwMjQvMDkvYW5rYXJzcnVtLWFzc2lzdGVudC1vcmlnaW5hbC1qdWJpbGVlLXNpbHZlci1oZXJvLmpwZw.webp","datePublished":"2024-07-10T07:59:32+00:00","dateModified":"2026-04-05T02:26:52+00:00","breadcrumb":{"@id":"https:\/\/www.ankarsrum.com\/fi\/product\/assistent-original-jubilee-silver-js\/#breadcrumb"},"inLanguage":"fi","potentialAction":[{"@type":"ReadAction","target":["https:\/\/www.ankarsrum.com\/fi\/product\/assistent-original-jubilee-silver-js\/"]}]},{"@type":"ImageObject","inLanguage":"fi","@id":"https:\/\/www.ankarsrum.com\/fi\/product\/assistent-original-jubilee-silver-js\/#primaryimage","url":"https:\/\/www.ankarsrum.com\/img-srv\/rPcp3hBA8PUlKfthlhrf5njShwfYCxjYYdXUNqW26bg\/resizing_type:auto\/width:0\/height:0\/gravity:sm\/enlarge:1\/ext:webp\/strip_metadata:1\/quality:90\/cachebuster:filesize-226885\/bG9jYWw6Ly8vd3d3LmFua2Fyc3J1bS5jb20vd3AtY29udGVudC91cGxvYWRzL3NpdGVzLzU3LzIwMjQvMDkvYW5rYXJzcnVtLWFzc2lzdGVudC1vcmlnaW5hbC1qdWJpbGVlLXNpbHZlci1oZXJvLmpwZw.webp","contentUrl":"https:\/\/www.ankarsrum.com\/img-srv\/rPcp3hBA8PUlKfthlhrf5njShwfYCxjYYdXUNqW26bg\/resizing_type:auto\/width:0\/height:0\/gravity:sm\/enlarge:1\/ext:webp\/strip_metadata:1\/quality:90\/cachebuster:filesize-226885\/bG9jYWw6Ly8vd3d3LmFua2Fyc3J1bS5jb20vd3AtY29udGVudC91cGxvYWRzL3NpdGVzLzU3LzIwMjQvMDkvYW5rYXJzcnVtLWFzc2lzdGVudC1vcmlnaW5hbC1qdWJpbGVlLXNpbHZlci1oZXJvLmpwZw.webp","width":2000,"height":2000},{"@type":"BreadcrumbList","@id":"https:\/\/www.ankarsrum.com\/fi\/product\/assistent-original-jubilee-silver-js\/#breadcrumb","itemListElement":[{"@type":"ListItem","position":1,"name":"Home","item":"https:\/\/www.ankarsrum.com\/fi\/"},{"@type":"ListItem","position":2,"name":"Produce name","item":"https:\/\/www.ankarsrum.com\/fi\/shop\/"},{"@type":"ListItem","position":3,"name":"Ankarsrum Assistent Original &#8211; Jubliee Silver"}]},{"@type":"WebSite","@id":"https:\/\/www.ankarsrum.com\/fi\/#website","url":"https:\/\/www.ankarsrum.com\/fi\/","name":"Ankarsrum Finland","description":"The bread of the world","potentialAction":[{"@type":"SearchAction","target":{"@type":"EntryPoint","urlTemplate":"https:\/\/www.ankarsrum.com\/fi\/?s={search_term_string}"},"query-input":{"@type":"PropertyValueSpecification","valueRequired":true,"valueName":"search_term_string"}}],"inLanguage":"fi"}]},"product_price_amount":"749.00","product_price_currency":"EUR","og_availability":"instock","product_availability":"instock","product_retailer_item_id":"2301214","product_condition":"new"},"_links":{"self":[{"href":"https:\/\/www.ankarsrum.com\/fi\/wp-json\/wp\/v2\/product\/15284","targetHints":{"allow":["GET"]}}],"collection":[{"href":"https:\/\/www.ankarsrum.com\/fi\/wp-json\/wp\/v2\/product"}],"about":[{"href":"https:\/\/www.ankarsrum.com\/fi\/wp-json\/wp\/v2\/types\/product"}],"replies":[{"embeddable":true,"href":"https:\/\/www.ankarsrum.com\/fi\/wp-json\/wp\/v2\/comments?post=15284"}],"wp:featuredmedia":[{"embeddable":true,"href":"https:\/\/www.ankarsrum.com\/fi\/wp-json\/wp\/v2\/media\/17724"}],"wp:attachment":[{"href":"https:\/\/www.ankarsrum.com\/fi\/wp-json\/wp\/v2\/media?parent=15284"}],"wp:term":[{"taxonomy":"product_brand","embeddable":true,"href":"https:\/\/www.ankarsrum.com\/fi\/wp-json\/wp\/v2\/product_brand?post=15284"},{"taxonomy":"product_cat","embeddable":true,"href":"https:\/\/www.ankarsrum.com\/fi\/wp-json\/wp\/v2\/product_cat?post=15284"},{"taxonomy":"product_tag","embeddable":true,"href":"https:\/\/www.ankarsrum.com\/fi\/wp-json\/wp\/v2\/product_tag?post=15284"},{"taxonomy":"product-tag","embeddable":true,"href":"https:\/\/www.ankarsrum.com\/fi\/wp-json\/wp\/v2\/product-tag?post=15284"},{"taxonomy":"machines","embeddable":true,"href":"https:\/\/www.ankarsrum.com\/fi\/wp-json\/wp\/v2\/machines?post=15284"},{"taxonomy":"filter","embeddable":true,"href":"https:\/\/www.ankarsrum.com\/fi\/wp-json\/wp\/v2\/filter?post=15284"}],"curies":[{"name":"wp","href":"https:\/\/api.w.org\/{rel}","templated":true}]}}