{"id":16314,"date":"2024-07-16T09:08:59","date_gmt":"2024-07-16T09:08:59","guid":{"rendered":"https:\/\/www.ankarsrum.com\/fi\/product\/jaatelokone-2\/"},"modified":"2026-05-12T05:32:38","modified_gmt":"2026-05-12T05:32:38","slug":"jaatelokone-2","status":"publish","type":"product","link":"https:\/\/www.ankarsrum.com\/fi\/product\/jaatelokone-2\/","title":{"rendered":"J\u00e4\u00e4tel\u00f6kone"},"content":{"rendered":"<p class=\"MsoNormal\"><span>Ankarsrum-j\u00e4\u00e4tel\u00f6koneella j\u00e4tskin tekeminen sujuu helposti \u2013 hauskaa yhteist\u00e4 puuhaa koko perheelle!<span style=\"mso-spacerun: yes;\">\u00a0\u00a0 <\/span>Teetp\u00e4 sitten perinteist\u00e4 vaniljaj\u00e4\u00e4tel\u00f6\u00e4, virkist\u00e4v\u00e4\u00e4 sorbettia tai maukasta frozen yogurtia, saat t\u00e4ydellisen lopputuloksen joka kerta. J\u00e4\u00e4tel\u00f6kone on valmistettu Italiassa korkeimpien laatustandardien mukaan. Nyt p\u00e4\u00e4set tekem\u00e4\u00e4n j\u00e4\u00e4tel\u00f6\u00e4 ammattilaisen tavoin omassa kotikeitti\u00f6ss\u00e4si!<\/span><\/p>\n<p class=\"MsoNormal\"><span>Pakastuskulhoon mahtuu jopa 700\u00a0g aineksia, ja valmista j\u00e4\u00e4tel\u00f6\u00e4 saat t\u00e4ll\u00f6in 1,5\u00a0litraa. Laita kulho pakastimeen 20\u201324\u00a0tunniksi ennen k\u00e4ytt\u00f6\u00e4, ja p\u00e4\u00e4st\u00e4 sitten luovuutesi valloilleen! Mit\u00e4 makua kokeilisit ensimm\u00e4iseksi. sitruuna, mansikka, orvokki vai pistaasi? Ankarsrum-j\u00e4\u00e4tel\u00f6koneen kanssa vain mielikuvituksesi on rajana.<\/span><\/p>\n<p class=\"MsoNormal\"><span>Pakkauksessa on mukana kaikki, mit\u00e4 tarvitset \u2013 ja voit halutessasi tarjota valmiin j\u00e4\u00e4tel\u00f6n suoraan pakastuskulhosta.<span style=\"mso-spacerun: yes;\">\u00a0 <\/span><\/span><\/p>\n<p class=\"MsoNormal\"><strong><span>J\u00e4\u00e4tel\u00f6kone on yhteensopiva seuraavien Ankarsrum Assistent Original -mallien kanssa \u2013 Tyyppi: N1\u2013N30 | Tyyppi: N30 \/ Malli: AKM6230<\/span><\/strong><\/p>\n<p class=\"MsoNormal\"><strong><span><br \/><\/span><\/strong><span>Mit\u00e4 pakkaukseen sis\u00e4ltyy?<\/span><\/p>\n<ul>\n<li class=\"MsoNormal\"><span>Ulompi kulho<\/span><\/li>\n<li class=\"MsoNormal\"><span>Pohjalevy<\/span><\/li>\n<li class=\"MsoNormal\"><span>Pakastuskulho (mitat: halkaisija 205 mm, korkeus 135 mm)<\/span><\/li>\n<li class=\"MsoNormal\"><span>Pakastuskulhon kansi<\/span><\/li>\n<li class=\"MsoNormal\"><span>Kaavin<\/span><\/li>\n<li class=\"MsoNormal\"><span>Sekoituslapa<\/span><\/li>\n<\/ul>","protected":false},"excerpt":{"rendered":"<p><span>Ankarsrum-j\u00e4\u00e4tel\u00f6koneella teet raikasta j\u00e4\u00e4tel\u00f6\u00e4 omassa kotikeitti\u00f6ss\u00e4si. Maistuisiko klassinen vanilja vai pirte\u00e4 hedelm\u00e4sorbetti? Ota koko perhe mukaan j\u00e4\u00e4tel\u00f6n tekoon \u2013 herkullista ja hauskaa!<\/span><\/p>\n","protected":false},"featured_media":18021,"comment_status":"open","ping_status":"closed","template":"","meta":{"_acf_changed":false,"content-type":"","editor_notices":[]},"product_brand":[],"product_cat":[455],"product_tag":[],"product-tag":[],"machines":[],"filter":[],"class_list":{"0":"post-16314","1":"product","2":"type-product","3":"status-publish","4":"has-post-thumbnail","6":"product_cat-lisavarusteet","8":"first","9":"instock","10":"taxable","11":"shipping-taxable","12":"purchasable","13":"product-type-simple"},"bundled_by":[],"bundle_stock_status":"instock","bundle_stock_quantity":null,"bundle_virtual":false,"bundle_layout":"","bundle_add_to_cart_form_location":"","bundle_editable_in_cart":false,"bundle_sold_individually_context":"","bundle_item_grouping":"","bundle_min_size":"","bundle_max_size":"","bundle_price":[],"bundled_items":[],"bundle_sell_ids":[],"acf":[],"yoast_head":"<!-- This site is optimized with the Yoast SEO Premium plugin v26.6 (Yoast SEO v26.6) - https:\/\/yoast.com\/wordpress\/plugins\/seo\/ -->\n<title>J\u00e4\u00e4tel\u00f6kone - Ankarsrum Finland<\/title>\n<meta name=\"robots\" content=\"index, follow, max-snippet:-1, max-image-preview:large, max-video-preview:-1\" \/>\n<link rel=\"canonical\" href=\"https:\/\/www.ankarsrum.com\/fi\/product\/jaatelokone-2\/\" \/>\n<meta property=\"og:locale\" content=\"fi_FI\" \/>\n<meta property=\"og:type\" content=\"article\" \/>\n<meta property=\"og:title\" content=\"J\u00e4\u00e4tel\u00f6kone\" \/>\n<meta property=\"og:description\" content=\"Ankarsrum-j\u00e4\u00e4tel\u00f6koneella teet raikasta j\u00e4\u00e4tel\u00f6\u00e4 omassa kotikeitti\u00f6ss\u00e4si. Maistuisiko klassinen vanilja vai pirte\u00e4 hedelm\u00e4sorbetti? Ota koko perhe mukaan j\u00e4\u00e4tel\u00f6n tekoon \u2013 herkullista ja hauskaa!\" \/>\n<meta property=\"og:url\" content=\"https:\/\/www.ankarsrum.com\/fi\/product\/jaatelokone-2\/\" \/>\n<meta property=\"og:site_name\" content=\"Ankarsrum Finland\" \/>\n<meta property=\"article:modified_time\" content=\"2026-05-12T05:32:38+00:00\" \/>\n<meta property=\"og:image\" content=\"https:\/\/www.ankarsrum.com\/fi\/wp-content\/uploads\/sites\/57\/2024\/09\/icecreammaker-med-spatel.jpg\" \/>\n\t<meta property=\"og:image:width\" content=\"1200\" \/>\n\t<meta property=\"og:image:height\" content=\"630\" \/>\n\t<meta property=\"og:image:type\" content=\"image\/jpeg\" \/>\n<meta name=\"twitter:card\" content=\"summary_large_image\" \/>\n<meta name=\"twitter:label1\" content=\"Price\" \/>\n\t<meta name=\"twitter:data1\" content=\"129,00&nbsp;&euro;\" \/>\n\t<meta name=\"twitter:label2\" content=\"Availability\" \/>\n\t<meta name=\"twitter:data2\" content=\"In stock\" \/>\n<script type=\"application\/ld+json\" class=\"yoast-schema-graph\">{\"@context\":\"https:\/\/schema.org\",\"@graph\":[{\"@type\":\"WebPage\",\"@id\":\"https:\/\/www.ankarsrum.com\/fi\/product\/jaatelokone-2\/\",\"url\":\"https:\/\/www.ankarsrum.com\/fi\/product\/jaatelokone-2\/\",\"name\":\"J\u00e4\u00e4tel\u00f6kone - Ankarsrum Finland\",\"isPartOf\":{\"@id\":\"https:\/\/www.ankarsrum.com\/fi\/#website\"},\"primaryImageOfPage\":{\"@id\":\"https:\/\/www.ankarsrum.com\/fi\/product\/jaatelokone-2\/#primaryimage\"},\"image\":{\"@id\":\"https:\/\/www.ankarsrum.com\/fi\/product\/jaatelokone-2\/#primaryimage\"},\"thumbnailUrl\":\"https:\/\/www.ankarsrum.com\/img-srv\/FxA5vaaG7meGFN8bWOqOfkWm1JSTlNKM4oCVJerY7jg\/resizing_type:auto\/width:0\/height:0\/gravity:sm\/enlarge:1\/ext:webp\/strip_metadata:1\/quality:90\/cachebuster:filesize-135773\/bG9jYWw6Ly8vd3d3LmFua2Fyc3J1bS5jb20vd3AtY29udGVudC91cGxvYWRzL3NpdGVzLzU3LzIwMjQvMDkvaWNlY3JlYW1tYWtlci1tZWQtc3BhdGVsLmpwZw.webp\",\"datePublished\":\"2024-07-16T09:08:59+00:00\",\"dateModified\":\"2026-05-12T05:32:38+00:00\",\"breadcrumb\":{\"@id\":\"https:\/\/www.ankarsrum.com\/fi\/product\/jaatelokone-2\/#breadcrumb\"},\"inLanguage\":\"fi\",\"potentialAction\":[{\"@type\":\"ReadAction\",\"target\":[\"https:\/\/www.ankarsrum.com\/fi\/product\/jaatelokone-2\/\"]}]},{\"@type\":\"ImageObject\",\"inLanguage\":\"fi\",\"@id\":\"https:\/\/www.ankarsrum.com\/fi\/product\/jaatelokone-2\/#primaryimage\",\"url\":\"https:\/\/www.ankarsrum.com\/img-srv\/FxA5vaaG7meGFN8bWOqOfkWm1JSTlNKM4oCVJerY7jg\/resizing_type:auto\/width:0\/height:0\/gravity:sm\/enlarge:1\/ext:webp\/strip_metadata:1\/quality:90\/cachebuster:filesize-135773\/bG9jYWw6Ly8vd3d3LmFua2Fyc3J1bS5jb20vd3AtY29udGVudC91cGxvYWRzL3NpdGVzLzU3LzIwMjQvMDkvaWNlY3JlYW1tYWtlci1tZWQtc3BhdGVsLmpwZw.webp\",\"contentUrl\":\"https:\/\/www.ankarsrum.com\/img-srv\/FxA5vaaG7meGFN8bWOqOfkWm1JSTlNKM4oCVJerY7jg\/resizing_type:auto\/width:0\/height:0\/gravity:sm\/enlarge:1\/ext:webp\/strip_metadata:1\/quality:90\/cachebuster:filesize-135773\/bG9jYWw6Ly8vd3d3LmFua2Fyc3J1bS5jb20vd3AtY29udGVudC91cGxvYWRzL3NpdGVzLzU3LzIwMjQvMDkvaWNlY3JlYW1tYWtlci1tZWQtc3BhdGVsLmpwZw.webp\",\"width\":2000,\"height\":2000},{\"@type\":\"BreadcrumbList\",\"@id\":\"https:\/\/www.ankarsrum.com\/fi\/product\/jaatelokone-2\/#breadcrumb\",\"itemListElement\":[{\"@type\":\"ListItem\",\"position\":1,\"name\":\"Home\",\"item\":\"https:\/\/www.ankarsrum.com\/fi\/\"},{\"@type\":\"ListItem\",\"position\":2,\"name\":\"Produce name\",\"item\":\"https:\/\/www.ankarsrum.com\/fi\/shop\/\"},{\"@type\":\"ListItem\",\"position\":3,\"name\":\"J\u00e4\u00e4tel\u00f6kone\"}]},{\"@type\":\"WebSite\",\"@id\":\"https:\/\/www.ankarsrum.com\/fi\/#website\",\"url\":\"https:\/\/www.ankarsrum.com\/fi\/\",\"name\":\"Ankarsrum Finland\",\"description\":\"The bread of the world\",\"potentialAction\":[{\"@type\":\"SearchAction\",\"target\":{\"@type\":\"EntryPoint\",\"urlTemplate\":\"https:\/\/www.ankarsrum.com\/fi\/?s={search_term_string}\"},\"query-input\":{\"@type\":\"PropertyValueSpecification\",\"valueRequired\":true,\"valueName\":\"search_term_string\"}}],\"inLanguage\":\"fi\"}]}<\/script>\n<meta property=\"product:price:amount\" content=\"129.00\" \/>\n<meta property=\"product:price:currency\" content=\"EUR\" \/>\n<meta property=\"og:availability\" content=\"instock\" \/>\n<meta property=\"product:availability\" content=\"instock\" \/>\n<meta property=\"product:retailer_item_id\" content=\"920900083\" \/>\n<meta property=\"product:condition\" content=\"new\" \/>\n<!-- \/ Yoast SEO Premium plugin. -->","yoast_head_json":{"title":"J\u00e4\u00e4tel\u00f6kone - Ankarsrum Finland","robots":{"index":"index","follow":"follow","max-snippet":"max-snippet:-1","max-image-preview":"max-image-preview:large","max-video-preview":"max-video-preview:-1"},"canonical":"https:\/\/www.ankarsrum.com\/fi\/product\/jaatelokone-2\/","og_locale":"fi_FI","og_type":"article","og_title":"J\u00e4\u00e4tel\u00f6kone","og_description":"Ankarsrum-j\u00e4\u00e4tel\u00f6koneella teet raikasta j\u00e4\u00e4tel\u00f6\u00e4 omassa kotikeitti\u00f6ss\u00e4si. Maistuisiko klassinen vanilja vai pirte\u00e4 hedelm\u00e4sorbetti? Ota koko perhe mukaan j\u00e4\u00e4tel\u00f6n tekoon \u2013 herkullista ja hauskaa!","og_url":"https:\/\/www.ankarsrum.com\/fi\/product\/jaatelokone-2\/","og_site_name":"Ankarsrum Finland","article_modified_time":"2026-05-12T05:32:38+00:00","og_image":[{"width":1200,"height":630,"url":"https:\/\/www.ankarsrum.com\/fi\/wp-content\/uploads\/sites\/57\/2024\/09\/icecreammaker-med-spatel.jpg","type":"image\/jpeg"}],"twitter_card":"summary_large_image","twitter_misc":{"Price":"129,00&nbsp;&euro;","Availability":"In stock"},"schema":{"@context":"https:\/\/schema.org","@graph":[{"@type":"WebPage","@id":"https:\/\/www.ankarsrum.com\/fi\/product\/jaatelokone-2\/","url":"https:\/\/www.ankarsrum.com\/fi\/product\/jaatelokone-2\/","name":"J\u00e4\u00e4tel\u00f6kone - Ankarsrum Finland","isPartOf":{"@id":"https:\/\/www.ankarsrum.com\/fi\/#website"},"primaryImageOfPage":{"@id":"https:\/\/www.ankarsrum.com\/fi\/product\/jaatelokone-2\/#primaryimage"},"image":{"@id":"https:\/\/www.ankarsrum.com\/fi\/product\/jaatelokone-2\/#primaryimage"},"thumbnailUrl":"https:\/\/www.ankarsrum.com\/img-srv\/FxA5vaaG7meGFN8bWOqOfkWm1JSTlNKM4oCVJerY7jg\/resizing_type:auto\/width:0\/height:0\/gravity:sm\/enlarge:1\/ext:webp\/strip_metadata:1\/quality:90\/cachebuster:filesize-135773\/bG9jYWw6Ly8vd3d3LmFua2Fyc3J1bS5jb20vd3AtY29udGVudC91cGxvYWRzL3NpdGVzLzU3LzIwMjQvMDkvaWNlY3JlYW1tYWtlci1tZWQtc3BhdGVsLmpwZw.webp","datePublished":"2024-07-16T09:08:59+00:00","dateModified":"2026-05-12T05:32:38+00:00","breadcrumb":{"@id":"https:\/\/www.ankarsrum.com\/fi\/product\/jaatelokone-2\/#breadcrumb"},"inLanguage":"fi","potentialAction":[{"@type":"ReadAction","target":["https:\/\/www.ankarsrum.com\/fi\/product\/jaatelokone-2\/"]}]},{"@type":"ImageObject","inLanguage":"fi","@id":"https:\/\/www.ankarsrum.com\/fi\/product\/jaatelokone-2\/#primaryimage","url":"https:\/\/www.ankarsrum.com\/img-srv\/FxA5vaaG7meGFN8bWOqOfkWm1JSTlNKM4oCVJerY7jg\/resizing_type:auto\/width:0\/height:0\/gravity:sm\/enlarge:1\/ext:webp\/strip_metadata:1\/quality:90\/cachebuster:filesize-135773\/bG9jYWw6Ly8vd3d3LmFua2Fyc3J1bS5jb20vd3AtY29udGVudC91cGxvYWRzL3NpdGVzLzU3LzIwMjQvMDkvaWNlY3JlYW1tYWtlci1tZWQtc3BhdGVsLmpwZw.webp","contentUrl":"https:\/\/www.ankarsrum.com\/img-srv\/FxA5vaaG7meGFN8bWOqOfkWm1JSTlNKM4oCVJerY7jg\/resizing_type:auto\/width:0\/height:0\/gravity:sm\/enlarge:1\/ext:webp\/strip_metadata:1\/quality:90\/cachebuster:filesize-135773\/bG9jYWw6Ly8vd3d3LmFua2Fyc3J1bS5jb20vd3AtY29udGVudC91cGxvYWRzL3NpdGVzLzU3LzIwMjQvMDkvaWNlY3JlYW1tYWtlci1tZWQtc3BhdGVsLmpwZw.webp","width":2000,"height":2000},{"@type":"BreadcrumbList","@id":"https:\/\/www.ankarsrum.com\/fi\/product\/jaatelokone-2\/#breadcrumb","itemListElement":[{"@type":"ListItem","position":1,"name":"Home","item":"https:\/\/www.ankarsrum.com\/fi\/"},{"@type":"ListItem","position":2,"name":"Produce name","item":"https:\/\/www.ankarsrum.com\/fi\/shop\/"},{"@type":"ListItem","position":3,"name":"J\u00e4\u00e4tel\u00f6kone"}]},{"@type":"WebSite","@id":"https:\/\/www.ankarsrum.com\/fi\/#website","url":"https:\/\/www.ankarsrum.com\/fi\/","name":"Ankarsrum Finland","description":"The bread of the world","potentialAction":[{"@type":"SearchAction","target":{"@type":"EntryPoint","urlTemplate":"https:\/\/www.ankarsrum.com\/fi\/?s={search_term_string}"},"query-input":{"@type":"PropertyValueSpecification","valueRequired":true,"valueName":"search_term_string"}}],"inLanguage":"fi"}]},"product_price_amount":"129.00","product_price_currency":"EUR","og_availability":"instock","product_availability":"instock","product_retailer_item_id":"920900083","product_condition":"new"},"_links":{"self":[{"href":"https:\/\/www.ankarsrum.com\/fi\/wp-json\/wp\/v2\/product\/16314","targetHints":{"allow":["GET"]}}],"collection":[{"href":"https:\/\/www.ankarsrum.com\/fi\/wp-json\/wp\/v2\/product"}],"about":[{"href":"https:\/\/www.ankarsrum.com\/fi\/wp-json\/wp\/v2\/types\/product"}],"replies":[{"embeddable":true,"href":"https:\/\/www.ankarsrum.com\/fi\/wp-json\/wp\/v2\/comments?post=16314"}],"wp:featuredmedia":[{"embeddable":true,"href":"https:\/\/www.ankarsrum.com\/fi\/wp-json\/wp\/v2\/media\/18021"}],"wp:attachment":[{"href":"https:\/\/www.ankarsrum.com\/fi\/wp-json\/wp\/v2\/media?parent=16314"}],"wp:term":[{"taxonomy":"product_brand","embeddable":true,"href":"https:\/\/www.ankarsrum.com\/fi\/wp-json\/wp\/v2\/product_brand?post=16314"},{"taxonomy":"product_cat","embeddable":true,"href":"https:\/\/www.ankarsrum.com\/fi\/wp-json\/wp\/v2\/product_cat?post=16314"},{"taxonomy":"product_tag","embeddable":true,"href":"https:\/\/www.ankarsrum.com\/fi\/wp-json\/wp\/v2\/product_tag?post=16314"},{"taxonomy":"product-tag","embeddable":true,"href":"https:\/\/www.ankarsrum.com\/fi\/wp-json\/wp\/v2\/product-tag?post=16314"},{"taxonomy":"machines","embeddable":true,"href":"https:\/\/www.ankarsrum.com\/fi\/wp-json\/wp\/v2\/machines?post=16314"},{"taxonomy":"filter","embeddable":true,"href":"https:\/\/www.ankarsrum.com\/fi\/wp-json\/wp\/v2\/filter?post=16314"}],"curies":[{"name":"wp","href":"https:\/\/api.w.org\/{rel}","templated":true}]}}