{"id":16316,"date":"2024-07-16T13:07:54","date_gmt":"2024-07-16T13:07:54","guid":{"rendered":"https:\/\/www.ankarsrum.com\/fi\/product\/none-4\/"},"modified":"2026-05-10T05:22:32","modified_gmt":"2026-05-10T05:22:32","slug":"vispauskulho-ruostumattomasta-teraksesta","status":"publish","type":"product","link":"https:\/\/www.ankarsrum.com\/fi\/product\/vispauskulho-ruostumattomasta-teraksesta\/","title":{"rendered":"Vispauskulho ruostumattomasta ter\u00e4ksest\u00e4"},"content":{"rendered":"<p class=\"MsoNormal\"><span>Hyv\u00e4 vispauskulho on t\u00e4rke\u00e4 apuv\u00e4line innokkaalle kotileipurille. Laadukkaasta ruostumattomasta ter\u00e4ksest\u00e4 valmistettu kulho on kest\u00e4v\u00e4 ja helppo puhdistaa. Se kest\u00e4\u00e4 korkeitakin l\u00e4mp\u00f6tiloja, joten siin\u00e4 voit valmistaa esimerkiksi italialaista marenkia. Klassisesti muotoiltu kulho on paitsi k\u00e4yt\u00e4nn\u00f6llinen keitti\u00f6v\u00e4line, my\u00f6s tyylik\u00e4s lis\u00e4 keitti\u00f6n sisustukseen. <br \/><br \/>Vispauskulhon tilavuus on 3,5\u00a0litraa. Kulhossa on mittamerkinn\u00e4t sis\u00e4laidassa, kahva reunassa ja kaatonokka. Pohjan silikonirengas takaa vakauden ty\u00f6tasolla, joten voit keskitty\u00e4 vaivattomaan leipomiseen. <br \/><br \/><strong>Ruostumattomasta ter\u00e4ksest\u00e4 valmistettu vispauskulho on yhteensopiva seuraavien Ankarsrum Assistent Original -mallien kanssa \u2013 Tyyppi: N1\u2013N28 | Tyyppi: N30 \/ Malli: AKM6230<\/strong><\/span><\/p>\n<p class=\"MsoNormal\"><span>Mit\u00e4 pakkaukseen sis\u00e4ltyy? <\/span><\/p>\n<ul>\n<li class=\"MsoNormal\"><span>Ruostumaton ter\u00e4skulho<\/span><\/li>\n<li class=\"MsoNormal\"><span>Silikonirengas<\/span><\/li>\n<\/ul>","protected":false},"excerpt":{"rendered":"<p><span>Vie leipominen uudelle tasolle \u2013 ota avuksesi ruostumattomasta ter\u00e4ksest\u00e4 valmistettu vispauskulho! Kulhossa valmistuvat niin italialainen marenki kuin v\u00e4rikk\u00e4\u00e4t macaronsitkin. Luja kulho kest\u00e4\u00e4 kuumuutta ja on helppo puhdistaa, ja ajaton muotoilu sopii monenlaisiin keitti\u00f6ihin.<\/span><span style=\"font-size: 12.0pt; line-height: 115%; font-family: &#039;Aptos&#039;,sans-serif; mso-ascii-theme-font: minor-latin; mso-fareast-font-family: Aptos; mso-fareast-theme-font: minor-latin; mso-hansi-theme-font: minor-latin; mso-bidi-font-family: &#039;Times New Roman&#039;; mso-bidi-theme-font: minor-bidi; mso-ansi-language: FI; mso-fareast-language: EN-US; mso-bidi-language: AR-SA;\"><br \/><\/span><\/p>\n","protected":false},"featured_media":17965,"comment_status":"open","ping_status":"closed","template":"","meta":{"_acf_changed":false,"content-type":"","editor_notices":[]},"product_brand":[],"product_cat":[455],"product_tag":[],"product-tag":[],"machines":[],"filter":[],"class_list":{"0":"post-16316","1":"product","2":"type-product","3":"status-publish","4":"has-post-thumbnail","6":"product_cat-lisavarusteet","8":"first","9":"instock","10":"taxable","11":"shipping-taxable","12":"purchasable","13":"product-type-simple"},"bundled_by":[],"bundle_stock_status":"instock","bundle_stock_quantity":null,"bundle_virtual":false,"bundle_layout":"","bundle_add_to_cart_form_location":"","bundle_editable_in_cart":false,"bundle_sold_individually_context":"","bundle_item_grouping":"","bundle_min_size":"","bundle_max_size":"","bundle_price":[],"bundled_items":[],"bundle_sell_ids":[],"acf":[],"yoast_head":"<!-- This site is optimized with the Yoast SEO Premium plugin v26.6 (Yoast SEO v26.6) - https:\/\/yoast.com\/wordpress\/plugins\/seo\/ -->\n<title>Vispauskulho ruostumattomasta ter\u00e4ksest\u00e4 - Ankarsrum Finland<\/title>\n<meta name=\"robots\" content=\"index, follow, max-snippet:-1, max-image-preview:large, max-video-preview:-1\" \/>\n<link rel=\"canonical\" href=\"https:\/\/www.ankarsrum.com\/fi\/product\/vispauskulho-ruostumattomasta-teraksesta\/\" \/>\n<meta property=\"og:locale\" content=\"fi_FI\" \/>\n<meta property=\"og:type\" content=\"article\" \/>\n<meta property=\"og:title\" content=\"Vispauskulho ruostumattomasta ter\u00e4ksest\u00e4\" \/>\n<meta property=\"og:description\" content=\"Vie leipominen uudelle tasolle \u2013 ota avuksesi ruostumattomasta ter\u00e4ksest\u00e4 valmistettu vispauskulho! Kulhossa valmistuvat niin italialainen marenki kuin v\u00e4rikk\u00e4\u00e4t macaronsitkin. Luja kulho kest\u00e4\u00e4 kuumuutta ja on helppo puhdistaa, ja ajaton muotoilu sopii monenlaisiin keitti\u00f6ihin.\" \/>\n<meta property=\"og:url\" content=\"https:\/\/www.ankarsrum.com\/fi\/product\/vispauskulho-ruostumattomasta-teraksesta\/\" \/>\n<meta property=\"og:site_name\" content=\"Ankarsrum Finland\" \/>\n<meta property=\"article:modified_time\" content=\"2026-05-10T05:22:32+00:00\" \/>\n<meta property=\"og:image\" content=\"https:\/\/www.ankarsrum.com\/fi\/wp-content\/uploads\/sites\/57\/2024\/09\/beater-bowl-in-stainless-steel.jpg\" \/>\n\t<meta property=\"og:image:width\" content=\"1200\" \/>\n\t<meta property=\"og:image:height\" content=\"630\" \/>\n\t<meta property=\"og:image:type\" content=\"image\/jpeg\" \/>\n<meta name=\"twitter:card\" content=\"summary_large_image\" \/>\n<meta name=\"twitter:label1\" content=\"Price\" \/>\n\t<meta name=\"twitter:data1\" content=\"119,00&nbsp;&euro;\" \/>\n\t<meta name=\"twitter:label2\" content=\"Availability\" \/>\n\t<meta name=\"twitter:data2\" content=\"In stock\" \/>\n<script type=\"application\/ld+json\" class=\"yoast-schema-graph\">{\"@context\":\"https:\/\/schema.org\",\"@graph\":[{\"@type\":\"WebPage\",\"@id\":\"https:\/\/www.ankarsrum.com\/fi\/product\/vispauskulho-ruostumattomasta-teraksesta\/\",\"url\":\"https:\/\/www.ankarsrum.com\/fi\/product\/vispauskulho-ruostumattomasta-teraksesta\/\",\"name\":\"Vispauskulho ruostumattomasta ter\u00e4ksest\u00e4 - Ankarsrum Finland\",\"isPartOf\":{\"@id\":\"https:\/\/www.ankarsrum.com\/fi\/#website\"},\"primaryImageOfPage\":{\"@id\":\"https:\/\/www.ankarsrum.com\/fi\/product\/vispauskulho-ruostumattomasta-teraksesta\/#primaryimage\"},\"image\":{\"@id\":\"https:\/\/www.ankarsrum.com\/fi\/product\/vispauskulho-ruostumattomasta-teraksesta\/#primaryimage\"},\"thumbnailUrl\":\"https:\/\/www.ankarsrum.com\/img-srv\/GoSKR537n3j4N2SoMSD2WnFT0QKGNEcHRAl931H-G2I\/resizing_type:auto\/width:0\/height:0\/gravity:sm\/enlarge:1\/ext:webp\/strip_metadata:1\/quality:90\/cachebuster:filesize-115069\/bG9jYWw6Ly8vd3d3LmFua2Fyc3J1bS5jb20vd3AtY29udGVudC91cGxvYWRzL3NpdGVzLzU3LzIwMjQvMDkvYmVhdGVyLWJvd2wtaW4tc3RhaW5sZXNzLXN0ZWVsLmpwZw.webp\",\"datePublished\":\"2024-07-16T13:07:54+00:00\",\"dateModified\":\"2026-05-10T05:22:32+00:00\",\"breadcrumb\":{\"@id\":\"https:\/\/www.ankarsrum.com\/fi\/product\/vispauskulho-ruostumattomasta-teraksesta\/#breadcrumb\"},\"inLanguage\":\"fi\",\"potentialAction\":[{\"@type\":\"ReadAction\",\"target\":[\"https:\/\/www.ankarsrum.com\/fi\/product\/vispauskulho-ruostumattomasta-teraksesta\/\"]}]},{\"@type\":\"ImageObject\",\"inLanguage\":\"fi\",\"@id\":\"https:\/\/www.ankarsrum.com\/fi\/product\/vispauskulho-ruostumattomasta-teraksesta\/#primaryimage\",\"url\":\"https:\/\/www.ankarsrum.com\/img-srv\/GoSKR537n3j4N2SoMSD2WnFT0QKGNEcHRAl931H-G2I\/resizing_type:auto\/width:0\/height:0\/gravity:sm\/enlarge:1\/ext:webp\/strip_metadata:1\/quality:90\/cachebuster:filesize-115069\/bG9jYWw6Ly8vd3d3LmFua2Fyc3J1bS5jb20vd3AtY29udGVudC91cGxvYWRzL3NpdGVzLzU3LzIwMjQvMDkvYmVhdGVyLWJvd2wtaW4tc3RhaW5sZXNzLXN0ZWVsLmpwZw.webp\",\"contentUrl\":\"https:\/\/www.ankarsrum.com\/img-srv\/GoSKR537n3j4N2SoMSD2WnFT0QKGNEcHRAl931H-G2I\/resizing_type:auto\/width:0\/height:0\/gravity:sm\/enlarge:1\/ext:webp\/strip_metadata:1\/quality:90\/cachebuster:filesize-115069\/bG9jYWw6Ly8vd3d3LmFua2Fyc3J1bS5jb20vd3AtY29udGVudC91cGxvYWRzL3NpdGVzLzU3LzIwMjQvMDkvYmVhdGVyLWJvd2wtaW4tc3RhaW5sZXNzLXN0ZWVsLmpwZw.webp\",\"width\":2000,\"height\":2000},{\"@type\":\"BreadcrumbList\",\"@id\":\"https:\/\/www.ankarsrum.com\/fi\/product\/vispauskulho-ruostumattomasta-teraksesta\/#breadcrumb\",\"itemListElement\":[{\"@type\":\"ListItem\",\"position\":1,\"name\":\"Home\",\"item\":\"https:\/\/www.ankarsrum.com\/fi\/\"},{\"@type\":\"ListItem\",\"position\":2,\"name\":\"Produce name\",\"item\":\"https:\/\/www.ankarsrum.com\/fi\/shop\/\"},{\"@type\":\"ListItem\",\"position\":3,\"name\":\"Vispauskulho ruostumattomasta ter\u00e4ksest\u00e4\"}]},{\"@type\":\"WebSite\",\"@id\":\"https:\/\/www.ankarsrum.com\/fi\/#website\",\"url\":\"https:\/\/www.ankarsrum.com\/fi\/\",\"name\":\"Ankarsrum Finland\",\"description\":\"The bread of the world\",\"potentialAction\":[{\"@type\":\"SearchAction\",\"target\":{\"@type\":\"EntryPoint\",\"urlTemplate\":\"https:\/\/www.ankarsrum.com\/fi\/?s={search_term_string}\"},\"query-input\":{\"@type\":\"PropertyValueSpecification\",\"valueRequired\":true,\"valueName\":\"search_term_string\"}}],\"inLanguage\":\"fi\"}]}<\/script>\n<meta property=\"product:price:amount\" content=\"119.00\" \/>\n<meta property=\"product:price:currency\" content=\"EUR\" \/>\n<meta property=\"og:availability\" content=\"instock\" \/>\n<meta property=\"product:availability\" content=\"instock\" \/>\n<meta property=\"product:retailer_item_id\" content=\"920900078\" \/>\n<meta property=\"product:condition\" content=\"new\" \/>\n<!-- \/ Yoast SEO Premium plugin. -->","yoast_head_json":{"title":"Vispauskulho ruostumattomasta ter\u00e4ksest\u00e4 - Ankarsrum Finland","robots":{"index":"index","follow":"follow","max-snippet":"max-snippet:-1","max-image-preview":"max-image-preview:large","max-video-preview":"max-video-preview:-1"},"canonical":"https:\/\/www.ankarsrum.com\/fi\/product\/vispauskulho-ruostumattomasta-teraksesta\/","og_locale":"fi_FI","og_type":"article","og_title":"Vispauskulho ruostumattomasta ter\u00e4ksest\u00e4","og_description":"Vie leipominen uudelle tasolle \u2013 ota avuksesi ruostumattomasta ter\u00e4ksest\u00e4 valmistettu vispauskulho! Kulhossa valmistuvat niin italialainen marenki kuin v\u00e4rikk\u00e4\u00e4t macaronsitkin. Luja kulho kest\u00e4\u00e4 kuumuutta ja on helppo puhdistaa, ja ajaton muotoilu sopii monenlaisiin keitti\u00f6ihin.","og_url":"https:\/\/www.ankarsrum.com\/fi\/product\/vispauskulho-ruostumattomasta-teraksesta\/","og_site_name":"Ankarsrum Finland","article_modified_time":"2026-05-10T05:22:32+00:00","og_image":[{"width":1200,"height":630,"url":"https:\/\/www.ankarsrum.com\/fi\/wp-content\/uploads\/sites\/57\/2024\/09\/beater-bowl-in-stainless-steel.jpg","type":"image\/jpeg"}],"twitter_card":"summary_large_image","twitter_misc":{"Price":"119,00&nbsp;&euro;","Availability":"In stock"},"schema":{"@context":"https:\/\/schema.org","@graph":[{"@type":"WebPage","@id":"https:\/\/www.ankarsrum.com\/fi\/product\/vispauskulho-ruostumattomasta-teraksesta\/","url":"https:\/\/www.ankarsrum.com\/fi\/product\/vispauskulho-ruostumattomasta-teraksesta\/","name":"Vispauskulho ruostumattomasta ter\u00e4ksest\u00e4 - Ankarsrum Finland","isPartOf":{"@id":"https:\/\/www.ankarsrum.com\/fi\/#website"},"primaryImageOfPage":{"@id":"https:\/\/www.ankarsrum.com\/fi\/product\/vispauskulho-ruostumattomasta-teraksesta\/#primaryimage"},"image":{"@id":"https:\/\/www.ankarsrum.com\/fi\/product\/vispauskulho-ruostumattomasta-teraksesta\/#primaryimage"},"thumbnailUrl":"https:\/\/www.ankarsrum.com\/img-srv\/GoSKR537n3j4N2SoMSD2WnFT0QKGNEcHRAl931H-G2I\/resizing_type:auto\/width:0\/height:0\/gravity:sm\/enlarge:1\/ext:webp\/strip_metadata:1\/quality:90\/cachebuster:filesize-115069\/bG9jYWw6Ly8vd3d3LmFua2Fyc3J1bS5jb20vd3AtY29udGVudC91cGxvYWRzL3NpdGVzLzU3LzIwMjQvMDkvYmVhdGVyLWJvd2wtaW4tc3RhaW5sZXNzLXN0ZWVsLmpwZw.webp","datePublished":"2024-07-16T13:07:54+00:00","dateModified":"2026-05-10T05:22:32+00:00","breadcrumb":{"@id":"https:\/\/www.ankarsrum.com\/fi\/product\/vispauskulho-ruostumattomasta-teraksesta\/#breadcrumb"},"inLanguage":"fi","potentialAction":[{"@type":"ReadAction","target":["https:\/\/www.ankarsrum.com\/fi\/product\/vispauskulho-ruostumattomasta-teraksesta\/"]}]},{"@type":"ImageObject","inLanguage":"fi","@id":"https:\/\/www.ankarsrum.com\/fi\/product\/vispauskulho-ruostumattomasta-teraksesta\/#primaryimage","url":"https:\/\/www.ankarsrum.com\/img-srv\/GoSKR537n3j4N2SoMSD2WnFT0QKGNEcHRAl931H-G2I\/resizing_type:auto\/width:0\/height:0\/gravity:sm\/enlarge:1\/ext:webp\/strip_metadata:1\/quality:90\/cachebuster:filesize-115069\/bG9jYWw6Ly8vd3d3LmFua2Fyc3J1bS5jb20vd3AtY29udGVudC91cGxvYWRzL3NpdGVzLzU3LzIwMjQvMDkvYmVhdGVyLWJvd2wtaW4tc3RhaW5sZXNzLXN0ZWVsLmpwZw.webp","contentUrl":"https:\/\/www.ankarsrum.com\/img-srv\/GoSKR537n3j4N2SoMSD2WnFT0QKGNEcHRAl931H-G2I\/resizing_type:auto\/width:0\/height:0\/gravity:sm\/enlarge:1\/ext:webp\/strip_metadata:1\/quality:90\/cachebuster:filesize-115069\/bG9jYWw6Ly8vd3d3LmFua2Fyc3J1bS5jb20vd3AtY29udGVudC91cGxvYWRzL3NpdGVzLzU3LzIwMjQvMDkvYmVhdGVyLWJvd2wtaW4tc3RhaW5sZXNzLXN0ZWVsLmpwZw.webp","width":2000,"height":2000},{"@type":"BreadcrumbList","@id":"https:\/\/www.ankarsrum.com\/fi\/product\/vispauskulho-ruostumattomasta-teraksesta\/#breadcrumb","itemListElement":[{"@type":"ListItem","position":1,"name":"Home","item":"https:\/\/www.ankarsrum.com\/fi\/"},{"@type":"ListItem","position":2,"name":"Produce name","item":"https:\/\/www.ankarsrum.com\/fi\/shop\/"},{"@type":"ListItem","position":3,"name":"Vispauskulho ruostumattomasta ter\u00e4ksest\u00e4"}]},{"@type":"WebSite","@id":"https:\/\/www.ankarsrum.com\/fi\/#website","url":"https:\/\/www.ankarsrum.com\/fi\/","name":"Ankarsrum Finland","description":"The bread of the world","potentialAction":[{"@type":"SearchAction","target":{"@type":"EntryPoint","urlTemplate":"https:\/\/www.ankarsrum.com\/fi\/?s={search_term_string}"},"query-input":{"@type":"PropertyValueSpecification","valueRequired":true,"valueName":"search_term_string"}}],"inLanguage":"fi"}]},"product_price_amount":"119.00","product_price_currency":"EUR","og_availability":"instock","product_availability":"instock","product_retailer_item_id":"920900078","product_condition":"new"},"_links":{"self":[{"href":"https:\/\/www.ankarsrum.com\/fi\/wp-json\/wp\/v2\/product\/16316","targetHints":{"allow":["GET"]}}],"collection":[{"href":"https:\/\/www.ankarsrum.com\/fi\/wp-json\/wp\/v2\/product"}],"about":[{"href":"https:\/\/www.ankarsrum.com\/fi\/wp-json\/wp\/v2\/types\/product"}],"replies":[{"embeddable":true,"href":"https:\/\/www.ankarsrum.com\/fi\/wp-json\/wp\/v2\/comments?post=16316"}],"wp:featuredmedia":[{"embeddable":true,"href":"https:\/\/www.ankarsrum.com\/fi\/wp-json\/wp\/v2\/media\/17965"}],"wp:attachment":[{"href":"https:\/\/www.ankarsrum.com\/fi\/wp-json\/wp\/v2\/media?parent=16316"}],"wp:term":[{"taxonomy":"product_brand","embeddable":true,"href":"https:\/\/www.ankarsrum.com\/fi\/wp-json\/wp\/v2\/product_brand?post=16316"},{"taxonomy":"product_cat","embeddable":true,"href":"https:\/\/www.ankarsrum.com\/fi\/wp-json\/wp\/v2\/product_cat?post=16316"},{"taxonomy":"product_tag","embeddable":true,"href":"https:\/\/www.ankarsrum.com\/fi\/wp-json\/wp\/v2\/product_tag?post=16316"},{"taxonomy":"product-tag","embeddable":true,"href":"https:\/\/www.ankarsrum.com\/fi\/wp-json\/wp\/v2\/product-tag?post=16316"},{"taxonomy":"machines","embeddable":true,"href":"https:\/\/www.ankarsrum.com\/fi\/wp-json\/wp\/v2\/machines?post=16316"},{"taxonomy":"filter","embeddable":true,"href":"https:\/\/www.ankarsrum.com\/fi\/wp-json\/wp\/v2\/filter?post=16316"}],"curies":[{"name":"wp","href":"https:\/\/api.w.org\/{rel}","templated":true}]}}