{"id":16632,"date":"2024-07-04T06:32:02","date_gmt":"2024-07-04T06:32:02","guid":{"rendered":"https:\/\/www.ankarsrum.com\/fi\/product\/pastatela-ja-leikkuri-setti\/"},"modified":"2026-04-17T03:26:25","modified_gmt":"2026-04-17T03:26:25","slug":"pastatela-ja-leikkuri-setti","status":"publish","type":"product","link":"https:\/\/www.ankarsrum.com\/fi\/product\/pastatela-ja-leikkuri-setti\/","title":{"rendered":"Pastatela ja leikkuri -setti"},"content":{"rendered":"<p class=\"MsoNormal\"><span>Ankarsrumin pastatarvikesetiss\u00e4 on mukana kaikki, mit\u00e4 tarvitset ohuiden pastalevyjen ja tasalaatuisen fettuccinen tekemiseen. Pastan tekeminen ei ole koskaan ollut yht\u00e4 hauskaa \u2013 herkullinen italialainen ateria syntyy helposti ja nopeasti!<\/span><\/p>\n<p class=\"MsoNormal\"><span><br \/><\/span><span>Kiinnit\u00e4 lasagnetela tai fettuccineleikkuri Ankarsrum Assistent Originaliin ja anna yleiskoneen tehokkaan moottorin hoitaa raskas ty\u00f6 puolestasi. Pastatelalla voit s\u00e4\u00e4t\u00e4\u00e4 taikinalevyjen paksuutta (0,6\u20134,8\u00a0mm), ja fettuccineleikkurilla saat tehty\u00e4 6\u00a0mm leveit\u00e4 nauhoja.<\/span><\/p>\n<p class=\"MsoNormal\"><span>Laadukkaat ja kest\u00e4v\u00e4t Ankarsrum-pastalis\u00e4osat valmistaa italialainen Marcato, jolla on yli 80 vuoden kokemus pastan tekemisest\u00e4. Ankarsrumin pastatela ja leikkuri -setin avulla sinustakin tulee todellinen pastamestari!<\/span><\/p>\n<p class=\"MsoNormal\"><span>Suositeltu paksuus: 1 mm lasagnelle (asetus 7) ja 1,2\u20131,5 mm fettuccinelle (asetukset 5\u20136)<\/span><\/p>\n<p class=\"MsoNormal\"><span><br \/><\/span><strong><span>Pastatela ja leikkuri -setti on yhteensopiva seuraavien Ankarsrum Assistent Original -mallien kanssa \u2013 Tyyppi: N1\u2013N30 | Tyyppi: N30 \/ Malli: AKM6230<\/span><\/strong><\/p>\n<p class=\"MsoNormal\"><span><br \/>Mit\u00e4 pakkaukseen sis\u00e4ltyy? <\/span><\/p>\n<ul>\n<li class=\"MsoNormal\"><span>Lasagnetela<\/span><\/li>\n<li class=\"MsoNormal\"><span>Fettuccineleikkuri<\/span><\/li>\n<\/ul>","protected":false},"excerpt":{"rendered":"<p><span>T\u00e4ss\u00e4 Ankarsrum-pastatarvikesetiss\u00e4 saat kerralla kaiken, mit\u00e4 tarvitset pastan tekemiseen omassa kotikeitti\u00f6ss\u00e4si. Pastatelalla kaulit pastataikinasta sile\u00e4t levyt, ja fettuccineleikkurilla teet t\u00e4ydellist\u00e4 pastaa joka kerta \u2013 eik\u00e4 taikinaa tarvitse telata vaivalloisesti k\u00e4sin. Aika kutsua illallisvieraat p\u00f6yt\u00e4\u00e4n. Buon appetito!<\/span><\/p>\n","protected":false},"featured_media":17573,"comment_status":"open","ping_status":"closed","template":"","meta":{"_acf_changed":false,"content-type":"","editor_notices":[]},"product_brand":[],"product_cat":[455],"product_tag":[],"product-tag":[],"machines":[],"filter":[],"class_list":{"0":"post-16632","1":"product","2":"type-product","3":"status-publish","4":"has-post-thumbnail","6":"product_cat-lisavarusteet","8":"first","9":"instock","10":"taxable","11":"shipping-taxable","12":"purchasable","13":"product-type-simple"},"bundled_by":[],"bundle_stock_status":"instock","bundle_stock_quantity":null,"bundle_virtual":false,"bundle_layout":"","bundle_add_to_cart_form_location":"","bundle_editable_in_cart":false,"bundle_sold_individually_context":"","bundle_item_grouping":"","bundle_min_size":"","bundle_max_size":"","bundle_price":[],"bundled_items":[],"bundle_sell_ids":[],"acf":[],"yoast_head":"<!-- This site is optimized with the Yoast SEO Premium plugin v26.6 (Yoast SEO v26.6) - https:\/\/yoast.com\/wordpress\/plugins\/seo\/ -->\n<title>Pastatela ja leikkuri -setti - Ankarsrum Finland<\/title>\n<meta name=\"robots\" content=\"index, follow, max-snippet:-1, max-image-preview:large, max-video-preview:-1\" \/>\n<link rel=\"canonical\" href=\"https:\/\/www.ankarsrum.com\/fi\/product\/pastatela-ja-leikkuri-setti\/\" \/>\n<meta property=\"og:locale\" content=\"fi_FI\" \/>\n<meta property=\"og:type\" content=\"article\" \/>\n<meta property=\"og:title\" content=\"Pastatela ja leikkuri -setti\" \/>\n<meta property=\"og:description\" content=\"T\u00e4ss\u00e4 Ankarsrum-pastatarvikesetiss\u00e4 saat kerralla kaiken, mit\u00e4 tarvitset pastan tekemiseen omassa kotikeitti\u00f6ss\u00e4si. Pastatelalla kaulit pastataikinasta sile\u00e4t levyt, ja fettuccineleikkurilla teet t\u00e4ydellist\u00e4 pastaa joka kerta \u2013 eik\u00e4 taikinaa tarvitse telata vaivalloisesti k\u00e4sin. Aika kutsua illallisvieraat p\u00f6yt\u00e4\u00e4n. Buon appetito!\" \/>\n<meta property=\"og:url\" content=\"https:\/\/www.ankarsrum.com\/fi\/product\/pastatela-ja-leikkuri-setti\/\" \/>\n<meta property=\"og:site_name\" content=\"Ankarsrum Finland\" \/>\n<meta property=\"article:modified_time\" content=\"2026-04-17T03:26:25+00:00\" \/>\n<meta property=\"og:image\" content=\"https:\/\/www.ankarsrum.com\/fi\/wp-content\/uploads\/sites\/57\/2024\/09\/fettuccine-lasagne-bundle025x.jpg\" \/>\n\t<meta property=\"og:image:width\" content=\"1200\" \/>\n\t<meta property=\"og:image:height\" content=\"630\" \/>\n\t<meta property=\"og:image:type\" content=\"image\/jpeg\" \/>\n<meta name=\"twitter:card\" content=\"summary_large_image\" \/>\n<meta name=\"twitter:label1\" content=\"Price\" \/>\n\t<meta name=\"twitter:data1\" content=\"179,00&nbsp;&euro;\" \/>\n\t<meta name=\"twitter:label2\" content=\"Availability\" \/>\n\t<meta name=\"twitter:data2\" content=\"In stock\" \/>\n<script type=\"application\/ld+json\" class=\"yoast-schema-graph\">{\"@context\":\"https:\/\/schema.org\",\"@graph\":[{\"@type\":\"WebPage\",\"@id\":\"https:\/\/www.ankarsrum.com\/fi\/product\/pastatela-ja-leikkuri-setti\/\",\"url\":\"https:\/\/www.ankarsrum.com\/fi\/product\/pastatela-ja-leikkuri-setti\/\",\"name\":\"Pastatela ja leikkuri -setti - Ankarsrum Finland\",\"isPartOf\":{\"@id\":\"https:\/\/www.ankarsrum.com\/fi\/#website\"},\"primaryImageOfPage\":{\"@id\":\"https:\/\/www.ankarsrum.com\/fi\/product\/pastatela-ja-leikkuri-setti\/#primaryimage\"},\"image\":{\"@id\":\"https:\/\/www.ankarsrum.com\/fi\/product\/pastatela-ja-leikkuri-setti\/#primaryimage\"},\"thumbnailUrl\":\"https:\/\/www.ankarsrum.com\/img-srv\/vRJaxbhLuIqmbSh_1_P-tDE18sITYpOTeIdZFCfTAoM\/resizing_type:auto\/width:0\/height:0\/gravity:sm\/enlarge:1\/ext:webp\/strip_metadata:1\/quality:90\/cachebuster:filesize-82470\/bG9jYWw6Ly8vd3d3LmFua2Fyc3J1bS5jb20vd3AtY29udGVudC91cGxvYWRzL3NpdGVzLzU3LzIwMjQvMDkvZmV0dHVjY2luZS1sYXNhZ25lLWJ1bmRsZTAyNXguanBn.webp\",\"datePublished\":\"2024-07-04T06:32:02+00:00\",\"dateModified\":\"2026-04-17T03:26:25+00:00\",\"breadcrumb\":{\"@id\":\"https:\/\/www.ankarsrum.com\/fi\/product\/pastatela-ja-leikkuri-setti\/#breadcrumb\"},\"inLanguage\":\"fi\",\"potentialAction\":[{\"@type\":\"ReadAction\",\"target\":[\"https:\/\/www.ankarsrum.com\/fi\/product\/pastatela-ja-leikkuri-setti\/\"]}]},{\"@type\":\"ImageObject\",\"inLanguage\":\"fi\",\"@id\":\"https:\/\/www.ankarsrum.com\/fi\/product\/pastatela-ja-leikkuri-setti\/#primaryimage\",\"url\":\"https:\/\/www.ankarsrum.com\/img-srv\/vRJaxbhLuIqmbSh_1_P-tDE18sITYpOTeIdZFCfTAoM\/resizing_type:auto\/width:0\/height:0\/gravity:sm\/enlarge:1\/ext:webp\/strip_metadata:1\/quality:90\/cachebuster:filesize-82470\/bG9jYWw6Ly8vd3d3LmFua2Fyc3J1bS5jb20vd3AtY29udGVudC91cGxvYWRzL3NpdGVzLzU3LzIwMjQvMDkvZmV0dHVjY2luZS1sYXNhZ25lLWJ1bmRsZTAyNXguanBn.webp\",\"contentUrl\":\"https:\/\/www.ankarsrum.com\/img-srv\/vRJaxbhLuIqmbSh_1_P-tDE18sITYpOTeIdZFCfTAoM\/resizing_type:auto\/width:0\/height:0\/gravity:sm\/enlarge:1\/ext:webp\/strip_metadata:1\/quality:90\/cachebuster:filesize-82470\/bG9jYWw6Ly8vd3d3LmFua2Fyc3J1bS5jb20vd3AtY29udGVudC91cGxvYWRzL3NpdGVzLzU3LzIwMjQvMDkvZmV0dHVjY2luZS1sYXNhZ25lLWJ1bmRsZTAyNXguanBn.webp\",\"width\":1342,\"height\":1342},{\"@type\":\"BreadcrumbList\",\"@id\":\"https:\/\/www.ankarsrum.com\/fi\/product\/pastatela-ja-leikkuri-setti\/#breadcrumb\",\"itemListElement\":[{\"@type\":\"ListItem\",\"position\":1,\"name\":\"Home\",\"item\":\"https:\/\/www.ankarsrum.com\/fi\/\"},{\"@type\":\"ListItem\",\"position\":2,\"name\":\"Produce name\",\"item\":\"https:\/\/www.ankarsrum.com\/fi\/shop\/\"},{\"@type\":\"ListItem\",\"position\":3,\"name\":\"Pastatela ja leikkuri -setti\"}]},{\"@type\":\"WebSite\",\"@id\":\"https:\/\/www.ankarsrum.com\/fi\/#website\",\"url\":\"https:\/\/www.ankarsrum.com\/fi\/\",\"name\":\"Ankarsrum Finland\",\"description\":\"The bread of the world\",\"potentialAction\":[{\"@type\":\"SearchAction\",\"target\":{\"@type\":\"EntryPoint\",\"urlTemplate\":\"https:\/\/www.ankarsrum.com\/fi\/?s={search_term_string}\"},\"query-input\":{\"@type\":\"PropertyValueSpecification\",\"valueRequired\":true,\"valueName\":\"search_term_string\"}}],\"inLanguage\":\"fi\"}]}<\/script>\n<meta property=\"product:price:amount\" content=\"179.00\" \/>\n<meta property=\"product:price:currency\" content=\"EUR\" \/>\n<meta property=\"og:availability\" content=\"instock\" \/>\n<meta property=\"product:availability\" content=\"instock\" \/>\n<meta property=\"product:retailer_item_id\" content=\"920900084\" \/>\n<meta property=\"product:condition\" content=\"new\" \/>\n<!-- \/ Yoast SEO Premium plugin. -->","yoast_head_json":{"title":"Pastatela ja leikkuri -setti - Ankarsrum Finland","robots":{"index":"index","follow":"follow","max-snippet":"max-snippet:-1","max-image-preview":"max-image-preview:large","max-video-preview":"max-video-preview:-1"},"canonical":"https:\/\/www.ankarsrum.com\/fi\/product\/pastatela-ja-leikkuri-setti\/","og_locale":"fi_FI","og_type":"article","og_title":"Pastatela ja leikkuri -setti","og_description":"T\u00e4ss\u00e4 Ankarsrum-pastatarvikesetiss\u00e4 saat kerralla kaiken, mit\u00e4 tarvitset pastan tekemiseen omassa kotikeitti\u00f6ss\u00e4si. Pastatelalla kaulit pastataikinasta sile\u00e4t levyt, ja fettuccineleikkurilla teet t\u00e4ydellist\u00e4 pastaa joka kerta \u2013 eik\u00e4 taikinaa tarvitse telata vaivalloisesti k\u00e4sin. Aika kutsua illallisvieraat p\u00f6yt\u00e4\u00e4n. Buon appetito!","og_url":"https:\/\/www.ankarsrum.com\/fi\/product\/pastatela-ja-leikkuri-setti\/","og_site_name":"Ankarsrum Finland","article_modified_time":"2026-04-17T03:26:25+00:00","og_image":[{"width":1200,"height":630,"url":"https:\/\/www.ankarsrum.com\/fi\/wp-content\/uploads\/sites\/57\/2024\/09\/fettuccine-lasagne-bundle025x.jpg","type":"image\/jpeg"}],"twitter_card":"summary_large_image","twitter_misc":{"Price":"179,00&nbsp;&euro;","Availability":"In stock"},"schema":{"@context":"https:\/\/schema.org","@graph":[{"@type":"WebPage","@id":"https:\/\/www.ankarsrum.com\/fi\/product\/pastatela-ja-leikkuri-setti\/","url":"https:\/\/www.ankarsrum.com\/fi\/product\/pastatela-ja-leikkuri-setti\/","name":"Pastatela ja leikkuri -setti - Ankarsrum Finland","isPartOf":{"@id":"https:\/\/www.ankarsrum.com\/fi\/#website"},"primaryImageOfPage":{"@id":"https:\/\/www.ankarsrum.com\/fi\/product\/pastatela-ja-leikkuri-setti\/#primaryimage"},"image":{"@id":"https:\/\/www.ankarsrum.com\/fi\/product\/pastatela-ja-leikkuri-setti\/#primaryimage"},"thumbnailUrl":"https:\/\/www.ankarsrum.com\/img-srv\/vRJaxbhLuIqmbSh_1_P-tDE18sITYpOTeIdZFCfTAoM\/resizing_type:auto\/width:0\/height:0\/gravity:sm\/enlarge:1\/ext:webp\/strip_metadata:1\/quality:90\/cachebuster:filesize-82470\/bG9jYWw6Ly8vd3d3LmFua2Fyc3J1bS5jb20vd3AtY29udGVudC91cGxvYWRzL3NpdGVzLzU3LzIwMjQvMDkvZmV0dHVjY2luZS1sYXNhZ25lLWJ1bmRsZTAyNXguanBn.webp","datePublished":"2024-07-04T06:32:02+00:00","dateModified":"2026-04-17T03:26:25+00:00","breadcrumb":{"@id":"https:\/\/www.ankarsrum.com\/fi\/product\/pastatela-ja-leikkuri-setti\/#breadcrumb"},"inLanguage":"fi","potentialAction":[{"@type":"ReadAction","target":["https:\/\/www.ankarsrum.com\/fi\/product\/pastatela-ja-leikkuri-setti\/"]}]},{"@type":"ImageObject","inLanguage":"fi","@id":"https:\/\/www.ankarsrum.com\/fi\/product\/pastatela-ja-leikkuri-setti\/#primaryimage","url":"https:\/\/www.ankarsrum.com\/img-srv\/vRJaxbhLuIqmbSh_1_P-tDE18sITYpOTeIdZFCfTAoM\/resizing_type:auto\/width:0\/height:0\/gravity:sm\/enlarge:1\/ext:webp\/strip_metadata:1\/quality:90\/cachebuster:filesize-82470\/bG9jYWw6Ly8vd3d3LmFua2Fyc3J1bS5jb20vd3AtY29udGVudC91cGxvYWRzL3NpdGVzLzU3LzIwMjQvMDkvZmV0dHVjY2luZS1sYXNhZ25lLWJ1bmRsZTAyNXguanBn.webp","contentUrl":"https:\/\/www.ankarsrum.com\/img-srv\/vRJaxbhLuIqmbSh_1_P-tDE18sITYpOTeIdZFCfTAoM\/resizing_type:auto\/width:0\/height:0\/gravity:sm\/enlarge:1\/ext:webp\/strip_metadata:1\/quality:90\/cachebuster:filesize-82470\/bG9jYWw6Ly8vd3d3LmFua2Fyc3J1bS5jb20vd3AtY29udGVudC91cGxvYWRzL3NpdGVzLzU3LzIwMjQvMDkvZmV0dHVjY2luZS1sYXNhZ25lLWJ1bmRsZTAyNXguanBn.webp","width":1342,"height":1342},{"@type":"BreadcrumbList","@id":"https:\/\/www.ankarsrum.com\/fi\/product\/pastatela-ja-leikkuri-setti\/#breadcrumb","itemListElement":[{"@type":"ListItem","position":1,"name":"Home","item":"https:\/\/www.ankarsrum.com\/fi\/"},{"@type":"ListItem","position":2,"name":"Produce name","item":"https:\/\/www.ankarsrum.com\/fi\/shop\/"},{"@type":"ListItem","position":3,"name":"Pastatela ja leikkuri -setti"}]},{"@type":"WebSite","@id":"https:\/\/www.ankarsrum.com\/fi\/#website","url":"https:\/\/www.ankarsrum.com\/fi\/","name":"Ankarsrum Finland","description":"The bread of the world","potentialAction":[{"@type":"SearchAction","target":{"@type":"EntryPoint","urlTemplate":"https:\/\/www.ankarsrum.com\/fi\/?s={search_term_string}"},"query-input":{"@type":"PropertyValueSpecification","valueRequired":true,"valueName":"search_term_string"}}],"inLanguage":"fi"}]},"product_price_amount":"179.00","product_price_currency":"EUR","og_availability":"instock","product_availability":"instock","product_retailer_item_id":"920900084","product_condition":"new"},"_links":{"self":[{"href":"https:\/\/www.ankarsrum.com\/fi\/wp-json\/wp\/v2\/product\/16632","targetHints":{"allow":["GET"]}}],"collection":[{"href":"https:\/\/www.ankarsrum.com\/fi\/wp-json\/wp\/v2\/product"}],"about":[{"href":"https:\/\/www.ankarsrum.com\/fi\/wp-json\/wp\/v2\/types\/product"}],"replies":[{"embeddable":true,"href":"https:\/\/www.ankarsrum.com\/fi\/wp-json\/wp\/v2\/comments?post=16632"}],"wp:featuredmedia":[{"embeddable":true,"href":"https:\/\/www.ankarsrum.com\/fi\/wp-json\/wp\/v2\/media\/17573"}],"wp:attachment":[{"href":"https:\/\/www.ankarsrum.com\/fi\/wp-json\/wp\/v2\/media?parent=16632"}],"wp:term":[{"taxonomy":"product_brand","embeddable":true,"href":"https:\/\/www.ankarsrum.com\/fi\/wp-json\/wp\/v2\/product_brand?post=16632"},{"taxonomy":"product_cat","embeddable":true,"href":"https:\/\/www.ankarsrum.com\/fi\/wp-json\/wp\/v2\/product_cat?post=16632"},{"taxonomy":"product_tag","embeddable":true,"href":"https:\/\/www.ankarsrum.com\/fi\/wp-json\/wp\/v2\/product_tag?post=16632"},{"taxonomy":"product-tag","embeddable":true,"href":"https:\/\/www.ankarsrum.com\/fi\/wp-json\/wp\/v2\/product-tag?post=16632"},{"taxonomy":"machines","embeddable":true,"href":"https:\/\/www.ankarsrum.com\/fi\/wp-json\/wp\/v2\/machines?post=16632"},{"taxonomy":"filter","embeddable":true,"href":"https:\/\/www.ankarsrum.com\/fi\/wp-json\/wp\/v2\/filter?post=16632"}],"curies":[{"name":"wp","href":"https:\/\/api.w.org\/{rel}","templated":true}]}}