{"id":19383,"date":"2024-07-16T07:00:53","date_gmt":"2024-07-16T07:00:53","guid":{"rendered":"https:\/\/www.ankarsrum.com\/fi\/product\/lihamylly-tayspakkaus-2\/"},"modified":"2026-05-06T05:02:35","modified_gmt":"2026-05-06T05:02:35","slug":"lihamylly-tayspakkaus-2","status":"publish","type":"product","link":"https:\/\/www.ankarsrum.com\/fi\/product\/lihamylly-tayspakkaus-2\/","title":{"rendered":"LIHAMYLLY, T\u00c4YSPAKKAUS"},"content":{"rendered":"<p><span>Lihamylly-t\u00e4yspakkauksessa on mukana kaikki, mit\u00e4 tarvitset seuraavan tason keitti\u00f6kokemukseen. Lihamyllyn lis\u00e4ksi pakkaukseen sis\u00e4ltyy viisi monik\u00e4ytt\u00f6ist\u00e4 lis\u00e4osaa, jotka on helppo kiinnitt\u00e4\u00e4 lihamyllyyn. Jauha itse lihaa, tee makkaroita, soseuta marjat ja hedelm\u00e4t hilloiksi tai kastikkeiksi, raasta parmesaania tai p\u00e4hkin\u00f6it\u00e4 ja pursota keksej\u00e4 helposti \u2013 saat kaiken tarvittavan yhdess\u00e4 ja samassa pakkauksessa!<\/span><\/p>\n<ul>\n<li><span>Lihamylly, reik\u00e4levyt &amp; makkarasuppilot \u2013 jauha itse lihaa, muotoile omat makkarasi tai tee kasvisvaihtoehtoja, kuten falafelej\u00e4 ja kikhernepihvej\u00e4. S\u00e4\u00e4d\u00e4 jauhatuksen rakennetta helposti hienosta karkeampaan. <\/span><\/li>\n<li><span>Marja- ja hedelm\u00e4puserrin \u2013 Tee tuoreista hedelmist\u00e4 ja marjoista herkullisia soseita, kastikkeita, vauvanruokaa, hilloa ja marmeladia.<\/span><\/li>\n<li><span>Raastin \u2013 Raasta vaivatta parmesaania, suklaata, p\u00e4hkin\u00f6it\u00e4 ja jopa perunoita.<\/span><\/li>\n<li><span>Taikinapursotin \u2013 Pursota keksej\u00e4 nelj\u00e4\u00e4n eri muotoon.<\/span><\/li>\n<\/ul>\n<p><span>Lihamylly-t\u00e4yspakkaus avaa rajattomat mahdollisuudet kotikeitti\u00f6ss\u00e4! Arkiaterioista juhlaherkkuihin \u2013 t\u00e4m\u00e4n pakkauksen avulla vain mielikuvituksesi on rajana. P\u00e4\u00e4st\u00e4 kulinaarinen luovuutesi valloilleen! <\/span><\/p>\n<p><strong><span>Lihamylly on yhteensopiva seuraavien Ankarsrum Assistent Original -mallien kanssa \u2013 Tyyppi: N1\u2013N30 | Tyyppi: N30 \/ Malli: AKM6230<br \/><\/span><\/strong><strong><span>Marja- ja hedelm\u00e4puserrin, makkarasuppilot, raastin ja taikinapursotin liitet\u00e4\u00e4n lihamyllyyn. Ne ovat yhteensopivia lihamyllymallin 10 kanssa. Mallinumero \u201d10\u201d on leimattu 4-ter\u00e4iseen veitseen.<\/span><\/strong><\/p>\n<p>\u00a0<\/p>\n<p><span>Mit\u00e4 pakkaukseen sis\u00e4ltyy?<\/span><\/p>\n<ul>\n<li><span>Lihamylly: LIhamyllyn runko ja sy\u00f6tt\u00f6ruuvi, 4-ter\u00e4inen veitsi, sy\u00f6tt\u00f6lautanen, sy\u00f6tt\u00f6tulppa, roiskesuoja.<\/span><\/li>\n<li><span>4 reik\u00e4levy\u00e4: 2,5\/4,5\/6\/8 mm<\/span><\/li>\n<li><span>Kolme makkarasuppiloa: 10\/20\/25 mm.<\/span><\/li>\n<li><span>Marja- ja hedelm\u00e4puserrin: Pusertimen sy\u00f6tt\u00f6ruuvi, venttiili, sylinteri, kouru, s\u00e4\u00e4t\u00f6nuppi ja pultti.<\/span><\/li>\n<li><span>Raastin: Raastimen sylinteri ja rulla.<\/span><\/li>\n<li><span>Taikinapursotin: Nelj\u00e4 eri muotoa kekseille.<\/span><\/li>\n<\/ul>","protected":false},"excerpt":{"rendered":"<p class=\"MsoNormal\" style=\"line-height: 150%;\"><span>Ota kaikki irti Ankarsrum Assistent Originalistasi t\u00e4ll\u00e4 kattavalla lis\u00e4varustesetill\u00e4! Lihamylly-t\u00e4yspakkauksessa on mukana lihamyllyn lis\u00e4ksi viisi k\u00e4yt\u00e4nn\u00f6llist\u00e4 lis\u00e4osaa, joilla jauhat, soseutat, raastat ja pursotat \u2013 nopeasti, helposti ja hauskasti. T\u00e4ydellinen pakkaus vaativallekin kotikokille, joka haluaa hallita ruoanlaiton aineksia itse.<\/span><\/p>\n","protected":false},"featured_media":19349,"comment_status":"open","ping_status":"closed","template":"","meta":{"_acf_changed":false,"content-type":"","editor_notices":[]},"product_brand":[],"product_cat":[455],"product_tag":[],"product-tag":[],"machines":[],"filter":[],"class_list":{"0":"post-19383","1":"product","2":"type-product","3":"status-publish","4":"has-post-thumbnail","6":"product_cat-lisavarusteet","8":"first","9":"instock","10":"taxable","11":"shipping-taxable","12":"purchasable","13":"product-type-simple"},"bundled_by":[],"bundle_stock_status":"instock","bundle_stock_quantity":null,"bundle_virtual":false,"bundle_layout":"","bundle_add_to_cart_form_location":"","bundle_editable_in_cart":false,"bundle_sold_individually_context":"","bundle_item_grouping":"","bundle_min_size":"","bundle_max_size":"","bundle_price":[],"bundled_items":[],"bundle_sell_ids":[],"acf":[],"yoast_head":"<!-- This site is optimized with the Yoast SEO Premium plugin v26.6 (Yoast SEO v26.6) - https:\/\/yoast.com\/wordpress\/plugins\/seo\/ -->\n<title>LIHAMYLLY, T\u00c4YSPAKKAUS - Ankarsrum Finland<\/title>\n<meta name=\"robots\" content=\"index, follow, max-snippet:-1, max-image-preview:large, max-video-preview:-1\" \/>\n<link rel=\"canonical\" href=\"https:\/\/www.ankarsrum.com\/fi\/product\/lihamylly-tayspakkaus-2\/\" \/>\n<meta property=\"og:locale\" content=\"fi_FI\" \/>\n<meta property=\"og:type\" content=\"article\" \/>\n<meta property=\"og:title\" content=\"LIHAMYLLY, T\u00c4YSPAKKAUS\" \/>\n<meta property=\"og:description\" content=\"Ota kaikki irti Ankarsrum Assistent Originalistasi t\u00e4ll\u00e4 kattavalla lis\u00e4varustesetill\u00e4! Lihamylly-t\u00e4yspakkauksessa on mukana lihamyllyn lis\u00e4ksi viisi k\u00e4yt\u00e4nn\u00f6llist\u00e4 lis\u00e4osaa, joilla jauhat, soseutat, raastat ja pursotat \u2013 nopeasti, helposti ja hauskasti. T\u00e4ydellinen pakkaus vaativallekin kotikokille, joka haluaa hallita ruoanlaiton aineksia itse.\" \/>\n<meta property=\"og:url\" content=\"https:\/\/www.ankarsrum.com\/fi\/product\/lihamylly-tayspakkaus-2\/\" \/>\n<meta property=\"og:site_name\" content=\"Ankarsrum Finland\" \/>\n<meta property=\"article:modified_time\" content=\"2026-05-06T05:02:35+00:00\" \/>\n<meta property=\"og:image\" content=\"https:\/\/www.ankarsrum.com\/fi\/wp-content\/uploads\/sites\/57\/2025\/06\/mincer-complete-920900086-scaled.jpg\" \/>\n\t<meta property=\"og:image:width\" content=\"1200\" \/>\n\t<meta property=\"og:image:height\" content=\"630\" \/>\n\t<meta property=\"og:image:type\" content=\"image\/jpeg\" \/>\n<meta name=\"twitter:card\" content=\"summary_large_image\" \/>\n<meta name=\"twitter:label1\" content=\"Price\" \/>\n\t<meta name=\"twitter:data1\" content=\"299,00&nbsp;&euro;\" \/>\n\t<meta name=\"twitter:label2\" content=\"Availability\" \/>\n\t<meta name=\"twitter:data2\" content=\"In stock\" \/>\n<script type=\"application\/ld+json\" class=\"yoast-schema-graph\">{\"@context\":\"https:\/\/schema.org\",\"@graph\":[{\"@type\":\"WebPage\",\"@id\":\"https:\/\/www.ankarsrum.com\/fi\/product\/lihamylly-tayspakkaus-2\/\",\"url\":\"https:\/\/www.ankarsrum.com\/fi\/product\/lihamylly-tayspakkaus-2\/\",\"name\":\"LIHAMYLLY, T\u00c4YSPAKKAUS - Ankarsrum Finland\",\"isPartOf\":{\"@id\":\"https:\/\/www.ankarsrum.com\/fi\/#website\"},\"primaryImageOfPage\":{\"@id\":\"https:\/\/www.ankarsrum.com\/fi\/product\/lihamylly-tayspakkaus-2\/#primaryimage\"},\"image\":{\"@id\":\"https:\/\/www.ankarsrum.com\/fi\/product\/lihamylly-tayspakkaus-2\/#primaryimage\"},\"thumbnailUrl\":\"https:\/\/www.ankarsrum.com\/img-srv\/016-ZOscVjN-vl4gGL1bVM2vIcATr5L5PLVV6AvUwWc\/resizing_type:auto\/width:0\/height:0\/gravity:sm\/enlarge:1\/ext:webp\/strip_metadata:1\/quality:90\/cachebuster:filesize-325716\/bG9jYWw6Ly8vd3d3LmFua2Fyc3J1bS5jb20vd3AtY29udGVudC91cGxvYWRzL3NpdGVzLzU3LzIwMjUvMDYvbWluY2VyLWNvbXBsZXRlLTkyMDkwMDA4Ni1zY2FsZWQuanBn.webp\",\"datePublished\":\"2024-07-16T07:00:53+00:00\",\"dateModified\":\"2026-05-06T05:02:35+00:00\",\"breadcrumb\":{\"@id\":\"https:\/\/www.ankarsrum.com\/fi\/product\/lihamylly-tayspakkaus-2\/#breadcrumb\"},\"inLanguage\":\"fi\",\"potentialAction\":[{\"@type\":\"ReadAction\",\"target\":[\"https:\/\/www.ankarsrum.com\/fi\/product\/lihamylly-tayspakkaus-2\/\"]}]},{\"@type\":\"ImageObject\",\"inLanguage\":\"fi\",\"@id\":\"https:\/\/www.ankarsrum.com\/fi\/product\/lihamylly-tayspakkaus-2\/#primaryimage\",\"url\":\"https:\/\/www.ankarsrum.com\/img-srv\/016-ZOscVjN-vl4gGL1bVM2vIcATr5L5PLVV6AvUwWc\/resizing_type:auto\/width:0\/height:0\/gravity:sm\/enlarge:1\/ext:webp\/strip_metadata:1\/quality:90\/cachebuster:filesize-325716\/bG9jYWw6Ly8vd3d3LmFua2Fyc3J1bS5jb20vd3AtY29udGVudC91cGxvYWRzL3NpdGVzLzU3LzIwMjUvMDYvbWluY2VyLWNvbXBsZXRlLTkyMDkwMDA4Ni1zY2FsZWQuanBn.webp\",\"contentUrl\":\"https:\/\/www.ankarsrum.com\/img-srv\/016-ZOscVjN-vl4gGL1bVM2vIcATr5L5PLVV6AvUwWc\/resizing_type:auto\/width:0\/height:0\/gravity:sm\/enlarge:1\/ext:webp\/strip_metadata:1\/quality:90\/cachebuster:filesize-325716\/bG9jYWw6Ly8vd3d3LmFua2Fyc3J1bS5jb20vd3AtY29udGVudC91cGxvYWRzL3NpdGVzLzU3LzIwMjUvMDYvbWluY2VyLWNvbXBsZXRlLTkyMDkwMDA4Ni1zY2FsZWQuanBn.webp\",\"width\":2560,\"height\":2315},{\"@type\":\"BreadcrumbList\",\"@id\":\"https:\/\/www.ankarsrum.com\/fi\/product\/lihamylly-tayspakkaus-2\/#breadcrumb\",\"itemListElement\":[{\"@type\":\"ListItem\",\"position\":1,\"name\":\"Home\",\"item\":\"https:\/\/www.ankarsrum.com\/fi\/\"},{\"@type\":\"ListItem\",\"position\":2,\"name\":\"Produce name\",\"item\":\"https:\/\/www.ankarsrum.com\/fi\/shop\/\"},{\"@type\":\"ListItem\",\"position\":3,\"name\":\"LIHAMYLLY, T\u00c4YSPAKKAUS\"}]},{\"@type\":\"WebSite\",\"@id\":\"https:\/\/www.ankarsrum.com\/fi\/#website\",\"url\":\"https:\/\/www.ankarsrum.com\/fi\/\",\"name\":\"Ankarsrum Finland\",\"description\":\"The bread of the world\",\"potentialAction\":[{\"@type\":\"SearchAction\",\"target\":{\"@type\":\"EntryPoint\",\"urlTemplate\":\"https:\/\/www.ankarsrum.com\/fi\/?s={search_term_string}\"},\"query-input\":{\"@type\":\"PropertyValueSpecification\",\"valueRequired\":true,\"valueName\":\"search_term_string\"}}],\"inLanguage\":\"fi\"}]}<\/script>\n<meta property=\"product:price:amount\" content=\"299.00\" \/>\n<meta property=\"product:price:currency\" content=\"EUR\" \/>\n<meta property=\"og:availability\" content=\"instock\" \/>\n<meta property=\"product:availability\" content=\"instock\" \/>\n<meta property=\"product:retailer_item_id\" content=\"920900086\" \/>\n<meta property=\"product:condition\" content=\"new\" \/>\n<!-- \/ Yoast SEO Premium plugin. -->","yoast_head_json":{"title":"LIHAMYLLY, T\u00c4YSPAKKAUS - Ankarsrum Finland","robots":{"index":"index","follow":"follow","max-snippet":"max-snippet:-1","max-image-preview":"max-image-preview:large","max-video-preview":"max-video-preview:-1"},"canonical":"https:\/\/www.ankarsrum.com\/fi\/product\/lihamylly-tayspakkaus-2\/","og_locale":"fi_FI","og_type":"article","og_title":"LIHAMYLLY, T\u00c4YSPAKKAUS","og_description":"Ota kaikki irti Ankarsrum Assistent Originalistasi t\u00e4ll\u00e4 kattavalla lis\u00e4varustesetill\u00e4! Lihamylly-t\u00e4yspakkauksessa on mukana lihamyllyn lis\u00e4ksi viisi k\u00e4yt\u00e4nn\u00f6llist\u00e4 lis\u00e4osaa, joilla jauhat, soseutat, raastat ja pursotat \u2013 nopeasti, helposti ja hauskasti. T\u00e4ydellinen pakkaus vaativallekin kotikokille, joka haluaa hallita ruoanlaiton aineksia itse.","og_url":"https:\/\/www.ankarsrum.com\/fi\/product\/lihamylly-tayspakkaus-2\/","og_site_name":"Ankarsrum Finland","article_modified_time":"2026-05-06T05:02:35+00:00","og_image":[{"width":1200,"height":630,"url":"https:\/\/www.ankarsrum.com\/fi\/wp-content\/uploads\/sites\/57\/2025\/06\/mincer-complete-920900086-scaled.jpg","type":"image\/jpeg"}],"twitter_card":"summary_large_image","twitter_misc":{"Price":"299,00&nbsp;&euro;","Availability":"In stock"},"schema":{"@context":"https:\/\/schema.org","@graph":[{"@type":"WebPage","@id":"https:\/\/www.ankarsrum.com\/fi\/product\/lihamylly-tayspakkaus-2\/","url":"https:\/\/www.ankarsrum.com\/fi\/product\/lihamylly-tayspakkaus-2\/","name":"LIHAMYLLY, T\u00c4YSPAKKAUS - Ankarsrum Finland","isPartOf":{"@id":"https:\/\/www.ankarsrum.com\/fi\/#website"},"primaryImageOfPage":{"@id":"https:\/\/www.ankarsrum.com\/fi\/product\/lihamylly-tayspakkaus-2\/#primaryimage"},"image":{"@id":"https:\/\/www.ankarsrum.com\/fi\/product\/lihamylly-tayspakkaus-2\/#primaryimage"},"thumbnailUrl":"https:\/\/www.ankarsrum.com\/img-srv\/016-ZOscVjN-vl4gGL1bVM2vIcATr5L5PLVV6AvUwWc\/resizing_type:auto\/width:0\/height:0\/gravity:sm\/enlarge:1\/ext:webp\/strip_metadata:1\/quality:90\/cachebuster:filesize-325716\/bG9jYWw6Ly8vd3d3LmFua2Fyc3J1bS5jb20vd3AtY29udGVudC91cGxvYWRzL3NpdGVzLzU3LzIwMjUvMDYvbWluY2VyLWNvbXBsZXRlLTkyMDkwMDA4Ni1zY2FsZWQuanBn.webp","datePublished":"2024-07-16T07:00:53+00:00","dateModified":"2026-05-06T05:02:35+00:00","breadcrumb":{"@id":"https:\/\/www.ankarsrum.com\/fi\/product\/lihamylly-tayspakkaus-2\/#breadcrumb"},"inLanguage":"fi","potentialAction":[{"@type":"ReadAction","target":["https:\/\/www.ankarsrum.com\/fi\/product\/lihamylly-tayspakkaus-2\/"]}]},{"@type":"ImageObject","inLanguage":"fi","@id":"https:\/\/www.ankarsrum.com\/fi\/product\/lihamylly-tayspakkaus-2\/#primaryimage","url":"https:\/\/www.ankarsrum.com\/img-srv\/016-ZOscVjN-vl4gGL1bVM2vIcATr5L5PLVV6AvUwWc\/resizing_type:auto\/width:0\/height:0\/gravity:sm\/enlarge:1\/ext:webp\/strip_metadata:1\/quality:90\/cachebuster:filesize-325716\/bG9jYWw6Ly8vd3d3LmFua2Fyc3J1bS5jb20vd3AtY29udGVudC91cGxvYWRzL3NpdGVzLzU3LzIwMjUvMDYvbWluY2VyLWNvbXBsZXRlLTkyMDkwMDA4Ni1zY2FsZWQuanBn.webp","contentUrl":"https:\/\/www.ankarsrum.com\/img-srv\/016-ZOscVjN-vl4gGL1bVM2vIcATr5L5PLVV6AvUwWc\/resizing_type:auto\/width:0\/height:0\/gravity:sm\/enlarge:1\/ext:webp\/strip_metadata:1\/quality:90\/cachebuster:filesize-325716\/bG9jYWw6Ly8vd3d3LmFua2Fyc3J1bS5jb20vd3AtY29udGVudC91cGxvYWRzL3NpdGVzLzU3LzIwMjUvMDYvbWluY2VyLWNvbXBsZXRlLTkyMDkwMDA4Ni1zY2FsZWQuanBn.webp","width":2560,"height":2315},{"@type":"BreadcrumbList","@id":"https:\/\/www.ankarsrum.com\/fi\/product\/lihamylly-tayspakkaus-2\/#breadcrumb","itemListElement":[{"@type":"ListItem","position":1,"name":"Home","item":"https:\/\/www.ankarsrum.com\/fi\/"},{"@type":"ListItem","position":2,"name":"Produce name","item":"https:\/\/www.ankarsrum.com\/fi\/shop\/"},{"@type":"ListItem","position":3,"name":"LIHAMYLLY, T\u00c4YSPAKKAUS"}]},{"@type":"WebSite","@id":"https:\/\/www.ankarsrum.com\/fi\/#website","url":"https:\/\/www.ankarsrum.com\/fi\/","name":"Ankarsrum Finland","description":"The bread of the world","potentialAction":[{"@type":"SearchAction","target":{"@type":"EntryPoint","urlTemplate":"https:\/\/www.ankarsrum.com\/fi\/?s={search_term_string}"},"query-input":{"@type":"PropertyValueSpecification","valueRequired":true,"valueName":"search_term_string"}}],"inLanguage":"fi"}]},"product_price_amount":"299.00","product_price_currency":"EUR","og_availability":"instock","product_availability":"instock","product_retailer_item_id":"920900086","product_condition":"new"},"_links":{"self":[{"href":"https:\/\/www.ankarsrum.com\/fi\/wp-json\/wp\/v2\/product\/19383","targetHints":{"allow":["GET"]}}],"collection":[{"href":"https:\/\/www.ankarsrum.com\/fi\/wp-json\/wp\/v2\/product"}],"about":[{"href":"https:\/\/www.ankarsrum.com\/fi\/wp-json\/wp\/v2\/types\/product"}],"replies":[{"embeddable":true,"href":"https:\/\/www.ankarsrum.com\/fi\/wp-json\/wp\/v2\/comments?post=19383"}],"wp:featuredmedia":[{"embeddable":true,"href":"https:\/\/www.ankarsrum.com\/fi\/wp-json\/wp\/v2\/media\/19349"}],"wp:attachment":[{"href":"https:\/\/www.ankarsrum.com\/fi\/wp-json\/wp\/v2\/media?parent=19383"}],"wp:term":[{"taxonomy":"product_brand","embeddable":true,"href":"https:\/\/www.ankarsrum.com\/fi\/wp-json\/wp\/v2\/product_brand?post=19383"},{"taxonomy":"product_cat","embeddable":true,"href":"https:\/\/www.ankarsrum.com\/fi\/wp-json\/wp\/v2\/product_cat?post=19383"},{"taxonomy":"product_tag","embeddable":true,"href":"https:\/\/www.ankarsrum.com\/fi\/wp-json\/wp\/v2\/product_tag?post=19383"},{"taxonomy":"product-tag","embeddable":true,"href":"https:\/\/www.ankarsrum.com\/fi\/wp-json\/wp\/v2\/product-tag?post=19383"},{"taxonomy":"machines","embeddable":true,"href":"https:\/\/www.ankarsrum.com\/fi\/wp-json\/wp\/v2\/machines?post=19383"},{"taxonomy":"filter","embeddable":true,"href":"https:\/\/www.ankarsrum.com\/fi\/wp-json\/wp\/v2\/filter?post=19383"}],"curies":[{"name":"wp","href":"https:\/\/api.w.org\/{rel}","templated":true}]}}