{"id":20053,"date":"2026-03-09T11:49:00","date_gmt":"2026-03-09T11:49:00","guid":{"rendered":"https:\/\/www.ankarsrum.com\/fi\/product\/tehosekoitin-ja-sekoitustikku\/"},"modified":"2026-04-29T04:27:44","modified_gmt":"2026-04-29T04:27:44","slug":"tehosekoitin-ja-sekoitustikku","status":"publish","type":"product","link":"https:\/\/www.ankarsrum.com\/fi\/product\/tehosekoitin-ja-sekoitustikku\/","title":{"rendered":"Tehosekoitin ja sekoitustikku"},"content":{"rendered":"<p class=\"MsoNormal\">Tehosekoitin on helppo kiinnitt\u00e4\u00e4 kyljelleen k\u00e4\u00e4nnettyyn yleiskoneeseen. Tehosekoittimella sekoitat k\u00e4den k\u00e4\u00e4nteess\u00e4 smoothiet, murskaat pakastemarjat ja teet t\u00e4ytel\u00e4iset kastikkeet. Tehosekoittimen kulhon tilavuus on 1,5\u00a0litraa, mutta k\u00e4yt\u00f6ss\u00e4 maksimitilavuus on 1,3\u00a0litraa. Sekoitustikun avulla voit ty\u00f6nt\u00e4\u00e4 aineksia kohti teri\u00e4, jotta ne sekoittuvat kunnolla, pilkotpa sitten suklaata tai teet samettista hummusta.<\/p>\n<p class=\"MsoNormal\">Eritt\u00e4in lujasta, BPA-vapaasta Tritan-muovista valmistettu tehosekoitin kest\u00e4\u00e4 pitk\u00e4\u00e4n kovassakin k\u00e4yt\u00f6ss\u00e4. Pid\u00e4 turvallisuuden vuoksi toista k\u00e4tt\u00e4si kannen p\u00e4\u00e4ll\u00e4 sekoituksen aikana. Anna tehosekoittimen nostaa keitti\u00f6kokemuksesi uudelle tasolle!<\/p>\n<p class=\"MsoNormal\"><strong>Tehosekoitin on yhteensopiva seuraavien Ankarsrum Assistent Original -mallien kanssa \u2013 Tyyppi: N23\u2013N30 | Tyyppi: N30 \/ Malli: AKM6230<\/strong><\/p>\n<p class=\"MsoNormal\">Mit\u00e4 pakkaukseen sis\u00e4ltyy?<\/p>\n<ul>\n<li class=\"MsoNormal\">Tehosekoittimen kulho<\/li>\n<li class=\"MsoNormal\">Tehosekoittimen kansi<\/li>\n<li class=\"MsoNormal\">Mittauskansi<\/li>\n<li class=\"MsoNormal\">Sekoitustikku<\/li>\n<\/ul>","protected":false},"excerpt":{"rendered":"<p><span>Sekoita ja murskaa ainekset terveellisiin resepteihin helposti ja nopeasti. Tehosekoitin k\u00e4sittelee vaivatta tuoreet tai pakastetut hedelm\u00e4t, j\u00e4\u00e4palat, yrtit, p\u00e4hkin\u00e4t ja muut<\/span> <span>ainekset. Erityisen kest\u00e4v\u00e4 rakenne on suunniteltu p\u00e4ivitt\u00e4iseen k\u00e4ytt\u00f6\u00f6n.<\/span> <\/p>\n","protected":false},"featured_media":20041,"comment_status":"open","ping_status":"closed","template":"","meta":{"_acf_changed":false,"content-type":"","editor_notices":[]},"product_brand":[],"product_cat":[455],"product_tag":[],"product-tag":[],"machines":[],"filter":[],"class_list":{"0":"post-20053","1":"product","2":"type-product","3":"status-publish","4":"has-post-thumbnail","6":"product_cat-lisavarusteet","8":"first","9":"instock","10":"taxable","11":"shipping-taxable","12":"purchasable","13":"product-type-simple"},"bundled_by":[],"bundle_stock_status":"instock","bundle_stock_quantity":null,"bundle_virtual":false,"bundle_layout":"","bundle_add_to_cart_form_location":"","bundle_editable_in_cart":false,"bundle_sold_individually_context":"","bundle_item_grouping":"","bundle_min_size":"","bundle_max_size":"","bundle_price":[],"bundled_items":[],"bundle_sell_ids":[],"acf":[],"yoast_head":"<!-- This site is optimized with the Yoast SEO Premium plugin v26.6 (Yoast SEO v26.6) - https:\/\/yoast.com\/wordpress\/plugins\/seo\/ -->\n<title>Tehosekoitin ja sekoitustikku - Ankarsrum Finland<\/title>\n<meta name=\"robots\" content=\"index, follow, max-snippet:-1, max-image-preview:large, max-video-preview:-1\" \/>\n<link rel=\"canonical\" href=\"https:\/\/www.ankarsrum.com\/fi\/product\/tehosekoitin-ja-sekoitustikku\/\" \/>\n<meta property=\"og:locale\" content=\"fi_FI\" \/>\n<meta property=\"og:type\" content=\"article\" \/>\n<meta property=\"og:title\" content=\"Tehosekoitin ja sekoitustikku\" \/>\n<meta property=\"og:description\" content=\"Sekoita ja murskaa ainekset terveellisiin resepteihin helposti ja nopeasti. Tehosekoitin k\u00e4sittelee vaivatta tuoreet tai pakastetut hedelm\u00e4t, j\u00e4\u00e4palat, yrtit, p\u00e4hkin\u00e4t ja muut ainekset. Erityisen kest\u00e4v\u00e4 rakenne on suunniteltu p\u00e4ivitt\u00e4iseen k\u00e4ytt\u00f6\u00f6n.\" \/>\n<meta property=\"og:url\" content=\"https:\/\/www.ankarsrum.com\/fi\/product\/tehosekoitin-ja-sekoitustikku\/\" \/>\n<meta property=\"og:site_name\" content=\"Ankarsrum Finland\" \/>\n<meta property=\"article:modified_time\" content=\"2026-04-29T04:27:44+00:00\" \/>\n<meta property=\"og:image\" content=\"https:\/\/www.ankarsrum.com\/fi\/wp-content\/uploads\/sites\/57\/2026\/03\/blender-with-tamper-920900088-1.jpg\" \/>\n\t<meta property=\"og:image:width\" content=\"1080\" \/>\n\t<meta property=\"og:image:height\" content=\"630\" \/>\n\t<meta property=\"og:image:type\" content=\"image\/jpeg\" \/>\n<meta name=\"twitter:card\" content=\"summary_large_image\" \/>\n<meta name=\"twitter:label1\" content=\"Price\" \/>\n\t<meta name=\"twitter:data1\" content=\"109,00&nbsp;&euro;\" \/>\n\t<meta name=\"twitter:label2\" content=\"Availability\" \/>\n\t<meta name=\"twitter:data2\" content=\"In stock\" \/>\n<script type=\"application\/ld+json\" class=\"yoast-schema-graph\">{\"@context\":\"https:\/\/schema.org\",\"@graph\":[{\"@type\":\"WebPage\",\"@id\":\"https:\/\/www.ankarsrum.com\/fi\/product\/tehosekoitin-ja-sekoitustikku\/\",\"url\":\"https:\/\/www.ankarsrum.com\/fi\/product\/tehosekoitin-ja-sekoitustikku\/\",\"name\":\"Tehosekoitin ja sekoitustikku - Ankarsrum Finland\",\"isPartOf\":{\"@id\":\"https:\/\/www.ankarsrum.com\/fi\/#website\"},\"primaryImageOfPage\":{\"@id\":\"https:\/\/www.ankarsrum.com\/fi\/product\/tehosekoitin-ja-sekoitustikku\/#primaryimage\"},\"image\":{\"@id\":\"https:\/\/www.ankarsrum.com\/fi\/product\/tehosekoitin-ja-sekoitustikku\/#primaryimage\"},\"thumbnailUrl\":\"https:\/\/www.ankarsrum.com\/img-srv\/TpBC8dPP2AuMCTXB0YlzmSy9cfzZqcgWWPG5Xr1vOAs\/resizing_type:auto\/width:0\/height:0\/gravity:sm\/enlarge:1\/ext:webp\/strip_metadata:1\/quality:90\/cachebuster:filesize-41785\/bG9jYWw6Ly8vd3d3LmFua2Fyc3J1bS5jb20vd3AtY29udGVudC91cGxvYWRzL3NpdGVzLzU3LzIwMjYvMDMvYmxlbmRlci13aXRoLXRhbXBlci05MjA5MDAwODgtMS5qcGc.webp\",\"datePublished\":\"2026-03-09T11:49:00+00:00\",\"dateModified\":\"2026-04-29T04:27:44+00:00\",\"breadcrumb\":{\"@id\":\"https:\/\/www.ankarsrum.com\/fi\/product\/tehosekoitin-ja-sekoitustikku\/#breadcrumb\"},\"inLanguage\":\"fi\",\"potentialAction\":[{\"@type\":\"ReadAction\",\"target\":[\"https:\/\/www.ankarsrum.com\/fi\/product\/tehosekoitin-ja-sekoitustikku\/\"]}]},{\"@type\":\"ImageObject\",\"inLanguage\":\"fi\",\"@id\":\"https:\/\/www.ankarsrum.com\/fi\/product\/tehosekoitin-ja-sekoitustikku\/#primaryimage\",\"url\":\"https:\/\/www.ankarsrum.com\/img-srv\/TpBC8dPP2AuMCTXB0YlzmSy9cfzZqcgWWPG5Xr1vOAs\/resizing_type:auto\/width:0\/height:0\/gravity:sm\/enlarge:1\/ext:webp\/strip_metadata:1\/quality:90\/cachebuster:filesize-41785\/bG9jYWw6Ly8vd3d3LmFua2Fyc3J1bS5jb20vd3AtY29udGVudC91cGxvYWRzL3NpdGVzLzU3LzIwMjYvMDMvYmxlbmRlci13aXRoLXRhbXBlci05MjA5MDAwODgtMS5qcGc.webp\",\"contentUrl\":\"https:\/\/www.ankarsrum.com\/img-srv\/TpBC8dPP2AuMCTXB0YlzmSy9cfzZqcgWWPG5Xr1vOAs\/resizing_type:auto\/width:0\/height:0\/gravity:sm\/enlarge:1\/ext:webp\/strip_metadata:1\/quality:90\/cachebuster:filesize-41785\/bG9jYWw6Ly8vd3d3LmFua2Fyc3J1bS5jb20vd3AtY29udGVudC91cGxvYWRzL3NpdGVzLzU3LzIwMjYvMDMvYmxlbmRlci13aXRoLXRhbXBlci05MjA5MDAwODgtMS5qcGc.webp\",\"width\":1080,\"height\":1080},{\"@type\":\"BreadcrumbList\",\"@id\":\"https:\/\/www.ankarsrum.com\/fi\/product\/tehosekoitin-ja-sekoitustikku\/#breadcrumb\",\"itemListElement\":[{\"@type\":\"ListItem\",\"position\":1,\"name\":\"Home\",\"item\":\"https:\/\/www.ankarsrum.com\/fi\/\"},{\"@type\":\"ListItem\",\"position\":2,\"name\":\"Produce name\",\"item\":\"https:\/\/www.ankarsrum.com\/fi\/shop\/\"},{\"@type\":\"ListItem\",\"position\":3,\"name\":\"Tehosekoitin ja sekoitustikku\"}]},{\"@type\":\"WebSite\",\"@id\":\"https:\/\/www.ankarsrum.com\/fi\/#website\",\"url\":\"https:\/\/www.ankarsrum.com\/fi\/\",\"name\":\"Ankarsrum Finland\",\"description\":\"The bread of the world\",\"potentialAction\":[{\"@type\":\"SearchAction\",\"target\":{\"@type\":\"EntryPoint\",\"urlTemplate\":\"https:\/\/www.ankarsrum.com\/fi\/?s={search_term_string}\"},\"query-input\":{\"@type\":\"PropertyValueSpecification\",\"valueRequired\":true,\"valueName\":\"search_term_string\"}}],\"inLanguage\":\"fi\"}]}<\/script>\n<meta property=\"product:price:amount\" content=\"109.00\" \/>\n<meta property=\"product:price:currency\" content=\"EUR\" \/>\n<meta property=\"og:availability\" content=\"instock\" \/>\n<meta property=\"product:availability\" content=\"instock\" \/>\n<meta property=\"product:retailer_item_id\" content=\"920900088\" \/>\n<meta property=\"product:condition\" content=\"new\" \/>\n<!-- \/ Yoast SEO Premium plugin. -->","yoast_head_json":{"title":"Tehosekoitin ja sekoitustikku - Ankarsrum Finland","robots":{"index":"index","follow":"follow","max-snippet":"max-snippet:-1","max-image-preview":"max-image-preview:large","max-video-preview":"max-video-preview:-1"},"canonical":"https:\/\/www.ankarsrum.com\/fi\/product\/tehosekoitin-ja-sekoitustikku\/","og_locale":"fi_FI","og_type":"article","og_title":"Tehosekoitin ja sekoitustikku","og_description":"Sekoita ja murskaa ainekset terveellisiin resepteihin helposti ja nopeasti. Tehosekoitin k\u00e4sittelee vaivatta tuoreet tai pakastetut hedelm\u00e4t, j\u00e4\u00e4palat, yrtit, p\u00e4hkin\u00e4t ja muut ainekset. Erityisen kest\u00e4v\u00e4 rakenne on suunniteltu p\u00e4ivitt\u00e4iseen k\u00e4ytt\u00f6\u00f6n.","og_url":"https:\/\/www.ankarsrum.com\/fi\/product\/tehosekoitin-ja-sekoitustikku\/","og_site_name":"Ankarsrum Finland","article_modified_time":"2026-04-29T04:27:44+00:00","og_image":[{"width":1080,"height":630,"url":"https:\/\/www.ankarsrum.com\/fi\/wp-content\/uploads\/sites\/57\/2026\/03\/blender-with-tamper-920900088-1.jpg","type":"image\/jpeg"}],"twitter_card":"summary_large_image","twitter_misc":{"Price":"109,00&nbsp;&euro;","Availability":"In stock"},"schema":{"@context":"https:\/\/schema.org","@graph":[{"@type":"WebPage","@id":"https:\/\/www.ankarsrum.com\/fi\/product\/tehosekoitin-ja-sekoitustikku\/","url":"https:\/\/www.ankarsrum.com\/fi\/product\/tehosekoitin-ja-sekoitustikku\/","name":"Tehosekoitin ja sekoitustikku - Ankarsrum Finland","isPartOf":{"@id":"https:\/\/www.ankarsrum.com\/fi\/#website"},"primaryImageOfPage":{"@id":"https:\/\/www.ankarsrum.com\/fi\/product\/tehosekoitin-ja-sekoitustikku\/#primaryimage"},"image":{"@id":"https:\/\/www.ankarsrum.com\/fi\/product\/tehosekoitin-ja-sekoitustikku\/#primaryimage"},"thumbnailUrl":"https:\/\/www.ankarsrum.com\/img-srv\/TpBC8dPP2AuMCTXB0YlzmSy9cfzZqcgWWPG5Xr1vOAs\/resizing_type:auto\/width:0\/height:0\/gravity:sm\/enlarge:1\/ext:webp\/strip_metadata:1\/quality:90\/cachebuster:filesize-41785\/bG9jYWw6Ly8vd3d3LmFua2Fyc3J1bS5jb20vd3AtY29udGVudC91cGxvYWRzL3NpdGVzLzU3LzIwMjYvMDMvYmxlbmRlci13aXRoLXRhbXBlci05MjA5MDAwODgtMS5qcGc.webp","datePublished":"2026-03-09T11:49:00+00:00","dateModified":"2026-04-29T04:27:44+00:00","breadcrumb":{"@id":"https:\/\/www.ankarsrum.com\/fi\/product\/tehosekoitin-ja-sekoitustikku\/#breadcrumb"},"inLanguage":"fi","potentialAction":[{"@type":"ReadAction","target":["https:\/\/www.ankarsrum.com\/fi\/product\/tehosekoitin-ja-sekoitustikku\/"]}]},{"@type":"ImageObject","inLanguage":"fi","@id":"https:\/\/www.ankarsrum.com\/fi\/product\/tehosekoitin-ja-sekoitustikku\/#primaryimage","url":"https:\/\/www.ankarsrum.com\/img-srv\/TpBC8dPP2AuMCTXB0YlzmSy9cfzZqcgWWPG5Xr1vOAs\/resizing_type:auto\/width:0\/height:0\/gravity:sm\/enlarge:1\/ext:webp\/strip_metadata:1\/quality:90\/cachebuster:filesize-41785\/bG9jYWw6Ly8vd3d3LmFua2Fyc3J1bS5jb20vd3AtY29udGVudC91cGxvYWRzL3NpdGVzLzU3LzIwMjYvMDMvYmxlbmRlci13aXRoLXRhbXBlci05MjA5MDAwODgtMS5qcGc.webp","contentUrl":"https:\/\/www.ankarsrum.com\/img-srv\/TpBC8dPP2AuMCTXB0YlzmSy9cfzZqcgWWPG5Xr1vOAs\/resizing_type:auto\/width:0\/height:0\/gravity:sm\/enlarge:1\/ext:webp\/strip_metadata:1\/quality:90\/cachebuster:filesize-41785\/bG9jYWw6Ly8vd3d3LmFua2Fyc3J1bS5jb20vd3AtY29udGVudC91cGxvYWRzL3NpdGVzLzU3LzIwMjYvMDMvYmxlbmRlci13aXRoLXRhbXBlci05MjA5MDAwODgtMS5qcGc.webp","width":1080,"height":1080},{"@type":"BreadcrumbList","@id":"https:\/\/www.ankarsrum.com\/fi\/product\/tehosekoitin-ja-sekoitustikku\/#breadcrumb","itemListElement":[{"@type":"ListItem","position":1,"name":"Home","item":"https:\/\/www.ankarsrum.com\/fi\/"},{"@type":"ListItem","position":2,"name":"Produce name","item":"https:\/\/www.ankarsrum.com\/fi\/shop\/"},{"@type":"ListItem","position":3,"name":"Tehosekoitin ja sekoitustikku"}]},{"@type":"WebSite","@id":"https:\/\/www.ankarsrum.com\/fi\/#website","url":"https:\/\/www.ankarsrum.com\/fi\/","name":"Ankarsrum Finland","description":"The bread of the world","potentialAction":[{"@type":"SearchAction","target":{"@type":"EntryPoint","urlTemplate":"https:\/\/www.ankarsrum.com\/fi\/?s={search_term_string}"},"query-input":{"@type":"PropertyValueSpecification","valueRequired":true,"valueName":"search_term_string"}}],"inLanguage":"fi"}]},"product_price_amount":"109.00","product_price_currency":"EUR","og_availability":"instock","product_availability":"instock","product_retailer_item_id":"920900088","product_condition":"new"},"_links":{"self":[{"href":"https:\/\/www.ankarsrum.com\/fi\/wp-json\/wp\/v2\/product\/20053","targetHints":{"allow":["GET"]}}],"collection":[{"href":"https:\/\/www.ankarsrum.com\/fi\/wp-json\/wp\/v2\/product"}],"about":[{"href":"https:\/\/www.ankarsrum.com\/fi\/wp-json\/wp\/v2\/types\/product"}],"replies":[{"embeddable":true,"href":"https:\/\/www.ankarsrum.com\/fi\/wp-json\/wp\/v2\/comments?post=20053"}],"wp:featuredmedia":[{"embeddable":true,"href":"https:\/\/www.ankarsrum.com\/fi\/wp-json\/wp\/v2\/media\/20041"}],"wp:attachment":[{"href":"https:\/\/www.ankarsrum.com\/fi\/wp-json\/wp\/v2\/media?parent=20053"}],"wp:term":[{"taxonomy":"product_brand","embeddable":true,"href":"https:\/\/www.ankarsrum.com\/fi\/wp-json\/wp\/v2\/product_brand?post=20053"},{"taxonomy":"product_cat","embeddable":true,"href":"https:\/\/www.ankarsrum.com\/fi\/wp-json\/wp\/v2\/product_cat?post=20053"},{"taxonomy":"product_tag","embeddable":true,"href":"https:\/\/www.ankarsrum.com\/fi\/wp-json\/wp\/v2\/product_tag?post=20053"},{"taxonomy":"product-tag","embeddable":true,"href":"https:\/\/www.ankarsrum.com\/fi\/wp-json\/wp\/v2\/product-tag?post=20053"},{"taxonomy":"machines","embeddable":true,"href":"https:\/\/www.ankarsrum.com\/fi\/wp-json\/wp\/v2\/machines?post=20053"},{"taxonomy":"filter","embeddable":true,"href":"https:\/\/www.ankarsrum.com\/fi\/wp-json\/wp\/v2\/filter?post=20053"}],"curies":[{"name":"wp","href":"https:\/\/api.w.org\/{rel}","templated":true}]}}