{"id":75,"date":"2018-12-07T12:09:00","date_gmt":"2018-12-07T12:09:00","guid":{"rendered":"https:\/\/www.ankarsrum.com.dev.synot.io\/?page_id=75"},"modified":"2019-12-10T15:33:04","modified_gmt":"2019-12-10T15:33:04","slug":"product-categories","status":"publish","type":"page","link":"https:\/\/www.ankarsrum.com\/fr\/product-categories\/","title":{"rendered":"Pr\u00eat \u00e0 avoir un Assistent dans votre cuisine?"},"content":{"rendered":"<h3 class=\"wg-translation\">Le p\u00e9trin multifonctions Ankarsrum Assistent Original est con\u00e7u pour r\u00e9aliser les t\u00e2ches les plus difficiles en cuisine. C&#8217;est le meilleur pour le p\u00e9trissage gr\u00e2ce au design unique de son rouleau qui combin\u00e9 \u00e0 l&#8217;action du racloir imitent les mouvements du p\u00e9trissage \u00e0 la main. Son bol de 7 litres permet de p\u00e9trir jusqu&#8217;\u00e0 5 kg de p\u00e2te en une fois. Chaque appareil est fabriqu\u00e9, assembl\u00e9, test\u00e9 individuellement en Su\u00e8de et garanti 7 ans. Achetez votre robot ici&#8230;<\/h3>","protected":false},"excerpt":{"rendered":"<p>Le p\u00e9trin multifonctions Ankarsrum Assistent Original est con\u00e7u pour r\u00e9aliser les t\u00e2ches les plus difficiles en cuisine<\/p>\n","protected":false},"author":1,"featured_media":0,"parent":0,"menu_order":0,"comment_status":"closed","ping_status":"closed","template":"template-categories.php","meta":{"_acf_changed":false,"content-type":"","editor_notices":[],"footnotes":""},"class_list":["post-75","page","type-page","status-publish","hentry"],"acf":[],"yoast_head":"<!-- This site is optimized with the Yoast SEO Premium plugin v26.6 (Yoast SEO v26.6) - https:\/\/yoast.com\/wordpress\/plugins\/seo\/ -->\n<title>Pr\u00eat \u00e0 avoir un Assistent dans votre cuisine? - Ankarsrum France<\/title>\n<meta name=\"robots\" content=\"index, follow, max-snippet:-1, max-image-preview:large, max-video-preview:-1\" \/>\n<link rel=\"canonical\" href=\"https:\/\/www.ankarsrum.com\/fr\/product-categories\/\" \/>\n<meta property=\"og:locale\" content=\"fr_FR\" \/>\n<meta property=\"og:type\" content=\"article\" \/>\n<meta property=\"og:title\" content=\"Pr\u00eat \u00e0 avoir un Assistent dans votre cuisine?\" \/>\n<meta property=\"og:description\" content=\"Le p\u00e9trin multifonctions Ankarsrum Assistent Original est con\u00e7u pour r\u00e9aliser les t\u00e2ches les plus difficiles en cuisine\" \/>\n<meta property=\"og:url\" content=\"https:\/\/www.ankarsrum.com\/fr\/product-categories\/\" \/>\n<meta property=\"og:site_name\" content=\"Ankarsrum France\" \/>\n<meta property=\"article:modified_time\" content=\"2019-12-10T15:33:04+00:00\" \/>\n<meta name=\"twitter:card\" content=\"summary_large_image\" \/>\n<script type=\"application\/ld+json\" class=\"yoast-schema-graph\">{\"@context\":\"https:\/\/schema.org\",\"@graph\":[{\"@type\":\"WebPage\",\"@id\":\"https:\/\/www.ankarsrum.com\/fr\/product-categories\/\",\"url\":\"https:\/\/www.ankarsrum.com\/fr\/product-categories\/\",\"name\":\"Pr\u00eat \u00e0 avoir un Assistent dans votre cuisine? - Ankarsrum France\",\"isPartOf\":{\"@id\":\"https:\/\/www.ankarsrum.com\/fr\/#website\"},\"datePublished\":\"2018-12-07T12:09:00+00:00\",\"dateModified\":\"2019-12-10T15:33:04+00:00\",\"breadcrumb\":{\"@id\":\"https:\/\/www.ankarsrum.com\/fr\/product-categories\/#breadcrumb\"},\"inLanguage\":\"fr-FR\",\"potentialAction\":[{\"@type\":\"ReadAction\",\"target\":[\"https:\/\/www.ankarsrum.com\/fr\/product-categories\/\"]}]},{\"@type\":\"BreadcrumbList\",\"@id\":\"https:\/\/www.ankarsrum.com\/fr\/product-categories\/#breadcrumb\",\"itemListElement\":[{\"@type\":\"ListItem\",\"position\":1,\"name\":\"Home\",\"item\":\"https:\/\/www.ankarsrum.com\/fr\/\"},{\"@type\":\"ListItem\",\"position\":2,\"name\":\"Pr\u00eat \u00e0 avoir un Assistent dans votre cuisine?\"}]},{\"@type\":\"WebSite\",\"@id\":\"https:\/\/www.ankarsrum.com\/fr\/#website\",\"url\":\"https:\/\/www.ankarsrum.com\/fr\/\",\"name\":\"Ankarsrum France\",\"description\":\"The bread of the world\",\"potentialAction\":[{\"@type\":\"SearchAction\",\"target\":{\"@type\":\"EntryPoint\",\"urlTemplate\":\"https:\/\/www.ankarsrum.com\/fr\/?s={search_term_string}\"},\"query-input\":{\"@type\":\"PropertyValueSpecification\",\"valueRequired\":true,\"valueName\":\"search_term_string\"}}],\"inLanguage\":\"fr-FR\"}]}<\/script>\n<!-- \/ Yoast SEO Premium plugin. -->","yoast_head_json":{"title":"Pr\u00eat \u00e0 avoir un Assistent dans votre cuisine? - Ankarsrum France","robots":{"index":"index","follow":"follow","max-snippet":"max-snippet:-1","max-image-preview":"max-image-preview:large","max-video-preview":"max-video-preview:-1"},"canonical":"https:\/\/www.ankarsrum.com\/fr\/product-categories\/","og_locale":"fr_FR","og_type":"article","og_title":"Pr\u00eat \u00e0 avoir un Assistent dans votre cuisine?","og_description":"Le p\u00e9trin multifonctions Ankarsrum Assistent Original est con\u00e7u pour r\u00e9aliser les t\u00e2ches les plus difficiles en cuisine","og_url":"https:\/\/www.ankarsrum.com\/fr\/product-categories\/","og_site_name":"Ankarsrum France","article_modified_time":"2019-12-10T15:33:04+00:00","twitter_card":"summary_large_image","schema":{"@context":"https:\/\/schema.org","@graph":[{"@type":"WebPage","@id":"https:\/\/www.ankarsrum.com\/fr\/product-categories\/","url":"https:\/\/www.ankarsrum.com\/fr\/product-categories\/","name":"Pr\u00eat \u00e0 avoir un Assistent dans votre cuisine? - Ankarsrum France","isPartOf":{"@id":"https:\/\/www.ankarsrum.com\/fr\/#website"},"datePublished":"2018-12-07T12:09:00+00:00","dateModified":"2019-12-10T15:33:04+00:00","breadcrumb":{"@id":"https:\/\/www.ankarsrum.com\/fr\/product-categories\/#breadcrumb"},"inLanguage":"fr-FR","potentialAction":[{"@type":"ReadAction","target":["https:\/\/www.ankarsrum.com\/fr\/product-categories\/"]}]},{"@type":"BreadcrumbList","@id":"https:\/\/www.ankarsrum.com\/fr\/product-categories\/#breadcrumb","itemListElement":[{"@type":"ListItem","position":1,"name":"Home","item":"https:\/\/www.ankarsrum.com\/fr\/"},{"@type":"ListItem","position":2,"name":"Pr\u00eat \u00e0 avoir un Assistent dans votre cuisine?"}]},{"@type":"WebSite","@id":"https:\/\/www.ankarsrum.com\/fr\/#website","url":"https:\/\/www.ankarsrum.com\/fr\/","name":"Ankarsrum France","description":"The bread of the world","potentialAction":[{"@type":"SearchAction","target":{"@type":"EntryPoint","urlTemplate":"https:\/\/www.ankarsrum.com\/fr\/?s={search_term_string}"},"query-input":{"@type":"PropertyValueSpecification","valueRequired":true,"valueName":"search_term_string"}}],"inLanguage":"fr-FR"}]}},"_links":{"self":[{"href":"https:\/\/www.ankarsrum.com\/fr\/wp-json\/wp\/v2\/pages\/75","targetHints":{"allow":["GET"]}}],"collection":[{"href":"https:\/\/www.ankarsrum.com\/fr\/wp-json\/wp\/v2\/pages"}],"about":[{"href":"https:\/\/www.ankarsrum.com\/fr\/wp-json\/wp\/v2\/types\/page"}],"author":[{"embeddable":true,"href":"https:\/\/www.ankarsrum.com\/fr\/wp-json\/wp\/v2\/users\/1"}],"replies":[{"embeddable":true,"href":"https:\/\/www.ankarsrum.com\/fr\/wp-json\/wp\/v2\/comments?post=75"}],"version-history":[{"count":6,"href":"https:\/\/www.ankarsrum.com\/fr\/wp-json\/wp\/v2\/pages\/75\/revisions"}],"predecessor-version":[{"id":3525,"href":"https:\/\/www.ankarsrum.com\/fr\/wp-json\/wp\/v2\/pages\/75\/revisions\/3525"}],"wp:attachment":[{"href":"https:\/\/www.ankarsrum.com\/fr\/wp-json\/wp\/v2\/media?parent=75"}],"curies":[{"name":"wp","href":"https:\/\/api.w.org\/{rel}","templated":true}]}}