{"id":10546,"date":"2024-07-16T14:46:35","date_gmt":"2024-07-16T12:46:35","guid":{"rendered":"https:\/\/www.ankarsrum.com\/fr\/product\/blender-2\/"},"modified":"2026-04-29T00:37:36","modified_gmt":"2026-04-28T22:37:36","slug":"blender-avec-poussoir","status":"publish","type":"product","link":"https:\/\/www.ankarsrum.com\/fr\/product\/blender-avec-poussoir\/","title":{"rendered":"Blender avec poussoir"},"content":{"rendered":"<p class=\"MsoNormal\"><span style=\"mso-ansi-language: FR;\">Le blender se fixe facilement \u00e0 votre robot p\u00e2tissier en le positionnant sur le c\u00f4t\u00e9, pour mixer sans effort des smoothies, concasser des fruits rouges congel\u00e9s et pr\u00e9parer des sauces onctueuses. D&#039;une capacit\u00e9 de 1,5 litre, il peut \u00eatre utilis\u00e9 jusqu&#039;\u00e0 1,3 litre. Le poussoir pousse les ingr\u00e9dients vers les lames pour un mixage parfait, que vous travailliez avec du chocolat hach\u00e9 ou du houmous cr\u00e9meux.<\/span><\/p>\n<p class=\"MsoNormal\"><span style=\"mso-ansi-language: FR;\">Fabriqu\u00e9 en plastique Tritan exceptionnellement r\u00e9sistant et sans BPA, le blender garantit une utilisation s\u00fbre et durable. Pour plus de s\u00e9curit\u00e9, gardez une main sur le couvercle pendant le mixage. Le blender est un outil qui sublime vos recettes.<\/span><\/p>\n<p class=\"MsoNormal\"><strong>Le Blender avec poussoir est compatible avec tous les mod\u00e8les Assistent Original &#8211; Type : N23-N30 | Type : N30 \/ Mod\u00e8le : AKM6230<\/strong><\/p>\n<p class=\"MsoNormal\">Qu&#039;est-ce qui est inclus\u00a0?<\/p>\n<ul>\n<li class=\"MsoNormal\">Bol du blender<\/li>\n<li class=\"MsoNormal\">Couvercle du blender<\/li>\n<li class=\"MsoNormal\">Couvercle doseur<\/li>\n<li class=\"MsoNormal\">Poussoir<\/li>\n<\/ul>\n<p class=\"MsoNormal\">\u00a0<\/p>","protected":false},"excerpt":{"rendered":"<p class=\"MsoNormal\"><span class=\"normaltextrun\"><span style=\"font-family: &#039;Arial&#039;,sans-serif; color: black; border: none windowtext 1.0pt; mso-border-alt: none windowtext 0cm; padding: 0cm; mso-ansi-language: FR;\">\u00c9crasez, m\u00e9langez et mixez des recettes saines en toute simplicit\u00e9. Notre blender peut facilement mixer des fruits frais ou surgel\u00e9s, de la glace, des herbes, des noix et bien plus encore. Sa conception exceptionnellement robuste est con\u00e7ue pour un usage quotidien.<\/span><\/span><\/p>\n","protected":false},"featured_media":10410,"comment_status":"open","ping_status":"closed","template":"","meta":{"_acf_changed":false,"content-type":"","editor_notices":[]},"product_brand":[],"product_cat":[139],"product_tag":[],"product-tag":[],"machines":[],"filter":[],"class_list":{"0":"post-10546","1":"product","2":"type-product","3":"status-publish","4":"has-post-thumbnail","6":"product_cat-accessoires","8":"first","9":"instock","10":"taxable","11":"shipping-taxable","12":"purchasable","13":"product-type-simple"},"bundled_by":[],"bundle_stock_status":"instock","bundle_stock_quantity":null,"bundle_virtual":false,"bundle_layout":"","bundle_add_to_cart_form_location":"","bundle_editable_in_cart":false,"bundle_sold_individually_context":"","bundle_item_grouping":"","bundle_min_size":"","bundle_max_size":"","bundle_price":[],"bundled_items":[],"bundle_sell_ids":[],"acf":[],"yoast_head":"<!-- This site is optimized with the Yoast SEO Premium plugin v26.6 (Yoast SEO v26.6) - https:\/\/yoast.com\/wordpress\/plugins\/seo\/ -->\n<title>Blender avec poussoir - Ankarsrum France<\/title>\n<meta name=\"description\" content=\"Blender pour robot ANKARSUM. Profitez de toute la puissance de votre robot, pour m\u00e9langer, mixer et cr\u00e9er sans limite en cuisine !\" \/>\n<meta name=\"robots\" content=\"index, follow, max-snippet:-1, max-image-preview:large, max-video-preview:-1\" \/>\n<link rel=\"canonical\" href=\"https:\/\/www.ankarsrum.com\/fr\/product\/blender-avec-poussoir\/\" \/>\n<meta property=\"og:locale\" content=\"fr_FR\" \/>\n<meta property=\"og:type\" content=\"article\" \/>\n<meta property=\"og:title\" content=\"Blender avec poussoir\" \/>\n<meta property=\"og:description\" content=\"Blender pour robot ANKARSUM. Profitez de toute la puissance de votre robot, pour m\u00e9langer, mixer et cr\u00e9er sans limite en cuisine !\" \/>\n<meta property=\"og:url\" content=\"https:\/\/www.ankarsrum.com\/fr\/product\/blender-avec-poussoir\/\" \/>\n<meta property=\"og:site_name\" content=\"Ankarsrum France\" \/>\n<meta property=\"article:modified_time\" content=\"2026-04-28T22:37:36+00:00\" \/>\n<meta property=\"og:image\" content=\"https:\/\/www.ankarsrum.com\/fr\/wp-content\/uploads\/sites\/23\/2024\/09\/blender-with-tamper-920900082-3.png\" \/>\n\t<meta property=\"og:image:width\" content=\"1080\" \/>\n\t<meta property=\"og:image:height\" content=\"630\" \/>\n\t<meta property=\"og:image:type\" content=\"image\/png\" \/>\n<meta name=\"twitter:card\" content=\"summary_large_image\" \/>\n<meta name=\"twitter:label1\" content=\"Dur\u00e9e de lecture estim\u00e9e\" \/>\n\t<meta name=\"twitter:data1\" content=\"1 minute\" \/>\n<script type=\"application\/ld+json\" class=\"yoast-schema-graph\">{\"@context\":\"https:\/\/schema.org\",\"@graph\":[{\"@type\":\"WebPage\",\"@id\":\"https:\/\/www.ankarsrum.com\/fr\/product\/blender-avec-poussoir\/\",\"url\":\"https:\/\/www.ankarsrum.com\/fr\/product\/blender-avec-poussoir\/\",\"name\":\"Blender avec poussoir - Ankarsrum France\",\"isPartOf\":{\"@id\":\"https:\/\/www.ankarsrum.com\/fr\/#website\"},\"primaryImageOfPage\":{\"@id\":\"https:\/\/www.ankarsrum.com\/fr\/product\/blender-avec-poussoir\/#primaryimage\"},\"image\":{\"@id\":\"https:\/\/www.ankarsrum.com\/fr\/product\/blender-avec-poussoir\/#primaryimage\"},\"thumbnailUrl\":\"https:\/\/www.ankarsrum.com\/img-srv\/R1X8gLRLh6u-jCiOYnBs99YnaF1vvXKyOZ-5KEoSHy4\/resizing_type:auto\/width:0\/height:0\/gravity:sm\/enlarge:1\/ext:webp\/strip_metadata:1\/quality:90\/cachebuster:filesize-350030\/bG9jYWw6Ly8vd3d3LmFua2Fyc3J1bS5jb20vd3AtY29udGVudC91cGxvYWRzL3NpdGVzLzIzLzIwMjQvMDkvYmxlbmRlci13aXRoLXRhbXBlci05MjA5MDAwODItMy5wbmc.webp\",\"datePublished\":\"2024-07-16T12:46:35+00:00\",\"dateModified\":\"2026-04-28T22:37:36+00:00\",\"description\":\"Blender pour robot ANKARSUM. Profitez de toute la puissance de votre robot, pour m\u00e9langer, mixer et cr\u00e9er sans limite en cuisine !\",\"breadcrumb\":{\"@id\":\"https:\/\/www.ankarsrum.com\/fr\/product\/blender-avec-poussoir\/#breadcrumb\"},\"inLanguage\":\"fr-FR\",\"potentialAction\":[{\"@type\":\"ReadAction\",\"target\":[\"https:\/\/www.ankarsrum.com\/fr\/product\/blender-avec-poussoir\/\"]}]},{\"@type\":\"ImageObject\",\"inLanguage\":\"fr-FR\",\"@id\":\"https:\/\/www.ankarsrum.com\/fr\/product\/blender-avec-poussoir\/#primaryimage\",\"url\":\"https:\/\/www.ankarsrum.com\/img-srv\/R1X8gLRLh6u-jCiOYnBs99YnaF1vvXKyOZ-5KEoSHy4\/resizing_type:auto\/width:0\/height:0\/gravity:sm\/enlarge:1\/ext:webp\/strip_metadata:1\/quality:90\/cachebuster:filesize-350030\/bG9jYWw6Ly8vd3d3LmFua2Fyc3J1bS5jb20vd3AtY29udGVudC91cGxvYWRzL3NpdGVzLzIzLzIwMjQvMDkvYmxlbmRlci13aXRoLXRhbXBlci05MjA5MDAwODItMy5wbmc.webp\",\"contentUrl\":\"https:\/\/www.ankarsrum.com\/img-srv\/R1X8gLRLh6u-jCiOYnBs99YnaF1vvXKyOZ-5KEoSHy4\/resizing_type:auto\/width:0\/height:0\/gravity:sm\/enlarge:1\/ext:webp\/strip_metadata:1\/quality:90\/cachebuster:filesize-350030\/bG9jYWw6Ly8vd3d3LmFua2Fyc3J1bS5jb20vd3AtY29udGVudC91cGxvYWRzL3NpdGVzLzIzLzIwMjQvMDkvYmxlbmRlci13aXRoLXRhbXBlci05MjA5MDAwODItMy5wbmc.webp\",\"width\":1080,\"height\":1080},{\"@type\":\"BreadcrumbList\",\"@id\":\"https:\/\/www.ankarsrum.com\/fr\/product\/blender-avec-poussoir\/#breadcrumb\",\"itemListElement\":[{\"@type\":\"ListItem\",\"position\":1,\"name\":\"Home\",\"item\":\"https:\/\/www.ankarsrum.com\/fr\/\"},{\"@type\":\"ListItem\",\"position\":2,\"name\":\"Produce name\",\"item\":\"https:\/\/www.ankarsrum.com\/fr\/shop\/\"},{\"@type\":\"ListItem\",\"position\":3,\"name\":\"Blender avec poussoir\"}]},{\"@type\":\"WebSite\",\"@id\":\"https:\/\/www.ankarsrum.com\/fr\/#website\",\"url\":\"https:\/\/www.ankarsrum.com\/fr\/\",\"name\":\"Ankarsrum France\",\"description\":\"The bread of the world\",\"potentialAction\":[{\"@type\":\"SearchAction\",\"target\":{\"@type\":\"EntryPoint\",\"urlTemplate\":\"https:\/\/www.ankarsrum.com\/fr\/?s={search_term_string}\"},\"query-input\":{\"@type\":\"PropertyValueSpecification\",\"valueRequired\":true,\"valueName\":\"search_term_string\"}}],\"inLanguage\":\"fr-FR\"}]}<\/script>\n<!-- \/ Yoast SEO Premium plugin. -->","yoast_head_json":{"title":"Blender avec poussoir - Ankarsrum France","description":"Blender pour robot ANKARSUM. Profitez de toute la puissance de votre robot, pour m\u00e9langer, mixer et cr\u00e9er sans limite en cuisine !","robots":{"index":"index","follow":"follow","max-snippet":"max-snippet:-1","max-image-preview":"max-image-preview:large","max-video-preview":"max-video-preview:-1"},"canonical":"https:\/\/www.ankarsrum.com\/fr\/product\/blender-avec-poussoir\/","og_locale":"fr_FR","og_type":"article","og_title":"Blender avec poussoir","og_description":"Blender pour robot ANKARSUM. Profitez de toute la puissance de votre robot, pour m\u00e9langer, mixer et cr\u00e9er sans limite en cuisine !","og_url":"https:\/\/www.ankarsrum.com\/fr\/product\/blender-avec-poussoir\/","og_site_name":"Ankarsrum France","article_modified_time":"2026-04-28T22:37:36+00:00","og_image":[{"width":1080,"height":630,"url":"https:\/\/www.ankarsrum.com\/fr\/wp-content\/uploads\/sites\/23\/2024\/09\/blender-with-tamper-920900082-3.png","type":"image\/png"}],"twitter_card":"summary_large_image","twitter_misc":{"Dur\u00e9e de lecture estim\u00e9e":"1 minute"},"schema":{"@context":"https:\/\/schema.org","@graph":[{"@type":"WebPage","@id":"https:\/\/www.ankarsrum.com\/fr\/product\/blender-avec-poussoir\/","url":"https:\/\/www.ankarsrum.com\/fr\/product\/blender-avec-poussoir\/","name":"Blender avec poussoir - Ankarsrum France","isPartOf":{"@id":"https:\/\/www.ankarsrum.com\/fr\/#website"},"primaryImageOfPage":{"@id":"https:\/\/www.ankarsrum.com\/fr\/product\/blender-avec-poussoir\/#primaryimage"},"image":{"@id":"https:\/\/www.ankarsrum.com\/fr\/product\/blender-avec-poussoir\/#primaryimage"},"thumbnailUrl":"https:\/\/www.ankarsrum.com\/img-srv\/R1X8gLRLh6u-jCiOYnBs99YnaF1vvXKyOZ-5KEoSHy4\/resizing_type:auto\/width:0\/height:0\/gravity:sm\/enlarge:1\/ext:webp\/strip_metadata:1\/quality:90\/cachebuster:filesize-350030\/bG9jYWw6Ly8vd3d3LmFua2Fyc3J1bS5jb20vd3AtY29udGVudC91cGxvYWRzL3NpdGVzLzIzLzIwMjQvMDkvYmxlbmRlci13aXRoLXRhbXBlci05MjA5MDAwODItMy5wbmc.webp","datePublished":"2024-07-16T12:46:35+00:00","dateModified":"2026-04-28T22:37:36+00:00","description":"Blender pour robot ANKARSUM. Profitez de toute la puissance de votre robot, pour m\u00e9langer, mixer et cr\u00e9er sans limite en cuisine !","breadcrumb":{"@id":"https:\/\/www.ankarsrum.com\/fr\/product\/blender-avec-poussoir\/#breadcrumb"},"inLanguage":"fr-FR","potentialAction":[{"@type":"ReadAction","target":["https:\/\/www.ankarsrum.com\/fr\/product\/blender-avec-poussoir\/"]}]},{"@type":"ImageObject","inLanguage":"fr-FR","@id":"https:\/\/www.ankarsrum.com\/fr\/product\/blender-avec-poussoir\/#primaryimage","url":"https:\/\/www.ankarsrum.com\/img-srv\/R1X8gLRLh6u-jCiOYnBs99YnaF1vvXKyOZ-5KEoSHy4\/resizing_type:auto\/width:0\/height:0\/gravity:sm\/enlarge:1\/ext:webp\/strip_metadata:1\/quality:90\/cachebuster:filesize-350030\/bG9jYWw6Ly8vd3d3LmFua2Fyc3J1bS5jb20vd3AtY29udGVudC91cGxvYWRzL3NpdGVzLzIzLzIwMjQvMDkvYmxlbmRlci13aXRoLXRhbXBlci05MjA5MDAwODItMy5wbmc.webp","contentUrl":"https:\/\/www.ankarsrum.com\/img-srv\/R1X8gLRLh6u-jCiOYnBs99YnaF1vvXKyOZ-5KEoSHy4\/resizing_type:auto\/width:0\/height:0\/gravity:sm\/enlarge:1\/ext:webp\/strip_metadata:1\/quality:90\/cachebuster:filesize-350030\/bG9jYWw6Ly8vd3d3LmFua2Fyc3J1bS5jb20vd3AtY29udGVudC91cGxvYWRzL3NpdGVzLzIzLzIwMjQvMDkvYmxlbmRlci13aXRoLXRhbXBlci05MjA5MDAwODItMy5wbmc.webp","width":1080,"height":1080},{"@type":"BreadcrumbList","@id":"https:\/\/www.ankarsrum.com\/fr\/product\/blender-avec-poussoir\/#breadcrumb","itemListElement":[{"@type":"ListItem","position":1,"name":"Home","item":"https:\/\/www.ankarsrum.com\/fr\/"},{"@type":"ListItem","position":2,"name":"Produce name","item":"https:\/\/www.ankarsrum.com\/fr\/shop\/"},{"@type":"ListItem","position":3,"name":"Blender avec poussoir"}]},{"@type":"WebSite","@id":"https:\/\/www.ankarsrum.com\/fr\/#website","url":"https:\/\/www.ankarsrum.com\/fr\/","name":"Ankarsrum France","description":"The bread of the world","potentialAction":[{"@type":"SearchAction","target":{"@type":"EntryPoint","urlTemplate":"https:\/\/www.ankarsrum.com\/fr\/?s={search_term_string}"},"query-input":{"@type":"PropertyValueSpecification","valueRequired":true,"valueName":"search_term_string"}}],"inLanguage":"fr-FR"}]}},"_links":{"self":[{"href":"https:\/\/www.ankarsrum.com\/fr\/wp-json\/wp\/v2\/product\/10546","targetHints":{"allow":["GET"]}}],"collection":[{"href":"https:\/\/www.ankarsrum.com\/fr\/wp-json\/wp\/v2\/product"}],"about":[{"href":"https:\/\/www.ankarsrum.com\/fr\/wp-json\/wp\/v2\/types\/product"}],"replies":[{"embeddable":true,"href":"https:\/\/www.ankarsrum.com\/fr\/wp-json\/wp\/v2\/comments?post=10546"}],"wp:featuredmedia":[{"embeddable":true,"href":"https:\/\/www.ankarsrum.com\/fr\/wp-json\/wp\/v2\/media\/10410"}],"wp:attachment":[{"href":"https:\/\/www.ankarsrum.com\/fr\/wp-json\/wp\/v2\/media?parent=10546"}],"wp:term":[{"taxonomy":"product_brand","embeddable":true,"href":"https:\/\/www.ankarsrum.com\/fr\/wp-json\/wp\/v2\/product_brand?post=10546"},{"taxonomy":"product_cat","embeddable":true,"href":"https:\/\/www.ankarsrum.com\/fr\/wp-json\/wp\/v2\/product_cat?post=10546"},{"taxonomy":"product_tag","embeddable":true,"href":"https:\/\/www.ankarsrum.com\/fr\/wp-json\/wp\/v2\/product_tag?post=10546"},{"taxonomy":"product-tag","embeddable":true,"href":"https:\/\/www.ankarsrum.com\/fr\/wp-json\/wp\/v2\/product-tag?post=10546"},{"taxonomy":"machines","embeddable":true,"href":"https:\/\/www.ankarsrum.com\/fr\/wp-json\/wp\/v2\/machines?post=10546"},{"taxonomy":"filter","embeddable":true,"href":"https:\/\/www.ankarsrum.com\/fr\/wp-json\/wp\/v2\/filter?post=10546"}],"curies":[{"name":"wp","href":"https:\/\/api.w.org\/{rel}","templated":true}]}}