{"id":10586,"date":"2024-07-16T09:00:53","date_gmt":"2024-07-16T07:00:53","guid":{"rendered":"https:\/\/www.ankarsrum.com\/fr\/product\/hachoir-pack-complet\/"},"modified":"2026-01-30T15:15:59","modified_gmt":"2026-01-30T14:15:59","slug":"hachoir-pack-complet","status":"publish","type":"product","link":"https:\/\/www.ankarsrum.com\/fr\/product\/hachoir-pack-complet\/","title":{"rendered":"Hachoir Pack Complet"},"content":{"rendered":"Un v\u00e9ritable hachoir \u00e0 viande dans votre cuisine vous permet de d\u00e9couvrir de nouvelles possibilit\u00e9s de recettes. Quelque soit vos pr\u00e9f\u00e9rences, vous pouvez l&#8217;utiliser pour hacher du poisson, de la viande ou des pois chiches pour vos plats v\u00e9g\u00e9tariens (falafels).\r\n\r\nUtilisez la r\u00e2pe pour r\u00e2per finement les noix, les amandes, le pain , le chocolat, le parmesan, les carottes, les pommes de terre, etc.\r\n\r\nLa passoire permet de r\u00e9duire les fruits et les baies en pur\u00e9e. Coupez les fruits en quartiers en gardant la peau et le c\u0153ur. R\u00e9glez \u00e0 l&#8217;aide du bouton de r\u00e9glage, l&#8217;\u00e9paisseur ou la finesse de la pur\u00e9e que vous voulez obtenir. Commencez toujours par la position la plus large pour obtenir les meilleurs r\u00e9sultats.\r\n\r\n&nbsp;\r\n\r\n&#8211; Un hachoir tout en m\u00e9tal comme les pros !\r\n&#8211; Permet de hacher la viande, le poisson, le poulet, les haricots&#8230;.\r\n&#8211; 3 embouts \u00e0 saucisses 10, 20 et 25 mm inclus\r\n&#8211; Grilles de 2,5 mm, 4,5 mm , 6 mm et 8 mm inclues.\r\n\r\n&#8211; La passoire se compose d&#8217;une vis, d&#8217;un embout de sortie, d&#8217;un filtre, d&#8217;un bouton de r\u00e9glage et d&#8217;une cuve.\r\n&#8211; La r\u00e2pe se compose d&#8217;un cylindre et d&#8217;une vis.\r\n&#8211; Utilisez toujours le poussoir pour introduire les ingr\u00e9dients. N&#8217;ins\u00e9rez pas de corps \u00e9trangers tels que des couteaux ou des fourchettes dans le corps du hachoir.\r\n&#8211; Le hachoir s&#8217;adapte \u00e0 tous les mod\u00e8les Assistent N1-N30.","protected":false},"excerpt":{"rendered":"<p>Voici la solution pour tous ceux qui veulent explorer toutes les possibilit\u00e9s qu&#8217;offre le hachoir de l&#8217;Assistent Original\u00ae comme hacher, r\u00e2per, presser, faire des saucisses, confectionner des p\u00e2tes fra\u00eeches, des biscuits,&#8230;<\/p>\n<p>Le pack complet du hachoir contient le corps de hachoir, 3 embouts \u00e0 saucisses 10\/20\/25mm, un plateau d&#8217;alimentation, un poussoir, 4 grilles 2.5\/4.5\/6\/8mm, une passoire, une r\u00e2pe, des disques \u00e0 p\u00e2tes, une presse \u00e0 biscuits et une protection anti-\u00e9claboussures.<\/p>\n","protected":false},"featured_media":12889,"comment_status":"open","ping_status":"closed","template":"","meta":{"_acf_changed":false,"content-type":"","editor_notices":[]},"product_brand":[],"product_cat":[139],"product_tag":[],"product-tag":[],"machines":[],"filter":[],"class_list":{"0":"post-10586","1":"product","2":"type-product","3":"status-publish","4":"has-post-thumbnail","6":"product_cat-accessoires","8":"first","9":"instock","10":"taxable","11":"shipping-taxable","12":"purchasable","13":"product-type-simple"},"bundled_by":[],"bundle_stock_status":"instock","bundle_stock_quantity":null,"bundle_virtual":false,"bundle_layout":"","bundle_add_to_cart_form_location":"","bundle_editable_in_cart":false,"bundle_sold_individually_context":"","bundle_item_grouping":"","bundle_min_size":"","bundle_max_size":"","bundle_price":[],"bundled_items":[],"bundle_sell_ids":[],"acf":[],"yoast_head":"<!-- This site is optimized with the Yoast SEO Premium plugin v26.6 (Yoast SEO v26.6) - https:\/\/yoast.com\/wordpress\/plugins\/seo\/ -->\n<title>Hachoir Pack Complet - Ankarsrum France<\/title>\n<meta name=\"robots\" content=\"index, follow, max-snippet:-1, max-image-preview:large, max-video-preview:-1\" \/>\n<link rel=\"canonical\" href=\"https:\/\/www.ankarsrum.com\/fr\/product\/hachoir-pack-complet\/\" \/>\n<meta property=\"og:locale\" content=\"fr_FR\" \/>\n<meta property=\"og:type\" content=\"article\" \/>\n<meta property=\"og:title\" content=\"Hachoir Pack Complet\" \/>\n<meta property=\"og:description\" content=\"Voici la solution pour tous ceux qui veulent explorer toutes les possibilit\u00e9s qu&#039;offre le hachoir de l&#039;Assistent Original\u00ae comme hacher, r\u00e2per, presser, faire des saucisses, confectionner des p\u00e2tes fra\u00eeches, des biscuits,...  Le pack complet du hachoir contient le corps de hachoir, 3 embouts \u00e0 saucisses 10\/20\/25mm, un plateau d&#039;alimentation, un poussoir, 4 grilles 2.5\/4.5\/6\/8mm, une passoire, une r\u00e2pe, des disques \u00e0 p\u00e2tes, une presse \u00e0 biscuits et une protection anti-\u00e9claboussures.\" \/>\n<meta property=\"og:url\" content=\"https:\/\/www.ankarsrum.com\/fr\/product\/hachoir-pack-complet\/\" \/>\n<meta property=\"og:site_name\" content=\"Ankarsrum France\" \/>\n<meta property=\"article:modified_time\" content=\"2026-01-30T14:15:59+00:00\" \/>\n<meta property=\"og:image\" content=\"https:\/\/www.ankarsrum.com\/fr\/wp-content\/uploads\/sites\/23\/2024\/07\/pack-hachoir-complet-ankarsrum.jpg\" \/>\n\t<meta property=\"og:image:width\" content=\"800\" \/>\n\t<meta property=\"og:image:height\" content=\"630\" \/>\n\t<meta property=\"og:image:type\" content=\"image\/jpeg\" \/>\n<meta name=\"twitter:card\" content=\"summary_large_image\" \/>\n<meta name=\"twitter:label1\" content=\"Dur\u00e9e de lecture estim\u00e9e\" \/>\n\t<meta name=\"twitter:data1\" content=\"2 minutes\" \/>\n<script type=\"application\/ld+json\" class=\"yoast-schema-graph\">{\"@context\":\"https:\/\/schema.org\",\"@graph\":[{\"@type\":\"WebPage\",\"@id\":\"https:\/\/www.ankarsrum.com\/fr\/product\/hachoir-pack-complet\/\",\"url\":\"https:\/\/www.ankarsrum.com\/fr\/product\/hachoir-pack-complet\/\",\"name\":\"Hachoir Pack Complet - Ankarsrum France\",\"isPartOf\":{\"@id\":\"https:\/\/www.ankarsrum.com\/fr\/#website\"},\"primaryImageOfPage\":{\"@id\":\"https:\/\/www.ankarsrum.com\/fr\/product\/hachoir-pack-complet\/#primaryimage\"},\"image\":{\"@id\":\"https:\/\/www.ankarsrum.com\/fr\/product\/hachoir-pack-complet\/#primaryimage\"},\"thumbnailUrl\":\"https:\/\/www.ankarsrum.com\/img-srv\/oEmDbxZOfxc80z1rMSraznO91ceZVzdqZDJhgjOTxUY\/resizing_type:auto\/width:0\/height:0\/gravity:sm\/enlarge:1\/ext:webp\/strip_metadata:1\/quality:90\/cachebuster:filesize-110473\/bG9jYWw6Ly8vd3d3LmFua2Fyc3J1bS5jb20vd3AtY29udGVudC91cGxvYWRzL3NpdGVzLzIzLzIwMjQvMDcvcGFjay1oYWNob2lyLWNvbXBsZXQtYW5rYXJzcnVtLmpwZw.webp\",\"datePublished\":\"2024-07-16T07:00:53+00:00\",\"dateModified\":\"2026-01-30T14:15:59+00:00\",\"breadcrumb\":{\"@id\":\"https:\/\/www.ankarsrum.com\/fr\/product\/hachoir-pack-complet\/#breadcrumb\"},\"inLanguage\":\"fr-FR\",\"potentialAction\":[{\"@type\":\"ReadAction\",\"target\":[\"https:\/\/www.ankarsrum.com\/fr\/product\/hachoir-pack-complet\/\"]}]},{\"@type\":\"ImageObject\",\"inLanguage\":\"fr-FR\",\"@id\":\"https:\/\/www.ankarsrum.com\/fr\/product\/hachoir-pack-complet\/#primaryimage\",\"url\":\"https:\/\/www.ankarsrum.com\/img-srv\/oEmDbxZOfxc80z1rMSraznO91ceZVzdqZDJhgjOTxUY\/resizing_type:auto\/width:0\/height:0\/gravity:sm\/enlarge:1\/ext:webp\/strip_metadata:1\/quality:90\/cachebuster:filesize-110473\/bG9jYWw6Ly8vd3d3LmFua2Fyc3J1bS5jb20vd3AtY29udGVudC91cGxvYWRzL3NpdGVzLzIzLzIwMjQvMDcvcGFjay1oYWNob2lyLWNvbXBsZXQtYW5rYXJzcnVtLmpwZw.webp\",\"contentUrl\":\"https:\/\/www.ankarsrum.com\/img-srv\/oEmDbxZOfxc80z1rMSraznO91ceZVzdqZDJhgjOTxUY\/resizing_type:auto\/width:0\/height:0\/gravity:sm\/enlarge:1\/ext:webp\/strip_metadata:1\/quality:90\/cachebuster:filesize-110473\/bG9jYWw6Ly8vd3d3LmFua2Fyc3J1bS5jb20vd3AtY29udGVudC91cGxvYWRzL3NpdGVzLzIzLzIwMjQvMDcvcGFjay1oYWNob2lyLWNvbXBsZXQtYW5rYXJzcnVtLmpwZw.webp\",\"width\":800,\"height\":800,\"caption\":\"pack hachoir complet ankarsrum\"},{\"@type\":\"BreadcrumbList\",\"@id\":\"https:\/\/www.ankarsrum.com\/fr\/product\/hachoir-pack-complet\/#breadcrumb\",\"itemListElement\":[{\"@type\":\"ListItem\",\"position\":1,\"name\":\"Home\",\"item\":\"https:\/\/www.ankarsrum.com\/fr\/\"},{\"@type\":\"ListItem\",\"position\":2,\"name\":\"Produce name\",\"item\":\"https:\/\/www.ankarsrum.com\/fr\/shop\/\"},{\"@type\":\"ListItem\",\"position\":3,\"name\":\"Hachoir Pack Complet\"}]},{\"@type\":\"WebSite\",\"@id\":\"https:\/\/www.ankarsrum.com\/fr\/#website\",\"url\":\"https:\/\/www.ankarsrum.com\/fr\/\",\"name\":\"Ankarsrum France\",\"description\":\"The bread of the world\",\"potentialAction\":[{\"@type\":\"SearchAction\",\"target\":{\"@type\":\"EntryPoint\",\"urlTemplate\":\"https:\/\/www.ankarsrum.com\/fr\/?s={search_term_string}\"},\"query-input\":{\"@type\":\"PropertyValueSpecification\",\"valueRequired\":true,\"valueName\":\"search_term_string\"}}],\"inLanguage\":\"fr-FR\"}]}<\/script>\n<!-- \/ Yoast SEO Premium plugin. -->","yoast_head_json":{"title":"Hachoir Pack Complet - Ankarsrum France","robots":{"index":"index","follow":"follow","max-snippet":"max-snippet:-1","max-image-preview":"max-image-preview:large","max-video-preview":"max-video-preview:-1"},"canonical":"https:\/\/www.ankarsrum.com\/fr\/product\/hachoir-pack-complet\/","og_locale":"fr_FR","og_type":"article","og_title":"Hachoir Pack Complet","og_description":"Voici la solution pour tous ceux qui veulent explorer toutes les possibilit\u00e9s qu'offre le hachoir de l'Assistent Original\u00ae comme hacher, r\u00e2per, presser, faire des saucisses, confectionner des p\u00e2tes fra\u00eeches, des biscuits,...  Le pack complet du hachoir contient le corps de hachoir, 3 embouts \u00e0 saucisses 10\/20\/25mm, un plateau d'alimentation, un poussoir, 4 grilles 2.5\/4.5\/6\/8mm, une passoire, une r\u00e2pe, des disques \u00e0 p\u00e2tes, une presse \u00e0 biscuits et une protection anti-\u00e9claboussures.","og_url":"https:\/\/www.ankarsrum.com\/fr\/product\/hachoir-pack-complet\/","og_site_name":"Ankarsrum France","article_modified_time":"2026-01-30T14:15:59+00:00","og_image":[{"width":800,"height":630,"url":"https:\/\/www.ankarsrum.com\/fr\/wp-content\/uploads\/sites\/23\/2024\/07\/pack-hachoir-complet-ankarsrum.jpg","type":"image\/jpeg"}],"twitter_card":"summary_large_image","twitter_misc":{"Dur\u00e9e de lecture estim\u00e9e":"2 minutes"},"schema":{"@context":"https:\/\/schema.org","@graph":[{"@type":"WebPage","@id":"https:\/\/www.ankarsrum.com\/fr\/product\/hachoir-pack-complet\/","url":"https:\/\/www.ankarsrum.com\/fr\/product\/hachoir-pack-complet\/","name":"Hachoir Pack Complet - Ankarsrum France","isPartOf":{"@id":"https:\/\/www.ankarsrum.com\/fr\/#website"},"primaryImageOfPage":{"@id":"https:\/\/www.ankarsrum.com\/fr\/product\/hachoir-pack-complet\/#primaryimage"},"image":{"@id":"https:\/\/www.ankarsrum.com\/fr\/product\/hachoir-pack-complet\/#primaryimage"},"thumbnailUrl":"https:\/\/www.ankarsrum.com\/img-srv\/oEmDbxZOfxc80z1rMSraznO91ceZVzdqZDJhgjOTxUY\/resizing_type:auto\/width:0\/height:0\/gravity:sm\/enlarge:1\/ext:webp\/strip_metadata:1\/quality:90\/cachebuster:filesize-110473\/bG9jYWw6Ly8vd3d3LmFua2Fyc3J1bS5jb20vd3AtY29udGVudC91cGxvYWRzL3NpdGVzLzIzLzIwMjQvMDcvcGFjay1oYWNob2lyLWNvbXBsZXQtYW5rYXJzcnVtLmpwZw.webp","datePublished":"2024-07-16T07:00:53+00:00","dateModified":"2026-01-30T14:15:59+00:00","breadcrumb":{"@id":"https:\/\/www.ankarsrum.com\/fr\/product\/hachoir-pack-complet\/#breadcrumb"},"inLanguage":"fr-FR","potentialAction":[{"@type":"ReadAction","target":["https:\/\/www.ankarsrum.com\/fr\/product\/hachoir-pack-complet\/"]}]},{"@type":"ImageObject","inLanguage":"fr-FR","@id":"https:\/\/www.ankarsrum.com\/fr\/product\/hachoir-pack-complet\/#primaryimage","url":"https:\/\/www.ankarsrum.com\/img-srv\/oEmDbxZOfxc80z1rMSraznO91ceZVzdqZDJhgjOTxUY\/resizing_type:auto\/width:0\/height:0\/gravity:sm\/enlarge:1\/ext:webp\/strip_metadata:1\/quality:90\/cachebuster:filesize-110473\/bG9jYWw6Ly8vd3d3LmFua2Fyc3J1bS5jb20vd3AtY29udGVudC91cGxvYWRzL3NpdGVzLzIzLzIwMjQvMDcvcGFjay1oYWNob2lyLWNvbXBsZXQtYW5rYXJzcnVtLmpwZw.webp","contentUrl":"https:\/\/www.ankarsrum.com\/img-srv\/oEmDbxZOfxc80z1rMSraznO91ceZVzdqZDJhgjOTxUY\/resizing_type:auto\/width:0\/height:0\/gravity:sm\/enlarge:1\/ext:webp\/strip_metadata:1\/quality:90\/cachebuster:filesize-110473\/bG9jYWw6Ly8vd3d3LmFua2Fyc3J1bS5jb20vd3AtY29udGVudC91cGxvYWRzL3NpdGVzLzIzLzIwMjQvMDcvcGFjay1oYWNob2lyLWNvbXBsZXQtYW5rYXJzcnVtLmpwZw.webp","width":800,"height":800,"caption":"pack hachoir complet ankarsrum"},{"@type":"BreadcrumbList","@id":"https:\/\/www.ankarsrum.com\/fr\/product\/hachoir-pack-complet\/#breadcrumb","itemListElement":[{"@type":"ListItem","position":1,"name":"Home","item":"https:\/\/www.ankarsrum.com\/fr\/"},{"@type":"ListItem","position":2,"name":"Produce name","item":"https:\/\/www.ankarsrum.com\/fr\/shop\/"},{"@type":"ListItem","position":3,"name":"Hachoir Pack Complet"}]},{"@type":"WebSite","@id":"https:\/\/www.ankarsrum.com\/fr\/#website","url":"https:\/\/www.ankarsrum.com\/fr\/","name":"Ankarsrum France","description":"The bread of the world","potentialAction":[{"@type":"SearchAction","target":{"@type":"EntryPoint","urlTemplate":"https:\/\/www.ankarsrum.com\/fr\/?s={search_term_string}"},"query-input":{"@type":"PropertyValueSpecification","valueRequired":true,"valueName":"search_term_string"}}],"inLanguage":"fr-FR"}]}},"_links":{"self":[{"href":"https:\/\/www.ankarsrum.com\/fr\/wp-json\/wp\/v2\/product\/10586","targetHints":{"allow":["GET"]}}],"collection":[{"href":"https:\/\/www.ankarsrum.com\/fr\/wp-json\/wp\/v2\/product"}],"about":[{"href":"https:\/\/www.ankarsrum.com\/fr\/wp-json\/wp\/v2\/types\/product"}],"replies":[{"embeddable":true,"href":"https:\/\/www.ankarsrum.com\/fr\/wp-json\/wp\/v2\/comments?post=10586"}],"wp:featuredmedia":[{"embeddable":true,"href":"https:\/\/www.ankarsrum.com\/fr\/wp-json\/wp\/v2\/media\/12889"}],"wp:attachment":[{"href":"https:\/\/www.ankarsrum.com\/fr\/wp-json\/wp\/v2\/media?parent=10586"}],"wp:term":[{"taxonomy":"product_brand","embeddable":true,"href":"https:\/\/www.ankarsrum.com\/fr\/wp-json\/wp\/v2\/product_brand?post=10586"},{"taxonomy":"product_cat","embeddable":true,"href":"https:\/\/www.ankarsrum.com\/fr\/wp-json\/wp\/v2\/product_cat?post=10586"},{"taxonomy":"product_tag","embeddable":true,"href":"https:\/\/www.ankarsrum.com\/fr\/wp-json\/wp\/v2\/product_tag?post=10586"},{"taxonomy":"product-tag","embeddable":true,"href":"https:\/\/www.ankarsrum.com\/fr\/wp-json\/wp\/v2\/product-tag?post=10586"},{"taxonomy":"machines","embeddable":true,"href":"https:\/\/www.ankarsrum.com\/fr\/wp-json\/wp\/v2\/machines?post=10586"},{"taxonomy":"filter","embeddable":true,"href":"https:\/\/www.ankarsrum.com\/fr\/wp-json\/wp\/v2\/filter?post=10586"}],"curies":[{"name":"wp","href":"https:\/\/api.w.org\/{rel}","templated":true}]}}