{"id":10589,"date":"2024-07-16T09:17:29","date_gmt":"2024-07-16T07:17:29","guid":{"rendered":"https:\/\/www.ankarsrum.com\/fr\/product\/hachoir-pack-recolte\/"},"modified":"2026-05-03T00:57:27","modified_gmt":"2026-05-02T22:57:27","slug":"hachoir-pack-recolte","status":"publish","type":"product","link":"https:\/\/www.ankarsrum.com\/fr\/product\/hachoir-pack-recolte\/","title":{"rendered":"Hachoir Pack R\u00e9colte"},"content":{"rendered":"<p><span>Le hachoir Ankarsrum vous offre la libert\u00e9 de cr\u00e9er vos propres plats, qu&#039;il s&#039;agisse de viande, de poisson ou m\u00eame de plats v\u00e9g\u00e9tariens comme des galettes de pois chiches et des falafels. Fix\u00e9 \u00e0 votre Ankarsrum Assistent Original, le hachoir exploite la puissance de son moteur pour hacher de grandes quantit\u00e9s de viande en douceur et efficacement<\/span><span>\u00a0<\/span><\/p>\n<p><span>Fabriqu\u00e9 en Su\u00e8de avec un savoir-faire artisanal haut de gamme, le Pack Hachoir R\u00e9colte est con\u00e7u pour les cuisiniers amateurs, les chasseurs et les gourmets qui souhaitent transformer eux-m\u00eames leurs propres ingr\u00e9dients. Plus qu&#039;un simple hachoir, ce pack comprend tout ce dont vous avez besoin pour optimiser le potentiel de votre cuisine :<\/span><\/p>\n<ul>\n<li><span>Un hachoir pour hacher viandes, poissons et ingr\u00e9dients v\u00e9g\u00e9taux<\/span><\/li>\n<li><span>Trois embouts \u00e0 saucisses pour confectionner des saucisses maison<\/span><\/li>\n<li><span>Un disque \u00e0 trous pour un hachage pr\u00e9cis<\/span><\/li>\n<li><span>L&#039;accessoire passoire, qui transforme les fruits et l\u00e9gumes de saison en pur\u00e9es, coulis et confitures.<\/span><\/li>\n<\/ul>\n<p><span>Envie de personnaliser la texture de vos ingr\u00e9dients hach\u00e9s ? Des disques \u00e0 trous suppl\u00e9mentaires sont disponibles \u00e0 l&#039;achat.<\/span><\/p>\n<p><span>Avec l&#039;accessoire passoire, vous pouvez aller plus loin que le simple hachage et cr\u00e9er des pur\u00e9es onctueuses, des aliments pour b\u00e9b\u00e9, de la sauce tomate, de la compote de pommes et des confitures : l&#039;id\u00e9al pour pr\u00e9server les saveurs de saison et savourer des d\u00e9lices maison toute l&#039;ann\u00e9e. Que vous transformiez des produits frais de votre jardin ou que vous pr\u00e9pariez vos propres sauces, le pack Hachoir R\u00e9colte vous offre tous les outils n\u00e9cessaires.<\/span><\/p>\n<p><span>Go\u00fbtez au plaisir de cuisiner avec des ingr\u00e9dients de confiance. Le hachoir Ankarsrum est plus qu&#039;un simple outil : c&#039;est la cl\u00e9 pour des repas meilleurs et plus personnalis\u00e9s.<\/span><\/p>\n<p class=\"MsoNormal\" style=\"line-height: 150%;\"><strong><span style=\"mso-ansi-language: FR;\">Le hachoir est compatible avec tous les mod\u00e8les Assistent Original &#8211; Type : N1-N30 | Type : N30 \/ Mod\u00e8le : AKM6230.<br \/><\/span><\/strong><strong><span style=\"mso-ansi-language: FR;\">La passoire est compatible avec le hachoir mod\u00e8le 10. Le num\u00e9ro de mod\u00e8le \u00ab 10 \u00bb est grav\u00e9 sur le couteau \u00e0 4 lames.<\/span><\/strong><\/p>\n<p class=\"MsoNormal\" style=\"line-height: 150%;\"><strong><span style=\"mso-ansi-language: FR;\">En savoir plus<\/span><\/strong><\/p>\n<p class=\"MsoNormal\" style=\"line-height: 150%;\"><span style=\"mso-ansi-language: FR;\">Qu&#039;est-ce qui est inclus\u00a0?<\/span><\/p>\n<ul>\n<li class=\"MsoNormal\" style=\"line-height: 150%;\"><span style=\"mso-ansi-language: FR;\">Bo\u00eetier du hachoir avec vis sans fin<\/span><\/li>\n<li class=\"MsoNormal\" style=\"line-height: 150%;\"><span style=\"mso-ansi-language: FR;\">Couteau \u00e0 4 lames<\/span><\/li>\n<li class=\"MsoNormal\" style=\"line-height: 150%;\"><span style=\"mso-ansi-language: FR;\">3 embouts \u00e0 saucisse (10\/20\/25 mm)<\/span><\/li>\n<li class=\"MsoNormal\" style=\"line-height: 150%;\"><span style=\"mso-ansi-language: FR;\">Plateau d&#039;alimentation<\/span><\/li>\n<li class=\"MsoNormal\" style=\"line-height: 150%;\"><span style=\"mso-ansi-language: FR;\">Poussoir d&#039;alimentation<\/span><\/li>\n<li class=\"MsoNormal\" style=\"line-height: 150%;\"><span style=\"mso-ansi-language: FR;\">Disque \u00e0 trous de 4,5 mm<\/span><\/li>\n<li class=\"MsoNormal\" style=\"line-height: 150%;\"><span style=\"mso-ansi-language: FR;\">Protection anti-\u00e9claboussures<\/span><\/li>\n<li class=\"MsoNormal\" style=\"line-height: 150%;\"><span style=\"mso-ansi-language: FR;\">Passoire : Tube de passoire, valve, vis sans fin, goulotte, bouton de r\u00e9glage et boulon<\/span><\/li>\n<\/ul>","protected":false},"excerpt":{"rendered":"<p class=\"MsoNormal\" style=\"line-height: 150%;\"><span style=\"mso-ansi-language: FR;\">Tirez le meilleur parti de votre Ankarsrum Assistent Original gr\u00e2ce au Pack R\u00e9colte\u00a0du Hachoir ! Ce pack complet vous permet de hacher, extraire et de pr\u00e9parer des saucisses maison rapidement et sans effort. Id\u00e9al pour ceux qui aiment cuisiner maison, conserver les ingr\u00e9dients de saison et explorer de nouvelles possibilit\u00e9s culinaires.<\/span><\/p>\n","protected":false},"featured_media":10499,"comment_status":"open","ping_status":"closed","template":"","meta":{"_acf_changed":false,"content-type":"","editor_notices":[]},"product_brand":[],"product_cat":[139],"product_tag":[],"product-tag":[],"machines":[],"filter":[],"class_list":{"0":"post-10589","1":"product","2":"type-product","3":"status-publish","4":"has-post-thumbnail","6":"product_cat-accessoires","8":"first","9":"instock","10":"taxable","11":"shipping-taxable","12":"product-type-simple"},"bundled_by":[],"bundle_stock_status":"instock","bundle_stock_quantity":null,"bundle_virtual":false,"bundle_layout":"","bundle_add_to_cart_form_location":"","bundle_editable_in_cart":false,"bundle_sold_individually_context":"","bundle_item_grouping":"","bundle_min_size":"","bundle_max_size":"","bundle_price":[],"bundled_items":[],"bundle_sell_ids":[],"acf":[],"yoast_head":"<!-- This site is optimized with the Yoast SEO Premium plugin v26.6 (Yoast SEO v26.6) - https:\/\/yoast.com\/wordpress\/plugins\/seo\/ -->\n<title>Hachoir Pack R\u00e9colte - Ankarsrum France<\/title>\n<meta name=\"robots\" content=\"index, follow, max-snippet:-1, max-image-preview:large, max-video-preview:-1\" \/>\n<link rel=\"canonical\" href=\"https:\/\/www.ankarsrum.com\/fr\/product\/hachoir-pack-recolte\/\" \/>\n<meta property=\"og:locale\" content=\"fr_FR\" \/>\n<meta property=\"og:type\" content=\"article\" \/>\n<meta property=\"og:title\" content=\"Hachoir Pack R\u00e9colte\" \/>\n<meta property=\"og:description\" content=\"Tirez le meilleur parti de votre Ankarsrum Assistent Original gr\u00e2ce au Pack R\u00e9colte\u00a0du Hachoir ! Ce pack complet vous permet de hacher, extraire et de pr\u00e9parer des saucisses maison rapidement et sans effort. Id\u00e9al pour ceux qui aiment cuisiner maison, conserver les ingr\u00e9dients de saison et explorer de nouvelles possibilit\u00e9s culinaires.\" \/>\n<meta property=\"og:url\" content=\"https:\/\/www.ankarsrum.com\/fr\/product\/hachoir-pack-recolte\/\" \/>\n<meta property=\"og:site_name\" content=\"Ankarsrum France\" \/>\n<meta property=\"article:modified_time\" content=\"2026-05-02T22:57:27+00:00\" \/>\n<meta property=\"og:image\" content=\"https:\/\/www.ankarsrum.com\/fr\/wp-content\/uploads\/sites\/23\/2024\/09\/mincer-harvest.jpg\" \/>\n\t<meta property=\"og:image:width\" content=\"1080\" \/>\n\t<meta property=\"og:image:height\" content=\"630\" \/>\n\t<meta property=\"og:image:type\" content=\"image\/jpeg\" \/>\n<meta name=\"twitter:card\" content=\"summary_large_image\" \/>\n<meta name=\"twitter:label1\" content=\"Dur\u00e9e de lecture estim\u00e9e\" \/>\n\t<meta name=\"twitter:data1\" content=\"2 minutes\" \/>\n<script type=\"application\/ld+json\" class=\"yoast-schema-graph\">{\"@context\":\"https:\/\/schema.org\",\"@graph\":[{\"@type\":\"WebPage\",\"@id\":\"https:\/\/www.ankarsrum.com\/fr\/product\/hachoir-pack-recolte\/\",\"url\":\"https:\/\/www.ankarsrum.com\/fr\/product\/hachoir-pack-recolte\/\",\"name\":\"Hachoir Pack R\u00e9colte - Ankarsrum France\",\"isPartOf\":{\"@id\":\"https:\/\/www.ankarsrum.com\/fr\/#website\"},\"primaryImageOfPage\":{\"@id\":\"https:\/\/www.ankarsrum.com\/fr\/product\/hachoir-pack-recolte\/#primaryimage\"},\"image\":{\"@id\":\"https:\/\/www.ankarsrum.com\/fr\/product\/hachoir-pack-recolte\/#primaryimage\"},\"thumbnailUrl\":\"https:\/\/www.ankarsrum.com\/img-srv\/HYb_9r6FzEcnt8k3LdXDySYMx5_0BPGTyhltnNjbMOU\/resizing_type:auto\/width:0\/height:0\/gravity:sm\/enlarge:1\/ext:webp\/strip_metadata:1\/quality:90\/cachebuster:filesize-64170\/bG9jYWw6Ly8vd3d3LmFua2Fyc3J1bS5jb20vd3AtY29udGVudC91cGxvYWRzL3NpdGVzLzIzLzIwMjQvMDkvbWluY2VyLWhhcnZlc3QuanBn.webp\",\"datePublished\":\"2024-07-16T07:17:29+00:00\",\"dateModified\":\"2026-05-02T22:57:27+00:00\",\"breadcrumb\":{\"@id\":\"https:\/\/www.ankarsrum.com\/fr\/product\/hachoir-pack-recolte\/#breadcrumb\"},\"inLanguage\":\"fr-FR\",\"potentialAction\":[{\"@type\":\"ReadAction\",\"target\":[\"https:\/\/www.ankarsrum.com\/fr\/product\/hachoir-pack-recolte\/\"]}]},{\"@type\":\"ImageObject\",\"inLanguage\":\"fr-FR\",\"@id\":\"https:\/\/www.ankarsrum.com\/fr\/product\/hachoir-pack-recolte\/#primaryimage\",\"url\":\"https:\/\/www.ankarsrum.com\/img-srv\/HYb_9r6FzEcnt8k3LdXDySYMx5_0BPGTyhltnNjbMOU\/resizing_type:auto\/width:0\/height:0\/gravity:sm\/enlarge:1\/ext:webp\/strip_metadata:1\/quality:90\/cachebuster:filesize-64170\/bG9jYWw6Ly8vd3d3LmFua2Fyc3J1bS5jb20vd3AtY29udGVudC91cGxvYWRzL3NpdGVzLzIzLzIwMjQvMDkvbWluY2VyLWhhcnZlc3QuanBn.webp\",\"contentUrl\":\"https:\/\/www.ankarsrum.com\/img-srv\/HYb_9r6FzEcnt8k3LdXDySYMx5_0BPGTyhltnNjbMOU\/resizing_type:auto\/width:0\/height:0\/gravity:sm\/enlarge:1\/ext:webp\/strip_metadata:1\/quality:90\/cachebuster:filesize-64170\/bG9jYWw6Ly8vd3d3LmFua2Fyc3J1bS5jb20vd3AtY29udGVudC91cGxvYWRzL3NpdGVzLzIzLzIwMjQvMDkvbWluY2VyLWhhcnZlc3QuanBn.webp\",\"width\":1080,\"height\":1080},{\"@type\":\"BreadcrumbList\",\"@id\":\"https:\/\/www.ankarsrum.com\/fr\/product\/hachoir-pack-recolte\/#breadcrumb\",\"itemListElement\":[{\"@type\":\"ListItem\",\"position\":1,\"name\":\"Home\",\"item\":\"https:\/\/www.ankarsrum.com\/fr\/\"},{\"@type\":\"ListItem\",\"position\":2,\"name\":\"Produce name\",\"item\":\"https:\/\/www.ankarsrum.com\/fr\/shop\/\"},{\"@type\":\"ListItem\",\"position\":3,\"name\":\"Hachoir Pack R\u00e9colte\"}]},{\"@type\":\"WebSite\",\"@id\":\"https:\/\/www.ankarsrum.com\/fr\/#website\",\"url\":\"https:\/\/www.ankarsrum.com\/fr\/\",\"name\":\"Ankarsrum France\",\"description\":\"The bread of the world\",\"potentialAction\":[{\"@type\":\"SearchAction\",\"target\":{\"@type\":\"EntryPoint\",\"urlTemplate\":\"https:\/\/www.ankarsrum.com\/fr\/?s={search_term_string}\"},\"query-input\":{\"@type\":\"PropertyValueSpecification\",\"valueRequired\":true,\"valueName\":\"search_term_string\"}}],\"inLanguage\":\"fr-FR\"}]}<\/script>\n<!-- \/ Yoast SEO Premium plugin. -->","yoast_head_json":{"title":"Hachoir Pack R\u00e9colte - Ankarsrum France","robots":{"index":"index","follow":"follow","max-snippet":"max-snippet:-1","max-image-preview":"max-image-preview:large","max-video-preview":"max-video-preview:-1"},"canonical":"https:\/\/www.ankarsrum.com\/fr\/product\/hachoir-pack-recolte\/","og_locale":"fr_FR","og_type":"article","og_title":"Hachoir Pack R\u00e9colte","og_description":"Tirez le meilleur parti de votre Ankarsrum Assistent Original gr\u00e2ce au Pack R\u00e9colte\u00a0du Hachoir ! Ce pack complet vous permet de hacher, extraire et de pr\u00e9parer des saucisses maison rapidement et sans effort. Id\u00e9al pour ceux qui aiment cuisiner maison, conserver les ingr\u00e9dients de saison et explorer de nouvelles possibilit\u00e9s culinaires.","og_url":"https:\/\/www.ankarsrum.com\/fr\/product\/hachoir-pack-recolte\/","og_site_name":"Ankarsrum France","article_modified_time":"2026-05-02T22:57:27+00:00","og_image":[{"width":1080,"height":630,"url":"https:\/\/www.ankarsrum.com\/fr\/wp-content\/uploads\/sites\/23\/2024\/09\/mincer-harvest.jpg","type":"image\/jpeg"}],"twitter_card":"summary_large_image","twitter_misc":{"Dur\u00e9e de lecture estim\u00e9e":"2 minutes"},"schema":{"@context":"https:\/\/schema.org","@graph":[{"@type":"WebPage","@id":"https:\/\/www.ankarsrum.com\/fr\/product\/hachoir-pack-recolte\/","url":"https:\/\/www.ankarsrum.com\/fr\/product\/hachoir-pack-recolte\/","name":"Hachoir Pack R\u00e9colte - Ankarsrum France","isPartOf":{"@id":"https:\/\/www.ankarsrum.com\/fr\/#website"},"primaryImageOfPage":{"@id":"https:\/\/www.ankarsrum.com\/fr\/product\/hachoir-pack-recolte\/#primaryimage"},"image":{"@id":"https:\/\/www.ankarsrum.com\/fr\/product\/hachoir-pack-recolte\/#primaryimage"},"thumbnailUrl":"https:\/\/www.ankarsrum.com\/img-srv\/HYb_9r6FzEcnt8k3LdXDySYMx5_0BPGTyhltnNjbMOU\/resizing_type:auto\/width:0\/height:0\/gravity:sm\/enlarge:1\/ext:webp\/strip_metadata:1\/quality:90\/cachebuster:filesize-64170\/bG9jYWw6Ly8vd3d3LmFua2Fyc3J1bS5jb20vd3AtY29udGVudC91cGxvYWRzL3NpdGVzLzIzLzIwMjQvMDkvbWluY2VyLWhhcnZlc3QuanBn.webp","datePublished":"2024-07-16T07:17:29+00:00","dateModified":"2026-05-02T22:57:27+00:00","breadcrumb":{"@id":"https:\/\/www.ankarsrum.com\/fr\/product\/hachoir-pack-recolte\/#breadcrumb"},"inLanguage":"fr-FR","potentialAction":[{"@type":"ReadAction","target":["https:\/\/www.ankarsrum.com\/fr\/product\/hachoir-pack-recolte\/"]}]},{"@type":"ImageObject","inLanguage":"fr-FR","@id":"https:\/\/www.ankarsrum.com\/fr\/product\/hachoir-pack-recolte\/#primaryimage","url":"https:\/\/www.ankarsrum.com\/img-srv\/HYb_9r6FzEcnt8k3LdXDySYMx5_0BPGTyhltnNjbMOU\/resizing_type:auto\/width:0\/height:0\/gravity:sm\/enlarge:1\/ext:webp\/strip_metadata:1\/quality:90\/cachebuster:filesize-64170\/bG9jYWw6Ly8vd3d3LmFua2Fyc3J1bS5jb20vd3AtY29udGVudC91cGxvYWRzL3NpdGVzLzIzLzIwMjQvMDkvbWluY2VyLWhhcnZlc3QuanBn.webp","contentUrl":"https:\/\/www.ankarsrum.com\/img-srv\/HYb_9r6FzEcnt8k3LdXDySYMx5_0BPGTyhltnNjbMOU\/resizing_type:auto\/width:0\/height:0\/gravity:sm\/enlarge:1\/ext:webp\/strip_metadata:1\/quality:90\/cachebuster:filesize-64170\/bG9jYWw6Ly8vd3d3LmFua2Fyc3J1bS5jb20vd3AtY29udGVudC91cGxvYWRzL3NpdGVzLzIzLzIwMjQvMDkvbWluY2VyLWhhcnZlc3QuanBn.webp","width":1080,"height":1080},{"@type":"BreadcrumbList","@id":"https:\/\/www.ankarsrum.com\/fr\/product\/hachoir-pack-recolte\/#breadcrumb","itemListElement":[{"@type":"ListItem","position":1,"name":"Home","item":"https:\/\/www.ankarsrum.com\/fr\/"},{"@type":"ListItem","position":2,"name":"Produce name","item":"https:\/\/www.ankarsrum.com\/fr\/shop\/"},{"@type":"ListItem","position":3,"name":"Hachoir Pack R\u00e9colte"}]},{"@type":"WebSite","@id":"https:\/\/www.ankarsrum.com\/fr\/#website","url":"https:\/\/www.ankarsrum.com\/fr\/","name":"Ankarsrum France","description":"The bread of the world","potentialAction":[{"@type":"SearchAction","target":{"@type":"EntryPoint","urlTemplate":"https:\/\/www.ankarsrum.com\/fr\/?s={search_term_string}"},"query-input":{"@type":"PropertyValueSpecification","valueRequired":true,"valueName":"search_term_string"}}],"inLanguage":"fr-FR"}]}},"_links":{"self":[{"href":"https:\/\/www.ankarsrum.com\/fr\/wp-json\/wp\/v2\/product\/10589","targetHints":{"allow":["GET"]}}],"collection":[{"href":"https:\/\/www.ankarsrum.com\/fr\/wp-json\/wp\/v2\/product"}],"about":[{"href":"https:\/\/www.ankarsrum.com\/fr\/wp-json\/wp\/v2\/types\/product"}],"replies":[{"embeddable":true,"href":"https:\/\/www.ankarsrum.com\/fr\/wp-json\/wp\/v2\/comments?post=10589"}],"wp:featuredmedia":[{"embeddable":true,"href":"https:\/\/www.ankarsrum.com\/fr\/wp-json\/wp\/v2\/media\/10499"}],"wp:attachment":[{"href":"https:\/\/www.ankarsrum.com\/fr\/wp-json\/wp\/v2\/media?parent=10589"}],"wp:term":[{"taxonomy":"product_brand","embeddable":true,"href":"https:\/\/www.ankarsrum.com\/fr\/wp-json\/wp\/v2\/product_brand?post=10589"},{"taxonomy":"product_cat","embeddable":true,"href":"https:\/\/www.ankarsrum.com\/fr\/wp-json\/wp\/v2\/product_cat?post=10589"},{"taxonomy":"product_tag","embeddable":true,"href":"https:\/\/www.ankarsrum.com\/fr\/wp-json\/wp\/v2\/product_tag?post=10589"},{"taxonomy":"product-tag","embeddable":true,"href":"https:\/\/www.ankarsrum.com\/fr\/wp-json\/wp\/v2\/product-tag?post=10589"},{"taxonomy":"machines","embeddable":true,"href":"https:\/\/www.ankarsrum.com\/fr\/wp-json\/wp\/v2\/machines?post=10589"},{"taxonomy":"filter","embeddable":true,"href":"https:\/\/www.ankarsrum.com\/fr\/wp-json\/wp\/v2\/filter?post=10589"}],"curies":[{"name":"wp","href":"https:\/\/api.w.org\/{rel}","templated":true}]}}