{"id":10592,"date":"2024-07-16T09:28:42","date_gmt":"2024-07-16T07:28:42","guid":{"rendered":"https:\/\/www.ankarsrum.com\/fr\/product\/mincer-hunting-package\/"},"modified":"2026-05-10T01:32:28","modified_gmt":"2026-05-09T23:32:28","slug":"mincer-hunting-package","status":"publish","type":"product","link":"https:\/\/www.ankarsrum.com\/fr\/product\/mincer-hunting-package\/","title":{"rendered":"Hachoir Pack Chasseur"},"content":{"rendered":"<p class=\"MsoNormal\" style=\"line-height: 150%;\"><span style=\"mso-ansi-language: FR;\">Le hachoir Ankarsrum vous offre la libert\u00e9 de cr\u00e9er vos propres plats, qu&#039;il s&#039;agisse de viande, de poisson ou m\u00eame d&#039;options v\u00e9g\u00e9tariennes comme des galettes de pois chiches et des falafels. Fix\u00e9 \u00e0 votre Assistent Original, le hachoir exploite la puissance de son moteur pour hacher de grandes quantit\u00e9s de mani\u00e8re fluide et efficace.<\/span><\/p>\n<p class=\"MsoNormal\" style=\"line-height: 150%;\"><span style=\"mso-ansi-language: FR;\">Fabriqu\u00e9 en Su\u00e8de avec un savoir-faire haut de gamme, le Pack Hachoir Chasseur est id\u00e9al pour les cuisiniers amateurs, les chasseurs et les gourmets qui souhaitent hacher leurs propres ingr\u00e9dients. Le pack comprend quatre disques \u00e0 trous (2,5 \/ 4,5 \/ 6 \/ 8 mm) permettant de r\u00e9gler la finesse de hachage, d&#039;une viande finement hach\u00e9e \u00e0 une mouture plus grossi\u00e8re pour le gibier et les saucisses. Con\u00e7u pour la pr\u00e9cision, ce pack vous offre un meilleur contr\u00f4le de la texture, id\u00e9al pour la transformation de la viande et du gibier. Que vous pr\u00e9pariez des saucisses, des steaks hach\u00e9s juteux ou des plats v\u00e9g\u00e9tariens, c&#039;est vous qui d\u00e9cidez de la composition de votre recette. Savourez la satisfaction de cr\u00e9er des repas avec des ingr\u00e9dients de confiance.<\/span><\/p>\n<p class=\"MsoNormal\" style=\"line-height: 150%;\"><strong><span style=\"mso-ansi-language: FR;\">Le hachoir est compatible avec tous les mod\u00e8les Assistent Original &#8211; Type : N1-N30 | Type : N30 \/ Mod\u00e8le : AKM6230.<\/span><\/strong><\/p>\n<p class=\"MsoNormal\" style=\"line-height: 150%;\"><span style=\"mso-ansi-language: FR;\">Qu&#039;est-ce qui est inclus\u00a0?<\/span><\/p>\n<ul>\n<li class=\"MsoNormal\" style=\"line-height: 150%;\"><span style=\"mso-ansi-language: FR;\">Bo\u00eetier du hachoir avec vis sans fin<\/span><\/li>\n<li class=\"MsoNormal\" style=\"line-height: 150%;\"><span style=\"mso-ansi-language: FR;\">Couteau \u00e0 4 lames<\/span><\/li>\n<li class=\"MsoNormal\" style=\"line-height: 150%;\"><span style=\"mso-ansi-language: FR;\">3 embouts \u00e0 saucisse (10\/20\/25\u00a0mm)<\/span><\/li>\n<li class=\"MsoNormal\" style=\"line-height: 150%;\"><span style=\"mso-ansi-language: FR;\">Plateau d&#039;alimentation<\/span><\/li>\n<li class=\"MsoNormal\" style=\"line-height: 150%;\"><span style=\"mso-ansi-language: FR;\">Poussoir d&#039;alimentation<\/span><\/li>\n<li class=\"MsoNormal\" style=\"line-height: 150%;\"><span style=\"mso-ansi-language: FR;\">Quatre disques \u00e0 trous\u00a0: 2,5 \/ 4,5 \/ 6 \/ 8\u00a0mm<\/span><\/li>\n<li class=\"MsoNormal\" style=\"line-height: 150%;\"><span>Protection anti-\u00e9claboussures<\/span><\/li>\n<\/ul>","protected":false},"excerpt":{"rendered":"<p class=\"MsoNormal\" style=\"line-height: 150%;\"><span style=\"mso-ansi-language: FR;\">Laissez l&#039;Ankarsrum Assistent Original propulser votre cuisine au niveau sup\u00e9rieur gr\u00e2ce au Pack Hachoir Chasseur\u00a0! Cet ensemble contient tout le n\u00e9cessaire pour cr\u00e9er de d\u00e9licieuses cr\u00e9ations, comme des burgers juteux, des saucisses maison et m\u00eame des alternatives v\u00e9g\u00e9tariennes. Id\u00e9al pour ceux qui souhaitent pr\u00e9parer eux-m\u00eames leur viande ou leur gibier, pr\u00e9parer de la charcuterie ou pr\u00e9parer des plats v\u00e9g\u00e9tariens en toute simplicit\u00e9.<\/span><\/p>\n","protected":false},"featured_media":10496,"comment_status":"open","ping_status":"closed","template":"","meta":{"_acf_changed":false,"content-type":"","editor_notices":[]},"product_brand":[],"product_cat":[139],"product_tag":[],"product-tag":[],"machines":[],"filter":[],"class_list":{"0":"post-10592","1":"product","2":"type-product","3":"status-publish","4":"has-post-thumbnail","6":"product_cat-accessoires","8":"first","9":"instock","10":"taxable","11":"shipping-taxable","12":"purchasable","13":"product-type-simple"},"bundled_by":[],"bundle_stock_status":"instock","bundle_stock_quantity":null,"bundle_virtual":false,"bundle_layout":"","bundle_add_to_cart_form_location":"","bundle_editable_in_cart":false,"bundle_sold_individually_context":"","bundle_item_grouping":"","bundle_min_size":"","bundle_max_size":"","bundle_price":[],"bundled_items":[],"bundle_sell_ids":[],"acf":[],"yoast_head":"<!-- This site is optimized with the Yoast SEO Premium plugin v26.6 (Yoast SEO v26.6) - https:\/\/yoast.com\/wordpress\/plugins\/seo\/ -->\n<title>Hachoir Pack Chasseur - Ankarsrum France<\/title>\n<meta name=\"robots\" content=\"index, follow, max-snippet:-1, max-image-preview:large, max-video-preview:-1\" \/>\n<link rel=\"canonical\" href=\"https:\/\/www.ankarsrum.com\/fr\/product\/mincer-hunting-package\/\" \/>\n<meta property=\"og:locale\" content=\"fr_FR\" \/>\n<meta property=\"og:type\" content=\"article\" \/>\n<meta property=\"og:title\" content=\"Hachoir Pack Chasseur\" \/>\n<meta property=\"og:description\" content=\"Laissez l&#039;Ankarsrum Assistent Original propulser votre cuisine au niveau sup\u00e9rieur gr\u00e2ce au Pack Hachoir Chasseur\u00a0! Cet ensemble contient tout le n\u00e9cessaire pour cr\u00e9er de d\u00e9licieuses cr\u00e9ations, comme des burgers juteux, des saucisses maison et m\u00eame des alternatives v\u00e9g\u00e9tariennes. Id\u00e9al pour ceux qui souhaitent pr\u00e9parer eux-m\u00eames leur viande ou leur gibier, pr\u00e9parer de la charcuterie ou pr\u00e9parer des plats v\u00e9g\u00e9tariens en toute simplicit\u00e9.\" \/>\n<meta property=\"og:url\" content=\"https:\/\/www.ankarsrum.com\/fr\/product\/mincer-hunting-package\/\" \/>\n<meta property=\"og:site_name\" content=\"Ankarsrum France\" \/>\n<meta property=\"article:modified_time\" content=\"2026-05-09T23:32:28+00:00\" \/>\n<meta property=\"og:image\" content=\"https:\/\/www.ankarsrum.com\/fr\/wp-content\/uploads\/sites\/23\/2024\/09\/mincer-hunting.jpg\" \/>\n\t<meta property=\"og:image:width\" content=\"1080\" \/>\n\t<meta property=\"og:image:height\" content=\"630\" \/>\n\t<meta property=\"og:image:type\" content=\"image\/jpeg\" \/>\n<meta name=\"twitter:card\" content=\"summary_large_image\" \/>\n<meta name=\"twitter:label1\" content=\"Dur\u00e9e de lecture estim\u00e9e\" \/>\n\t<meta name=\"twitter:data1\" content=\"2 minutes\" \/>\n<script type=\"application\/ld+json\" class=\"yoast-schema-graph\">{\"@context\":\"https:\/\/schema.org\",\"@graph\":[{\"@type\":\"WebPage\",\"@id\":\"https:\/\/www.ankarsrum.com\/fr\/product\/mincer-hunting-package\/\",\"url\":\"https:\/\/www.ankarsrum.com\/fr\/product\/mincer-hunting-package\/\",\"name\":\"Hachoir Pack Chasseur - Ankarsrum France\",\"isPartOf\":{\"@id\":\"https:\/\/www.ankarsrum.com\/fr\/#website\"},\"primaryImageOfPage\":{\"@id\":\"https:\/\/www.ankarsrum.com\/fr\/product\/mincer-hunting-package\/#primaryimage\"},\"image\":{\"@id\":\"https:\/\/www.ankarsrum.com\/fr\/product\/mincer-hunting-package\/#primaryimage\"},\"thumbnailUrl\":\"https:\/\/www.ankarsrum.com\/img-srv\/f1c6IlzKjjgGN493wYrUGXlg6LcJEcsd0BgqDdL2tyQ\/resizing_type:auto\/width:0\/height:0\/gravity:sm\/enlarge:1\/ext:webp\/strip_metadata:1\/quality:90\/cachebuster:filesize-88016\/bG9jYWw6Ly8vd3d3LmFua2Fyc3J1bS5jb20vd3AtY29udGVudC91cGxvYWRzL3NpdGVzLzIzLzIwMjQvMDkvbWluY2VyLWh1bnRpbmcuanBn.webp\",\"datePublished\":\"2024-07-16T07:28:42+00:00\",\"dateModified\":\"2026-05-09T23:32:28+00:00\",\"breadcrumb\":{\"@id\":\"https:\/\/www.ankarsrum.com\/fr\/product\/mincer-hunting-package\/#breadcrumb\"},\"inLanguage\":\"fr-FR\",\"potentialAction\":[{\"@type\":\"ReadAction\",\"target\":[\"https:\/\/www.ankarsrum.com\/fr\/product\/mincer-hunting-package\/\"]}]},{\"@type\":\"ImageObject\",\"inLanguage\":\"fr-FR\",\"@id\":\"https:\/\/www.ankarsrum.com\/fr\/product\/mincer-hunting-package\/#primaryimage\",\"url\":\"https:\/\/www.ankarsrum.com\/img-srv\/f1c6IlzKjjgGN493wYrUGXlg6LcJEcsd0BgqDdL2tyQ\/resizing_type:auto\/width:0\/height:0\/gravity:sm\/enlarge:1\/ext:webp\/strip_metadata:1\/quality:90\/cachebuster:filesize-88016\/bG9jYWw6Ly8vd3d3LmFua2Fyc3J1bS5jb20vd3AtY29udGVudC91cGxvYWRzL3NpdGVzLzIzLzIwMjQvMDkvbWluY2VyLWh1bnRpbmcuanBn.webp\",\"contentUrl\":\"https:\/\/www.ankarsrum.com\/img-srv\/f1c6IlzKjjgGN493wYrUGXlg6LcJEcsd0BgqDdL2tyQ\/resizing_type:auto\/width:0\/height:0\/gravity:sm\/enlarge:1\/ext:webp\/strip_metadata:1\/quality:90\/cachebuster:filesize-88016\/bG9jYWw6Ly8vd3d3LmFua2Fyc3J1bS5jb20vd3AtY29udGVudC91cGxvYWRzL3NpdGVzLzIzLzIwMjQvMDkvbWluY2VyLWh1bnRpbmcuanBn.webp\",\"width\":1080,\"height\":1080},{\"@type\":\"BreadcrumbList\",\"@id\":\"https:\/\/www.ankarsrum.com\/fr\/product\/mincer-hunting-package\/#breadcrumb\",\"itemListElement\":[{\"@type\":\"ListItem\",\"position\":1,\"name\":\"Home\",\"item\":\"https:\/\/www.ankarsrum.com\/fr\/\"},{\"@type\":\"ListItem\",\"position\":2,\"name\":\"Produce name\",\"item\":\"https:\/\/www.ankarsrum.com\/fr\/shop\/\"},{\"@type\":\"ListItem\",\"position\":3,\"name\":\"Hachoir Pack Chasseur\"}]},{\"@type\":\"WebSite\",\"@id\":\"https:\/\/www.ankarsrum.com\/fr\/#website\",\"url\":\"https:\/\/www.ankarsrum.com\/fr\/\",\"name\":\"Ankarsrum France\",\"description\":\"The bread of the world\",\"potentialAction\":[{\"@type\":\"SearchAction\",\"target\":{\"@type\":\"EntryPoint\",\"urlTemplate\":\"https:\/\/www.ankarsrum.com\/fr\/?s={search_term_string}\"},\"query-input\":{\"@type\":\"PropertyValueSpecification\",\"valueRequired\":true,\"valueName\":\"search_term_string\"}}],\"inLanguage\":\"fr-FR\"}]}<\/script>\n<!-- \/ Yoast SEO Premium plugin. -->","yoast_head_json":{"title":"Hachoir Pack Chasseur - Ankarsrum France","robots":{"index":"index","follow":"follow","max-snippet":"max-snippet:-1","max-image-preview":"max-image-preview:large","max-video-preview":"max-video-preview:-1"},"canonical":"https:\/\/www.ankarsrum.com\/fr\/product\/mincer-hunting-package\/","og_locale":"fr_FR","og_type":"article","og_title":"Hachoir Pack Chasseur","og_description":"Laissez l&#039;Ankarsrum Assistent Original propulser votre cuisine au niveau sup\u00e9rieur gr\u00e2ce au Pack Hachoir Chasseur\u00a0! Cet ensemble contient tout le n\u00e9cessaire pour cr\u00e9er de d\u00e9licieuses cr\u00e9ations, comme des burgers juteux, des saucisses maison et m\u00eame des alternatives v\u00e9g\u00e9tariennes. Id\u00e9al pour ceux qui souhaitent pr\u00e9parer eux-m\u00eames leur viande ou leur gibier, pr\u00e9parer de la charcuterie ou pr\u00e9parer des plats v\u00e9g\u00e9tariens en toute simplicit\u00e9.","og_url":"https:\/\/www.ankarsrum.com\/fr\/product\/mincer-hunting-package\/","og_site_name":"Ankarsrum France","article_modified_time":"2026-05-09T23:32:28+00:00","og_image":[{"width":1080,"height":630,"url":"https:\/\/www.ankarsrum.com\/fr\/wp-content\/uploads\/sites\/23\/2024\/09\/mincer-hunting.jpg","type":"image\/jpeg"}],"twitter_card":"summary_large_image","twitter_misc":{"Dur\u00e9e de lecture estim\u00e9e":"2 minutes"},"schema":{"@context":"https:\/\/schema.org","@graph":[{"@type":"WebPage","@id":"https:\/\/www.ankarsrum.com\/fr\/product\/mincer-hunting-package\/","url":"https:\/\/www.ankarsrum.com\/fr\/product\/mincer-hunting-package\/","name":"Hachoir Pack Chasseur - Ankarsrum France","isPartOf":{"@id":"https:\/\/www.ankarsrum.com\/fr\/#website"},"primaryImageOfPage":{"@id":"https:\/\/www.ankarsrum.com\/fr\/product\/mincer-hunting-package\/#primaryimage"},"image":{"@id":"https:\/\/www.ankarsrum.com\/fr\/product\/mincer-hunting-package\/#primaryimage"},"thumbnailUrl":"https:\/\/www.ankarsrum.com\/img-srv\/f1c6IlzKjjgGN493wYrUGXlg6LcJEcsd0BgqDdL2tyQ\/resizing_type:auto\/width:0\/height:0\/gravity:sm\/enlarge:1\/ext:webp\/strip_metadata:1\/quality:90\/cachebuster:filesize-88016\/bG9jYWw6Ly8vd3d3LmFua2Fyc3J1bS5jb20vd3AtY29udGVudC91cGxvYWRzL3NpdGVzLzIzLzIwMjQvMDkvbWluY2VyLWh1bnRpbmcuanBn.webp","datePublished":"2024-07-16T07:28:42+00:00","dateModified":"2026-05-09T23:32:28+00:00","breadcrumb":{"@id":"https:\/\/www.ankarsrum.com\/fr\/product\/mincer-hunting-package\/#breadcrumb"},"inLanguage":"fr-FR","potentialAction":[{"@type":"ReadAction","target":["https:\/\/www.ankarsrum.com\/fr\/product\/mincer-hunting-package\/"]}]},{"@type":"ImageObject","inLanguage":"fr-FR","@id":"https:\/\/www.ankarsrum.com\/fr\/product\/mincer-hunting-package\/#primaryimage","url":"https:\/\/www.ankarsrum.com\/img-srv\/f1c6IlzKjjgGN493wYrUGXlg6LcJEcsd0BgqDdL2tyQ\/resizing_type:auto\/width:0\/height:0\/gravity:sm\/enlarge:1\/ext:webp\/strip_metadata:1\/quality:90\/cachebuster:filesize-88016\/bG9jYWw6Ly8vd3d3LmFua2Fyc3J1bS5jb20vd3AtY29udGVudC91cGxvYWRzL3NpdGVzLzIzLzIwMjQvMDkvbWluY2VyLWh1bnRpbmcuanBn.webp","contentUrl":"https:\/\/www.ankarsrum.com\/img-srv\/f1c6IlzKjjgGN493wYrUGXlg6LcJEcsd0BgqDdL2tyQ\/resizing_type:auto\/width:0\/height:0\/gravity:sm\/enlarge:1\/ext:webp\/strip_metadata:1\/quality:90\/cachebuster:filesize-88016\/bG9jYWw6Ly8vd3d3LmFua2Fyc3J1bS5jb20vd3AtY29udGVudC91cGxvYWRzL3NpdGVzLzIzLzIwMjQvMDkvbWluY2VyLWh1bnRpbmcuanBn.webp","width":1080,"height":1080},{"@type":"BreadcrumbList","@id":"https:\/\/www.ankarsrum.com\/fr\/product\/mincer-hunting-package\/#breadcrumb","itemListElement":[{"@type":"ListItem","position":1,"name":"Home","item":"https:\/\/www.ankarsrum.com\/fr\/"},{"@type":"ListItem","position":2,"name":"Produce name","item":"https:\/\/www.ankarsrum.com\/fr\/shop\/"},{"@type":"ListItem","position":3,"name":"Hachoir Pack Chasseur"}]},{"@type":"WebSite","@id":"https:\/\/www.ankarsrum.com\/fr\/#website","url":"https:\/\/www.ankarsrum.com\/fr\/","name":"Ankarsrum France","description":"The bread of the world","potentialAction":[{"@type":"SearchAction","target":{"@type":"EntryPoint","urlTemplate":"https:\/\/www.ankarsrum.com\/fr\/?s={search_term_string}"},"query-input":{"@type":"PropertyValueSpecification","valueRequired":true,"valueName":"search_term_string"}}],"inLanguage":"fr-FR"}]}},"_links":{"self":[{"href":"https:\/\/www.ankarsrum.com\/fr\/wp-json\/wp\/v2\/product\/10592","targetHints":{"allow":["GET"]}}],"collection":[{"href":"https:\/\/www.ankarsrum.com\/fr\/wp-json\/wp\/v2\/product"}],"about":[{"href":"https:\/\/www.ankarsrum.com\/fr\/wp-json\/wp\/v2\/types\/product"}],"replies":[{"embeddable":true,"href":"https:\/\/www.ankarsrum.com\/fr\/wp-json\/wp\/v2\/comments?post=10592"}],"wp:featuredmedia":[{"embeddable":true,"href":"https:\/\/www.ankarsrum.com\/fr\/wp-json\/wp\/v2\/media\/10496"}],"wp:attachment":[{"href":"https:\/\/www.ankarsrum.com\/fr\/wp-json\/wp\/v2\/media?parent=10592"}],"wp:term":[{"taxonomy":"product_brand","embeddable":true,"href":"https:\/\/www.ankarsrum.com\/fr\/wp-json\/wp\/v2\/product_brand?post=10592"},{"taxonomy":"product_cat","embeddable":true,"href":"https:\/\/www.ankarsrum.com\/fr\/wp-json\/wp\/v2\/product_cat?post=10592"},{"taxonomy":"product_tag","embeddable":true,"href":"https:\/\/www.ankarsrum.com\/fr\/wp-json\/wp\/v2\/product_tag?post=10592"},{"taxonomy":"product-tag","embeddable":true,"href":"https:\/\/www.ankarsrum.com\/fr\/wp-json\/wp\/v2\/product-tag?post=10592"},{"taxonomy":"machines","embeddable":true,"href":"https:\/\/www.ankarsrum.com\/fr\/wp-json\/wp\/v2\/machines?post=10592"},{"taxonomy":"filter","embeddable":true,"href":"https:\/\/www.ankarsrum.com\/fr\/wp-json\/wp\/v2\/filter?post=10592"}],"curies":[{"name":"wp","href":"https:\/\/api.w.org\/{rel}","templated":true}]}}