{"id":11590,"date":"2024-07-16T09:00:53","date_gmt":"2024-07-16T07:00:53","guid":{"rendered":"https:\/\/www.ankarsrum.com\/fr\/product\/hachoir-pack-complet-2\/"},"modified":"2026-04-16T23:42:38","modified_gmt":"2026-04-16T21:42:38","slug":"hachoir-pack-complet-2","status":"publish","type":"product","link":"https:\/\/www.ankarsrum.com\/fr\/product\/hachoir-pack-complet-2\/","title":{"rendered":"Hachoir Pack Complet"},"content":{"rendered":"<p><span>Avec le pack complet du Hachoir Ankarsrum, vous obtenez tout ce dont vous avez besoin pour passer au niveau sup\u00e9rieur en cuisine. En plus du hachoir, vous recevez cinq accessoires faciles \u00e0 monter, le rendant encore plus polyvalent. Hachez votre propre viande, pr\u00e9parez des saucisses maison, r\u00e9duisez vos fruits en pur\u00e9e pour en faire des confitures ou des sauces, r\u00e2pez du parmesan ou des noix, et formez des biscuits en toute simplicit\u00e9\u00a0\u2013 le tout dans un seul pack fantastique\u00a0!<\/span><\/p>\n<ul>\n<li><span>Hachoir avec disques \u00e0 trous et embouts \u00e0 saucisses\u00a0: hachez votre propre viande, fa\u00e7onnez vos propres saucisses ou pr\u00e9parez des plats v\u00e9g\u00e9tariens comme des falafels ou des galettes de pois chiches. Ajustez facilement la texture de la mouture, de fine \u00e0 grossi\u00e8re.<\/span><\/li>\n<li><span>Passoire \u2013 Transformez vos fruits et l\u00e9gumes frais en pur\u00e9es onctueuses, sauces, petits pots, confitures et marmelades.<\/span><\/li>\n<li><span>R\u00e2pe \u2013 R\u00e2pez facilement tout, du parmesan au chocolat, en passant par les noix et les pommes de terre.<\/span><\/li>\n<li><span>Presse \u00e0 biscuits \u2013 Passez la p\u00e2te sabl\u00e9e pour cr\u00e9er des biscuits uniforme avec quatre motifs diff\u00e9rents.<\/span><\/li>\n<\/ul>\n<p><span>Avec le pack complet Hachoir, d\u00e9couvrez une infinit\u00e9 de possibilit\u00e9s pour cr\u00e9er des d\u00e9lices maison. Des repas quotidiens aux rendez-vous familiaux, ce pack vous offre tous les outils n\u00e9cessaires. Un ensemble d&#039;accessoires indispensable pour tous ceux qui souhaitent \u00e9largir leur palette culinaire.<\/span><\/p>\n<p class=\"MsoNormal\" style=\"line-height: 150%;\"><strong><span style=\"mso-ansi-language: FR;\">Le hachoir est compatible avec tous les mod\u00e8les Assistent Original &#8211; Type : N1-N30 | Type : N30 \/ Mod\u00e8le : AKM6230.<br \/><\/span><\/strong><strong><span style=\"mso-ansi-language: FR;\">La passoire, les embouts \u00e0 saucisse, la r\u00e2pe et la presse \u00e0 biscuits se fixent au hachoir et sont compatibles avec le hachoir mod\u00e8le 10. Le num\u00e9ro de mod\u00e8le \u00ab 10 \u00bb est grav\u00e9 sur le couteau \u00e0 4 lames.<\/span><\/strong><\/p>\n<p class=\"MsoNormal\" style=\"line-height: 150%;\"><span style=\"mso-ansi-language: FR;\">Qu&#039;est-ce qui est inclus\u00a0?<\/span><\/p>\n<ul>\n<li class=\"MsoNormal\" style=\"line-height: 150%;\"><span style=\"mso-ansi-language: FR;\">Hachoir : Bo\u00eetier avec vis sans fin, couteau \u00e0 4 lames, plateau d&#039;alimentation, poussoir d&#039;alimentation et protection anti-\u00e9claboussures.<\/span><\/li>\n<li class=\"MsoNormal\" style=\"line-height: 150%;\"><span style=\"mso-ansi-language: FR;\">4 Disques \u00e0 trous : 2,5 \/ 4,5 \/ 6 \/ 8 mm.<\/span><\/li>\n<li class=\"MsoNormal\" style=\"line-height: 150%;\"><span style=\"mso-ansi-language: FR;\">3 embouts \u00e0 saucisse : 10 \/ 20 \/ 25 mm.<\/span><\/li>\n<li class=\"MsoNormal\" style=\"line-height: 150%;\"><span style=\"mso-ansi-language: FR;\">Passoire : Tube de passoire, valve, vis sans fin, goulotte, bouton de r\u00e9glage et boulon.<\/span><\/li>\n<li class=\"MsoNormal\" style=\"line-height: 150%;\"><span style=\"mso-ansi-language: FR;\">R\u00e2pe : Cylindre \u00e0 r\u00e2per et vis sans fin.<\/span><\/li>\n<li class=\"MsoNormal\" style=\"line-height: 150%;\"><span style=\"mso-ansi-language: FR;\">Presse \u00e0 biscuits : Quatre motifs diff\u00e9rents pour les sabl\u00e9s.<\/span><\/li>\n<\/ul>","protected":false},"excerpt":{"rendered":"<p class=\"MsoNormal\" style=\"line-height: 150%;\"><span style=\"mso-ansi-language: FR;\">Optimisez votre Ankarsrum Assistent Original avec le pack complet du Hachoir\u00a0! Ce pack complet comprend un hachoir et cinq accessoires pratiques qui vous permettent de hacher, extraire, r\u00e2per et plus encore, vos ingr\u00e9dients rapidement, sans effort et avec un contr\u00f4le total. Un incontournable pour les chefs amateurs et les passionn\u00e9s de cuisine qui aiment cuisiner maison.<\/span><\/p>\n","protected":false},"featured_media":11586,"comment_status":"open","ping_status":"closed","template":"","meta":{"_acf_changed":false,"content-type":"","editor_notices":[]},"product_brand":[],"product_cat":[139],"product_tag":[],"product-tag":[],"machines":[],"filter":[],"class_list":{"0":"post-11590","1":"product","2":"type-product","3":"status-publish","4":"has-post-thumbnail","6":"product_cat-accessoires","8":"first","9":"instock","10":"taxable","11":"shipping-taxable","12":"purchasable","13":"product-type-simple"},"bundled_by":[],"bundle_stock_status":"instock","bundle_stock_quantity":null,"bundle_virtual":false,"bundle_layout":"","bundle_add_to_cart_form_location":"","bundle_editable_in_cart":false,"bundle_sold_individually_context":"","bundle_item_grouping":"","bundle_min_size":"","bundle_max_size":"","bundle_price":[],"bundled_items":[],"bundle_sell_ids":[],"acf":[],"yoast_head":"<!-- This site is optimized with the Yoast SEO Premium plugin v26.6 (Yoast SEO v26.6) - https:\/\/yoast.com\/wordpress\/plugins\/seo\/ -->\n<title>Hachoir Pack Complet - Ankarsrum France<\/title>\n<meta name=\"robots\" content=\"index, follow, max-snippet:-1, max-image-preview:large, max-video-preview:-1\" \/>\n<link rel=\"canonical\" href=\"https:\/\/www.ankarsrum.com\/fr\/product\/hachoir-pack-complet-2\/\" \/>\n<meta property=\"og:locale\" content=\"fr_FR\" \/>\n<meta property=\"og:type\" content=\"article\" \/>\n<meta property=\"og:title\" content=\"Hachoir Pack Complet\" \/>\n<meta property=\"og:description\" content=\"Optimisez votre Ankarsrum Assistent Original avec le pack complet du Hachoir\u00a0! Ce pack complet comprend un hachoir et cinq accessoires pratiques qui vous permettent de hacher, extraire, r\u00e2per et plus encore, vos ingr\u00e9dients rapidement, sans effort et avec un contr\u00f4le total. Un incontournable pour les chefs amateurs et les passionn\u00e9s de cuisine qui aiment cuisiner maison.\" \/>\n<meta property=\"og:url\" content=\"https:\/\/www.ankarsrum.com\/fr\/product\/hachoir-pack-complet-2\/\" \/>\n<meta property=\"og:site_name\" content=\"Ankarsrum France\" \/>\n<meta property=\"article:modified_time\" content=\"2026-04-16T21:42:38+00:00\" \/>\n<meta property=\"og:image\" content=\"https:\/\/www.ankarsrum.com\/fr\/wp-content\/uploads\/sites\/23\/2025\/06\/mincer-complete-920900086-scaled.jpg\" \/>\n\t<meta property=\"og:image:width\" content=\"1200\" \/>\n\t<meta property=\"og:image:height\" content=\"630\" \/>\n\t<meta property=\"og:image:type\" content=\"image\/jpeg\" \/>\n<meta name=\"twitter:card\" content=\"summary_large_image\" \/>\n<meta name=\"twitter:label1\" content=\"Dur\u00e9e de lecture estim\u00e9e\" \/>\n\t<meta name=\"twitter:data1\" content=\"2 minutes\" \/>\n<script type=\"application\/ld+json\" class=\"yoast-schema-graph\">{\"@context\":\"https:\/\/schema.org\",\"@graph\":[{\"@type\":\"WebPage\",\"@id\":\"https:\/\/www.ankarsrum.com\/fr\/product\/hachoir-pack-complet-2\/\",\"url\":\"https:\/\/www.ankarsrum.com\/fr\/product\/hachoir-pack-complet-2\/\",\"name\":\"Hachoir Pack Complet - Ankarsrum France\",\"isPartOf\":{\"@id\":\"https:\/\/www.ankarsrum.com\/fr\/#website\"},\"primaryImageOfPage\":{\"@id\":\"https:\/\/www.ankarsrum.com\/fr\/product\/hachoir-pack-complet-2\/#primaryimage\"},\"image\":{\"@id\":\"https:\/\/www.ankarsrum.com\/fr\/product\/hachoir-pack-complet-2\/#primaryimage\"},\"thumbnailUrl\":\"https:\/\/www.ankarsrum.com\/img-srv\/f3gxcHtVYsEFaTbGHNRybm1FljiGVGisNwwa71F4Wp0\/resizing_type:auto\/width:0\/height:0\/gravity:sm\/enlarge:1\/ext:webp\/strip_metadata:1\/quality:90\/cachebuster:filesize-325716\/bG9jYWw6Ly8vd3d3LmFua2Fyc3J1bS5jb20vd3AtY29udGVudC91cGxvYWRzL3NpdGVzLzIzLzIwMjUvMDYvbWluY2VyLWNvbXBsZXRlLTkyMDkwMDA4Ni1zY2FsZWQuanBn.webp\",\"datePublished\":\"2024-07-16T07:00:53+00:00\",\"dateModified\":\"2026-04-16T21:42:38+00:00\",\"breadcrumb\":{\"@id\":\"https:\/\/www.ankarsrum.com\/fr\/product\/hachoir-pack-complet-2\/#breadcrumb\"},\"inLanguage\":\"fr-FR\",\"potentialAction\":[{\"@type\":\"ReadAction\",\"target\":[\"https:\/\/www.ankarsrum.com\/fr\/product\/hachoir-pack-complet-2\/\"]}]},{\"@type\":\"ImageObject\",\"inLanguage\":\"fr-FR\",\"@id\":\"https:\/\/www.ankarsrum.com\/fr\/product\/hachoir-pack-complet-2\/#primaryimage\",\"url\":\"https:\/\/www.ankarsrum.com\/img-srv\/f3gxcHtVYsEFaTbGHNRybm1FljiGVGisNwwa71F4Wp0\/resizing_type:auto\/width:0\/height:0\/gravity:sm\/enlarge:1\/ext:webp\/strip_metadata:1\/quality:90\/cachebuster:filesize-325716\/bG9jYWw6Ly8vd3d3LmFua2Fyc3J1bS5jb20vd3AtY29udGVudC91cGxvYWRzL3NpdGVzLzIzLzIwMjUvMDYvbWluY2VyLWNvbXBsZXRlLTkyMDkwMDA4Ni1zY2FsZWQuanBn.webp\",\"contentUrl\":\"https:\/\/www.ankarsrum.com\/img-srv\/f3gxcHtVYsEFaTbGHNRybm1FljiGVGisNwwa71F4Wp0\/resizing_type:auto\/width:0\/height:0\/gravity:sm\/enlarge:1\/ext:webp\/strip_metadata:1\/quality:90\/cachebuster:filesize-325716\/bG9jYWw6Ly8vd3d3LmFua2Fyc3J1bS5jb20vd3AtY29udGVudC91cGxvYWRzL3NpdGVzLzIzLzIwMjUvMDYvbWluY2VyLWNvbXBsZXRlLTkyMDkwMDA4Ni1zY2FsZWQuanBn.webp\",\"width\":2560,\"height\":2315},{\"@type\":\"BreadcrumbList\",\"@id\":\"https:\/\/www.ankarsrum.com\/fr\/product\/hachoir-pack-complet-2\/#breadcrumb\",\"itemListElement\":[{\"@type\":\"ListItem\",\"position\":1,\"name\":\"Home\",\"item\":\"https:\/\/www.ankarsrum.com\/fr\/\"},{\"@type\":\"ListItem\",\"position\":2,\"name\":\"Produce name\",\"item\":\"https:\/\/www.ankarsrum.com\/fr\/shop\/\"},{\"@type\":\"ListItem\",\"position\":3,\"name\":\"Hachoir Pack Complet\"}]},{\"@type\":\"WebSite\",\"@id\":\"https:\/\/www.ankarsrum.com\/fr\/#website\",\"url\":\"https:\/\/www.ankarsrum.com\/fr\/\",\"name\":\"Ankarsrum France\",\"description\":\"The bread of the world\",\"potentialAction\":[{\"@type\":\"SearchAction\",\"target\":{\"@type\":\"EntryPoint\",\"urlTemplate\":\"https:\/\/www.ankarsrum.com\/fr\/?s={search_term_string}\"},\"query-input\":{\"@type\":\"PropertyValueSpecification\",\"valueRequired\":true,\"valueName\":\"search_term_string\"}}],\"inLanguage\":\"fr-FR\"}]}<\/script>\n<!-- \/ Yoast SEO Premium plugin. -->","yoast_head_json":{"title":"Hachoir Pack Complet - Ankarsrum France","robots":{"index":"index","follow":"follow","max-snippet":"max-snippet:-1","max-image-preview":"max-image-preview:large","max-video-preview":"max-video-preview:-1"},"canonical":"https:\/\/www.ankarsrum.com\/fr\/product\/hachoir-pack-complet-2\/","og_locale":"fr_FR","og_type":"article","og_title":"Hachoir Pack Complet","og_description":"Optimisez votre Ankarsrum Assistent Original avec le pack complet du Hachoir\u00a0! Ce pack complet comprend un hachoir et cinq accessoires pratiques qui vous permettent de hacher, extraire, r\u00e2per et plus encore, vos ingr\u00e9dients rapidement, sans effort et avec un contr\u00f4le total. Un incontournable pour les chefs amateurs et les passionn\u00e9s de cuisine qui aiment cuisiner maison.","og_url":"https:\/\/www.ankarsrum.com\/fr\/product\/hachoir-pack-complet-2\/","og_site_name":"Ankarsrum France","article_modified_time":"2026-04-16T21:42:38+00:00","og_image":[{"width":1200,"height":630,"url":"https:\/\/www.ankarsrum.com\/fr\/wp-content\/uploads\/sites\/23\/2025\/06\/mincer-complete-920900086-scaled.jpg","type":"image\/jpeg"}],"twitter_card":"summary_large_image","twitter_misc":{"Dur\u00e9e de lecture estim\u00e9e":"2 minutes"},"schema":{"@context":"https:\/\/schema.org","@graph":[{"@type":"WebPage","@id":"https:\/\/www.ankarsrum.com\/fr\/product\/hachoir-pack-complet-2\/","url":"https:\/\/www.ankarsrum.com\/fr\/product\/hachoir-pack-complet-2\/","name":"Hachoir Pack Complet - Ankarsrum France","isPartOf":{"@id":"https:\/\/www.ankarsrum.com\/fr\/#website"},"primaryImageOfPage":{"@id":"https:\/\/www.ankarsrum.com\/fr\/product\/hachoir-pack-complet-2\/#primaryimage"},"image":{"@id":"https:\/\/www.ankarsrum.com\/fr\/product\/hachoir-pack-complet-2\/#primaryimage"},"thumbnailUrl":"https:\/\/www.ankarsrum.com\/img-srv\/f3gxcHtVYsEFaTbGHNRybm1FljiGVGisNwwa71F4Wp0\/resizing_type:auto\/width:0\/height:0\/gravity:sm\/enlarge:1\/ext:webp\/strip_metadata:1\/quality:90\/cachebuster:filesize-325716\/bG9jYWw6Ly8vd3d3LmFua2Fyc3J1bS5jb20vd3AtY29udGVudC91cGxvYWRzL3NpdGVzLzIzLzIwMjUvMDYvbWluY2VyLWNvbXBsZXRlLTkyMDkwMDA4Ni1zY2FsZWQuanBn.webp","datePublished":"2024-07-16T07:00:53+00:00","dateModified":"2026-04-16T21:42:38+00:00","breadcrumb":{"@id":"https:\/\/www.ankarsrum.com\/fr\/product\/hachoir-pack-complet-2\/#breadcrumb"},"inLanguage":"fr-FR","potentialAction":[{"@type":"ReadAction","target":["https:\/\/www.ankarsrum.com\/fr\/product\/hachoir-pack-complet-2\/"]}]},{"@type":"ImageObject","inLanguage":"fr-FR","@id":"https:\/\/www.ankarsrum.com\/fr\/product\/hachoir-pack-complet-2\/#primaryimage","url":"https:\/\/www.ankarsrum.com\/img-srv\/f3gxcHtVYsEFaTbGHNRybm1FljiGVGisNwwa71F4Wp0\/resizing_type:auto\/width:0\/height:0\/gravity:sm\/enlarge:1\/ext:webp\/strip_metadata:1\/quality:90\/cachebuster:filesize-325716\/bG9jYWw6Ly8vd3d3LmFua2Fyc3J1bS5jb20vd3AtY29udGVudC91cGxvYWRzL3NpdGVzLzIzLzIwMjUvMDYvbWluY2VyLWNvbXBsZXRlLTkyMDkwMDA4Ni1zY2FsZWQuanBn.webp","contentUrl":"https:\/\/www.ankarsrum.com\/img-srv\/f3gxcHtVYsEFaTbGHNRybm1FljiGVGisNwwa71F4Wp0\/resizing_type:auto\/width:0\/height:0\/gravity:sm\/enlarge:1\/ext:webp\/strip_metadata:1\/quality:90\/cachebuster:filesize-325716\/bG9jYWw6Ly8vd3d3LmFua2Fyc3J1bS5jb20vd3AtY29udGVudC91cGxvYWRzL3NpdGVzLzIzLzIwMjUvMDYvbWluY2VyLWNvbXBsZXRlLTkyMDkwMDA4Ni1zY2FsZWQuanBn.webp","width":2560,"height":2315},{"@type":"BreadcrumbList","@id":"https:\/\/www.ankarsrum.com\/fr\/product\/hachoir-pack-complet-2\/#breadcrumb","itemListElement":[{"@type":"ListItem","position":1,"name":"Home","item":"https:\/\/www.ankarsrum.com\/fr\/"},{"@type":"ListItem","position":2,"name":"Produce name","item":"https:\/\/www.ankarsrum.com\/fr\/shop\/"},{"@type":"ListItem","position":3,"name":"Hachoir Pack Complet"}]},{"@type":"WebSite","@id":"https:\/\/www.ankarsrum.com\/fr\/#website","url":"https:\/\/www.ankarsrum.com\/fr\/","name":"Ankarsrum France","description":"The bread of the world","potentialAction":[{"@type":"SearchAction","target":{"@type":"EntryPoint","urlTemplate":"https:\/\/www.ankarsrum.com\/fr\/?s={search_term_string}"},"query-input":{"@type":"PropertyValueSpecification","valueRequired":true,"valueName":"search_term_string"}}],"inLanguage":"fr-FR"}]}},"_links":{"self":[{"href":"https:\/\/www.ankarsrum.com\/fr\/wp-json\/wp\/v2\/product\/11590","targetHints":{"allow":["GET"]}}],"collection":[{"href":"https:\/\/www.ankarsrum.com\/fr\/wp-json\/wp\/v2\/product"}],"about":[{"href":"https:\/\/www.ankarsrum.com\/fr\/wp-json\/wp\/v2\/types\/product"}],"replies":[{"embeddable":true,"href":"https:\/\/www.ankarsrum.com\/fr\/wp-json\/wp\/v2\/comments?post=11590"}],"wp:featuredmedia":[{"embeddable":true,"href":"https:\/\/www.ankarsrum.com\/fr\/wp-json\/wp\/v2\/media\/11586"}],"wp:attachment":[{"href":"https:\/\/www.ankarsrum.com\/fr\/wp-json\/wp\/v2\/media?parent=11590"}],"wp:term":[{"taxonomy":"product_brand","embeddable":true,"href":"https:\/\/www.ankarsrum.com\/fr\/wp-json\/wp\/v2\/product_brand?post=11590"},{"taxonomy":"product_cat","embeddable":true,"href":"https:\/\/www.ankarsrum.com\/fr\/wp-json\/wp\/v2\/product_cat?post=11590"},{"taxonomy":"product_tag","embeddable":true,"href":"https:\/\/www.ankarsrum.com\/fr\/wp-json\/wp\/v2\/product_tag?post=11590"},{"taxonomy":"product-tag","embeddable":true,"href":"https:\/\/www.ankarsrum.com\/fr\/wp-json\/wp\/v2\/product-tag?post=11590"},{"taxonomy":"machines","embeddable":true,"href":"https:\/\/www.ankarsrum.com\/fr\/wp-json\/wp\/v2\/machines?post=11590"},{"taxonomy":"filter","embeddable":true,"href":"https:\/\/www.ankarsrum.com\/fr\/wp-json\/wp\/v2\/filter?post=11590"}],"curies":[{"name":"wp","href":"https:\/\/api.w.org\/{rel}","templated":true}]}}