{"id":11902,"date":"2025-09-08T14:44:58","date_gmt":"2025-09-08T12:44:58","guid":{"rendered":"https:\/\/www.ankarsrum.com\/fr\/product\/tablier-ankarsrum\/"},"modified":"2026-04-29T00:37:39","modified_gmt":"2026-04-28T22:37:39","slug":"tablier-ankarsrum","status":"publish","type":"product","link":"https:\/\/www.ankarsrum.com\/fr\/product\/tablier-ankarsrum\/","title":{"rendered":"Tablier Ankarsrum"},"content":{"rendered":"<p class=\"MsoNormal\"><span style=\"mso-fareast-font-family: &#039;Times New Roman&#039;; color: black;\">Prot\u00e9gez vos v\u00eatements des \u00e9claboussures et des taches en cuisine.<\/span><\/p>\n<p class=\"MsoNormal\"><span style=\"mso-fareast-font-family: &#039;Times New Roman&#039;; color: black;\">Le tablier Ankarsrum est un indispensable pour tous les cuisiniers et p\u00e2tissiers amateurs. Son tissu r\u00e9sistant aux taches est lavable en machine pour un nettoyage facile. Taille unique, avec une sangle r\u00e9glable au niveau du cou, une boucle et des liens sur les c\u00f4t\u00e9s. La poche avant \u00e0 trois compartiments permet d&#039;acc\u00e9der facilement aux ustensiles de cuisine, fiches recettes, thermom\u00e8tre, etc.<\/span><\/p>","protected":false},"excerpt":{"rendered":"<p class=\"MsoNormal\"><span style=\"mso-fareast-font-family: &#039;Times New Roman&#039;; color: black;\">65 % polyester \/ 35 % coton<\/span><\/p>\n<p class=\"MsoNormal\"><span style=\"mso-fareast-font-family: &#039;Times New Roman&#039;; color: black;\">Taille unique<\/span><\/p>\n<p class=\"MsoNormal\"><span style=\"mso-fareast-font-family: &#039;Times New Roman&#039;; color: black;\">71 cm x 61 cm<\/span><\/p>\n<p class=\"MsoNormal\"><span style=\"mso-fareast-font-family: &#039;Times New Roman&#039;; color: black;\">Lavage en machine \u00e0 froid et s\u00e9chage \u00e0 basse ou moyenne temp\u00e9rature<\/span><\/p>\n","protected":false},"featured_media":11899,"comment_status":"open","ping_status":"closed","template":"","meta":{"_acf_changed":false,"content-type":"","editor_notices":[]},"product_brand":[],"product_cat":[139],"product_tag":[],"product-tag":[],"machines":[],"filter":[],"class_list":{"0":"post-11902","1":"product","2":"type-product","3":"status-publish","4":"has-post-thumbnail","6":"product_cat-accessoires","8":"first","9":"instock","10":"taxable","11":"shipping-taxable","12":"purchasable","13":"product-type-simple"},"bundled_by":[],"bundle_stock_status":"instock","bundle_stock_quantity":null,"bundle_virtual":false,"bundle_layout":"","bundle_add_to_cart_form_location":"","bundle_editable_in_cart":false,"bundle_sold_individually_context":"","bundle_item_grouping":"","bundle_min_size":"","bundle_max_size":"","bundle_price":[],"bundled_items":[],"bundle_sell_ids":[],"acf":[],"yoast_head":"<!-- This site is optimized with the Yoast SEO Premium plugin v26.6 (Yoast SEO v26.6) - https:\/\/yoast.com\/wordpress\/plugins\/seo\/ -->\n<title>Tablier Ankarsrum - Ankarsrum France<\/title>\n<meta name=\"robots\" content=\"index, follow, max-snippet:-1, max-image-preview:large, max-video-preview:-1\" \/>\n<link rel=\"canonical\" href=\"https:\/\/www.ankarsrum.com\/fr\/product\/tablier-ankarsrum\/\" \/>\n<meta property=\"og:locale\" content=\"fr_FR\" \/>\n<meta property=\"og:type\" content=\"article\" \/>\n<meta property=\"og:title\" content=\"Tablier Ankarsrum\" \/>\n<meta property=\"og:description\" content=\"65 % polyester \/ 35 % coton Taille unique 71 cm x 61 cm Lavage en machine \u00e0 froid et s\u00e9chage \u00e0 basse ou moyenne temp\u00e9rature\" \/>\n<meta property=\"og:url\" content=\"https:\/\/www.ankarsrum.com\/fr\/product\/tablier-ankarsrum\/\" \/>\n<meta property=\"og:site_name\" content=\"Ankarsrum France\" \/>\n<meta property=\"article:modified_time\" content=\"2026-04-28T22:37:39+00:00\" \/>\n<meta property=\"og:image\" content=\"https:\/\/www.ankarsrum.com\/fr\/wp-content\/uploads\/sites\/23\/2025\/09\/apron-ankarsrum.png\" \/>\n\t<meta property=\"og:image:width\" content=\"1200\" \/>\n\t<meta property=\"og:image:height\" content=\"630\" \/>\n\t<meta property=\"og:image:type\" content=\"image\/png\" \/>\n<meta name=\"twitter:card\" content=\"summary_large_image\" \/>\n<script type=\"application\/ld+json\" class=\"yoast-schema-graph\">{\"@context\":\"https:\/\/schema.org\",\"@graph\":[{\"@type\":\"WebPage\",\"@id\":\"https:\/\/www.ankarsrum.com\/fr\/product\/tablier-ankarsrum\/\",\"url\":\"https:\/\/www.ankarsrum.com\/fr\/product\/tablier-ankarsrum\/\",\"name\":\"Tablier Ankarsrum - Ankarsrum France\",\"isPartOf\":{\"@id\":\"https:\/\/www.ankarsrum.com\/fr\/#website\"},\"primaryImageOfPage\":{\"@id\":\"https:\/\/www.ankarsrum.com\/fr\/product\/tablier-ankarsrum\/#primaryimage\"},\"image\":{\"@id\":\"https:\/\/www.ankarsrum.com\/fr\/product\/tablier-ankarsrum\/#primaryimage\"},\"thumbnailUrl\":\"https:\/\/www.ankarsrum.com\/img-srv\/zYWCxyyTB3FScneHuSJ0I9AXUYdKUV8gV6fiTesd5-A\/resizing_type:auto\/width:0\/height:0\/gravity:sm\/enlarge:1\/ext:webp\/strip_metadata:1\/quality:90\/cachebuster:filesize-104875\/bG9jYWw6Ly8vd3d3LmFua2Fyc3J1bS5jb20vd3AtY29udGVudC91cGxvYWRzL3NpdGVzLzIzLzIwMjUvMDkvYXByb24tYW5rYXJzcnVtLnBuZw.webp\",\"datePublished\":\"2025-09-08T12:44:58+00:00\",\"dateModified\":\"2026-04-28T22:37:39+00:00\",\"breadcrumb\":{\"@id\":\"https:\/\/www.ankarsrum.com\/fr\/product\/tablier-ankarsrum\/#breadcrumb\"},\"inLanguage\":\"fr-FR\",\"potentialAction\":[{\"@type\":\"ReadAction\",\"target\":[\"https:\/\/www.ankarsrum.com\/fr\/product\/tablier-ankarsrum\/\"]}]},{\"@type\":\"ImageObject\",\"inLanguage\":\"fr-FR\",\"@id\":\"https:\/\/www.ankarsrum.com\/fr\/product\/tablier-ankarsrum\/#primaryimage\",\"url\":\"https:\/\/www.ankarsrum.com\/img-srv\/zYWCxyyTB3FScneHuSJ0I9AXUYdKUV8gV6fiTesd5-A\/resizing_type:auto\/width:0\/height:0\/gravity:sm\/enlarge:1\/ext:webp\/strip_metadata:1\/quality:90\/cachebuster:filesize-104875\/bG9jYWw6Ly8vd3d3LmFua2Fyc3J1bS5jb20vd3AtY29udGVudC91cGxvYWRzL3NpdGVzLzIzLzIwMjUvMDkvYXByb24tYW5rYXJzcnVtLnBuZw.webp\",\"contentUrl\":\"https:\/\/www.ankarsrum.com\/img-srv\/zYWCxyyTB3FScneHuSJ0I9AXUYdKUV8gV6fiTesd5-A\/resizing_type:auto\/width:0\/height:0\/gravity:sm\/enlarge:1\/ext:webp\/strip_metadata:1\/quality:90\/cachebuster:filesize-104875\/bG9jYWw6Ly8vd3d3LmFua2Fyc3J1bS5jb20vd3AtY29udGVudC91cGxvYWRzL3NpdGVzLzIzLzIwMjUvMDkvYXByb24tYW5rYXJzcnVtLnBuZw.webp\",\"width\":621,\"height\":622},{\"@type\":\"BreadcrumbList\",\"@id\":\"https:\/\/www.ankarsrum.com\/fr\/product\/tablier-ankarsrum\/#breadcrumb\",\"itemListElement\":[{\"@type\":\"ListItem\",\"position\":1,\"name\":\"Home\",\"item\":\"https:\/\/www.ankarsrum.com\/fr\/\"},{\"@type\":\"ListItem\",\"position\":2,\"name\":\"Produce name\",\"item\":\"https:\/\/www.ankarsrum.com\/fr\/shop\/\"},{\"@type\":\"ListItem\",\"position\":3,\"name\":\"Tablier Ankarsrum\"}]},{\"@type\":\"WebSite\",\"@id\":\"https:\/\/www.ankarsrum.com\/fr\/#website\",\"url\":\"https:\/\/www.ankarsrum.com\/fr\/\",\"name\":\"Ankarsrum France\",\"description\":\"The bread of the world\",\"potentialAction\":[{\"@type\":\"SearchAction\",\"target\":{\"@type\":\"EntryPoint\",\"urlTemplate\":\"https:\/\/www.ankarsrum.com\/fr\/?s={search_term_string}\"},\"query-input\":{\"@type\":\"PropertyValueSpecification\",\"valueRequired\":true,\"valueName\":\"search_term_string\"}}],\"inLanguage\":\"fr-FR\"}]}<\/script>\n<!-- \/ Yoast SEO Premium plugin. -->","yoast_head_json":{"title":"Tablier Ankarsrum - Ankarsrum France","robots":{"index":"index","follow":"follow","max-snippet":"max-snippet:-1","max-image-preview":"max-image-preview:large","max-video-preview":"max-video-preview:-1"},"canonical":"https:\/\/www.ankarsrum.com\/fr\/product\/tablier-ankarsrum\/","og_locale":"fr_FR","og_type":"article","og_title":"Tablier Ankarsrum","og_description":"65 % polyester \/ 35 % coton Taille unique 71 cm x 61 cm Lavage en machine \u00e0 froid et s\u00e9chage \u00e0 basse ou moyenne temp\u00e9rature","og_url":"https:\/\/www.ankarsrum.com\/fr\/product\/tablier-ankarsrum\/","og_site_name":"Ankarsrum France","article_modified_time":"2026-04-28T22:37:39+00:00","og_image":[{"url":"https:\/\/www.ankarsrum.com\/fr\/wp-content\/uploads\/sites\/23\/2025\/09\/apron-ankarsrum.png","width":1200,"height":630,"type":"image\/png"}],"twitter_card":"summary_large_image","schema":{"@context":"https:\/\/schema.org","@graph":[{"@type":"WebPage","@id":"https:\/\/www.ankarsrum.com\/fr\/product\/tablier-ankarsrum\/","url":"https:\/\/www.ankarsrum.com\/fr\/product\/tablier-ankarsrum\/","name":"Tablier Ankarsrum - Ankarsrum France","isPartOf":{"@id":"https:\/\/www.ankarsrum.com\/fr\/#website"},"primaryImageOfPage":{"@id":"https:\/\/www.ankarsrum.com\/fr\/product\/tablier-ankarsrum\/#primaryimage"},"image":{"@id":"https:\/\/www.ankarsrum.com\/fr\/product\/tablier-ankarsrum\/#primaryimage"},"thumbnailUrl":"https:\/\/www.ankarsrum.com\/img-srv\/zYWCxyyTB3FScneHuSJ0I9AXUYdKUV8gV6fiTesd5-A\/resizing_type:auto\/width:0\/height:0\/gravity:sm\/enlarge:1\/ext:webp\/strip_metadata:1\/quality:90\/cachebuster:filesize-104875\/bG9jYWw6Ly8vd3d3LmFua2Fyc3J1bS5jb20vd3AtY29udGVudC91cGxvYWRzL3NpdGVzLzIzLzIwMjUvMDkvYXByb24tYW5rYXJzcnVtLnBuZw.webp","datePublished":"2025-09-08T12:44:58+00:00","dateModified":"2026-04-28T22:37:39+00:00","breadcrumb":{"@id":"https:\/\/www.ankarsrum.com\/fr\/product\/tablier-ankarsrum\/#breadcrumb"},"inLanguage":"fr-FR","potentialAction":[{"@type":"ReadAction","target":["https:\/\/www.ankarsrum.com\/fr\/product\/tablier-ankarsrum\/"]}]},{"@type":"ImageObject","inLanguage":"fr-FR","@id":"https:\/\/www.ankarsrum.com\/fr\/product\/tablier-ankarsrum\/#primaryimage","url":"https:\/\/www.ankarsrum.com\/img-srv\/zYWCxyyTB3FScneHuSJ0I9AXUYdKUV8gV6fiTesd5-A\/resizing_type:auto\/width:0\/height:0\/gravity:sm\/enlarge:1\/ext:webp\/strip_metadata:1\/quality:90\/cachebuster:filesize-104875\/bG9jYWw6Ly8vd3d3LmFua2Fyc3J1bS5jb20vd3AtY29udGVudC91cGxvYWRzL3NpdGVzLzIzLzIwMjUvMDkvYXByb24tYW5rYXJzcnVtLnBuZw.webp","contentUrl":"https:\/\/www.ankarsrum.com\/img-srv\/zYWCxyyTB3FScneHuSJ0I9AXUYdKUV8gV6fiTesd5-A\/resizing_type:auto\/width:0\/height:0\/gravity:sm\/enlarge:1\/ext:webp\/strip_metadata:1\/quality:90\/cachebuster:filesize-104875\/bG9jYWw6Ly8vd3d3LmFua2Fyc3J1bS5jb20vd3AtY29udGVudC91cGxvYWRzL3NpdGVzLzIzLzIwMjUvMDkvYXByb24tYW5rYXJzcnVtLnBuZw.webp","width":621,"height":622},{"@type":"BreadcrumbList","@id":"https:\/\/www.ankarsrum.com\/fr\/product\/tablier-ankarsrum\/#breadcrumb","itemListElement":[{"@type":"ListItem","position":1,"name":"Home","item":"https:\/\/www.ankarsrum.com\/fr\/"},{"@type":"ListItem","position":2,"name":"Produce name","item":"https:\/\/www.ankarsrum.com\/fr\/shop\/"},{"@type":"ListItem","position":3,"name":"Tablier Ankarsrum"}]},{"@type":"WebSite","@id":"https:\/\/www.ankarsrum.com\/fr\/#website","url":"https:\/\/www.ankarsrum.com\/fr\/","name":"Ankarsrum France","description":"The bread of the world","potentialAction":[{"@type":"SearchAction","target":{"@type":"EntryPoint","urlTemplate":"https:\/\/www.ankarsrum.com\/fr\/?s={search_term_string}"},"query-input":{"@type":"PropertyValueSpecification","valueRequired":true,"valueName":"search_term_string"}}],"inLanguage":"fr-FR"}]}},"_links":{"self":[{"href":"https:\/\/www.ankarsrum.com\/fr\/wp-json\/wp\/v2\/product\/11902","targetHints":{"allow":["GET"]}}],"collection":[{"href":"https:\/\/www.ankarsrum.com\/fr\/wp-json\/wp\/v2\/product"}],"about":[{"href":"https:\/\/www.ankarsrum.com\/fr\/wp-json\/wp\/v2\/types\/product"}],"replies":[{"embeddable":true,"href":"https:\/\/www.ankarsrum.com\/fr\/wp-json\/wp\/v2\/comments?post=11902"}],"wp:featuredmedia":[{"embeddable":true,"href":"https:\/\/www.ankarsrum.com\/fr\/wp-json\/wp\/v2\/media\/11899"}],"wp:attachment":[{"href":"https:\/\/www.ankarsrum.com\/fr\/wp-json\/wp\/v2\/media?parent=11902"}],"wp:term":[{"taxonomy":"product_brand","embeddable":true,"href":"https:\/\/www.ankarsrum.com\/fr\/wp-json\/wp\/v2\/product_brand?post=11902"},{"taxonomy":"product_cat","embeddable":true,"href":"https:\/\/www.ankarsrum.com\/fr\/wp-json\/wp\/v2\/product_cat?post=11902"},{"taxonomy":"product_tag","embeddable":true,"href":"https:\/\/www.ankarsrum.com\/fr\/wp-json\/wp\/v2\/product_tag?post=11902"},{"taxonomy":"product-tag","embeddable":true,"href":"https:\/\/www.ankarsrum.com\/fr\/wp-json\/wp\/v2\/product-tag?post=11902"},{"taxonomy":"machines","embeddable":true,"href":"https:\/\/www.ankarsrum.com\/fr\/wp-json\/wp\/v2\/machines?post=11902"},{"taxonomy":"filter","embeddable":true,"href":"https:\/\/www.ankarsrum.com\/fr\/wp-json\/wp\/v2\/filter?post=11902"}],"curies":[{"name":"wp","href":"https:\/\/api.w.org\/{rel}","templated":true}]}}