{"id":13046,"date":"2026-03-12T12:45:57","date_gmt":"2026-03-12T11:45:57","guid":{"rendered":"https:\/\/www.ankarsrum.com\/fr\/?post_type=product&#038;p=13046"},"modified":"2026-03-12T14:48:21","modified_gmt":"2026-03-12T13:48:21","slug":"rapes-supplementaires-pour-coupe-legumes","status":"publish","type":"product","link":"https:\/\/www.ankarsrum.com\/fr\/product\/rapes-supplementaires-pour-coupe-legumes\/","title":{"rendered":"R\u00e2pes suppl\u00e9mentaires pour Coupe-l\u00e9gumes"},"content":{"rendered":"Am\u00e9liorez la polyvalence de votre coupe-l\u00e9gumes gr\u00e2ce \u00e0 ce lot de trois cylindres suppl\u00e9mentaires. Con\u00e7us pour une pr\u00e9cision et une praticit\u00e9 optimales, ces accessoires vous permettent de personnaliser vos techniques pour r\u00e2per, \u00e9mincer et trancher que ce soit pour la p\u00e2tisserie ou la cuisine.\r\n\r\n&nbsp;\r\n\r\n<strong>Cylindre \u00e0 r\u00e2per fin<\/strong>\u00a0: id\u00e9al pour r\u00e2per finement du chocolat, des noix ou des fromages \u00e0 p\u00e2te dure comme le parmesan.\r\n\r\n<strong>Cylindre \u00e0 \u00e9mincer<\/strong>\u00a0: r\u00e2pe sans effort les l\u00e9gumes racines, les pommes de terre et les fruits pour vos salades, gratins et salades de chou.\r\n\r\n<strong>Cylindre presse-pur\u00e9e <\/strong>: pr\u00e9pare facilement des pommes de terre pour des raviolis et autres plats classiques.\r\n\r\n&nbsp;\r\n\r\nChaque cylindre se fixe rapidement \u00e0 votre coupe-l\u00e9gumes, pour une pr\u00e9paration plus rapide et plus efficace\r\n\r\n<strong>Compatible avec le coupe-l\u00e9gumes Ankarsrum. Ce coupe-l\u00e9gumes est compatible avec tous les mod\u00e8les Assistent Original \u2013 Type\u00a0: N1-N30 | Type\u00a0: N30 \/ Mod\u00e8le\u00a0: AKM6230<\/strong>\r\n\r\n&nbsp;\r\n\r\nTrois cylindres suppl\u00e9mentaires indispensables pour le coupe-l\u00e9gumes. Augmentez les capacit\u00e9s de votre coupe-l\u00e9gumes gr\u00e2ce \u00e0 ces trois cylindres suppl\u00e9mentaires pratiques.\r\n\r\n<strong>Flexible<\/strong> \u2013 Id\u00e9al pour la p\u00e2tisserie, la pr\u00e9paration de crudit\u00e9s et de repas.\r\n\r\n<strong>Polyvalent<\/strong> \u2013 \u200b\u200bR\u00e2pez finement, \u00e9mincez ou pressez des pommes de terre pour des boulettes, des gnocchis et bien plus encore\u00a0!\r\n\r\n<strong>Facile \u00e0 utiliser<\/strong> \u2013 Se fixe rapidement pour une pr\u00e9paration rapide.","protected":false},"excerpt":{"rendered":"<p>Am\u00e9liorez votre coupe-l\u00e9gumes avec trois cylindres suppl\u00e9mentaires, parfaits pour r\u00e2per finement des noix, du chocolat ou du parmesan, r\u00e2per des l\u00e9gumes racines ou pr\u00e9parer des pommes de terre pour des gnocchis ou des raviolis. Un moyen simple d&#8217;\u00e9largir vos possibilit\u00e9s culinaires\u00a0!<\/p>\n","protected":false},"featured_media":13049,"comment_status":"open","ping_status":"closed","template":"","meta":{"_acf_changed":false,"content-type":"","editor_notices":[]},"product_brand":[],"product_cat":[139],"product_tag":[],"product-tag":[],"machines":[],"filter":[],"class_list":{"0":"post-13046","1":"product","2":"type-product","3":"status-publish","4":"has-post-thumbnail","6":"product_cat-accessoires","8":"first","9":"instock","10":"taxable","11":"shipping-taxable","12":"purchasable","13":"product-type-simple"},"bundled_by":[],"bundle_stock_status":"instock","bundle_stock_quantity":null,"bundle_virtual":false,"bundle_layout":"","bundle_add_to_cart_form_location":"","bundle_editable_in_cart":false,"bundle_sold_individually_context":"","bundle_item_grouping":"","bundle_min_size":"","bundle_max_size":"","bundle_price":[],"bundled_items":[],"bundle_sell_ids":[],"acf":[],"yoast_head":"<!-- This site is optimized with the Yoast SEO Premium plugin v26.6 (Yoast SEO v26.6) - https:\/\/yoast.com\/wordpress\/plugins\/seo\/ -->\n<title>R\u00e2pes suppl\u00e9mentaires pour Coupe-l\u00e9gumes - Ankarsrum France<\/title>\n<meta name=\"description\" content=\"Am\u00e9liorez votre coupe-l\u00e9gumes ANKARSRUM gr\u00e2ce \u00e0 trois tambours indispensables !\" \/>\n<meta name=\"robots\" content=\"index, follow, max-snippet:-1, max-image-preview:large, max-video-preview:-1\" \/>\n<link rel=\"canonical\" href=\"https:\/\/www.ankarsrum.com\/fr\/product\/rapes-supplementaires-pour-coupe-legumes\/\" \/>\n<meta property=\"og:locale\" content=\"fr_FR\" \/>\n<meta property=\"og:type\" content=\"article\" \/>\n<meta property=\"og:title\" content=\"R\u00e2pes suppl\u00e9mentaires pour Coupe-l\u00e9gumes\" \/>\n<meta property=\"og:description\" content=\"Am\u00e9liorez votre coupe-l\u00e9gumes ANKARSRUM gr\u00e2ce \u00e0 trois tambours indispensables !\" \/>\n<meta property=\"og:url\" content=\"https:\/\/www.ankarsrum.com\/fr\/product\/rapes-supplementaires-pour-coupe-legumes\/\" \/>\n<meta property=\"og:site_name\" content=\"Ankarsrum France\" \/>\n<meta property=\"article:modified_time\" content=\"2026-03-12T13:48:21+00:00\" \/>\n<meta property=\"og:image\" content=\"https:\/\/www.ankarsrum.com\/fr\/wp-content\/uploads\/sites\/23\/2026\/03\/3-additional-drums-920900044.jpg\" \/>\n\t<meta property=\"og:image:width\" content=\"1000\" \/>\n\t<meta property=\"og:image:height\" content=\"630\" \/>\n\t<meta property=\"og:image:type\" content=\"image\/jpeg\" \/>\n<meta name=\"twitter:card\" content=\"summary_large_image\" \/>\n<meta name=\"twitter:label1\" content=\"Dur\u00e9e de lecture estim\u00e9e\" \/>\n\t<meta name=\"twitter:data1\" content=\"2 minutes\" \/>\n<script type=\"application\/ld+json\" class=\"yoast-schema-graph\">{\"@context\":\"https:\/\/schema.org\",\"@graph\":[{\"@type\":\"WebPage\",\"@id\":\"https:\/\/www.ankarsrum.com\/fr\/product\/rapes-supplementaires-pour-coupe-legumes\/\",\"url\":\"https:\/\/www.ankarsrum.com\/fr\/product\/rapes-supplementaires-pour-coupe-legumes\/\",\"name\":\"R\u00e2pes suppl\u00e9mentaires pour Coupe-l\u00e9gumes - Ankarsrum France\",\"isPartOf\":{\"@id\":\"https:\/\/www.ankarsrum.com\/fr\/#website\"},\"primaryImageOfPage\":{\"@id\":\"https:\/\/www.ankarsrum.com\/fr\/product\/rapes-supplementaires-pour-coupe-legumes\/#primaryimage\"},\"image\":{\"@id\":\"https:\/\/www.ankarsrum.com\/fr\/product\/rapes-supplementaires-pour-coupe-legumes\/#primaryimage\"},\"thumbnailUrl\":\"https:\/\/www.ankarsrum.com\/img-srv\/XCL4aEWkb1_U7m2lgUtw5rT4IQYBRt8L5ghhl-qZhtI\/resizing_type:auto\/width:0\/height:0\/gravity:sm\/enlarge:1\/ext:webp\/strip_metadata:1\/quality:90\/cachebuster:filesize-168321\/bG9jYWw6Ly8vd3d3LmFua2Fyc3J1bS5jb20vd3AtY29udGVudC91cGxvYWRzL3NpdGVzLzIzLzIwMjYvMDMvMy1hZGRpdGlvbmFsLWRydW1zLTkyMDkwMDA0NC5qcGc.webp\",\"datePublished\":\"2026-03-12T11:45:57+00:00\",\"dateModified\":\"2026-03-12T13:48:21+00:00\",\"description\":\"Am\u00e9liorez votre coupe-l\u00e9gumes ANKARSRUM gr\u00e2ce \u00e0 trois tambours indispensables !\",\"breadcrumb\":{\"@id\":\"https:\/\/www.ankarsrum.com\/fr\/product\/rapes-supplementaires-pour-coupe-legumes\/#breadcrumb\"},\"inLanguage\":\"fr-FR\",\"potentialAction\":[{\"@type\":\"ReadAction\",\"target\":[\"https:\/\/www.ankarsrum.com\/fr\/product\/rapes-supplementaires-pour-coupe-legumes\/\"]}]},{\"@type\":\"ImageObject\",\"inLanguage\":\"fr-FR\",\"@id\":\"https:\/\/www.ankarsrum.com\/fr\/product\/rapes-supplementaires-pour-coupe-legumes\/#primaryimage\",\"url\":\"https:\/\/www.ankarsrum.com\/img-srv\/XCL4aEWkb1_U7m2lgUtw5rT4IQYBRt8L5ghhl-qZhtI\/resizing_type:auto\/width:0\/height:0\/gravity:sm\/enlarge:1\/ext:webp\/strip_metadata:1\/quality:90\/cachebuster:filesize-168321\/bG9jYWw6Ly8vd3d3LmFua2Fyc3J1bS5jb20vd3AtY29udGVudC91cGxvYWRzL3NpdGVzLzIzLzIwMjYvMDMvMy1hZGRpdGlvbmFsLWRydW1zLTkyMDkwMDA0NC5qcGc.webp\",\"contentUrl\":\"https:\/\/www.ankarsrum.com\/img-srv\/XCL4aEWkb1_U7m2lgUtw5rT4IQYBRt8L5ghhl-qZhtI\/resizing_type:auto\/width:0\/height:0\/gravity:sm\/enlarge:1\/ext:webp\/strip_metadata:1\/quality:90\/cachebuster:filesize-168321\/bG9jYWw6Ly8vd3d3LmFua2Fyc3J1bS5jb20vd3AtY29udGVudC91cGxvYWRzL3NpdGVzLzIzLzIwMjYvMDMvMy1hZGRpdGlvbmFsLWRydW1zLTkyMDkwMDA0NC5qcGc.webp\",\"width\":1000,\"height\":1000,\"caption\":\"rapes suppl\u00e9mentaires ankarsrum\"},{\"@type\":\"BreadcrumbList\",\"@id\":\"https:\/\/www.ankarsrum.com\/fr\/product\/rapes-supplementaires-pour-coupe-legumes\/#breadcrumb\",\"itemListElement\":[{\"@type\":\"ListItem\",\"position\":1,\"name\":\"Home\",\"item\":\"https:\/\/www.ankarsrum.com\/fr\/\"},{\"@type\":\"ListItem\",\"position\":2,\"name\":\"Produce name\",\"item\":\"https:\/\/www.ankarsrum.com\/fr\/shop\/\"},{\"@type\":\"ListItem\",\"position\":3,\"name\":\"R\u00e2pes suppl\u00e9mentaires pour Coupe-l\u00e9gumes\"}]},{\"@type\":\"WebSite\",\"@id\":\"https:\/\/www.ankarsrum.com\/fr\/#website\",\"url\":\"https:\/\/www.ankarsrum.com\/fr\/\",\"name\":\"Ankarsrum France\",\"description\":\"The bread of the world\",\"potentialAction\":[{\"@type\":\"SearchAction\",\"target\":{\"@type\":\"EntryPoint\",\"urlTemplate\":\"https:\/\/www.ankarsrum.com\/fr\/?s={search_term_string}\"},\"query-input\":{\"@type\":\"PropertyValueSpecification\",\"valueRequired\":true,\"valueName\":\"search_term_string\"}}],\"inLanguage\":\"fr-FR\"}]}<\/script>\n<!-- \/ Yoast SEO Premium plugin. -->","yoast_head_json":{"title":"R\u00e2pes suppl\u00e9mentaires pour Coupe-l\u00e9gumes - Ankarsrum France","description":"Am\u00e9liorez votre coupe-l\u00e9gumes ANKARSRUM gr\u00e2ce \u00e0 trois tambours indispensables !","robots":{"index":"index","follow":"follow","max-snippet":"max-snippet:-1","max-image-preview":"max-image-preview:large","max-video-preview":"max-video-preview:-1"},"canonical":"https:\/\/www.ankarsrum.com\/fr\/product\/rapes-supplementaires-pour-coupe-legumes\/","og_locale":"fr_FR","og_type":"article","og_title":"R\u00e2pes suppl\u00e9mentaires pour Coupe-l\u00e9gumes","og_description":"Am\u00e9liorez votre coupe-l\u00e9gumes ANKARSRUM gr\u00e2ce \u00e0 trois tambours indispensables !","og_url":"https:\/\/www.ankarsrum.com\/fr\/product\/rapes-supplementaires-pour-coupe-legumes\/","og_site_name":"Ankarsrum France","article_modified_time":"2026-03-12T13:48:21+00:00","og_image":[{"width":1000,"height":630,"url":"https:\/\/www.ankarsrum.com\/fr\/wp-content\/uploads\/sites\/23\/2026\/03\/3-additional-drums-920900044.jpg","type":"image\/jpeg"}],"twitter_card":"summary_large_image","twitter_misc":{"Dur\u00e9e de lecture estim\u00e9e":"2 minutes"},"schema":{"@context":"https:\/\/schema.org","@graph":[{"@type":"WebPage","@id":"https:\/\/www.ankarsrum.com\/fr\/product\/rapes-supplementaires-pour-coupe-legumes\/","url":"https:\/\/www.ankarsrum.com\/fr\/product\/rapes-supplementaires-pour-coupe-legumes\/","name":"R\u00e2pes suppl\u00e9mentaires pour Coupe-l\u00e9gumes - Ankarsrum France","isPartOf":{"@id":"https:\/\/www.ankarsrum.com\/fr\/#website"},"primaryImageOfPage":{"@id":"https:\/\/www.ankarsrum.com\/fr\/product\/rapes-supplementaires-pour-coupe-legumes\/#primaryimage"},"image":{"@id":"https:\/\/www.ankarsrum.com\/fr\/product\/rapes-supplementaires-pour-coupe-legumes\/#primaryimage"},"thumbnailUrl":"https:\/\/www.ankarsrum.com\/img-srv\/XCL4aEWkb1_U7m2lgUtw5rT4IQYBRt8L5ghhl-qZhtI\/resizing_type:auto\/width:0\/height:0\/gravity:sm\/enlarge:1\/ext:webp\/strip_metadata:1\/quality:90\/cachebuster:filesize-168321\/bG9jYWw6Ly8vd3d3LmFua2Fyc3J1bS5jb20vd3AtY29udGVudC91cGxvYWRzL3NpdGVzLzIzLzIwMjYvMDMvMy1hZGRpdGlvbmFsLWRydW1zLTkyMDkwMDA0NC5qcGc.webp","datePublished":"2026-03-12T11:45:57+00:00","dateModified":"2026-03-12T13:48:21+00:00","description":"Am\u00e9liorez votre coupe-l\u00e9gumes ANKARSRUM gr\u00e2ce \u00e0 trois tambours indispensables !","breadcrumb":{"@id":"https:\/\/www.ankarsrum.com\/fr\/product\/rapes-supplementaires-pour-coupe-legumes\/#breadcrumb"},"inLanguage":"fr-FR","potentialAction":[{"@type":"ReadAction","target":["https:\/\/www.ankarsrum.com\/fr\/product\/rapes-supplementaires-pour-coupe-legumes\/"]}]},{"@type":"ImageObject","inLanguage":"fr-FR","@id":"https:\/\/www.ankarsrum.com\/fr\/product\/rapes-supplementaires-pour-coupe-legumes\/#primaryimage","url":"https:\/\/www.ankarsrum.com\/img-srv\/XCL4aEWkb1_U7m2lgUtw5rT4IQYBRt8L5ghhl-qZhtI\/resizing_type:auto\/width:0\/height:0\/gravity:sm\/enlarge:1\/ext:webp\/strip_metadata:1\/quality:90\/cachebuster:filesize-168321\/bG9jYWw6Ly8vd3d3LmFua2Fyc3J1bS5jb20vd3AtY29udGVudC91cGxvYWRzL3NpdGVzLzIzLzIwMjYvMDMvMy1hZGRpdGlvbmFsLWRydW1zLTkyMDkwMDA0NC5qcGc.webp","contentUrl":"https:\/\/www.ankarsrum.com\/img-srv\/XCL4aEWkb1_U7m2lgUtw5rT4IQYBRt8L5ghhl-qZhtI\/resizing_type:auto\/width:0\/height:0\/gravity:sm\/enlarge:1\/ext:webp\/strip_metadata:1\/quality:90\/cachebuster:filesize-168321\/bG9jYWw6Ly8vd3d3LmFua2Fyc3J1bS5jb20vd3AtY29udGVudC91cGxvYWRzL3NpdGVzLzIzLzIwMjYvMDMvMy1hZGRpdGlvbmFsLWRydW1zLTkyMDkwMDA0NC5qcGc.webp","width":1000,"height":1000,"caption":"rapes suppl\u00e9mentaires ankarsrum"},{"@type":"BreadcrumbList","@id":"https:\/\/www.ankarsrum.com\/fr\/product\/rapes-supplementaires-pour-coupe-legumes\/#breadcrumb","itemListElement":[{"@type":"ListItem","position":1,"name":"Home","item":"https:\/\/www.ankarsrum.com\/fr\/"},{"@type":"ListItem","position":2,"name":"Produce name","item":"https:\/\/www.ankarsrum.com\/fr\/shop\/"},{"@type":"ListItem","position":3,"name":"R\u00e2pes suppl\u00e9mentaires pour Coupe-l\u00e9gumes"}]},{"@type":"WebSite","@id":"https:\/\/www.ankarsrum.com\/fr\/#website","url":"https:\/\/www.ankarsrum.com\/fr\/","name":"Ankarsrum France","description":"The bread of the world","potentialAction":[{"@type":"SearchAction","target":{"@type":"EntryPoint","urlTemplate":"https:\/\/www.ankarsrum.com\/fr\/?s={search_term_string}"},"query-input":{"@type":"PropertyValueSpecification","valueRequired":true,"valueName":"search_term_string"}}],"inLanguage":"fr-FR"}]}},"_links":{"self":[{"href":"https:\/\/www.ankarsrum.com\/fr\/wp-json\/wp\/v2\/product\/13046","targetHints":{"allow":["GET"]}}],"collection":[{"href":"https:\/\/www.ankarsrum.com\/fr\/wp-json\/wp\/v2\/product"}],"about":[{"href":"https:\/\/www.ankarsrum.com\/fr\/wp-json\/wp\/v2\/types\/product"}],"replies":[{"embeddable":true,"href":"https:\/\/www.ankarsrum.com\/fr\/wp-json\/wp\/v2\/comments?post=13046"}],"wp:featuredmedia":[{"embeddable":true,"href":"https:\/\/www.ankarsrum.com\/fr\/wp-json\/wp\/v2\/media\/13049"}],"wp:attachment":[{"href":"https:\/\/www.ankarsrum.com\/fr\/wp-json\/wp\/v2\/media?parent=13046"}],"wp:term":[{"taxonomy":"product_brand","embeddable":true,"href":"https:\/\/www.ankarsrum.com\/fr\/wp-json\/wp\/v2\/product_brand?post=13046"},{"taxonomy":"product_cat","embeddable":true,"href":"https:\/\/www.ankarsrum.com\/fr\/wp-json\/wp\/v2\/product_cat?post=13046"},{"taxonomy":"product_tag","embeddable":true,"href":"https:\/\/www.ankarsrum.com\/fr\/wp-json\/wp\/v2\/product_tag?post=13046"},{"taxonomy":"product-tag","embeddable":true,"href":"https:\/\/www.ankarsrum.com\/fr\/wp-json\/wp\/v2\/product-tag?post=13046"},{"taxonomy":"machines","embeddable":true,"href":"https:\/\/www.ankarsrum.com\/fr\/wp-json\/wp\/v2\/machines?post=13046"},{"taxonomy":"filter","embeddable":true,"href":"https:\/\/www.ankarsrum.com\/fr\/wp-json\/wp\/v2\/filter?post=13046"}],"curies":[{"name":"wp","href":"https:\/\/api.w.org\/{rel}","templated":true}]}}