{"id":5147,"date":"2024-07-10T16:21:58","date_gmt":"2024-07-10T14:21:58","guid":{"rendered":"https:\/\/www.ankarsrum.com\/fr\/product\/rouleau-a-pate\/"},"modified":"2026-05-12T01:42:15","modified_gmt":"2026-05-11T23:42:15","slug":"rouleau-a-pate","status":"publish","type":"product","link":"https:\/\/www.ankarsrum.com\/fr\/product\/rouleau-a-pate\/","title":{"rendered":"Rouleau \u00e0 p\u00e2te"},"content":{"rendered":"<p>&#8211; Utilisez le rouleau \u00e0 p\u00e2te avec le racloir \u00e0 p\u00e2te pour ramener la p\u00e2te vers le milieu du bol.<br \/>&#8211; Le rouleau \u00e0 p\u00e2te s&#039;adapte les mod\u00e8les Assistent N6-N30.<\/p>\n<p>Rouleau \u00e0 p\u00e2te ou crochet \u00e0 p\u00e2te, lequel faut-il utiliser ? C&#039;est une question de go\u00fbt. Le rouleau p\u00e9trit la p\u00e2te alors que le crochet l&#039;\u00e9tire. Le rouleau \u00e0 p\u00e2te existe depuis toujours, tandis que le crochet \u00e0 p\u00e2te a \u00e9t\u00e9 ajout\u00e9 lors de l&#039;introduction de l&#039;Assistent Original aux USA. Notre conseil est d&#039;essayer les deux et de voir lequel vous pr\u00e9f\u00e9rez. Il faut noter que le crochet \u00e0 p\u00e2te est plus appropri\u00e9 pour les p\u00e2tes plus lourdes et notamment pour les p\u00e2tes \u00e0 pain.<\/p>","protected":false},"excerpt":{"rendered":"<p>Rouleau \u00e0 p\u00e2te &#8211; une fa\u00e7on unique de p\u00e9trir la p\u00e2te. Une ic\u00f4ne d&#039;Ankarsrum depuis le d\u00e9but !<\/p>\n","protected":false},"featured_media":10280,"comment_status":"open","ping_status":"closed","template":"","meta":{"_acf_changed":false,"content-type":"","editor_notices":[]},"product_brand":[],"product_cat":[400],"product_tag":[],"product-tag":[],"machines":[],"filter":[],"class_list":{"0":"post-5147","1":"product","2":"type-product","3":"status-publish","4":"has-post-thumbnail","6":"product_cat-piece-de-rechange","8":"first","9":"instock","10":"taxable","11":"shipping-taxable","12":"purchasable","13":"product-type-simple"},"bundled_by":[],"bundle_stock_status":"instock","bundle_stock_quantity":null,"bundle_virtual":false,"bundle_layout":"","bundle_add_to_cart_form_location":"","bundle_editable_in_cart":false,"bundle_sold_individually_context":"","bundle_item_grouping":"","bundle_min_size":"","bundle_max_size":"","bundle_price":[],"bundled_items":[],"bundle_sell_ids":[],"acf":[],"yoast_head":"<!-- This site is optimized with the Yoast SEO Premium plugin v26.6 (Yoast SEO v26.6) - https:\/\/yoast.com\/wordpress\/plugins\/seo\/ -->\n<title>Rouleau \u00e0 p\u00e2te - Ankarsrum France<\/title>\n<meta name=\"robots\" content=\"index, follow, max-snippet:-1, max-image-preview:large, max-video-preview:-1\" \/>\n<link rel=\"canonical\" href=\"https:\/\/www.ankarsrum.com\/fr\/product\/rouleau-a-pate\/\" \/>\n<meta property=\"og:locale\" content=\"fr_FR\" \/>\n<meta property=\"og:type\" content=\"article\" \/>\n<meta property=\"og:title\" content=\"Rouleau \u00e0 p\u00e2te\" \/>\n<meta property=\"og:description\" content=\"Rouleau \u00e0 p\u00e2te - une fa\u00e7on unique de p\u00e9trir la p\u00e2te. Une ic\u00f4ne d&#039;Ankarsrum depuis le d\u00e9but !\" \/>\n<meta property=\"og:url\" content=\"https:\/\/www.ankarsrum.com\/fr\/product\/rouleau-a-pate\/\" \/>\n<meta property=\"og:site_name\" content=\"Ankarsrum France\" \/>\n<meta property=\"article:modified_time\" content=\"2026-05-11T23:42:15+00:00\" \/>\n<meta property=\"og:image\" content=\"https:\/\/www.ankarsrum.com\/fr\/wp-content\/uploads\/sites\/23\/2024\/09\/dough-roller-920900018.jpg\" \/>\n\t<meta property=\"og:image:width\" content=\"1200\" \/>\n\t<meta property=\"og:image:height\" content=\"630\" \/>\n\t<meta property=\"og:image:type\" content=\"image\/jpeg\" \/>\n<meta name=\"twitter:card\" content=\"summary_large_image\" \/>\n<meta name=\"twitter:label1\" content=\"Dur\u00e9e de lecture estim\u00e9e\" \/>\n\t<meta name=\"twitter:data1\" content=\"1 minute\" \/>\n<script type=\"application\/ld+json\" class=\"yoast-schema-graph\">{\"@context\":\"https:\/\/schema.org\",\"@graph\":[{\"@type\":\"WebPage\",\"@id\":\"https:\/\/www.ankarsrum.com\/fr\/product\/rouleau-a-pate\/\",\"url\":\"https:\/\/www.ankarsrum.com\/fr\/product\/rouleau-a-pate\/\",\"name\":\"Rouleau \u00e0 p\u00e2te - Ankarsrum France\",\"isPartOf\":{\"@id\":\"https:\/\/www.ankarsrum.com\/fr\/#website\"},\"primaryImageOfPage\":{\"@id\":\"https:\/\/www.ankarsrum.com\/fr\/product\/rouleau-a-pate\/#primaryimage\"},\"image\":{\"@id\":\"https:\/\/www.ankarsrum.com\/fr\/product\/rouleau-a-pate\/#primaryimage\"},\"thumbnailUrl\":\"https:\/\/www.ankarsrum.com\/img-srv\/t1TMCG492jNjeQCH6MNvEgblx3I4Tbm6T9STZ43DQpg\/resizing_type:auto\/width:0\/height:0\/gravity:sm\/enlarge:1\/ext:webp\/strip_metadata:1\/quality:90\/cachebuster:filesize-78114\/bG9jYWw6Ly8vd3d3LmFua2Fyc3J1bS5jb20vd3AtY29udGVudC91cGxvYWRzL3NpdGVzLzIzLzIwMjQvMDkvZG91Z2gtcm9sbGVyLTkyMDkwMDAxOC5qcGc.webp\",\"datePublished\":\"2024-07-10T14:21:58+00:00\",\"dateModified\":\"2026-05-11T23:42:15+00:00\",\"breadcrumb\":{\"@id\":\"https:\/\/www.ankarsrum.com\/fr\/product\/rouleau-a-pate\/#breadcrumb\"},\"inLanguage\":\"fr-FR\",\"potentialAction\":[{\"@type\":\"ReadAction\",\"target\":[\"https:\/\/www.ankarsrum.com\/fr\/product\/rouleau-a-pate\/\"]}]},{\"@type\":\"ImageObject\",\"inLanguage\":\"fr-FR\",\"@id\":\"https:\/\/www.ankarsrum.com\/fr\/product\/rouleau-a-pate\/#primaryimage\",\"url\":\"https:\/\/www.ankarsrum.com\/img-srv\/t1TMCG492jNjeQCH6MNvEgblx3I4Tbm6T9STZ43DQpg\/resizing_type:auto\/width:0\/height:0\/gravity:sm\/enlarge:1\/ext:webp\/strip_metadata:1\/quality:90\/cachebuster:filesize-78114\/bG9jYWw6Ly8vd3d3LmFua2Fyc3J1bS5jb20vd3AtY29udGVudC91cGxvYWRzL3NpdGVzLzIzLzIwMjQvMDkvZG91Z2gtcm9sbGVyLTkyMDkwMDAxOC5qcGc.webp\",\"contentUrl\":\"https:\/\/www.ankarsrum.com\/img-srv\/t1TMCG492jNjeQCH6MNvEgblx3I4Tbm6T9STZ43DQpg\/resizing_type:auto\/width:0\/height:0\/gravity:sm\/enlarge:1\/ext:webp\/strip_metadata:1\/quality:90\/cachebuster:filesize-78114\/bG9jYWw6Ly8vd3d3LmFua2Fyc3J1bS5jb20vd3AtY29udGVudC91cGxvYWRzL3NpdGVzLzIzLzIwMjQvMDkvZG91Z2gtcm9sbGVyLTkyMDkwMDAxOC5qcGc.webp\",\"width\":1835,\"height\":1835},{\"@type\":\"BreadcrumbList\",\"@id\":\"https:\/\/www.ankarsrum.com\/fr\/product\/rouleau-a-pate\/#breadcrumb\",\"itemListElement\":[{\"@type\":\"ListItem\",\"position\":1,\"name\":\"Home\",\"item\":\"https:\/\/www.ankarsrum.com\/fr\/\"},{\"@type\":\"ListItem\",\"position\":2,\"name\":\"Produce name\",\"item\":\"https:\/\/www.ankarsrum.com\/fr\/shop\/\"},{\"@type\":\"ListItem\",\"position\":3,\"name\":\"Rouleau \u00e0 p\u00e2te\"}]},{\"@type\":\"WebSite\",\"@id\":\"https:\/\/www.ankarsrum.com\/fr\/#website\",\"url\":\"https:\/\/www.ankarsrum.com\/fr\/\",\"name\":\"Ankarsrum France\",\"description\":\"The bread of the world\",\"potentialAction\":[{\"@type\":\"SearchAction\",\"target\":{\"@type\":\"EntryPoint\",\"urlTemplate\":\"https:\/\/www.ankarsrum.com\/fr\/?s={search_term_string}\"},\"query-input\":{\"@type\":\"PropertyValueSpecification\",\"valueRequired\":true,\"valueName\":\"search_term_string\"}}],\"inLanguage\":\"fr-FR\"}]}<\/script>\n<!-- \/ Yoast SEO Premium plugin. -->","yoast_head_json":{"title":"Rouleau \u00e0 p\u00e2te - Ankarsrum France","robots":{"index":"index","follow":"follow","max-snippet":"max-snippet:-1","max-image-preview":"max-image-preview:large","max-video-preview":"max-video-preview:-1"},"canonical":"https:\/\/www.ankarsrum.com\/fr\/product\/rouleau-a-pate\/","og_locale":"fr_FR","og_type":"article","og_title":"Rouleau \u00e0 p\u00e2te","og_description":"Rouleau \u00e0 p\u00e2te - une fa\u00e7on unique de p\u00e9trir la p\u00e2te. Une ic\u00f4ne d&#039;Ankarsrum depuis le d\u00e9but !","og_url":"https:\/\/www.ankarsrum.com\/fr\/product\/rouleau-a-pate\/","og_site_name":"Ankarsrum France","article_modified_time":"2026-05-11T23:42:15+00:00","og_image":[{"width":1200,"height":630,"url":"https:\/\/www.ankarsrum.com\/fr\/wp-content\/uploads\/sites\/23\/2024\/09\/dough-roller-920900018.jpg","type":"image\/jpeg"}],"twitter_card":"summary_large_image","twitter_misc":{"Dur\u00e9e de lecture estim\u00e9e":"1 minute"},"schema":{"@context":"https:\/\/schema.org","@graph":[{"@type":"WebPage","@id":"https:\/\/www.ankarsrum.com\/fr\/product\/rouleau-a-pate\/","url":"https:\/\/www.ankarsrum.com\/fr\/product\/rouleau-a-pate\/","name":"Rouleau \u00e0 p\u00e2te - Ankarsrum France","isPartOf":{"@id":"https:\/\/www.ankarsrum.com\/fr\/#website"},"primaryImageOfPage":{"@id":"https:\/\/www.ankarsrum.com\/fr\/product\/rouleau-a-pate\/#primaryimage"},"image":{"@id":"https:\/\/www.ankarsrum.com\/fr\/product\/rouleau-a-pate\/#primaryimage"},"thumbnailUrl":"https:\/\/www.ankarsrum.com\/img-srv\/t1TMCG492jNjeQCH6MNvEgblx3I4Tbm6T9STZ43DQpg\/resizing_type:auto\/width:0\/height:0\/gravity:sm\/enlarge:1\/ext:webp\/strip_metadata:1\/quality:90\/cachebuster:filesize-78114\/bG9jYWw6Ly8vd3d3LmFua2Fyc3J1bS5jb20vd3AtY29udGVudC91cGxvYWRzL3NpdGVzLzIzLzIwMjQvMDkvZG91Z2gtcm9sbGVyLTkyMDkwMDAxOC5qcGc.webp","datePublished":"2024-07-10T14:21:58+00:00","dateModified":"2026-05-11T23:42:15+00:00","breadcrumb":{"@id":"https:\/\/www.ankarsrum.com\/fr\/product\/rouleau-a-pate\/#breadcrumb"},"inLanguage":"fr-FR","potentialAction":[{"@type":"ReadAction","target":["https:\/\/www.ankarsrum.com\/fr\/product\/rouleau-a-pate\/"]}]},{"@type":"ImageObject","inLanguage":"fr-FR","@id":"https:\/\/www.ankarsrum.com\/fr\/product\/rouleau-a-pate\/#primaryimage","url":"https:\/\/www.ankarsrum.com\/img-srv\/t1TMCG492jNjeQCH6MNvEgblx3I4Tbm6T9STZ43DQpg\/resizing_type:auto\/width:0\/height:0\/gravity:sm\/enlarge:1\/ext:webp\/strip_metadata:1\/quality:90\/cachebuster:filesize-78114\/bG9jYWw6Ly8vd3d3LmFua2Fyc3J1bS5jb20vd3AtY29udGVudC91cGxvYWRzL3NpdGVzLzIzLzIwMjQvMDkvZG91Z2gtcm9sbGVyLTkyMDkwMDAxOC5qcGc.webp","contentUrl":"https:\/\/www.ankarsrum.com\/img-srv\/t1TMCG492jNjeQCH6MNvEgblx3I4Tbm6T9STZ43DQpg\/resizing_type:auto\/width:0\/height:0\/gravity:sm\/enlarge:1\/ext:webp\/strip_metadata:1\/quality:90\/cachebuster:filesize-78114\/bG9jYWw6Ly8vd3d3LmFua2Fyc3J1bS5jb20vd3AtY29udGVudC91cGxvYWRzL3NpdGVzLzIzLzIwMjQvMDkvZG91Z2gtcm9sbGVyLTkyMDkwMDAxOC5qcGc.webp","width":1835,"height":1835},{"@type":"BreadcrumbList","@id":"https:\/\/www.ankarsrum.com\/fr\/product\/rouleau-a-pate\/#breadcrumb","itemListElement":[{"@type":"ListItem","position":1,"name":"Home","item":"https:\/\/www.ankarsrum.com\/fr\/"},{"@type":"ListItem","position":2,"name":"Produce name","item":"https:\/\/www.ankarsrum.com\/fr\/shop\/"},{"@type":"ListItem","position":3,"name":"Rouleau \u00e0 p\u00e2te"}]},{"@type":"WebSite","@id":"https:\/\/www.ankarsrum.com\/fr\/#website","url":"https:\/\/www.ankarsrum.com\/fr\/","name":"Ankarsrum France","description":"The bread of the world","potentialAction":[{"@type":"SearchAction","target":{"@type":"EntryPoint","urlTemplate":"https:\/\/www.ankarsrum.com\/fr\/?s={search_term_string}"},"query-input":{"@type":"PropertyValueSpecification","valueRequired":true,"valueName":"search_term_string"}}],"inLanguage":"fr-FR"}]}},"_links":{"self":[{"href":"https:\/\/www.ankarsrum.com\/fr\/wp-json\/wp\/v2\/product\/5147","targetHints":{"allow":["GET"]}}],"collection":[{"href":"https:\/\/www.ankarsrum.com\/fr\/wp-json\/wp\/v2\/product"}],"about":[{"href":"https:\/\/www.ankarsrum.com\/fr\/wp-json\/wp\/v2\/types\/product"}],"replies":[{"embeddable":true,"href":"https:\/\/www.ankarsrum.com\/fr\/wp-json\/wp\/v2\/comments?post=5147"}],"wp:featuredmedia":[{"embeddable":true,"href":"https:\/\/www.ankarsrum.com\/fr\/wp-json\/wp\/v2\/media\/10280"}],"wp:attachment":[{"href":"https:\/\/www.ankarsrum.com\/fr\/wp-json\/wp\/v2\/media?parent=5147"}],"wp:term":[{"taxonomy":"product_brand","embeddable":true,"href":"https:\/\/www.ankarsrum.com\/fr\/wp-json\/wp\/v2\/product_brand?post=5147"},{"taxonomy":"product_cat","embeddable":true,"href":"https:\/\/www.ankarsrum.com\/fr\/wp-json\/wp\/v2\/product_cat?post=5147"},{"taxonomy":"product_tag","embeddable":true,"href":"https:\/\/www.ankarsrum.com\/fr\/wp-json\/wp\/v2\/product_tag?post=5147"},{"taxonomy":"product-tag","embeddable":true,"href":"https:\/\/www.ankarsrum.com\/fr\/wp-json\/wp\/v2\/product-tag?post=5147"},{"taxonomy":"machines","embeddable":true,"href":"https:\/\/www.ankarsrum.com\/fr\/wp-json\/wp\/v2\/machines?post=5147"},{"taxonomy":"filter","embeddable":true,"href":"https:\/\/www.ankarsrum.com\/fr\/wp-json\/wp\/v2\/filter?post=5147"}],"curies":[{"name":"wp","href":"https:\/\/api.w.org\/{rel}","templated":true}]}}