{"id":5152,"date":"2024-07-04T09:07:22","date_gmt":"2024-07-04T07:07:22","guid":{"rendered":"https:\/\/www.ankarsrum.com\/fr\/product\/presse-agrumes\/"},"modified":"2026-04-30T00:42:07","modified_gmt":"2026-04-29T22:42:07","slug":"presse-agrumes","status":"publish","type":"product","link":"https:\/\/www.ankarsrum.com\/fr\/product\/presse-agrumes\/","title":{"rendered":"Presse-agrumes"},"content":{"rendered":"<p class=\"MsoNormal\"><span style=\"mso-ansi-language: FR;\">Avec le presse-agrumes Ankarsrum, presser les fruits est aussi efficace que facile. Il suffit de fixer le presse-agrumes sur votre Assistent Original et de laisser la machine faire le travail \u00e0 votre place. Que vous pressiez des citrons verts pour une recette ou que vous serviez du jus d&#039;orange frais au petit d\u00e9jeuner, vous obtiendrez un maximum de jus avec un minimum d&#039;effort. Parfait pour la plupart des agrumes, y compris les oranges, les citrons, les citrons verts et les pamplemousses !<\/span><\/p>\n<p class=\"MsoNormal\"><span style=\"mso-ansi-language: FR;\">Sa conception pratique comprend un filtre qui retient les p\u00e9pins et la pulpe, tandis que le bec verseur \u00e9vite que l&#039;amertume de la peau du fruit ne s&#039;y m\u00eale. Avec une capacit\u00e9 de 1,2 litre, vous pouvez facilement pr\u00e9parer des jus pour toute la famille, et le r\u00e9cipient sans BPA permet de les verser directement dans le bol. Ajoutez une touche de fra\u00eecheur \u00e0 votre journ\u00e9e avec le presse-agrumes Ankarsrum &#8211; l&#039;assistant id\u00e9al dans votre cuisine !<\/span><\/p>\n<p class=\"MsoNormal\"><strong><span style=\"mso-ansi-language: FR;\">Le presse-agrumes est compatible avec tous les Assistent Original &#8211; Type : N1-N30 | Type : N30\/Mod\u00e8le : AKM6230<\/span><\/strong><\/p>\n<p class=\"MsoNormal\"><span style=\"mso-ansi-language: FR;\">Qu&#039;est-ce qui est inclus ? <\/span><\/p>\n<ul>\n<li class=\"MsoNormal\"><span style=\"mso-ansi-language: FR;\">R\u00e9cipient\/bol durable sans BPA avec bec verseur et poign\u00e9e<\/span><\/li>\n<li class=\"MsoNormal\"><span style=\"mso-ansi-language: FR;\">C\u00f4ne de pressage<\/span><\/li>\n<li class=\"MsoNormal\"><span style=\"mso-ansi-language: FR;\">Passoire<\/span><\/li>\n<\/ul>","protected":false},"excerpt":{"rendered":"<p class=\"MsoNormal\"><span style=\"mso-ansi-language: FR;\">Commencez votre matin\u00e9e avec un verre de jus fra\u00eechement press\u00e9 &#8211; facile \u00e0 r\u00e9aliser avec le presse-agrumes Ankarsrum. Qu&#039;il s&#039;agisse d&#039;orange, de citron vert ou de pamplemousse, ce presse-agrumes devient un outil de cuisine indispensable pour traiter facilement de petites et grandes quantit\u00e9s de jus.<span style=\"mso-spacerun: yes;\">\u00a0 <\/span><\/span><\/p>\n","protected":false},"featured_media":9942,"comment_status":"open","ping_status":"closed","template":"","meta":{"_acf_changed":false,"content-type":"","editor_notices":[]},"product_brand":[],"product_cat":[139],"product_tag":[],"product-tag":[],"machines":[],"filter":[252],"class_list":{"0":"post-5152","1":"product","2":"type-product","3":"status-publish","4":"has-post-thumbnail","6":"product_cat-accessoires","7":"filter-go-green","9":"first","10":"instock","11":"taxable","12":"shipping-taxable","13":"purchasable","14":"product-type-simple"},"bundled_by":[],"bundle_stock_status":"instock","bundle_stock_quantity":null,"bundle_virtual":false,"bundle_layout":"","bundle_add_to_cart_form_location":"","bundle_editable_in_cart":false,"bundle_sold_individually_context":"","bundle_item_grouping":"","bundle_min_size":"","bundle_max_size":"","bundle_price":[],"bundled_items":[],"bundle_sell_ids":[],"acf":[],"yoast_head":"<!-- This site is optimized with the Yoast SEO Premium plugin v26.6 (Yoast SEO v26.6) - https:\/\/yoast.com\/wordpress\/plugins\/seo\/ -->\n<title>Presse-agrumes - Ankarsrum France<\/title>\n<meta name=\"description\" content=\"Presse-agrumes ANAKRSRUM : pour oranges, pamplemousses, citrons et citrons verts. grande contenance. Obtenez un jus frais rapidement.\" \/>\n<meta name=\"robots\" content=\"index, follow, max-snippet:-1, max-image-preview:large, max-video-preview:-1\" \/>\n<link rel=\"canonical\" href=\"https:\/\/www.ankarsrum.com\/fr\/product\/presse-agrumes\/\" \/>\n<meta property=\"og:locale\" content=\"fr_FR\" \/>\n<meta property=\"og:type\" content=\"article\" \/>\n<meta property=\"og:title\" content=\"Presse-agrumes\" \/>\n<meta property=\"og:description\" content=\"Presse-agrumes ANAKRSRUM : pour oranges, pamplemousses, citrons et citrons verts. grande contenance. Obtenez un jus frais rapidement.\" \/>\n<meta property=\"og:url\" content=\"https:\/\/www.ankarsrum.com\/fr\/product\/presse-agrumes\/\" \/>\n<meta property=\"og:site_name\" content=\"Ankarsrum France\" \/>\n<meta property=\"article:modified_time\" content=\"2026-04-29T22:42:07+00:00\" \/>\n<meta property=\"og:image\" content=\"https:\/\/www.ankarsrum.com\/fr\/wp-content\/uploads\/sites\/23\/2024\/09\/citruspress-scaled.jpg\" \/>\n\t<meta property=\"og:image:width\" content=\"1200\" \/>\n\t<meta property=\"og:image:height\" content=\"630\" \/>\n\t<meta property=\"og:image:type\" content=\"image\/jpeg\" \/>\n<meta name=\"twitter:card\" content=\"summary_large_image\" \/>\n<meta name=\"twitter:label1\" content=\"Dur\u00e9e de lecture estim\u00e9e\" \/>\n\t<meta name=\"twitter:data1\" content=\"1 minute\" \/>\n<script type=\"application\/ld+json\" class=\"yoast-schema-graph\">{\"@context\":\"https:\/\/schema.org\",\"@graph\":[{\"@type\":\"WebPage\",\"@id\":\"https:\/\/www.ankarsrum.com\/fr\/product\/presse-agrumes\/\",\"url\":\"https:\/\/www.ankarsrum.com\/fr\/product\/presse-agrumes\/\",\"name\":\"Presse-agrumes - Ankarsrum France\",\"isPartOf\":{\"@id\":\"https:\/\/www.ankarsrum.com\/fr\/#website\"},\"primaryImageOfPage\":{\"@id\":\"https:\/\/www.ankarsrum.com\/fr\/product\/presse-agrumes\/#primaryimage\"},\"image\":{\"@id\":\"https:\/\/www.ankarsrum.com\/fr\/product\/presse-agrumes\/#primaryimage\"},\"thumbnailUrl\":\"https:\/\/www.ankarsrum.com\/img-srv\/vrWhIBeIdXfUJ3wb78nZoX9O58IOyPwPmPsj36AZ0cg\/resizing_type:auto\/width:0\/height:0\/gravity:sm\/enlarge:1\/ext:webp\/strip_metadata:1\/quality:90\/cachebuster:filesize-210432\/bG9jYWw6Ly8vd3d3LmFua2Fyc3J1bS5jb20vd3AtY29udGVudC91cGxvYWRzL3NpdGVzLzIzLzIwMjQvMDkvY2l0cnVzcHJlc3Mtc2NhbGVkLmpwZw.webp\",\"datePublished\":\"2024-07-04T07:07:22+00:00\",\"dateModified\":\"2026-04-29T22:42:07+00:00\",\"description\":\"Presse-agrumes ANAKRSRUM : pour oranges, pamplemousses, citrons et citrons verts. grande contenance. Obtenez un jus frais rapidement.\",\"breadcrumb\":{\"@id\":\"https:\/\/www.ankarsrum.com\/fr\/product\/presse-agrumes\/#breadcrumb\"},\"inLanguage\":\"fr-FR\",\"potentialAction\":[{\"@type\":\"ReadAction\",\"target\":[\"https:\/\/www.ankarsrum.com\/fr\/product\/presse-agrumes\/\"]}]},{\"@type\":\"ImageObject\",\"inLanguage\":\"fr-FR\",\"@id\":\"https:\/\/www.ankarsrum.com\/fr\/product\/presse-agrumes\/#primaryimage\",\"url\":\"https:\/\/www.ankarsrum.com\/img-srv\/vrWhIBeIdXfUJ3wb78nZoX9O58IOyPwPmPsj36AZ0cg\/resizing_type:auto\/width:0\/height:0\/gravity:sm\/enlarge:1\/ext:webp\/strip_metadata:1\/quality:90\/cachebuster:filesize-210432\/bG9jYWw6Ly8vd3d3LmFua2Fyc3J1bS5jb20vd3AtY29udGVudC91cGxvYWRzL3NpdGVzLzIzLzIwMjQvMDkvY2l0cnVzcHJlc3Mtc2NhbGVkLmpwZw.webp\",\"contentUrl\":\"https:\/\/www.ankarsrum.com\/img-srv\/vrWhIBeIdXfUJ3wb78nZoX9O58IOyPwPmPsj36AZ0cg\/resizing_type:auto\/width:0\/height:0\/gravity:sm\/enlarge:1\/ext:webp\/strip_metadata:1\/quality:90\/cachebuster:filesize-210432\/bG9jYWw6Ly8vd3d3LmFua2Fyc3J1bS5jb20vd3AtY29udGVudC91cGxvYWRzL3NpdGVzLzIzLzIwMjQvMDkvY2l0cnVzcHJlc3Mtc2NhbGVkLmpwZw.webp\",\"width\":2560,\"height\":2560},{\"@type\":\"BreadcrumbList\",\"@id\":\"https:\/\/www.ankarsrum.com\/fr\/product\/presse-agrumes\/#breadcrumb\",\"itemListElement\":[{\"@type\":\"ListItem\",\"position\":1,\"name\":\"Home\",\"item\":\"https:\/\/www.ankarsrum.com\/fr\/\"},{\"@type\":\"ListItem\",\"position\":2,\"name\":\"Produce name\",\"item\":\"https:\/\/www.ankarsrum.com\/fr\/shop\/\"},{\"@type\":\"ListItem\",\"position\":3,\"name\":\"Presse-agrumes\"}]},{\"@type\":\"WebSite\",\"@id\":\"https:\/\/www.ankarsrum.com\/fr\/#website\",\"url\":\"https:\/\/www.ankarsrum.com\/fr\/\",\"name\":\"Ankarsrum France\",\"description\":\"The bread of the world\",\"potentialAction\":[{\"@type\":\"SearchAction\",\"target\":{\"@type\":\"EntryPoint\",\"urlTemplate\":\"https:\/\/www.ankarsrum.com\/fr\/?s={search_term_string}\"},\"query-input\":{\"@type\":\"PropertyValueSpecification\",\"valueRequired\":true,\"valueName\":\"search_term_string\"}}],\"inLanguage\":\"fr-FR\"}]}<\/script>\n<!-- \/ Yoast SEO Premium plugin. -->","yoast_head_json":{"title":"Presse-agrumes - Ankarsrum France","description":"Presse-agrumes ANAKRSRUM : pour oranges, pamplemousses, citrons et citrons verts. grande contenance. Obtenez un jus frais rapidement.","robots":{"index":"index","follow":"follow","max-snippet":"max-snippet:-1","max-image-preview":"max-image-preview:large","max-video-preview":"max-video-preview:-1"},"canonical":"https:\/\/www.ankarsrum.com\/fr\/product\/presse-agrumes\/","og_locale":"fr_FR","og_type":"article","og_title":"Presse-agrumes","og_description":"Presse-agrumes ANAKRSRUM : pour oranges, pamplemousses, citrons et citrons verts. grande contenance. Obtenez un jus frais rapidement.","og_url":"https:\/\/www.ankarsrum.com\/fr\/product\/presse-agrumes\/","og_site_name":"Ankarsrum France","article_modified_time":"2026-04-29T22:42:07+00:00","og_image":[{"width":1200,"height":630,"url":"https:\/\/www.ankarsrum.com\/fr\/wp-content\/uploads\/sites\/23\/2024\/09\/citruspress-scaled.jpg","type":"image\/jpeg"}],"twitter_card":"summary_large_image","twitter_misc":{"Dur\u00e9e de lecture estim\u00e9e":"1 minute"},"schema":{"@context":"https:\/\/schema.org","@graph":[{"@type":"WebPage","@id":"https:\/\/www.ankarsrum.com\/fr\/product\/presse-agrumes\/","url":"https:\/\/www.ankarsrum.com\/fr\/product\/presse-agrumes\/","name":"Presse-agrumes - Ankarsrum France","isPartOf":{"@id":"https:\/\/www.ankarsrum.com\/fr\/#website"},"primaryImageOfPage":{"@id":"https:\/\/www.ankarsrum.com\/fr\/product\/presse-agrumes\/#primaryimage"},"image":{"@id":"https:\/\/www.ankarsrum.com\/fr\/product\/presse-agrumes\/#primaryimage"},"thumbnailUrl":"https:\/\/www.ankarsrum.com\/img-srv\/vrWhIBeIdXfUJ3wb78nZoX9O58IOyPwPmPsj36AZ0cg\/resizing_type:auto\/width:0\/height:0\/gravity:sm\/enlarge:1\/ext:webp\/strip_metadata:1\/quality:90\/cachebuster:filesize-210432\/bG9jYWw6Ly8vd3d3LmFua2Fyc3J1bS5jb20vd3AtY29udGVudC91cGxvYWRzL3NpdGVzLzIzLzIwMjQvMDkvY2l0cnVzcHJlc3Mtc2NhbGVkLmpwZw.webp","datePublished":"2024-07-04T07:07:22+00:00","dateModified":"2026-04-29T22:42:07+00:00","description":"Presse-agrumes ANAKRSRUM : pour oranges, pamplemousses, citrons et citrons verts. grande contenance. Obtenez un jus frais rapidement.","breadcrumb":{"@id":"https:\/\/www.ankarsrum.com\/fr\/product\/presse-agrumes\/#breadcrumb"},"inLanguage":"fr-FR","potentialAction":[{"@type":"ReadAction","target":["https:\/\/www.ankarsrum.com\/fr\/product\/presse-agrumes\/"]}]},{"@type":"ImageObject","inLanguage":"fr-FR","@id":"https:\/\/www.ankarsrum.com\/fr\/product\/presse-agrumes\/#primaryimage","url":"https:\/\/www.ankarsrum.com\/img-srv\/vrWhIBeIdXfUJ3wb78nZoX9O58IOyPwPmPsj36AZ0cg\/resizing_type:auto\/width:0\/height:0\/gravity:sm\/enlarge:1\/ext:webp\/strip_metadata:1\/quality:90\/cachebuster:filesize-210432\/bG9jYWw6Ly8vd3d3LmFua2Fyc3J1bS5jb20vd3AtY29udGVudC91cGxvYWRzL3NpdGVzLzIzLzIwMjQvMDkvY2l0cnVzcHJlc3Mtc2NhbGVkLmpwZw.webp","contentUrl":"https:\/\/www.ankarsrum.com\/img-srv\/vrWhIBeIdXfUJ3wb78nZoX9O58IOyPwPmPsj36AZ0cg\/resizing_type:auto\/width:0\/height:0\/gravity:sm\/enlarge:1\/ext:webp\/strip_metadata:1\/quality:90\/cachebuster:filesize-210432\/bG9jYWw6Ly8vd3d3LmFua2Fyc3J1bS5jb20vd3AtY29udGVudC91cGxvYWRzL3NpdGVzLzIzLzIwMjQvMDkvY2l0cnVzcHJlc3Mtc2NhbGVkLmpwZw.webp","width":2560,"height":2560},{"@type":"BreadcrumbList","@id":"https:\/\/www.ankarsrum.com\/fr\/product\/presse-agrumes\/#breadcrumb","itemListElement":[{"@type":"ListItem","position":1,"name":"Home","item":"https:\/\/www.ankarsrum.com\/fr\/"},{"@type":"ListItem","position":2,"name":"Produce name","item":"https:\/\/www.ankarsrum.com\/fr\/shop\/"},{"@type":"ListItem","position":3,"name":"Presse-agrumes"}]},{"@type":"WebSite","@id":"https:\/\/www.ankarsrum.com\/fr\/#website","url":"https:\/\/www.ankarsrum.com\/fr\/","name":"Ankarsrum France","description":"The bread of the world","potentialAction":[{"@type":"SearchAction","target":{"@type":"EntryPoint","urlTemplate":"https:\/\/www.ankarsrum.com\/fr\/?s={search_term_string}"},"query-input":{"@type":"PropertyValueSpecification","valueRequired":true,"valueName":"search_term_string"}}],"inLanguage":"fr-FR"}]}},"_links":{"self":[{"href":"https:\/\/www.ankarsrum.com\/fr\/wp-json\/wp\/v2\/product\/5152","targetHints":{"allow":["GET"]}}],"collection":[{"href":"https:\/\/www.ankarsrum.com\/fr\/wp-json\/wp\/v2\/product"}],"about":[{"href":"https:\/\/www.ankarsrum.com\/fr\/wp-json\/wp\/v2\/types\/product"}],"replies":[{"embeddable":true,"href":"https:\/\/www.ankarsrum.com\/fr\/wp-json\/wp\/v2\/comments?post=5152"}],"wp:featuredmedia":[{"embeddable":true,"href":"https:\/\/www.ankarsrum.com\/fr\/wp-json\/wp\/v2\/media\/9942"}],"wp:attachment":[{"href":"https:\/\/www.ankarsrum.com\/fr\/wp-json\/wp\/v2\/media?parent=5152"}],"wp:term":[{"taxonomy":"product_brand","embeddable":true,"href":"https:\/\/www.ankarsrum.com\/fr\/wp-json\/wp\/v2\/product_brand?post=5152"},{"taxonomy":"product_cat","embeddable":true,"href":"https:\/\/www.ankarsrum.com\/fr\/wp-json\/wp\/v2\/product_cat?post=5152"},{"taxonomy":"product_tag","embeddable":true,"href":"https:\/\/www.ankarsrum.com\/fr\/wp-json\/wp\/v2\/product_tag?post=5152"},{"taxonomy":"product-tag","embeddable":true,"href":"https:\/\/www.ankarsrum.com\/fr\/wp-json\/wp\/v2\/product-tag?post=5152"},{"taxonomy":"machines","embeddable":true,"href":"https:\/\/www.ankarsrum.com\/fr\/wp-json\/wp\/v2\/machines?post=5152"},{"taxonomy":"filter","embeddable":true,"href":"https:\/\/www.ankarsrum.com\/fr\/wp-json\/wp\/v2\/filter?post=5152"}],"curies":[{"name":"wp","href":"https:\/\/api.w.org\/{rel}","templated":true}]}}