{"id":5153,"date":"2024-07-15T14:17:57","date_gmt":"2024-07-15T12:17:57","guid":{"rendered":"https:\/\/www.ankarsrum.com\/fr\/product\/passoire\/"},"modified":"2026-05-02T00:52:17","modified_gmt":"2026-05-01T22:52:17","slug":"passoire","status":"publish","type":"product","link":"https:\/\/www.ankarsrum.com\/fr\/product\/passoire\/","title":{"rendered":"Passoire"},"content":{"rendered":"<p class=\"MsoNormal\" style=\"margin-bottom: 0cm; line-height: 115%;\"><span style=\"mso-fareast-font-family: Arial; mso-bidi-font-family: Arial; mso-font-kerning: 0pt; mso-ligatures: none; mso-ansi-language: FR;\">La passoire Ankarsrum vous permet de passer \u00e0 la vitesse sup\u00e9rieure en cuisine. Fixez-la \u00e0 votre hachoir pour transformer facilement vos fruits et baies en pur\u00e9es onctueuses sans les peler ni les trogner. Elle est id\u00e9ale pour la compote de pommes, la sauce tomate, les confitures, les marmelades, les pur\u00e9es pour b\u00e9b\u00e9 et bien plus encore !<\/span><\/p>\n<p class=\"MsoNormal\" style=\"margin-bottom: 0cm; line-height: 115%;\"><span style=\"mso-fareast-font-family: Arial; mso-bidi-font-family: Arial; mso-font-kerning: 0pt; mso-ligatures: none; mso-ansi-language: FR;\">La passoire pr\u00e9serve les saveurs et les nutriments naturels de vos fruits, vous permettant ainsi de profiter de la r\u00e9colte longtemps apr\u00e8s la fin de la saison. Utilisez le bouton de commande pour ajuster la consistance de votre pur\u00e9e et commencez par le r\u00e9glage le plus serr\u00e9 pour un r\u00e9sultat optimal.<\/span><\/p>\n<p class=\"MsoNormal\" style=\"margin-bottom: 0cm; line-height: 115%;\"><span style=\"mso-fareast-font-family: Arial; mso-bidi-font-family: Arial; mso-font-kerning: 0pt; mso-ligatures: none; mso-ansi-language: FR;\">Sa conception flexible vous permet de retenir la peau et les p\u00e9pins, ce qui vous fait gagner du temps et simplifie le processus. Un incontournable pour tous ceux qui souhaitent pr\u00e9parer des repas sains et faits maison avec un minimum d&#039;effort.<\/span><\/p>\n<p class=\"MsoNormal\" style=\"margin-bottom: 0cm; line-height: 115%;\"><strong><span style=\"mso-fareast-font-family: Arial; mso-bidi-font-family: Arial; mso-font-kerning: 0pt; mso-ligatures: none; mso-ansi-language: FR;\">La passoire est compatible avec le hachoir mod\u00e8le 10. Le num\u00e9ro de mod\u00e8le \u00ab 10 \u00bb est estampill\u00e9 sur le couteau \u00e0 4 lames.<\/span><\/strong><\/p>\n<p class=\"MsoNormal\" style=\"margin-bottom: 0cm; line-height: 115%;\"><span style=\"mso-fareast-font-family: Arial; mso-bidi-font-family: Arial; mso-font-kerning: 0pt; mso-ligatures: none; mso-ansi-language: FR;\">Qu&#039;est-ce qui est inclus ? <\/span><\/p>\n<ul>\n<li class=\"MsoNormal\" style=\"line-height: 115%;\"><span style=\"mso-fareast-font-family: Arial; mso-bidi-font-family: Arial; mso-font-kerning: 0pt; mso-ligatures: none; mso-ansi-language: FR;\">Cylindre de la passoire<\/span><\/li>\n<li class=\"MsoNormal\" style=\"line-height: 115%;\"><span style=\"mso-fareast-font-family: Arial; mso-bidi-font-family: Arial; mso-font-kerning: 0pt; mso-ligatures: none; mso-ansi-language: FR;\">Valve<\/span><\/li>\n<li class=\"MsoNormal\" style=\"line-height: 115%;\"><span style=\"mso-fareast-font-family: Arial; mso-bidi-font-family: Arial; mso-font-kerning: 0pt; mso-ligatures: none; mso-ansi-language: FR;\">Tube de la passoire<\/span><\/li>\n<li class=\"MsoNormal\" style=\"line-height: 115%;\"><span style=\"mso-fareast-font-family: Arial; mso-bidi-font-family: Arial; mso-font-kerning: 0pt; mso-ligatures: none; mso-ansi-language: FR;\">Bouton de r\u00e9glage<\/span><\/li>\n<li class=\"MsoNormal\" style=\"line-height: 115%;\"><span style=\"mso-fareast-font-family: Arial; mso-bidi-font-family: Arial; mso-font-kerning: 0pt; mso-ligatures: none; mso-ansi-language: FR;\">Plateau de la passoire<\/span><\/li>\n<\/ul>","protected":false},"excerpt":{"rendered":"<p class=\"MsoNormal\" style=\"margin-bottom: 0cm; line-height: 115%;\"><span style=\"mso-fareast-font-family: Arial; mso-bidi-font-family: Arial; mso-font-kerning: 0pt; mso-ligatures: none; mso-ansi-language: FR;\">Transformez vos fruits et baies en pur\u00e9es onctueuses gr\u00e2ce \u00e0 la passoire Ankarsrum\u00a0! Un accessoire flexible et simple \u00e0 fixer sur votre hachoir. Id\u00e9al pour pr\u00e9parer de la compote de pommes, des coulis de fruits rouges ou des pur\u00e9es directement dans votre cuisine.<\/span><\/p>\n","protected":false},"featured_media":10351,"comment_status":"open","ping_status":"closed","template":"","meta":{"_acf_changed":false,"content-type":"","editor_notices":[]},"product_brand":[],"product_cat":[139],"product_tag":[],"product-tag":[],"machines":[],"filter":[254,252,250],"class_list":{"0":"post-5153","1":"product","2":"type-product","3":"status-publish","4":"has-post-thumbnail","6":"product_cat-accessoires","7":"filter-desserts","8":"filter-go-green","9":"filter-hachoir","11":"first","12":"instock","13":"taxable","14":"shipping-taxable","15":"purchasable","16":"product-type-simple"},"bundled_by":[],"bundle_stock_status":"instock","bundle_stock_quantity":null,"bundle_virtual":false,"bundle_layout":"","bundle_add_to_cart_form_location":"","bundle_editable_in_cart":false,"bundle_sold_individually_context":"","bundle_item_grouping":"","bundle_min_size":"","bundle_max_size":"","bundle_price":[],"bundled_items":[],"bundle_sell_ids":[],"acf":[],"yoast_head":"<!-- This site is optimized with the Yoast SEO Premium plugin v26.6 (Yoast SEO v26.6) - https:\/\/yoast.com\/wordpress\/plugins\/seo\/ -->\n<title>Passoire - Ankarsrum France<\/title>\n<meta name=\"robots\" content=\"index, follow, max-snippet:-1, max-image-preview:large, max-video-preview:-1\" \/>\n<link rel=\"canonical\" href=\"https:\/\/www.ankarsrum.com\/fr\/product\/passoire\/\" \/>\n<meta property=\"og:locale\" content=\"fr_FR\" \/>\n<meta property=\"og:type\" content=\"article\" \/>\n<meta property=\"og:title\" content=\"Passoire\" \/>\n<meta property=\"og:description\" content=\"Transformez vos fruits et baies en pur\u00e9es onctueuses gr\u00e2ce \u00e0 la passoire Ankarsrum\u00a0! Un accessoire flexible et simple \u00e0 fixer sur votre hachoir. Id\u00e9al pour pr\u00e9parer de la compote de pommes, des coulis de fruits rouges ou des pur\u00e9es directement dans votre cuisine.\" \/>\n<meta property=\"og:url\" content=\"https:\/\/www.ankarsrum.com\/fr\/product\/passoire\/\" \/>\n<meta property=\"og:site_name\" content=\"Ankarsrum France\" \/>\n<meta property=\"article:modified_time\" content=\"2026-05-01T22:52:17+00:00\" \/>\n<meta property=\"og:image\" content=\"https:\/\/www.ankarsrum.com\/fr\/wp-content\/uploads\/sites\/23\/2024\/09\/strainer-scaled.jpg\" \/>\n\t<meta property=\"og:image:width\" content=\"1200\" \/>\n\t<meta property=\"og:image:height\" content=\"630\" \/>\n\t<meta property=\"og:image:type\" content=\"image\/jpeg\" \/>\n<meta name=\"twitter:card\" content=\"summary_large_image\" \/>\n<meta name=\"twitter:label1\" content=\"Dur\u00e9e de lecture estim\u00e9e\" \/>\n\t<meta name=\"twitter:data1\" content=\"1 minute\" \/>\n<script type=\"application\/ld+json\" class=\"yoast-schema-graph\">{\"@context\":\"https:\/\/schema.org\",\"@graph\":[{\"@type\":\"WebPage\",\"@id\":\"https:\/\/www.ankarsrum.com\/fr\/product\/passoire\/\",\"url\":\"https:\/\/www.ankarsrum.com\/fr\/product\/passoire\/\",\"name\":\"Passoire - Ankarsrum France\",\"isPartOf\":{\"@id\":\"https:\/\/www.ankarsrum.com\/fr\/#website\"},\"primaryImageOfPage\":{\"@id\":\"https:\/\/www.ankarsrum.com\/fr\/product\/passoire\/#primaryimage\"},\"image\":{\"@id\":\"https:\/\/www.ankarsrum.com\/fr\/product\/passoire\/#primaryimage\"},\"thumbnailUrl\":\"https:\/\/www.ankarsrum.com\/img-srv\/m8Ts_9tzm5p1fKghQ-fQhRddgkbnjfjMfqrhr19paYQ\/resizing_type:auto\/width:0\/height:0\/gravity:sm\/enlarge:1\/ext:webp\/strip_metadata:1\/quality:90\/cachebuster:filesize-184446\/bG9jYWw6Ly8vd3d3LmFua2Fyc3J1bS5jb20vd3AtY29udGVudC91cGxvYWRzL3NpdGVzLzIzLzIwMjQvMDkvc3RyYWluZXItc2NhbGVkLmpwZw.webp\",\"datePublished\":\"2024-07-15T12:17:57+00:00\",\"dateModified\":\"2026-05-01T22:52:17+00:00\",\"breadcrumb\":{\"@id\":\"https:\/\/www.ankarsrum.com\/fr\/product\/passoire\/#breadcrumb\"},\"inLanguage\":\"fr-FR\",\"potentialAction\":[{\"@type\":\"ReadAction\",\"target\":[\"https:\/\/www.ankarsrum.com\/fr\/product\/passoire\/\"]}]},{\"@type\":\"ImageObject\",\"inLanguage\":\"fr-FR\",\"@id\":\"https:\/\/www.ankarsrum.com\/fr\/product\/passoire\/#primaryimage\",\"url\":\"https:\/\/www.ankarsrum.com\/img-srv\/m8Ts_9tzm5p1fKghQ-fQhRddgkbnjfjMfqrhr19paYQ\/resizing_type:auto\/width:0\/height:0\/gravity:sm\/enlarge:1\/ext:webp\/strip_metadata:1\/quality:90\/cachebuster:filesize-184446\/bG9jYWw6Ly8vd3d3LmFua2Fyc3J1bS5jb20vd3AtY29udGVudC91cGxvYWRzL3NpdGVzLzIzLzIwMjQvMDkvc3RyYWluZXItc2NhbGVkLmpwZw.webp\",\"contentUrl\":\"https:\/\/www.ankarsrum.com\/img-srv\/m8Ts_9tzm5p1fKghQ-fQhRddgkbnjfjMfqrhr19paYQ\/resizing_type:auto\/width:0\/height:0\/gravity:sm\/enlarge:1\/ext:webp\/strip_metadata:1\/quality:90\/cachebuster:filesize-184446\/bG9jYWw6Ly8vd3d3LmFua2Fyc3J1bS5jb20vd3AtY29udGVudC91cGxvYWRzL3NpdGVzLzIzLzIwMjQvMDkvc3RyYWluZXItc2NhbGVkLmpwZw.webp\",\"width\":2560,\"height\":2560},{\"@type\":\"BreadcrumbList\",\"@id\":\"https:\/\/www.ankarsrum.com\/fr\/product\/passoire\/#breadcrumb\",\"itemListElement\":[{\"@type\":\"ListItem\",\"position\":1,\"name\":\"Home\",\"item\":\"https:\/\/www.ankarsrum.com\/fr\/\"},{\"@type\":\"ListItem\",\"position\":2,\"name\":\"Produce name\",\"item\":\"https:\/\/www.ankarsrum.com\/fr\/shop\/\"},{\"@type\":\"ListItem\",\"position\":3,\"name\":\"Passoire\"}]},{\"@type\":\"WebSite\",\"@id\":\"https:\/\/www.ankarsrum.com\/fr\/#website\",\"url\":\"https:\/\/www.ankarsrum.com\/fr\/\",\"name\":\"Ankarsrum France\",\"description\":\"The bread of the world\",\"potentialAction\":[{\"@type\":\"SearchAction\",\"target\":{\"@type\":\"EntryPoint\",\"urlTemplate\":\"https:\/\/www.ankarsrum.com\/fr\/?s={search_term_string}\"},\"query-input\":{\"@type\":\"PropertyValueSpecification\",\"valueRequired\":true,\"valueName\":\"search_term_string\"}}],\"inLanguage\":\"fr-FR\"}]}<\/script>\n<!-- \/ Yoast SEO Premium plugin. -->","yoast_head_json":{"title":"Passoire - Ankarsrum France","robots":{"index":"index","follow":"follow","max-snippet":"max-snippet:-1","max-image-preview":"max-image-preview:large","max-video-preview":"max-video-preview:-1"},"canonical":"https:\/\/www.ankarsrum.com\/fr\/product\/passoire\/","og_locale":"fr_FR","og_type":"article","og_title":"Passoire","og_description":"Transformez vos fruits et baies en pur\u00e9es onctueuses gr\u00e2ce \u00e0 la passoire Ankarsrum\u00a0! Un accessoire flexible et simple \u00e0 fixer sur votre hachoir. Id\u00e9al pour pr\u00e9parer de la compote de pommes, des coulis de fruits rouges ou des pur\u00e9es directement dans votre cuisine.","og_url":"https:\/\/www.ankarsrum.com\/fr\/product\/passoire\/","og_site_name":"Ankarsrum France","article_modified_time":"2026-05-01T22:52:17+00:00","og_image":[{"width":1200,"height":630,"url":"https:\/\/www.ankarsrum.com\/fr\/wp-content\/uploads\/sites\/23\/2024\/09\/strainer-scaled.jpg","type":"image\/jpeg"}],"twitter_card":"summary_large_image","twitter_misc":{"Dur\u00e9e de lecture estim\u00e9e":"1 minute"},"schema":{"@context":"https:\/\/schema.org","@graph":[{"@type":"WebPage","@id":"https:\/\/www.ankarsrum.com\/fr\/product\/passoire\/","url":"https:\/\/www.ankarsrum.com\/fr\/product\/passoire\/","name":"Passoire - Ankarsrum France","isPartOf":{"@id":"https:\/\/www.ankarsrum.com\/fr\/#website"},"primaryImageOfPage":{"@id":"https:\/\/www.ankarsrum.com\/fr\/product\/passoire\/#primaryimage"},"image":{"@id":"https:\/\/www.ankarsrum.com\/fr\/product\/passoire\/#primaryimage"},"thumbnailUrl":"https:\/\/www.ankarsrum.com\/img-srv\/m8Ts_9tzm5p1fKghQ-fQhRddgkbnjfjMfqrhr19paYQ\/resizing_type:auto\/width:0\/height:0\/gravity:sm\/enlarge:1\/ext:webp\/strip_metadata:1\/quality:90\/cachebuster:filesize-184446\/bG9jYWw6Ly8vd3d3LmFua2Fyc3J1bS5jb20vd3AtY29udGVudC91cGxvYWRzL3NpdGVzLzIzLzIwMjQvMDkvc3RyYWluZXItc2NhbGVkLmpwZw.webp","datePublished":"2024-07-15T12:17:57+00:00","dateModified":"2026-05-01T22:52:17+00:00","breadcrumb":{"@id":"https:\/\/www.ankarsrum.com\/fr\/product\/passoire\/#breadcrumb"},"inLanguage":"fr-FR","potentialAction":[{"@type":"ReadAction","target":["https:\/\/www.ankarsrum.com\/fr\/product\/passoire\/"]}]},{"@type":"ImageObject","inLanguage":"fr-FR","@id":"https:\/\/www.ankarsrum.com\/fr\/product\/passoire\/#primaryimage","url":"https:\/\/www.ankarsrum.com\/img-srv\/m8Ts_9tzm5p1fKghQ-fQhRddgkbnjfjMfqrhr19paYQ\/resizing_type:auto\/width:0\/height:0\/gravity:sm\/enlarge:1\/ext:webp\/strip_metadata:1\/quality:90\/cachebuster:filesize-184446\/bG9jYWw6Ly8vd3d3LmFua2Fyc3J1bS5jb20vd3AtY29udGVudC91cGxvYWRzL3NpdGVzLzIzLzIwMjQvMDkvc3RyYWluZXItc2NhbGVkLmpwZw.webp","contentUrl":"https:\/\/www.ankarsrum.com\/img-srv\/m8Ts_9tzm5p1fKghQ-fQhRddgkbnjfjMfqrhr19paYQ\/resizing_type:auto\/width:0\/height:0\/gravity:sm\/enlarge:1\/ext:webp\/strip_metadata:1\/quality:90\/cachebuster:filesize-184446\/bG9jYWw6Ly8vd3d3LmFua2Fyc3J1bS5jb20vd3AtY29udGVudC91cGxvYWRzL3NpdGVzLzIzLzIwMjQvMDkvc3RyYWluZXItc2NhbGVkLmpwZw.webp","width":2560,"height":2560},{"@type":"BreadcrumbList","@id":"https:\/\/www.ankarsrum.com\/fr\/product\/passoire\/#breadcrumb","itemListElement":[{"@type":"ListItem","position":1,"name":"Home","item":"https:\/\/www.ankarsrum.com\/fr\/"},{"@type":"ListItem","position":2,"name":"Produce name","item":"https:\/\/www.ankarsrum.com\/fr\/shop\/"},{"@type":"ListItem","position":3,"name":"Passoire"}]},{"@type":"WebSite","@id":"https:\/\/www.ankarsrum.com\/fr\/#website","url":"https:\/\/www.ankarsrum.com\/fr\/","name":"Ankarsrum France","description":"The bread of the world","potentialAction":[{"@type":"SearchAction","target":{"@type":"EntryPoint","urlTemplate":"https:\/\/www.ankarsrum.com\/fr\/?s={search_term_string}"},"query-input":{"@type":"PropertyValueSpecification","valueRequired":true,"valueName":"search_term_string"}}],"inLanguage":"fr-FR"}]}},"_links":{"self":[{"href":"https:\/\/www.ankarsrum.com\/fr\/wp-json\/wp\/v2\/product\/5153","targetHints":{"allow":["GET"]}}],"collection":[{"href":"https:\/\/www.ankarsrum.com\/fr\/wp-json\/wp\/v2\/product"}],"about":[{"href":"https:\/\/www.ankarsrum.com\/fr\/wp-json\/wp\/v2\/types\/product"}],"replies":[{"embeddable":true,"href":"https:\/\/www.ankarsrum.com\/fr\/wp-json\/wp\/v2\/comments?post=5153"}],"wp:featuredmedia":[{"embeddable":true,"href":"https:\/\/www.ankarsrum.com\/fr\/wp-json\/wp\/v2\/media\/10351"}],"wp:attachment":[{"href":"https:\/\/www.ankarsrum.com\/fr\/wp-json\/wp\/v2\/media?parent=5153"}],"wp:term":[{"taxonomy":"product_brand","embeddable":true,"href":"https:\/\/www.ankarsrum.com\/fr\/wp-json\/wp\/v2\/product_brand?post=5153"},{"taxonomy":"product_cat","embeddable":true,"href":"https:\/\/www.ankarsrum.com\/fr\/wp-json\/wp\/v2\/product_cat?post=5153"},{"taxonomy":"product_tag","embeddable":true,"href":"https:\/\/www.ankarsrum.com\/fr\/wp-json\/wp\/v2\/product_tag?post=5153"},{"taxonomy":"product-tag","embeddable":true,"href":"https:\/\/www.ankarsrum.com\/fr\/wp-json\/wp\/v2\/product-tag?post=5153"},{"taxonomy":"machines","embeddable":true,"href":"https:\/\/www.ankarsrum.com\/fr\/wp-json\/wp\/v2\/machines?post=5153"},{"taxonomy":"filter","embeddable":true,"href":"https:\/\/www.ankarsrum.com\/fr\/wp-json\/wp\/v2\/filter?post=5153"}],"curies":[{"name":"wp","href":"https:\/\/api.w.org\/{rel}","templated":true}]}}