{"id":5154,"date":"2024-07-15T14:32:24","date_gmt":"2024-07-15T12:32:24","guid":{"rendered":"https:\/\/www.ankarsrum.com\/fr\/product\/rape\/"},"modified":"2026-05-01T00:47:20","modified_gmt":"2026-04-30T22:47:20","slug":"rape","status":"publish","type":"product","link":"https:\/\/www.ankarsrum.com\/fr\/product\/rape\/","title":{"rendered":"R\u00e2pe"},"content":{"rendered":"<p class=\"MsoNormal\" style=\"margin-bottom: 0cm; line-height: 115%;\"><span style=\"mso-fareast-font-family: Arial; mso-bidi-font-family: Arial; mso-font-kerning: 0pt; mso-ligatures: none; mso-ansi-language: FR;\">Avec la R\u00e2pe Ankarsrum, vous pouvez facilement cr\u00e9er des ingr\u00e9dients finement r\u00e2p\u00e9s pour une large gamme de recettes. La r\u00e2pe se fixe \u00e0 votre hachoir et est parfaite pour r\u00e2per le parmesan pour les p\u00e2tes, le chocolat pour la p\u00e2tisserie ou les pommes de terre pour des r\u00e2p\u00e9s de pommes de terre. Sa conception polyvalente permet de r\u00e2per une grande vari\u00e9t\u00e9 d&#039;ingr\u00e9dients, des fromages durs aux aliments plus mous, avec la m\u00eame pr\u00e9cision et la m\u00eame facilit\u00e9. <\/span><\/p>\n<p class=\"MsoNormal\" style=\"margin-bottom: 0cm; line-height: 115%;\"><span style=\"mso-fareast-font-family: Arial; mso-bidi-font-family: Arial; mso-font-kerning: 0pt; mso-ligatures: none; mso-ansi-language: FR;\">La r\u00e2pe est \u00e0 la fois rapide et facile \u00e0 utiliser, ce qui en fait un outil pr\u00e9cieux pour la cuisine de tous les jours ou les occasions sp\u00e9ciales. Elle permet de gagner du temps et d&#039;obtenir des r\u00e9sultats constants \u00e0 chaque fois. <\/span><\/p>\n<p class=\"MsoNormal\" style=\"margin-bottom: 0cm; line-height: 115%;\"><strong><span style=\"mso-fareast-font-family: Arial; mso-bidi-font-family: Arial; mso-font-kerning: 0pt; mso-ligatures: none; mso-ansi-language: FR;\">La r\u00e2pe est compatible avec le hachoir mod\u00e8le 10. Le num\u00e9ro de mod\u00e8le \u00ab 10 \u00bb est imprim\u00e9 sur le couteau \u00e0 4 lames.<\/span><\/strong><\/p>\n<p class=\"MsoNormal\" style=\"margin-bottom: 0cm; line-height: 115%;\"><span style=\"mso-fareast-font-family: Arial; mso-bidi-font-family: Arial; mso-font-kerning: 0pt; mso-ligatures: none; mso-ansi-language: FR;\">Qu&#039;est-ce qui est inclus ?<\/span><\/p>\n<ul>\n<li class=\"MsoNormal\" style=\"line-height: 115%;\"><span style=\"mso-fareast-font-family: Arial; mso-bidi-font-family: Arial; mso-font-kerning: 0pt; mso-ligatures: none; mso-ansi-language: FR;\">Cylindre \u00e0 r\u00e2per<\/span><\/li>\n<li class=\"MsoNormal\" style=\"line-height: 115%;\"><span style=\"mso-fareast-font-family: Arial; mso-bidi-font-family: Arial; mso-font-kerning: 0pt; mso-ligatures: none; mso-ansi-language: FR;\">Rouleau \u00e0 r\u00e2per<\/span><\/li>\n<\/ul>","protected":false},"excerpt":{"rendered":"<p class=\"MsoNormal\" style=\"margin-bottom: 0cm; line-height: 115%;\"><span style=\"mso-fareast-font-family: Arial; mso-bidi-font-family: Arial; mso-font-kerning: 0pt; mso-ligatures: none; mso-ansi-language: FR;\">Transformez votre Ankarsrum Assistent Original en une machine \u00e0 r\u00e2per polyvalente gr\u00e2ce \u00e0 la R\u00e2pe ! Fixez-la \u00e0 votre Hachoir pour r\u00e2per sans effort des noix, du chocolat, du fromage dur ou des l\u00e9gumes &#8211; rapidement, en douceur et avec des r\u00e9sultats parfaits \u00e0 chaque fois. <\/span><\/p>\n","protected":false},"featured_media":10348,"comment_status":"open","ping_status":"closed","template":"","meta":{"_acf_changed":false,"content-type":"","editor_notices":[]},"product_brand":[],"product_cat":[139],"product_tag":[],"product-tag":[],"machines":[],"filter":[],"class_list":{"0":"post-5154","1":"product","2":"type-product","3":"status-publish","4":"has-post-thumbnail","6":"product_cat-accessoires","8":"first","9":"instock","10":"taxable","11":"shipping-taxable","12":"purchasable","13":"product-type-simple"},"bundled_by":[],"bundle_stock_status":"instock","bundle_stock_quantity":null,"bundle_virtual":false,"bundle_layout":"","bundle_add_to_cart_form_location":"","bundle_editable_in_cart":false,"bundle_sold_individually_context":"","bundle_item_grouping":"","bundle_min_size":"","bundle_max_size":"","bundle_price":[],"bundled_items":[],"bundle_sell_ids":[],"acf":[],"yoast_head":"<!-- This site is optimized with the Yoast SEO Premium plugin v26.6 (Yoast SEO v26.6) - https:\/\/yoast.com\/wordpress\/plugins\/seo\/ -->\n<title>R\u00e2pe - Ankarsrum France<\/title>\n<meta name=\"robots\" content=\"index, follow, max-snippet:-1, max-image-preview:large, max-video-preview:-1\" \/>\n<link rel=\"canonical\" href=\"https:\/\/www.ankarsrum.com\/fr\/product\/rape\/\" \/>\n<meta property=\"og:locale\" content=\"fr_FR\" \/>\n<meta property=\"og:type\" content=\"article\" \/>\n<meta property=\"og:title\" content=\"R\u00e2pe\" \/>\n<meta property=\"og:description\" content=\"Transformez votre Ankarsrum Assistent Original en une machine \u00e0 r\u00e2per polyvalente gr\u00e2ce \u00e0 la R\u00e2pe ! Fixez-la \u00e0 votre Hachoir pour r\u00e2per sans effort des noix, du chocolat, du fromage dur ou des l\u00e9gumes - rapidement, en douceur et avec des r\u00e9sultats parfaits \u00e0 chaque fois.\" \/>\n<meta property=\"og:url\" content=\"https:\/\/www.ankarsrum.com\/fr\/product\/rape\/\" \/>\n<meta property=\"og:site_name\" content=\"Ankarsrum France\" \/>\n<meta property=\"article:modified_time\" content=\"2026-04-30T22:47:20+00:00\" \/>\n<meta property=\"og:image\" content=\"https:\/\/www.ankarsrum.com\/fr\/wp-content\/uploads\/sites\/23\/2024\/09\/grater.jpg\" \/>\n\t<meta property=\"og:image:width\" content=\"1200\" \/>\n\t<meta property=\"og:image:height\" content=\"630\" \/>\n\t<meta property=\"og:image:type\" content=\"image\/jpeg\" \/>\n<meta name=\"twitter:card\" content=\"summary_large_image\" \/>\n<meta name=\"twitter:label1\" content=\"Dur\u00e9e de lecture estim\u00e9e\" \/>\n\t<meta name=\"twitter:data1\" content=\"1 minute\" \/>\n<script type=\"application\/ld+json\" class=\"yoast-schema-graph\">{\"@context\":\"https:\/\/schema.org\",\"@graph\":[{\"@type\":\"WebPage\",\"@id\":\"https:\/\/www.ankarsrum.com\/fr\/product\/rape\/\",\"url\":\"https:\/\/www.ankarsrum.com\/fr\/product\/rape\/\",\"name\":\"R\u00e2pe - Ankarsrum France\",\"isPartOf\":{\"@id\":\"https:\/\/www.ankarsrum.com\/fr\/#website\"},\"primaryImageOfPage\":{\"@id\":\"https:\/\/www.ankarsrum.com\/fr\/product\/rape\/#primaryimage\"},\"image\":{\"@id\":\"https:\/\/www.ankarsrum.com\/fr\/product\/rape\/#primaryimage\"},\"thumbnailUrl\":\"https:\/\/www.ankarsrum.com\/img-srv\/w_z0Gkiyl-6VNBNlctgneiUkR7zg6jsOXbHnM16Z8CY\/resizing_type:auto\/width:0\/height:0\/gravity:sm\/enlarge:1\/ext:webp\/strip_metadata:1\/quality:90\/cachebuster:filesize-174482\/bG9jYWw6Ly8vd3d3LmFua2Fyc3J1bS5jb20vd3AtY29udGVudC91cGxvYWRzL3NpdGVzLzIzLzIwMjQvMDkvZ3JhdGVyLmpwZw.webp\",\"datePublished\":\"2024-07-15T12:32:24+00:00\",\"dateModified\":\"2026-04-30T22:47:20+00:00\",\"breadcrumb\":{\"@id\":\"https:\/\/www.ankarsrum.com\/fr\/product\/rape\/#breadcrumb\"},\"inLanguage\":\"fr-FR\",\"potentialAction\":[{\"@type\":\"ReadAction\",\"target\":[\"https:\/\/www.ankarsrum.com\/fr\/product\/rape\/\"]}]},{\"@type\":\"ImageObject\",\"inLanguage\":\"fr-FR\",\"@id\":\"https:\/\/www.ankarsrum.com\/fr\/product\/rape\/#primaryimage\",\"url\":\"https:\/\/www.ankarsrum.com\/img-srv\/w_z0Gkiyl-6VNBNlctgneiUkR7zg6jsOXbHnM16Z8CY\/resizing_type:auto\/width:0\/height:0\/gravity:sm\/enlarge:1\/ext:webp\/strip_metadata:1\/quality:90\/cachebuster:filesize-174482\/bG9jYWw6Ly8vd3d3LmFua2Fyc3J1bS5jb20vd3AtY29udGVudC91cGxvYWRzL3NpdGVzLzIzLzIwMjQvMDkvZ3JhdGVyLmpwZw.webp\",\"contentUrl\":\"https:\/\/www.ankarsrum.com\/img-srv\/w_z0Gkiyl-6VNBNlctgneiUkR7zg6jsOXbHnM16Z8CY\/resizing_type:auto\/width:0\/height:0\/gravity:sm\/enlarge:1\/ext:webp\/strip_metadata:1\/quality:90\/cachebuster:filesize-174482\/bG9jYWw6Ly8vd3d3LmFua2Fyc3J1bS5jb20vd3AtY29udGVudC91cGxvYWRzL3NpdGVzLzIzLzIwMjQvMDkvZ3JhdGVyLmpwZw.webp\",\"width\":2000,\"height\":2000},{\"@type\":\"BreadcrumbList\",\"@id\":\"https:\/\/www.ankarsrum.com\/fr\/product\/rape\/#breadcrumb\",\"itemListElement\":[{\"@type\":\"ListItem\",\"position\":1,\"name\":\"Home\",\"item\":\"https:\/\/www.ankarsrum.com\/fr\/\"},{\"@type\":\"ListItem\",\"position\":2,\"name\":\"Produce name\",\"item\":\"https:\/\/www.ankarsrum.com\/fr\/shop\/\"},{\"@type\":\"ListItem\",\"position\":3,\"name\":\"R\u00e2pe\"}]},{\"@type\":\"WebSite\",\"@id\":\"https:\/\/www.ankarsrum.com\/fr\/#website\",\"url\":\"https:\/\/www.ankarsrum.com\/fr\/\",\"name\":\"Ankarsrum France\",\"description\":\"The bread of the world\",\"potentialAction\":[{\"@type\":\"SearchAction\",\"target\":{\"@type\":\"EntryPoint\",\"urlTemplate\":\"https:\/\/www.ankarsrum.com\/fr\/?s={search_term_string}\"},\"query-input\":{\"@type\":\"PropertyValueSpecification\",\"valueRequired\":true,\"valueName\":\"search_term_string\"}}],\"inLanguage\":\"fr-FR\"}]}<\/script>\n<!-- \/ Yoast SEO Premium plugin. -->","yoast_head_json":{"title":"R\u00e2pe - Ankarsrum France","robots":{"index":"index","follow":"follow","max-snippet":"max-snippet:-1","max-image-preview":"max-image-preview:large","max-video-preview":"max-video-preview:-1"},"canonical":"https:\/\/www.ankarsrum.com\/fr\/product\/rape\/","og_locale":"fr_FR","og_type":"article","og_title":"R\u00e2pe","og_description":"Transformez votre Ankarsrum Assistent Original en une machine \u00e0 r\u00e2per polyvalente gr\u00e2ce \u00e0 la R\u00e2pe ! Fixez-la \u00e0 votre Hachoir pour r\u00e2per sans effort des noix, du chocolat, du fromage dur ou des l\u00e9gumes - rapidement, en douceur et avec des r\u00e9sultats parfaits \u00e0 chaque fois.","og_url":"https:\/\/www.ankarsrum.com\/fr\/product\/rape\/","og_site_name":"Ankarsrum France","article_modified_time":"2026-04-30T22:47:20+00:00","og_image":[{"width":1200,"height":630,"url":"https:\/\/www.ankarsrum.com\/fr\/wp-content\/uploads\/sites\/23\/2024\/09\/grater.jpg","type":"image\/jpeg"}],"twitter_card":"summary_large_image","twitter_misc":{"Dur\u00e9e de lecture estim\u00e9e":"1 minute"},"schema":{"@context":"https:\/\/schema.org","@graph":[{"@type":"WebPage","@id":"https:\/\/www.ankarsrum.com\/fr\/product\/rape\/","url":"https:\/\/www.ankarsrum.com\/fr\/product\/rape\/","name":"R\u00e2pe - Ankarsrum France","isPartOf":{"@id":"https:\/\/www.ankarsrum.com\/fr\/#website"},"primaryImageOfPage":{"@id":"https:\/\/www.ankarsrum.com\/fr\/product\/rape\/#primaryimage"},"image":{"@id":"https:\/\/www.ankarsrum.com\/fr\/product\/rape\/#primaryimage"},"thumbnailUrl":"https:\/\/www.ankarsrum.com\/img-srv\/w_z0Gkiyl-6VNBNlctgneiUkR7zg6jsOXbHnM16Z8CY\/resizing_type:auto\/width:0\/height:0\/gravity:sm\/enlarge:1\/ext:webp\/strip_metadata:1\/quality:90\/cachebuster:filesize-174482\/bG9jYWw6Ly8vd3d3LmFua2Fyc3J1bS5jb20vd3AtY29udGVudC91cGxvYWRzL3NpdGVzLzIzLzIwMjQvMDkvZ3JhdGVyLmpwZw.webp","datePublished":"2024-07-15T12:32:24+00:00","dateModified":"2026-04-30T22:47:20+00:00","breadcrumb":{"@id":"https:\/\/www.ankarsrum.com\/fr\/product\/rape\/#breadcrumb"},"inLanguage":"fr-FR","potentialAction":[{"@type":"ReadAction","target":["https:\/\/www.ankarsrum.com\/fr\/product\/rape\/"]}]},{"@type":"ImageObject","inLanguage":"fr-FR","@id":"https:\/\/www.ankarsrum.com\/fr\/product\/rape\/#primaryimage","url":"https:\/\/www.ankarsrum.com\/img-srv\/w_z0Gkiyl-6VNBNlctgneiUkR7zg6jsOXbHnM16Z8CY\/resizing_type:auto\/width:0\/height:0\/gravity:sm\/enlarge:1\/ext:webp\/strip_metadata:1\/quality:90\/cachebuster:filesize-174482\/bG9jYWw6Ly8vd3d3LmFua2Fyc3J1bS5jb20vd3AtY29udGVudC91cGxvYWRzL3NpdGVzLzIzLzIwMjQvMDkvZ3JhdGVyLmpwZw.webp","contentUrl":"https:\/\/www.ankarsrum.com\/img-srv\/w_z0Gkiyl-6VNBNlctgneiUkR7zg6jsOXbHnM16Z8CY\/resizing_type:auto\/width:0\/height:0\/gravity:sm\/enlarge:1\/ext:webp\/strip_metadata:1\/quality:90\/cachebuster:filesize-174482\/bG9jYWw6Ly8vd3d3LmFua2Fyc3J1bS5jb20vd3AtY29udGVudC91cGxvYWRzL3NpdGVzLzIzLzIwMjQvMDkvZ3JhdGVyLmpwZw.webp","width":2000,"height":2000},{"@type":"BreadcrumbList","@id":"https:\/\/www.ankarsrum.com\/fr\/product\/rape\/#breadcrumb","itemListElement":[{"@type":"ListItem","position":1,"name":"Home","item":"https:\/\/www.ankarsrum.com\/fr\/"},{"@type":"ListItem","position":2,"name":"Produce name","item":"https:\/\/www.ankarsrum.com\/fr\/shop\/"},{"@type":"ListItem","position":3,"name":"R\u00e2pe"}]},{"@type":"WebSite","@id":"https:\/\/www.ankarsrum.com\/fr\/#website","url":"https:\/\/www.ankarsrum.com\/fr\/","name":"Ankarsrum France","description":"The bread of the world","potentialAction":[{"@type":"SearchAction","target":{"@type":"EntryPoint","urlTemplate":"https:\/\/www.ankarsrum.com\/fr\/?s={search_term_string}"},"query-input":{"@type":"PropertyValueSpecification","valueRequired":true,"valueName":"search_term_string"}}],"inLanguage":"fr-FR"}]}},"_links":{"self":[{"href":"https:\/\/www.ankarsrum.com\/fr\/wp-json\/wp\/v2\/product\/5154","targetHints":{"allow":["GET"]}}],"collection":[{"href":"https:\/\/www.ankarsrum.com\/fr\/wp-json\/wp\/v2\/product"}],"about":[{"href":"https:\/\/www.ankarsrum.com\/fr\/wp-json\/wp\/v2\/types\/product"}],"replies":[{"embeddable":true,"href":"https:\/\/www.ankarsrum.com\/fr\/wp-json\/wp\/v2\/comments?post=5154"}],"wp:featuredmedia":[{"embeddable":true,"href":"https:\/\/www.ankarsrum.com\/fr\/wp-json\/wp\/v2\/media\/10348"}],"wp:attachment":[{"href":"https:\/\/www.ankarsrum.com\/fr\/wp-json\/wp\/v2\/media?parent=5154"}],"wp:term":[{"taxonomy":"product_brand","embeddable":true,"href":"https:\/\/www.ankarsrum.com\/fr\/wp-json\/wp\/v2\/product_brand?post=5154"},{"taxonomy":"product_cat","embeddable":true,"href":"https:\/\/www.ankarsrum.com\/fr\/wp-json\/wp\/v2\/product_cat?post=5154"},{"taxonomy":"product_tag","embeddable":true,"href":"https:\/\/www.ankarsrum.com\/fr\/wp-json\/wp\/v2\/product_tag?post=5154"},{"taxonomy":"product-tag","embeddable":true,"href":"https:\/\/www.ankarsrum.com\/fr\/wp-json\/wp\/v2\/product-tag?post=5154"},{"taxonomy":"machines","embeddable":true,"href":"https:\/\/www.ankarsrum.com\/fr\/wp-json\/wp\/v2\/machines?post=5154"},{"taxonomy":"filter","embeddable":true,"href":"https:\/\/www.ankarsrum.com\/fr\/wp-json\/wp\/v2\/filter?post=5154"}],"curies":[{"name":"wp","href":"https:\/\/api.w.org\/{rel}","templated":true}]}}