{"id":5157,"date":"2024-07-15T15:12:47","date_gmt":"2024-07-15T13:12:47","guid":{"rendered":"https:\/\/www.ankarsrum.com\/fr\/product\/embouts-a-saucisses-10-20-25-mm\/"},"modified":"2026-04-03T22:37:32","modified_gmt":"2026-04-03T20:37:32","slug":"embouts-a-saucisses-10-20-25-mm","status":"publish","type":"product","link":"https:\/\/www.ankarsrum.com\/fr\/product\/embouts-a-saucisses-10-20-25-mm\/","title":{"rendered":"Embouts \u00e0 saucisses 10, 20, 25 mm"},"content":{"rendered":"<p>3 embouts \u00e0 saucisses 10, 20 et 25 mm.<\/p>","protected":false},"excerpt":{"rendered":"<p>Trois embouts \u00e0 saucisses diff\u00e9rents pour faire des hot dogs, des saucisses de m\u00e9nage, des saucissons&#8230;et pourquoi pas des saucisses de poisson?<\/p>\n","protected":false},"featured_media":10343,"comment_status":"open","ping_status":"closed","template":"","meta":{"_acf_changed":false,"content-type":"","editor_notices":[]},"product_brand":[],"product_cat":[139],"product_tag":[],"product-tag":[],"machines":[],"filter":[],"class_list":{"0":"post-5157","1":"product","2":"type-product","3":"status-publish","4":"has-post-thumbnail","6":"product_cat-accessoires","8":"first","9":"instock","10":"taxable","11":"shipping-taxable","12":"purchasable","13":"product-type-simple"},"bundled_by":[],"bundle_stock_status":"instock","bundle_stock_quantity":null,"bundle_virtual":false,"bundle_layout":"","bundle_add_to_cart_form_location":"","bundle_editable_in_cart":false,"bundle_sold_individually_context":"","bundle_item_grouping":"","bundle_min_size":"","bundle_max_size":"","bundle_price":[],"bundled_items":[],"bundle_sell_ids":[],"acf":[],"yoast_head":"<!-- This site is optimized with the Yoast SEO Premium plugin v26.6 (Yoast SEO v26.6) - https:\/\/yoast.com\/wordpress\/plugins\/seo\/ -->\n<title>Embouts \u00e0 saucisses 10, 20, 25 mm - Ankarsrum France<\/title>\n<meta name=\"robots\" content=\"index, follow, max-snippet:-1, max-image-preview:large, max-video-preview:-1\" \/>\n<link rel=\"canonical\" href=\"https:\/\/www.ankarsrum.com\/fr\/product\/embouts-a-saucisses-10-20-25-mm\/\" \/>\n<meta property=\"og:locale\" content=\"fr_FR\" \/>\n<meta property=\"og:type\" content=\"article\" \/>\n<meta property=\"og:title\" content=\"Embouts \u00e0 saucisses 10, 20, 25 mm\" \/>\n<meta property=\"og:description\" content=\"Trois embouts \u00e0 saucisses diff\u00e9rents pour faire des hot dogs, des saucisses de m\u00e9nage, des saucissons...et pourquoi pas des saucisses de poisson?\" \/>\n<meta property=\"og:url\" content=\"https:\/\/www.ankarsrum.com\/fr\/product\/embouts-a-saucisses-10-20-25-mm\/\" \/>\n<meta property=\"og:site_name\" content=\"Ankarsrum France\" \/>\n<meta property=\"article:modified_time\" content=\"2026-04-03T20:37:32+00:00\" \/>\n<meta property=\"og:image\" content=\"https:\/\/www.ankarsrum.com\/fr\/wp-content\/uploads\/sites\/23\/2024\/09\/mincer-sausagehorns-scaled.jpg\" \/>\n\t<meta property=\"og:image:width\" content=\"1200\" \/>\n\t<meta property=\"og:image:height\" content=\"630\" \/>\n\t<meta property=\"og:image:type\" content=\"image\/jpeg\" \/>\n<meta name=\"twitter:card\" content=\"summary_large_image\" \/>\n<script type=\"application\/ld+json\" class=\"yoast-schema-graph\">{\"@context\":\"https:\/\/schema.org\",\"@graph\":[{\"@type\":\"WebPage\",\"@id\":\"https:\/\/www.ankarsrum.com\/fr\/product\/embouts-a-saucisses-10-20-25-mm\/\",\"url\":\"https:\/\/www.ankarsrum.com\/fr\/product\/embouts-a-saucisses-10-20-25-mm\/\",\"name\":\"Embouts \u00e0 saucisses 10, 20, 25 mm - Ankarsrum France\",\"isPartOf\":{\"@id\":\"https:\/\/www.ankarsrum.com\/fr\/#website\"},\"primaryImageOfPage\":{\"@id\":\"https:\/\/www.ankarsrum.com\/fr\/product\/embouts-a-saucisses-10-20-25-mm\/#primaryimage\"},\"image\":{\"@id\":\"https:\/\/www.ankarsrum.com\/fr\/product\/embouts-a-saucisses-10-20-25-mm\/#primaryimage\"},\"thumbnailUrl\":\"https:\/\/www.ankarsrum.com\/img-srv\/WJXipO8Q1wfbY5h-niL3V5KNTYho7ymlJV9dXssw1tM\/resizing_type:auto\/width:0\/height:0\/gravity:sm\/enlarge:1\/ext:webp\/strip_metadata:1\/quality:90\/cachebuster:filesize-166075\/bG9jYWw6Ly8vd3d3LmFua2Fyc3J1bS5jb20vd3AtY29udGVudC91cGxvYWRzL3NpdGVzLzIzLzIwMjQvMDkvbWluY2VyLXNhdXNhZ2Vob3Jucy1zY2FsZWQuanBn.webp\",\"datePublished\":\"2024-07-15T13:12:47+00:00\",\"dateModified\":\"2026-04-03T20:37:32+00:00\",\"breadcrumb\":{\"@id\":\"https:\/\/www.ankarsrum.com\/fr\/product\/embouts-a-saucisses-10-20-25-mm\/#breadcrumb\"},\"inLanguage\":\"fr-FR\",\"potentialAction\":[{\"@type\":\"ReadAction\",\"target\":[\"https:\/\/www.ankarsrum.com\/fr\/product\/embouts-a-saucisses-10-20-25-mm\/\"]}]},{\"@type\":\"ImageObject\",\"inLanguage\":\"fr-FR\",\"@id\":\"https:\/\/www.ankarsrum.com\/fr\/product\/embouts-a-saucisses-10-20-25-mm\/#primaryimage\",\"url\":\"https:\/\/www.ankarsrum.com\/img-srv\/WJXipO8Q1wfbY5h-niL3V5KNTYho7ymlJV9dXssw1tM\/resizing_type:auto\/width:0\/height:0\/gravity:sm\/enlarge:1\/ext:webp\/strip_metadata:1\/quality:90\/cachebuster:filesize-166075\/bG9jYWw6Ly8vd3d3LmFua2Fyc3J1bS5jb20vd3AtY29udGVudC91cGxvYWRzL3NpdGVzLzIzLzIwMjQvMDkvbWluY2VyLXNhdXNhZ2Vob3Jucy1zY2FsZWQuanBn.webp\",\"contentUrl\":\"https:\/\/www.ankarsrum.com\/img-srv\/WJXipO8Q1wfbY5h-niL3V5KNTYho7ymlJV9dXssw1tM\/resizing_type:auto\/width:0\/height:0\/gravity:sm\/enlarge:1\/ext:webp\/strip_metadata:1\/quality:90\/cachebuster:filesize-166075\/bG9jYWw6Ly8vd3d3LmFua2Fyc3J1bS5jb20vd3AtY29udGVudC91cGxvYWRzL3NpdGVzLzIzLzIwMjQvMDkvbWluY2VyLXNhdXNhZ2Vob3Jucy1zY2FsZWQuanBn.webp\",\"width\":2560,\"height\":2560},{\"@type\":\"BreadcrumbList\",\"@id\":\"https:\/\/www.ankarsrum.com\/fr\/product\/embouts-a-saucisses-10-20-25-mm\/#breadcrumb\",\"itemListElement\":[{\"@type\":\"ListItem\",\"position\":1,\"name\":\"Home\",\"item\":\"https:\/\/www.ankarsrum.com\/fr\/\"},{\"@type\":\"ListItem\",\"position\":2,\"name\":\"Produce name\",\"item\":\"https:\/\/www.ankarsrum.com\/fr\/shop\/\"},{\"@type\":\"ListItem\",\"position\":3,\"name\":\"Embouts \u00e0 saucisses 10, 20, 25 mm\"}]},{\"@type\":\"WebSite\",\"@id\":\"https:\/\/www.ankarsrum.com\/fr\/#website\",\"url\":\"https:\/\/www.ankarsrum.com\/fr\/\",\"name\":\"Ankarsrum France\",\"description\":\"The bread of the world\",\"potentialAction\":[{\"@type\":\"SearchAction\",\"target\":{\"@type\":\"EntryPoint\",\"urlTemplate\":\"https:\/\/www.ankarsrum.com\/fr\/?s={search_term_string}\"},\"query-input\":{\"@type\":\"PropertyValueSpecification\",\"valueRequired\":true,\"valueName\":\"search_term_string\"}}],\"inLanguage\":\"fr-FR\"}]}<\/script>\n<!-- \/ Yoast SEO Premium plugin. -->","yoast_head_json":{"title":"Embouts \u00e0 saucisses 10, 20, 25 mm - Ankarsrum France","robots":{"index":"index","follow":"follow","max-snippet":"max-snippet:-1","max-image-preview":"max-image-preview:large","max-video-preview":"max-video-preview:-1"},"canonical":"https:\/\/www.ankarsrum.com\/fr\/product\/embouts-a-saucisses-10-20-25-mm\/","og_locale":"fr_FR","og_type":"article","og_title":"Embouts \u00e0 saucisses 10, 20, 25 mm","og_description":"Trois embouts \u00e0 saucisses diff\u00e9rents pour faire des hot dogs, des saucisses de m\u00e9nage, des saucissons...et pourquoi pas des saucisses de poisson?","og_url":"https:\/\/www.ankarsrum.com\/fr\/product\/embouts-a-saucisses-10-20-25-mm\/","og_site_name":"Ankarsrum France","article_modified_time":"2026-04-03T20:37:32+00:00","og_image":[{"width":1200,"height":630,"url":"https:\/\/www.ankarsrum.com\/fr\/wp-content\/uploads\/sites\/23\/2024\/09\/mincer-sausagehorns-scaled.jpg","type":"image\/jpeg"}],"twitter_card":"summary_large_image","schema":{"@context":"https:\/\/schema.org","@graph":[{"@type":"WebPage","@id":"https:\/\/www.ankarsrum.com\/fr\/product\/embouts-a-saucisses-10-20-25-mm\/","url":"https:\/\/www.ankarsrum.com\/fr\/product\/embouts-a-saucisses-10-20-25-mm\/","name":"Embouts \u00e0 saucisses 10, 20, 25 mm - Ankarsrum France","isPartOf":{"@id":"https:\/\/www.ankarsrum.com\/fr\/#website"},"primaryImageOfPage":{"@id":"https:\/\/www.ankarsrum.com\/fr\/product\/embouts-a-saucisses-10-20-25-mm\/#primaryimage"},"image":{"@id":"https:\/\/www.ankarsrum.com\/fr\/product\/embouts-a-saucisses-10-20-25-mm\/#primaryimage"},"thumbnailUrl":"https:\/\/www.ankarsrum.com\/img-srv\/WJXipO8Q1wfbY5h-niL3V5KNTYho7ymlJV9dXssw1tM\/resizing_type:auto\/width:0\/height:0\/gravity:sm\/enlarge:1\/ext:webp\/strip_metadata:1\/quality:90\/cachebuster:filesize-166075\/bG9jYWw6Ly8vd3d3LmFua2Fyc3J1bS5jb20vd3AtY29udGVudC91cGxvYWRzL3NpdGVzLzIzLzIwMjQvMDkvbWluY2VyLXNhdXNhZ2Vob3Jucy1zY2FsZWQuanBn.webp","datePublished":"2024-07-15T13:12:47+00:00","dateModified":"2026-04-03T20:37:32+00:00","breadcrumb":{"@id":"https:\/\/www.ankarsrum.com\/fr\/product\/embouts-a-saucisses-10-20-25-mm\/#breadcrumb"},"inLanguage":"fr-FR","potentialAction":[{"@type":"ReadAction","target":["https:\/\/www.ankarsrum.com\/fr\/product\/embouts-a-saucisses-10-20-25-mm\/"]}]},{"@type":"ImageObject","inLanguage":"fr-FR","@id":"https:\/\/www.ankarsrum.com\/fr\/product\/embouts-a-saucisses-10-20-25-mm\/#primaryimage","url":"https:\/\/www.ankarsrum.com\/img-srv\/WJXipO8Q1wfbY5h-niL3V5KNTYho7ymlJV9dXssw1tM\/resizing_type:auto\/width:0\/height:0\/gravity:sm\/enlarge:1\/ext:webp\/strip_metadata:1\/quality:90\/cachebuster:filesize-166075\/bG9jYWw6Ly8vd3d3LmFua2Fyc3J1bS5jb20vd3AtY29udGVudC91cGxvYWRzL3NpdGVzLzIzLzIwMjQvMDkvbWluY2VyLXNhdXNhZ2Vob3Jucy1zY2FsZWQuanBn.webp","contentUrl":"https:\/\/www.ankarsrum.com\/img-srv\/WJXipO8Q1wfbY5h-niL3V5KNTYho7ymlJV9dXssw1tM\/resizing_type:auto\/width:0\/height:0\/gravity:sm\/enlarge:1\/ext:webp\/strip_metadata:1\/quality:90\/cachebuster:filesize-166075\/bG9jYWw6Ly8vd3d3LmFua2Fyc3J1bS5jb20vd3AtY29udGVudC91cGxvYWRzL3NpdGVzLzIzLzIwMjQvMDkvbWluY2VyLXNhdXNhZ2Vob3Jucy1zY2FsZWQuanBn.webp","width":2560,"height":2560},{"@type":"BreadcrumbList","@id":"https:\/\/www.ankarsrum.com\/fr\/product\/embouts-a-saucisses-10-20-25-mm\/#breadcrumb","itemListElement":[{"@type":"ListItem","position":1,"name":"Home","item":"https:\/\/www.ankarsrum.com\/fr\/"},{"@type":"ListItem","position":2,"name":"Produce name","item":"https:\/\/www.ankarsrum.com\/fr\/shop\/"},{"@type":"ListItem","position":3,"name":"Embouts \u00e0 saucisses 10, 20, 25 mm"}]},{"@type":"WebSite","@id":"https:\/\/www.ankarsrum.com\/fr\/#website","url":"https:\/\/www.ankarsrum.com\/fr\/","name":"Ankarsrum France","description":"The bread of the world","potentialAction":[{"@type":"SearchAction","target":{"@type":"EntryPoint","urlTemplate":"https:\/\/www.ankarsrum.com\/fr\/?s={search_term_string}"},"query-input":{"@type":"PropertyValueSpecification","valueRequired":true,"valueName":"search_term_string"}}],"inLanguage":"fr-FR"}]}},"_links":{"self":[{"href":"https:\/\/www.ankarsrum.com\/fr\/wp-json\/wp\/v2\/product\/5157","targetHints":{"allow":["GET"]}}],"collection":[{"href":"https:\/\/www.ankarsrum.com\/fr\/wp-json\/wp\/v2\/product"}],"about":[{"href":"https:\/\/www.ankarsrum.com\/fr\/wp-json\/wp\/v2\/types\/product"}],"replies":[{"embeddable":true,"href":"https:\/\/www.ankarsrum.com\/fr\/wp-json\/wp\/v2\/comments?post=5157"}],"wp:featuredmedia":[{"embeddable":true,"href":"https:\/\/www.ankarsrum.com\/fr\/wp-json\/wp\/v2\/media\/10343"}],"wp:attachment":[{"href":"https:\/\/www.ankarsrum.com\/fr\/wp-json\/wp\/v2\/media?parent=5157"}],"wp:term":[{"taxonomy":"product_brand","embeddable":true,"href":"https:\/\/www.ankarsrum.com\/fr\/wp-json\/wp\/v2\/product_brand?post=5157"},{"taxonomy":"product_cat","embeddable":true,"href":"https:\/\/www.ankarsrum.com\/fr\/wp-json\/wp\/v2\/product_cat?post=5157"},{"taxonomy":"product_tag","embeddable":true,"href":"https:\/\/www.ankarsrum.com\/fr\/wp-json\/wp\/v2\/product_tag?post=5157"},{"taxonomy":"product-tag","embeddable":true,"href":"https:\/\/www.ankarsrum.com\/fr\/wp-json\/wp\/v2\/product-tag?post=5157"},{"taxonomy":"machines","embeddable":true,"href":"https:\/\/www.ankarsrum.com\/fr\/wp-json\/wp\/v2\/machines?post=5157"},{"taxonomy":"filter","embeddable":true,"href":"https:\/\/www.ankarsrum.com\/fr\/wp-json\/wp\/v2\/filter?post=5157"}],"curies":[{"name":"wp","href":"https:\/\/api.w.org\/{rel}","templated":true}]}}