{"id":5159,"date":"2024-07-15T15:37:53","date_gmt":"2024-07-15T13:37:53","guid":{"rendered":"https:\/\/www.ankarsrum.com\/fr\/product\/moulin-a-grains\/"},"modified":"2026-04-29T00:37:27","modified_gmt":"2026-04-28T22:37:27","slug":"moulin-a-grains","status":"publish","type":"product","link":"https:\/\/www.ankarsrum.com\/fr\/product\/moulin-a-grains\/","title":{"rendered":"Moulin \u00e0 grains"},"content":{"rendered":"<p><span>Avec le moulin \u00e0 grains Ankarsrum, vous pouvez profiter d&#039;ingr\u00e9dients fra\u00eechement moulus et aromatiques qui rehaussent vos p\u00e2tisseries, votre cuisine et vos boissons. Fixez le moulin \u00e0 votre Ankarsrum Assistent Original et broyez des c\u00e9r\u00e9ales, des grains de caf\u00e9 ou des herbes s\u00e9ch\u00e9es selon vos sp\u00e9cifications exactes.\u00a0<\/span><\/p>\n<p><span>Sa conception polyvalente vous permet de r\u00e9gler la mouture de grossi\u00e8re \u00e0 fine (0,25 &#8211; 0,45 mm) en tournant le bouton de commande dans le sens inverse des aiguilles d&#039;une montre pour une mouture grossi\u00e8re et dans le sens des aiguilles d&#039;une montre pour une mouture fine. Il est ainsi facile d&#039;adapter la mouture \u00e0 vos recettes pr\u00e9f\u00e9r\u00e9es, qu&#039;il s&#039;agisse de faire du pain ou de pr\u00e9parer du caf\u00e9. La tr\u00e9mie peut contenir jusqu&#039;\u00e0 1,25 kg d&#039;ingr\u00e9dients non moulus \u00e0 la fois.<\/span><\/p>\n<p><span>La farine fra\u00eeche donne \u00e0 votre pain une saveur plus riche et plus naturelle, tandis que le caf\u00e9 fra\u00eechement moulu rehausse chaque tasse. Mieux encore, vous savez exactement ce qui entre dans la composition de vos ingr\u00e9dients, ce qui vous permet de cuisiner et de faire des p\u00e2tisseries avec des ingr\u00e9dients de la plus haute qualit\u00e9.\u00a0<\/span><\/p>\n<p><span>Le moulin \u00e0 grains est con\u00e7u pour les ingr\u00e9dients secs uniquement.<\/span><\/p>\n<p><strong><span>Le moulin \u00e0 grains est compatible avec tous les mod\u00e8les Assistent Original &#8211; Type : N1-N30 \/ Type : N30 \/ Mod\u00e8le : AKM6230<\/span><\/strong><\/p>\n<p><span>Qu&#039;est-ce qui est inclus ?<\/span><\/p>\n<ul>\n<li><span>Bo\u00eetier du moulin<\/span><\/li>\n<li><span>Tr\u00e9mie<\/span><\/li>\n<\/ul>","protected":false},"excerpt":{"rendered":"<p><span>Moulez vos propres ingr\u00e9dients secs et contr\u00f4lez totalement la texture ! Le moulin \u00e0 grains Ankarsrum permet de moudre facilement tous les ingr\u00e9dients, des c\u00e9r\u00e9ales aux \u00e9pices en passant par les grains de caf\u00e9 et les noix. R\u00e9glez la mouture en fonction de vos besoins et profitez d&#039;ingr\u00e9dients frais et savoureux \u00e0 la maison. <\/span><\/p>\n","protected":false},"featured_media":10488,"comment_status":"open","ping_status":"closed","template":"","meta":{"_acf_changed":false,"content-type":"","editor_notices":[]},"product_brand":[],"product_cat":[139],"product_tag":[],"product-tag":[],"machines":[],"filter":[242],"class_list":{"0":"post-5159","1":"product","2":"type-product","3":"status-publish","4":"has-post-thumbnail","6":"product_cat-accessoires","7":"filter-patisserie","9":"first","10":"instock","11":"taxable","12":"shipping-taxable","13":"purchasable","14":"product-type-simple"},"bundled_by":[],"bundle_stock_status":"instock","bundle_stock_quantity":null,"bundle_virtual":false,"bundle_layout":"","bundle_add_to_cart_form_location":"","bundle_editable_in_cart":false,"bundle_sold_individually_context":"","bundle_item_grouping":"","bundle_min_size":"","bundle_max_size":"","bundle_price":[],"bundled_items":[],"bundle_sell_ids":[],"acf":[],"yoast_head":"<!-- This site is optimized with the Yoast SEO Premium plugin v26.6 (Yoast SEO v26.6) - https:\/\/yoast.com\/wordpress\/plugins\/seo\/ -->\n<title>Moulin \u00e0 grains - Ankarsrum France<\/title>\n<meta name=\"robots\" content=\"index, follow, max-snippet:-1, max-image-preview:large, max-video-preview:-1\" \/>\n<link rel=\"canonical\" href=\"https:\/\/www.ankarsrum.com\/fr\/product\/moulin-a-grains\/\" \/>\n<meta property=\"og:locale\" content=\"fr_FR\" \/>\n<meta property=\"og:type\" content=\"article\" \/>\n<meta property=\"og:title\" content=\"Moulin \u00e0 grains\" \/>\n<meta property=\"og:description\" content=\"Moulez vos propres ingr\u00e9dients secs et contr\u00f4lez totalement la texture ! Le moulin \u00e0 grains Ankarsrum permet de moudre facilement tous les ingr\u00e9dients, des c\u00e9r\u00e9ales aux \u00e9pices en passant par les grains de caf\u00e9 et les noix. R\u00e9glez la mouture en fonction de vos besoins et profitez d&#039;ingr\u00e9dients frais et savoureux \u00e0 la maison.\" \/>\n<meta property=\"og:url\" content=\"https:\/\/www.ankarsrum.com\/fr\/product\/moulin-a-grains\/\" \/>\n<meta property=\"og:site_name\" content=\"Ankarsrum France\" \/>\n<meta property=\"article:modified_time\" content=\"2026-04-28T22:37:27+00:00\" \/>\n<meta property=\"og:image\" content=\"https:\/\/www.ankarsrum.com\/fr\/wp-content\/uploads\/sites\/23\/2024\/09\/grain-mill.jpg\" \/>\n\t<meta property=\"og:image:width\" content=\"1200\" \/>\n\t<meta property=\"og:image:height\" content=\"630\" \/>\n\t<meta property=\"og:image:type\" content=\"image\/jpeg\" \/>\n<meta name=\"twitter:card\" content=\"summary_large_image\" \/>\n<meta name=\"twitter:label1\" content=\"Dur\u00e9e de lecture estim\u00e9e\" \/>\n\t<meta name=\"twitter:data1\" content=\"2 minutes\" \/>\n<script type=\"application\/ld+json\" class=\"yoast-schema-graph\">{\"@context\":\"https:\/\/schema.org\",\"@graph\":[{\"@type\":\"WebPage\",\"@id\":\"https:\/\/www.ankarsrum.com\/fr\/product\/moulin-a-grains\/\",\"url\":\"https:\/\/www.ankarsrum.com\/fr\/product\/moulin-a-grains\/\",\"name\":\"Moulin \u00e0 grains - Ankarsrum France\",\"isPartOf\":{\"@id\":\"https:\/\/www.ankarsrum.com\/fr\/#website\"},\"primaryImageOfPage\":{\"@id\":\"https:\/\/www.ankarsrum.com\/fr\/product\/moulin-a-grains\/#primaryimage\"},\"image\":{\"@id\":\"https:\/\/www.ankarsrum.com\/fr\/product\/moulin-a-grains\/#primaryimage\"},\"thumbnailUrl\":\"https:\/\/www.ankarsrum.com\/img-srv\/DFJUoO-LBHrVRIASp5C397lLwrwgscBBTF8UPGdtT4Q\/resizing_type:auto\/width:0\/height:0\/gravity:sm\/enlarge:1\/ext:webp\/strip_metadata:1\/quality:90\/cachebuster:filesize-77435\/bG9jYWw6Ly8vd3d3LmFua2Fyc3J1bS5jb20vd3AtY29udGVudC91cGxvYWRzL3NpdGVzLzIzLzIwMjQvMDkvZ3JhaW4tbWlsbC5qcGc.webp\",\"datePublished\":\"2024-07-15T13:37:53+00:00\",\"dateModified\":\"2026-04-28T22:37:27+00:00\",\"breadcrumb\":{\"@id\":\"https:\/\/www.ankarsrum.com\/fr\/product\/moulin-a-grains\/#breadcrumb\"},\"inLanguage\":\"fr-FR\",\"potentialAction\":[{\"@type\":\"ReadAction\",\"target\":[\"https:\/\/www.ankarsrum.com\/fr\/product\/moulin-a-grains\/\"]}]},{\"@type\":\"ImageObject\",\"inLanguage\":\"fr-FR\",\"@id\":\"https:\/\/www.ankarsrum.com\/fr\/product\/moulin-a-grains\/#primaryimage\",\"url\":\"https:\/\/www.ankarsrum.com\/img-srv\/DFJUoO-LBHrVRIASp5C397lLwrwgscBBTF8UPGdtT4Q\/resizing_type:auto\/width:0\/height:0\/gravity:sm\/enlarge:1\/ext:webp\/strip_metadata:1\/quality:90\/cachebuster:filesize-77435\/bG9jYWw6Ly8vd3d3LmFua2Fyc3J1bS5jb20vd3AtY29udGVudC91cGxvYWRzL3NpdGVzLzIzLzIwMjQvMDkvZ3JhaW4tbWlsbC5qcGc.webp\",\"contentUrl\":\"https:\/\/www.ankarsrum.com\/img-srv\/DFJUoO-LBHrVRIASp5C397lLwrwgscBBTF8UPGdtT4Q\/resizing_type:auto\/width:0\/height:0\/gravity:sm\/enlarge:1\/ext:webp\/strip_metadata:1\/quality:90\/cachebuster:filesize-77435\/bG9jYWw6Ly8vd3d3LmFua2Fyc3J1bS5jb20vd3AtY29udGVudC91cGxvYWRzL3NpdGVzLzIzLzIwMjQvMDkvZ3JhaW4tbWlsbC5qcGc.webp\",\"width\":2000,\"height\":2000},{\"@type\":\"BreadcrumbList\",\"@id\":\"https:\/\/www.ankarsrum.com\/fr\/product\/moulin-a-grains\/#breadcrumb\",\"itemListElement\":[{\"@type\":\"ListItem\",\"position\":1,\"name\":\"Home\",\"item\":\"https:\/\/www.ankarsrum.com\/fr\/\"},{\"@type\":\"ListItem\",\"position\":2,\"name\":\"Produce name\",\"item\":\"https:\/\/www.ankarsrum.com\/fr\/shop\/\"},{\"@type\":\"ListItem\",\"position\":3,\"name\":\"Moulin \u00e0 grains\"}]},{\"@type\":\"WebSite\",\"@id\":\"https:\/\/www.ankarsrum.com\/fr\/#website\",\"url\":\"https:\/\/www.ankarsrum.com\/fr\/\",\"name\":\"Ankarsrum France\",\"description\":\"The bread of the world\",\"potentialAction\":[{\"@type\":\"SearchAction\",\"target\":{\"@type\":\"EntryPoint\",\"urlTemplate\":\"https:\/\/www.ankarsrum.com\/fr\/?s={search_term_string}\"},\"query-input\":{\"@type\":\"PropertyValueSpecification\",\"valueRequired\":true,\"valueName\":\"search_term_string\"}}],\"inLanguage\":\"fr-FR\"}]}<\/script>\n<!-- \/ Yoast SEO Premium plugin. -->","yoast_head_json":{"title":"Moulin \u00e0 grains - Ankarsrum France","robots":{"index":"index","follow":"follow","max-snippet":"max-snippet:-1","max-image-preview":"max-image-preview:large","max-video-preview":"max-video-preview:-1"},"canonical":"https:\/\/www.ankarsrum.com\/fr\/product\/moulin-a-grains\/","og_locale":"fr_FR","og_type":"article","og_title":"Moulin \u00e0 grains","og_description":"Moulez vos propres ingr\u00e9dients secs et contr\u00f4lez totalement la texture ! Le moulin \u00e0 grains Ankarsrum permet de moudre facilement tous les ingr\u00e9dients, des c\u00e9r\u00e9ales aux \u00e9pices en passant par les grains de caf\u00e9 et les noix. R\u00e9glez la mouture en fonction de vos besoins et profitez d&#039;ingr\u00e9dients frais et savoureux \u00e0 la maison.","og_url":"https:\/\/www.ankarsrum.com\/fr\/product\/moulin-a-grains\/","og_site_name":"Ankarsrum France","article_modified_time":"2026-04-28T22:37:27+00:00","og_image":[{"width":1200,"height":630,"url":"https:\/\/www.ankarsrum.com\/fr\/wp-content\/uploads\/sites\/23\/2024\/09\/grain-mill.jpg","type":"image\/jpeg"}],"twitter_card":"summary_large_image","twitter_misc":{"Dur\u00e9e de lecture estim\u00e9e":"2 minutes"},"schema":{"@context":"https:\/\/schema.org","@graph":[{"@type":"WebPage","@id":"https:\/\/www.ankarsrum.com\/fr\/product\/moulin-a-grains\/","url":"https:\/\/www.ankarsrum.com\/fr\/product\/moulin-a-grains\/","name":"Moulin \u00e0 grains - Ankarsrum France","isPartOf":{"@id":"https:\/\/www.ankarsrum.com\/fr\/#website"},"primaryImageOfPage":{"@id":"https:\/\/www.ankarsrum.com\/fr\/product\/moulin-a-grains\/#primaryimage"},"image":{"@id":"https:\/\/www.ankarsrum.com\/fr\/product\/moulin-a-grains\/#primaryimage"},"thumbnailUrl":"https:\/\/www.ankarsrum.com\/img-srv\/DFJUoO-LBHrVRIASp5C397lLwrwgscBBTF8UPGdtT4Q\/resizing_type:auto\/width:0\/height:0\/gravity:sm\/enlarge:1\/ext:webp\/strip_metadata:1\/quality:90\/cachebuster:filesize-77435\/bG9jYWw6Ly8vd3d3LmFua2Fyc3J1bS5jb20vd3AtY29udGVudC91cGxvYWRzL3NpdGVzLzIzLzIwMjQvMDkvZ3JhaW4tbWlsbC5qcGc.webp","datePublished":"2024-07-15T13:37:53+00:00","dateModified":"2026-04-28T22:37:27+00:00","breadcrumb":{"@id":"https:\/\/www.ankarsrum.com\/fr\/product\/moulin-a-grains\/#breadcrumb"},"inLanguage":"fr-FR","potentialAction":[{"@type":"ReadAction","target":["https:\/\/www.ankarsrum.com\/fr\/product\/moulin-a-grains\/"]}]},{"@type":"ImageObject","inLanguage":"fr-FR","@id":"https:\/\/www.ankarsrum.com\/fr\/product\/moulin-a-grains\/#primaryimage","url":"https:\/\/www.ankarsrum.com\/img-srv\/DFJUoO-LBHrVRIASp5C397lLwrwgscBBTF8UPGdtT4Q\/resizing_type:auto\/width:0\/height:0\/gravity:sm\/enlarge:1\/ext:webp\/strip_metadata:1\/quality:90\/cachebuster:filesize-77435\/bG9jYWw6Ly8vd3d3LmFua2Fyc3J1bS5jb20vd3AtY29udGVudC91cGxvYWRzL3NpdGVzLzIzLzIwMjQvMDkvZ3JhaW4tbWlsbC5qcGc.webp","contentUrl":"https:\/\/www.ankarsrum.com\/img-srv\/DFJUoO-LBHrVRIASp5C397lLwrwgscBBTF8UPGdtT4Q\/resizing_type:auto\/width:0\/height:0\/gravity:sm\/enlarge:1\/ext:webp\/strip_metadata:1\/quality:90\/cachebuster:filesize-77435\/bG9jYWw6Ly8vd3d3LmFua2Fyc3J1bS5jb20vd3AtY29udGVudC91cGxvYWRzL3NpdGVzLzIzLzIwMjQvMDkvZ3JhaW4tbWlsbC5qcGc.webp","width":2000,"height":2000},{"@type":"BreadcrumbList","@id":"https:\/\/www.ankarsrum.com\/fr\/product\/moulin-a-grains\/#breadcrumb","itemListElement":[{"@type":"ListItem","position":1,"name":"Home","item":"https:\/\/www.ankarsrum.com\/fr\/"},{"@type":"ListItem","position":2,"name":"Produce name","item":"https:\/\/www.ankarsrum.com\/fr\/shop\/"},{"@type":"ListItem","position":3,"name":"Moulin \u00e0 grains"}]},{"@type":"WebSite","@id":"https:\/\/www.ankarsrum.com\/fr\/#website","url":"https:\/\/www.ankarsrum.com\/fr\/","name":"Ankarsrum France","description":"The bread of the world","potentialAction":[{"@type":"SearchAction","target":{"@type":"EntryPoint","urlTemplate":"https:\/\/www.ankarsrum.com\/fr\/?s={search_term_string}"},"query-input":{"@type":"PropertyValueSpecification","valueRequired":true,"valueName":"search_term_string"}}],"inLanguage":"fr-FR"}]}},"_links":{"self":[{"href":"https:\/\/www.ankarsrum.com\/fr\/wp-json\/wp\/v2\/product\/5159","targetHints":{"allow":["GET"]}}],"collection":[{"href":"https:\/\/www.ankarsrum.com\/fr\/wp-json\/wp\/v2\/product"}],"about":[{"href":"https:\/\/www.ankarsrum.com\/fr\/wp-json\/wp\/v2\/types\/product"}],"replies":[{"embeddable":true,"href":"https:\/\/www.ankarsrum.com\/fr\/wp-json\/wp\/v2\/comments?post=5159"}],"wp:featuredmedia":[{"embeddable":true,"href":"https:\/\/www.ankarsrum.com\/fr\/wp-json\/wp\/v2\/media\/10488"}],"wp:attachment":[{"href":"https:\/\/www.ankarsrum.com\/fr\/wp-json\/wp\/v2\/media?parent=5159"}],"wp:term":[{"taxonomy":"product_brand","embeddable":true,"href":"https:\/\/www.ankarsrum.com\/fr\/wp-json\/wp\/v2\/product_brand?post=5159"},{"taxonomy":"product_cat","embeddable":true,"href":"https:\/\/www.ankarsrum.com\/fr\/wp-json\/wp\/v2\/product_cat?post=5159"},{"taxonomy":"product_tag","embeddable":true,"href":"https:\/\/www.ankarsrum.com\/fr\/wp-json\/wp\/v2\/product_tag?post=5159"},{"taxonomy":"product-tag","embeddable":true,"href":"https:\/\/www.ankarsrum.com\/fr\/wp-json\/wp\/v2\/product-tag?post=5159"},{"taxonomy":"machines","embeddable":true,"href":"https:\/\/www.ankarsrum.com\/fr\/wp-json\/wp\/v2\/machines?post=5159"},{"taxonomy":"filter","embeddable":true,"href":"https:\/\/www.ankarsrum.com\/fr\/wp-json\/wp\/v2\/filter?post=5159"}],"curies":[{"name":"wp","href":"https:\/\/api.w.org\/{rel}","templated":true}]}}