{"id":5166,"date":"2024-07-16T08:45:46","date_gmt":"2024-07-16T06:45:46","guid":{"rendered":"https:\/\/www.ankarsrum.com\/fr\/product\/hachoir-pack-basic\/"},"modified":"2026-04-16T23:42:38","modified_gmt":"2026-04-16T21:42:38","slug":"hachoir-pack-basic","status":"publish","type":"product","link":"https:\/\/www.ankarsrum.com\/fr\/product\/hachoir-pack-basic\/","title":{"rendered":"Hachoir Pack Basic"},"content":{"rendered":"<p class=\"MsoNormal\"><span style=\"mso-ansi-language: FR;\">Le hachoir Ankarsrum vous permet de s\u00e9lectionner votre hachage personnalis\u00e9 pr\u00e9f\u00e9r\u00e9 pour la viande, la volaille, le poisson et les l\u00e9gumineuses, id\u00e9al pour tout ce qui concerne les saucisses, les hamburgers et les falafels. Le moteur puissant de l&#039;Assistent Original hache rapidement et sans \u00e0-coups de petites \u00e0 grandes quantit\u00e9s.<\/span><\/p>\n<p class=\"MsoNormal\"><span style=\"mso-ansi-language: FR;\">Fabriqu\u00e9 en Su\u00e8de selon les normes de qualit\u00e9 les plus strictes, ce pack de base du hachoir comprend un hachoir, trois embouts \u00e0 saucisses (10\/20\/25 mm), un plateau d&#039;alimentation, un bouchon d&#039;alimentation, un disque \u00e0 trous (4,5 mm) et une protection contre les \u00e9claboussures. En outre, trois disques \u00e0 trous suppl\u00e9mentaires sont disponibles \u00e0 l&#039;achat pour diff\u00e9rents degr\u00e9s de broyage.<\/span><\/p>\n<p class=\"MsoNormal\"><span style=\"mso-ansi-language: FR;\">La pack Basic Hachoir Ankarsrum vous permet de contr\u00f4ler la texture de vos steak hach\u00e9s, saucisses, falafels et autres.<\/span><\/p>\n<p class=\"MsoNormal\"><strong><span style=\"mso-ansi-language: FR;\">Le pack hachoir de base est compatible avec tous les mod\u00e8les Assistent Original &#8211; Type\u00a0: N1-N30 | Type\u00a0: N30 \/ Mod\u00e8le\u00a0: AKM6230<\/span><\/strong><\/p>\n<p class=\"MsoNormal\"><span style=\"mso-ansi-language: FR;\">Que contient-il\u00a0?<\/span><\/p>\n<ul>\n<li class=\"MsoNormal\"><span style=\"mso-ansi-language: FR;\">Bo\u00eetier du hachoir avec vis sans fin<\/span><\/li>\n<li class=\"MsoNormal\"><span style=\"mso-ansi-language: FR;\">Couteau \u00e0 4 lames<\/span><\/li>\n<li class=\"MsoNormal\"><span style=\"mso-ansi-language: FR;\">3 embouts \u00e0 saucisse (10\/20\/25 mm)<\/span><\/li>\n<li class=\"MsoNormal\"><span style=\"mso-ansi-language: FR;\">Plateau d&#039;alimentation<\/span><\/li>\n<li class=\"MsoNormal\"><span style=\"mso-ansi-language: FR;\">Poussoir d&#039;alimentation<\/span><\/li>\n<li class=\"MsoNormal\"><span style=\"mso-ansi-language: FR;\">Disque \u00e0 trous de 4,5 mm<\/span><\/li>\n<li class=\"MsoNormal\"><span style=\"mso-ansi-language: FR;\">Protection anti-\u00e9claboussures<\/span><\/li>\n<\/ul>","protected":false},"excerpt":{"rendered":"<p class=\"MsoNormal\"><span style=\"mso-ansi-language: FR;\">Faites passer votre cuisine au niveau sup\u00e9rieur avec le pack de base Hachoir Ankarsrum ! Pr\u00e9parez tout, des hamburgers juteux aux saucisses maison en passant par des plats v\u00e9g\u00e9tariens. Gr\u00e2ce au moteur puissant de l&#039;Assistent Original, ce hachoir deviendra rapidement votre accessoire de pr\u00e9dilection pour toutes les recettes o\u00f9 le hachage des viandes ou des l\u00e9gumes est essentiel \u00e0 la cr\u00e9ation d&#039;un plat savoureux.<\/span><\/p>\n","protected":false},"featured_media":10520,"comment_status":"open","ping_status":"closed","template":"","meta":{"_acf_changed":false,"content-type":"","editor_notices":[]},"product_brand":[],"product_cat":[139],"product_tag":[],"product-tag":[],"machines":[],"filter":[247,241],"class_list":{"0":"post-5166","1":"product","2":"type-product","3":"status-publish","4":"has-post-thumbnail","6":"product_cat-accessoires","7":"filter-pates","8":"filter-plats","10":"first","11":"instock","12":"taxable","13":"shipping-taxable","14":"purchasable","15":"product-type-simple"},"bundled_by":[],"bundle_stock_status":"instock","bundle_stock_quantity":null,"bundle_virtual":false,"bundle_layout":"","bundle_add_to_cart_form_location":"","bundle_editable_in_cart":false,"bundle_sold_individually_context":"","bundle_item_grouping":"","bundle_min_size":"","bundle_max_size":"","bundle_price":[],"bundled_items":[],"bundle_sell_ids":[],"acf":[],"yoast_head":"<!-- This site is optimized with the Yoast SEO Premium plugin v26.6 (Yoast SEO v26.6) - https:\/\/yoast.com\/wordpress\/plugins\/seo\/ -->\n<title>Hachoir Pack Basic - Ankarsrum France<\/title>\n<meta name=\"robots\" content=\"index, follow, max-snippet:-1, max-image-preview:large, max-video-preview:-1\" \/>\n<link rel=\"canonical\" href=\"https:\/\/www.ankarsrum.com\/fr\/product\/hachoir-pack-basic\/\" \/>\n<meta property=\"og:locale\" content=\"fr_FR\" \/>\n<meta property=\"og:type\" content=\"article\" \/>\n<meta property=\"og:title\" content=\"Hachoir Pack Basic\" \/>\n<meta property=\"og:description\" content=\"Faites passer votre cuisine au niveau sup\u00e9rieur avec le pack de base Hachoir Ankarsrum ! Pr\u00e9parez tout, des hamburgers juteux aux saucisses maison en passant par des plats v\u00e9g\u00e9tariens. Gr\u00e2ce au moteur puissant de l&#039;Assistent Original, ce hachoir deviendra rapidement votre accessoire de pr\u00e9dilection pour toutes les recettes o\u00f9 le hachage des viandes ou des l\u00e9gumes est essentiel \u00e0 la cr\u00e9ation d&#039;un plat savoureux.\" \/>\n<meta property=\"og:url\" content=\"https:\/\/www.ankarsrum.com\/fr\/product\/hachoir-pack-basic\/\" \/>\n<meta property=\"og:site_name\" content=\"Ankarsrum France\" \/>\n<meta property=\"article:modified_time\" content=\"2026-04-16T21:42:38+00:00\" \/>\n<meta property=\"og:image\" content=\"https:\/\/www.ankarsrum.com\/fr\/wp-content\/uploads\/sites\/23\/2024\/09\/mincer-basic.jpg\" \/>\n\t<meta property=\"og:image:width\" content=\"1080\" \/>\n\t<meta property=\"og:image:height\" content=\"630\" \/>\n\t<meta property=\"og:image:type\" content=\"image\/jpeg\" \/>\n<meta name=\"twitter:card\" content=\"summary_large_image\" \/>\n<meta name=\"twitter:label1\" content=\"Dur\u00e9e de lecture estim\u00e9e\" \/>\n\t<meta name=\"twitter:data1\" content=\"1 minute\" \/>\n<script type=\"application\/ld+json\" class=\"yoast-schema-graph\">{\"@context\":\"https:\/\/schema.org\",\"@graph\":[{\"@type\":\"WebPage\",\"@id\":\"https:\/\/www.ankarsrum.com\/fr\/product\/hachoir-pack-basic\/\",\"url\":\"https:\/\/www.ankarsrum.com\/fr\/product\/hachoir-pack-basic\/\",\"name\":\"Hachoir Pack Basic - Ankarsrum France\",\"isPartOf\":{\"@id\":\"https:\/\/www.ankarsrum.com\/fr\/#website\"},\"primaryImageOfPage\":{\"@id\":\"https:\/\/www.ankarsrum.com\/fr\/product\/hachoir-pack-basic\/#primaryimage\"},\"image\":{\"@id\":\"https:\/\/www.ankarsrum.com\/fr\/product\/hachoir-pack-basic\/#primaryimage\"},\"thumbnailUrl\":\"https:\/\/www.ankarsrum.com\/img-srv\/qcOVxsyumcnyvQMmtc_yCiYmr-zFSlZMdxGqHgwGWWs\/resizing_type:auto\/width:0\/height:0\/gravity:sm\/enlarge:1\/ext:webp\/strip_metadata:1\/quality:90\/cachebuster:filesize-64568\/bG9jYWw6Ly8vd3d3LmFua2Fyc3J1bS5jb20vd3AtY29udGVudC91cGxvYWRzL3NpdGVzLzIzLzIwMjQvMDkvbWluY2VyLWJhc2ljLmpwZw.webp\",\"datePublished\":\"2024-07-16T06:45:46+00:00\",\"dateModified\":\"2026-04-16T21:42:38+00:00\",\"breadcrumb\":{\"@id\":\"https:\/\/www.ankarsrum.com\/fr\/product\/hachoir-pack-basic\/#breadcrumb\"},\"inLanguage\":\"fr-FR\",\"potentialAction\":[{\"@type\":\"ReadAction\",\"target\":[\"https:\/\/www.ankarsrum.com\/fr\/product\/hachoir-pack-basic\/\"]}]},{\"@type\":\"ImageObject\",\"inLanguage\":\"fr-FR\",\"@id\":\"https:\/\/www.ankarsrum.com\/fr\/product\/hachoir-pack-basic\/#primaryimage\",\"url\":\"https:\/\/www.ankarsrum.com\/img-srv\/qcOVxsyumcnyvQMmtc_yCiYmr-zFSlZMdxGqHgwGWWs\/resizing_type:auto\/width:0\/height:0\/gravity:sm\/enlarge:1\/ext:webp\/strip_metadata:1\/quality:90\/cachebuster:filesize-64568\/bG9jYWw6Ly8vd3d3LmFua2Fyc3J1bS5jb20vd3AtY29udGVudC91cGxvYWRzL3NpdGVzLzIzLzIwMjQvMDkvbWluY2VyLWJhc2ljLmpwZw.webp\",\"contentUrl\":\"https:\/\/www.ankarsrum.com\/img-srv\/qcOVxsyumcnyvQMmtc_yCiYmr-zFSlZMdxGqHgwGWWs\/resizing_type:auto\/width:0\/height:0\/gravity:sm\/enlarge:1\/ext:webp\/strip_metadata:1\/quality:90\/cachebuster:filesize-64568\/bG9jYWw6Ly8vd3d3LmFua2Fyc3J1bS5jb20vd3AtY29udGVudC91cGxvYWRzL3NpdGVzLzIzLzIwMjQvMDkvbWluY2VyLWJhc2ljLmpwZw.webp\",\"width\":1080,\"height\":1080},{\"@type\":\"BreadcrumbList\",\"@id\":\"https:\/\/www.ankarsrum.com\/fr\/product\/hachoir-pack-basic\/#breadcrumb\",\"itemListElement\":[{\"@type\":\"ListItem\",\"position\":1,\"name\":\"Home\",\"item\":\"https:\/\/www.ankarsrum.com\/fr\/\"},{\"@type\":\"ListItem\",\"position\":2,\"name\":\"Produce name\",\"item\":\"https:\/\/www.ankarsrum.com\/fr\/shop\/\"},{\"@type\":\"ListItem\",\"position\":3,\"name\":\"Hachoir Pack Basic\"}]},{\"@type\":\"WebSite\",\"@id\":\"https:\/\/www.ankarsrum.com\/fr\/#website\",\"url\":\"https:\/\/www.ankarsrum.com\/fr\/\",\"name\":\"Ankarsrum France\",\"description\":\"The bread of the world\",\"potentialAction\":[{\"@type\":\"SearchAction\",\"target\":{\"@type\":\"EntryPoint\",\"urlTemplate\":\"https:\/\/www.ankarsrum.com\/fr\/?s={search_term_string}\"},\"query-input\":{\"@type\":\"PropertyValueSpecification\",\"valueRequired\":true,\"valueName\":\"search_term_string\"}}],\"inLanguage\":\"fr-FR\"}]}<\/script>\n<!-- \/ Yoast SEO Premium plugin. -->","yoast_head_json":{"title":"Hachoir Pack Basic - Ankarsrum France","robots":{"index":"index","follow":"follow","max-snippet":"max-snippet:-1","max-image-preview":"max-image-preview:large","max-video-preview":"max-video-preview:-1"},"canonical":"https:\/\/www.ankarsrum.com\/fr\/product\/hachoir-pack-basic\/","og_locale":"fr_FR","og_type":"article","og_title":"Hachoir Pack Basic","og_description":"Faites passer votre cuisine au niveau sup\u00e9rieur avec le pack de base Hachoir Ankarsrum ! Pr\u00e9parez tout, des hamburgers juteux aux saucisses maison en passant par des plats v\u00e9g\u00e9tariens. Gr\u00e2ce au moteur puissant de l&#039;Assistent Original, ce hachoir deviendra rapidement votre accessoire de pr\u00e9dilection pour toutes les recettes o\u00f9 le hachage des viandes ou des l\u00e9gumes est essentiel \u00e0 la cr\u00e9ation d&#039;un plat savoureux.","og_url":"https:\/\/www.ankarsrum.com\/fr\/product\/hachoir-pack-basic\/","og_site_name":"Ankarsrum France","article_modified_time":"2026-04-16T21:42:38+00:00","og_image":[{"width":1080,"height":630,"url":"https:\/\/www.ankarsrum.com\/fr\/wp-content\/uploads\/sites\/23\/2024\/09\/mincer-basic.jpg","type":"image\/jpeg"}],"twitter_card":"summary_large_image","twitter_misc":{"Dur\u00e9e de lecture estim\u00e9e":"1 minute"},"schema":{"@context":"https:\/\/schema.org","@graph":[{"@type":"WebPage","@id":"https:\/\/www.ankarsrum.com\/fr\/product\/hachoir-pack-basic\/","url":"https:\/\/www.ankarsrum.com\/fr\/product\/hachoir-pack-basic\/","name":"Hachoir Pack Basic - Ankarsrum France","isPartOf":{"@id":"https:\/\/www.ankarsrum.com\/fr\/#website"},"primaryImageOfPage":{"@id":"https:\/\/www.ankarsrum.com\/fr\/product\/hachoir-pack-basic\/#primaryimage"},"image":{"@id":"https:\/\/www.ankarsrum.com\/fr\/product\/hachoir-pack-basic\/#primaryimage"},"thumbnailUrl":"https:\/\/www.ankarsrum.com\/img-srv\/qcOVxsyumcnyvQMmtc_yCiYmr-zFSlZMdxGqHgwGWWs\/resizing_type:auto\/width:0\/height:0\/gravity:sm\/enlarge:1\/ext:webp\/strip_metadata:1\/quality:90\/cachebuster:filesize-64568\/bG9jYWw6Ly8vd3d3LmFua2Fyc3J1bS5jb20vd3AtY29udGVudC91cGxvYWRzL3NpdGVzLzIzLzIwMjQvMDkvbWluY2VyLWJhc2ljLmpwZw.webp","datePublished":"2024-07-16T06:45:46+00:00","dateModified":"2026-04-16T21:42:38+00:00","breadcrumb":{"@id":"https:\/\/www.ankarsrum.com\/fr\/product\/hachoir-pack-basic\/#breadcrumb"},"inLanguage":"fr-FR","potentialAction":[{"@type":"ReadAction","target":["https:\/\/www.ankarsrum.com\/fr\/product\/hachoir-pack-basic\/"]}]},{"@type":"ImageObject","inLanguage":"fr-FR","@id":"https:\/\/www.ankarsrum.com\/fr\/product\/hachoir-pack-basic\/#primaryimage","url":"https:\/\/www.ankarsrum.com\/img-srv\/qcOVxsyumcnyvQMmtc_yCiYmr-zFSlZMdxGqHgwGWWs\/resizing_type:auto\/width:0\/height:0\/gravity:sm\/enlarge:1\/ext:webp\/strip_metadata:1\/quality:90\/cachebuster:filesize-64568\/bG9jYWw6Ly8vd3d3LmFua2Fyc3J1bS5jb20vd3AtY29udGVudC91cGxvYWRzL3NpdGVzLzIzLzIwMjQvMDkvbWluY2VyLWJhc2ljLmpwZw.webp","contentUrl":"https:\/\/www.ankarsrum.com\/img-srv\/qcOVxsyumcnyvQMmtc_yCiYmr-zFSlZMdxGqHgwGWWs\/resizing_type:auto\/width:0\/height:0\/gravity:sm\/enlarge:1\/ext:webp\/strip_metadata:1\/quality:90\/cachebuster:filesize-64568\/bG9jYWw6Ly8vd3d3LmFua2Fyc3J1bS5jb20vd3AtY29udGVudC91cGxvYWRzL3NpdGVzLzIzLzIwMjQvMDkvbWluY2VyLWJhc2ljLmpwZw.webp","width":1080,"height":1080},{"@type":"BreadcrumbList","@id":"https:\/\/www.ankarsrum.com\/fr\/product\/hachoir-pack-basic\/#breadcrumb","itemListElement":[{"@type":"ListItem","position":1,"name":"Home","item":"https:\/\/www.ankarsrum.com\/fr\/"},{"@type":"ListItem","position":2,"name":"Produce name","item":"https:\/\/www.ankarsrum.com\/fr\/shop\/"},{"@type":"ListItem","position":3,"name":"Hachoir Pack Basic"}]},{"@type":"WebSite","@id":"https:\/\/www.ankarsrum.com\/fr\/#website","url":"https:\/\/www.ankarsrum.com\/fr\/","name":"Ankarsrum France","description":"The bread of the world","potentialAction":[{"@type":"SearchAction","target":{"@type":"EntryPoint","urlTemplate":"https:\/\/www.ankarsrum.com\/fr\/?s={search_term_string}"},"query-input":{"@type":"PropertyValueSpecification","valueRequired":true,"valueName":"search_term_string"}}],"inLanguage":"fr-FR"}]}},"_links":{"self":[{"href":"https:\/\/www.ankarsrum.com\/fr\/wp-json\/wp\/v2\/product\/5166","targetHints":{"allow":["GET"]}}],"collection":[{"href":"https:\/\/www.ankarsrum.com\/fr\/wp-json\/wp\/v2\/product"}],"about":[{"href":"https:\/\/www.ankarsrum.com\/fr\/wp-json\/wp\/v2\/types\/product"}],"replies":[{"embeddable":true,"href":"https:\/\/www.ankarsrum.com\/fr\/wp-json\/wp\/v2\/comments?post=5166"}],"wp:featuredmedia":[{"embeddable":true,"href":"https:\/\/www.ankarsrum.com\/fr\/wp-json\/wp\/v2\/media\/10520"}],"wp:attachment":[{"href":"https:\/\/www.ankarsrum.com\/fr\/wp-json\/wp\/v2\/media?parent=5166"}],"wp:term":[{"taxonomy":"product_brand","embeddable":true,"href":"https:\/\/www.ankarsrum.com\/fr\/wp-json\/wp\/v2\/product_brand?post=5166"},{"taxonomy":"product_cat","embeddable":true,"href":"https:\/\/www.ankarsrum.com\/fr\/wp-json\/wp\/v2\/product_cat?post=5166"},{"taxonomy":"product_tag","embeddable":true,"href":"https:\/\/www.ankarsrum.com\/fr\/wp-json\/wp\/v2\/product_tag?post=5166"},{"taxonomy":"product-tag","embeddable":true,"href":"https:\/\/www.ankarsrum.com\/fr\/wp-json\/wp\/v2\/product-tag?post=5166"},{"taxonomy":"machines","embeddable":true,"href":"https:\/\/www.ankarsrum.com\/fr\/wp-json\/wp\/v2\/machines?post=5166"},{"taxonomy":"filter","embeddable":true,"href":"https:\/\/www.ankarsrum.com\/fr\/wp-json\/wp\/v2\/filter?post=5166"}],"curies":[{"name":"wp","href":"https:\/\/api.w.org\/{rel}","templated":true}]}}