{"id":5170,"date":"2024-07-16T09:36:17","date_gmt":"2024-07-16T07:36:17","guid":{"rendered":"https:\/\/www.ankarsrum.com\/fr\/product\/laminoir-a-pates-lasagne\/"},"modified":"2026-04-15T23:37:42","modified_gmt":"2026-04-15T21:37:42","slug":"laminoir-a-pates-lasagne","status":"publish","type":"product","link":"https:\/\/www.ankarsrum.com\/fr\/product\/laminoir-a-pates-lasagne\/","title":{"rendered":"Laminoir \/ Rouleau \u00e0 Lasagnes"},"content":{"rendered":"<p>Le rouleau \u00e0 lasagnes Ankarsrum simplifie la pr\u00e9paration des p\u00e2tes maison. Il se fixe facilement \u00e0 votre Assistent Original et, gr\u00e2ce \u00e0 son puissant moteur, la p\u00e2te est \u00e9tal\u00e9e rapidement et efficacement en feuilles pour lasagnes, raviolis ou tortellinis, sans roulage \u00e0 la main. R\u00e9sultat\u00a0? Des feuilles de p\u00e2tes parfaitement lisses \u00e0 chaque fois.<\/p>\n<p>Avec une \u00e9paisseur r\u00e9glable de 0,6\u00a0mm \u00e0 4,8\u00a0mm, vous pouvez facilement r\u00e9aliser des feuilles de lasagnes fines ou plus \u00e9paisses pour s&#039;adapter \u00e0 vos recettes. Ankarsrum propose \u00e9galement des rouleaux \u00e0 fettuccine, spaghettis et lasagnettes.<\/p>\n<p>Fabriqu\u00e9 en Italie par Marcato, l&#039;un des principaux fabricants mondiaux de machines \u00e0 p\u00e2tes avec plus de 80 ans d&#039;exp\u00e9rience, le rouleau \u00e0 lasagnes garantit une qualit\u00e9 et une durabilit\u00e9 optimales.<\/p>\n<p>\u00c9paisseur recommand\u00e9e : 1 mm pour les lasagnes (r\u00e9glage 7 sur le rouleau).<\/p>\n<p><strong>Le rouleau \u00e0 lasagnes est compatible avec tous les mod\u00e8les Assistent Original\u00a0: Type\u00a0: N1-N30 | Type\u00a0: N30 \/ Mod\u00e8le\u00a0: AKM6230.<\/strong><\/p>\n<p>Qu\u2019est-ce qui est inclus ?<\/p>\n<ul>\n<li>Laminoir \/ Rouleau \u00e0 lasagnes<\/li>\n<\/ul>","protected":false},"excerpt":{"rendered":"<p class=\"MsoNormal\">Impressionnez vos convives avec des p\u00e2tes maison ! Avec le rouleau \u00e0 lasagnes Ankarsrum, cr\u00e9ez des feuilles de p\u00e2tes parfaites rapidement et facilement. Fini les tracas du roulage \u00e0 la main : obtenez des feuilles lisses et r\u00e9guli\u00e8res que toute la famille peut d\u00e9guster ensemble.<\/p>\n","protected":false},"featured_media":10475,"comment_status":"open","ping_status":"closed","template":"","meta":{"_acf_changed":false,"content-type":"","editor_notices":[]},"product_brand":[],"product_cat":[139],"product_tag":[],"product-tag":[],"machines":[],"filter":[247,241],"class_list":{"0":"post-5170","1":"product","2":"type-product","3":"status-publish","4":"has-post-thumbnail","6":"product_cat-accessoires","7":"filter-pates","8":"filter-plats","10":"first","11":"instock","12":"taxable","13":"shipping-taxable","14":"purchasable","15":"product-type-simple"},"bundled_by":[],"bundle_stock_status":"instock","bundle_stock_quantity":null,"bundle_virtual":false,"bundle_layout":"","bundle_add_to_cart_form_location":"","bundle_editable_in_cart":false,"bundle_sold_individually_context":"","bundle_item_grouping":"","bundle_min_size":"","bundle_max_size":"","bundle_price":[],"bundled_items":[],"bundle_sell_ids":[],"acf":[],"yoast_head":"<!-- This site is optimized with the Yoast SEO Premium plugin v26.6 (Yoast SEO v26.6) - https:\/\/yoast.com\/wordpress\/plugins\/seo\/ -->\n<title>Laminoir \/ Rouleau \u00e0 Lasagnes - Ankarsrum France<\/title>\n<meta name=\"robots\" content=\"index, follow, max-snippet:-1, max-image-preview:large, max-video-preview:-1\" \/>\n<link rel=\"canonical\" href=\"https:\/\/www.ankarsrum.com\/fr\/product\/laminoir-a-pates-lasagne\/\" \/>\n<meta property=\"og:locale\" content=\"fr_FR\" \/>\n<meta property=\"og:type\" content=\"article\" \/>\n<meta property=\"og:title\" content=\"Laminoir \/ Rouleau \u00e0 Lasagnes\" \/>\n<meta property=\"og:description\" content=\"Impressionnez vos convives avec des p\u00e2tes maison ! Avec le rouleau \u00e0 lasagnes Ankarsrum, cr\u00e9ez des feuilles de p\u00e2tes parfaites rapidement et facilement. Fini les tracas du roulage \u00e0 la main : obtenez des feuilles lisses et r\u00e9guli\u00e8res que toute la famille peut d\u00e9guster ensemble.\" \/>\n<meta property=\"og:url\" content=\"https:\/\/www.ankarsrum.com\/fr\/product\/laminoir-a-pates-lasagne\/\" \/>\n<meta property=\"og:site_name\" content=\"Ankarsrum France\" \/>\n<meta property=\"article:modified_time\" content=\"2026-04-15T21:37:42+00:00\" \/>\n<meta property=\"og:image\" content=\"https:\/\/www.ankarsrum.com\/fr\/wp-content\/uploads\/sites\/23\/2024\/09\/lasagna-angle-1-scaled.jpg\" \/>\n\t<meta property=\"og:image:width\" content=\"1200\" \/>\n\t<meta property=\"og:image:height\" content=\"630\" \/>\n\t<meta property=\"og:image:type\" content=\"image\/jpeg\" \/>\n<meta name=\"twitter:card\" content=\"summary_large_image\" \/>\n<meta name=\"twitter:label1\" content=\"Dur\u00e9e de lecture estim\u00e9e\" \/>\n\t<meta name=\"twitter:data1\" content=\"1 minute\" \/>\n<script type=\"application\/ld+json\" class=\"yoast-schema-graph\">{\"@context\":\"https:\/\/schema.org\",\"@graph\":[{\"@type\":\"WebPage\",\"@id\":\"https:\/\/www.ankarsrum.com\/fr\/product\/laminoir-a-pates-lasagne\/\",\"url\":\"https:\/\/www.ankarsrum.com\/fr\/product\/laminoir-a-pates-lasagne\/\",\"name\":\"Laminoir \/ Rouleau \u00e0 Lasagnes - Ankarsrum France\",\"isPartOf\":{\"@id\":\"https:\/\/www.ankarsrum.com\/fr\/#website\"},\"primaryImageOfPage\":{\"@id\":\"https:\/\/www.ankarsrum.com\/fr\/product\/laminoir-a-pates-lasagne\/#primaryimage\"},\"image\":{\"@id\":\"https:\/\/www.ankarsrum.com\/fr\/product\/laminoir-a-pates-lasagne\/#primaryimage\"},\"thumbnailUrl\":\"https:\/\/www.ankarsrum.com\/img-srv\/BBjaV3fsjYSlnUw8ZmhUg3WW5FRgJsltvB3uCDylXi8\/resizing_type:auto\/width:0\/height:0\/gravity:sm\/enlarge:1\/ext:webp\/strip_metadata:1\/quality:90\/cachebuster:filesize-221114\/bG9jYWw6Ly8vd3d3LmFua2Fyc3J1bS5jb20vd3AtY29udGVudC91cGxvYWRzL3NpdGVzLzIzLzIwMjQvMDkvbGFzYWduYS1hbmdsZS0xLXNjYWxlZC5qcGc.webp\",\"datePublished\":\"2024-07-16T07:36:17+00:00\",\"dateModified\":\"2026-04-15T21:37:42+00:00\",\"breadcrumb\":{\"@id\":\"https:\/\/www.ankarsrum.com\/fr\/product\/laminoir-a-pates-lasagne\/#breadcrumb\"},\"inLanguage\":\"fr-FR\",\"potentialAction\":[{\"@type\":\"ReadAction\",\"target\":[\"https:\/\/www.ankarsrum.com\/fr\/product\/laminoir-a-pates-lasagne\/\"]}]},{\"@type\":\"ImageObject\",\"inLanguage\":\"fr-FR\",\"@id\":\"https:\/\/www.ankarsrum.com\/fr\/product\/laminoir-a-pates-lasagne\/#primaryimage\",\"url\":\"https:\/\/www.ankarsrum.com\/img-srv\/BBjaV3fsjYSlnUw8ZmhUg3WW5FRgJsltvB3uCDylXi8\/resizing_type:auto\/width:0\/height:0\/gravity:sm\/enlarge:1\/ext:webp\/strip_metadata:1\/quality:90\/cachebuster:filesize-221114\/bG9jYWw6Ly8vd3d3LmFua2Fyc3J1bS5jb20vd3AtY29udGVudC91cGxvYWRzL3NpdGVzLzIzLzIwMjQvMDkvbGFzYWduYS1hbmdsZS0xLXNjYWxlZC5qcGc.webp\",\"contentUrl\":\"https:\/\/www.ankarsrum.com\/img-srv\/BBjaV3fsjYSlnUw8ZmhUg3WW5FRgJsltvB3uCDylXi8\/resizing_type:auto\/width:0\/height:0\/gravity:sm\/enlarge:1\/ext:webp\/strip_metadata:1\/quality:90\/cachebuster:filesize-221114\/bG9jYWw6Ly8vd3d3LmFua2Fyc3J1bS5jb20vd3AtY29udGVudC91cGxvYWRzL3NpdGVzLzIzLzIwMjQvMDkvbGFzYWduYS1hbmdsZS0xLXNjYWxlZC5qcGc.webp\",\"width\":2560,\"height\":2560},{\"@type\":\"BreadcrumbList\",\"@id\":\"https:\/\/www.ankarsrum.com\/fr\/product\/laminoir-a-pates-lasagne\/#breadcrumb\",\"itemListElement\":[{\"@type\":\"ListItem\",\"position\":1,\"name\":\"Home\",\"item\":\"https:\/\/www.ankarsrum.com\/fr\/\"},{\"@type\":\"ListItem\",\"position\":2,\"name\":\"Produce name\",\"item\":\"https:\/\/www.ankarsrum.com\/fr\/shop\/\"},{\"@type\":\"ListItem\",\"position\":3,\"name\":\"Laminoir \/ Rouleau \u00e0 Lasagnes\"}]},{\"@type\":\"WebSite\",\"@id\":\"https:\/\/www.ankarsrum.com\/fr\/#website\",\"url\":\"https:\/\/www.ankarsrum.com\/fr\/\",\"name\":\"Ankarsrum France\",\"description\":\"The bread of the world\",\"potentialAction\":[{\"@type\":\"SearchAction\",\"target\":{\"@type\":\"EntryPoint\",\"urlTemplate\":\"https:\/\/www.ankarsrum.com\/fr\/?s={search_term_string}\"},\"query-input\":{\"@type\":\"PropertyValueSpecification\",\"valueRequired\":true,\"valueName\":\"search_term_string\"}}],\"inLanguage\":\"fr-FR\"}]}<\/script>\n<!-- \/ Yoast SEO Premium plugin. -->","yoast_head_json":{"title":"Laminoir \/ Rouleau \u00e0 Lasagnes - Ankarsrum France","robots":{"index":"index","follow":"follow","max-snippet":"max-snippet:-1","max-image-preview":"max-image-preview:large","max-video-preview":"max-video-preview:-1"},"canonical":"https:\/\/www.ankarsrum.com\/fr\/product\/laminoir-a-pates-lasagne\/","og_locale":"fr_FR","og_type":"article","og_title":"Laminoir \/ Rouleau \u00e0 Lasagnes","og_description":"Impressionnez vos convives avec des p\u00e2tes maison ! Avec le rouleau \u00e0 lasagnes Ankarsrum, cr\u00e9ez des feuilles de p\u00e2tes parfaites rapidement et facilement. Fini les tracas du roulage \u00e0 la main : obtenez des feuilles lisses et r\u00e9guli\u00e8res que toute la famille peut d\u00e9guster ensemble.","og_url":"https:\/\/www.ankarsrum.com\/fr\/product\/laminoir-a-pates-lasagne\/","og_site_name":"Ankarsrum France","article_modified_time":"2026-04-15T21:37:42+00:00","og_image":[{"width":1200,"height":630,"url":"https:\/\/www.ankarsrum.com\/fr\/wp-content\/uploads\/sites\/23\/2024\/09\/lasagna-angle-1-scaled.jpg","type":"image\/jpeg"}],"twitter_card":"summary_large_image","twitter_misc":{"Dur\u00e9e de lecture estim\u00e9e":"1 minute"},"schema":{"@context":"https:\/\/schema.org","@graph":[{"@type":"WebPage","@id":"https:\/\/www.ankarsrum.com\/fr\/product\/laminoir-a-pates-lasagne\/","url":"https:\/\/www.ankarsrum.com\/fr\/product\/laminoir-a-pates-lasagne\/","name":"Laminoir \/ Rouleau \u00e0 Lasagnes - Ankarsrum France","isPartOf":{"@id":"https:\/\/www.ankarsrum.com\/fr\/#website"},"primaryImageOfPage":{"@id":"https:\/\/www.ankarsrum.com\/fr\/product\/laminoir-a-pates-lasagne\/#primaryimage"},"image":{"@id":"https:\/\/www.ankarsrum.com\/fr\/product\/laminoir-a-pates-lasagne\/#primaryimage"},"thumbnailUrl":"https:\/\/www.ankarsrum.com\/img-srv\/BBjaV3fsjYSlnUw8ZmhUg3WW5FRgJsltvB3uCDylXi8\/resizing_type:auto\/width:0\/height:0\/gravity:sm\/enlarge:1\/ext:webp\/strip_metadata:1\/quality:90\/cachebuster:filesize-221114\/bG9jYWw6Ly8vd3d3LmFua2Fyc3J1bS5jb20vd3AtY29udGVudC91cGxvYWRzL3NpdGVzLzIzLzIwMjQvMDkvbGFzYWduYS1hbmdsZS0xLXNjYWxlZC5qcGc.webp","datePublished":"2024-07-16T07:36:17+00:00","dateModified":"2026-04-15T21:37:42+00:00","breadcrumb":{"@id":"https:\/\/www.ankarsrum.com\/fr\/product\/laminoir-a-pates-lasagne\/#breadcrumb"},"inLanguage":"fr-FR","potentialAction":[{"@type":"ReadAction","target":["https:\/\/www.ankarsrum.com\/fr\/product\/laminoir-a-pates-lasagne\/"]}]},{"@type":"ImageObject","inLanguage":"fr-FR","@id":"https:\/\/www.ankarsrum.com\/fr\/product\/laminoir-a-pates-lasagne\/#primaryimage","url":"https:\/\/www.ankarsrum.com\/img-srv\/BBjaV3fsjYSlnUw8ZmhUg3WW5FRgJsltvB3uCDylXi8\/resizing_type:auto\/width:0\/height:0\/gravity:sm\/enlarge:1\/ext:webp\/strip_metadata:1\/quality:90\/cachebuster:filesize-221114\/bG9jYWw6Ly8vd3d3LmFua2Fyc3J1bS5jb20vd3AtY29udGVudC91cGxvYWRzL3NpdGVzLzIzLzIwMjQvMDkvbGFzYWduYS1hbmdsZS0xLXNjYWxlZC5qcGc.webp","contentUrl":"https:\/\/www.ankarsrum.com\/img-srv\/BBjaV3fsjYSlnUw8ZmhUg3WW5FRgJsltvB3uCDylXi8\/resizing_type:auto\/width:0\/height:0\/gravity:sm\/enlarge:1\/ext:webp\/strip_metadata:1\/quality:90\/cachebuster:filesize-221114\/bG9jYWw6Ly8vd3d3LmFua2Fyc3J1bS5jb20vd3AtY29udGVudC91cGxvYWRzL3NpdGVzLzIzLzIwMjQvMDkvbGFzYWduYS1hbmdsZS0xLXNjYWxlZC5qcGc.webp","width":2560,"height":2560},{"@type":"BreadcrumbList","@id":"https:\/\/www.ankarsrum.com\/fr\/product\/laminoir-a-pates-lasagne\/#breadcrumb","itemListElement":[{"@type":"ListItem","position":1,"name":"Home","item":"https:\/\/www.ankarsrum.com\/fr\/"},{"@type":"ListItem","position":2,"name":"Produce name","item":"https:\/\/www.ankarsrum.com\/fr\/shop\/"},{"@type":"ListItem","position":3,"name":"Laminoir \/ Rouleau \u00e0 Lasagnes"}]},{"@type":"WebSite","@id":"https:\/\/www.ankarsrum.com\/fr\/#website","url":"https:\/\/www.ankarsrum.com\/fr\/","name":"Ankarsrum France","description":"The bread of the world","potentialAction":[{"@type":"SearchAction","target":{"@type":"EntryPoint","urlTemplate":"https:\/\/www.ankarsrum.com\/fr\/?s={search_term_string}"},"query-input":{"@type":"PropertyValueSpecification","valueRequired":true,"valueName":"search_term_string"}}],"inLanguage":"fr-FR"}]}},"_links":{"self":[{"href":"https:\/\/www.ankarsrum.com\/fr\/wp-json\/wp\/v2\/product\/5170","targetHints":{"allow":["GET"]}}],"collection":[{"href":"https:\/\/www.ankarsrum.com\/fr\/wp-json\/wp\/v2\/product"}],"about":[{"href":"https:\/\/www.ankarsrum.com\/fr\/wp-json\/wp\/v2\/types\/product"}],"replies":[{"embeddable":true,"href":"https:\/\/www.ankarsrum.com\/fr\/wp-json\/wp\/v2\/comments?post=5170"}],"wp:featuredmedia":[{"embeddable":true,"href":"https:\/\/www.ankarsrum.com\/fr\/wp-json\/wp\/v2\/media\/10475"}],"wp:attachment":[{"href":"https:\/\/www.ankarsrum.com\/fr\/wp-json\/wp\/v2\/media?parent=5170"}],"wp:term":[{"taxonomy":"product_brand","embeddable":true,"href":"https:\/\/www.ankarsrum.com\/fr\/wp-json\/wp\/v2\/product_brand?post=5170"},{"taxonomy":"product_cat","embeddable":true,"href":"https:\/\/www.ankarsrum.com\/fr\/wp-json\/wp\/v2\/product_cat?post=5170"},{"taxonomy":"product_tag","embeddable":true,"href":"https:\/\/www.ankarsrum.com\/fr\/wp-json\/wp\/v2\/product_tag?post=5170"},{"taxonomy":"product-tag","embeddable":true,"href":"https:\/\/www.ankarsrum.com\/fr\/wp-json\/wp\/v2\/product-tag?post=5170"},{"taxonomy":"machines","embeddable":true,"href":"https:\/\/www.ankarsrum.com\/fr\/wp-json\/wp\/v2\/machines?post=5170"},{"taxonomy":"filter","embeddable":true,"href":"https:\/\/www.ankarsrum.com\/fr\/wp-json\/wp\/v2\/filter?post=5170"}],"curies":[{"name":"wp","href":"https:\/\/api.w.org\/{rel}","templated":true}]}}