{"id":5171,"date":"2024-07-16T09:44:08","date_gmt":"2024-07-16T07:44:08","guid":{"rendered":"https:\/\/www.ankarsrum.com\/fr\/product\/rouleau-a-pates-fettuccine-6mm\/"},"modified":"2026-04-16T23:42:42","modified_gmt":"2026-04-16T21:42:42","slug":"rouleau-a-pates-fettuccine-6mm","status":"publish","type":"product","link":"https:\/\/www.ankarsrum.com\/fr\/product\/rouleau-a-pates-fettuccine-6mm\/","title":{"rendered":"Rouleau \u00e0 p\u00e2tes Fettuccine"},"content":{"rendered":"<p><span>Le rouleau \u00e0 fettuccine Ankarsrum vous permet de r\u00e9aliser des p\u00e2tes parfaitement coup\u00e9es \u00e0 chaque fois. Une fois votre p\u00e2te \u00e9tal\u00e9e avec notre laminoir ou \u00e0 la main, ce rouleau \u00e0 p\u00e2tes d\u00e9coupera vos feuilles en fettuccine de 6\u00a0mm d\u2019\u00e9paisseur. Fixez-le facilement \u00e0 votre Assistent Original et laissez son puissant moteur rendre le processus rapide et sans effort.<\/span><\/p>\n<p><span>Fabriqu\u00e9 en Italie par Marcato, leader dans la fabrication de p\u00e2tes avec plus de 80 ans d\u2019exp\u00e9rience, ce rouleau \u00e0 p\u00e2tes rend la pr\u00e9paration des p\u00e2tes accessible \u00e0 tous. Cr\u00e9ez de d\u00e9licieux repas pour tous et savourez des fettuccine fra\u00eeches et maison directement depuis votre cuisine.<\/span><\/p>\n<p><span>\u00c9paisseur recommand\u00e9e : 1,2 \u00e0 1,5 mm pour les fettuccine (r\u00e9glage 5-6 sur le rouleau).<\/span><\/p>\n<p><strong><span>Le coupe-p\u00e2tes fettuccine est compatible avec tous les mod\u00e8les Assistent Original : Type : N1-N30 | Type : N30 \/ Mod\u00e8le : AKM6230.<\/span><\/strong><\/p>\n<p><span>Qu\u2019est-ce qui est inclus ? :<\/span><\/p>\n<ul>\n<li><span>Rouleau \u00e0 fettuccine<\/span><\/li>\n<\/ul>","protected":false},"excerpt":{"rendered":"<p><span>Impressionnez vos invit\u00e9s avec des fettuccine maison\u00a0! Avec le rouleau \u00e0 fettuccine, r\u00e9alisez facilement des p\u00e2tes de 6\u00a0mm d\u2019\u00e9paisseur (similaires aux tagliatelles), rapidement et facilement. Oubliez la d\u00e9coupe manuelle et savourez des p\u00e2tes parfaitement coup\u00e9es, appr\u00e9ci\u00e9es de toute la famille.<\/span><\/p>\n","protected":false},"featured_media":10441,"comment_status":"open","ping_status":"closed","template":"","meta":{"_acf_changed":false,"content-type":"","editor_notices":[]},"product_brand":[],"product_cat":[139],"product_tag":[],"product-tag":[],"machines":[],"filter":[247,241],"class_list":{"0":"post-5171","1":"product","2":"type-product","3":"status-publish","4":"has-post-thumbnail","6":"product_cat-accessoires","7":"filter-pates","8":"filter-plats","10":"first","11":"instock","12":"taxable","13":"shipping-taxable","14":"purchasable","15":"product-type-simple"},"bundled_by":[],"bundle_stock_status":"instock","bundle_stock_quantity":null,"bundle_virtual":false,"bundle_layout":"","bundle_add_to_cart_form_location":"","bundle_editable_in_cart":false,"bundle_sold_individually_context":"","bundle_item_grouping":"","bundle_min_size":"","bundle_max_size":"","bundle_price":[],"bundled_items":[],"bundle_sell_ids":[],"acf":[],"yoast_head":"<!-- This site is optimized with the Yoast SEO Premium plugin v26.6 (Yoast SEO v26.6) - https:\/\/yoast.com\/wordpress\/plugins\/seo\/ -->\n<title>Rouleau \u00e0 p\u00e2tes Fettuccine - Ankarsrum France<\/title>\n<meta name=\"robots\" content=\"index, follow, max-snippet:-1, max-image-preview:large, max-video-preview:-1\" \/>\n<link rel=\"canonical\" href=\"https:\/\/www.ankarsrum.com\/fr\/product\/rouleau-a-pates-fettuccine-6mm\/\" \/>\n<meta property=\"og:locale\" content=\"fr_FR\" \/>\n<meta property=\"og:type\" content=\"article\" \/>\n<meta property=\"og:title\" content=\"Rouleau \u00e0 p\u00e2tes Fettuccine\" \/>\n<meta property=\"og:description\" content=\"Impressionnez vos invit\u00e9s avec des fettuccine maison\u00a0! Avec le rouleau \u00e0 fettuccine, r\u00e9alisez facilement des p\u00e2tes de 6\u00a0mm d\u2019\u00e9paisseur (similaires aux tagliatelles), rapidement et facilement. Oubliez la d\u00e9coupe manuelle et savourez des p\u00e2tes parfaitement coup\u00e9es, appr\u00e9ci\u00e9es de toute la famille.\" \/>\n<meta property=\"og:url\" content=\"https:\/\/www.ankarsrum.com\/fr\/product\/rouleau-a-pates-fettuccine-6mm\/\" \/>\n<meta property=\"og:site_name\" content=\"Ankarsrum France\" \/>\n<meta property=\"article:modified_time\" content=\"2026-04-16T21:42:42+00:00\" \/>\n<meta property=\"og:image\" content=\"https:\/\/www.ankarsrum.com\/fr\/wp-content\/uploads\/sites\/23\/2024\/09\/fettuccine-angle-1-scaled.jpg\" \/>\n\t<meta property=\"og:image:width\" content=\"1200\" \/>\n\t<meta property=\"og:image:height\" content=\"630\" \/>\n\t<meta property=\"og:image:type\" content=\"image\/jpeg\" \/>\n<meta name=\"twitter:card\" content=\"summary_large_image\" \/>\n<meta name=\"twitter:label1\" content=\"Dur\u00e9e de lecture estim\u00e9e\" \/>\n\t<meta name=\"twitter:data1\" content=\"1 minute\" \/>\n<script type=\"application\/ld+json\" class=\"yoast-schema-graph\">{\"@context\":\"https:\/\/schema.org\",\"@graph\":[{\"@type\":\"WebPage\",\"@id\":\"https:\/\/www.ankarsrum.com\/fr\/product\/rouleau-a-pates-fettuccine-6mm\/\",\"url\":\"https:\/\/www.ankarsrum.com\/fr\/product\/rouleau-a-pates-fettuccine-6mm\/\",\"name\":\"Rouleau \u00e0 p\u00e2tes Fettuccine - Ankarsrum France\",\"isPartOf\":{\"@id\":\"https:\/\/www.ankarsrum.com\/fr\/#website\"},\"primaryImageOfPage\":{\"@id\":\"https:\/\/www.ankarsrum.com\/fr\/product\/rouleau-a-pates-fettuccine-6mm\/#primaryimage\"},\"image\":{\"@id\":\"https:\/\/www.ankarsrum.com\/fr\/product\/rouleau-a-pates-fettuccine-6mm\/#primaryimage\"},\"thumbnailUrl\":\"https:\/\/www.ankarsrum.com\/img-srv\/IQtbjXfTQprDw1D_OxwQD-0KuBldOPzi05-AyzWZXHU\/resizing_type:auto\/width:0\/height:0\/gravity:sm\/enlarge:1\/ext:webp\/strip_metadata:1\/quality:90\/cachebuster:filesize-208192\/bG9jYWw6Ly8vd3d3LmFua2Fyc3J1bS5jb20vd3AtY29udGVudC91cGxvYWRzL3NpdGVzLzIzLzIwMjQvMDkvZmV0dHVjY2luZS1hbmdsZS0xLXNjYWxlZC5qcGc.webp\",\"datePublished\":\"2024-07-16T07:44:08+00:00\",\"dateModified\":\"2026-04-16T21:42:42+00:00\",\"breadcrumb\":{\"@id\":\"https:\/\/www.ankarsrum.com\/fr\/product\/rouleau-a-pates-fettuccine-6mm\/#breadcrumb\"},\"inLanguage\":\"fr-FR\",\"potentialAction\":[{\"@type\":\"ReadAction\",\"target\":[\"https:\/\/www.ankarsrum.com\/fr\/product\/rouleau-a-pates-fettuccine-6mm\/\"]}]},{\"@type\":\"ImageObject\",\"inLanguage\":\"fr-FR\",\"@id\":\"https:\/\/www.ankarsrum.com\/fr\/product\/rouleau-a-pates-fettuccine-6mm\/#primaryimage\",\"url\":\"https:\/\/www.ankarsrum.com\/img-srv\/IQtbjXfTQprDw1D_OxwQD-0KuBldOPzi05-AyzWZXHU\/resizing_type:auto\/width:0\/height:0\/gravity:sm\/enlarge:1\/ext:webp\/strip_metadata:1\/quality:90\/cachebuster:filesize-208192\/bG9jYWw6Ly8vd3d3LmFua2Fyc3J1bS5jb20vd3AtY29udGVudC91cGxvYWRzL3NpdGVzLzIzLzIwMjQvMDkvZmV0dHVjY2luZS1hbmdsZS0xLXNjYWxlZC5qcGc.webp\",\"contentUrl\":\"https:\/\/www.ankarsrum.com\/img-srv\/IQtbjXfTQprDw1D_OxwQD-0KuBldOPzi05-AyzWZXHU\/resizing_type:auto\/width:0\/height:0\/gravity:sm\/enlarge:1\/ext:webp\/strip_metadata:1\/quality:90\/cachebuster:filesize-208192\/bG9jYWw6Ly8vd3d3LmFua2Fyc3J1bS5jb20vd3AtY29udGVudC91cGxvYWRzL3NpdGVzLzIzLzIwMjQvMDkvZmV0dHVjY2luZS1hbmdsZS0xLXNjYWxlZC5qcGc.webp\",\"width\":2560,\"height\":2560},{\"@type\":\"BreadcrumbList\",\"@id\":\"https:\/\/www.ankarsrum.com\/fr\/product\/rouleau-a-pates-fettuccine-6mm\/#breadcrumb\",\"itemListElement\":[{\"@type\":\"ListItem\",\"position\":1,\"name\":\"Home\",\"item\":\"https:\/\/www.ankarsrum.com\/fr\/\"},{\"@type\":\"ListItem\",\"position\":2,\"name\":\"Produce name\",\"item\":\"https:\/\/www.ankarsrum.com\/fr\/shop\/\"},{\"@type\":\"ListItem\",\"position\":3,\"name\":\"Rouleau \u00e0 p\u00e2tes Fettuccine\"}]},{\"@type\":\"WebSite\",\"@id\":\"https:\/\/www.ankarsrum.com\/fr\/#website\",\"url\":\"https:\/\/www.ankarsrum.com\/fr\/\",\"name\":\"Ankarsrum France\",\"description\":\"The bread of the world\",\"potentialAction\":[{\"@type\":\"SearchAction\",\"target\":{\"@type\":\"EntryPoint\",\"urlTemplate\":\"https:\/\/www.ankarsrum.com\/fr\/?s={search_term_string}\"},\"query-input\":{\"@type\":\"PropertyValueSpecification\",\"valueRequired\":true,\"valueName\":\"search_term_string\"}}],\"inLanguage\":\"fr-FR\"}]}<\/script>\n<!-- \/ Yoast SEO Premium plugin. -->","yoast_head_json":{"title":"Rouleau \u00e0 p\u00e2tes Fettuccine - Ankarsrum France","robots":{"index":"index","follow":"follow","max-snippet":"max-snippet:-1","max-image-preview":"max-image-preview:large","max-video-preview":"max-video-preview:-1"},"canonical":"https:\/\/www.ankarsrum.com\/fr\/product\/rouleau-a-pates-fettuccine-6mm\/","og_locale":"fr_FR","og_type":"article","og_title":"Rouleau \u00e0 p\u00e2tes Fettuccine","og_description":"Impressionnez vos invit\u00e9s avec des fettuccine maison\u00a0! Avec le rouleau \u00e0 fettuccine, r\u00e9alisez facilement des p\u00e2tes de 6\u00a0mm d\u2019\u00e9paisseur (similaires aux tagliatelles), rapidement et facilement. Oubliez la d\u00e9coupe manuelle et savourez des p\u00e2tes parfaitement coup\u00e9es, appr\u00e9ci\u00e9es de toute la famille.","og_url":"https:\/\/www.ankarsrum.com\/fr\/product\/rouleau-a-pates-fettuccine-6mm\/","og_site_name":"Ankarsrum France","article_modified_time":"2026-04-16T21:42:42+00:00","og_image":[{"width":1200,"height":630,"url":"https:\/\/www.ankarsrum.com\/fr\/wp-content\/uploads\/sites\/23\/2024\/09\/fettuccine-angle-1-scaled.jpg","type":"image\/jpeg"}],"twitter_card":"summary_large_image","twitter_misc":{"Dur\u00e9e de lecture estim\u00e9e":"1 minute"},"schema":{"@context":"https:\/\/schema.org","@graph":[{"@type":"WebPage","@id":"https:\/\/www.ankarsrum.com\/fr\/product\/rouleau-a-pates-fettuccine-6mm\/","url":"https:\/\/www.ankarsrum.com\/fr\/product\/rouleau-a-pates-fettuccine-6mm\/","name":"Rouleau \u00e0 p\u00e2tes Fettuccine - Ankarsrum France","isPartOf":{"@id":"https:\/\/www.ankarsrum.com\/fr\/#website"},"primaryImageOfPage":{"@id":"https:\/\/www.ankarsrum.com\/fr\/product\/rouleau-a-pates-fettuccine-6mm\/#primaryimage"},"image":{"@id":"https:\/\/www.ankarsrum.com\/fr\/product\/rouleau-a-pates-fettuccine-6mm\/#primaryimage"},"thumbnailUrl":"https:\/\/www.ankarsrum.com\/img-srv\/IQtbjXfTQprDw1D_OxwQD-0KuBldOPzi05-AyzWZXHU\/resizing_type:auto\/width:0\/height:0\/gravity:sm\/enlarge:1\/ext:webp\/strip_metadata:1\/quality:90\/cachebuster:filesize-208192\/bG9jYWw6Ly8vd3d3LmFua2Fyc3J1bS5jb20vd3AtY29udGVudC91cGxvYWRzL3NpdGVzLzIzLzIwMjQvMDkvZmV0dHVjY2luZS1hbmdsZS0xLXNjYWxlZC5qcGc.webp","datePublished":"2024-07-16T07:44:08+00:00","dateModified":"2026-04-16T21:42:42+00:00","breadcrumb":{"@id":"https:\/\/www.ankarsrum.com\/fr\/product\/rouleau-a-pates-fettuccine-6mm\/#breadcrumb"},"inLanguage":"fr-FR","potentialAction":[{"@type":"ReadAction","target":["https:\/\/www.ankarsrum.com\/fr\/product\/rouleau-a-pates-fettuccine-6mm\/"]}]},{"@type":"ImageObject","inLanguage":"fr-FR","@id":"https:\/\/www.ankarsrum.com\/fr\/product\/rouleau-a-pates-fettuccine-6mm\/#primaryimage","url":"https:\/\/www.ankarsrum.com\/img-srv\/IQtbjXfTQprDw1D_OxwQD-0KuBldOPzi05-AyzWZXHU\/resizing_type:auto\/width:0\/height:0\/gravity:sm\/enlarge:1\/ext:webp\/strip_metadata:1\/quality:90\/cachebuster:filesize-208192\/bG9jYWw6Ly8vd3d3LmFua2Fyc3J1bS5jb20vd3AtY29udGVudC91cGxvYWRzL3NpdGVzLzIzLzIwMjQvMDkvZmV0dHVjY2luZS1hbmdsZS0xLXNjYWxlZC5qcGc.webp","contentUrl":"https:\/\/www.ankarsrum.com\/img-srv\/IQtbjXfTQprDw1D_OxwQD-0KuBldOPzi05-AyzWZXHU\/resizing_type:auto\/width:0\/height:0\/gravity:sm\/enlarge:1\/ext:webp\/strip_metadata:1\/quality:90\/cachebuster:filesize-208192\/bG9jYWw6Ly8vd3d3LmFua2Fyc3J1bS5jb20vd3AtY29udGVudC91cGxvYWRzL3NpdGVzLzIzLzIwMjQvMDkvZmV0dHVjY2luZS1hbmdsZS0xLXNjYWxlZC5qcGc.webp","width":2560,"height":2560},{"@type":"BreadcrumbList","@id":"https:\/\/www.ankarsrum.com\/fr\/product\/rouleau-a-pates-fettuccine-6mm\/#breadcrumb","itemListElement":[{"@type":"ListItem","position":1,"name":"Home","item":"https:\/\/www.ankarsrum.com\/fr\/"},{"@type":"ListItem","position":2,"name":"Produce name","item":"https:\/\/www.ankarsrum.com\/fr\/shop\/"},{"@type":"ListItem","position":3,"name":"Rouleau \u00e0 p\u00e2tes Fettuccine"}]},{"@type":"WebSite","@id":"https:\/\/www.ankarsrum.com\/fr\/#website","url":"https:\/\/www.ankarsrum.com\/fr\/","name":"Ankarsrum France","description":"The bread of the world","potentialAction":[{"@type":"SearchAction","target":{"@type":"EntryPoint","urlTemplate":"https:\/\/www.ankarsrum.com\/fr\/?s={search_term_string}"},"query-input":{"@type":"PropertyValueSpecification","valueRequired":true,"valueName":"search_term_string"}}],"inLanguage":"fr-FR"}]}},"_links":{"self":[{"href":"https:\/\/www.ankarsrum.com\/fr\/wp-json\/wp\/v2\/product\/5171","targetHints":{"allow":["GET"]}}],"collection":[{"href":"https:\/\/www.ankarsrum.com\/fr\/wp-json\/wp\/v2\/product"}],"about":[{"href":"https:\/\/www.ankarsrum.com\/fr\/wp-json\/wp\/v2\/types\/product"}],"replies":[{"embeddable":true,"href":"https:\/\/www.ankarsrum.com\/fr\/wp-json\/wp\/v2\/comments?post=5171"}],"wp:featuredmedia":[{"embeddable":true,"href":"https:\/\/www.ankarsrum.com\/fr\/wp-json\/wp\/v2\/media\/10441"}],"wp:attachment":[{"href":"https:\/\/www.ankarsrum.com\/fr\/wp-json\/wp\/v2\/media?parent=5171"}],"wp:term":[{"taxonomy":"product_brand","embeddable":true,"href":"https:\/\/www.ankarsrum.com\/fr\/wp-json\/wp\/v2\/product_brand?post=5171"},{"taxonomy":"product_cat","embeddable":true,"href":"https:\/\/www.ankarsrum.com\/fr\/wp-json\/wp\/v2\/product_cat?post=5171"},{"taxonomy":"product_tag","embeddable":true,"href":"https:\/\/www.ankarsrum.com\/fr\/wp-json\/wp\/v2\/product_tag?post=5171"},{"taxonomy":"product-tag","embeddable":true,"href":"https:\/\/www.ankarsrum.com\/fr\/wp-json\/wp\/v2\/product-tag?post=5171"},{"taxonomy":"machines","embeddable":true,"href":"https:\/\/www.ankarsrum.com\/fr\/wp-json\/wp\/v2\/machines?post=5171"},{"taxonomy":"filter","embeddable":true,"href":"https:\/\/www.ankarsrum.com\/fr\/wp-json\/wp\/v2\/filter?post=5171"}],"curies":[{"name":"wp","href":"https:\/\/api.w.org\/{rel}","templated":true}]}}