{"id":5172,"date":"2024-07-16T10:00:59","date_gmt":"2024-07-16T08:00:59","guid":{"rendered":"https:\/\/www.ankarsrum.com\/fr\/product\/rouleau-a-pates-spaghetti-2mm\/"},"modified":"2026-05-16T02:02:35","modified_gmt":"2026-05-16T00:02:35","slug":"rouleau-a-pates-spaghetti-2mm","status":"publish","type":"product","link":"https:\/\/www.ankarsrum.com\/fr\/product\/rouleau-a-pates-spaghetti-2mm\/","title":{"rendered":"Rouleau \u00e0 p\u00e2tes Spaghettis : Des p\u00e2tes italiennes authentiques, faciles \u00e0 pr\u00e9parer"},"content":{"rendered":"<p><span>Le rouleau \u00e0 Spaghettis Ankarsrum garantit des p\u00e2tes parfaitement coup\u00e9es et uniformes \u00e0 chaque fois. Apr\u00e8s avoir \u00e9tal\u00e9 votre p\u00e2te avec notre rouleau \u00e0 lasagnes, ce rouleau \u00e0 p\u00e2tes transformera vos feuilles en spaghettis de 2 mm. Il se fixe facilement \u00e0 votre Ankarsrum Assistent Original et le puissant moteur du robot p\u00e2tissier rend le processus rapide et sans effort.<\/span><\/p>\n<p><span>Fabriqu\u00e9 en Italie par Marcato, l&#039;un des plus grands fabricants de machines \u00e0 p\u00e2tes au monde avec plus de 80 ans d&#039;expertise, ce rouleau \u00e0 p\u00e2tes apporte le savoir-faire italien authentique \u00e0 votre cuisine. Pr\u00e9parer des p\u00e2tes ensemble est une activit\u00e9 familiale amusante et m\u00e9morable. Cr\u00e9ez de d\u00e9licieux repas de spaghettis, faits maison, \u00e0 partager avec vos proches.<\/span><\/p>\n<p><span>Pour un r\u00e9sultat optimal, \u00e9talez la p\u00e2te \u00e0 une \u00e9paisseur de 1,2 \u00e0 1,5 mm, soit le r\u00e9glage 5-6 du rouleau \u00e0 p\u00e2tes pour lasagnes.<\/span><\/p>\n<p><strong><span>Le rouleau \u00e0 spaghettis est compatible avec tous les appareils Assistent Original \u2013 Type : N1-N30 | Type : N30 \/ Mod\u00e8le : AKM6230<\/span><\/strong><\/p>\n<p><span>Qu\u2019est-ce qui est inclus ?<\/span><\/p>\n<ul>\n<li><span>Rouleau \u00e0 p\u00e2tes pour spaghetti<\/span><\/li>\n<\/ul>","protected":false},"excerpt":{"rendered":"<p><span>Impressionnez vos invit\u00e9s avec des spaghettis frais faits maison\u00a0! Le rouleau Spaghettis Ankarsrum vous permet de cr\u00e9er des spaghettis parfaitement r\u00e9guliers, d&#039;une \u00e9paisseur de 2\u00a0mm, rapidement et facilement. Finies les tracas de la d\u00e9coupe manuelle et savourez des p\u00e2tes parfaitement pr\u00e9par\u00e9es \u00e0 chaque fois.<\/span><\/p>\n","protected":false},"featured_media":10451,"comment_status":"open","ping_status":"closed","template":"","meta":{"_acf_changed":false,"content-type":"","editor_notices":[]},"product_brand":[],"product_cat":[139],"product_tag":[],"product-tag":[],"machines":[],"filter":[247,241],"class_list":{"0":"post-5172","1":"product","2":"type-product","3":"status-publish","4":"has-post-thumbnail","6":"product_cat-accessoires","7":"filter-pates","8":"filter-plats","10":"first","11":"instock","12":"taxable","13":"shipping-taxable","14":"purchasable","15":"product-type-simple"},"bundled_by":[],"bundle_stock_status":"instock","bundle_stock_quantity":null,"bundle_virtual":false,"bundle_layout":"","bundle_add_to_cart_form_location":"","bundle_editable_in_cart":false,"bundle_sold_individually_context":"","bundle_item_grouping":"","bundle_min_size":"","bundle_max_size":"","bundle_price":[],"bundled_items":[],"bundle_sell_ids":[],"acf":[],"yoast_head":"<!-- This site is optimized with the Yoast SEO Premium plugin v26.6 (Yoast SEO v26.6) - https:\/\/yoast.com\/wordpress\/plugins\/seo\/ -->\n<title>Rouleau \u00e0 p\u00e2tes Spaghettis : Des p\u00e2tes italiennes authentiques, faciles \u00e0 pr\u00e9parer - Ankarsrum France<\/title>\n<meta name=\"robots\" content=\"index, follow, max-snippet:-1, max-image-preview:large, max-video-preview:-1\" \/>\n<link rel=\"canonical\" href=\"https:\/\/www.ankarsrum.com\/fr\/product\/rouleau-a-pates-spaghetti-2mm\/\" \/>\n<meta property=\"og:locale\" content=\"fr_FR\" \/>\n<meta property=\"og:type\" content=\"article\" \/>\n<meta property=\"og:title\" content=\"Rouleau \u00e0 p\u00e2tes Spaghettis : Des p\u00e2tes italiennes authentiques, faciles \u00e0 pr\u00e9parer\" \/>\n<meta property=\"og:description\" content=\"Impressionnez vos invit\u00e9s avec des spaghettis frais faits maison\u00a0! Le rouleau Spaghettis Ankarsrum vous permet de cr\u00e9er des spaghettis parfaitement r\u00e9guliers, d&#039;une \u00e9paisseur de 2\u00a0mm, rapidement et facilement. Finies les tracas de la d\u00e9coupe manuelle et savourez des p\u00e2tes parfaitement pr\u00e9par\u00e9es \u00e0 chaque fois.\" \/>\n<meta property=\"og:url\" content=\"https:\/\/www.ankarsrum.com\/fr\/product\/rouleau-a-pates-spaghetti-2mm\/\" \/>\n<meta property=\"og:site_name\" content=\"Ankarsrum France\" \/>\n<meta property=\"article:modified_time\" content=\"2026-05-16T00:02:35+00:00\" \/>\n<meta property=\"og:image\" content=\"https:\/\/www.ankarsrum.com\/fr\/wp-content\/uploads\/sites\/23\/2024\/09\/spagetti-1.jpg\" \/>\n\t<meta property=\"og:image:width\" content=\"1200\" \/>\n\t<meta property=\"og:image:height\" content=\"630\" \/>\n\t<meta property=\"og:image:type\" content=\"image\/jpeg\" \/>\n<meta name=\"twitter:card\" content=\"summary_large_image\" \/>\n<meta name=\"twitter:label1\" content=\"Dur\u00e9e de lecture estim\u00e9e\" \/>\n\t<meta name=\"twitter:data1\" content=\"1 minute\" \/>\n<script type=\"application\/ld+json\" class=\"yoast-schema-graph\">{\"@context\":\"https:\/\/schema.org\",\"@graph\":[{\"@type\":\"WebPage\",\"@id\":\"https:\/\/www.ankarsrum.com\/fr\/product\/rouleau-a-pates-spaghetti-2mm\/\",\"url\":\"https:\/\/www.ankarsrum.com\/fr\/product\/rouleau-a-pates-spaghetti-2mm\/\",\"name\":\"Rouleau \u00e0 p\u00e2tes Spaghettis : Des p\u00e2tes italiennes authentiques, faciles \u00e0 pr\u00e9parer - Ankarsrum France\",\"isPartOf\":{\"@id\":\"https:\/\/www.ankarsrum.com\/fr\/#website\"},\"primaryImageOfPage\":{\"@id\":\"https:\/\/www.ankarsrum.com\/fr\/product\/rouleau-a-pates-spaghetti-2mm\/#primaryimage\"},\"image\":{\"@id\":\"https:\/\/www.ankarsrum.com\/fr\/product\/rouleau-a-pates-spaghetti-2mm\/#primaryimage\"},\"thumbnailUrl\":\"https:\/\/www.ankarsrum.com\/img-srv\/WZOjWgrriK-L6ZNNFDNj0PpBnxvF2sZosxnG5syAGB0\/resizing_type:auto\/width:0\/height:0\/gravity:sm\/enlarge:1\/ext:webp\/strip_metadata:1\/quality:90\/cachebuster:filesize-107584\/bG9jYWw6Ly8vd3d3LmFua2Fyc3J1bS5jb20vd3AtY29udGVudC91cGxvYWRzL3NpdGVzLzIzLzIwMjQvMDkvc3BhZ2V0dGktMS5qcGc.webp\",\"datePublished\":\"2024-07-16T08:00:59+00:00\",\"dateModified\":\"2026-05-16T00:02:35+00:00\",\"breadcrumb\":{\"@id\":\"https:\/\/www.ankarsrum.com\/fr\/product\/rouleau-a-pates-spaghetti-2mm\/#breadcrumb\"},\"inLanguage\":\"fr-FR\",\"potentialAction\":[{\"@type\":\"ReadAction\",\"target\":[\"https:\/\/www.ankarsrum.com\/fr\/product\/rouleau-a-pates-spaghetti-2mm\/\"]}]},{\"@type\":\"ImageObject\",\"inLanguage\":\"fr-FR\",\"@id\":\"https:\/\/www.ankarsrum.com\/fr\/product\/rouleau-a-pates-spaghetti-2mm\/#primaryimage\",\"url\":\"https:\/\/www.ankarsrum.com\/img-srv\/WZOjWgrriK-L6ZNNFDNj0PpBnxvF2sZosxnG5syAGB0\/resizing_type:auto\/width:0\/height:0\/gravity:sm\/enlarge:1\/ext:webp\/strip_metadata:1\/quality:90\/cachebuster:filesize-107584\/bG9jYWw6Ly8vd3d3LmFua2Fyc3J1bS5jb20vd3AtY29udGVudC91cGxvYWRzL3NpdGVzLzIzLzIwMjQvMDkvc3BhZ2V0dGktMS5qcGc.webp\",\"contentUrl\":\"https:\/\/www.ankarsrum.com\/img-srv\/WZOjWgrriK-L6ZNNFDNj0PpBnxvF2sZosxnG5syAGB0\/resizing_type:auto\/width:0\/height:0\/gravity:sm\/enlarge:1\/ext:webp\/strip_metadata:1\/quality:90\/cachebuster:filesize-107584\/bG9jYWw6Ly8vd3d3LmFua2Fyc3J1bS5jb20vd3AtY29udGVudC91cGxvYWRzL3NpdGVzLzIzLzIwMjQvMDkvc3BhZ2V0dGktMS5qcGc.webp\",\"width\":2000,\"height\":2000},{\"@type\":\"BreadcrumbList\",\"@id\":\"https:\/\/www.ankarsrum.com\/fr\/product\/rouleau-a-pates-spaghetti-2mm\/#breadcrumb\",\"itemListElement\":[{\"@type\":\"ListItem\",\"position\":1,\"name\":\"Home\",\"item\":\"https:\/\/www.ankarsrum.com\/fr\/\"},{\"@type\":\"ListItem\",\"position\":2,\"name\":\"Produce name\",\"item\":\"https:\/\/www.ankarsrum.com\/fr\/shop\/\"},{\"@type\":\"ListItem\",\"position\":3,\"name\":\"Rouleau \u00e0 p\u00e2tes Spaghettis : Des p\u00e2tes italiennes authentiques, faciles \u00e0 pr\u00e9parer\"}]},{\"@type\":\"WebSite\",\"@id\":\"https:\/\/www.ankarsrum.com\/fr\/#website\",\"url\":\"https:\/\/www.ankarsrum.com\/fr\/\",\"name\":\"Ankarsrum France\",\"description\":\"The bread of the world\",\"potentialAction\":[{\"@type\":\"SearchAction\",\"target\":{\"@type\":\"EntryPoint\",\"urlTemplate\":\"https:\/\/www.ankarsrum.com\/fr\/?s={search_term_string}\"},\"query-input\":{\"@type\":\"PropertyValueSpecification\",\"valueRequired\":true,\"valueName\":\"search_term_string\"}}],\"inLanguage\":\"fr-FR\"}]}<\/script>\n<!-- \/ Yoast SEO Premium plugin. -->","yoast_head_json":{"title":"Rouleau \u00e0 p\u00e2tes Spaghettis : Des p\u00e2tes italiennes authentiques, faciles \u00e0 pr\u00e9parer - Ankarsrum France","robots":{"index":"index","follow":"follow","max-snippet":"max-snippet:-1","max-image-preview":"max-image-preview:large","max-video-preview":"max-video-preview:-1"},"canonical":"https:\/\/www.ankarsrum.com\/fr\/product\/rouleau-a-pates-spaghetti-2mm\/","og_locale":"fr_FR","og_type":"article","og_title":"Rouleau \u00e0 p\u00e2tes Spaghettis : Des p\u00e2tes italiennes authentiques, faciles \u00e0 pr\u00e9parer","og_description":"Impressionnez vos invit\u00e9s avec des spaghettis frais faits maison\u00a0! Le rouleau Spaghettis Ankarsrum vous permet de cr\u00e9er des spaghettis parfaitement r\u00e9guliers, d&#039;une \u00e9paisseur de 2\u00a0mm, rapidement et facilement. Finies les tracas de la d\u00e9coupe manuelle et savourez des p\u00e2tes parfaitement pr\u00e9par\u00e9es \u00e0 chaque fois.","og_url":"https:\/\/www.ankarsrum.com\/fr\/product\/rouleau-a-pates-spaghetti-2mm\/","og_site_name":"Ankarsrum France","article_modified_time":"2026-05-16T00:02:35+00:00","og_image":[{"width":1200,"height":630,"url":"https:\/\/www.ankarsrum.com\/fr\/wp-content\/uploads\/sites\/23\/2024\/09\/spagetti-1.jpg","type":"image\/jpeg"}],"twitter_card":"summary_large_image","twitter_misc":{"Dur\u00e9e de lecture estim\u00e9e":"1 minute"},"schema":{"@context":"https:\/\/schema.org","@graph":[{"@type":"WebPage","@id":"https:\/\/www.ankarsrum.com\/fr\/product\/rouleau-a-pates-spaghetti-2mm\/","url":"https:\/\/www.ankarsrum.com\/fr\/product\/rouleau-a-pates-spaghetti-2mm\/","name":"Rouleau \u00e0 p\u00e2tes Spaghettis : Des p\u00e2tes italiennes authentiques, faciles \u00e0 pr\u00e9parer - Ankarsrum France","isPartOf":{"@id":"https:\/\/www.ankarsrum.com\/fr\/#website"},"primaryImageOfPage":{"@id":"https:\/\/www.ankarsrum.com\/fr\/product\/rouleau-a-pates-spaghetti-2mm\/#primaryimage"},"image":{"@id":"https:\/\/www.ankarsrum.com\/fr\/product\/rouleau-a-pates-spaghetti-2mm\/#primaryimage"},"thumbnailUrl":"https:\/\/www.ankarsrum.com\/img-srv\/WZOjWgrriK-L6ZNNFDNj0PpBnxvF2sZosxnG5syAGB0\/resizing_type:auto\/width:0\/height:0\/gravity:sm\/enlarge:1\/ext:webp\/strip_metadata:1\/quality:90\/cachebuster:filesize-107584\/bG9jYWw6Ly8vd3d3LmFua2Fyc3J1bS5jb20vd3AtY29udGVudC91cGxvYWRzL3NpdGVzLzIzLzIwMjQvMDkvc3BhZ2V0dGktMS5qcGc.webp","datePublished":"2024-07-16T08:00:59+00:00","dateModified":"2026-05-16T00:02:35+00:00","breadcrumb":{"@id":"https:\/\/www.ankarsrum.com\/fr\/product\/rouleau-a-pates-spaghetti-2mm\/#breadcrumb"},"inLanguage":"fr-FR","potentialAction":[{"@type":"ReadAction","target":["https:\/\/www.ankarsrum.com\/fr\/product\/rouleau-a-pates-spaghetti-2mm\/"]}]},{"@type":"ImageObject","inLanguage":"fr-FR","@id":"https:\/\/www.ankarsrum.com\/fr\/product\/rouleau-a-pates-spaghetti-2mm\/#primaryimage","url":"https:\/\/www.ankarsrum.com\/img-srv\/WZOjWgrriK-L6ZNNFDNj0PpBnxvF2sZosxnG5syAGB0\/resizing_type:auto\/width:0\/height:0\/gravity:sm\/enlarge:1\/ext:webp\/strip_metadata:1\/quality:90\/cachebuster:filesize-107584\/bG9jYWw6Ly8vd3d3LmFua2Fyc3J1bS5jb20vd3AtY29udGVudC91cGxvYWRzL3NpdGVzLzIzLzIwMjQvMDkvc3BhZ2V0dGktMS5qcGc.webp","contentUrl":"https:\/\/www.ankarsrum.com\/img-srv\/WZOjWgrriK-L6ZNNFDNj0PpBnxvF2sZosxnG5syAGB0\/resizing_type:auto\/width:0\/height:0\/gravity:sm\/enlarge:1\/ext:webp\/strip_metadata:1\/quality:90\/cachebuster:filesize-107584\/bG9jYWw6Ly8vd3d3LmFua2Fyc3J1bS5jb20vd3AtY29udGVudC91cGxvYWRzL3NpdGVzLzIzLzIwMjQvMDkvc3BhZ2V0dGktMS5qcGc.webp","width":2000,"height":2000},{"@type":"BreadcrumbList","@id":"https:\/\/www.ankarsrum.com\/fr\/product\/rouleau-a-pates-spaghetti-2mm\/#breadcrumb","itemListElement":[{"@type":"ListItem","position":1,"name":"Home","item":"https:\/\/www.ankarsrum.com\/fr\/"},{"@type":"ListItem","position":2,"name":"Produce name","item":"https:\/\/www.ankarsrum.com\/fr\/shop\/"},{"@type":"ListItem","position":3,"name":"Rouleau \u00e0 p\u00e2tes Spaghettis : Des p\u00e2tes italiennes authentiques, faciles \u00e0 pr\u00e9parer"}]},{"@type":"WebSite","@id":"https:\/\/www.ankarsrum.com\/fr\/#website","url":"https:\/\/www.ankarsrum.com\/fr\/","name":"Ankarsrum France","description":"The bread of the world","potentialAction":[{"@type":"SearchAction","target":{"@type":"EntryPoint","urlTemplate":"https:\/\/www.ankarsrum.com\/fr\/?s={search_term_string}"},"query-input":{"@type":"PropertyValueSpecification","valueRequired":true,"valueName":"search_term_string"}}],"inLanguage":"fr-FR"}]}},"_links":{"self":[{"href":"https:\/\/www.ankarsrum.com\/fr\/wp-json\/wp\/v2\/product\/5172","targetHints":{"allow":["GET"]}}],"collection":[{"href":"https:\/\/www.ankarsrum.com\/fr\/wp-json\/wp\/v2\/product"}],"about":[{"href":"https:\/\/www.ankarsrum.com\/fr\/wp-json\/wp\/v2\/types\/product"}],"replies":[{"embeddable":true,"href":"https:\/\/www.ankarsrum.com\/fr\/wp-json\/wp\/v2\/comments?post=5172"}],"wp:featuredmedia":[{"embeddable":true,"href":"https:\/\/www.ankarsrum.com\/fr\/wp-json\/wp\/v2\/media\/10451"}],"wp:attachment":[{"href":"https:\/\/www.ankarsrum.com\/fr\/wp-json\/wp\/v2\/media?parent=5172"}],"wp:term":[{"taxonomy":"product_brand","embeddable":true,"href":"https:\/\/www.ankarsrum.com\/fr\/wp-json\/wp\/v2\/product_brand?post=5172"},{"taxonomy":"product_cat","embeddable":true,"href":"https:\/\/www.ankarsrum.com\/fr\/wp-json\/wp\/v2\/product_cat?post=5172"},{"taxonomy":"product_tag","embeddable":true,"href":"https:\/\/www.ankarsrum.com\/fr\/wp-json\/wp\/v2\/product_tag?post=5172"},{"taxonomy":"product-tag","embeddable":true,"href":"https:\/\/www.ankarsrum.com\/fr\/wp-json\/wp\/v2\/product-tag?post=5172"},{"taxonomy":"machines","embeddable":true,"href":"https:\/\/www.ankarsrum.com\/fr\/wp-json\/wp\/v2\/machines?post=5172"},{"taxonomy":"filter","embeddable":true,"href":"https:\/\/www.ankarsrum.com\/fr\/wp-json\/wp\/v2\/filter?post=5172"}],"curies":[{"name":"wp","href":"https:\/\/api.w.org\/{rel}","templated":true}]}}