{"id":8416,"date":"2024-07-15T15:19:22","date_gmt":"2024-07-15T13:19:22","guid":{"rendered":"https:\/\/www.ankarsrum.com\/fr\/product\/coupe-legumes\/"},"modified":"2026-05-16T02:02:27","modified_gmt":"2026-05-16T00:02:27","slug":"coupe-legumes","status":"publish","type":"product","link":"https:\/\/www.ankarsrum.com\/fr\/product\/coupe-legumes\/","title":{"rendered":"Coupe-l\u00e9gumes"},"content":{"rendered":"<p class=\"MsoNormal\"><span style=\"mso-ansi-language: FR;\">Le coupe-l\u00e9gumes se fixe facilement \u00e0 l&#039;Assistent Original et rend la pr\u00e9paration de la cuisine plus rapide, plus simple et plus agr\u00e9able. Les trois cylindres inclus vous donnent tout ce dont vous avez besoin pour obtenir r\u00e2per, \u00e9mincer et trancher en un rien de temps : <\/span><\/p>\n<ul>\n<li><span>Cylindre \u00e0 trancher : parfait pour trancher les pommes de terre, les oignons, les l\u00e9gumes racines, les fruits et les l\u00e9gumes verts. Cr\u00e9ez facilement de belles salades et des plats mijot\u00e9s.<\/span><\/li>\n<li><span>Cylindre \u00e0 r\u00e2per grossier : r\u00e2pe les l\u00e9gumes-racines, les l\u00e9gumes verts, les fruits pour les soupes et les tartes, ou les noix, le chocolat et le fromage &#8211; rapidement et facilement.<\/span><\/li>\n<li><span>Cylindre \u00e0 r\u00e2per moyen : parfait pour les crudit\u00e9s et pour r\u00e2per les fruits et le fromage &#8211; directement dans le bol.<\/span><\/li>\n<\/ul>\n<p class=\"MsoNormal\"><span style=\"mso-ansi-language: FR;\">Pour plus de polyvalence, Ankarsrum propose des cylindres suppl\u00e9mentaires pour le coupe-l\u00e9gumes, qui comprend un ensemble avec une r\u00e2pe fine, une r\u00e2pe \u00e0 \u00e9mincer et une r\u00e2pe presse-pur\u00e9e. Le coupe-l\u00e9gumes est un accessoire indispensable pour cr\u00e9er des repas frais et sains !<\/span><\/p>\n<p class=\"MsoNormal\"><strong>Le coupe-l\u00e9gumes est compatible avec tous les mod\u00e8les Assistent Original &#8211; Type : N1-N30 | Type : N30 \/ Mod\u00e8le : AKM6230<\/strong><\/p>\n<p class=\"MsoNormal\">Qu&#039;est-ce qui est inclus ?<\/p>\n<ul>\n<li class=\"MsoNormal\">Cylindre \u00e0 trancher<\/li>\n<li class=\"MsoNormal\">Cylindre \u00e0 r\u00e2per grossier<\/li>\n<li class=\"MsoNormal\">Cylindre \u00e0 r\u00e2per moyen<\/li>\n<li class=\"MsoNormal\">Poussoir pour coupe-l\u00e9gumes<\/li>\n<li class=\"MsoNormal\">Bague de serrage<\/li>\n<li class=\"MsoNormal\">Bo\u00eetier principal<\/li>\n<\/ul>","protected":false},"excerpt":{"rendered":"<p class=\"MsoNormal\"><span style=\"mso-ansi-language: FR;\">Simplifiez vos pr\u00e9parations culinaires avec le coupe-l\u00e9gumes Ankarsrum. Parfait pour trancher, h\u00e2cher et r\u00e2per rapidement les pommes de terre, les fruits et les l\u00e9gumes. Avec trois cylindres inclus, c&#039;est un outil polyvalent qui rend la cuisine plus amusante &#8211; et permet de gagner du temps !<\/span><\/p>\n","protected":false},"featured_media":10354,"comment_status":"open","ping_status":"closed","template":"","meta":{"_acf_changed":false,"content-type":"","editor_notices":[]},"product_brand":[],"product_cat":[139],"product_tag":[],"product-tag":[],"machines":[],"filter":[252,241],"class_list":{"0":"post-8416","1":"product","2":"type-product","3":"status-publish","4":"has-post-thumbnail","6":"product_cat-accessoires","7":"filter-go-green","8":"filter-plats","10":"first","11":"instock","12":"taxable","13":"shipping-taxable","14":"purchasable","15":"product-type-simple"},"bundled_by":[],"bundle_stock_status":"instock","bundle_stock_quantity":null,"bundle_virtual":false,"bundle_layout":"","bundle_add_to_cart_form_location":"","bundle_editable_in_cart":false,"bundle_sold_individually_context":"","bundle_item_grouping":"","bundle_min_size":"","bundle_max_size":"","bundle_price":[],"bundled_items":[],"bundle_sell_ids":[],"acf":[],"yoast_head":"<!-- This site is optimized with the Yoast SEO Premium plugin v26.6 (Yoast SEO v26.6) - https:\/\/yoast.com\/wordpress\/plugins\/seo\/ -->\n<title>Coupe-l\u00e9gumes - Ankarsrum France<\/title>\n<meta name=\"description\" content=\"Transformez votre robot p\u00e2tissier en v\u00e9ritable Assistant de cuisine, avec le coupe-l\u00e9gumes, \u00e9quip\u00e9 de 3 cylindres, gagnez un temps consid\u00e9rable\" \/>\n<meta name=\"robots\" content=\"index, follow, max-snippet:-1, max-image-preview:large, max-video-preview:-1\" \/>\n<link rel=\"canonical\" href=\"https:\/\/www.ankarsrum.com\/fr\/product\/coupe-legumes\/\" \/>\n<meta property=\"og:locale\" content=\"fr_FR\" \/>\n<meta property=\"og:type\" content=\"article\" \/>\n<meta property=\"og:title\" content=\"Coupe-l\u00e9gumes\" \/>\n<meta property=\"og:description\" content=\"Transformez votre robot p\u00e2tissier en v\u00e9ritable Assistant de cuisine, avec le coupe-l\u00e9gumes, \u00e9quip\u00e9 de 3 cylindres, gagnez un temps consid\u00e9rable\" \/>\n<meta property=\"og:url\" content=\"https:\/\/www.ankarsrum.com\/fr\/product\/coupe-legumes\/\" \/>\n<meta property=\"og:site_name\" content=\"Ankarsrum France\" \/>\n<meta property=\"article:modified_time\" content=\"2026-05-16T00:02:27+00:00\" \/>\n<meta property=\"og:image\" content=\"https:\/\/www.ankarsrum.com\/fr\/wp-content\/uploads\/sites\/23\/2024\/09\/vegetable-cutter.jpg\" \/>\n\t<meta property=\"og:image:width\" content=\"1200\" \/>\n\t<meta property=\"og:image:height\" content=\"630\" \/>\n\t<meta property=\"og:image:type\" content=\"image\/jpeg\" \/>\n<meta name=\"twitter:card\" content=\"summary_large_image\" \/>\n<meta name=\"twitter:label1\" content=\"Dur\u00e9e de lecture estim\u00e9e\" \/>\n\t<meta name=\"twitter:data1\" content=\"2 minutes\" \/>\n<script type=\"application\/ld+json\" class=\"yoast-schema-graph\">{\"@context\":\"https:\/\/schema.org\",\"@graph\":[{\"@type\":\"WebPage\",\"@id\":\"https:\/\/www.ankarsrum.com\/fr\/product\/coupe-legumes\/\",\"url\":\"https:\/\/www.ankarsrum.com\/fr\/product\/coupe-legumes\/\",\"name\":\"Coupe-l\u00e9gumes - Ankarsrum France\",\"isPartOf\":{\"@id\":\"https:\/\/www.ankarsrum.com\/fr\/#website\"},\"primaryImageOfPage\":{\"@id\":\"https:\/\/www.ankarsrum.com\/fr\/product\/coupe-legumes\/#primaryimage\"},\"image\":{\"@id\":\"https:\/\/www.ankarsrum.com\/fr\/product\/coupe-legumes\/#primaryimage\"},\"thumbnailUrl\":\"https:\/\/www.ankarsrum.com\/img-srv\/0_XhRlnK-KZaJ-nv5m_YlNgYASJihi0MvpAZz8_UGBo\/resizing_type:auto\/width:0\/height:0\/gravity:sm\/enlarge:1\/ext:webp\/strip_metadata:1\/quality:90\/cachebuster:filesize-105500\/bG9jYWw6Ly8vd3d3LmFua2Fyc3J1bS5jb20vd3AtY29udGVudC91cGxvYWRzL3NpdGVzLzIzLzIwMjQvMDkvdmVnZXRhYmxlLWN1dHRlci5qcGc.webp\",\"datePublished\":\"2024-07-15T13:19:22+00:00\",\"dateModified\":\"2026-05-16T00:02:27+00:00\",\"description\":\"Transformez votre robot p\u00e2tissier en v\u00e9ritable Assistant de cuisine, avec le coupe-l\u00e9gumes, \u00e9quip\u00e9 de 3 cylindres, gagnez un temps consid\u00e9rable\",\"breadcrumb\":{\"@id\":\"https:\/\/www.ankarsrum.com\/fr\/product\/coupe-legumes\/#breadcrumb\"},\"inLanguage\":\"fr-FR\",\"potentialAction\":[{\"@type\":\"ReadAction\",\"target\":[\"https:\/\/www.ankarsrum.com\/fr\/product\/coupe-legumes\/\"]}]},{\"@type\":\"ImageObject\",\"inLanguage\":\"fr-FR\",\"@id\":\"https:\/\/www.ankarsrum.com\/fr\/product\/coupe-legumes\/#primaryimage\",\"url\":\"https:\/\/www.ankarsrum.com\/img-srv\/0_XhRlnK-KZaJ-nv5m_YlNgYASJihi0MvpAZz8_UGBo\/resizing_type:auto\/width:0\/height:0\/gravity:sm\/enlarge:1\/ext:webp\/strip_metadata:1\/quality:90\/cachebuster:filesize-105500\/bG9jYWw6Ly8vd3d3LmFua2Fyc3J1bS5jb20vd3AtY29udGVudC91cGxvYWRzL3NpdGVzLzIzLzIwMjQvMDkvdmVnZXRhYmxlLWN1dHRlci5qcGc.webp\",\"contentUrl\":\"https:\/\/www.ankarsrum.com\/img-srv\/0_XhRlnK-KZaJ-nv5m_YlNgYASJihi0MvpAZz8_UGBo\/resizing_type:auto\/width:0\/height:0\/gravity:sm\/enlarge:1\/ext:webp\/strip_metadata:1\/quality:90\/cachebuster:filesize-105500\/bG9jYWw6Ly8vd3d3LmFua2Fyc3J1bS5jb20vd3AtY29udGVudC91cGxvYWRzL3NpdGVzLzIzLzIwMjQvMDkvdmVnZXRhYmxlLWN1dHRlci5qcGc.webp\",\"width\":2000,\"height\":2000},{\"@type\":\"BreadcrumbList\",\"@id\":\"https:\/\/www.ankarsrum.com\/fr\/product\/coupe-legumes\/#breadcrumb\",\"itemListElement\":[{\"@type\":\"ListItem\",\"position\":1,\"name\":\"Home\",\"item\":\"https:\/\/www.ankarsrum.com\/fr\/\"},{\"@type\":\"ListItem\",\"position\":2,\"name\":\"Produce name\",\"item\":\"https:\/\/www.ankarsrum.com\/fr\/shop\/\"},{\"@type\":\"ListItem\",\"position\":3,\"name\":\"Coupe-l\u00e9gumes\"}]},{\"@type\":\"WebSite\",\"@id\":\"https:\/\/www.ankarsrum.com\/fr\/#website\",\"url\":\"https:\/\/www.ankarsrum.com\/fr\/\",\"name\":\"Ankarsrum France\",\"description\":\"The bread of the world\",\"potentialAction\":[{\"@type\":\"SearchAction\",\"target\":{\"@type\":\"EntryPoint\",\"urlTemplate\":\"https:\/\/www.ankarsrum.com\/fr\/?s={search_term_string}\"},\"query-input\":{\"@type\":\"PropertyValueSpecification\",\"valueRequired\":true,\"valueName\":\"search_term_string\"}}],\"inLanguage\":\"fr-FR\"}]}<\/script>\n<!-- \/ Yoast SEO Premium plugin. -->","yoast_head_json":{"title":"Coupe-l\u00e9gumes - Ankarsrum France","description":"Transformez votre robot p\u00e2tissier en v\u00e9ritable Assistant de cuisine, avec le coupe-l\u00e9gumes, \u00e9quip\u00e9 de 3 cylindres, gagnez un temps consid\u00e9rable","robots":{"index":"index","follow":"follow","max-snippet":"max-snippet:-1","max-image-preview":"max-image-preview:large","max-video-preview":"max-video-preview:-1"},"canonical":"https:\/\/www.ankarsrum.com\/fr\/product\/coupe-legumes\/","og_locale":"fr_FR","og_type":"article","og_title":"Coupe-l\u00e9gumes","og_description":"Transformez votre robot p\u00e2tissier en v\u00e9ritable Assistant de cuisine, avec le coupe-l\u00e9gumes, \u00e9quip\u00e9 de 3 cylindres, gagnez un temps consid\u00e9rable","og_url":"https:\/\/www.ankarsrum.com\/fr\/product\/coupe-legumes\/","og_site_name":"Ankarsrum France","article_modified_time":"2026-05-16T00:02:27+00:00","og_image":[{"width":1200,"height":630,"url":"https:\/\/www.ankarsrum.com\/fr\/wp-content\/uploads\/sites\/23\/2024\/09\/vegetable-cutter.jpg","type":"image\/jpeg"}],"twitter_card":"summary_large_image","twitter_misc":{"Dur\u00e9e de lecture estim\u00e9e":"2 minutes"},"schema":{"@context":"https:\/\/schema.org","@graph":[{"@type":"WebPage","@id":"https:\/\/www.ankarsrum.com\/fr\/product\/coupe-legumes\/","url":"https:\/\/www.ankarsrum.com\/fr\/product\/coupe-legumes\/","name":"Coupe-l\u00e9gumes - Ankarsrum France","isPartOf":{"@id":"https:\/\/www.ankarsrum.com\/fr\/#website"},"primaryImageOfPage":{"@id":"https:\/\/www.ankarsrum.com\/fr\/product\/coupe-legumes\/#primaryimage"},"image":{"@id":"https:\/\/www.ankarsrum.com\/fr\/product\/coupe-legumes\/#primaryimage"},"thumbnailUrl":"https:\/\/www.ankarsrum.com\/img-srv\/0_XhRlnK-KZaJ-nv5m_YlNgYASJihi0MvpAZz8_UGBo\/resizing_type:auto\/width:0\/height:0\/gravity:sm\/enlarge:1\/ext:webp\/strip_metadata:1\/quality:90\/cachebuster:filesize-105500\/bG9jYWw6Ly8vd3d3LmFua2Fyc3J1bS5jb20vd3AtY29udGVudC91cGxvYWRzL3NpdGVzLzIzLzIwMjQvMDkvdmVnZXRhYmxlLWN1dHRlci5qcGc.webp","datePublished":"2024-07-15T13:19:22+00:00","dateModified":"2026-05-16T00:02:27+00:00","description":"Transformez votre robot p\u00e2tissier en v\u00e9ritable Assistant de cuisine, avec le coupe-l\u00e9gumes, \u00e9quip\u00e9 de 3 cylindres, gagnez un temps consid\u00e9rable","breadcrumb":{"@id":"https:\/\/www.ankarsrum.com\/fr\/product\/coupe-legumes\/#breadcrumb"},"inLanguage":"fr-FR","potentialAction":[{"@type":"ReadAction","target":["https:\/\/www.ankarsrum.com\/fr\/product\/coupe-legumes\/"]}]},{"@type":"ImageObject","inLanguage":"fr-FR","@id":"https:\/\/www.ankarsrum.com\/fr\/product\/coupe-legumes\/#primaryimage","url":"https:\/\/www.ankarsrum.com\/img-srv\/0_XhRlnK-KZaJ-nv5m_YlNgYASJihi0MvpAZz8_UGBo\/resizing_type:auto\/width:0\/height:0\/gravity:sm\/enlarge:1\/ext:webp\/strip_metadata:1\/quality:90\/cachebuster:filesize-105500\/bG9jYWw6Ly8vd3d3LmFua2Fyc3J1bS5jb20vd3AtY29udGVudC91cGxvYWRzL3NpdGVzLzIzLzIwMjQvMDkvdmVnZXRhYmxlLWN1dHRlci5qcGc.webp","contentUrl":"https:\/\/www.ankarsrum.com\/img-srv\/0_XhRlnK-KZaJ-nv5m_YlNgYASJihi0MvpAZz8_UGBo\/resizing_type:auto\/width:0\/height:0\/gravity:sm\/enlarge:1\/ext:webp\/strip_metadata:1\/quality:90\/cachebuster:filesize-105500\/bG9jYWw6Ly8vd3d3LmFua2Fyc3J1bS5jb20vd3AtY29udGVudC91cGxvYWRzL3NpdGVzLzIzLzIwMjQvMDkvdmVnZXRhYmxlLWN1dHRlci5qcGc.webp","width":2000,"height":2000},{"@type":"BreadcrumbList","@id":"https:\/\/www.ankarsrum.com\/fr\/product\/coupe-legumes\/#breadcrumb","itemListElement":[{"@type":"ListItem","position":1,"name":"Home","item":"https:\/\/www.ankarsrum.com\/fr\/"},{"@type":"ListItem","position":2,"name":"Produce name","item":"https:\/\/www.ankarsrum.com\/fr\/shop\/"},{"@type":"ListItem","position":3,"name":"Coupe-l\u00e9gumes"}]},{"@type":"WebSite","@id":"https:\/\/www.ankarsrum.com\/fr\/#website","url":"https:\/\/www.ankarsrum.com\/fr\/","name":"Ankarsrum France","description":"The bread of the world","potentialAction":[{"@type":"SearchAction","target":{"@type":"EntryPoint","urlTemplate":"https:\/\/www.ankarsrum.com\/fr\/?s={search_term_string}"},"query-input":{"@type":"PropertyValueSpecification","valueRequired":true,"valueName":"search_term_string"}}],"inLanguage":"fr-FR"}]}},"_links":{"self":[{"href":"https:\/\/www.ankarsrum.com\/fr\/wp-json\/wp\/v2\/product\/8416","targetHints":{"allow":["GET"]}}],"collection":[{"href":"https:\/\/www.ankarsrum.com\/fr\/wp-json\/wp\/v2\/product"}],"about":[{"href":"https:\/\/www.ankarsrum.com\/fr\/wp-json\/wp\/v2\/types\/product"}],"replies":[{"embeddable":true,"href":"https:\/\/www.ankarsrum.com\/fr\/wp-json\/wp\/v2\/comments?post=8416"}],"wp:featuredmedia":[{"embeddable":true,"href":"https:\/\/www.ankarsrum.com\/fr\/wp-json\/wp\/v2\/media\/10354"}],"wp:attachment":[{"href":"https:\/\/www.ankarsrum.com\/fr\/wp-json\/wp\/v2\/media?parent=8416"}],"wp:term":[{"taxonomy":"product_brand","embeddable":true,"href":"https:\/\/www.ankarsrum.com\/fr\/wp-json\/wp\/v2\/product_brand?post=8416"},{"taxonomy":"product_cat","embeddable":true,"href":"https:\/\/www.ankarsrum.com\/fr\/wp-json\/wp\/v2\/product_cat?post=8416"},{"taxonomy":"product_tag","embeddable":true,"href":"https:\/\/www.ankarsrum.com\/fr\/wp-json\/wp\/v2\/product_tag?post=8416"},{"taxonomy":"product-tag","embeddable":true,"href":"https:\/\/www.ankarsrum.com\/fr\/wp-json\/wp\/v2\/product-tag?post=8416"},{"taxonomy":"machines","embeddable":true,"href":"https:\/\/www.ankarsrum.com\/fr\/wp-json\/wp\/v2\/machines?post=8416"},{"taxonomy":"filter","embeddable":true,"href":"https:\/\/www.ankarsrum.com\/fr\/wp-json\/wp\/v2\/filter?post=8416"}],"curies":[{"name":"wp","href":"https:\/\/api.w.org\/{rel}","templated":true}]}}