{"id":9232,"date":"2024-07-16T15:07:54","date_gmt":"2024-07-16T13:07:54","guid":{"rendered":"https:\/\/www.ankarsrum.com\/fr\/product\/bol-melangeur-en-acier-inoxydable\/"},"modified":"2026-05-12T01:42:37","modified_gmt":"2026-05-11T23:42:37","slug":"bol-melangeur-en-acier-inoxydable","status":"publish","type":"product","link":"https:\/\/www.ankarsrum.com\/fr\/product\/bol-melangeur-en-acier-inoxydable\/","title":{"rendered":"Bol de m\u00e9lange inox"},"content":{"rendered":"<p class=\"MsoNormal\"><span style=\"mso-ansi-language: FR;\">Notre bol de m\u00e9lange est indispensable pour tous les amateurs de p\u00e2tisserie. Fabriqu\u00e9 en acier inoxydable de premi\u00e8re qualit\u00e9, ce bol est durable et facile \u00e0 nettoyer. Il peut supporter des temp\u00e9ratures \u00e9lev\u00e9es, ce qui le rend id\u00e9al pour fouetter la meringue italienne et d&#039;autres cr\u00e9ations sensibles \u00e0 la temp\u00e9rature. Son design classique en fait non seulement un accessoire pratique, mais aussi un compl\u00e9ment \u00e9l\u00e9gant \u00e0 votre cuisine.\u00a0<\/span><\/p>\n<p class=\"MsoNormal\"><span style=\"mso-ansi-language: FR;\">Le bol de m\u00e9lange a une capacit\u00e9 g\u00e9n\u00e9reuse de 3,5 litres, des rep\u00e8res gradu\u00e9s \u00e0 l&#039;int\u00e9rieur, un bec verseur et une poign\u00e9e. L&#039;anneau en silicone sur le fond offre une stabilit\u00e9 suppl\u00e9mentaire pour que vous puissiez vous concentrer sur la cr\u00e9ation de p\u00e2tisseries spectaculaires en toute simplicit\u00e9.<\/span><\/p>\n<p class=\"MsoNormal\"><strong>Le bol de m\u00e9lange en acier inoxydable est compatible avec tous les appareils Assistent Original &#8211; Type : N1-N28 | Type : N30\/Mod\u00e8le : AKM6230<\/strong><\/p>\n<p class=\"MsoNormal\">Qu&#039;est-ce qui est inclus ?<\/p>\n<ul>\n<li class=\"MsoNormal\">Bol en acier inoxydable<\/li>\n<li class=\"MsoNormal\">Anneau en silicone<\/li>\n<\/ul>","protected":false},"excerpt":{"rendered":"<p class=\"MsoNormal\"><span style=\"mso-ansi-language: FR;\">Faites passer vos p\u00e2tisseries au niveau sup\u00e9rieur avec notre bol de m\u00e9lange en acier inoxydable ! Parfait pour tout, de la meringue italienne aux macarons color\u00e9s, le bol est \u00e0 la fois r\u00e9sistant \u00e0 la chaleur et durable, facile \u00e0 nettoyer et dot\u00e9 d&#039;un design intemporel qui s&#039;int\u00e8gre parfaitement dans toutes les cuisines.<\/span><\/p>\n","protected":false},"featured_media":10329,"comment_status":"open","ping_status":"closed","template":"","meta":{"_acf_changed":false,"content-type":"","editor_notices":[]},"product_brand":[],"product_cat":[139],"product_tag":[],"product-tag":[],"machines":[],"filter":[254],"class_list":{"0":"post-9232","1":"product","2":"type-product","3":"status-publish","4":"has-post-thumbnail","6":"product_cat-accessoires","7":"filter-desserts","9":"first","10":"instock","11":"taxable","12":"shipping-taxable","13":"purchasable","14":"product-type-simple"},"bundled_by":[],"bundle_stock_status":"instock","bundle_stock_quantity":null,"bundle_virtual":false,"bundle_layout":"","bundle_add_to_cart_form_location":"","bundle_editable_in_cart":false,"bundle_sold_individually_context":"","bundle_item_grouping":"","bundle_min_size":"","bundle_max_size":"","bundle_price":[],"bundled_items":[],"bundle_sell_ids":[],"acf":[],"yoast_head":"<!-- This site is optimized with the Yoast SEO Premium plugin v26.6 (Yoast SEO v26.6) - https:\/\/yoast.com\/wordpress\/plugins\/seo\/ -->\n<title>Bol de m\u00e9lange inox - Ankarsrum France<\/title>\n<meta name=\"robots\" content=\"index, follow, max-snippet:-1, max-image-preview:large, max-video-preview:-1\" \/>\n<link rel=\"canonical\" href=\"https:\/\/www.ankarsrum.com\/fr\/product\/bol-melangeur-en-acier-inoxydable\/\" \/>\n<meta property=\"og:locale\" content=\"fr_FR\" \/>\n<meta property=\"og:type\" content=\"article\" \/>\n<meta property=\"og:title\" content=\"Bol de m\u00e9lange inox\" \/>\n<meta property=\"og:description\" content=\"Faites passer vos p\u00e2tisseries au niveau sup\u00e9rieur avec notre bol de m\u00e9lange en acier inoxydable ! Parfait pour tout, de la meringue italienne aux macarons color\u00e9s, le bol est \u00e0 la fois r\u00e9sistant \u00e0 la chaleur et durable, facile \u00e0 nettoyer et dot\u00e9 d&#039;un design intemporel qui s&#039;int\u00e8gre parfaitement dans toutes les cuisines.\" \/>\n<meta property=\"og:url\" content=\"https:\/\/www.ankarsrum.com\/fr\/product\/bol-melangeur-en-acier-inoxydable\/\" \/>\n<meta property=\"og:site_name\" content=\"Ankarsrum France\" \/>\n<meta property=\"article:modified_time\" content=\"2026-05-11T23:42:37+00:00\" \/>\n<meta property=\"og:image\" content=\"https:\/\/www.ankarsrum.com\/fr\/wp-content\/uploads\/sites\/23\/2024\/09\/beater-bowl-in-stainless-steel.jpg\" \/>\n\t<meta property=\"og:image:width\" content=\"1200\" \/>\n\t<meta property=\"og:image:height\" content=\"630\" \/>\n\t<meta property=\"og:image:type\" content=\"image\/jpeg\" \/>\n<meta name=\"twitter:card\" content=\"summary_large_image\" \/>\n<meta name=\"twitter:label1\" content=\"Dur\u00e9e de lecture estim\u00e9e\" \/>\n\t<meta name=\"twitter:data1\" content=\"1 minute\" \/>\n<script type=\"application\/ld+json\" class=\"yoast-schema-graph\">{\"@context\":\"https:\/\/schema.org\",\"@graph\":[{\"@type\":\"WebPage\",\"@id\":\"https:\/\/www.ankarsrum.com\/fr\/product\/bol-melangeur-en-acier-inoxydable\/\",\"url\":\"https:\/\/www.ankarsrum.com\/fr\/product\/bol-melangeur-en-acier-inoxydable\/\",\"name\":\"Bol de m\u00e9lange inox - Ankarsrum France\",\"isPartOf\":{\"@id\":\"https:\/\/www.ankarsrum.com\/fr\/#website\"},\"primaryImageOfPage\":{\"@id\":\"https:\/\/www.ankarsrum.com\/fr\/product\/bol-melangeur-en-acier-inoxydable\/#primaryimage\"},\"image\":{\"@id\":\"https:\/\/www.ankarsrum.com\/fr\/product\/bol-melangeur-en-acier-inoxydable\/#primaryimage\"},\"thumbnailUrl\":\"https:\/\/www.ankarsrum.com\/img-srv\/t1DSnMpFnjLH_QoBz9QOqz_B1ivtOri5GnOVsiDeHk0\/resizing_type:auto\/width:0\/height:0\/gravity:sm\/enlarge:1\/ext:webp\/strip_metadata:1\/quality:90\/cachebuster:filesize-115069\/bG9jYWw6Ly8vd3d3LmFua2Fyc3J1bS5jb20vd3AtY29udGVudC91cGxvYWRzL3NpdGVzLzIzLzIwMjQvMDkvYmVhdGVyLWJvd2wtaW4tc3RhaW5sZXNzLXN0ZWVsLmpwZw.webp\",\"datePublished\":\"2024-07-16T13:07:54+00:00\",\"dateModified\":\"2026-05-11T23:42:37+00:00\",\"breadcrumb\":{\"@id\":\"https:\/\/www.ankarsrum.com\/fr\/product\/bol-melangeur-en-acier-inoxydable\/#breadcrumb\"},\"inLanguage\":\"fr-FR\",\"potentialAction\":[{\"@type\":\"ReadAction\",\"target\":[\"https:\/\/www.ankarsrum.com\/fr\/product\/bol-melangeur-en-acier-inoxydable\/\"]}]},{\"@type\":\"ImageObject\",\"inLanguage\":\"fr-FR\",\"@id\":\"https:\/\/www.ankarsrum.com\/fr\/product\/bol-melangeur-en-acier-inoxydable\/#primaryimage\",\"url\":\"https:\/\/www.ankarsrum.com\/img-srv\/t1DSnMpFnjLH_QoBz9QOqz_B1ivtOri5GnOVsiDeHk0\/resizing_type:auto\/width:0\/height:0\/gravity:sm\/enlarge:1\/ext:webp\/strip_metadata:1\/quality:90\/cachebuster:filesize-115069\/bG9jYWw6Ly8vd3d3LmFua2Fyc3J1bS5jb20vd3AtY29udGVudC91cGxvYWRzL3NpdGVzLzIzLzIwMjQvMDkvYmVhdGVyLWJvd2wtaW4tc3RhaW5sZXNzLXN0ZWVsLmpwZw.webp\",\"contentUrl\":\"https:\/\/www.ankarsrum.com\/img-srv\/t1DSnMpFnjLH_QoBz9QOqz_B1ivtOri5GnOVsiDeHk0\/resizing_type:auto\/width:0\/height:0\/gravity:sm\/enlarge:1\/ext:webp\/strip_metadata:1\/quality:90\/cachebuster:filesize-115069\/bG9jYWw6Ly8vd3d3LmFua2Fyc3J1bS5jb20vd3AtY29udGVudC91cGxvYWRzL3NpdGVzLzIzLzIwMjQvMDkvYmVhdGVyLWJvd2wtaW4tc3RhaW5sZXNzLXN0ZWVsLmpwZw.webp\",\"width\":2000,\"height\":2000},{\"@type\":\"BreadcrumbList\",\"@id\":\"https:\/\/www.ankarsrum.com\/fr\/product\/bol-melangeur-en-acier-inoxydable\/#breadcrumb\",\"itemListElement\":[{\"@type\":\"ListItem\",\"position\":1,\"name\":\"Home\",\"item\":\"https:\/\/www.ankarsrum.com\/fr\/\"},{\"@type\":\"ListItem\",\"position\":2,\"name\":\"Produce name\",\"item\":\"https:\/\/www.ankarsrum.com\/fr\/shop\/\"},{\"@type\":\"ListItem\",\"position\":3,\"name\":\"Bol de m\u00e9lange inox\"}]},{\"@type\":\"WebSite\",\"@id\":\"https:\/\/www.ankarsrum.com\/fr\/#website\",\"url\":\"https:\/\/www.ankarsrum.com\/fr\/\",\"name\":\"Ankarsrum France\",\"description\":\"The bread of the world\",\"potentialAction\":[{\"@type\":\"SearchAction\",\"target\":{\"@type\":\"EntryPoint\",\"urlTemplate\":\"https:\/\/www.ankarsrum.com\/fr\/?s={search_term_string}\"},\"query-input\":{\"@type\":\"PropertyValueSpecification\",\"valueRequired\":true,\"valueName\":\"search_term_string\"}}],\"inLanguage\":\"fr-FR\"}]}<\/script>\n<!-- \/ Yoast SEO Premium plugin. -->","yoast_head_json":{"title":"Bol de m\u00e9lange inox - Ankarsrum France","robots":{"index":"index","follow":"follow","max-snippet":"max-snippet:-1","max-image-preview":"max-image-preview:large","max-video-preview":"max-video-preview:-1"},"canonical":"https:\/\/www.ankarsrum.com\/fr\/product\/bol-melangeur-en-acier-inoxydable\/","og_locale":"fr_FR","og_type":"article","og_title":"Bol de m\u00e9lange inox","og_description":"Faites passer vos p\u00e2tisseries au niveau sup\u00e9rieur avec notre bol de m\u00e9lange en acier inoxydable ! Parfait pour tout, de la meringue italienne aux macarons color\u00e9s, le bol est \u00e0 la fois r\u00e9sistant \u00e0 la chaleur et durable, facile \u00e0 nettoyer et dot\u00e9 d&#039;un design intemporel qui s&#039;int\u00e8gre parfaitement dans toutes les cuisines.","og_url":"https:\/\/www.ankarsrum.com\/fr\/product\/bol-melangeur-en-acier-inoxydable\/","og_site_name":"Ankarsrum France","article_modified_time":"2026-05-11T23:42:37+00:00","og_image":[{"width":1200,"height":630,"url":"https:\/\/www.ankarsrum.com\/fr\/wp-content\/uploads\/sites\/23\/2024\/09\/beater-bowl-in-stainless-steel.jpg","type":"image\/jpeg"}],"twitter_card":"summary_large_image","twitter_misc":{"Dur\u00e9e de lecture estim\u00e9e":"1 minute"},"schema":{"@context":"https:\/\/schema.org","@graph":[{"@type":"WebPage","@id":"https:\/\/www.ankarsrum.com\/fr\/product\/bol-melangeur-en-acier-inoxydable\/","url":"https:\/\/www.ankarsrum.com\/fr\/product\/bol-melangeur-en-acier-inoxydable\/","name":"Bol de m\u00e9lange inox - Ankarsrum France","isPartOf":{"@id":"https:\/\/www.ankarsrum.com\/fr\/#website"},"primaryImageOfPage":{"@id":"https:\/\/www.ankarsrum.com\/fr\/product\/bol-melangeur-en-acier-inoxydable\/#primaryimage"},"image":{"@id":"https:\/\/www.ankarsrum.com\/fr\/product\/bol-melangeur-en-acier-inoxydable\/#primaryimage"},"thumbnailUrl":"https:\/\/www.ankarsrum.com\/img-srv\/t1DSnMpFnjLH_QoBz9QOqz_B1ivtOri5GnOVsiDeHk0\/resizing_type:auto\/width:0\/height:0\/gravity:sm\/enlarge:1\/ext:webp\/strip_metadata:1\/quality:90\/cachebuster:filesize-115069\/bG9jYWw6Ly8vd3d3LmFua2Fyc3J1bS5jb20vd3AtY29udGVudC91cGxvYWRzL3NpdGVzLzIzLzIwMjQvMDkvYmVhdGVyLWJvd2wtaW4tc3RhaW5sZXNzLXN0ZWVsLmpwZw.webp","datePublished":"2024-07-16T13:07:54+00:00","dateModified":"2026-05-11T23:42:37+00:00","breadcrumb":{"@id":"https:\/\/www.ankarsrum.com\/fr\/product\/bol-melangeur-en-acier-inoxydable\/#breadcrumb"},"inLanguage":"fr-FR","potentialAction":[{"@type":"ReadAction","target":["https:\/\/www.ankarsrum.com\/fr\/product\/bol-melangeur-en-acier-inoxydable\/"]}]},{"@type":"ImageObject","inLanguage":"fr-FR","@id":"https:\/\/www.ankarsrum.com\/fr\/product\/bol-melangeur-en-acier-inoxydable\/#primaryimage","url":"https:\/\/www.ankarsrum.com\/img-srv\/t1DSnMpFnjLH_QoBz9QOqz_B1ivtOri5GnOVsiDeHk0\/resizing_type:auto\/width:0\/height:0\/gravity:sm\/enlarge:1\/ext:webp\/strip_metadata:1\/quality:90\/cachebuster:filesize-115069\/bG9jYWw6Ly8vd3d3LmFua2Fyc3J1bS5jb20vd3AtY29udGVudC91cGxvYWRzL3NpdGVzLzIzLzIwMjQvMDkvYmVhdGVyLWJvd2wtaW4tc3RhaW5sZXNzLXN0ZWVsLmpwZw.webp","contentUrl":"https:\/\/www.ankarsrum.com\/img-srv\/t1DSnMpFnjLH_QoBz9QOqz_B1ivtOri5GnOVsiDeHk0\/resizing_type:auto\/width:0\/height:0\/gravity:sm\/enlarge:1\/ext:webp\/strip_metadata:1\/quality:90\/cachebuster:filesize-115069\/bG9jYWw6Ly8vd3d3LmFua2Fyc3J1bS5jb20vd3AtY29udGVudC91cGxvYWRzL3NpdGVzLzIzLzIwMjQvMDkvYmVhdGVyLWJvd2wtaW4tc3RhaW5sZXNzLXN0ZWVsLmpwZw.webp","width":2000,"height":2000},{"@type":"BreadcrumbList","@id":"https:\/\/www.ankarsrum.com\/fr\/product\/bol-melangeur-en-acier-inoxydable\/#breadcrumb","itemListElement":[{"@type":"ListItem","position":1,"name":"Home","item":"https:\/\/www.ankarsrum.com\/fr\/"},{"@type":"ListItem","position":2,"name":"Produce name","item":"https:\/\/www.ankarsrum.com\/fr\/shop\/"},{"@type":"ListItem","position":3,"name":"Bol de m\u00e9lange inox"}]},{"@type":"WebSite","@id":"https:\/\/www.ankarsrum.com\/fr\/#website","url":"https:\/\/www.ankarsrum.com\/fr\/","name":"Ankarsrum France","description":"The bread of the world","potentialAction":[{"@type":"SearchAction","target":{"@type":"EntryPoint","urlTemplate":"https:\/\/www.ankarsrum.com\/fr\/?s={search_term_string}"},"query-input":{"@type":"PropertyValueSpecification","valueRequired":true,"valueName":"search_term_string"}}],"inLanguage":"fr-FR"}]}},"_links":{"self":[{"href":"https:\/\/www.ankarsrum.com\/fr\/wp-json\/wp\/v2\/product\/9232","targetHints":{"allow":["GET"]}}],"collection":[{"href":"https:\/\/www.ankarsrum.com\/fr\/wp-json\/wp\/v2\/product"}],"about":[{"href":"https:\/\/www.ankarsrum.com\/fr\/wp-json\/wp\/v2\/types\/product"}],"replies":[{"embeddable":true,"href":"https:\/\/www.ankarsrum.com\/fr\/wp-json\/wp\/v2\/comments?post=9232"}],"wp:featuredmedia":[{"embeddable":true,"href":"https:\/\/www.ankarsrum.com\/fr\/wp-json\/wp\/v2\/media\/10329"}],"wp:attachment":[{"href":"https:\/\/www.ankarsrum.com\/fr\/wp-json\/wp\/v2\/media?parent=9232"}],"wp:term":[{"taxonomy":"product_brand","embeddable":true,"href":"https:\/\/www.ankarsrum.com\/fr\/wp-json\/wp\/v2\/product_brand?post=9232"},{"taxonomy":"product_cat","embeddable":true,"href":"https:\/\/www.ankarsrum.com\/fr\/wp-json\/wp\/v2\/product_cat?post=9232"},{"taxonomy":"product_tag","embeddable":true,"href":"https:\/\/www.ankarsrum.com\/fr\/wp-json\/wp\/v2\/product_tag?post=9232"},{"taxonomy":"product-tag","embeddable":true,"href":"https:\/\/www.ankarsrum.com\/fr\/wp-json\/wp\/v2\/product-tag?post=9232"},{"taxonomy":"machines","embeddable":true,"href":"https:\/\/www.ankarsrum.com\/fr\/wp-json\/wp\/v2\/machines?post=9232"},{"taxonomy":"filter","embeddable":true,"href":"https:\/\/www.ankarsrum.com\/fr\/wp-json\/wp\/v2\/filter?post=9232"}],"curies":[{"name":"wp","href":"https:\/\/api.w.org\/{rel}","templated":true}]}}