{"id":7455,"date":"2021-09-20T14:01:35","date_gmt":"2021-09-20T12:01:35","guid":{"rendered":"https:\/\/www.ankarsrum.com\/?page_id=7455"},"modified":"2022-08-24T10:36:54","modified_gmt":"2022-08-24T10:36:54","slug":"sunbeam-yellow","status":"publish","type":"page","link":"https:\/\/www.ankarsrum.com\/gr\/sunbeam-yellow\/","title":{"rendered":"sunbeam yellow"},"content":{"rendered":"\n<div class=\"wp-block-media-text alignfull has-media-on-the-right is-stacked-on-mobile has-grey-mid-background-color has-background\" style=\"grid-template-columns:auto 63%\"><figure class=\"wp-block-media-text__media\"><img decoding=\"async\" src=\"https:\/\/www.ankarsrum.com.dev.synot.io\/wp-content\/uploads\/2022\/07\/207A3604-sRGB-scaled-e1632132920201-1024x683.jpeg\" alt=\"\" class=\"wp-image-10063 size-full\"\/><\/figure><div class=\"wp-block-media-text__content\">\n<h5 class=\"wp-block-heading\">New color!<\/h5>\n\n\n\n<h1 class=\"wp-block-heading\">Sunbeam Yellow<\/h1>\n\n\n\n<hr class=\"wp-block-separator is-style-waves\"\/>\n\n\n\n<p class=\"has-medium-font-size\">Sprung from the longing of warmth and inclusion, this yellow color gets its inspiration from a source of life, the Sun. The warm beams spreading out, making everything and everyone flourish. Bringing happiness into your kitchen!<\/p>\n\n\n\n<div class=\"wp-block-buttons is-layout-flex wp-block-buttons-is-layout-flex\">\n<div class=\"wp-block-button\"><a class=\"wp-block-button__link\">See product<\/a><\/div>\n\n\n\n<div class=\"wp-block-button is-style-primary-outline\"><a class=\"wp-block-button__link\">I want to know more<\/a><\/div>\n<\/div>\n<\/div><\/div>\n\n\n\n<figure class=\"wp-block-video alignfull\"><video autoplay controls loop muted src=\"https:\/\/www.ankarsrum.com.dev.synot.io\/wp-content\/uploads\/2022\/01\/30sek_SoMe_4.5.mp4\"><\/video><\/figure>\n\n\n\n<div style=\"height:100px\" aria-hidden=\"true\" class=\"wp-block-spacer\"><\/div>\n\n\n\n<div class=\"wp-block-media-text alignwide has-media-on-the-right is-stacked-on-mobile\"><figure class=\"wp-block-media-text__media\"><img loading=\"lazy\" decoding=\"async\" width=\"790\" height=\"1024\" src=\"https:\/\/www.ankarsrum.com.dev.synot.io\/wp-content\/uploads\/2022\/02\/lemonade_2_web-e1645626719755-790x1024.jpg\" alt=\"\" class=\"wp-image-9171 size-full\" srcset=\"https:\/\/www.ankarsrum.com\/gr\/wp-content\/uploads\/sites\/66\/2022\/02\/lemonade_2_web-e1645626719755-790x1024.jpg 790w, https:\/\/www.ankarsrum.com\/gr\/wp-content\/uploads\/sites\/66\/2022\/02\/lemonade_2_web-e1645626719755-232x300.jpg 232w, https:\/\/www.ankarsrum.com\/gr\/wp-content\/uploads\/sites\/66\/2022\/02\/lemonade_2_web-e1645626719755-768x995.jpg 768w, https:\/\/www.ankarsrum.com\/gr\/wp-content\/uploads\/sites\/66\/2022\/02\/lemonade_2_web-e1645626719755-1186x1536.jpg 1186w, https:\/\/www.ankarsrum.com\/gr\/wp-content\/uploads\/sites\/66\/2022\/02\/lemonade_2_web-e1645626719755-600x777.jpg 600w, https:\/\/www.ankarsrum.com\/gr\/wp-content\/uploads\/sites\/66\/2022\/02\/lemonade_2_web-e1645626719755.jpg 1367w\" sizes=\"(max-width: 790px) 100vw, 790px\" \/><\/figure><div class=\"wp-block-media-text__content\">\n<h5 class=\"wp-block-heading\">NEW!<\/h5>\n\n\n\n<h2 class=\"wp-block-heading\">Let Sunbeam Yellow shine in your kitchen<\/h2>\n\n\n\n<hr class=\"wp-block-separator is-style-waves\"\/>\n\n\n\n<p class=\"has-medium-font-size\">Are you looking for a kitchen assistent that stand sout? Perfect, we are now launching a new color called Sunbeam Yellow. Let in shine in your kitchen!<\/p>\n\n\n\n<div class=\"wp-block-buttons is-layout-flex wp-block-buttons-is-layout-flex\">\n<div class=\"wp-block-button\"><a class=\"wp-block-button__link\">Check out the color<\/a><\/div>\n<\/div>\n<\/div><\/div>\n\n\n\n<div style=\"height:100px\" aria-hidden=\"true\" class=\"wp-block-spacer\"><\/div>\n\n\n\n<div class=\"wp-block-media-text alignwide has-media-on-the-right is-stacked-on-mobile\"><figure class=\"wp-block-media-text__media\"><img decoding=\"async\" src=\"https:\/\/www.ankarsrum.com.dev.synot.io\/wp-content\/uploads\/2022\/07\/207A1798-sRGB-scaled-e1632139684409-1017x1024-1.jpeg\" alt=\"\" class=\"wp-image-10066 size-full\"\/><\/figure><div class=\"wp-block-media-text__content\">\n<h5 class=\"wp-block-heading\">HAPPINESS<\/h5>\n\n\n\n<h2 class=\"wp-block-heading\">New color from Ankarsrum<\/h2>\n\n\n\n<hr class=\"wp-block-separator is-style-waves\"\/>\n\n\n\n<p class=\"has-medium-font-size\">Sunbeam Yellow is a new color from Ankarsrum. A warm yellow color with a matt finish and structure. Do you want a machine to bring joy to your kitchen? Then Sunbeam Yellow is the color for you.<\/p>\n\n\n\n<div class=\"wp-block-buttons is-layout-flex wp-block-buttons-is-layout-flex\">\n<div class=\"wp-block-button\"><a class=\"wp-block-button__link\">Check out the color<\/a><\/div>\n<\/div>\n<\/div><\/div>\n\n\n\n<div style=\"height:100px\" aria-hidden=\"true\" class=\"wp-block-spacer\"><\/div>\n\n\n\n<div class=\"wp-block-group alignwide\"><div class=\"wp-block-group__inner-container is-layout-flow wp-block-group-is-layout-flow\">\n<h2 class=\"alignwide wp-block-heading\">Our Colors \u2013 One for every kitchen<\/h2>\n\n\n\n\n\n<div style=\"height:100px\" aria-hidden=\"true\" class=\"wp-block-spacer\"><\/div>\n\n\n\n<div class=\"wp-block-media-text alignwide has-media-on-the-right is-stacked-on-mobile\"><figure class=\"wp-block-media-text__media\"><img decoding=\"async\" src=\"https:\/\/www.ankarsrum.com.dev.synot.io\/wp-content\/uploads\/2022\/07\/Ankarum-8-819x1024-1.jpeg\" alt=\"\" class=\"wp-image-10067 size-full\"\/><\/figure><div class=\"wp-block-media-text__content\">\n<h5 class=\"wp-block-heading\">GET INSPIRED<\/h5>\n\n\n\n<h2 class=\"wp-block-heading\">Our recipes<\/h2>\n\n\n\n<hr class=\"wp-block-separator is-style-waves\"\/>\n\n\n\n<p class=\"has-medium-font-size\">Every month we publish new exciting recipes for everything from bread and dessert to smoothies and pizza!<\/p>\n\n\n\n<div class=\"wp-block-buttons is-layout-flex wp-block-buttons-is-layout-flex\">\n<div class=\"wp-block-button\"><a class=\"wp-block-button__link\">Our recipes<\/a><\/div>\n\n\n\n<div class=\"wp-block-button is-style-primary-outline\"><a class=\"wp-block-button__link\">What you can make<\/a><\/div>\n<\/div>\n<\/div><\/div>\n\n\n\n<p><\/p>\n<\/div><\/div>\n","protected":false},"excerpt":{"rendered":"<p>New color!. Sunbeam Yellow. Sprung from the longing of warmth and inclusion this yellow color gets its inspiration from a&hellip;<\/p>\n","protected":false},"author":23,"featured_media":0,"parent":0,"menu_order":0,"comment_status":"closed","ping_status":"closed","template":"","meta":{"_acf_changed":false,"content-type":"","editor_notices":[],"footnotes":""},"class_list":["post-7455","page","type-page","status-publish","hentry"],"acf":[],"yoast_head":"<!-- This site is optimized with the Yoast SEO Premium plugin v26.6 (Yoast SEO v26.6) - https:\/\/yoast.com\/wordpress\/plugins\/seo\/ -->\n<title>Ny f\u00e4rg! Sunbeam Yellow - Ankarsrum<\/title>\n<meta name=\"description\" content=\"Ny f\u00e4rg till Ankarsrum! Nu lanseras Ankarsrum i f\u00e4rgen Sunbeam Yellow. En gul f\u00e4rg med matt struktur som lyser upp i ditt k\u00f6k!\" \/>\n<meta name=\"robots\" content=\"index, follow, max-snippet:-1, max-image-preview:large, max-video-preview:-1\" \/>\n<link rel=\"canonical\" href=\"https:\/\/www.ankarsrum.com\/gr\/sunbeam-yellow\/\" \/>\n<meta property=\"og:locale\" content=\"el_GR\" \/>\n<meta property=\"og:type\" content=\"article\" \/>\n<meta property=\"og:title\" content=\"sunbeam yellow\" \/>\n<meta property=\"og:description\" content=\"Ny f\u00e4rg till Ankarsrum! Nu lanseras Ankarsrum i f\u00e4rgen Sunbeam Yellow. En gul f\u00e4rg med matt struktur som lyser upp i ditt k\u00f6k!\" \/>\n<meta property=\"og:url\" content=\"https:\/\/www.ankarsrum.com\/gr\/sunbeam-yellow\/\" \/>\n<meta property=\"og:site_name\" content=\"Ankarsrum Greece\" \/>\n<meta property=\"article:publisher\" content=\"https:\/\/www.facebook.com\/profile.php?id=100086365278656\" \/>\n<meta property=\"article:modified_time\" content=\"2022-08-24T10:36:54+00:00\" \/>\n<meta property=\"og:image\" content=\"https:\/\/www.ankarsrum.com.dev.synot.io\/wp-content\/uploads\/2022\/07\/207A3604-sRGB-scaled-e1632132920201-1024x683.jpeg\" \/>\n<meta name=\"twitter:card\" content=\"summary_large_image\" \/>\n<meta name=\"twitter:label1\" content=\"\u0395\u03ba\u03c4\u03b9\u03bc\u03ce\u03bc\u03b5\u03bd\u03bf\u03c2 \u03c7\u03c1\u03cc\u03bd\u03bf\u03c2 \u03b1\u03bd\u03ac\u03b3\u03bd\u03c9\u03c3\u03b7\u03c2\" \/>\n\t<meta name=\"twitter:data1\" content=\"2 \u03bb\u03b5\u03c0\u03c4\u03ac\" \/>\n<script type=\"application\/ld+json\" class=\"yoast-schema-graph\">{\"@context\":\"https:\/\/schema.org\",\"@graph\":[{\"@type\":\"WebPage\",\"@id\":\"https:\/\/www.ankarsrum.com\/gr\/sunbeam-yellow\/\",\"url\":\"https:\/\/www.ankarsrum.com\/gr\/sunbeam-yellow\/\",\"name\":\"Ny f\u00e4rg! Sunbeam Yellow - Ankarsrum\",\"isPartOf\":{\"@id\":\"https:\/\/www.ankarsrum.com\/gr\/#website\"},\"primaryImageOfPage\":{\"@id\":\"https:\/\/www.ankarsrum.com\/gr\/sunbeam-yellow\/#primaryimage\"},\"image\":{\"@id\":\"https:\/\/www.ankarsrum.com\/gr\/sunbeam-yellow\/#primaryimage\"},\"thumbnailUrl\":\"https:\/\/www.ankarsrum.com.dev.synot.io\/wp-content\/uploads\/2022\/07\/207A3604-sRGB-scaled-e1632132920201-1024x683.jpeg\",\"datePublished\":\"2021-09-20T12:01:35+00:00\",\"dateModified\":\"2022-08-24T10:36:54+00:00\",\"description\":\"Ny f\u00e4rg till Ankarsrum! Nu lanseras Ankarsrum i f\u00e4rgen Sunbeam Yellow. En gul f\u00e4rg med matt struktur som lyser upp i ditt k\u00f6k!\",\"breadcrumb\":{\"@id\":\"https:\/\/www.ankarsrum.com\/gr\/sunbeam-yellow\/#breadcrumb\"},\"inLanguage\":\"el\",\"potentialAction\":[{\"@type\":\"ReadAction\",\"target\":[\"https:\/\/www.ankarsrum.com\/gr\/sunbeam-yellow\/\"]}]},{\"@type\":\"ImageObject\",\"inLanguage\":\"el\",\"@id\":\"https:\/\/www.ankarsrum.com\/gr\/sunbeam-yellow\/#primaryimage\",\"url\":\"https:\/\/www.ankarsrum.com.dev.synot.io\/wp-content\/uploads\/2022\/07\/207A3604-sRGB-scaled-e1632132920201-1024x683.jpeg\",\"contentUrl\":\"https:\/\/www.ankarsrum.com.dev.synot.io\/wp-content\/uploads\/2022\/07\/207A3604-sRGB-scaled-e1632132920201-1024x683.jpeg\"},{\"@type\":\"BreadcrumbList\",\"@id\":\"https:\/\/www.ankarsrum.com\/gr\/sunbeam-yellow\/#breadcrumb\",\"itemListElement\":[{\"@type\":\"ListItem\",\"position\":1,\"name\":\"Home\",\"item\":\"https:\/\/www.ankarsrum.com\/gr\/\"},{\"@type\":\"ListItem\",\"position\":2,\"name\":\"sunbeam yellow\"}]},{\"@type\":\"WebSite\",\"@id\":\"https:\/\/www.ankarsrum.com\/gr\/#website\",\"url\":\"https:\/\/www.ankarsrum.com\/gr\/\",\"name\":\"Ankarsrum Greece\",\"description\":\"The bread of the world\",\"publisher\":{\"@id\":\"https:\/\/www.ankarsrum.com\/gr\/#organization\"},\"potentialAction\":[{\"@type\":\"SearchAction\",\"target\":{\"@type\":\"EntryPoint\",\"urlTemplate\":\"https:\/\/www.ankarsrum.com\/gr\/?s={search_term_string}\"},\"query-input\":{\"@type\":\"PropertyValueSpecification\",\"valueRequired\":true,\"valueName\":\"search_term_string\"}}],\"inLanguage\":\"el\"},{\"@type\":\"Organization\",\"@id\":\"https:\/\/www.ankarsrum.com\/gr\/#organization\",\"name\":\"Ankarsrum Greece\",\"url\":\"https:\/\/www.ankarsrum.com\/gr\/\",\"logo\":{\"@type\":\"ImageObject\",\"inLanguage\":\"el\",\"@id\":\"https:\/\/www.ankarsrum.com\/gr\/#\/schema\/logo\/image\/\",\"url\":\"https:\/\/www.ankarsrum.com\/img-srv\/mKwIGtBeOzUZlBivCXc4VPp87lopEB2C6-nDDZUlBwM\/resizing_type:auto\/width:0\/height:0\/gravity:sm\/enlarge:1\/ext:webp\/strip_metadata:1\/quality:75\/bG9jYWw6Ly8vYW5rYXJzcnVtL3d3dy5hbmthcnNydW0uY29tL3dwLWNvbnRlbnQvdXBsb2Fkcy9zaXRlcy82Ni8yMDIyLzAxL2xvZ29fYW5rYXJzcnVtLmpwZw.webp\",\"contentUrl\":\"https:\/\/www.ankarsrum.com\/img-srv\/mKwIGtBeOzUZlBivCXc4VPp87lopEB2C6-nDDZUlBwM\/resizing_type:auto\/width:0\/height:0\/gravity:sm\/enlarge:1\/ext:webp\/strip_metadata:1\/quality:75\/bG9jYWw6Ly8vYW5rYXJzcnVtL3d3dy5hbmthcnNydW0uY29tL3dwLWNvbnRlbnQvdXBsb2Fkcy9zaXRlcy82Ni8yMDIyLzAxL2xvZ29fYW5rYXJzcnVtLmpwZw.webp\",\"width\":188,\"height\":30,\"caption\":\"Ankarsrum Greece\"},\"image\":{\"@id\":\"https:\/\/www.ankarsrum.com\/gr\/#\/schema\/logo\/image\/\"},\"sameAs\":[\"https:\/\/www.facebook.com\/profile.php?id=100086365278656\",\"https:\/\/www.instagram.com\/ankarsrum_greece\/\"]}]}<\/script>\n<!-- \/ Yoast SEO Premium plugin. -->","yoast_head_json":{"title":"Ny f\u00e4rg! Sunbeam Yellow - Ankarsrum","description":"Ny f\u00e4rg till Ankarsrum! Nu lanseras Ankarsrum i f\u00e4rgen Sunbeam Yellow. En gul f\u00e4rg med matt struktur som lyser upp i ditt k\u00f6k!","robots":{"index":"index","follow":"follow","max-snippet":"max-snippet:-1","max-image-preview":"max-image-preview:large","max-video-preview":"max-video-preview:-1"},"canonical":"https:\/\/www.ankarsrum.com\/gr\/sunbeam-yellow\/","og_locale":"el_GR","og_type":"article","og_title":"sunbeam yellow","og_description":"Ny f\u00e4rg till Ankarsrum! Nu lanseras Ankarsrum i f\u00e4rgen Sunbeam Yellow. En gul f\u00e4rg med matt struktur som lyser upp i ditt k\u00f6k!","og_url":"https:\/\/www.ankarsrum.com\/gr\/sunbeam-yellow\/","og_site_name":"Ankarsrum Greece","article_publisher":"https:\/\/www.facebook.com\/profile.php?id=100086365278656","article_modified_time":"2022-08-24T10:36:54+00:00","og_image":[{"url":"https:\/\/www.ankarsrum.com.dev.synot.io\/wp-content\/uploads\/2022\/07\/207A3604-sRGB-scaled-e1632132920201-1024x683.jpeg","type":"","width":"","height":""}],"twitter_card":"summary_large_image","twitter_misc":{"\u0395\u03ba\u03c4\u03b9\u03bc\u03ce\u03bc\u03b5\u03bd\u03bf\u03c2 \u03c7\u03c1\u03cc\u03bd\u03bf\u03c2 \u03b1\u03bd\u03ac\u03b3\u03bd\u03c9\u03c3\u03b7\u03c2":"2 \u03bb\u03b5\u03c0\u03c4\u03ac"},"schema":{"@context":"https:\/\/schema.org","@graph":[{"@type":"WebPage","@id":"https:\/\/www.ankarsrum.com\/gr\/sunbeam-yellow\/","url":"https:\/\/www.ankarsrum.com\/gr\/sunbeam-yellow\/","name":"Ny f\u00e4rg! Sunbeam Yellow - Ankarsrum","isPartOf":{"@id":"https:\/\/www.ankarsrum.com\/gr\/#website"},"primaryImageOfPage":{"@id":"https:\/\/www.ankarsrum.com\/gr\/sunbeam-yellow\/#primaryimage"},"image":{"@id":"https:\/\/www.ankarsrum.com\/gr\/sunbeam-yellow\/#primaryimage"},"thumbnailUrl":"https:\/\/www.ankarsrum.com.dev.synot.io\/wp-content\/uploads\/2022\/07\/207A3604-sRGB-scaled-e1632132920201-1024x683.jpeg","datePublished":"2021-09-20T12:01:35+00:00","dateModified":"2022-08-24T10:36:54+00:00","description":"Ny f\u00e4rg till Ankarsrum! Nu lanseras Ankarsrum i f\u00e4rgen Sunbeam Yellow. En gul f\u00e4rg med matt struktur som lyser upp i ditt k\u00f6k!","breadcrumb":{"@id":"https:\/\/www.ankarsrum.com\/gr\/sunbeam-yellow\/#breadcrumb"},"inLanguage":"el","potentialAction":[{"@type":"ReadAction","target":["https:\/\/www.ankarsrum.com\/gr\/sunbeam-yellow\/"]}]},{"@type":"ImageObject","inLanguage":"el","@id":"https:\/\/www.ankarsrum.com\/gr\/sunbeam-yellow\/#primaryimage","url":"https:\/\/www.ankarsrum.com.dev.synot.io\/wp-content\/uploads\/2022\/07\/207A3604-sRGB-scaled-e1632132920201-1024x683.jpeg","contentUrl":"https:\/\/www.ankarsrum.com.dev.synot.io\/wp-content\/uploads\/2022\/07\/207A3604-sRGB-scaled-e1632132920201-1024x683.jpeg"},{"@type":"BreadcrumbList","@id":"https:\/\/www.ankarsrum.com\/gr\/sunbeam-yellow\/#breadcrumb","itemListElement":[{"@type":"ListItem","position":1,"name":"Home","item":"https:\/\/www.ankarsrum.com\/gr\/"},{"@type":"ListItem","position":2,"name":"sunbeam yellow"}]},{"@type":"WebSite","@id":"https:\/\/www.ankarsrum.com\/gr\/#website","url":"https:\/\/www.ankarsrum.com\/gr\/","name":"Ankarsrum Greece","description":"The bread of the world","publisher":{"@id":"https:\/\/www.ankarsrum.com\/gr\/#organization"},"potentialAction":[{"@type":"SearchAction","target":{"@type":"EntryPoint","urlTemplate":"https:\/\/www.ankarsrum.com\/gr\/?s={search_term_string}"},"query-input":{"@type":"PropertyValueSpecification","valueRequired":true,"valueName":"search_term_string"}}],"inLanguage":"el"},{"@type":"Organization","@id":"https:\/\/www.ankarsrum.com\/gr\/#organization","name":"Ankarsrum Greece","url":"https:\/\/www.ankarsrum.com\/gr\/","logo":{"@type":"ImageObject","inLanguage":"el","@id":"https:\/\/www.ankarsrum.com\/gr\/#\/schema\/logo\/image\/","url":"https:\/\/www.ankarsrum.com\/img-srv\/mKwIGtBeOzUZlBivCXc4VPp87lopEB2C6-nDDZUlBwM\/resizing_type:auto\/width:0\/height:0\/gravity:sm\/enlarge:1\/ext:webp\/strip_metadata:1\/quality:75\/bG9jYWw6Ly8vYW5rYXJzcnVtL3d3dy5hbmthcnNydW0uY29tL3dwLWNvbnRlbnQvdXBsb2Fkcy9zaXRlcy82Ni8yMDIyLzAxL2xvZ29fYW5rYXJzcnVtLmpwZw.webp","contentUrl":"https:\/\/www.ankarsrum.com\/img-srv\/mKwIGtBeOzUZlBivCXc4VPp87lopEB2C6-nDDZUlBwM\/resizing_type:auto\/width:0\/height:0\/gravity:sm\/enlarge:1\/ext:webp\/strip_metadata:1\/quality:75\/bG9jYWw6Ly8vYW5rYXJzcnVtL3d3dy5hbmthcnNydW0uY29tL3dwLWNvbnRlbnQvdXBsb2Fkcy9zaXRlcy82Ni8yMDIyLzAxL2xvZ29fYW5rYXJzcnVtLmpwZw.webp","width":188,"height":30,"caption":"Ankarsrum Greece"},"image":{"@id":"https:\/\/www.ankarsrum.com\/gr\/#\/schema\/logo\/image\/"},"sameAs":["https:\/\/www.facebook.com\/profile.php?id=100086365278656","https:\/\/www.instagram.com\/ankarsrum_greece\/"]}]}},"_links":{"self":[{"href":"https:\/\/www.ankarsrum.com\/gr\/wp-json\/wp\/v2\/pages\/7455","targetHints":{"allow":["GET"]}}],"collection":[{"href":"https:\/\/www.ankarsrum.com\/gr\/wp-json\/wp\/v2\/pages"}],"about":[{"href":"https:\/\/www.ankarsrum.com\/gr\/wp-json\/wp\/v2\/types\/page"}],"author":[{"embeddable":true,"href":"https:\/\/www.ankarsrum.com\/gr\/wp-json\/wp\/v2\/users\/23"}],"replies":[{"embeddable":true,"href":"https:\/\/www.ankarsrum.com\/gr\/wp-json\/wp\/v2\/comments?post=7455"}],"version-history":[{"count":2,"href":"https:\/\/www.ankarsrum.com\/gr\/wp-json\/wp\/v2\/pages\/7455\/revisions"}],"predecessor-version":[{"id":10031,"href":"https:\/\/www.ankarsrum.com\/gr\/wp-json\/wp\/v2\/pages\/7455\/revisions\/10031"}],"wp:attachment":[{"href":"https:\/\/www.ankarsrum.com\/gr\/wp-json\/wp\/v2\/media?parent=7455"}],"curies":[{"name":"wp","href":"https:\/\/api.w.org\/{rel}","templated":true}]}}