{"id":47584,"date":"2024-08-27T10:12:17","date_gmt":"2024-08-27T10:12:17","guid":{"rendered":"https:\/\/www.ankarsrum.com\/group\/?page_id=47584"},"modified":"2024-12-11T12:30:43","modified_gmt":"2024-12-11T12:30:43","slug":"recipebook","status":"publish","type":"page","link":"https:\/\/www.ankarsrum.com\/group\/recipebook\/","title":{"rendered":"Recipebook"},"content":{"rendered":"\n<div class=\"wp-block-cover alignfull is-light\" style=\"min-height:370px;aspect-ratio:unset;\"><span aria-hidden=\"true\" class=\"wp-block-cover__background has-base-900-background-color has-background-dim\"><\/span><img loading=\"lazy\" decoding=\"async\" width=\"1702\" height=\"630\" class=\"wp-block-cover__image-background wp-image-47588\" alt=\"\" src=\"https:\/\/www.ankarsrum.com\/group\/wp-content\/uploads\/sites\/78\/2024\/08\/facebook-cover.jpg\" data-object-fit=\"cover\" srcset=\"https:\/\/www.ankarsrum.com\/group\/wp-content\/uploads\/sites\/78\/2024\/08\/facebook-cover.jpg 1702w, https:\/\/www.ankarsrum.com\/group\/wp-content\/uploads\/sites\/78\/2024\/08\/facebook-cover-300x111.jpg 300w, https:\/\/www.ankarsrum.com\/group\/wp-content\/uploads\/sites\/78\/2024\/08\/facebook-cover-1024x379.jpg 1024w, https:\/\/www.ankarsrum.com\/group\/wp-content\/uploads\/sites\/78\/2024\/08\/facebook-cover-768x284.jpg 768w, https:\/\/www.ankarsrum.com\/group\/wp-content\/uploads\/sites\/78\/2024\/08\/facebook-cover-1536x569.jpg 1536w, https:\/\/www.ankarsrum.com\/group\/wp-content\/uploads\/sites\/78\/2024\/08\/facebook-cover-266x98.jpg 266w, https:\/\/www.ankarsrum.com\/group\/wp-content\/uploads\/sites\/78\/2024\/08\/facebook-cover-720x267.jpg 720w\" sizes=\"(max-width: 1702px) 100vw, 1702px\" \/><div class=\"wp-block-cover__inner-container is-layout-flow wp-block-cover-is-layout-flow\">\n<h2 class=\"wp-block-heading has-text-align-center\" id=\"h-manualer-for-vara-produkter\">Find our recipe book in different languages<\/h2>\n\n\n\n<p class=\"has-text-align-center\">Sometimes, you may want to read the recipe book in a language other than the <br>one included with your Ankarsrum Assistent Original.<br>For your convenience, we\u2019ve gathered all the available languages here<\/p>\n\n\n\n<div class=\"wp-block-buttons is-content-justification-center is-layout-flex wp-container-core-buttons-is-layout-a89b3969 wp-block-buttons-is-layout-flex\"><\/div>\n<\/div><\/div>\n\n\n\n<div style=\"height:30px\" aria-hidden=\"true\" class=\"wp-block-spacer\"><\/div>\n\n\n\n<div style=\"height:30px\" aria-hidden=\"true\" class=\"wp-block-spacer\"><\/div>\n\n\n\n<div class=\"wp-block-columns alignwide is-layout-flex wp-container-core-columns-is-layout-28f84493 wp-block-columns-is-layout-flex\">\n<div class=\"wp-block-column is-layout-flow wp-block-column-is-layout-flow\" style=\"flex-basis:15%\"><\/div>\n\n\n\n<div class=\"wp-block-column is-layout-flow wp-block-column-is-layout-flow\" style=\"flex-basis:30%\">\n<figure class=\"wp-block-image aligncenter size-full\"><img loading=\"lazy\" decoding=\"async\" width=\"1280\" height=\"720\" src=\"https:\/\/www.ankarsrum.com\/group\/wp-content\/uploads\/sites\/78\/2024\/10\/2.jpg\" alt=\"\" class=\"wp-image-47639\" srcset=\"https:\/\/www.ankarsrum.com\/group\/wp-content\/uploads\/sites\/78\/2024\/10\/2.jpg 1280w, https:\/\/www.ankarsrum.com\/group\/wp-content\/uploads\/sites\/78\/2024\/10\/2-300x169.jpg 300w, https:\/\/www.ankarsrum.com\/group\/wp-content\/uploads\/sites\/78\/2024\/10\/2-1024x576.jpg 1024w, https:\/\/www.ankarsrum.com\/group\/wp-content\/uploads\/sites\/78\/2024\/10\/2-768x432.jpg 768w, https:\/\/www.ankarsrum.com\/group\/wp-content\/uploads\/sites\/78\/2024\/10\/2-266x150.jpg 266w, https:\/\/www.ankarsrum.com\/group\/wp-content\/uploads\/sites\/78\/2024\/10\/2-720x405.jpg 720w\" sizes=\"(max-width: 1280px) 100vw, 1280px\" \/><\/figure>\n\n\n\n<h3 class=\"wp-block-heading has-text-align-center\">Taler du dansk?<\/h3>\n\n\n\n<p class=\"has-text-align-center\">Find vores opskriftsbog p\u00e5 dansk her<\/p>\n\n\n\n<div class=\"wp-block-buttons is-content-justification-center is-layout-flex wp-container-core-buttons-is-layout-a89b3969 wp-block-buttons-is-layout-flex\">\n<div class=\"wp-block-button wp-block-button\"><a class=\"wp-block-button__link wp-element-button\" href=\"https:\/\/www.ankarsrum.com\/group\/recipe-book-in-danish\/\" target=\"_blank\" rel=\"noreferrer noopener\">Opskriftsbog p\u00e5 dansk<\/a><\/div>\n<\/div>\n\n\n\n<div style=\"height:30px\" aria-hidden=\"true\" class=\"wp-block-spacer\"><\/div>\n\n\n\n<figure class=\"wp-block-image aligncenter size-full\"><img loading=\"lazy\" decoding=\"async\" width=\"1280\" height=\"720\" src=\"https:\/\/www.ankarsrum.com\/group\/wp-content\/uploads\/sites\/78\/2024\/10\/1.jpg\" alt=\"\" class=\"wp-image-47636\" srcset=\"https:\/\/www.ankarsrum.com\/group\/wp-content\/uploads\/sites\/78\/2024\/10\/1.jpg 1280w, https:\/\/www.ankarsrum.com\/group\/wp-content\/uploads\/sites\/78\/2024\/10\/1-300x169.jpg 300w, https:\/\/www.ankarsrum.com\/group\/wp-content\/uploads\/sites\/78\/2024\/10\/1-1024x576.jpg 1024w, https:\/\/www.ankarsrum.com\/group\/wp-content\/uploads\/sites\/78\/2024\/10\/1-768x432.jpg 768w, https:\/\/www.ankarsrum.com\/group\/wp-content\/uploads\/sites\/78\/2024\/10\/1-266x150.jpg 266w, https:\/\/www.ankarsrum.com\/group\/wp-content\/uploads\/sites\/78\/2024\/10\/1-720x405.jpg 720w\" sizes=\"(max-width: 1280px) 100vw, 1280px\" \/><\/figure>\n\n\n\n<h3 class=\"wp-block-heading has-text-align-center\">Puhutko suomea?<\/h3>\n\n\n\n<p class=\"has-text-align-center\">L\u00f6yd\u00e4t reseptikirjamme suomeksi t\u00e4\u00e4lt\u00e4<\/p>\n\n\n\n<div class=\"wp-block-buttons is-content-justification-center is-layout-flex wp-container-core-buttons-is-layout-a89b3969 wp-block-buttons-is-layout-flex\">\n<div class=\"wp-block-button wp-block-button\"><a class=\"wp-block-button__link wp-element-button\" href=\"https:\/\/www.ankarsrum.com\/group\/recipe-book-in-finnish\/\" target=\"_blank\" rel=\"noreferrer noopener\">Suomenkielinen reseptikirja<\/a><\/div>\n<\/div>\n\n\n\n<div style=\"height:30px\" aria-hidden=\"true\" class=\"wp-block-spacer\"><\/div>\n\n\n\n<figure class=\"wp-block-image aligncenter size-full is-style-default\"><img loading=\"lazy\" decoding=\"async\" width=\"1280\" height=\"720\" src=\"https:\/\/www.ankarsrum.com\/group\/wp-content\/uploads\/sites\/78\/2024\/12\/namnlos-design.png\" alt=\"\" class=\"wp-image-47811\" srcset=\"https:\/\/www.ankarsrum.com\/group\/wp-content\/uploads\/sites\/78\/2024\/12\/namnlos-design.png 1280w, https:\/\/www.ankarsrum.com\/group\/wp-content\/uploads\/sites\/78\/2024\/12\/namnlos-design-300x169.png 300w, https:\/\/www.ankarsrum.com\/group\/wp-content\/uploads\/sites\/78\/2024\/12\/namnlos-design-1024x576.png 1024w, https:\/\/www.ankarsrum.com\/group\/wp-content\/uploads\/sites\/78\/2024\/12\/namnlos-design-768x432.png 768w, https:\/\/www.ankarsrum.com\/group\/wp-content\/uploads\/sites\/78\/2024\/12\/namnlos-design-266x150.png 266w, https:\/\/www.ankarsrum.com\/group\/wp-content\/uploads\/sites\/78\/2024\/12\/namnlos-design-720x405.png 720w\" sizes=\"(max-width: 1280px) 100vw, 1280px\" \/><\/figure>\n\n\n\n<h3 class=\"wp-block-heading has-text-align-center\">Pratar du svenska?<\/h3>\n\n\n\n<p class=\"has-text-align-center\">H\u00e4r kan du hitta v\u00e5r svenska receptbok<\/p>\n\n\n\n<div class=\"wp-block-buttons is-content-justification-center is-layout-flex wp-container-core-buttons-is-layout-a89b3969 wp-block-buttons-is-layout-flex\">\n<div class=\"wp-block-button wp-block-button\"><a class=\"wp-block-button__link wp-element-button\" href=\"https:\/\/www.ankarsrum.com\/group\/recipe-book-in-swedish\/\" target=\"_blank\" rel=\"noreferrer noopener\">Receptbok p\u00e5 svenska<\/a><\/div>\n<\/div>\n\n\n\n<div style=\"height:30px\" aria-hidden=\"true\" class=\"wp-block-spacer\"><\/div>\n\n\n\n<figure class=\"wp-block-image aligncenter size-full is-style-default\"><img loading=\"lazy\" decoding=\"async\" width=\"1280\" height=\"720\" src=\"https:\/\/www.ankarsrum.com\/group\/wp-content\/uploads\/sites\/78\/2024\/12\/namnlos-design-2.png\" alt=\"\" class=\"wp-image-47834\" srcset=\"https:\/\/www.ankarsrum.com\/group\/wp-content\/uploads\/sites\/78\/2024\/12\/namnlos-design-2.png 1280w, https:\/\/www.ankarsrum.com\/group\/wp-content\/uploads\/sites\/78\/2024\/12\/namnlos-design-2-300x169.png 300w, https:\/\/www.ankarsrum.com\/group\/wp-content\/uploads\/sites\/78\/2024\/12\/namnlos-design-2-1024x576.png 1024w, https:\/\/www.ankarsrum.com\/group\/wp-content\/uploads\/sites\/78\/2024\/12\/namnlos-design-2-768x432.png 768w, https:\/\/www.ankarsrum.com\/group\/wp-content\/uploads\/sites\/78\/2024\/12\/namnlos-design-2-266x150.png 266w, https:\/\/www.ankarsrum.com\/group\/wp-content\/uploads\/sites\/78\/2024\/12\/namnlos-design-2-720x405.png 720w\" sizes=\"(max-width: 1280px) 100vw, 1280px\" \/><\/figure>\n\n\n\n<h3 class=\"wp-block-heading has-text-align-center\">Parlate italiano ?<\/h3>\n\n\n\n<p class=\"has-text-align-center\">Trovate il nostro ricettario in italiano qui<\/p>\n\n\n\n<div class=\"wp-block-buttons is-content-justification-center is-layout-flex wp-container-core-buttons-is-layout-a89b3969 wp-block-buttons-is-layout-flex\">\n<div class=\"wp-block-button wp-block-button\"><a class=\"wp-block-button__link wp-element-button\" href=\"https:\/\/www.ankarsrum.com\/group\/recipe-book-in-italian\/\" target=\"_blank\" rel=\"noreferrer noopener\">Ricettario in italiano<\/a><\/div>\n<\/div>\n\n\n\n<div style=\"height:30px\" aria-hidden=\"true\" class=\"wp-block-spacer\"><\/div>\n\n\n\n<figure class=\"wp-block-image aligncenter size-full is-style-default\"><img loading=\"lazy\" decoding=\"async\" width=\"1280\" height=\"720\" src=\"https:\/\/www.ankarsrum.com\/group\/wp-content\/uploads\/sites\/78\/2024\/12\/namnlos-design-4.png\" alt=\"\" class=\"wp-image-47859\" srcset=\"https:\/\/www.ankarsrum.com\/group\/wp-content\/uploads\/sites\/78\/2024\/12\/namnlos-design-4.png 1280w, https:\/\/www.ankarsrum.com\/group\/wp-content\/uploads\/sites\/78\/2024\/12\/namnlos-design-4-300x169.png 300w, https:\/\/www.ankarsrum.com\/group\/wp-content\/uploads\/sites\/78\/2024\/12\/namnlos-design-4-1024x576.png 1024w, https:\/\/www.ankarsrum.com\/group\/wp-content\/uploads\/sites\/78\/2024\/12\/namnlos-design-4-768x432.png 768w, https:\/\/www.ankarsrum.com\/group\/wp-content\/uploads\/sites\/78\/2024\/12\/namnlos-design-4-266x150.png 266w, https:\/\/www.ankarsrum.com\/group\/wp-content\/uploads\/sites\/78\/2024\/12\/namnlos-design-4-720x405.png 720w\" sizes=\"(max-width: 1280px) 100vw, 1280px\" \/><\/figure>\n\n\n\n<h3 class=\"wp-block-heading has-text-align-center\">Sprichst du Deutsch?<\/h3>\n\n\n\n<p class=\"has-text-align-center\">Unser Rezeptbuch auf Deutsch findest du hier<\/p>\n\n\n\n<div class=\"wp-block-buttons is-content-justification-center is-layout-flex wp-container-core-buttons-is-layout-a89b3969 wp-block-buttons-is-layout-flex\">\n<div class=\"wp-block-button wp-block-button\"><a class=\"wp-block-button__link wp-element-button\" href=\"https:\/\/www.ankarsrum.com\/group\/recipe-book-in-german\/\" target=\"_blank\" rel=\"noreferrer noopener\">Rezeptbuch auf Deutsch<\/a><\/div>\n<\/div>\n<\/div>\n\n\n\n<div class=\"wp-block-column is-layout-flow wp-block-column-is-layout-flow\" style=\"flex-basis:10%\"><\/div>\n\n\n\n<div class=\"wp-block-column is-layout-flow wp-block-column-is-layout-flow\" style=\"flex-basis:30%\">\n<figure class=\"wp-block-image aligncenter size-full\"><img loading=\"lazy\" decoding=\"async\" width=\"1280\" height=\"720\" src=\"https:\/\/www.ankarsrum.com\/group\/wp-content\/uploads\/sites\/78\/2024\/10\/4.jpg\" alt=\"\" class=\"wp-image-47642\" srcset=\"https:\/\/www.ankarsrum.com\/group\/wp-content\/uploads\/sites\/78\/2024\/10\/4.jpg 1280w, https:\/\/www.ankarsrum.com\/group\/wp-content\/uploads\/sites\/78\/2024\/10\/4-300x169.jpg 300w, https:\/\/www.ankarsrum.com\/group\/wp-content\/uploads\/sites\/78\/2024\/10\/4-1024x576.jpg 1024w, https:\/\/www.ankarsrum.com\/group\/wp-content\/uploads\/sites\/78\/2024\/10\/4-768x432.jpg 768w, https:\/\/www.ankarsrum.com\/group\/wp-content\/uploads\/sites\/78\/2024\/10\/4-266x150.jpg 266w, https:\/\/www.ankarsrum.com\/group\/wp-content\/uploads\/sites\/78\/2024\/10\/4-720x405.jpg 720w\" sizes=\"(max-width: 1280px) 100vw, 1280px\" \/><\/figure>\n\n\n\n<h3 class=\"wp-block-heading has-text-align-center\">\u00bfHabla espa\u00f1ol?<\/h3>\n\n\n\n<p class=\"has-text-align-center\">Encuentre nuestro libro de recetas en espa\u00f1ol aqu\u00ed<\/p>\n\n\n\n<div class=\"wp-block-buttons is-content-justification-center is-layout-flex wp-container-core-buttons-is-layout-a89b3969 wp-block-buttons-is-layout-flex\">\n<div class=\"wp-block-button wp-block-button\"><a class=\"wp-block-button__link wp-element-button\" href=\"https:\/\/www.ankarsrum.com\/group\/recipe-book-in-spanish\/\" target=\"_blank\" rel=\"noreferrer noopener\">Recipebook en espa\u00f1ol<\/a><\/div>\n<\/div>\n\n\n\n<div style=\"height:30px\" aria-hidden=\"true\" class=\"wp-block-spacer\"><\/div>\n\n\n\n<figure class=\"wp-block-image aligncenter size-full\"><img loading=\"lazy\" decoding=\"async\" width=\"1280\" height=\"720\" src=\"https:\/\/www.ankarsrum.com\/group\/wp-content\/uploads\/sites\/78\/2024\/10\/3.jpg\" alt=\"\" class=\"wp-image-47640\" srcset=\"https:\/\/www.ankarsrum.com\/group\/wp-content\/uploads\/sites\/78\/2024\/10\/3.jpg 1280w, https:\/\/www.ankarsrum.com\/group\/wp-content\/uploads\/sites\/78\/2024\/10\/3-300x169.jpg 300w, https:\/\/www.ankarsrum.com\/group\/wp-content\/uploads\/sites\/78\/2024\/10\/3-1024x576.jpg 1024w, https:\/\/www.ankarsrum.com\/group\/wp-content\/uploads\/sites\/78\/2024\/10\/3-768x432.jpg 768w, https:\/\/www.ankarsrum.com\/group\/wp-content\/uploads\/sites\/78\/2024\/10\/3-266x150.jpg 266w, https:\/\/www.ankarsrum.com\/group\/wp-content\/uploads\/sites\/78\/2024\/10\/3-720x405.jpg 720w\" sizes=\"(max-width: 1280px) 100vw, 1280px\" \/><\/figure>\n\n\n\n<h3 class=\"wp-block-heading has-text-align-center\">Snakker du norsk?<\/h3>\n\n\n\n<p class=\"has-text-align-center\">Her finner du v\u00e5r norske kokebok<\/p>\n\n\n\n<div class=\"wp-block-buttons is-content-justification-center is-layout-flex wp-container-core-buttons-is-layout-a89b3969 wp-block-buttons-is-layout-flex\">\n<div class=\"wp-block-button wp-block-button\"><a class=\"wp-block-button__link wp-element-button\" href=\"https:\/\/www.ankarsrum.com\/group\/recipe-book-in-norwegian\/\" target=\"_blank\" rel=\"noreferrer noopener\">Kokebok p\u00e5 norsk<\/a><\/div>\n<\/div>\n\n\n\n<div style=\"height:30px\" aria-hidden=\"true\" class=\"wp-block-spacer\"><\/div>\n\n\n\n<figure class=\"wp-block-image aligncenter size-full is-style-default\"><img loading=\"lazy\" decoding=\"async\" width=\"1280\" height=\"720\" src=\"https:\/\/www.ankarsrum.com\/group\/wp-content\/uploads\/sites\/78\/2024\/12\/namnlos-design-5.png\" alt=\"\" class=\"wp-image-47998\" srcset=\"https:\/\/www.ankarsrum.com\/group\/wp-content\/uploads\/sites\/78\/2024\/12\/namnlos-design-5.png 1280w, https:\/\/www.ankarsrum.com\/group\/wp-content\/uploads\/sites\/78\/2024\/12\/namnlos-design-5-300x169.png 300w, https:\/\/www.ankarsrum.com\/group\/wp-content\/uploads\/sites\/78\/2024\/12\/namnlos-design-5-1024x576.png 1024w, https:\/\/www.ankarsrum.com\/group\/wp-content\/uploads\/sites\/78\/2024\/12\/namnlos-design-5-768x432.png 768w, https:\/\/www.ankarsrum.com\/group\/wp-content\/uploads\/sites\/78\/2024\/12\/namnlos-design-5-266x150.png 266w, https:\/\/www.ankarsrum.com\/group\/wp-content\/uploads\/sites\/78\/2024\/12\/namnlos-design-5-720x405.png 720w\" sizes=\"(max-width: 1280px) 100vw, 1280px\" \/><\/figure>\n\n\n\n<h3 class=\"wp-block-heading has-text-align-center\">Do you speak English?<\/h3>\n\n\n\n<p class=\"has-text-align-center\">Here you can find our English recipe book<\/p>\n\n\n\n<div class=\"wp-block-buttons is-content-justification-center is-layout-flex wp-container-core-buttons-is-layout-a89b3969 wp-block-buttons-is-layout-flex\">\n<div class=\"wp-block-button wp-block-button\"><a class=\"wp-block-button__link wp-element-button\" href=\"https:\/\/www.ankarsrum.com\/group\/recipe-book-in-english\/\" target=\"_blank\" rel=\"noreferrer noopener\">Recipe book in English<\/a><\/div>\n<\/div>\n\n\n\n<div style=\"height:30px\" aria-hidden=\"true\" class=\"wp-block-spacer\"><\/div>\n\n\n\n<figure class=\"wp-block-image aligncenter size-full is-style-default\"><img loading=\"lazy\" decoding=\"async\" width=\"1280\" height=\"720\" src=\"https:\/\/www.ankarsrum.com\/group\/wp-content\/uploads\/sites\/78\/2024\/12\/namnlos-design-3.png\" alt=\"\" class=\"wp-image-47835\" srcset=\"https:\/\/www.ankarsrum.com\/group\/wp-content\/uploads\/sites\/78\/2024\/12\/namnlos-design-3.png 1280w, https:\/\/www.ankarsrum.com\/group\/wp-content\/uploads\/sites\/78\/2024\/12\/namnlos-design-3-300x169.png 300w, https:\/\/www.ankarsrum.com\/group\/wp-content\/uploads\/sites\/78\/2024\/12\/namnlos-design-3-1024x576.png 1024w, https:\/\/www.ankarsrum.com\/group\/wp-content\/uploads\/sites\/78\/2024\/12\/namnlos-design-3-768x432.png 768w, https:\/\/www.ankarsrum.com\/group\/wp-content\/uploads\/sites\/78\/2024\/12\/namnlos-design-3-266x150.png 266w, https:\/\/www.ankarsrum.com\/group\/wp-content\/uploads\/sites\/78\/2024\/12\/namnlos-design-3-720x405.png 720w\" sizes=\"(max-width: 1280px) 100vw, 1280px\" \/><\/figure>\n\n\n\n<h3 class=\"wp-block-heading has-text-align-center\">Parlez-vous fran\u00e7ais&nbsp;?<\/h3>\n\n\n\n<p class=\"has-text-align-center\">Retrouvez notre livre de recettes en fran\u00e7ais ici<\/p>\n\n\n\n<div class=\"wp-block-buttons is-content-justification-center is-layout-flex wp-container-core-buttons-is-layout-a89b3969 wp-block-buttons-is-layout-flex\">\n<div class=\"wp-block-button wp-block-button\"><a class=\"wp-block-button__link wp-element-button\" href=\"https:\/\/www.ankarsrum.com\/group\/recipe-book-in-french\/\" target=\"_blank\" rel=\"noreferrer noopener\">Livre de recettes en fran\u00e7ais<\/a><\/div>\n<\/div>\n<\/div>\n\n\n\n<div class=\"wp-block-column is-layout-flow wp-block-column-is-layout-flow\" style=\"flex-basis:15%\"><\/div>\n<\/div>\n\n\n\n<div style=\"height:20px\" aria-hidden=\"true\" class=\"wp-block-spacer\"><\/div>\n","protected":false},"excerpt":{"rendered":"<p>Find our recipe book in different languages. Sometimes you may want to read the recipe book in a language other&hellip;<\/p>\n","protected":false},"author":224,"featured_media":0,"parent":0,"menu_order":0,"comment_status":"closed","ping_status":"closed","template":"","meta":{"_acf_changed":false,"editor_notices":[],"footnotes":""},"class_list":["post-47584","page","type-page","status-publish","hentry"],"acf":[],"_links":{"self":[{"href":"https:\/\/www.ankarsrum.com\/group\/wp-json\/wp\/v2\/pages\/47584","targetHints":{"allow":["GET"]}}],"collection":[{"href":"https:\/\/www.ankarsrum.com\/group\/wp-json\/wp\/v2\/pages"}],"about":[{"href":"https:\/\/www.ankarsrum.com\/group\/wp-json\/wp\/v2\/types\/page"}],"author":[{"embeddable":true,"href":"https:\/\/www.ankarsrum.com\/group\/wp-json\/wp\/v2\/users\/224"}],"replies":[{"embeddable":true,"href":"https:\/\/www.ankarsrum.com\/group\/wp-json\/wp\/v2\/comments?post=47584"}],"version-history":[{"count":5,"href":"https:\/\/www.ankarsrum.com\/group\/wp-json\/wp\/v2\/pages\/47584\/revisions"}],"predecessor-version":[{"id":48000,"href":"https:\/\/www.ankarsrum.com\/group\/wp-json\/wp\/v2\/pages\/47584\/revisions\/48000"}],"wp:attachment":[{"href":"https:\/\/www.ankarsrum.com\/group\/wp-json\/wp\/v2\/media?parent=47584"}],"curies":[{"name":"wp","href":"https:\/\/api.w.org\/{rel}","templated":true}]}}