{"id":6456,"date":"2021-06-22T11:17:47","date_gmt":"2021-06-22T11:17:47","guid":{"rendered":"https:\/\/www.ankarsrum.com\/it\/?page_id=6456"},"modified":"2022-10-12T07:41:04","modified_gmt":"2022-10-12T07:41:04","slug":"norme-di-garanzia","status":"publish","type":"page","link":"https:\/\/www.ankarsrum.com\/it\/norme-di-garanzia\/","title":{"rendered":"Norme di garanzia"},"content":{"rendered":"Il prodotto ha una garanzia di fabbrica di 7 anni che copre la macchina, ad eccezione della ciotola in acciaio inossidabile e altri accessori. Lo scontrino \u00e8 valido come certificato di garanzia. La garanzia \u00e8 valida solo se la macchina viene utilizzata in casa e solo se si rispettano le istruzioni operative. La garanzia non \u00e8 valida in caso di danni procurati durante il trasporto o a causa di manipolazione e uso commerciale errati o incauti.","protected":false},"excerpt":{"rendered":"<p>Il prodotto ha una garanzia di fabbrica di 7 anni che copre la macchina ad eccezione della ciotola in acciaio&hellip;<\/p>\n","protected":false},"author":23,"featured_media":0,"parent":0,"menu_order":0,"comment_status":"closed","ping_status":"closed","template":"","meta":{"_acf_changed":false,"content-type":"","editor_notices":[],"footnotes":""},"class_list":["post-6456","page","type-page","status-publish","hentry"],"acf":[],"yoast_head":"<!-- This site is optimized with the Yoast SEO Premium plugin v26.6 (Yoast SEO v26.6) - https:\/\/yoast.com\/wordpress\/plugins\/seo\/ -->\n<title>Norme di garanzia - Ankarsrum Italy<\/title>\n<meta name=\"robots\" content=\"index, follow, max-snippet:-1, max-image-preview:large, max-video-preview:-1\" \/>\n<link rel=\"canonical\" href=\"https:\/\/www.ankarsrum.com\/it\/norme-di-garanzia\/\" \/>\n<meta property=\"og:locale\" content=\"it_IT\" \/>\n<meta property=\"og:type\" content=\"article\" \/>\n<meta property=\"og:title\" content=\"Norme di garanzia\" \/>\n<meta property=\"og:description\" content=\"Il prodotto ha una garanzia di fabbrica di 7 anni che copre la macchina ad eccezione della ciotola in acciaio&hellip;\" \/>\n<meta property=\"og:url\" content=\"https:\/\/www.ankarsrum.com\/it\/norme-di-garanzia\/\" \/>\n<meta property=\"og:site_name\" content=\"Ankarsrum Italy\" \/>\n<meta property=\"article:modified_time\" content=\"2022-10-12T07:41:04+00:00\" \/>\n<meta name=\"twitter:card\" content=\"summary_large_image\" \/>\n<meta name=\"twitter:label1\" content=\"Tempo di lettura stimato\" \/>\n\t<meta name=\"twitter:data1\" content=\"1 minuto\" \/>\n<script type=\"application\/ld+json\" class=\"yoast-schema-graph\">{\"@context\":\"https:\/\/schema.org\",\"@graph\":[{\"@type\":\"WebPage\",\"@id\":\"https:\/\/www.ankarsrum.com\/it\/norme-di-garanzia\/\",\"url\":\"https:\/\/www.ankarsrum.com\/it\/norme-di-garanzia\/\",\"name\":\"Norme di garanzia - Ankarsrum Italy\",\"isPartOf\":{\"@id\":\"https:\/\/www.ankarsrum.com\/it\/#website\"},\"datePublished\":\"2021-06-22T11:17:47+00:00\",\"dateModified\":\"2022-10-12T07:41:04+00:00\",\"breadcrumb\":{\"@id\":\"https:\/\/www.ankarsrum.com\/it\/norme-di-garanzia\/#breadcrumb\"},\"inLanguage\":\"it-IT\",\"potentialAction\":[{\"@type\":\"ReadAction\",\"target\":[\"https:\/\/www.ankarsrum.com\/it\/norme-di-garanzia\/\"]}]},{\"@type\":\"BreadcrumbList\",\"@id\":\"https:\/\/www.ankarsrum.com\/it\/norme-di-garanzia\/#breadcrumb\",\"itemListElement\":[{\"@type\":\"ListItem\",\"position\":1,\"name\":\"Home\",\"item\":\"https:\/\/www.ankarsrum.com\/it\/\"},{\"@type\":\"ListItem\",\"position\":2,\"name\":\"Norme di garanzia\"}]},{\"@type\":\"WebSite\",\"@id\":\"https:\/\/www.ankarsrum.com\/it\/#website\",\"url\":\"https:\/\/www.ankarsrum.com\/it\/\",\"name\":\"Ankarsrum Italy\",\"description\":\"The bread of the world\",\"potentialAction\":[{\"@type\":\"SearchAction\",\"target\":{\"@type\":\"EntryPoint\",\"urlTemplate\":\"https:\/\/www.ankarsrum.com\/it\/?s={search_term_string}\"},\"query-input\":{\"@type\":\"PropertyValueSpecification\",\"valueRequired\":true,\"valueName\":\"search_term_string\"}}],\"inLanguage\":\"it-IT\"}]}<\/script>\n<!-- \/ Yoast SEO Premium plugin. -->","yoast_head_json":{"title":"Norme di garanzia - Ankarsrum Italy","robots":{"index":"index","follow":"follow","max-snippet":"max-snippet:-1","max-image-preview":"max-image-preview:large","max-video-preview":"max-video-preview:-1"},"canonical":"https:\/\/www.ankarsrum.com\/it\/norme-di-garanzia\/","og_locale":"it_IT","og_type":"article","og_title":"Norme di garanzia","og_description":"Il prodotto ha una garanzia di fabbrica di 7 anni che copre la macchina ad eccezione della ciotola in acciaio&hellip;","og_url":"https:\/\/www.ankarsrum.com\/it\/norme-di-garanzia\/","og_site_name":"Ankarsrum Italy","article_modified_time":"2022-10-12T07:41:04+00:00","twitter_card":"summary_large_image","twitter_misc":{"Tempo di lettura stimato":"1 minuto"},"schema":{"@context":"https:\/\/schema.org","@graph":[{"@type":"WebPage","@id":"https:\/\/www.ankarsrum.com\/it\/norme-di-garanzia\/","url":"https:\/\/www.ankarsrum.com\/it\/norme-di-garanzia\/","name":"Norme di garanzia - Ankarsrum Italy","isPartOf":{"@id":"https:\/\/www.ankarsrum.com\/it\/#website"},"datePublished":"2021-06-22T11:17:47+00:00","dateModified":"2022-10-12T07:41:04+00:00","breadcrumb":{"@id":"https:\/\/www.ankarsrum.com\/it\/norme-di-garanzia\/#breadcrumb"},"inLanguage":"it-IT","potentialAction":[{"@type":"ReadAction","target":["https:\/\/www.ankarsrum.com\/it\/norme-di-garanzia\/"]}]},{"@type":"BreadcrumbList","@id":"https:\/\/www.ankarsrum.com\/it\/norme-di-garanzia\/#breadcrumb","itemListElement":[{"@type":"ListItem","position":1,"name":"Home","item":"https:\/\/www.ankarsrum.com\/it\/"},{"@type":"ListItem","position":2,"name":"Norme di garanzia"}]},{"@type":"WebSite","@id":"https:\/\/www.ankarsrum.com\/it\/#website","url":"https:\/\/www.ankarsrum.com\/it\/","name":"Ankarsrum Italy","description":"The bread of the world","potentialAction":[{"@type":"SearchAction","target":{"@type":"EntryPoint","urlTemplate":"https:\/\/www.ankarsrum.com\/it\/?s={search_term_string}"},"query-input":{"@type":"PropertyValueSpecification","valueRequired":true,"valueName":"search_term_string"}}],"inLanguage":"it-IT"}]}},"_links":{"self":[{"href":"https:\/\/www.ankarsrum.com\/it\/wp-json\/wp\/v2\/pages\/6456","targetHints":{"allow":["GET"]}}],"collection":[{"href":"https:\/\/www.ankarsrum.com\/it\/wp-json\/wp\/v2\/pages"}],"about":[{"href":"https:\/\/www.ankarsrum.com\/it\/wp-json\/wp\/v2\/types\/page"}],"author":[{"embeddable":true,"href":"https:\/\/www.ankarsrum.com\/it\/wp-json\/wp\/v2\/users\/23"}],"replies":[{"embeddable":true,"href":"https:\/\/www.ankarsrum.com\/it\/wp-json\/wp\/v2\/comments?post=6456"}],"version-history":[{"count":2,"href":"https:\/\/www.ankarsrum.com\/it\/wp-json\/wp\/v2\/pages\/6456\/revisions"}],"predecessor-version":[{"id":9265,"href":"https:\/\/www.ankarsrum.com\/it\/wp-json\/wp\/v2\/pages\/6456\/revisions\/9265"}],"wp:attachment":[{"href":"https:\/\/www.ankarsrum.com\/it\/wp-json\/wp\/v2\/media?parent=6456"}],"curies":[{"name":"wp","href":"https:\/\/api.w.org\/{rel}","templated":true}]}}