{"id":8065,"date":"2024-07-16T07:00:53","date_gmt":"2024-07-16T07:00:53","guid":{"rendered":"https:\/\/www.ankarsrum.com\/it\/product\/set-tritacarne-completo\/"},"modified":"2025-07-03T08:58:56","modified_gmt":"2025-07-03T08:58:56","slug":"set-tritacarne-completo","status":"publish","type":"product","link":"https:\/\/www.ankarsrum.com\/it\/product\/set-tritacarne-completo\/","title":{"rendered":"Set tritacarne completo"},"content":{"rendered":"Il pacchetto completo del tritacarne contiene il tritacarne, 3 corni per salsicce da 10\/20\/25mm, un vassoio di un&#8217;alimentazione, un tappo di alimentazione, 4 piastre a dischi forati 2,5\/4,5\/6\/8mm, un colino, una grattugia, deidischi per pasta, accessorio per biscotti e un paraspruzzi per il tritacarne.\r\n\r\nUn tritacarne in cucina significa che potrete portare la vostre cucina ad un livello completamente nuovo. E questo vale sia che voi preferiate la carne, il pesce o il vegetariano, perch\u00e9 potrete usare il tritacarne per fare il pesce tritato, proprio come la carne tritata o i ceci tritati. O magari della pasta fatta in casa con i dischi per la pasta. Avrete non meno di tre diversi corni per salsicce, cos\u00ec potrete fare qualsiasi cosa, dagli hot dog alle salsicce &#8211; o perch\u00e9 non optare per dei w\u00fcrstel o dei falafel?\r\n\r\nUsate l&#8217;accessorio per grattugiare finemente noci, mandorle, croste, cioccolato, parmigiano, carote, patate ecc.\r\n\r\nIl colino si usa per filtrare la frutta e i frutti di bosco per ottenere un pur\u00e8 o una purea. Tagliate la frutta a spicchi, ma conservare la buccia e il nocciolo. Impostate, usando la manopola di regolazione, quanto spesso o sottile volete che sia il pur\u00e8. Iniziare sempre dalla posizione pi\u00f9 interna per ottenere i migliori risultati.\r\n\r\nCon la pressa per biscotti si ottengono sempre i dolci croccanti che si possano immaginare.\r\n\r\n&#8211; Un tritacarne di classe mondiale, amato dai clienti!\r\n&#8211; Puoi tritare carne, pesce, pollo e fagioli.\r\n&#8211; Con il tritacarne vengono forniti 3 corni per salsicce da 10, 20 e 25 mm.\r\n&#8211; Dischi con foro da 2,5 mm (0,1 in) , 4,5 mm (0,18 in), 6 mm (0,24 in) e disco da 8 mm (0,315 in).\r\n&#8211; Il filtro \u00e8 composto da un rullo filtrante, una valvola, un tubo filtrante, una manopola di regolazione e un trogolo filtrante.\r\n&#8211; L&#8217;accessorio per la grattugia consiste in un cilindro per la grattugia e un rullo per la grattugia.\r\n&#8211; Usa la pressa per biscotti per fare piccoli biscotti di pasta frolla in diverse forme.\r\n&#8211; Dischi per la pasta per fare tagliatelle, maccheroni\/spaghetti a tubo, fettuccine e spaghetti &#8220;normali&#8221;.\r\n&#8211; Utilizzare sempre il tappo di alimentazione per l&#8217;alimentazione, non inserire oggetti estranei come coltelli o forchette nell&#8217;alloggiamento del tritacarne.\r\n&#8211; Il tritacarne si adatta a tutti gli assistenti N1-N30&#8243;.","protected":false},"excerpt":{"rendered":"<p>Questa \u00e8 la soluzione per chiunque voglia utilizzare appieno il tritacarne Assistent Original\u00ae. Tritare, filtrare, grattugiare, insaccare.<\/p>\n","protected":false},"featured_media":11558,"comment_status":"open","ping_status":"closed","template":"","meta":{"_acf_changed":false,"content-type":"","editor_notices":[]},"product_brand":[],"product_cat":[163],"product_tag":[],"product-tag":[227,221],"machines":[],"filter":[233,238],"class_list":{"0":"post-8065","1":"product","2":"type-product","3":"status-publish","4":"has-post-thumbnail","6":"product_cat-accessori","7":"product-tag-secondi","8":"product-tag-tritacarne","9":"filter-secondi","10":"filter-tritacarne","12":"first","13":"instock","14":"taxable","15":"shipping-taxable","16":"product-type-simple"},"acf":[],"yoast_head":"<!-- This site is optimized with the Yoast SEO Premium plugin v26.6 (Yoast SEO v26.6) - https:\/\/yoast.com\/wordpress\/plugins\/seo\/ -->\n<title>Set tritacarne completo - Ankarsrum Italy<\/title>\n<meta name=\"robots\" content=\"index, follow, max-snippet:-1, max-image-preview:large, max-video-preview:-1\" \/>\n<link rel=\"canonical\" href=\"https:\/\/www.ankarsrum.com\/it\/product\/set-tritacarne-completo\/\" \/>\n<meta property=\"og:locale\" content=\"it_IT\" \/>\n<meta property=\"og:type\" content=\"article\" \/>\n<meta property=\"og:title\" content=\"Set tritacarne completo\" \/>\n<meta property=\"og:description\" content=\"Questa \u00e8 la soluzione per chiunque voglia utilizzare appieno il tritacarne Assistent Original\u00ae. Tritare, filtrare, grattugiare, insaccare.\" \/>\n<meta property=\"og:url\" content=\"https:\/\/www.ankarsrum.com\/it\/product\/set-tritacarne-completo\/\" \/>\n<meta property=\"og:site_name\" content=\"Ankarsrum Italy\" \/>\n<meta property=\"article:modified_time\" content=\"2025-07-03T08:58:56+00:00\" \/>\n<meta property=\"og:image\" content=\"https:\/\/www.ankarsrum.com\/it\/wp-content\/uploads\/sites\/35\/2024\/09\/mincer-complete-ny.jpg\" \/>\n\t<meta property=\"og:image:width\" content=\"1200\" \/>\n\t<meta property=\"og:image:height\" content=\"630\" \/>\n\t<meta property=\"og:image:type\" content=\"image\/jpeg\" \/>\n<meta name=\"twitter:card\" content=\"summary_large_image\" \/>\n<meta name=\"twitter:label1\" content=\"Tempo di lettura stimato\" \/>\n\t<meta name=\"twitter:data1\" content=\"2 minuti\" \/>\n<script type=\"application\/ld+json\" class=\"yoast-schema-graph\">{\"@context\":\"https:\/\/schema.org\",\"@graph\":[{\"@type\":\"WebPage\",\"@id\":\"https:\/\/www.ankarsrum.com\/it\/product\/set-tritacarne-completo\/\",\"url\":\"https:\/\/www.ankarsrum.com\/it\/product\/set-tritacarne-completo\/\",\"name\":\"Set tritacarne completo - Ankarsrum Italy\",\"isPartOf\":{\"@id\":\"https:\/\/www.ankarsrum.com\/it\/#website\"},\"primaryImageOfPage\":{\"@id\":\"https:\/\/www.ankarsrum.com\/it\/product\/set-tritacarne-completo\/#primaryimage\"},\"image\":{\"@id\":\"https:\/\/www.ankarsrum.com\/it\/product\/set-tritacarne-completo\/#primaryimage\"},\"thumbnailUrl\":\"https:\/\/www.ankarsrum.com\/img-srv\/hKhQ6YnwyOxVdUNl_igcyG8Y5NzY1o-Vf_cLVxG1Tgw\/resizing_type:auto\/width:0\/height:0\/gravity:sm\/enlarge:1\/ext:webp\/strip_metadata:1\/quality:90\/cachebuster:filesize-216091\/bG9jYWw6Ly8vd3d3LmFua2Fyc3J1bS5jb20vd3AtY29udGVudC91cGxvYWRzL3NpdGVzLzM1LzIwMjQvMDkvbWluY2VyLWNvbXBsZXRlLW55LmpwZw.webp\",\"datePublished\":\"2024-07-16T07:00:53+00:00\",\"dateModified\":\"2025-07-03T08:58:56+00:00\",\"breadcrumb\":{\"@id\":\"https:\/\/www.ankarsrum.com\/it\/product\/set-tritacarne-completo\/#breadcrumb\"},\"inLanguage\":\"it-IT\",\"potentialAction\":[{\"@type\":\"ReadAction\",\"target\":[\"https:\/\/www.ankarsrum.com\/it\/product\/set-tritacarne-completo\/\"]}]},{\"@type\":\"ImageObject\",\"inLanguage\":\"it-IT\",\"@id\":\"https:\/\/www.ankarsrum.com\/it\/product\/set-tritacarne-completo\/#primaryimage\",\"url\":\"https:\/\/www.ankarsrum.com\/img-srv\/hKhQ6YnwyOxVdUNl_igcyG8Y5NzY1o-Vf_cLVxG1Tgw\/resizing_type:auto\/width:0\/height:0\/gravity:sm\/enlarge:1\/ext:webp\/strip_metadata:1\/quality:90\/cachebuster:filesize-216091\/bG9jYWw6Ly8vd3d3LmFua2Fyc3J1bS5jb20vd3AtY29udGVudC91cGxvYWRzL3NpdGVzLzM1LzIwMjQvMDkvbWluY2VyLWNvbXBsZXRlLW55LmpwZw.webp\",\"contentUrl\":\"https:\/\/www.ankarsrum.com\/img-srv\/hKhQ6YnwyOxVdUNl_igcyG8Y5NzY1o-Vf_cLVxG1Tgw\/resizing_type:auto\/width:0\/height:0\/gravity:sm\/enlarge:1\/ext:webp\/strip_metadata:1\/quality:90\/cachebuster:filesize-216091\/bG9jYWw6Ly8vd3d3LmFua2Fyc3J1bS5jb20vd3AtY29udGVudC91cGxvYWRzL3NpdGVzLzM1LzIwMjQvMDkvbWluY2VyLWNvbXBsZXRlLW55LmpwZw.webp\",\"width\":2000,\"height\":2000},{\"@type\":\"BreadcrumbList\",\"@id\":\"https:\/\/www.ankarsrum.com\/it\/product\/set-tritacarne-completo\/#breadcrumb\",\"itemListElement\":[{\"@type\":\"ListItem\",\"position\":1,\"name\":\"Home\",\"item\":\"https:\/\/www.ankarsrum.com\/it\/\"},{\"@type\":\"ListItem\",\"position\":2,\"name\":\"Produce name\",\"item\":\"https:\/\/www.ankarsrum.com\/it\/shop\/\"},{\"@type\":\"ListItem\",\"position\":3,\"name\":\"Set tritacarne completo\"}]},{\"@type\":\"WebSite\",\"@id\":\"https:\/\/www.ankarsrum.com\/it\/#website\",\"url\":\"https:\/\/www.ankarsrum.com\/it\/\",\"name\":\"Ankarsrum Italy\",\"description\":\"The bread of the world\",\"potentialAction\":[{\"@type\":\"SearchAction\",\"target\":{\"@type\":\"EntryPoint\",\"urlTemplate\":\"https:\/\/www.ankarsrum.com\/it\/?s={search_term_string}\"},\"query-input\":{\"@type\":\"PropertyValueSpecification\",\"valueRequired\":true,\"valueName\":\"search_term_string\"}}],\"inLanguage\":\"it-IT\"}]}<\/script>\n<!-- \/ Yoast SEO Premium plugin. -->","yoast_head_json":{"title":"Set tritacarne completo - Ankarsrum Italy","robots":{"index":"index","follow":"follow","max-snippet":"max-snippet:-1","max-image-preview":"max-image-preview:large","max-video-preview":"max-video-preview:-1"},"canonical":"https:\/\/www.ankarsrum.com\/it\/product\/set-tritacarne-completo\/","og_locale":"it_IT","og_type":"article","og_title":"Set tritacarne completo","og_description":"Questa \u00e8 la soluzione per chiunque voglia utilizzare appieno il tritacarne Assistent Original\u00ae. Tritare, filtrare, grattugiare, insaccare.","og_url":"https:\/\/www.ankarsrum.com\/it\/product\/set-tritacarne-completo\/","og_site_name":"Ankarsrum Italy","article_modified_time":"2025-07-03T08:58:56+00:00","og_image":[{"width":1200,"height":630,"url":"https:\/\/www.ankarsrum.com\/it\/wp-content\/uploads\/sites\/35\/2024\/09\/mincer-complete-ny.jpg","type":"image\/jpeg"}],"twitter_card":"summary_large_image","twitter_misc":{"Tempo di lettura stimato":"2 minuti"},"schema":{"@context":"https:\/\/schema.org","@graph":[{"@type":"WebPage","@id":"https:\/\/www.ankarsrum.com\/it\/product\/set-tritacarne-completo\/","url":"https:\/\/www.ankarsrum.com\/it\/product\/set-tritacarne-completo\/","name":"Set tritacarne completo - Ankarsrum Italy","isPartOf":{"@id":"https:\/\/www.ankarsrum.com\/it\/#website"},"primaryImageOfPage":{"@id":"https:\/\/www.ankarsrum.com\/it\/product\/set-tritacarne-completo\/#primaryimage"},"image":{"@id":"https:\/\/www.ankarsrum.com\/it\/product\/set-tritacarne-completo\/#primaryimage"},"thumbnailUrl":"https:\/\/www.ankarsrum.com\/img-srv\/hKhQ6YnwyOxVdUNl_igcyG8Y5NzY1o-Vf_cLVxG1Tgw\/resizing_type:auto\/width:0\/height:0\/gravity:sm\/enlarge:1\/ext:webp\/strip_metadata:1\/quality:90\/cachebuster:filesize-216091\/bG9jYWw6Ly8vd3d3LmFua2Fyc3J1bS5jb20vd3AtY29udGVudC91cGxvYWRzL3NpdGVzLzM1LzIwMjQvMDkvbWluY2VyLWNvbXBsZXRlLW55LmpwZw.webp","datePublished":"2024-07-16T07:00:53+00:00","dateModified":"2025-07-03T08:58:56+00:00","breadcrumb":{"@id":"https:\/\/www.ankarsrum.com\/it\/product\/set-tritacarne-completo\/#breadcrumb"},"inLanguage":"it-IT","potentialAction":[{"@type":"ReadAction","target":["https:\/\/www.ankarsrum.com\/it\/product\/set-tritacarne-completo\/"]}]},{"@type":"ImageObject","inLanguage":"it-IT","@id":"https:\/\/www.ankarsrum.com\/it\/product\/set-tritacarne-completo\/#primaryimage","url":"https:\/\/www.ankarsrum.com\/img-srv\/hKhQ6YnwyOxVdUNl_igcyG8Y5NzY1o-Vf_cLVxG1Tgw\/resizing_type:auto\/width:0\/height:0\/gravity:sm\/enlarge:1\/ext:webp\/strip_metadata:1\/quality:90\/cachebuster:filesize-216091\/bG9jYWw6Ly8vd3d3LmFua2Fyc3J1bS5jb20vd3AtY29udGVudC91cGxvYWRzL3NpdGVzLzM1LzIwMjQvMDkvbWluY2VyLWNvbXBsZXRlLW55LmpwZw.webp","contentUrl":"https:\/\/www.ankarsrum.com\/img-srv\/hKhQ6YnwyOxVdUNl_igcyG8Y5NzY1o-Vf_cLVxG1Tgw\/resizing_type:auto\/width:0\/height:0\/gravity:sm\/enlarge:1\/ext:webp\/strip_metadata:1\/quality:90\/cachebuster:filesize-216091\/bG9jYWw6Ly8vd3d3LmFua2Fyc3J1bS5jb20vd3AtY29udGVudC91cGxvYWRzL3NpdGVzLzM1LzIwMjQvMDkvbWluY2VyLWNvbXBsZXRlLW55LmpwZw.webp","width":2000,"height":2000},{"@type":"BreadcrumbList","@id":"https:\/\/www.ankarsrum.com\/it\/product\/set-tritacarne-completo\/#breadcrumb","itemListElement":[{"@type":"ListItem","position":1,"name":"Home","item":"https:\/\/www.ankarsrum.com\/it\/"},{"@type":"ListItem","position":2,"name":"Produce name","item":"https:\/\/www.ankarsrum.com\/it\/shop\/"},{"@type":"ListItem","position":3,"name":"Set tritacarne completo"}]},{"@type":"WebSite","@id":"https:\/\/www.ankarsrum.com\/it\/#website","url":"https:\/\/www.ankarsrum.com\/it\/","name":"Ankarsrum Italy","description":"The bread of the world","potentialAction":[{"@type":"SearchAction","target":{"@type":"EntryPoint","urlTemplate":"https:\/\/www.ankarsrum.com\/it\/?s={search_term_string}"},"query-input":{"@type":"PropertyValueSpecification","valueRequired":true,"valueName":"search_term_string"}}],"inLanguage":"it-IT"}]}},"_links":{"self":[{"href":"https:\/\/www.ankarsrum.com\/it\/wp-json\/wp\/v2\/product\/8065","targetHints":{"allow":["GET"]}}],"collection":[{"href":"https:\/\/www.ankarsrum.com\/it\/wp-json\/wp\/v2\/product"}],"about":[{"href":"https:\/\/www.ankarsrum.com\/it\/wp-json\/wp\/v2\/types\/product"}],"replies":[{"embeddable":true,"href":"https:\/\/www.ankarsrum.com\/it\/wp-json\/wp\/v2\/comments?post=8065"}],"wp:featuredmedia":[{"embeddable":true,"href":"https:\/\/www.ankarsrum.com\/it\/wp-json\/wp\/v2\/media\/11558"}],"wp:attachment":[{"href":"https:\/\/www.ankarsrum.com\/it\/wp-json\/wp\/v2\/media?parent=8065"}],"wp:term":[{"taxonomy":"product_brand","embeddable":true,"href":"https:\/\/www.ankarsrum.com\/it\/wp-json\/wp\/v2\/product_brand?post=8065"},{"taxonomy":"product_cat","embeddable":true,"href":"https:\/\/www.ankarsrum.com\/it\/wp-json\/wp\/v2\/product_cat?post=8065"},{"taxonomy":"product_tag","embeddable":true,"href":"https:\/\/www.ankarsrum.com\/it\/wp-json\/wp\/v2\/product_tag?post=8065"},{"taxonomy":"product-tag","embeddable":true,"href":"https:\/\/www.ankarsrum.com\/it\/wp-json\/wp\/v2\/product-tag?post=8065"},{"taxonomy":"machines","embeddable":true,"href":"https:\/\/www.ankarsrum.com\/it\/wp-json\/wp\/v2\/machines?post=8065"},{"taxonomy":"filter","embeddable":true,"href":"https:\/\/www.ankarsrum.com\/it\/wp-json\/wp\/v2\/filter?post=8065"}],"curies":[{"name":"wp","href":"https:\/\/api.w.org\/{rel}","templated":true}]}}