{"id":9697,"date":"2024-07-16T12:32:17","date_gmt":"2024-07-16T12:32:17","guid":{"rendered":"https:\/\/www.ankarsrum.com\/it\/product\/tagliapasta-per-lasagnette-da-10-mm\/"},"modified":"2026-05-01T06:06:44","modified_gmt":"2026-05-01T06:06:44","slug":"tagliapasta-per-lasagnette-da-10-mm","status":"publish","type":"product","link":"https:\/\/www.ankarsrum.com\/it\/product\/tagliapasta-per-lasagnette-da-10-mm\/","title":{"rendered":"Tagliapasta per Lasagnette da 10 mm"},"content":{"rendered":"<p>Se c&#039;\u00e8 una forma di pasta, gli italiani hanno un nome per essa. Fare la propria pasta per la famiglia non \u00e8 cucinare, \u00e8 un atto d&#039;amore!<\/p>\n<p>&#8211; Le fettuccine di Ankarsrum provengono dall&#039;azienda italiana Marcato, con 80 anni di esperienza nel fare la pasta.<br \/>&#8211; Quando usi il tagliapasta per fettuccine o spaghetti, usa le sfoglie di pasta che hai steso con il rullo per lasagne, o che hai steso a mano, e falle passare attraverso il tagliapasta per fettuccine.<br \/>&#8211; Per gli accessori per la pasta si pu\u00f2 usare solo la pasta.<br \/>&#8211; Non inserire mai dita o oggetti estranei nel rullo.<br \/>&#8211; I rulli per la pasta si adattano a tutti gli Assistent N1-N30.<\/p>","protected":false},"excerpt":{"rendered":"<p>Servire la pasta fatta in casa fa fare una buona impressione durante qualsiasi cena. Il gusto e la consistenza offrono un&#039;esperienza meravigliosa per il palato &#8211; ed \u00e8 molto pi\u00f9 facile da fare di quanto si pensi!<\/p>\n<p>Il tagliapasta per Lasagnette fa una pasta larga 10mm.<\/p>\n","protected":false},"featured_media":11517,"comment_status":"open","ping_status":"closed","template":"","meta":{"_acf_changed":false,"content-type":"","editor_notices":[]},"product_brand":[],"product_cat":[163,403],"product_tag":[],"product-tag":[220,227],"machines":[],"filter":[239,233],"class_list":{"0":"post-9697","1":"product","2":"type-product","3":"status-publish","4":"has-post-thumbnail","6":"product_cat-accessori","7":"product_cat-sale","8":"product-tag-pasta","9":"product-tag-secondi","10":"filter-pasta","11":"filter-secondi","13":"first","14":"instock","15":"taxable","16":"shipping-taxable","17":"product-type-simple"},"acf":[],"yoast_head":"<!-- This site is optimized with the Yoast SEO Premium plugin v26.6 (Yoast SEO v26.6) - https:\/\/yoast.com\/wordpress\/plugins\/seo\/ -->\n<title>Tagliapasta per Lasagnette da 10 mm - Ankarsrum Italy<\/title>\n<meta name=\"robots\" content=\"index, follow, max-snippet:-1, max-image-preview:large, max-video-preview:-1\" \/>\n<link rel=\"canonical\" href=\"https:\/\/www.ankarsrum.com\/it\/product\/tagliapasta-per-lasagnette-da-10-mm\/\" \/>\n<meta property=\"og:locale\" content=\"it_IT\" \/>\n<meta property=\"og:type\" content=\"article\" \/>\n<meta property=\"og:title\" content=\"Tagliapasta per Lasagnette da 10 mm\" \/>\n<meta property=\"og:description\" content=\"Servire la pasta fatta in casa fa fare una buona impressione durante qualsiasi cena. Il gusto e la consistenza offrono un&#039;esperienza meravigliosa per il palato - ed \u00e8 molto pi\u00f9 facile da fare di quanto si pensi! Il tagliapasta per Lasagnette fa una pasta larga 10mm.\" \/>\n<meta property=\"og:url\" content=\"https:\/\/www.ankarsrum.com\/it\/product\/tagliapasta-per-lasagnette-da-10-mm\/\" \/>\n<meta property=\"og:site_name\" content=\"Ankarsrum Italy\" \/>\n<meta property=\"article:modified_time\" content=\"2026-05-01T06:06:44+00:00\" \/>\n<meta property=\"og:image\" content=\"https:\/\/www.ankarsrum.com\/it\/wp-content\/uploads\/sites\/35\/2024\/09\/lasagnette-angle-1-scaled.jpg\" \/>\n\t<meta property=\"og:image:width\" content=\"1200\" \/>\n\t<meta property=\"og:image:height\" content=\"630\" \/>\n\t<meta property=\"og:image:type\" content=\"image\/jpeg\" \/>\n<meta name=\"twitter:card\" content=\"summary_large_image\" \/>\n<meta name=\"twitter:label1\" content=\"Tempo di lettura stimato\" \/>\n\t<meta name=\"twitter:data1\" content=\"1 minuto\" \/>\n<script type=\"application\/ld+json\" class=\"yoast-schema-graph\">{\"@context\":\"https:\/\/schema.org\",\"@graph\":[{\"@type\":\"WebPage\",\"@id\":\"https:\/\/www.ankarsrum.com\/it\/product\/tagliapasta-per-lasagnette-da-10-mm\/\",\"url\":\"https:\/\/www.ankarsrum.com\/it\/product\/tagliapasta-per-lasagnette-da-10-mm\/\",\"name\":\"Tagliapasta per Lasagnette da 10 mm - Ankarsrum Italy\",\"isPartOf\":{\"@id\":\"https:\/\/www.ankarsrum.com\/it\/#website\"},\"primaryImageOfPage\":{\"@id\":\"https:\/\/www.ankarsrum.com\/it\/product\/tagliapasta-per-lasagnette-da-10-mm\/#primaryimage\"},\"image\":{\"@id\":\"https:\/\/www.ankarsrum.com\/it\/product\/tagliapasta-per-lasagnette-da-10-mm\/#primaryimage\"},\"thumbnailUrl\":\"https:\/\/www.ankarsrum.com\/img-srv\/AC0FGQA7cTml8gGYsiS9_l8msiu97c3h9kthXnNjmU8\/resizing_type:auto\/width:0\/height:0\/gravity:sm\/enlarge:1\/ext:webp\/strip_metadata:1\/quality:90\/cachebuster:filesize-209377\/bG9jYWw6Ly8vd3d3LmFua2Fyc3J1bS5jb20vd3AtY29udGVudC91cGxvYWRzL3NpdGVzLzM1LzIwMjQvMDkvbGFzYWduZXR0ZS1hbmdsZS0xLXNjYWxlZC5qcGc.webp\",\"datePublished\":\"2024-07-16T12:32:17+00:00\",\"dateModified\":\"2026-05-01T06:06:44+00:00\",\"breadcrumb\":{\"@id\":\"https:\/\/www.ankarsrum.com\/it\/product\/tagliapasta-per-lasagnette-da-10-mm\/#breadcrumb\"},\"inLanguage\":\"it-IT\",\"potentialAction\":[{\"@type\":\"ReadAction\",\"target\":[\"https:\/\/www.ankarsrum.com\/it\/product\/tagliapasta-per-lasagnette-da-10-mm\/\"]}]},{\"@type\":\"ImageObject\",\"inLanguage\":\"it-IT\",\"@id\":\"https:\/\/www.ankarsrum.com\/it\/product\/tagliapasta-per-lasagnette-da-10-mm\/#primaryimage\",\"url\":\"https:\/\/www.ankarsrum.com\/img-srv\/AC0FGQA7cTml8gGYsiS9_l8msiu97c3h9kthXnNjmU8\/resizing_type:auto\/width:0\/height:0\/gravity:sm\/enlarge:1\/ext:webp\/strip_metadata:1\/quality:90\/cachebuster:filesize-209377\/bG9jYWw6Ly8vd3d3LmFua2Fyc3J1bS5jb20vd3AtY29udGVudC91cGxvYWRzL3NpdGVzLzM1LzIwMjQvMDkvbGFzYWduZXR0ZS1hbmdsZS0xLXNjYWxlZC5qcGc.webp\",\"contentUrl\":\"https:\/\/www.ankarsrum.com\/img-srv\/AC0FGQA7cTml8gGYsiS9_l8msiu97c3h9kthXnNjmU8\/resizing_type:auto\/width:0\/height:0\/gravity:sm\/enlarge:1\/ext:webp\/strip_metadata:1\/quality:90\/cachebuster:filesize-209377\/bG9jYWw6Ly8vd3d3LmFua2Fyc3J1bS5jb20vd3AtY29udGVudC91cGxvYWRzL3NpdGVzLzM1LzIwMjQvMDkvbGFzYWduZXR0ZS1hbmdsZS0xLXNjYWxlZC5qcGc.webp\",\"width\":2560,\"height\":2560},{\"@type\":\"BreadcrumbList\",\"@id\":\"https:\/\/www.ankarsrum.com\/it\/product\/tagliapasta-per-lasagnette-da-10-mm\/#breadcrumb\",\"itemListElement\":[{\"@type\":\"ListItem\",\"position\":1,\"name\":\"Home\",\"item\":\"https:\/\/www.ankarsrum.com\/it\/\"},{\"@type\":\"ListItem\",\"position\":2,\"name\":\"Produce name\",\"item\":\"https:\/\/www.ankarsrum.com\/it\/shop\/\"},{\"@type\":\"ListItem\",\"position\":3,\"name\":\"Tagliapasta per Lasagnette da 10 mm\"}]},{\"@type\":\"WebSite\",\"@id\":\"https:\/\/www.ankarsrum.com\/it\/#website\",\"url\":\"https:\/\/www.ankarsrum.com\/it\/\",\"name\":\"Ankarsrum Italy\",\"description\":\"The bread of the world\",\"potentialAction\":[{\"@type\":\"SearchAction\",\"target\":{\"@type\":\"EntryPoint\",\"urlTemplate\":\"https:\/\/www.ankarsrum.com\/it\/?s={search_term_string}\"},\"query-input\":{\"@type\":\"PropertyValueSpecification\",\"valueRequired\":true,\"valueName\":\"search_term_string\"}}],\"inLanguage\":\"it-IT\"}]}<\/script>\n<!-- \/ Yoast SEO Premium plugin. -->","yoast_head_json":{"title":"Tagliapasta per Lasagnette da 10 mm - Ankarsrum Italy","robots":{"index":"index","follow":"follow","max-snippet":"max-snippet:-1","max-image-preview":"max-image-preview:large","max-video-preview":"max-video-preview:-1"},"canonical":"https:\/\/www.ankarsrum.com\/it\/product\/tagliapasta-per-lasagnette-da-10-mm\/","og_locale":"it_IT","og_type":"article","og_title":"Tagliapasta per Lasagnette da 10 mm","og_description":"Servire la pasta fatta in casa fa fare una buona impressione durante qualsiasi cena. Il gusto e la consistenza offrono un&#039;esperienza meravigliosa per il palato - ed \u00e8 molto pi\u00f9 facile da fare di quanto si pensi! Il tagliapasta per Lasagnette fa una pasta larga 10mm.","og_url":"https:\/\/www.ankarsrum.com\/it\/product\/tagliapasta-per-lasagnette-da-10-mm\/","og_site_name":"Ankarsrum Italy","article_modified_time":"2026-05-01T06:06:44+00:00","og_image":[{"width":1200,"height":630,"url":"https:\/\/www.ankarsrum.com\/it\/wp-content\/uploads\/sites\/35\/2024\/09\/lasagnette-angle-1-scaled.jpg","type":"image\/jpeg"}],"twitter_card":"summary_large_image","twitter_misc":{"Tempo di lettura stimato":"1 minuto"},"schema":{"@context":"https:\/\/schema.org","@graph":[{"@type":"WebPage","@id":"https:\/\/www.ankarsrum.com\/it\/product\/tagliapasta-per-lasagnette-da-10-mm\/","url":"https:\/\/www.ankarsrum.com\/it\/product\/tagliapasta-per-lasagnette-da-10-mm\/","name":"Tagliapasta per Lasagnette da 10 mm - Ankarsrum Italy","isPartOf":{"@id":"https:\/\/www.ankarsrum.com\/it\/#website"},"primaryImageOfPage":{"@id":"https:\/\/www.ankarsrum.com\/it\/product\/tagliapasta-per-lasagnette-da-10-mm\/#primaryimage"},"image":{"@id":"https:\/\/www.ankarsrum.com\/it\/product\/tagliapasta-per-lasagnette-da-10-mm\/#primaryimage"},"thumbnailUrl":"https:\/\/www.ankarsrum.com\/img-srv\/AC0FGQA7cTml8gGYsiS9_l8msiu97c3h9kthXnNjmU8\/resizing_type:auto\/width:0\/height:0\/gravity:sm\/enlarge:1\/ext:webp\/strip_metadata:1\/quality:90\/cachebuster:filesize-209377\/bG9jYWw6Ly8vd3d3LmFua2Fyc3J1bS5jb20vd3AtY29udGVudC91cGxvYWRzL3NpdGVzLzM1LzIwMjQvMDkvbGFzYWduZXR0ZS1hbmdsZS0xLXNjYWxlZC5qcGc.webp","datePublished":"2024-07-16T12:32:17+00:00","dateModified":"2026-05-01T06:06:44+00:00","breadcrumb":{"@id":"https:\/\/www.ankarsrum.com\/it\/product\/tagliapasta-per-lasagnette-da-10-mm\/#breadcrumb"},"inLanguage":"it-IT","potentialAction":[{"@type":"ReadAction","target":["https:\/\/www.ankarsrum.com\/it\/product\/tagliapasta-per-lasagnette-da-10-mm\/"]}]},{"@type":"ImageObject","inLanguage":"it-IT","@id":"https:\/\/www.ankarsrum.com\/it\/product\/tagliapasta-per-lasagnette-da-10-mm\/#primaryimage","url":"https:\/\/www.ankarsrum.com\/img-srv\/AC0FGQA7cTml8gGYsiS9_l8msiu97c3h9kthXnNjmU8\/resizing_type:auto\/width:0\/height:0\/gravity:sm\/enlarge:1\/ext:webp\/strip_metadata:1\/quality:90\/cachebuster:filesize-209377\/bG9jYWw6Ly8vd3d3LmFua2Fyc3J1bS5jb20vd3AtY29udGVudC91cGxvYWRzL3NpdGVzLzM1LzIwMjQvMDkvbGFzYWduZXR0ZS1hbmdsZS0xLXNjYWxlZC5qcGc.webp","contentUrl":"https:\/\/www.ankarsrum.com\/img-srv\/AC0FGQA7cTml8gGYsiS9_l8msiu97c3h9kthXnNjmU8\/resizing_type:auto\/width:0\/height:0\/gravity:sm\/enlarge:1\/ext:webp\/strip_metadata:1\/quality:90\/cachebuster:filesize-209377\/bG9jYWw6Ly8vd3d3LmFua2Fyc3J1bS5jb20vd3AtY29udGVudC91cGxvYWRzL3NpdGVzLzM1LzIwMjQvMDkvbGFzYWduZXR0ZS1hbmdsZS0xLXNjYWxlZC5qcGc.webp","width":2560,"height":2560},{"@type":"BreadcrumbList","@id":"https:\/\/www.ankarsrum.com\/it\/product\/tagliapasta-per-lasagnette-da-10-mm\/#breadcrumb","itemListElement":[{"@type":"ListItem","position":1,"name":"Home","item":"https:\/\/www.ankarsrum.com\/it\/"},{"@type":"ListItem","position":2,"name":"Produce name","item":"https:\/\/www.ankarsrum.com\/it\/shop\/"},{"@type":"ListItem","position":3,"name":"Tagliapasta per Lasagnette da 10 mm"}]},{"@type":"WebSite","@id":"https:\/\/www.ankarsrum.com\/it\/#website","url":"https:\/\/www.ankarsrum.com\/it\/","name":"Ankarsrum Italy","description":"The bread of the world","potentialAction":[{"@type":"SearchAction","target":{"@type":"EntryPoint","urlTemplate":"https:\/\/www.ankarsrum.com\/it\/?s={search_term_string}"},"query-input":{"@type":"PropertyValueSpecification","valueRequired":true,"valueName":"search_term_string"}}],"inLanguage":"it-IT"}]}},"_links":{"self":[{"href":"https:\/\/www.ankarsrum.com\/it\/wp-json\/wp\/v2\/product\/9697","targetHints":{"allow":["GET"]}}],"collection":[{"href":"https:\/\/www.ankarsrum.com\/it\/wp-json\/wp\/v2\/product"}],"about":[{"href":"https:\/\/www.ankarsrum.com\/it\/wp-json\/wp\/v2\/types\/product"}],"replies":[{"embeddable":true,"href":"https:\/\/www.ankarsrum.com\/it\/wp-json\/wp\/v2\/comments?post=9697"}],"wp:featuredmedia":[{"embeddable":true,"href":"https:\/\/www.ankarsrum.com\/it\/wp-json\/wp\/v2\/media\/11517"}],"wp:attachment":[{"href":"https:\/\/www.ankarsrum.com\/it\/wp-json\/wp\/v2\/media?parent=9697"}],"wp:term":[{"taxonomy":"product_brand","embeddable":true,"href":"https:\/\/www.ankarsrum.com\/it\/wp-json\/wp\/v2\/product_brand?post=9697"},{"taxonomy":"product_cat","embeddable":true,"href":"https:\/\/www.ankarsrum.com\/it\/wp-json\/wp\/v2\/product_cat?post=9697"},{"taxonomy":"product_tag","embeddable":true,"href":"https:\/\/www.ankarsrum.com\/it\/wp-json\/wp\/v2\/product_tag?post=9697"},{"taxonomy":"product-tag","embeddable":true,"href":"https:\/\/www.ankarsrum.com\/it\/wp-json\/wp\/v2\/product-tag?post=9697"},{"taxonomy":"machines","embeddable":true,"href":"https:\/\/www.ankarsrum.com\/it\/wp-json\/wp\/v2\/machines?post=9697"},{"taxonomy":"filter","embeddable":true,"href":"https:\/\/www.ankarsrum.com\/it\/wp-json\/wp\/v2\/filter?post=9697"}],"curies":[{"name":"wp","href":"https:\/\/api.w.org\/{rel}","templated":true}]}}