{"id":1050,"date":"2019-02-05T13:48:19","date_gmt":"2019-02-05T13:48:19","guid":{"rendered":"https:\/\/www.ankarsrum.com\/?page_id=1050"},"modified":"2026-03-05T15:19:29","modified_gmt":"2026-03-05T14:19:29","slug":"var-historie","status":"publish","type":"page","link":"https:\/\/www.ankarsrum.com\/no\/var-historie\/","title":{"rendered":"V\u00e5r historie"},"content":{"rendered":"","protected":false},"excerpt":{"rendered":"","protected":false},"author":5,"featured_media":0,"parent":0,"menu_order":0,"comment_status":"closed","ping_status":"closed","template":"template-blocks.php","meta":{"_acf_changed":false,"content-type":"","editor_notices":[],"footnotes":""},"class_list":["post-1050","page","type-page","status-publish","hentry"],"acf":[],"yoast_head":"<!-- This site is optimized with the Yoast SEO Premium plugin v26.6 (Yoast SEO v26.6) - https:\/\/yoast.com\/wordpress\/plugins\/seo\/ -->\n<title>V\u00e5r historie | Ankarsrum Assistent Original<\/title>\n<meta name=\"description\" content=\"Les historien om Ankarsrum kj\u00f8kkenmaskin og utviklingen av Assistent, bygget med fokus p\u00e5 funksjon, holdbarhet og langsiktig bruk.\" \/>\n<meta name=\"robots\" content=\"index, follow, max-snippet:-1, max-image-preview:large, max-video-preview:-1\" \/>\n<link rel=\"canonical\" href=\"https:\/\/www.ankarsrum.com\/no\/var-historie\/\" \/>\n<meta property=\"og:locale\" content=\"nb_NO\" \/>\n<meta property=\"og:type\" content=\"article\" \/>\n<meta property=\"og:title\" content=\"V\u00e5r historie\" \/>\n<meta property=\"og:description\" content=\"Les historien om Ankarsrum kj\u00f8kkenmaskin og utviklingen av Assistent, bygget med fokus p\u00e5 funksjon, holdbarhet og langsiktig bruk.\" \/>\n<meta property=\"og:url\" content=\"https:\/\/www.ankarsrum.com\/no\/var-historie\/\" \/>\n<meta property=\"og:site_name\" content=\"Ankarsrum Norway\" \/>\n<meta property=\"article:modified_time\" content=\"2026-03-05T14:19:29+00:00\" \/>\n<meta name=\"twitter:card\" content=\"summary_large_image\" \/>\n<script type=\"application\/ld+json\" class=\"yoast-schema-graph\">{\"@context\":\"https:\/\/schema.org\",\"@graph\":[{\"@type\":\"WebPage\",\"@id\":\"https:\/\/www.ankarsrum.com\/no\/var-historie\/\",\"url\":\"https:\/\/www.ankarsrum.com\/no\/var-historie\/\",\"name\":\"V\u00e5r historie | Ankarsrum Assistent Original\",\"isPartOf\":{\"@id\":\"https:\/\/www.ankarsrum.com\/no\/#website\"},\"datePublished\":\"2019-02-05T13:48:19+00:00\",\"dateModified\":\"2026-03-05T14:19:29+00:00\",\"description\":\"Les historien om Ankarsrum kj\u00f8kkenmaskin og utviklingen av Assistent, bygget med fokus p\u00e5 funksjon, holdbarhet og langsiktig bruk.\",\"breadcrumb\":{\"@id\":\"https:\/\/www.ankarsrum.com\/no\/var-historie\/#breadcrumb\"},\"inLanguage\":\"nb-NO\",\"potentialAction\":[{\"@type\":\"ReadAction\",\"target\":[\"https:\/\/www.ankarsrum.com\/no\/var-historie\/\"]}]},{\"@type\":\"BreadcrumbList\",\"@id\":\"https:\/\/www.ankarsrum.com\/no\/var-historie\/#breadcrumb\",\"itemListElement\":[{\"@type\":\"ListItem\",\"position\":1,\"name\":\"Home\",\"item\":\"https:\/\/www.ankarsrum.com\/no\/\"},{\"@type\":\"ListItem\",\"position\":2,\"name\":\"V\u00e5r historie\"}]},{\"@type\":\"WebSite\",\"@id\":\"https:\/\/www.ankarsrum.com\/no\/#website\",\"url\":\"https:\/\/www.ankarsrum.com\/no\/\",\"name\":\"Ankarsrum Norway\",\"description\":\"The bread of the world\",\"potentialAction\":[{\"@type\":\"SearchAction\",\"target\":{\"@type\":\"EntryPoint\",\"urlTemplate\":\"https:\/\/www.ankarsrum.com\/no\/?s={search_term_string}\"},\"query-input\":{\"@type\":\"PropertyValueSpecification\",\"valueRequired\":true,\"valueName\":\"search_term_string\"}}],\"inLanguage\":\"nb-NO\"}]}<\/script>\n<!-- \/ Yoast SEO Premium plugin. -->","yoast_head_json":{"title":"V\u00e5r historie | Ankarsrum Assistent Original","description":"Les historien om Ankarsrum kj\u00f8kkenmaskin og utviklingen av Assistent, bygget med fokus p\u00e5 funksjon, holdbarhet og langsiktig bruk.","robots":{"index":"index","follow":"follow","max-snippet":"max-snippet:-1","max-image-preview":"max-image-preview:large","max-video-preview":"max-video-preview:-1"},"canonical":"https:\/\/www.ankarsrum.com\/no\/var-historie\/","og_locale":"nb_NO","og_type":"article","og_title":"V\u00e5r historie","og_description":"Les historien om Ankarsrum kj\u00f8kkenmaskin og utviklingen av Assistent, bygget med fokus p\u00e5 funksjon, holdbarhet og langsiktig bruk.","og_url":"https:\/\/www.ankarsrum.com\/no\/var-historie\/","og_site_name":"Ankarsrum Norway","article_modified_time":"2026-03-05T14:19:29+00:00","twitter_card":"summary_large_image","schema":{"@context":"https:\/\/schema.org","@graph":[{"@type":"WebPage","@id":"https:\/\/www.ankarsrum.com\/no\/var-historie\/","url":"https:\/\/www.ankarsrum.com\/no\/var-historie\/","name":"V\u00e5r historie | Ankarsrum Assistent Original","isPartOf":{"@id":"https:\/\/www.ankarsrum.com\/no\/#website"},"datePublished":"2019-02-05T13:48:19+00:00","dateModified":"2026-03-05T14:19:29+00:00","description":"Les historien om Ankarsrum kj\u00f8kkenmaskin og utviklingen av Assistent, bygget med fokus p\u00e5 funksjon, holdbarhet og langsiktig bruk.","breadcrumb":{"@id":"https:\/\/www.ankarsrum.com\/no\/var-historie\/#breadcrumb"},"inLanguage":"nb-NO","potentialAction":[{"@type":"ReadAction","target":["https:\/\/www.ankarsrum.com\/no\/var-historie\/"]}]},{"@type":"BreadcrumbList","@id":"https:\/\/www.ankarsrum.com\/no\/var-historie\/#breadcrumb","itemListElement":[{"@type":"ListItem","position":1,"name":"Home","item":"https:\/\/www.ankarsrum.com\/no\/"},{"@type":"ListItem","position":2,"name":"V\u00e5r historie"}]},{"@type":"WebSite","@id":"https:\/\/www.ankarsrum.com\/no\/#website","url":"https:\/\/www.ankarsrum.com\/no\/","name":"Ankarsrum Norway","description":"The bread of the world","potentialAction":[{"@type":"SearchAction","target":{"@type":"EntryPoint","urlTemplate":"https:\/\/www.ankarsrum.com\/no\/?s={search_term_string}"},"query-input":{"@type":"PropertyValueSpecification","valueRequired":true,"valueName":"search_term_string"}}],"inLanguage":"nb-NO"}]}},"_links":{"self":[{"href":"https:\/\/www.ankarsrum.com\/no\/wp-json\/wp\/v2\/pages\/1050","targetHints":{"allow":["GET"]}}],"collection":[{"href":"https:\/\/www.ankarsrum.com\/no\/wp-json\/wp\/v2\/pages"}],"about":[{"href":"https:\/\/www.ankarsrum.com\/no\/wp-json\/wp\/v2\/types\/page"}],"author":[{"embeddable":true,"href":"https:\/\/www.ankarsrum.com\/no\/wp-json\/wp\/v2\/users\/5"}],"replies":[{"embeddable":true,"href":"https:\/\/www.ankarsrum.com\/no\/wp-json\/wp\/v2\/comments?post=1050"}],"version-history":[{"count":7,"href":"https:\/\/www.ankarsrum.com\/no\/wp-json\/wp\/v2\/pages\/1050\/revisions"}],"predecessor-version":[{"id":23849,"href":"https:\/\/www.ankarsrum.com\/no\/wp-json\/wp\/v2\/pages\/1050\/revisions\/23849"}],"wp:attachment":[{"href":"https:\/\/www.ankarsrum.com\/no\/wp-json\/wp\/v2\/media?parent=1050"}],"curies":[{"name":"wp","href":"https:\/\/api.w.org\/{rel}","templated":true}]}}