{"id":12336,"date":"2023-05-15T06:05:56","date_gmt":"2023-05-15T06:05:56","guid":{"rendered":"https:\/\/www.ankarsrum.com\/no\/?page_id=12336"},"modified":"2023-05-16T06:29:01","modified_gmt":"2023-05-16T06:29:01","slug":"ankarsrum-newsletter-2","status":"publish","type":"page","link":"https:\/\/www.ankarsrum.com\/no\/ankarsrum-newsletter-2\/","title":{"rendered":"Ankarsrum newsletter"},"content":{"rendered":"\n\n<div class=\"wp-block-qala-blocks-hero alignfull content-position__left content-align__center has-media-first-mobile has-media-full-mobile alignfull  wp-block-qala-blocks-hero\">\n\t<div\n\t\tclass=\"wp-block-qala-blocks-hero__wrapper \"\n\t\tstyle=\" \"\n\t\t>\n\n\t\t\t\t<div\n\t\t\tclass=\"wp-block-qala-blocks-hero__content \"\n\t\t\tdata-width=\"50%\"\n\t\t\tstyle=\" width:50%;  text-align:left;\"\n\t\t\t>\n\t\t\t\t\t\t\t\n\n<h5 class=\"wp-block-qala-blocks-hero__subheading wp-block-heading\"><\/h5>\n\n\n\n<h1 class=\"wp-block-qala-blocks-hero__heading wp-block-heading\">Meld deg p\u00e5 v\u00e5rt nyhetsbrev<\/h1>\n\n\n\n<p>Ta en titt p\u00e5 tips om hvordan du bruker og kom i gang med maskinen din. V\u00e6r den f\u00f8rste som h\u00f8rer om nyhetene v\u00e5re. Og selvf\u00f8lgelig, la deg inspirere av mange spennende og gode oppskrifter fra Ankarsrum.<\/p>\n\n\n<script>(function() {\n\twindow.mc4wp = window.mc4wp || {\n\t\tlisteners: [],\n\t\tforms: {\n\t\t\ton: function(evt, cb) {\n\t\t\t\twindow.mc4wp.listeners.push(\n\t\t\t\t\t{\n\t\t\t\t\t\tevent   : evt,\n\t\t\t\t\t\tcallback: cb\n\t\t\t\t\t}\n\t\t\t\t);\n\t\t\t}\n\t\t}\n\t}\n})();\n<\/script><!-- Mailchimp for WordPress v4.10.5 - https:\/\/wordpress.org\/plugins\/mailchimp-for-wp\/ --><form id=\"mc4wp-form-1\" class=\"mc4wp-form mc4wp-form-6623\" method=\"post\" data-id=\"6623\" data-name=\"\" ><div class=\"mc4wp-form-fields\"><div style=\"display: flex; width: 100%;\">\r\n  <div style=\"width: 100%;\">\r\n    <input style=\"height: 50px; color:grey; width: 100%;\" type=\"email\" name=\"EMAIL\" placeholder=\"Epostadresse\" required \/>\r\n  <\/div>\r\n  <div>\r\n    <input class=\"btn\" style=\"height: 50px;\" type=\"submit\" value=\"Abonnere\" \/>\r\n  <\/div>\r\n<\/div>\r\n<div style=\"display: flex; margin-top: 10px; align-items: center;\">\r\n  <input name=\"AGREE_TO_TERMS\" type=\"checkbox\" value=\"1\" required=\"\" style=\"margin-right: 10px;\"><a href=\"https:\/\/www.ankarsrum.com\/se\/privacy-page\/\" target=\"_blank\"> Jeg er enig med personvernerkl\u00e6ringen.<\/a>\r\n<\/div><\/div><label style=\"display: none !important;\">La dette feltet st\u00e5 tomt om du er en person: <input type=\"text\" name=\"_mc4wp_honeypot\" value=\"\" tabindex=\"-1\" autocomplete=\"off\" \/><\/label><input type=\"hidden\" name=\"_mc4wp_timestamp\" value=\"1775683639\" \/><input type=\"hidden\" name=\"_mc4wp_form_id\" value=\"6623\" \/><input type=\"hidden\" name=\"_mc4wp_form_element_id\" value=\"mc4wp-form-1\" \/><div class=\"mc4wp-response\"><\/div><\/form><!-- \/ Mailchimp for WordPress Plugin -->\n\n\t\t\t\t\t<\/div>\n\n\t\t\t\t<div\n\t\t\tclass=\"wp-block-qala-blocks-hero__media-wrap \"\n\t\t\t\t\t\tstyle=\"\"\n\t\t\t>\n\n\t\t\t\t\t\t\t<picture><source height=\"1024\" width=\"1024\" sizes=\"(max-width: 844px) 100vw, 844px\" srcset=\"https:\/\/www.ankarsrum.com\/img-srv\/EsE8HOacg2A2GlYNvqPZJzqrilOC0VdCEM8H8Seja_4\/resizing_type:auto\/width:358\/height:0\/gravity:sm\/enlarge:1\/ext:webp\/strip_metadata:1\/quality:90\/cachebuster:filesize-477986\/bG9jYWw6Ly8vd3d3LmFua2Fyc3J1bS5jb20vd3AtY29udGVudC91cGxvYWRzL3NpdGVzLzE0LzIwMjIvMTAvQW5rYXJzcnVtX0tpdGNoZW5fUGFzdHJ5XzAwMS1zY2FsZWQtZTE2NjUxMzQ4MzYzNjguanBn.webp 358w, https:\/\/www.ankarsrum.com\/img-srv\/FE3Za_QsfB34mV7fiENG42ZfihDIR_YJBmU9GNzsgDE\/resizing_type:auto\/width:614\/height:0\/gravity:sm\/enlarge:1\/ext:webp\/strip_metadata:1\/quality:90\/cachebuster:filesize-477986\/bG9jYWw6Ly8vd3d3LmFua2Fyc3J1bS5jb20vd3AtY29udGVudC91cGxvYWRzL3NpdGVzLzE0LzIwMjIvMTAvQW5rYXJzcnVtX0tpdGNoZW5fUGFzdHJ5XzAwMS1zY2FsZWQtZTE2NjUxMzQ4MzYzNjguanBn.webp 614w, https:\/\/www.ankarsrum.com\/img-srv\/0Rz6K8nD8bq7EJy9mMdbc8__XpN08ZC0N9w1QSDIkag\/resizing_type:auto\/width:870\/height:0\/gravity:sm\/enlarge:1\/ext:webp\/strip_metadata:1\/quality:90\/cachebuster:filesize-477986\/bG9jYWw6Ly8vd3d3LmFua2Fyc3J1bS5jb20vd3AtY29udGVudC91cGxvYWRzL3NpdGVzLzE0LzIwMjIvMTAvQW5rYXJzcnVtX0tpdGNoZW5fUGFzdHJ5XzAwMS1zY2FsZWQtZTE2NjUxMzQ4MzYzNjguanBn.webp 870w, https:\/\/www.ankarsrum.com\/img-srv\/I1dUgeLzon4CRTRmyS4c5zWhdmmkVhXZAqQO9AopnVs\/resizing_type:auto\/width:1126\/height:0\/gravity:sm\/enlarge:1\/ext:webp\/strip_metadata:1\/quality:90\/cachebuster:filesize-477986\/bG9jYWw6Ly8vd3d3LmFua2Fyc3J1bS5jb20vd3AtY29udGVudC91cGxvYWRzL3NpdGVzLzE0LzIwMjIvMTAvQW5rYXJzcnVtX0tpdGNoZW5fUGFzdHJ5XzAwMS1zY2FsZWQtZTE2NjUxMzQ4MzYzNjguanBn.webp 1126w, https:\/\/www.ankarsrum.com\/img-srv\/9inC0wYmov03Y24gcft732MwVkrxL-4VS-92NVxZewE\/resizing_type:auto\/width:1382\/height:0\/gravity:sm\/enlarge:1\/ext:webp\/strip_metadata:1\/quality:90\/cachebuster:filesize-477986\/bG9jYWw6Ly8vd3d3LmFua2Fyc3J1bS5jb20vd3AtY29udGVudC91cGxvYWRzL3NpdGVzLzE0LzIwMjIvMTAvQW5rYXJzcnVtX0tpdGNoZW5fUGFzdHJ5XzAwMS1zY2FsZWQtZTE2NjUxMzQ4MzYzNjguanBn.webp 1382w, https:\/\/www.ankarsrum.com\/img-srv\/NuC1sZpMIDJWXIo2GMr0GWF5Azhjh25H1VeEsfip3g0\/resizing_type:auto\/width:1638\/height:0\/gravity:sm\/enlarge:1\/ext:webp\/strip_metadata:1\/quality:90\/cachebuster:filesize-477986\/bG9jYWw6Ly8vd3d3LmFua2Fyc3J1bS5jb20vd3AtY29udGVudC91cGxvYWRzL3NpdGVzLzE0LzIwMjIvMTAvQW5rYXJzcnVtX0tpdGNoZW5fUGFzdHJ5XzAwMS1zY2FsZWQtZTE2NjUxMzQ4MzYzNjguanBn.webp 1638w, https:\/\/www.ankarsrum.com\/img-srv\/SGmjc9P4BBiup8-BXTk-eYRnL2tGttOrG74K8ZGfQDs\/resizing_type:auto\/width:1894\/height:0\/gravity:sm\/enlarge:1\/ext:webp\/strip_metadata:1\/quality:90\/cachebuster:filesize-477986\/bG9jYWw6Ly8vd3d3LmFua2Fyc3J1bS5jb20vd3AtY29udGVudC91cGxvYWRzL3NpdGVzLzE0LzIwMjIvMTAvQW5rYXJzcnVtX0tpdGNoZW5fUGFzdHJ5XzAwMS1zY2FsZWQtZTE2NjUxMzQ4MzYzNjguanBn.webp 1894w, https:\/\/www.ankarsrum.com\/img-srv\/l_6OP6VmipyxZXtIRSAmp5wJsaXn5X-ZU2LYl-xKXJk\/resizing_type:auto\/width:2150\/height:0\/gravity:sm\/enlarge:1\/ext:webp\/strip_metadata:1\/quality:90\/cachebuster:filesize-477986\/bG9jYWw6Ly8vd3d3LmFua2Fyc3J1bS5jb20vd3AtY29udGVudC91cGxvYWRzL3NpdGVzLzE0LzIwMjIvMTAvQW5rYXJzcnVtX0tpdGNoZW5fUGFzdHJ5XzAwMS1zY2FsZWQtZTE2NjUxMzQ4MzYzNjguanBn.webp 2150w, https:\/\/www.ankarsrum.com\/img-srv\/AP4tC7gimWVUzQuqv6NfBHRhsZ-QAxHVkB2AXOlSk4Q\/resizing_type:auto\/width:2406\/height:0\/gravity:sm\/enlarge:1\/ext:webp\/strip_metadata:1\/quality:90\/cachebuster:filesize-477986\/bG9jYWw6Ly8vd3d3LmFua2Fyc3J1bS5jb20vd3AtY29udGVudC91cGxvYWRzL3NpdGVzLzE0LzIwMjIvMTAvQW5rYXJzcnVtX0tpdGNoZW5fUGFzdHJ5XzAwMS1zY2FsZWQtZTE2NjUxMzQ4MzYzNjguanBn.webp 2406w, https:\/\/www.ankarsrum.com\/img-srv\/XZewaDvPm_eCM7MzCOYVwb6wEYKQC6yrtQRweygHs3s\/resizing_type:auto\/width:2662\/height:0\/gravity:sm\/enlarge:1\/ext:webp\/strip_metadata:1\/quality:90\/cachebuster:filesize-477986\/bG9jYWw6Ly8vd3d3LmFua2Fyc3J1bS5jb20vd3AtY29udGVudC91cGxvYWRzL3NpdGVzLzE0LzIwMjIvMTAvQW5rYXJzcnVtX0tpdGNoZW5fUGFzdHJ5XzAwMS1zY2FsZWQtZTE2NjUxMzQ4MzYzNjguanBn.webp 2662w, https:\/\/www.ankarsrum.com\/img-srv\/XYp6asUjUzrvKd89cgxPXK4eYtwZ2rftZJqLiZVN2Yc\/resizing_type:auto\/width:2918\/height:0\/gravity:sm\/enlarge:1\/ext:webp\/strip_metadata:1\/quality:90\/cachebuster:filesize-477986\/bG9jYWw6Ly8vd3d3LmFua2Fyc3J1bS5jb20vd3AtY29udGVudC91cGxvYWRzL3NpdGVzLzE0LzIwMjIvMTAvQW5rYXJzcnVtX0tpdGNoZW5fUGFzdHJ5XzAwMS1zY2FsZWQtZTE2NjUxMzQ4MzYzNjguanBn.webp 2918w\" type=\"image\/webp\" ><source height=\"1024\" width=\"1024\" sizes=\"(max-width: 844px) 100vw, 844px\" srcset=\"https:\/\/www.ankarsrum.com\/img-srv\/QMQej0cckYPi3jXXklQUwgad2LOsTYi3scx3p7_P0iQ\/resizing_type:auto\/width:0\/height:1024\/gravity:sm\/enlarge:1\/ext:webp\/strip_metadata:1\/quality:90\/cachebuster:filesize-477986\/bG9jYWw6Ly8vd3d3LmFua2Fyc3J1bS5jb20vd3AtY29udGVudC91cGxvYWRzL3NpdGVzLzE0LzIwMjIvMTAvQW5rYXJzcnVtX0tpdGNoZW5fUGFzdHJ5XzAwMS1zY2FsZWQtZTE2NjUxMzQ4MzYzNjguanBn.webp 1024w\" type=\"image\/webp\" ><img decoding=\"async\" width=\"844\" height=\"1024\" src=\"https:\/\/www.ankarsrum.com\/img-srv\/QMQej0cckYPi3jXXklQUwgad2LOsTYi3scx3p7_P0iQ\/resizing_type:auto\/width:0\/height:1024\/gravity:sm\/enlarge:1\/ext:webp\/strip_metadata:1\/quality:90\/cachebuster:filesize-477986\/bG9jYWw6Ly8vd3d3LmFua2Fyc3J1bS5jb20vd3AtY29udGVudC91cGxvYWRzL3NpdGVzLzE0LzIwMjIvMTAvQW5rYXJzcnVtX0tpdGNoZW5fUGFzdHJ5XzAwMS1zY2FsZWQtZTE2NjUxMzQ4MzYzNjguanBn.webp\" class=\"attachment-large size-large wp-image-9928\" alt=\"\" loading=\"lazy\" data-blur-hash=\"LEH.7.x^4,?GDi$*9^n3~V%1xuX7\" style=\"background-size: cover; background-origin: content-box; background-repeat: no-repeat; background-image: url(data:image\/png;base64,iVBORw0KGgoAAAANSUhEUgAAABoAAAAgCAIAAACDyf9SAAAACXBIWXMAAA7EAAAOxAGVKw4bAAADiElEQVRIiW1WQZLjRgwDQGr2+XlC7nlfslU7IwI5sGXPpsKSZHeXBYIkyDb\/+vMPAAETAQUIKKLEKqrIIksohjBi577n6\/P++vX1+fPr8+fn59+\/Pv\/5\/Pp537\/uUYBgbwTJWe8CL3u+v7fy2\/5Zd5Jndx8IIiRMkIQhEoDnzXxzc976Zm0b4NmHAZ5XGSpGFAQwogOR\/AcjceLYcY+NMOBmEFg2iQKHig0KBIzFQRIH54vjxI\/1jBMAeiIgQJEJIRKhwJAIEQJO\/CLzO9bM9Nc9ADcnAIABKLEowAQJEAAjgg8vb4DON6gZT9\/3AAx44EhiFIZOSJgQAeqU4M3LOWjjGY\/nfrHLIUhwSCo2HZDYMDepYZJkAgcHcbJoM\/fM\/YYLAA4AirJSxsIRSxAEgRjfsvYiuPYdjjjB2qUJBJCUGDErJa6avrNzTrgzM9NfYwCBAIQELdpwYEKib1LMQxMvuLdQTnXHc\/c9K12HDAxashDAVORImUDBcH2u\/ODTIccQJ+7xCQNxIDBGCiEjZwQbVtbbqjIr+03Aq+9ixp3TpszjeJuVQa24AAcGtOUCw831ESV5tCmkn\/bCKe4zHYIY260weH6wggZPzSlyP1BEEU0JJ1qu5+0CvLsYIMKlA4CQIJEiJamkklq6pK7S5iJgoPVMbQDEeb4vIqSot5XUVVeVra7qZxrT0JGbSD2RkHivg4iQIlapqqoWa6qQ7utqAAkdOswO9+Od5xapA0cwTFDlqqru7u6r227C\/XFdObV+IxKSVKUSD+BCE4RJBSVXdfXU1T1Xx5eQ\/vi4sFIwHCZMuASrFvHJkCSBOJ1Wru6e6avbc8F38YGLD+IYiQCRJaml2sqpVJQgJCnASdvV3b46buQS0z8+rqf7HjhvBnWg6qCpWCIRBKSBijvuTGcuZIp55W6HF8bwm+DR1DtkgXzgUulaOLiZHqY\/PvrFbpSajBkDEPhE+VwSSDAwC6m4U5XuuJlriL6u3nFgR4wJOTYR4RHrt\/ruIA0pppKKK152I6SvPuxmImYYTkwkIsR3TSVRRXFPx0JNWajaiy4j3VUB4hAxvAeg8aTvKI4vOVNhFBoRShlVKVVwEemqOvMI4TO8CNg83fb0+qvTQNDaQSApUkmoYtzSHnnPQz7\/ekSAeM2gHUg720CINElKChUpJKSmyJzz+d3yfI6i1xzB694Tg\/9r\/wI7g33OqnfuYwAAAABJRU5ErkJggg==);\" srcset=\"https:\/\/www.ankarsrum.com\/img-srv\/QMQej0cckYPi3jXXklQUwgad2LOsTYi3scx3p7_P0iQ\/resizing_type:auto\/width:0\/height:1024\/gravity:sm\/enlarge:1\/ext:webp\/strip_metadata:1\/quality:90\/cachebuster:filesize-477986\/bG9jYWw6Ly8vd3d3LmFua2Fyc3J1bS5jb20vd3AtY29udGVudC91cGxvYWRzL3NpdGVzLzE0LzIwMjIvMTAvQW5rYXJzcnVtX0tpdGNoZW5fUGFzdHJ5XzAwMS1zY2FsZWQtZTE2NjUxMzQ4MzYzNjguanBn.webp 1024w\" sizes=\"(max-width: 844px) 100vw, 844px\" qala-img-proxy-processed=\"processed\" \/>\n\n<\/picture>\t\t\t\n\t\t\t\t\t\t\n\t\t\t\t\t\t\t<div\n\t\t\t\t\tclass=\"overlay\"\n\t\t\t\t\tstyle=\"opacity:70%; \"\n\t\t\t\t><\/div>\n\t\t\t\n\t\t<\/div>\n\t<\/div>\n<\/div>\n\n\n\n<div style=\"height:16px\" aria-hidden=\"true\" class=\"wp-block-spacer\"><\/div>\n\n\n\n<figure class=\"wp-block-gallery alignfull columns-4 is-cropped wp-block-gallery-1 is-layout-flex wp-block-gallery-is-layout-flex\"><ul class=\"blocks-gallery-grid\"><li class=\"blocks-gallery-item\"><figure><img decoding=\"async\" src=\"https:\/\/www.ankarsrum.com\/us\/wp-content\/uploads\/sites\/10\/2023\/03\/coral-pc4589561.png\" alt=\"\" data-id=\"8132\" data-full-url=\"https:\/\/www.ankarsrum.com\/us\/wp-content\/uploads\/sites\/10\/2023\/03\/coral-pc4589561.png\" data-link=\"https:\/\/www.ankarsrum.com\/us\/coral__pc4589561__-png\/\" class=\"wp-image-8132\"\/><\/figure><\/li><li class=\"blocks-gallery-item\"><figure><img decoding=\"async\" src=\"https:\/\/www.ankarsrum.com\/us\/wp-content\/uploads\/sites\/10\/2023\/05\/ankarsrum-glassvaffla-5.jpg\" alt=\"\" data-id=\"8697\" data-full-url=\"https:\/\/www.ankarsrum.com\/us\/wp-content\/uploads\/sites\/10\/2023\/05\/ankarsrum-glassvaffla-5.jpg\" data-link=\"https:\/\/www.ankarsrum.com\/us\/ankarsrum-newsletter\/ankarsrum-glassvaffla-5\/\" class=\"wp-image-8697\"\/><\/figure><\/li><li class=\"blocks-gallery-item\"><figure><img decoding=\"async\" src=\"https:\/\/www.ankarsrum.com\/us\/wp-content\/uploads\/sites\/10\/2023\/05\/ankarsrum-1.jpg\" alt=\"\" data-id=\"8699\" data-full-url=\"https:\/\/www.ankarsrum.com\/us\/wp-content\/uploads\/sites\/10\/2023\/05\/ankarsrum-1.jpg\" data-link=\"https:\/\/www.ankarsrum.com\/us\/ankarsrum-newsletter\/ankarsrum-1\/\" class=\"wp-image-8699\"\/><\/figure><\/li><li class=\"blocks-gallery-item\"><figure><img decoding=\"async\" src=\"https:\/\/www.ankarsrum.com\/us\/wp-content\/uploads\/sites\/10\/2023\/05\/falafel-3-web.jpg\" alt=\"\" data-id=\"8700\" data-full-url=\"https:\/\/www.ankarsrum.com\/us\/wp-content\/uploads\/sites\/10\/2023\/05\/falafel-3-web.jpg\" data-link=\"https:\/\/www.ankarsrum.com\/us\/ankarsrum-newsletter\/falafel_3_web\/\" class=\"wp-image-8700\"\/><\/figure><\/li><\/ul><\/figure>\n","protected":false},"excerpt":{"rendered":"<p>Meld deg p\u00e5 v\u00e5rt nyhetsbrev. Ta en titt p\u00e5 tips om hvordan du bruker og kom i gang med maskinen&hellip;<\/p>\n","protected":false},"author":23,"featured_media":0,"parent":0,"menu_order":0,"comment_status":"closed","ping_status":"closed","template":"","meta":{"_acf_changed":false,"content-type":"","editor_notices":[],"footnotes":""},"class_list":["post-12336","page","type-page","status-publish","hentry"],"acf":[],"yoast_head":"<!-- This site is optimized with the Yoast SEO Premium plugin v26.6 (Yoast SEO v26.6) - https:\/\/yoast.com\/wordpress\/plugins\/seo\/ -->\n<title>Ankarsrum newsletter - Ankarsrum Norway<\/title>\n<meta name=\"robots\" content=\"index, follow, max-snippet:-1, max-image-preview:large, max-video-preview:-1\" \/>\n<link rel=\"canonical\" href=\"https:\/\/www.ankarsrum.com\/no\/ankarsrum-newsletter-2\/\" \/>\n<meta property=\"og:locale\" content=\"nb_NO\" \/>\n<meta property=\"og:type\" content=\"article\" \/>\n<meta property=\"og:title\" content=\"Ankarsrum newsletter\" \/>\n<meta property=\"og:description\" content=\"Meld deg p\u00e5 v\u00e5rt nyhetsbrev. Ta en titt p\u00e5 tips om hvordan du bruker og kom i gang med maskinen&hellip;\" \/>\n<meta property=\"og:url\" content=\"https:\/\/www.ankarsrum.com\/no\/ankarsrum-newsletter-2\/\" \/>\n<meta property=\"og:site_name\" content=\"Ankarsrum Norway\" \/>\n<meta property=\"article:modified_time\" content=\"2023-05-16T06:29:01+00:00\" \/>\n<meta property=\"og:image\" content=\"https:\/\/www.ankarsrum.com\/us\/wp-content\/uploads\/sites\/10\/2023\/03\/coral-pc4589561.png\" \/>\n<meta name=\"twitter:card\" content=\"summary_large_image\" \/>\n<meta name=\"twitter:label1\" content=\"Ansl. lesetid\" \/>\n\t<meta name=\"twitter:data1\" content=\"2 minutter\" \/>\n<script type=\"application\/ld+json\" class=\"yoast-schema-graph\">{\"@context\":\"https:\/\/schema.org\",\"@graph\":[{\"@type\":\"WebPage\",\"@id\":\"https:\/\/www.ankarsrum.com\/no\/ankarsrum-newsletter-2\/\",\"url\":\"https:\/\/www.ankarsrum.com\/no\/ankarsrum-newsletter-2\/\",\"name\":\"Ankarsrum newsletter - Ankarsrum Norway\",\"isPartOf\":{\"@id\":\"https:\/\/www.ankarsrum.com\/no\/#website\"},\"primaryImageOfPage\":{\"@id\":\"https:\/\/www.ankarsrum.com\/no\/ankarsrum-newsletter-2\/#primaryimage\"},\"image\":{\"@id\":\"https:\/\/www.ankarsrum.com\/no\/ankarsrum-newsletter-2\/#primaryimage\"},\"thumbnailUrl\":\"https:\/\/www.ankarsrum.com\/us\/wp-content\/uploads\/sites\/10\/2023\/03\/coral-pc4589561.png\",\"datePublished\":\"2023-05-15T06:05:56+00:00\",\"dateModified\":\"2023-05-16T06:29:01+00:00\",\"breadcrumb\":{\"@id\":\"https:\/\/www.ankarsrum.com\/no\/ankarsrum-newsletter-2\/#breadcrumb\"},\"inLanguage\":\"nb-NO\",\"potentialAction\":[{\"@type\":\"ReadAction\",\"target\":[\"https:\/\/www.ankarsrum.com\/no\/ankarsrum-newsletter-2\/\"]}]},{\"@type\":\"ImageObject\",\"inLanguage\":\"nb-NO\",\"@id\":\"https:\/\/www.ankarsrum.com\/no\/ankarsrum-newsletter-2\/#primaryimage\",\"url\":\"https:\/\/www.ankarsrum.com\/us\/wp-content\/uploads\/sites\/10\/2023\/03\/coral-pc4589561.png\",\"contentUrl\":\"https:\/\/www.ankarsrum.com\/us\/wp-content\/uploads\/sites\/10\/2023\/03\/coral-pc4589561.png\"},{\"@type\":\"BreadcrumbList\",\"@id\":\"https:\/\/www.ankarsrum.com\/no\/ankarsrum-newsletter-2\/#breadcrumb\",\"itemListElement\":[{\"@type\":\"ListItem\",\"position\":1,\"name\":\"Home\",\"item\":\"https:\/\/www.ankarsrum.com\/no\/\"},{\"@type\":\"ListItem\",\"position\":2,\"name\":\"Ankarsrum newsletter\"}]},{\"@type\":\"WebSite\",\"@id\":\"https:\/\/www.ankarsrum.com\/no\/#website\",\"url\":\"https:\/\/www.ankarsrum.com\/no\/\",\"name\":\"Ankarsrum Norway\",\"description\":\"The bread of the world\",\"potentialAction\":[{\"@type\":\"SearchAction\",\"target\":{\"@type\":\"EntryPoint\",\"urlTemplate\":\"https:\/\/www.ankarsrum.com\/no\/?s={search_term_string}\"},\"query-input\":{\"@type\":\"PropertyValueSpecification\",\"valueRequired\":true,\"valueName\":\"search_term_string\"}}],\"inLanguage\":\"nb-NO\"}]}<\/script>\n<!-- \/ Yoast SEO Premium plugin. -->","yoast_head_json":{"title":"Ankarsrum newsletter - Ankarsrum Norway","robots":{"index":"index","follow":"follow","max-snippet":"max-snippet:-1","max-image-preview":"max-image-preview:large","max-video-preview":"max-video-preview:-1"},"canonical":"https:\/\/www.ankarsrum.com\/no\/ankarsrum-newsletter-2\/","og_locale":"nb_NO","og_type":"article","og_title":"Ankarsrum newsletter","og_description":"Meld deg p\u00e5 v\u00e5rt nyhetsbrev. Ta en titt p\u00e5 tips om hvordan du bruker og kom i gang med maskinen&hellip;","og_url":"https:\/\/www.ankarsrum.com\/no\/ankarsrum-newsletter-2\/","og_site_name":"Ankarsrum Norway","article_modified_time":"2023-05-16T06:29:01+00:00","og_image":[{"url":"https:\/\/www.ankarsrum.com\/us\/wp-content\/uploads\/sites\/10\/2023\/03\/coral-pc4589561.png","type":"","width":"","height":""}],"twitter_card":"summary_large_image","twitter_misc":{"Ansl. lesetid":"2 minutter"},"schema":{"@context":"https:\/\/schema.org","@graph":[{"@type":"WebPage","@id":"https:\/\/www.ankarsrum.com\/no\/ankarsrum-newsletter-2\/","url":"https:\/\/www.ankarsrum.com\/no\/ankarsrum-newsletter-2\/","name":"Ankarsrum newsletter - Ankarsrum Norway","isPartOf":{"@id":"https:\/\/www.ankarsrum.com\/no\/#website"},"primaryImageOfPage":{"@id":"https:\/\/www.ankarsrum.com\/no\/ankarsrum-newsletter-2\/#primaryimage"},"image":{"@id":"https:\/\/www.ankarsrum.com\/no\/ankarsrum-newsletter-2\/#primaryimage"},"thumbnailUrl":"https:\/\/www.ankarsrum.com\/us\/wp-content\/uploads\/sites\/10\/2023\/03\/coral-pc4589561.png","datePublished":"2023-05-15T06:05:56+00:00","dateModified":"2023-05-16T06:29:01+00:00","breadcrumb":{"@id":"https:\/\/www.ankarsrum.com\/no\/ankarsrum-newsletter-2\/#breadcrumb"},"inLanguage":"nb-NO","potentialAction":[{"@type":"ReadAction","target":["https:\/\/www.ankarsrum.com\/no\/ankarsrum-newsletter-2\/"]}]},{"@type":"ImageObject","inLanguage":"nb-NO","@id":"https:\/\/www.ankarsrum.com\/no\/ankarsrum-newsletter-2\/#primaryimage","url":"https:\/\/www.ankarsrum.com\/us\/wp-content\/uploads\/sites\/10\/2023\/03\/coral-pc4589561.png","contentUrl":"https:\/\/www.ankarsrum.com\/us\/wp-content\/uploads\/sites\/10\/2023\/03\/coral-pc4589561.png"},{"@type":"BreadcrumbList","@id":"https:\/\/www.ankarsrum.com\/no\/ankarsrum-newsletter-2\/#breadcrumb","itemListElement":[{"@type":"ListItem","position":1,"name":"Home","item":"https:\/\/www.ankarsrum.com\/no\/"},{"@type":"ListItem","position":2,"name":"Ankarsrum newsletter"}]},{"@type":"WebSite","@id":"https:\/\/www.ankarsrum.com\/no\/#website","url":"https:\/\/www.ankarsrum.com\/no\/","name":"Ankarsrum Norway","description":"The bread of the world","potentialAction":[{"@type":"SearchAction","target":{"@type":"EntryPoint","urlTemplate":"https:\/\/www.ankarsrum.com\/no\/?s={search_term_string}"},"query-input":{"@type":"PropertyValueSpecification","valueRequired":true,"valueName":"search_term_string"}}],"inLanguage":"nb-NO"}]}},"_links":{"self":[{"href":"https:\/\/www.ankarsrum.com\/no\/wp-json\/wp\/v2\/pages\/12336","targetHints":{"allow":["GET"]}}],"collection":[{"href":"https:\/\/www.ankarsrum.com\/no\/wp-json\/wp\/v2\/pages"}],"about":[{"href":"https:\/\/www.ankarsrum.com\/no\/wp-json\/wp\/v2\/types\/page"}],"author":[{"embeddable":true,"href":"https:\/\/www.ankarsrum.com\/no\/wp-json\/wp\/v2\/users\/23"}],"replies":[{"embeddable":true,"href":"https:\/\/www.ankarsrum.com\/no\/wp-json\/wp\/v2\/comments?post=12336"}],"version-history":[{"count":1,"href":"https:\/\/www.ankarsrum.com\/no\/wp-json\/wp\/v2\/pages\/12336\/revisions"}],"predecessor-version":[{"id":12355,"href":"https:\/\/www.ankarsrum.com\/no\/wp-json\/wp\/v2\/pages\/12336\/revisions\/12355"}],"wp:attachment":[{"href":"https:\/\/www.ankarsrum.com\/no\/wp-json\/wp\/v2\/media?parent=12336"}],"curies":[{"name":"wp","href":"https:\/\/api.w.org\/{rel}","templated":true}]}}