{"id":12338,"date":"2023-05-15T06:05:56","date_gmt":"2023-05-15T06:05:56","guid":{"rendered":"https:\/\/www.ankarsrum.com\/no\/?page_id=12338"},"modified":"2026-01-21T07:43:21","modified_gmt":"2026-01-21T06:43:21","slug":"ankarsrum-newsletter","status":"publish","type":"page","link":"https:\/\/www.ankarsrum.com\/no\/ankarsrum-newsletter\/","title":{"rendered":"Ankarsrum newsletter"},"content":{"rendered":"\n<div class=\"wp-block-columns alignwide is-layout-flex wp-container-core-columns-is-layout-28f84493 wp-block-columns-is-layout-flex\">\n<div class=\"wp-block-column is-layout-flow wp-block-column-is-layout-flow\">\n\n<div class=\"wp-block-qala-blocks-hero alignfull content-position__left content-align__center has-media-first-mobile has-media-full-mobile alignfull  wp-block-qala-blocks-hero\">\n\t<div\n\t\tclass=\"wp-block-qala-blocks-hero__wrapper \"\n\t\tstyle=\" \"\n\t\t>\n\n\t\t\t\t<div\n\t\t\tclass=\"wp-block-qala-blocks-hero__content \"\n\t\t\tdata-width=\"50%\"\n\t\t\tstyle=\" width:50%;  text-align:left;\"\n\t\t\t>\n\t\t\t\t\t\t\t\n\n<div class=\"wp-block-group has-base-600-background-color has-background is-layout-constrained wp-container-core-group-is-layout-80fb368b wp-block-group-is-layout-constrained\" style=\"padding-top:var(--wp--preset--spacing--30);padding-right:var(--wp--preset--spacing--30);padding-bottom:var(--wp--preset--spacing--30);padding-left:var(--wp--preset--spacing--30)\">\n<h1 class=\"wp-block-heading has-text-align-center wp-block-qala-blocks-hero__heading has-white-color has-text-color has-link-color has-large-font-size wp-elements-41e421c93d45de2c6837acfca90b61d9\" id=\"h-meld-deg-pa-vart-nyhetsbrev\">Meld deg p\u00e5 v\u00e5rt nyhetsbrev<\/h1>\n\n\n\n<div class=\"wp-block-leadin-hubspot-form-block\">\n\t\t\t\t\t\t<script>\n\t\t\t\t\t\t\twindow.hsFormsOnReady = window.hsFormsOnReady || [];\n\t\t\t\t\t\t\twindow.hsFormsOnReady.push(()=>{\n\t\t\t\t\t\t\t\thbspt.forms.create({\n\t\t\t\t\t\t\t\t\tportalId: 145411780,\n\t\t\t\t\t\t\t\t\tformId: \"661f7a5c-4461-4dc3-9f5f-60fa100c47e5\",\n\t\t\t\t\t\t\t\t\ttarget: \"#hbspt-form-1775409393000-4793106767\",\n\t\t\t\t\t\t\t\t\tregion: \"eu1\",\n\t\t\t\t\t\t\t\t\t\n\t\t\t\t\t\t\t})});\n\t\t\t\t\t\t<\/script>\n\t\t\t\t\t\t<div class=\"hbspt-form\" id=\"hbspt-form-1775409393000-4793106767\"><\/div><\/div>\n<\/div>\n\n\t\t\t\t\t<\/div>\n\n\t\t\t\t<div\n\t\t\tclass=\"wp-block-qala-blocks-hero__media-wrap \"\n\t\t\t\t\t\tstyle=\"\"\n\t\t\t>\n\n\t\t\t\t\t\t\t<picture><source height=\"1024\" width=\"1024\" sizes=\"(max-width: 1024px) 100vw, 1024px\" srcset=\"https:\/\/www.ankarsrum.com\/img-srv\/yM2Szfg0vf0y0Kyu4gO8sbK9VYKm2_OkHiGU9BTuhBM\/resizing_type:auto\/width:358\/height:358\/gravity:sm\/enlarge:1\/ext:webp\/strip_metadata:1\/quality:90\/cachebuster:filesize-1455967\/bG9jYWw6Ly8vd3d3LmFua2Fyc3J1bS5jb20vd3AtY29udGVudC91cGxvYWRzL3NpdGVzLzE0LzIwMjQvMDcvZ2xhc3NtYXNraW4tdXNwLnBuZw.webp 358w, https:\/\/www.ankarsrum.com\/img-srv\/jucfF-VV64b3FqE4sjFyjRE2quXGqziNG5K9tlZvhEk\/resizing_type:auto\/width:614\/height:614\/gravity:sm\/enlarge:1\/ext:webp\/strip_metadata:1\/quality:90\/cachebuster:filesize-1455967\/bG9jYWw6Ly8vd3d3LmFua2Fyc3J1bS5jb20vd3AtY29udGVudC91cGxvYWRzL3NpdGVzLzE0LzIwMjQvMDcvZ2xhc3NtYXNraW4tdXNwLnBuZw.webp 614w, https:\/\/www.ankarsrum.com\/img-srv\/zX_JoK3kYV0mVB7bfSUHjrC0o2sh1jPLS17Hq8UeNtA\/resizing_type:auto\/width:870\/height:870\/gravity:sm\/enlarge:1\/ext:webp\/strip_metadata:1\/quality:90\/cachebuster:filesize-1455967\/bG9jYWw6Ly8vd3d3LmFua2Fyc3J1bS5jb20vd3AtY29udGVudC91cGxvYWRzL3NpdGVzLzE0LzIwMjQvMDcvZ2xhc3NtYXNraW4tdXNwLnBuZw.webp 870w, https:\/\/www.ankarsrum.com\/img-srv\/oaVg56bw4kv8xj-AwC9zQduTIkj3_l_a9BDXPdh3kho\/resizing_type:auto\/width:1126\/height:1126\/gravity:sm\/enlarge:1\/ext:webp\/strip_metadata:1\/quality:90\/cachebuster:filesize-1455967\/bG9jYWw6Ly8vd3d3LmFua2Fyc3J1bS5jb20vd3AtY29udGVudC91cGxvYWRzL3NpdGVzLzE0LzIwMjQvMDcvZ2xhc3NtYXNraW4tdXNwLnBuZw.webp 1126w, https:\/\/www.ankarsrum.com\/img-srv\/E4YFaQInkMKdoCbSBKvgRek41Kw5A8A2gbX_dTl5ym0\/resizing_type:auto\/width:1382\/height:1382\/gravity:sm\/enlarge:1\/ext:webp\/strip_metadata:1\/quality:90\/cachebuster:filesize-1455967\/bG9jYWw6Ly8vd3d3LmFua2Fyc3J1bS5jb20vd3AtY29udGVudC91cGxvYWRzL3NpdGVzLzE0LzIwMjQvMDcvZ2xhc3NtYXNraW4tdXNwLnBuZw.webp 1382w, https:\/\/www.ankarsrum.com\/img-srv\/aC_B2qm0d0WVxMpJsjxTfSkUU2b0xdAdbnaovDao0KA\/resizing_type:auto\/width:1638\/height:1638\/gravity:sm\/enlarge:1\/ext:webp\/strip_metadata:1\/quality:90\/cachebuster:filesize-1455967\/bG9jYWw6Ly8vd3d3LmFua2Fyc3J1bS5jb20vd3AtY29udGVudC91cGxvYWRzL3NpdGVzLzE0LzIwMjQvMDcvZ2xhc3NtYXNraW4tdXNwLnBuZw.webp 1638w, https:\/\/www.ankarsrum.com\/img-srv\/yESFxZhoDyldj5sXx1wrrYk7TzbYwZT0D3T7wQHTWKo\/resizing_type:auto\/width:1894\/height:1894\/gravity:sm\/enlarge:1\/ext:webp\/strip_metadata:1\/quality:90\/cachebuster:filesize-1455967\/bG9jYWw6Ly8vd3d3LmFua2Fyc3J1bS5jb20vd3AtY29udGVudC91cGxvYWRzL3NpdGVzLzE0LzIwMjQvMDcvZ2xhc3NtYXNraW4tdXNwLnBuZw.webp 1894w, https:\/\/www.ankarsrum.com\/img-srv\/MA2LlfiiAnt5izujIuL3cVU-21cIGi90igS5krRZwk8\/resizing_type:auto\/width:2150\/height:2150\/gravity:sm\/enlarge:1\/ext:webp\/strip_metadata:1\/quality:90\/cachebuster:filesize-1455967\/bG9jYWw6Ly8vd3d3LmFua2Fyc3J1bS5jb20vd3AtY29udGVudC91cGxvYWRzL3NpdGVzLzE0LzIwMjQvMDcvZ2xhc3NtYXNraW4tdXNwLnBuZw.webp 2150w, https:\/\/www.ankarsrum.com\/img-srv\/hjpOIZa3YTTiQmM1CLtwDRHH1ukD2UauoZ9yJpJqgLI\/resizing_type:auto\/width:2406\/height:2406\/gravity:sm\/enlarge:1\/ext:webp\/strip_metadata:1\/quality:90\/cachebuster:filesize-1455967\/bG9jYWw6Ly8vd3d3LmFua2Fyc3J1bS5jb20vd3AtY29udGVudC91cGxvYWRzL3NpdGVzLzE0LzIwMjQvMDcvZ2xhc3NtYXNraW4tdXNwLnBuZw.webp 2406w, https:\/\/www.ankarsrum.com\/img-srv\/fKbzi7TBMhvkGR9CeslEj16-Is6VXaF-2u1uDMZr3Hs\/resizing_type:auto\/width:2662\/height:2662\/gravity:sm\/enlarge:1\/ext:webp\/strip_metadata:1\/quality:90\/cachebuster:filesize-1455967\/bG9jYWw6Ly8vd3d3LmFua2Fyc3J1bS5jb20vd3AtY29udGVudC91cGxvYWRzL3NpdGVzLzE0LzIwMjQvMDcvZ2xhc3NtYXNraW4tdXNwLnBuZw.webp 2662w, https:\/\/www.ankarsrum.com\/img-srv\/a3FGcNBC0cy95mzZx3jHG5JbnfPFXgRIvQtsng3JffE\/resizing_type:auto\/width:2918\/height:2918\/gravity:sm\/enlarge:1\/ext:webp\/strip_metadata:1\/quality:90\/cachebuster:filesize-1455967\/bG9jYWw6Ly8vd3d3LmFua2Fyc3J1bS5jb20vd3AtY29udGVudC91cGxvYWRzL3NpdGVzLzE0LzIwMjQvMDcvZ2xhc3NtYXNraW4tdXNwLnBuZw.webp 2918w\" type=\"image\/webp\" ><source height=\"1024\" width=\"1024\" sizes=\"(max-width: 1024px) 100vw, 1024px\" srcset=\"https:\/\/www.ankarsrum.com\/img-srv\/ZVdVpeIZE3BgTKY7faa2ArZCjZUf4QAGAW6NMltSQ7c\/resizing_type:auto\/width:1024\/height:0\/gravity:sm\/enlarge:1\/ext:webp\/strip_metadata:1\/quality:90\/cachebuster:filesize-1455967\/bG9jYWw6Ly8vd3d3LmFua2Fyc3J1bS5jb20vd3AtY29udGVudC91cGxvYWRzL3NpdGVzLzE0LzIwMjQvMDcvZ2xhc3NtYXNraW4tdXNwLnBuZw.webp 1024w\" type=\"image\/webp\" ><img fetchpriority=\"high\" decoding=\"async\" width=\"1024\" height=\"1024\" src=\"https:\/\/www.ankarsrum.com\/img-srv\/ZVdVpeIZE3BgTKY7faa2ArZCjZUf4QAGAW6NMltSQ7c\/resizing_type:auto\/width:1024\/height:0\/gravity:sm\/enlarge:1\/ext:webp\/strip_metadata:1\/quality:90\/cachebuster:filesize-1455967\/bG9jYWw6Ly8vd3d3LmFua2Fyc3J1bS5jb20vd3AtY29udGVudC91cGxvYWRzL3NpdGVzLzE0LzIwMjQvMDcvZ2xhc3NtYXNraW4tdXNwLnBuZw.webp\" class=\"attachment-large size-large wp-image-19001\" alt=\"\" loading=\"eager\" data-blur-hash=\"LULzgX~WMwX9Tf$#Ioof?^Orocxu\" style=\"background-size: cover; background-origin: content-box; background-repeat: no-repeat; background-image: url(data:image\/png;base64,iVBORw0KGgoAAAANSUhEUgAAACAAAAAgCAIAAAD8GO2jAAAACXBIWXMAAA7EAAAOxAGVKw4bAAAEq0lEQVRIiV1Wy47lOg4jZd\/u\/v9PvMvB7Cu2JHIWdk7VtCE4ThCQst7897\/\/gQHYBmzLdwkAbAA0CNAIgAIMyGipuqs6K3fuvddaa61nra+1nr1XVXbXPOg46DZg2N+UIIy7aON+OTq8v\/l7OxgAXrxp6RD89R8ul3HVpx24\/LDOXSXp7jqffr7a1nTXawpbwEcL2yYAfwhgg8c+siV3t7pVre7u6ur7pb8PU1XHCPZrlx+m+uEA+jjAPHq23N1dd\/WRvGedvWv2zmOxbxq\/b\/6pPg0IlK+HW7r4mbV37V25K3fvXZlV2ZndNbXXwfq4Bvf12udbDIFttNxSSVmdVVmZe+feudc51F6VuzKlmvWsGyP4ax3dr5VkHvXbbrnk7M7qrMzMzL33yrVyP7mePAS11T37eS4eDyovOvnhMD7oaB90ZXdW7ayduffae+\/95F65nsxVubqyu2c\/X6\/CBEHyPC4BX\/dedJRcUtWHIPfeJ9H2Wns\/e6\/cq3J1p7pnfX3xhT8LJBnnYMZxb5ttt1BSXfV7X+vkyoO+ziUqV+XuTnfP\/voCXuyLHIxDEOcGb\/Cc0FS1qjqzMvPeYH+jX\/VrqcrqqWOiixyMiAhEmMG4N9AtPi9BdWVV1YF\/4+egP7VX5+ra7rR79vOQAAkGI2KEIhjBGI4AqZdAcre6dJPr9W\/uVXvVenqv3o9yqZZrXQLvZYKkGDFCPWIExkA0GIg4GWDbsn6U0N5Ze\/davVev1fvp\/Wg\/ruVc6AUl1dOVN0gj7IEhe8BGBCKgMC+BboK1spSp3MqtXNpL+TgfHKknarmXlXBPdOOY6KQtxpt1BmwahP2WT7W73Xml0p3ojU7WZu\/Qhra14AUnXPNnlYDNU4kgHGDoFiUbFiS4YZ0z3UfCHeiBJlpo8EgBPTnIE0VBBnET4NMFPrntdzeP0EEMYgQcRoABj\/sHBIoAZsx5CBg8MXqCFXF5DjCDtBlg3DwZ48qcAQ16DA7HcA2MCQkywTl+\/XPw8Z1lJANBM95eCcoEaMdwOIbH8JyW3YQC6miHPORpNCDSAdccv39916G49eK7Fn1MRZH3AgMQMG8IOAJjuNMecBsNHFIPuOf48wcfpLfWHcsQ1CGQGRFSkIMUaRKvrXqwC55UEUV3QAENaNI955\/ff7cD3sZz+n0YtilTjlAMzQ6MQAUjYkYXVXSFi26iAx3QhCase4PvMLn9H4ZlhO9+5yV5SIiB0Rwj5hgVmqEKV7jDFS\/BgCbcc\/7+A7xN88dEAfugU6Ydh9CGxCFqRPfooRHq8AxVoPl\/l3BBfZyMb\/DPbCfL5jHOmYpsyLjmkkZLfZJMHR5E04M+Tm5Cx8m\/f33mCduWcAaqC23KcUcN48wtFuVwuMMjbjoPuOAwGn4Dye45\/vnld7I7akOSRJkhyqRh0KYRYRqyaVmBCCscOHKvWUbYAQhQzJjzp\/oKUWQHKYrkITBfh8MYth0OWYRoAoRpQ6aAvhOIDHFyjHf41WkLBAmdfKDNM0QaOOFkGOYZv4kzXRoyBjyMYQ9gGAOQicmId6IOQKfT32QOnqrK75JL0jABI87cKps8gRakwxEWT7Oi\/T8ZJTXuxjxYNgAAAABJRU5ErkJggg==);\" srcset=\"https:\/\/www.ankarsrum.com\/img-srv\/ZVdVpeIZE3BgTKY7faa2ArZCjZUf4QAGAW6NMltSQ7c\/resizing_type:auto\/width:1024\/height:0\/gravity:sm\/enlarge:1\/ext:webp\/strip_metadata:1\/quality:90\/cachebuster:filesize-1455967\/bG9jYWw6Ly8vd3d3LmFua2Fyc3J1bS5jb20vd3AtY29udGVudC91cGxvYWRzL3NpdGVzLzE0LzIwMjQvMDcvZ2xhc3NtYXNraW4tdXNwLnBuZw.webp 1024w\" sizes=\"(max-width: 1024px) 100vw, 1024px\" qala-img-proxy-processed=\"processed\" \/>\n\n<\/picture>\t\t\t\n\t\t\t\t\t\t\n\t\t\t\t\t\t\t<div\n\t\t\t\t\tclass=\"overlay\"\n\t\t\t\t\tstyle=\"opacity:70%; \"\n\t\t\t\t><\/div>\n\t\t\t\n\t\t<\/div>\n\t<\/div>\n<\/div>\n\n\n\n<figure class=\"wp-block-gallery alignfull has-nested-images columns-4 is-cropped wp-block-gallery-1 is-layout-flex wp-block-gallery-is-layout-flex\">\n<figure class=\"wp-block-image size-large\"><img decoding=\"async\" data-id=\"38907\" src=\"https:\/\/www.ankarsrum.com\/se\/wp-content\/uploads\/sites\/11\/2023\/04\/pinnen-pc45979d4.jpg\" alt=\"\" class=\"wp-image-38907\"\/><\/figure>\n\n\n\n<figure class=\"wp-block-image size-large\"><img decoding=\"async\" data-id=\"8697\" src=\"https:\/\/www.ankarsrum.com\/us\/wp-content\/uploads\/sites\/10\/2023\/05\/ankarsrum-glassvaffla-5.jpg\" alt=\"\" class=\"wp-image-8697\"\/><\/figure>\n\n\n\n<figure class=\"wp-block-image size-large\"><img decoding=\"async\" data-id=\"32993\" src=\"https:\/\/www.ankarsrum.com\/img-srv\/YBwLxsy4tgejilWK5LNARyox-nI2eQ9RE9omGuZKyRg\/resizing_type:auto\/width:0\/height:1024\/gravity:sm\/enlarge:1\/ext:webp\/strip_metadata:1\/quality:90\/bG9jYWw6Ly8vd3d3LmFua2Fyc3J1bS5jb20vd3AtY29udGVudC91cGxvYWRzL3NpdGVzLzExLzIwMjIvMTAvRFNDXzM3MDItZTE2NjU0ODU2ODg2NTcuanBn.webp\" alt=\"\" class=\"wp-image-32993\"\/><\/figure>\n\n\n\n<figure class=\"wp-block-image size-large\"><img decoding=\"async\" data-id=\"8700\" src=\"https:\/\/www.ankarsrum.com\/us\/wp-content\/uploads\/sites\/10\/2023\/05\/falafel-3-web.jpg\" alt=\"\" class=\"wp-image-8700\"\/><\/figure>\n<\/figure>\n<\/div>\n<\/div>\n\n\n\n<div style=\"height:13px\" aria-hidden=\"true\" class=\"wp-block-spacer\"><\/div>\n","protected":false},"excerpt":{"rendered":"<p>Meld deg p\u00e5 v\u00e5rt nyhetsbrev. [hubspot portal=\"145411780\" id=\"661f7a5c-4461-4dc3-9f5f-60fa100c47e5\" type=\"form\"]. <\/p>\n","protected":false},"author":23,"featured_media":0,"parent":0,"menu_order":0,"comment_status":"closed","ping_status":"closed","template":"","meta":{"_acf_changed":false,"content-type":"","editor_notices":[],"footnotes":""},"class_list":["post-12338","page","type-page","status-publish","hentry"],"acf":[],"yoast_head":"<!-- This site is optimized with the Yoast SEO Premium plugin v26.6 (Yoast SEO v26.6) - https:\/\/yoast.com\/wordpress\/plugins\/seo\/ -->\n<title>Ankarsrum nyhetsbrev | Kj\u00f8kkenmaskin<\/title>\n<meta name=\"description\" content=\"Meld deg p\u00e5 Ankarsrum nyhetsbrev og f\u00e5 informasjon om kj\u00f8kkenmaskin, oppskrifter, tilbeh\u00f8r og nyheter tilpasset bruk i hverdagen.\" \/>\n<meta name=\"robots\" content=\"index, follow, max-snippet:-1, max-image-preview:large, max-video-preview:-1\" \/>\n<link rel=\"canonical\" href=\"https:\/\/www.ankarsrum.com\/no\/ankarsrum-newsletter\/\" \/>\n<meta property=\"og:locale\" content=\"nb_NO\" \/>\n<meta property=\"og:type\" content=\"article\" \/>\n<meta property=\"og:title\" content=\"Ankarsrum newsletter\" \/>\n<meta property=\"og:description\" content=\"Meld deg p\u00e5 Ankarsrum nyhetsbrev og f\u00e5 informasjon om kj\u00f8kkenmaskin, oppskrifter, tilbeh\u00f8r og nyheter tilpasset bruk i hverdagen.\" \/>\n<meta property=\"og:url\" content=\"https:\/\/www.ankarsrum.com\/no\/ankarsrum-newsletter\/\" \/>\n<meta property=\"og:site_name\" content=\"Ankarsrum Norway\" \/>\n<meta property=\"article:modified_time\" content=\"2026-01-21T06:43:21+00:00\" \/>\n<meta property=\"og:image\" content=\"https:\/\/www.ankarsrum.com\/se\/wp-content\/uploads\/sites\/11\/2023\/04\/pinnen-pc45979d4.jpg\" \/>\n<meta name=\"twitter:card\" content=\"summary_large_image\" \/>\n<meta name=\"twitter:label1\" content=\"Ansl. lesetid\" \/>\n\t<meta name=\"twitter:data1\" content=\"2 minutter\" \/>\n<script type=\"application\/ld+json\" class=\"yoast-schema-graph\">{\"@context\":\"https:\/\/schema.org\",\"@graph\":[{\"@type\":\"WebPage\",\"@id\":\"https:\/\/www.ankarsrum.com\/no\/ankarsrum-newsletter\/\",\"url\":\"https:\/\/www.ankarsrum.com\/no\/ankarsrum-newsletter\/\",\"name\":\"Ankarsrum nyhetsbrev | Kj\u00f8kkenmaskin\",\"isPartOf\":{\"@id\":\"https:\/\/www.ankarsrum.com\/no\/#website\"},\"primaryImageOfPage\":{\"@id\":\"https:\/\/www.ankarsrum.com\/no\/ankarsrum-newsletter\/#primaryimage\"},\"image\":{\"@id\":\"https:\/\/www.ankarsrum.com\/no\/ankarsrum-newsletter\/#primaryimage\"},\"thumbnailUrl\":\"https:\/\/www.ankarsrum.com\/se\/wp-content\/uploads\/sites\/11\/2023\/04\/pinnen-pc45979d4.jpg\",\"datePublished\":\"2023-05-15T06:05:56+00:00\",\"dateModified\":\"2026-01-21T06:43:21+00:00\",\"description\":\"Meld deg p\u00e5 Ankarsrum nyhetsbrev og f\u00e5 informasjon om kj\u00f8kkenmaskin, oppskrifter, tilbeh\u00f8r og nyheter tilpasset bruk i hverdagen.\",\"breadcrumb\":{\"@id\":\"https:\/\/www.ankarsrum.com\/no\/ankarsrum-newsletter\/#breadcrumb\"},\"inLanguage\":\"nb-NO\",\"potentialAction\":[{\"@type\":\"ReadAction\",\"target\":[\"https:\/\/www.ankarsrum.com\/no\/ankarsrum-newsletter\/\"]}]},{\"@type\":\"ImageObject\",\"inLanguage\":\"nb-NO\",\"@id\":\"https:\/\/www.ankarsrum.com\/no\/ankarsrum-newsletter\/#primaryimage\",\"url\":\"https:\/\/www.ankarsrum.com\/se\/wp-content\/uploads\/sites\/11\/2023\/04\/pinnen-pc45979d4.jpg\",\"contentUrl\":\"https:\/\/www.ankarsrum.com\/se\/wp-content\/uploads\/sites\/11\/2023\/04\/pinnen-pc45979d4.jpg\"},{\"@type\":\"BreadcrumbList\",\"@id\":\"https:\/\/www.ankarsrum.com\/no\/ankarsrum-newsletter\/#breadcrumb\",\"itemListElement\":[{\"@type\":\"ListItem\",\"position\":1,\"name\":\"Home\",\"item\":\"https:\/\/www.ankarsrum.com\/no\/\"},{\"@type\":\"ListItem\",\"position\":2,\"name\":\"Ankarsrum newsletter\"}]},{\"@type\":\"WebSite\",\"@id\":\"https:\/\/www.ankarsrum.com\/no\/#website\",\"url\":\"https:\/\/www.ankarsrum.com\/no\/\",\"name\":\"Ankarsrum Norway\",\"description\":\"The bread of the world\",\"potentialAction\":[{\"@type\":\"SearchAction\",\"target\":{\"@type\":\"EntryPoint\",\"urlTemplate\":\"https:\/\/www.ankarsrum.com\/no\/?s={search_term_string}\"},\"query-input\":{\"@type\":\"PropertyValueSpecification\",\"valueRequired\":true,\"valueName\":\"search_term_string\"}}],\"inLanguage\":\"nb-NO\"}]}<\/script>\n<!-- \/ Yoast SEO Premium plugin. -->","yoast_head_json":{"title":"Ankarsrum nyhetsbrev | Kj\u00f8kkenmaskin","description":"Meld deg p\u00e5 Ankarsrum nyhetsbrev og f\u00e5 informasjon om kj\u00f8kkenmaskin, oppskrifter, tilbeh\u00f8r og nyheter tilpasset bruk i hverdagen.","robots":{"index":"index","follow":"follow","max-snippet":"max-snippet:-1","max-image-preview":"max-image-preview:large","max-video-preview":"max-video-preview:-1"},"canonical":"https:\/\/www.ankarsrum.com\/no\/ankarsrum-newsletter\/","og_locale":"nb_NO","og_type":"article","og_title":"Ankarsrum newsletter","og_description":"Meld deg p\u00e5 Ankarsrum nyhetsbrev og f\u00e5 informasjon om kj\u00f8kkenmaskin, oppskrifter, tilbeh\u00f8r og nyheter tilpasset bruk i hverdagen.","og_url":"https:\/\/www.ankarsrum.com\/no\/ankarsrum-newsletter\/","og_site_name":"Ankarsrum Norway","article_modified_time":"2026-01-21T06:43:21+00:00","og_image":[{"url":"https:\/\/www.ankarsrum.com\/se\/wp-content\/uploads\/sites\/11\/2023\/04\/pinnen-pc45979d4.jpg","type":"","width":"","height":""}],"twitter_card":"summary_large_image","twitter_misc":{"Ansl. lesetid":"2 minutter"},"schema":{"@context":"https:\/\/schema.org","@graph":[{"@type":"WebPage","@id":"https:\/\/www.ankarsrum.com\/no\/ankarsrum-newsletter\/","url":"https:\/\/www.ankarsrum.com\/no\/ankarsrum-newsletter\/","name":"Ankarsrum nyhetsbrev | Kj\u00f8kkenmaskin","isPartOf":{"@id":"https:\/\/www.ankarsrum.com\/no\/#website"},"primaryImageOfPage":{"@id":"https:\/\/www.ankarsrum.com\/no\/ankarsrum-newsletter\/#primaryimage"},"image":{"@id":"https:\/\/www.ankarsrum.com\/no\/ankarsrum-newsletter\/#primaryimage"},"thumbnailUrl":"https:\/\/www.ankarsrum.com\/se\/wp-content\/uploads\/sites\/11\/2023\/04\/pinnen-pc45979d4.jpg","datePublished":"2023-05-15T06:05:56+00:00","dateModified":"2026-01-21T06:43:21+00:00","description":"Meld deg p\u00e5 Ankarsrum nyhetsbrev og f\u00e5 informasjon om kj\u00f8kkenmaskin, oppskrifter, tilbeh\u00f8r og nyheter tilpasset bruk i hverdagen.","breadcrumb":{"@id":"https:\/\/www.ankarsrum.com\/no\/ankarsrum-newsletter\/#breadcrumb"},"inLanguage":"nb-NO","potentialAction":[{"@type":"ReadAction","target":["https:\/\/www.ankarsrum.com\/no\/ankarsrum-newsletter\/"]}]},{"@type":"ImageObject","inLanguage":"nb-NO","@id":"https:\/\/www.ankarsrum.com\/no\/ankarsrum-newsletter\/#primaryimage","url":"https:\/\/www.ankarsrum.com\/se\/wp-content\/uploads\/sites\/11\/2023\/04\/pinnen-pc45979d4.jpg","contentUrl":"https:\/\/www.ankarsrum.com\/se\/wp-content\/uploads\/sites\/11\/2023\/04\/pinnen-pc45979d4.jpg"},{"@type":"BreadcrumbList","@id":"https:\/\/www.ankarsrum.com\/no\/ankarsrum-newsletter\/#breadcrumb","itemListElement":[{"@type":"ListItem","position":1,"name":"Home","item":"https:\/\/www.ankarsrum.com\/no\/"},{"@type":"ListItem","position":2,"name":"Ankarsrum newsletter"}]},{"@type":"WebSite","@id":"https:\/\/www.ankarsrum.com\/no\/#website","url":"https:\/\/www.ankarsrum.com\/no\/","name":"Ankarsrum Norway","description":"The bread of the world","potentialAction":[{"@type":"SearchAction","target":{"@type":"EntryPoint","urlTemplate":"https:\/\/www.ankarsrum.com\/no\/?s={search_term_string}"},"query-input":{"@type":"PropertyValueSpecification","valueRequired":true,"valueName":"search_term_string"}}],"inLanguage":"nb-NO"}]}},"_links":{"self":[{"href":"https:\/\/www.ankarsrum.com\/no\/wp-json\/wp\/v2\/pages\/12338","targetHints":{"allow":["GET"]}}],"collection":[{"href":"https:\/\/www.ankarsrum.com\/no\/wp-json\/wp\/v2\/pages"}],"about":[{"href":"https:\/\/www.ankarsrum.com\/no\/wp-json\/wp\/v2\/types\/page"}],"author":[{"embeddable":true,"href":"https:\/\/www.ankarsrum.com\/no\/wp-json\/wp\/v2\/users\/23"}],"replies":[{"embeddable":true,"href":"https:\/\/www.ankarsrum.com\/no\/wp-json\/wp\/v2\/comments?post=12338"}],"version-history":[{"count":5,"href":"https:\/\/www.ankarsrum.com\/no\/wp-json\/wp\/v2\/pages\/12338\/revisions"}],"predecessor-version":[{"id":20735,"href":"https:\/\/www.ankarsrum.com\/no\/wp-json\/wp\/v2\/pages\/12338\/revisions\/20735"}],"wp:attachment":[{"href":"https:\/\/www.ankarsrum.com\/no\/wp-json\/wp\/v2\/media?parent=12338"}],"curies":[{"name":"wp","href":"https:\/\/api.w.org\/{rel}","templated":true}]}}