{"id":1312,"date":"2019-02-07T11:14:20","date_gmt":"2019-02-07T11:14:20","guid":{"rendered":"https:\/\/www.ankarsrum.com\/?page_id=1312"},"modified":"2026-01-21T11:52:25","modified_gmt":"2026-01-21T10:52:25","slug":"faq-visper","status":"publish","type":"page","link":"https:\/\/www.ankarsrum.com\/no\/faq-visper\/","title":{"rendered":"FAQ &#8211; Visper"},"content":{"rendered":"","protected":false},"excerpt":{"rendered":"","protected":false},"author":5,"featured_media":0,"parent":0,"menu_order":0,"comment_status":"closed","ping_status":"closed","template":"template-blocks.php","meta":{"_acf_changed":false,"content-type":"","editor_notices":[],"footnotes":""},"class_list":["post-1312","page","type-page","status-publish","hentry"],"acf":[],"yoast_head":"<!-- This site is optimized with the Yoast SEO Premium plugin v26.6 (Yoast SEO v26.6) - https:\/\/yoast.com\/wordpress\/plugins\/seo\/ -->\n<title>FAQ visper | Bruk av Ankarsrum kj\u00f8kkenmaskin<\/title>\n<meta name=\"description\" content=\"Svar p\u00e5 vanlige sp\u00f8rsm\u00e5l om visper og bruk av Ankarsrum kj\u00f8kkenmaskin, med fokus p\u00e5 riktig tilbeh\u00f8r og kontrollert visping.\" \/>\n<meta name=\"robots\" content=\"index, follow, max-snippet:-1, max-image-preview:large, max-video-preview:-1\" \/>\n<link rel=\"canonical\" href=\"https:\/\/www.ankarsrum.com\/no\/faq-visper\/\" \/>\n<meta property=\"og:locale\" content=\"nb_NO\" \/>\n<meta property=\"og:type\" content=\"article\" \/>\n<meta property=\"og:title\" content=\"FAQ - Visper\" \/>\n<meta property=\"og:description\" content=\"Svar p\u00e5 vanlige sp\u00f8rsm\u00e5l om visper og bruk av Ankarsrum kj\u00f8kkenmaskin, med fokus p\u00e5 riktig tilbeh\u00f8r og kontrollert visping.\" \/>\n<meta property=\"og:url\" content=\"https:\/\/www.ankarsrum.com\/no\/faq-visper\/\" \/>\n<meta property=\"og:site_name\" content=\"Ankarsrum Norway\" \/>\n<meta property=\"article:modified_time\" content=\"2026-01-21T10:52:25+00:00\" \/>\n<meta name=\"twitter:card\" content=\"summary_large_image\" \/>\n<script type=\"application\/ld+json\" class=\"yoast-schema-graph\">{\"@context\":\"https:\/\/schema.org\",\"@graph\":[{\"@type\":\"WebPage\",\"@id\":\"https:\/\/www.ankarsrum.com\/no\/faq-visper\/\",\"url\":\"https:\/\/www.ankarsrum.com\/no\/faq-visper\/\",\"name\":\"FAQ visper | Bruk av Ankarsrum kj\u00f8kkenmaskin\",\"isPartOf\":{\"@id\":\"https:\/\/www.ankarsrum.com\/no\/#website\"},\"datePublished\":\"2019-02-07T11:14:20+00:00\",\"dateModified\":\"2026-01-21T10:52:25+00:00\",\"description\":\"Svar p\u00e5 vanlige sp\u00f8rsm\u00e5l om visper og bruk av Ankarsrum kj\u00f8kkenmaskin, med fokus p\u00e5 riktig tilbeh\u00f8r og kontrollert visping.\",\"breadcrumb\":{\"@id\":\"https:\/\/www.ankarsrum.com\/no\/faq-visper\/#breadcrumb\"},\"inLanguage\":\"nb-NO\",\"potentialAction\":[{\"@type\":\"ReadAction\",\"target\":[\"https:\/\/www.ankarsrum.com\/no\/faq-visper\/\"]}]},{\"@type\":\"BreadcrumbList\",\"@id\":\"https:\/\/www.ankarsrum.com\/no\/faq-visper\/#breadcrumb\",\"itemListElement\":[{\"@type\":\"ListItem\",\"position\":1,\"name\":\"Home\",\"item\":\"https:\/\/www.ankarsrum.com\/no\/\"},{\"@type\":\"ListItem\",\"position\":2,\"name\":\"FAQ &#8211; Visper\"}]},{\"@type\":\"WebSite\",\"@id\":\"https:\/\/www.ankarsrum.com\/no\/#website\",\"url\":\"https:\/\/www.ankarsrum.com\/no\/\",\"name\":\"Ankarsrum Norway\",\"description\":\"The bread of the world\",\"potentialAction\":[{\"@type\":\"SearchAction\",\"target\":{\"@type\":\"EntryPoint\",\"urlTemplate\":\"https:\/\/www.ankarsrum.com\/no\/?s={search_term_string}\"},\"query-input\":{\"@type\":\"PropertyValueSpecification\",\"valueRequired\":true,\"valueName\":\"search_term_string\"}}],\"inLanguage\":\"nb-NO\"}]}<\/script>\n<!-- \/ Yoast SEO Premium plugin. -->","yoast_head_json":{"title":"FAQ visper | Bruk av Ankarsrum kj\u00f8kkenmaskin","description":"Svar p\u00e5 vanlige sp\u00f8rsm\u00e5l om visper og bruk av Ankarsrum kj\u00f8kkenmaskin, med fokus p\u00e5 riktig tilbeh\u00f8r og kontrollert visping.","robots":{"index":"index","follow":"follow","max-snippet":"max-snippet:-1","max-image-preview":"max-image-preview:large","max-video-preview":"max-video-preview:-1"},"canonical":"https:\/\/www.ankarsrum.com\/no\/faq-visper\/","og_locale":"nb_NO","og_type":"article","og_title":"FAQ - Visper","og_description":"Svar p\u00e5 vanlige sp\u00f8rsm\u00e5l om visper og bruk av Ankarsrum kj\u00f8kkenmaskin, med fokus p\u00e5 riktig tilbeh\u00f8r og kontrollert visping.","og_url":"https:\/\/www.ankarsrum.com\/no\/faq-visper\/","og_site_name":"Ankarsrum Norway","article_modified_time":"2026-01-21T10:52:25+00:00","twitter_card":"summary_large_image","schema":{"@context":"https:\/\/schema.org","@graph":[{"@type":"WebPage","@id":"https:\/\/www.ankarsrum.com\/no\/faq-visper\/","url":"https:\/\/www.ankarsrum.com\/no\/faq-visper\/","name":"FAQ visper | Bruk av Ankarsrum kj\u00f8kkenmaskin","isPartOf":{"@id":"https:\/\/www.ankarsrum.com\/no\/#website"},"datePublished":"2019-02-07T11:14:20+00:00","dateModified":"2026-01-21T10:52:25+00:00","description":"Svar p\u00e5 vanlige sp\u00f8rsm\u00e5l om visper og bruk av Ankarsrum kj\u00f8kkenmaskin, med fokus p\u00e5 riktig tilbeh\u00f8r og kontrollert visping.","breadcrumb":{"@id":"https:\/\/www.ankarsrum.com\/no\/faq-visper\/#breadcrumb"},"inLanguage":"nb-NO","potentialAction":[{"@type":"ReadAction","target":["https:\/\/www.ankarsrum.com\/no\/faq-visper\/"]}]},{"@type":"BreadcrumbList","@id":"https:\/\/www.ankarsrum.com\/no\/faq-visper\/#breadcrumb","itemListElement":[{"@type":"ListItem","position":1,"name":"Home","item":"https:\/\/www.ankarsrum.com\/no\/"},{"@type":"ListItem","position":2,"name":"FAQ &#8211; Visper"}]},{"@type":"WebSite","@id":"https:\/\/www.ankarsrum.com\/no\/#website","url":"https:\/\/www.ankarsrum.com\/no\/","name":"Ankarsrum Norway","description":"The bread of the world","potentialAction":[{"@type":"SearchAction","target":{"@type":"EntryPoint","urlTemplate":"https:\/\/www.ankarsrum.com\/no\/?s={search_term_string}"},"query-input":{"@type":"PropertyValueSpecification","valueRequired":true,"valueName":"search_term_string"}}],"inLanguage":"nb-NO"}]}},"_links":{"self":[{"href":"https:\/\/www.ankarsrum.com\/no\/wp-json\/wp\/v2\/pages\/1312","targetHints":{"allow":["GET"]}}],"collection":[{"href":"https:\/\/www.ankarsrum.com\/no\/wp-json\/wp\/v2\/pages"}],"about":[{"href":"https:\/\/www.ankarsrum.com\/no\/wp-json\/wp\/v2\/types\/page"}],"author":[{"embeddable":true,"href":"https:\/\/www.ankarsrum.com\/no\/wp-json\/wp\/v2\/users\/5"}],"replies":[{"embeddable":true,"href":"https:\/\/www.ankarsrum.com\/no\/wp-json\/wp\/v2\/comments?post=1312"}],"version-history":[{"count":5,"href":"https:\/\/www.ankarsrum.com\/no\/wp-json\/wp\/v2\/pages\/1312\/revisions"}],"predecessor-version":[{"id":12228,"href":"https:\/\/www.ankarsrum.com\/no\/wp-json\/wp\/v2\/pages\/1312\/revisions\/12228"}],"wp:attachment":[{"href":"https:\/\/www.ankarsrum.com\/no\/wp-json\/wp\/v2\/media?parent=1312"}],"curies":[{"name":"wp","href":"https:\/\/api.w.org\/{rel}","templated":true}]}}