{"id":161,"date":"2018-12-19T14:31:22","date_gmt":"2018-12-19T14:31:22","guid":{"rendered":"https:\/\/www.ankarsrum.com\/?page_id=161"},"modified":"2025-10-29T21:34:21","modified_gmt":"2025-10-29T20:34:21","slug":"support","status":"publish","type":"page","link":"https:\/\/www.ankarsrum.com\/no\/support\/","title":{"rendered":"Kundest\u00f8tte"},"content":{"rendered":"","protected":false},"excerpt":{"rendered":"","protected":false},"author":26,"featured_media":0,"parent":0,"menu_order":0,"comment_status":"closed","ping_status":"closed","template":"template-blocks.php","meta":{"_acf_changed":false,"content-type":"","editor_notices":[],"footnotes":""},"class_list":["post-161","page","type-page","status-publish","hentry"],"acf":[],"yoast_head":"<!-- This site is optimized with the Yoast SEO Premium plugin v26.6 (Yoast SEO v26.6) - https:\/\/yoast.com\/wordpress\/plugins\/seo\/ -->\n<title>support \u2013 hjelp, r\u00e5d og h\u00e5ndb\u00f8ker fra Ankarsrum<\/title>\n<meta name=\"description\" content=\"F\u00e5 st\u00f8tte til din Ankarsrum Assistent \u2013 finn bruksanvisninger, instruksjons\u00adfilmer, reservedeler og ofte stilte sp\u00f8rsm\u00e5l her.\" \/>\n<meta name=\"robots\" content=\"index, follow, max-snippet:-1, max-image-preview:large, max-video-preview:-1\" \/>\n<link rel=\"canonical\" href=\"https:\/\/www.ankarsrum.com\/no\/support\/\" \/>\n<meta property=\"og:locale\" content=\"nb_NO\" \/>\n<meta property=\"og:type\" content=\"article\" \/>\n<meta property=\"og:title\" content=\"Kundest\u00f8tte\" \/>\n<meta property=\"og:description\" content=\"F\u00e5 st\u00f8tte til din Ankarsrum Assistent \u2013 finn bruksanvisninger, instruksjons\u00adfilmer, reservedeler og ofte stilte sp\u00f8rsm\u00e5l her.\" \/>\n<meta property=\"og:url\" content=\"https:\/\/www.ankarsrum.com\/no\/support\/\" \/>\n<meta property=\"og:site_name\" content=\"Ankarsrum Norway\" \/>\n<meta property=\"article:modified_time\" content=\"2025-10-29T20:34:21+00:00\" \/>\n<meta name=\"twitter:card\" content=\"summary_large_image\" \/>\n<script type=\"application\/ld+json\" class=\"yoast-schema-graph\">{\"@context\":\"https:\/\/schema.org\",\"@graph\":[{\"@type\":\"WebPage\",\"@id\":\"https:\/\/www.ankarsrum.com\/no\/support\/\",\"url\":\"https:\/\/www.ankarsrum.com\/no\/support\/\",\"name\":\"support \u2013 hjelp, r\u00e5d og h\u00e5ndb\u00f8ker fra Ankarsrum\",\"isPartOf\":{\"@id\":\"https:\/\/www.ankarsrum.com\/no\/#website\"},\"datePublished\":\"2018-12-19T14:31:22+00:00\",\"dateModified\":\"2025-10-29T20:34:21+00:00\",\"description\":\"F\u00e5 st\u00f8tte til din Ankarsrum Assistent \u2013 finn bruksanvisninger, instruksjons\u00adfilmer, reservedeler og ofte stilte sp\u00f8rsm\u00e5l her.\",\"breadcrumb\":{\"@id\":\"https:\/\/www.ankarsrum.com\/no\/support\/#breadcrumb\"},\"inLanguage\":\"nb-NO\",\"potentialAction\":[{\"@type\":\"ReadAction\",\"target\":[\"https:\/\/www.ankarsrum.com\/no\/support\/\"]}]},{\"@type\":\"BreadcrumbList\",\"@id\":\"https:\/\/www.ankarsrum.com\/no\/support\/#breadcrumb\",\"itemListElement\":[{\"@type\":\"ListItem\",\"position\":1,\"name\":\"Home\",\"item\":\"https:\/\/www.ankarsrum.com\/no\/\"},{\"@type\":\"ListItem\",\"position\":2,\"name\":\"Kundest\u00f8tte\"}]},{\"@type\":\"WebSite\",\"@id\":\"https:\/\/www.ankarsrum.com\/no\/#website\",\"url\":\"https:\/\/www.ankarsrum.com\/no\/\",\"name\":\"Ankarsrum Norway\",\"description\":\"The bread of the world\",\"potentialAction\":[{\"@type\":\"SearchAction\",\"target\":{\"@type\":\"EntryPoint\",\"urlTemplate\":\"https:\/\/www.ankarsrum.com\/no\/?s={search_term_string}\"},\"query-input\":{\"@type\":\"PropertyValueSpecification\",\"valueRequired\":true,\"valueName\":\"search_term_string\"}}],\"inLanguage\":\"nb-NO\"}]}<\/script>\n<!-- \/ Yoast SEO Premium plugin. -->","yoast_head_json":{"title":"support \u2013 hjelp, r\u00e5d og h\u00e5ndb\u00f8ker fra Ankarsrum","description":"F\u00e5 st\u00f8tte til din Ankarsrum Assistent \u2013 finn bruksanvisninger, instruksjons\u00adfilmer, reservedeler og ofte stilte sp\u00f8rsm\u00e5l her.","robots":{"index":"index","follow":"follow","max-snippet":"max-snippet:-1","max-image-preview":"max-image-preview:large","max-video-preview":"max-video-preview:-1"},"canonical":"https:\/\/www.ankarsrum.com\/no\/support\/","og_locale":"nb_NO","og_type":"article","og_title":"Kundest\u00f8tte","og_description":"F\u00e5 st\u00f8tte til din Ankarsrum Assistent \u2013 finn bruksanvisninger, instruksjons\u00adfilmer, reservedeler og ofte stilte sp\u00f8rsm\u00e5l her.","og_url":"https:\/\/www.ankarsrum.com\/no\/support\/","og_site_name":"Ankarsrum Norway","article_modified_time":"2025-10-29T20:34:21+00:00","twitter_card":"summary_large_image","schema":{"@context":"https:\/\/schema.org","@graph":[{"@type":"WebPage","@id":"https:\/\/www.ankarsrum.com\/no\/support\/","url":"https:\/\/www.ankarsrum.com\/no\/support\/","name":"support \u2013 hjelp, r\u00e5d og h\u00e5ndb\u00f8ker fra Ankarsrum","isPartOf":{"@id":"https:\/\/www.ankarsrum.com\/no\/#website"},"datePublished":"2018-12-19T14:31:22+00:00","dateModified":"2025-10-29T20:34:21+00:00","description":"F\u00e5 st\u00f8tte til din Ankarsrum Assistent \u2013 finn bruksanvisninger, instruksjons\u00adfilmer, reservedeler og ofte stilte sp\u00f8rsm\u00e5l her.","breadcrumb":{"@id":"https:\/\/www.ankarsrum.com\/no\/support\/#breadcrumb"},"inLanguage":"nb-NO","potentialAction":[{"@type":"ReadAction","target":["https:\/\/www.ankarsrum.com\/no\/support\/"]}]},{"@type":"BreadcrumbList","@id":"https:\/\/www.ankarsrum.com\/no\/support\/#breadcrumb","itemListElement":[{"@type":"ListItem","position":1,"name":"Home","item":"https:\/\/www.ankarsrum.com\/no\/"},{"@type":"ListItem","position":2,"name":"Kundest\u00f8tte"}]},{"@type":"WebSite","@id":"https:\/\/www.ankarsrum.com\/no\/#website","url":"https:\/\/www.ankarsrum.com\/no\/","name":"Ankarsrum Norway","description":"The bread of the world","potentialAction":[{"@type":"SearchAction","target":{"@type":"EntryPoint","urlTemplate":"https:\/\/www.ankarsrum.com\/no\/?s={search_term_string}"},"query-input":{"@type":"PropertyValueSpecification","valueRequired":true,"valueName":"search_term_string"}}],"inLanguage":"nb-NO"}]}},"_links":{"self":[{"href":"https:\/\/www.ankarsrum.com\/no\/wp-json\/wp\/v2\/pages\/161","targetHints":{"allow":["GET"]}}],"collection":[{"href":"https:\/\/www.ankarsrum.com\/no\/wp-json\/wp\/v2\/pages"}],"about":[{"href":"https:\/\/www.ankarsrum.com\/no\/wp-json\/wp\/v2\/types\/page"}],"author":[{"embeddable":true,"href":"https:\/\/www.ankarsrum.com\/no\/wp-json\/wp\/v2\/users\/26"}],"replies":[{"embeddable":true,"href":"https:\/\/www.ankarsrum.com\/no\/wp-json\/wp\/v2\/comments?post=161"}],"version-history":[{"count":7,"href":"https:\/\/www.ankarsrum.com\/no\/wp-json\/wp\/v2\/pages\/161\/revisions"}],"predecessor-version":[{"id":10642,"href":"https:\/\/www.ankarsrum.com\/no\/wp-json\/wp\/v2\/pages\/161\/revisions\/10642"}],"wp:attachment":[{"href":"https:\/\/www.ankarsrum.com\/no\/wp-json\/wp\/v2\/media?parent=161"}],"curies":[{"name":"wp","href":"https:\/\/api.w.org\/{rel}","templated":true}]}}