{"id":2938,"date":"2019-08-26T08:52:21","date_gmt":"2019-08-26T08:52:21","guid":{"rendered":"https:\/\/www.ankarsrum.com\/no\/?page_id=2938"},"modified":"2026-01-21T07:41:48","modified_gmt":"2026-01-21T06:41:48","slug":"salgsbetingelser","status":"publish","type":"page","link":"https:\/\/www.ankarsrum.com\/no\/salgsbetingelser\/","title":{"rendered":"Salgsbetingelser"},"content":{"rendered":"<strong>Om Ankarsrum Kitchen AB<\/strong>\r\n\r\nAnkarsrum Kitchen AB (Ankarsrum Kitchen) produserer, markedsf\u00f8rer, selger og distribuerer kj\u00f8kkenmaskiner merket som Ankarsrum\u00ae, Assistent Original\u00ae og dets tilbeh\u00f8r.\r\n\r\nFor kj\u00f8p gjort via <a href=\"http:\/\/www.ankarsrum.com\/no\">www.ankarsrum.com\/no<\/a> inng\u00e5s kj\u00f8psavtalen med Ankarsrum Kitchens utpekte distribut\u00f8r for Norge:\r\n\r\nNordic Brand Hub AS\r\nIndustriveien 24\r\nN-1481 Hagan\r\nNorge\r\n\r\nOrganisasjonsnummer 918 263 578\r\n\r\n<strong>Kundeservice\r\n<\/strong><strong>Tlf: <\/strong>+47 465 00 222\r\n<strong>E-post: <\/strong>post@brandhub.no\r\n\r\nHvis du sender post til Nordic Brand Hub kundeservice, merk konvolutten med &#8220;Kundeservice&#8221;.\r\n\r\n<strong>Generelt\r\n<\/strong>Disse vilk\u00e5rene gjelder n\u00e5r du som forbruker (enkeltperson) legger inn en bestilling p\u00e5 Ankarsrum Kitchens e-handelsplattform p\u00e5 <a href=\"http:\/\/www.ankarsrum.com\/no\">www.ankarsrum.com\/no<\/a>. En avtale mellom deg og Nordic Brand Hub inng\u00e5s for levering av dine bestilte produkter n\u00e5r du mottar en ordrebekreftelse.\r\n\r\nFor \u00e5 handle hos Ankarsrum Kitchens e-handel m\u00e5 du v\u00e6re minimum 18 \u00e5r, ikke v\u00e6re under vergem\u00e5l og m\u00e5 lovlig ha kapasitet til \u00e5 inng\u00e5 avtaler. Hvis du er under 18 \u00e5r, m\u00e5 du ha foreldres tillatelse til \u00e5 bestille fra oss.\r\n\r\nVi forbeholder oss retten til \u00e5 revidere leveringstiden ved forsinkelser. Alle bestillinger er avhengig av tilgjengelighet og bekreftelse av bestillingsprisen. Videre forbeholder vi oss retten til \u00e5 gj\u00f8re oppdateringer p\u00e5 nettstedet etter tekniske feil, trykkfeil og skrivefeil. Vi forbeholder oss retten til \u00e5 rette feil i prisinformasjonen f\u00f8r bestillingen er behandlet og for \u00e5penbare feil i prisinformasjonen n\u00e5r bestillingen er behandlet.\r\n\r\nFor mer informasjon om hvordan Ankarsrum Kitchen h\u00e5ndterer og behandler dine personopplysninger, se Ankarsrum Kitchens personvernerkl\u00e6ring.\r\n\r\n<strong>Leveranser og bestilling<\/strong>\r\nVi tilbyr gratis frakt p\u00e5 alle bestillinger over 1000 kroner. Gratis frakt tilbys sammen med BRING og leveres til et opphentingssted n\u00e6r deg.\r\n\r\nV\u00e5re leveringsalternativer inkluderer agentlevering til n\u00e6rmeste BRING-lokasjon. Gjeldende fraktkostnader vises i kassen p\u00e5 nett.\r\n\r\nSkader p\u00e5 produktene, som har oppst\u00e5tt under transport, skal rapporteres umiddelbart til Nordic Brand Hub, senest 7 dager etter at forsendelsen er mottatt av mottakeren.\r\n\r\n<strong>Hvis du ikke henter pakken din\r\n<\/strong>Pakken din forblir p\u00e5 leveringsstedet i forskjellige perioder avhengig av den respektive transport\u00f8rens forskrifter, hvoretter den sendes tilbake til lageret til Nordic Brand Hub. Hvis du har betalt for bestillingen din, men ikke hentet den, vil du automatisk bli kreditert bel\u00f8pet for produktet\/produktene (men ikke for fraktkostnaden) n\u00e5r vi har h\u00e5ndtert leveringen din.\r\n\r\nBestillinger som ikke er hentet fra agenter eller som ikke kan leveres, vil bli belastet med et gebyr for \u00e5 dekke v\u00e5re kostnader.\r\n\r\n<strong>Force Majeure\r\n<\/strong>Nordic Brand Hub vil ikke v\u00e6re ansvarlig for manglende utf\u00f8relse eller forsinkelse i utf\u00f8relsen av noen av v\u00e5re forpliktelser i henhold til disse vilk\u00e5rene som er for\u00e5rsaket av hendelser utenfor v\u00e5r rimelige kontroll, eller hvis fullf\u00f8ringen vil kreve ofre som ikke er rimelige med hensyn til kundens interesse i at Nordic Brand Hub oppfyller kj\u00f8pet. Kunden har ikke krav p\u00e5 erstatning for skaden som er p\u00e5f\u00f8rt som f\u00f8lge av Nordic Brand Hubs forsinkelse eller feil dersom forsinkelsen eller feilen skyldes en hindring utenfor Nordic Brand Hubs kontroll som ikke med rimelighet kunne v\u00e6rt forutsett p\u00e5 kj\u00f8pstidspunktet og som Nordic Brand Hub ikke med rimelighet kunne ha unng\u00e5tt eller overvunnet.\r\n\r\n<strong>Ordrebekreftelse\r\n<\/strong>N\u00e5r du har fullf\u00f8rt en bestilling, vil du motta en ordrebekreftelse p\u00e5 e-post. Hvis du ikke har mottatt en ordrebekreftelse, vennligst sjekk at e-postadressen din er riktig og se gjennom eventuell spam-boks i e-posten din. Gi beskjed til Nordic Brand Hubs kundeservice, s\u00e5 sender vi deg bekreftelsen p\u00e5 nytt.\r\n\r\n<strong>Retur\r\n<\/strong>Nordic Brand Hub tilbyr 14 dagers returrett. Det betyr at du som forbruker har mulighet til \u00e5 angre kj\u00f8pet i fjorten (14) dager.\r\n\r\nFor \u00e5 rapportere en retur, vennligst send en e-post til post@brandhub.no. Nordic Brand Bub vil ikke dekke returfraktkostnaden. Du som kunde er ansvarlig for at varen sendes tilbake i samme stand som du mottok den, i perfekt stand og komplett med emballasje og original eske. Avvik fra dette kan medf\u00f8re fradrag i kj\u00f8pesummen ved skader som har oppst\u00e5tt under frakt, ved rengj\u00f8ring eller manglende deler. Bortsett fra dette gjelder vilk\u00e5rene og betingelsene fastsatt av angreretten.\r\n\r\n<strong>Angrerett\r\n<\/strong>Som forbruker (enkeltperson) har du fjorten (14) dagers angrerett i henhold til lov (2005:59) om fjernavtaler og avtaler utenfor forretningssted. Angrefristen trer i kraft dagen etter at forbrukeren har mottatt produktet.\r\n\r\nFor \u00e5 ut\u00f8ve angreretten m\u00e5 du kontakte Nordic Brand Hub muntlig eller skriftlig innen fjorten (14) dager etter at du har mottatt produktet ditt. Dette skal gj\u00f8res via telefonnummer +47 465 00 222 eller e-post, post@brandhub.no.\r\n\r\nHvis du velger \u00e5 angre kj\u00f8pet, m\u00e5 produktet sendes til Nordic Brand Hub innen fjorten (14) dager fra datoen du varslet Nordic Brand Hub om at du ombestemmer deg. Returen betales av kunden. Du vil motta refusjonen senest fjorten (14) dager etter at vi ble informert om din beslutning om \u00e5 kansellere bestillingen. Vi har rett til \u00e5 vente med refusjonen til vi har mottatt varene. Vi refunderer via samme betalingsmetode som kj\u00f8pet opprinnelig ble gjort.\r\n\r\nNordic Brand Hub er ikke ansvarlig for produktet i den tiden det sendes tilbake til Nordic Brand Hub fra kunden p\u00e5 grunn av angreretten. S\u00f8rg for \u00e5 pakke varen(e) forsvarlig og send den tilbake som en pakke. Ta vare p\u00e5 transportnummeret til du har blitt refundert eller kontaktet.\r\n\r\nVaren m\u00e5 returneres med originalemballasjen og i samme stand som du mottok den, Nordic Brand Hub har rett til \u00e5 belaste kostnader for \u00e5 gjenopprette produktene til sin opprinnelige tilstand.\r\n\r\n<strong>Reklamasjon\r\n<\/strong>Hver maskin gjennomg\u00e5r en kvalitetskontroll f\u00f8r den sendes til deg som forbruker. Skulle produktet, til tross for kvalitetskontrollen, v\u00e6re defekt eller defekt n\u00e5r det kommer, har du som forbruker (ikke et selskap) fem (5) \u00e5rs reklamasjonsrett p\u00e5 originale mangler fra den dagen du kj\u00f8pte produktet. Dersom du \u00f8nsker \u00e5 reklamere over en mangel ved det bestilte produktet, m\u00e5 du kontakte Nordic Brand Hub sin kundeservice s\u00e5 snart som mulig etter at mangelen er oppdaget, se kontaktinformasjon:\r\n\r\nNordic Brand Hub\r\nIndustriveien 24\r\nN-1481 Hagan\r\nNorge\r\n\r\n<strong>Tlf: <\/strong>+47 465 00 222\r\n<strong>E-post: <\/strong>post@brandhub.no\r\n\r\nI l\u00f8pet av en periode p\u00e5 tjuefire (24) m\u00e5neder ligger bevisbyrden p\u00e5 Nordic Brand Hub som for \u00e5 bevise at produktet ikke er dekket av en original mangel. Etter 24-m\u00e5nedersperioden til reklamasjonsretten utl\u00f8per fem (5) \u00e5r etter kj\u00f8pet, ligger bevisbyrden hos forbrukeren.\r\n\r\n<strong>Kj\u00f8p via distribut\u00f8rer\r\n<\/strong>Hvis du \u00f8nsker \u00e5 klage eller returnere noen av v\u00e5re produkter som du har kj\u00f8pt gjennom noen av Ankarsrum Kitchens-distribut\u00f8rer annet enn Nordic Brand Hub, b\u00f8r du kontakte den aktuelle distribut\u00f8ren med retur eller klage. Informasjon om hvilken distribut\u00f8r som er relevant for ditt kj\u00f8p fremg\u00e5r av ordrebekreftelsen din, og du kan ogs\u00e5 se en oversikt over v\u00e5re distribut\u00f8rer her <a href=\"https:\/\/www.ankarsrum.com\/distributors\/\">https:\/\/www.ankarsrum.com\/distributors\/<\/a>.\r\n\r\nNordic Brand Hub h\u00e5ndterer ikke reklamasjoner eller returer knyttet til produkter som ikke er kj\u00f8pt direkte fra oss via <a href=\"http:\/\/www.ankarsrum.com\/no\">www.ankarsrum.com\/no<\/a>.\r\n\r\nSom kunde har du 14 dagers returrett og fem \u00e5rs reklamasjonsrett p\u00e5 originale feil fra den datoen du kj\u00f8pte produktet fra distribut\u00f8ren, med mindre annet er fastsatt i nasjonal lovgivning.\r\n\r\n<strong>Garantiregler\r\n<\/strong>Maskinmodell AKM6230 med 1500 watt motor har syv (7) \u00e5rs fabrikkgaranti som dekker maskinen unntatt eltebolle i rustfritt st\u00e5l og annet tilbeh\u00f8r. Eldre modeller dekkes av en fem (5) \u00e5rs fabrikkgaranti som dekker maskinen unntatt eltebolle i rustfritt st\u00e5l og annet tilbeh\u00f8r.\r\n\r\nGarantien gjelder kun for maskiner som brukes i din egen husholdning og under forutsetning av at du har fulgt instruksjonene i brukerh\u00e5ndboken. Garantien gjelder ikke for transportskader eller ved feil eller uforsiktig h\u00e5ndtering eller kommersiell bruk. Garantien gjelder ikke ved feil vedlikehold. Maskinen m\u00e5 ikke brukes til noe annet enn den tiltenkte bruken. Maskinen m\u00e5 ikke \u00e5pnes eller p\u00e5 annen m\u00e5te repareres av andre enn ansatte fra Ankarsrum Kitchen, Nordic Brand Hub eller et utpekt servicepunkt for at garantien skal gjelde.\r\n\r\nHvis apparatet brukes andre steder enn en husholdning, for eksempel i en industri, p\u00e5 g\u00e5rder eller bed-and-breakfast-lokaler, eller lignende, referer til IEC 60335 2-14 \u00a71, er garantiperioden begrenset til ett (1) \u00e5r. Garantien er kun gyldig hvis du f\u00f8lger instruksjonene i bruksanvisningen og sikkerhetsinstruksjonene som f\u00f8lger med leveringen av produktet.\r\n\r\n<strong>Kostnader for garanti og reklamasjoner<\/strong>\r\nHvis reklamasjonen blir godkjent, vil Nordic Brand Hub betale for kostnaden for returfrakt. Hvis klagen ikke er gyldig eller hvis du benytter deg av angreretten, betaler du selv kostnaden for returfrakten.\r\n\r\nDersom produkter viser seg \u00e5 v\u00e6re feilfrie n\u00e5r garantien kreves eller etter en reklamasjon, vil det p\u00e5l\u00f8pe et gebyr for frakt og et unders\u00f8kelsesgebyr p\u00e5 totalt 750 kroner.\r\n\r\n<strong>Betaling og priser<\/strong>\r\n<strong>\r\n<\/strong><em><strong>Sikker betaling<\/strong>\r\n<\/em>\u00c5 handle p\u00e5 Ankarsrum Kitchens e-handel er trygt og enkelt. Du velger mellom betaling med Klarnaeller kortbetaling der debet- eller kredittkortet ditt er koblet til Visa eller Mastercard\/Eurocard. Mer informasjon om de ulike betalingsalternativene finner du under de respektive overskriftene nedenfor.\r\n\r\n<em><strong>Betaling med kort<\/strong>\r\n<\/em>Hvis du har et debet- eller kredittkort utstedt av Visa eller Mastercard, kan du betale med kredittkortet ditt. N\u00e5r du velger dette betalingsalternativet, vil bel\u00f8pet bli reservert p\u00e5 kredittkortet ditt for bestillingen din, og betalingen vil f\u00f8rst skje n\u00e5r varene er sendt til deg.\r\n\r\n<strong><em>Faktura\r\n<\/em><\/strong>Fakturaen sendes via e-post fra Klarna. Fakturaen overleveres til v\u00e5r samarbeidspartner, Klarna, som utf\u00f8rer en forenklet kredittsjekk uten \u00e5 sende kopi til deg. N\u00e5r faktura er valgt som betalingsalternativ, leveres de bestilte varene til din adresse i folkeregisteret For Klarnas vilk\u00e5r om faktura som betalingsalternativ, <u><a href=\"https:\/\/www.klarna.com\/no\/vilkar\/\">klikk her<\/a>.<\/u>\r\n\r\n<strong><em>Delbetaling<\/em><\/strong>\r\n\r\nHvis du velger delbetaling som betalingsalternativ, velger du hvor mye du vil betale hver m\u00e5ned. Delbetaling h\u00e5ndteres av v\u00e5r partner, Klarna. Levering av varer i avdrag skjer kun til din folkeregisteradresse. For Klarnas vilk\u00e5r og betingelser for delbetaling som betalingsalternativ, <a href=\"https:\/\/www.klarna.com\/no\/vilkar\/\">klikk her<\/a>.\r\n\r\n<strong><em>Priser\r\n<\/em><\/strong>Alle priser hos <a href=\"http:\/\/www.ankarsrum.com\/no\">www.ankarsrum.com\/no<\/a> er oppgitt i NOK og inkluderer mva, merverdiavgiften er spesifisert p\u00e5 ordrebekreftelsen\/kvitteringen.\r\n\r\n<strong>Endring \/ kansellering\r\n<\/strong>For \u00e5 endre eller kansellere en bestilling, kontakt Nordic Brand Hub s\u00e5 raskt som mulig via post@brandhub.no eller p\u00e5 telefon +47 465 00 222. S\u00f8rg for \u00e5 referere til bestillingsnummeret ditt. Vi forbeholder oss retten til \u00e5 avsl\u00e5 en foresp\u00f8rsel om endring eller kansellering.\r\n\r\n<strong>Produktinformasjon og bilder<\/strong>\r\n\r\nHvis du har sp\u00f8rsm\u00e5l om et produkt, vennligst kontakt Nordic Brand Hub kundeservice for mer informasjon.\r\n\r\nAlt innhold p\u00e5 www.ankarsrum.com\/no eies av Ankarsrum Kitchen AB. Informasjonen er beskyttet av blant annet immaterielle rettigheter og markedsf\u00f8ringslover. Dette betyr at varemerker, firmanavn, produktnavn, bilder og grafikk, design, layout og informasjon om produkter, tjenester og annet innhold ikke kan kopieres eller brukes uten skriftlig forh\u00e5ndssamtykke fra Ankarsrum Kitchen.\r\n\r\n<strong>Gjeldende lov og tvister\r\n<\/strong>Tvister skal l\u00f8ses enten av Forbrukertilsynet eller EU-kommisjonen Online Dispute Resolution, eller til slutt av en alminnelig domstol.\r\n\r\nDisse vilk\u00e5rene skal tolkes i samsvar med norsk lov\r\n\r\nForbrukertilsynet, <a href=\"http:\/\/www.forbrukertilsynet.no\">www.forbrukertilsynet.no<\/a>\r\n\r\nPostboks 2862 Kj\u00f8rbekk, 3702 Skien\r\n\r\n<strong><em>EUs nettbaserte tvistel\u00f8sning (ODR<\/em>)<\/strong>\r\nDet er en europeisk nettbasert tvistel\u00f8sningsplattform levert av EU-kommisjonen for \u00e5 gj\u00f8re netthandel tryggere og mer rettferdig. Hvis du befinner deg i EU, Norge, Island eller Liechtenstein, kan du som forbruker bruke plattformen til \u00e5 finne den beste l\u00f8sningen p\u00e5 ditt forbrukerproblem, for \u00e5 diskutere en l\u00f8sning p\u00e5 problemet ditt direkte med oss, eller for \u00e5 akseptere et tvistel\u00f8sningsorgan for \u00e5 h\u00e5ndtere saken din.\r\n\r\nOnline tvistel\u00f8sningsplattformen er ikke tilknyttet Nordic Brand Hub eller Ankarsrum Kitchen. Du kan bruke plattformen for nettbasert tvistel\u00f8sning p\u00e5 alle EU-spr\u00e5k, islandsk og norsk. Mer informasjon om EUs ODR finner du her: <u>http:\/\/ec.europa.eu\/consumers\/odr<\/u>\r\n\r\n<strong>Endringer i disse vilk\u00e5rene og betingelsene\r\n<\/strong>Ankarsrum Kitchen forbeholder seg retten til \u00e5 gj\u00f8re endringer i vilk\u00e5rene og betingelsene. Endringer i vilk\u00e5rene vil bli kunngjort p\u00e5 www.ankarsrum.com\/no. De til enhver tid gjeldende vilk\u00e5rene er tilgjengelige p\u00e5 <a href=\"https:\/\/www.ankarsrum.com\/no\/salgsbetingelser\/\">https:\/\/www.ankarsrum.com\/no\/salgsbetingelser\/<\/a>\r\n\r\n<strong>Nordic Brand Hubs<\/strong> <strong>kundeservice\r\n<\/strong>Du kan kontakte Nordic Brand Hubs kundeservice hvis du har sp\u00f8rsm\u00e5l eller annet ang\u00e5ende selskapets vilk\u00e5r og betingelser, \u00f8nsker du r\u00e5d om produktvalg kan du ogs\u00e5 kontakte oss. Kontaktinformasjon til kundeservice finner du nedenfor.\r\n\r\n<strong>Tlf: <\/strong>+47 465 00 222\r\n\r\n<strong>E-post: <\/strong>post@brandhub.no","protected":false},"excerpt":{"rendered":"<p>Om Ankarsrum Kitchen AB. www.ankarsrum.com\/no. Kundeservice. Tlf:. E-post:. <\/p>\n","protected":false},"author":5,"featured_media":0,"parent":0,"menu_order":0,"comment_status":"closed","ping_status":"closed","template":"","meta":{"_acf_changed":false,"content-type":"","editor_notices":[],"footnotes":""},"class_list":["post-2938","page","type-page","status-publish","hentry"],"acf":[],"yoast_head":"<!-- This site is optimized with the Yoast SEO Premium plugin v26.6 (Yoast SEO v26.6) - https:\/\/yoast.com\/wordpress\/plugins\/seo\/ -->\n<title>Salgsbetingelser | Ankarsrum kj\u00f8kkenmaskin<\/title>\n<meta name=\"description\" content=\"Les salgsbetingelser for kj\u00f8p av Ankarsrum kj\u00f8kkenmaskin, med informasjon om bestilling, betaling, levering og angrerett.\" \/>\n<meta name=\"robots\" content=\"index, follow, max-snippet:-1, max-image-preview:large, max-video-preview:-1\" \/>\n<link rel=\"canonical\" href=\"https:\/\/www.ankarsrum.com\/no\/salgsbetingelser\/\" \/>\n<meta property=\"og:locale\" content=\"nb_NO\" \/>\n<meta property=\"og:type\" content=\"article\" \/>\n<meta property=\"og:title\" content=\"Salgsbetingelser\" \/>\n<meta property=\"og:description\" content=\"Les salgsbetingelser for kj\u00f8p av Ankarsrum kj\u00f8kkenmaskin, med informasjon om bestilling, betaling, levering og angrerett.\" \/>\n<meta property=\"og:url\" content=\"https:\/\/www.ankarsrum.com\/no\/salgsbetingelser\/\" \/>\n<meta property=\"og:site_name\" content=\"Ankarsrum Norway\" \/>\n<meta property=\"article:modified_time\" content=\"2026-01-21T06:41:48+00:00\" \/>\n<meta name=\"twitter:card\" content=\"summary_large_image\" \/>\n<meta name=\"twitter:label1\" content=\"Ansl. lesetid\" \/>\n\t<meta name=\"twitter:data1\" content=\"10 minutter\" \/>\n<script type=\"application\/ld+json\" class=\"yoast-schema-graph\">{\"@context\":\"https:\/\/schema.org\",\"@graph\":[{\"@type\":\"WebPage\",\"@id\":\"https:\/\/www.ankarsrum.com\/no\/salgsbetingelser\/\",\"url\":\"https:\/\/www.ankarsrum.com\/no\/salgsbetingelser\/\",\"name\":\"Salgsbetingelser | Ankarsrum kj\u00f8kkenmaskin\",\"isPartOf\":{\"@id\":\"https:\/\/www.ankarsrum.com\/no\/#website\"},\"datePublished\":\"2019-08-26T08:52:21+00:00\",\"dateModified\":\"2026-01-21T06:41:48+00:00\",\"description\":\"Les salgsbetingelser for kj\u00f8p av Ankarsrum kj\u00f8kkenmaskin, med informasjon om bestilling, betaling, levering og angrerett.\",\"breadcrumb\":{\"@id\":\"https:\/\/www.ankarsrum.com\/no\/salgsbetingelser\/#breadcrumb\"},\"inLanguage\":\"nb-NO\",\"potentialAction\":[{\"@type\":\"ReadAction\",\"target\":[\"https:\/\/www.ankarsrum.com\/no\/salgsbetingelser\/\"]}]},{\"@type\":\"BreadcrumbList\",\"@id\":\"https:\/\/www.ankarsrum.com\/no\/salgsbetingelser\/#breadcrumb\",\"itemListElement\":[{\"@type\":\"ListItem\",\"position\":1,\"name\":\"Home\",\"item\":\"https:\/\/www.ankarsrum.com\/no\/\"},{\"@type\":\"ListItem\",\"position\":2,\"name\":\"Salgsbetingelser\"}]},{\"@type\":\"WebSite\",\"@id\":\"https:\/\/www.ankarsrum.com\/no\/#website\",\"url\":\"https:\/\/www.ankarsrum.com\/no\/\",\"name\":\"Ankarsrum Norway\",\"description\":\"The bread of the world\",\"potentialAction\":[{\"@type\":\"SearchAction\",\"target\":{\"@type\":\"EntryPoint\",\"urlTemplate\":\"https:\/\/www.ankarsrum.com\/no\/?s={search_term_string}\"},\"query-input\":{\"@type\":\"PropertyValueSpecification\",\"valueRequired\":true,\"valueName\":\"search_term_string\"}}],\"inLanguage\":\"nb-NO\"}]}<\/script>\n<!-- \/ Yoast SEO Premium plugin. -->","yoast_head_json":{"title":"Salgsbetingelser | Ankarsrum kj\u00f8kkenmaskin","description":"Les salgsbetingelser for kj\u00f8p av Ankarsrum kj\u00f8kkenmaskin, med informasjon om bestilling, betaling, levering og angrerett.","robots":{"index":"index","follow":"follow","max-snippet":"max-snippet:-1","max-image-preview":"max-image-preview:large","max-video-preview":"max-video-preview:-1"},"canonical":"https:\/\/www.ankarsrum.com\/no\/salgsbetingelser\/","og_locale":"nb_NO","og_type":"article","og_title":"Salgsbetingelser","og_description":"Les salgsbetingelser for kj\u00f8p av Ankarsrum kj\u00f8kkenmaskin, med informasjon om bestilling, betaling, levering og angrerett.","og_url":"https:\/\/www.ankarsrum.com\/no\/salgsbetingelser\/","og_site_name":"Ankarsrum Norway","article_modified_time":"2026-01-21T06:41:48+00:00","twitter_card":"summary_large_image","twitter_misc":{"Ansl. lesetid":"10 minutter"},"schema":{"@context":"https:\/\/schema.org","@graph":[{"@type":"WebPage","@id":"https:\/\/www.ankarsrum.com\/no\/salgsbetingelser\/","url":"https:\/\/www.ankarsrum.com\/no\/salgsbetingelser\/","name":"Salgsbetingelser | Ankarsrum kj\u00f8kkenmaskin","isPartOf":{"@id":"https:\/\/www.ankarsrum.com\/no\/#website"},"datePublished":"2019-08-26T08:52:21+00:00","dateModified":"2026-01-21T06:41:48+00:00","description":"Les salgsbetingelser for kj\u00f8p av Ankarsrum kj\u00f8kkenmaskin, med informasjon om bestilling, betaling, levering og angrerett.","breadcrumb":{"@id":"https:\/\/www.ankarsrum.com\/no\/salgsbetingelser\/#breadcrumb"},"inLanguage":"nb-NO","potentialAction":[{"@type":"ReadAction","target":["https:\/\/www.ankarsrum.com\/no\/salgsbetingelser\/"]}]},{"@type":"BreadcrumbList","@id":"https:\/\/www.ankarsrum.com\/no\/salgsbetingelser\/#breadcrumb","itemListElement":[{"@type":"ListItem","position":1,"name":"Home","item":"https:\/\/www.ankarsrum.com\/no\/"},{"@type":"ListItem","position":2,"name":"Salgsbetingelser"}]},{"@type":"WebSite","@id":"https:\/\/www.ankarsrum.com\/no\/#website","url":"https:\/\/www.ankarsrum.com\/no\/","name":"Ankarsrum Norway","description":"The bread of the world","potentialAction":[{"@type":"SearchAction","target":{"@type":"EntryPoint","urlTemplate":"https:\/\/www.ankarsrum.com\/no\/?s={search_term_string}"},"query-input":{"@type":"PropertyValueSpecification","valueRequired":true,"valueName":"search_term_string"}}],"inLanguage":"nb-NO"}]}},"_links":{"self":[{"href":"https:\/\/www.ankarsrum.com\/no\/wp-json\/wp\/v2\/pages\/2938","targetHints":{"allow":["GET"]}}],"collection":[{"href":"https:\/\/www.ankarsrum.com\/no\/wp-json\/wp\/v2\/pages"}],"about":[{"href":"https:\/\/www.ankarsrum.com\/no\/wp-json\/wp\/v2\/types\/page"}],"author":[{"embeddable":true,"href":"https:\/\/www.ankarsrum.com\/no\/wp-json\/wp\/v2\/users\/5"}],"replies":[{"embeddable":true,"href":"https:\/\/www.ankarsrum.com\/no\/wp-json\/wp\/v2\/comments?post=2938"}],"version-history":[{"count":5,"href":"https:\/\/www.ankarsrum.com\/no\/wp-json\/wp\/v2\/pages\/2938\/revisions"}],"predecessor-version":[{"id":18490,"href":"https:\/\/www.ankarsrum.com\/no\/wp-json\/wp\/v2\/pages\/2938\/revisions\/18490"}],"wp:attachment":[{"href":"https:\/\/www.ankarsrum.com\/no\/wp-json\/wp\/v2\/media?parent=2938"}],"curies":[{"name":"wp","href":"https:\/\/api.w.org\/{rel}","templated":true}]}}