{"id":6306,"date":"2021-06-22T11:17:47","date_gmt":"2021-06-22T11:17:47","guid":{"rendered":"https:\/\/www.ankarsrum.com\/no\/?page_id=6306"},"modified":"2025-10-29T21:38:29","modified_gmt":"2025-10-29T20:38:29","slug":"garantiregler","status":"publish","type":"page","link":"https:\/\/www.ankarsrum.com\/no\/garantiregler\/","title":{"rendered":"Garantiregler"},"content":{"rendered":"Maskinen har 7 \u00e5rs fabrikkgaranti som omfatter selve maskinen uten den rustfrie eltebollen og annet tilbeh\u00f8r. Alle maskiner har fem \u00e5rs reklamasjonsrett, utvidet garantiperiode p\u00e5 7 \u00e5r gjelder for maskiner som er registrert her. Garantien gjelder bare for maskiner som er brukt i egen husholdning, og n\u00e5r brukeren har fulgt instruksjonene i bruksanvisningen. Garantien gjelder ikke for transportskader eller ved feil eller uforsiktig bruk eller kommersiell bruk. Garantien gjelder heller ikke ved feilaktig stell. Maskinen m\u00e5 ikke brukes til annet enn det den er ment for. For at garantien skal gjelde, m\u00e5 maskinen ikke \u00e5pnes eller p\u00e5 annen m\u00e5te repareres av andre enn distribut\u00f8ren eller av et servicested godkjent av distribut\u00f8ren.","protected":false},"excerpt":{"rendered":"<p>Maskinen har 7 \u00e5rs fabrikkgaranti som omfatter selve maskinen uten den rustfrie eltebollen og annet tilbeh\u00f8r<\/p>\n","protected":false},"author":23,"featured_media":0,"parent":0,"menu_order":0,"comment_status":"closed","ping_status":"closed","template":"","meta":{"_acf_changed":false,"content-type":"","editor_notices":[],"footnotes":""},"class_list":["post-6306","page","type-page","status-publish","hentry"],"acf":[],"yoast_head":"<!-- This site is optimized with the Yoast SEO Premium plugin v26.6 (Yoast SEO v26.6) - https:\/\/yoast.com\/wordpress\/plugins\/seo\/ -->\n<title>Garantiregler \u2013 7 \u00e5rs fabrikkgaranti fra Ankarsrum<\/title>\n<meta name=\"description\" content=\"Maskinen har 7 \u00e5rs fabrikkgaranti for selve enheten (uten bolle og tilbeh\u00f8r). Gjelder kun husholdningsbruk og riktig bruk.\" \/>\n<meta name=\"robots\" content=\"index, follow, max-snippet:-1, max-image-preview:large, max-video-preview:-1\" \/>\n<link rel=\"canonical\" href=\"https:\/\/www.ankarsrum.com\/no\/garantiregler\/\" \/>\n<meta property=\"og:locale\" content=\"nb_NO\" \/>\n<meta property=\"og:type\" content=\"article\" \/>\n<meta property=\"og:title\" content=\"Garantiregler\" \/>\n<meta property=\"og:description\" content=\"Maskinen har 7 \u00e5rs fabrikkgaranti for selve enheten (uten bolle og tilbeh\u00f8r). Gjelder kun husholdningsbruk og riktig bruk.\" \/>\n<meta property=\"og:url\" content=\"https:\/\/www.ankarsrum.com\/no\/garantiregler\/\" \/>\n<meta property=\"og:site_name\" content=\"Ankarsrum Norway\" \/>\n<meta property=\"article:modified_time\" content=\"2025-10-29T20:38:29+00:00\" \/>\n<meta name=\"twitter:card\" content=\"summary_large_image\" \/>\n<meta name=\"twitter:label1\" content=\"Ansl. lesetid\" \/>\n\t<meta name=\"twitter:data1\" content=\"1 minutt\" \/>\n<script type=\"application\/ld+json\" class=\"yoast-schema-graph\">{\"@context\":\"https:\/\/schema.org\",\"@graph\":[{\"@type\":\"WebPage\",\"@id\":\"https:\/\/www.ankarsrum.com\/no\/garantiregler\/\",\"url\":\"https:\/\/www.ankarsrum.com\/no\/garantiregler\/\",\"name\":\"Garantiregler \u2013 7 \u00e5rs fabrikkgaranti fra Ankarsrum\",\"isPartOf\":{\"@id\":\"https:\/\/www.ankarsrum.com\/no\/#website\"},\"datePublished\":\"2021-06-22T11:17:47+00:00\",\"dateModified\":\"2025-10-29T20:38:29+00:00\",\"description\":\"Maskinen har 7 \u00e5rs fabrikkgaranti for selve enheten (uten bolle og tilbeh\u00f8r). Gjelder kun husholdningsbruk og riktig bruk.\",\"breadcrumb\":{\"@id\":\"https:\/\/www.ankarsrum.com\/no\/garantiregler\/#breadcrumb\"},\"inLanguage\":\"nb-NO\",\"potentialAction\":[{\"@type\":\"ReadAction\",\"target\":[\"https:\/\/www.ankarsrum.com\/no\/garantiregler\/\"]}]},{\"@type\":\"BreadcrumbList\",\"@id\":\"https:\/\/www.ankarsrum.com\/no\/garantiregler\/#breadcrumb\",\"itemListElement\":[{\"@type\":\"ListItem\",\"position\":1,\"name\":\"Home\",\"item\":\"https:\/\/www.ankarsrum.com\/no\/\"},{\"@type\":\"ListItem\",\"position\":2,\"name\":\"Garantiregler\"}]},{\"@type\":\"WebSite\",\"@id\":\"https:\/\/www.ankarsrum.com\/no\/#website\",\"url\":\"https:\/\/www.ankarsrum.com\/no\/\",\"name\":\"Ankarsrum Norway\",\"description\":\"The bread of the world\",\"potentialAction\":[{\"@type\":\"SearchAction\",\"target\":{\"@type\":\"EntryPoint\",\"urlTemplate\":\"https:\/\/www.ankarsrum.com\/no\/?s={search_term_string}\"},\"query-input\":{\"@type\":\"PropertyValueSpecification\",\"valueRequired\":true,\"valueName\":\"search_term_string\"}}],\"inLanguage\":\"nb-NO\"}]}<\/script>\n<!-- \/ Yoast SEO Premium plugin. -->","yoast_head_json":{"title":"Garantiregler \u2013 7 \u00e5rs fabrikkgaranti fra Ankarsrum","description":"Maskinen har 7 \u00e5rs fabrikkgaranti for selve enheten (uten bolle og tilbeh\u00f8r). Gjelder kun husholdningsbruk og riktig bruk.","robots":{"index":"index","follow":"follow","max-snippet":"max-snippet:-1","max-image-preview":"max-image-preview:large","max-video-preview":"max-video-preview:-1"},"canonical":"https:\/\/www.ankarsrum.com\/no\/garantiregler\/","og_locale":"nb_NO","og_type":"article","og_title":"Garantiregler","og_description":"Maskinen har 7 \u00e5rs fabrikkgaranti for selve enheten (uten bolle og tilbeh\u00f8r). Gjelder kun husholdningsbruk og riktig bruk.","og_url":"https:\/\/www.ankarsrum.com\/no\/garantiregler\/","og_site_name":"Ankarsrum Norway","article_modified_time":"2025-10-29T20:38:29+00:00","twitter_card":"summary_large_image","twitter_misc":{"Ansl. lesetid":"1 minutt"},"schema":{"@context":"https:\/\/schema.org","@graph":[{"@type":"WebPage","@id":"https:\/\/www.ankarsrum.com\/no\/garantiregler\/","url":"https:\/\/www.ankarsrum.com\/no\/garantiregler\/","name":"Garantiregler \u2013 7 \u00e5rs fabrikkgaranti fra Ankarsrum","isPartOf":{"@id":"https:\/\/www.ankarsrum.com\/no\/#website"},"datePublished":"2021-06-22T11:17:47+00:00","dateModified":"2025-10-29T20:38:29+00:00","description":"Maskinen har 7 \u00e5rs fabrikkgaranti for selve enheten (uten bolle og tilbeh\u00f8r). Gjelder kun husholdningsbruk og riktig bruk.","breadcrumb":{"@id":"https:\/\/www.ankarsrum.com\/no\/garantiregler\/#breadcrumb"},"inLanguage":"nb-NO","potentialAction":[{"@type":"ReadAction","target":["https:\/\/www.ankarsrum.com\/no\/garantiregler\/"]}]},{"@type":"BreadcrumbList","@id":"https:\/\/www.ankarsrum.com\/no\/garantiregler\/#breadcrumb","itemListElement":[{"@type":"ListItem","position":1,"name":"Home","item":"https:\/\/www.ankarsrum.com\/no\/"},{"@type":"ListItem","position":2,"name":"Garantiregler"}]},{"@type":"WebSite","@id":"https:\/\/www.ankarsrum.com\/no\/#website","url":"https:\/\/www.ankarsrum.com\/no\/","name":"Ankarsrum Norway","description":"The bread of the world","potentialAction":[{"@type":"SearchAction","target":{"@type":"EntryPoint","urlTemplate":"https:\/\/www.ankarsrum.com\/no\/?s={search_term_string}"},"query-input":{"@type":"PropertyValueSpecification","valueRequired":true,"valueName":"search_term_string"}}],"inLanguage":"nb-NO"}]}},"_links":{"self":[{"href":"https:\/\/www.ankarsrum.com\/no\/wp-json\/wp\/v2\/pages\/6306","targetHints":{"allow":["GET"]}}],"collection":[{"href":"https:\/\/www.ankarsrum.com\/no\/wp-json\/wp\/v2\/pages"}],"about":[{"href":"https:\/\/www.ankarsrum.com\/no\/wp-json\/wp\/v2\/types\/page"}],"author":[{"embeddable":true,"href":"https:\/\/www.ankarsrum.com\/no\/wp-json\/wp\/v2\/users\/23"}],"replies":[{"embeddable":true,"href":"https:\/\/www.ankarsrum.com\/no\/wp-json\/wp\/v2\/comments?post=6306"}],"version-history":[{"count":3,"href":"https:\/\/www.ankarsrum.com\/no\/wp-json\/wp\/v2\/pages\/6306\/revisions"}],"predecessor-version":[{"id":16875,"href":"https:\/\/www.ankarsrum.com\/no\/wp-json\/wp\/v2\/pages\/6306\/revisions\/16875"}],"wp:attachment":[{"href":"https:\/\/www.ankarsrum.com\/no\/wp-json\/wp\/v2\/media?parent=6306"}],"curies":[{"name":"wp","href":"https:\/\/api.w.org\/{rel}","templated":true}]}}