{"id":779,"date":"2019-01-28T14:09:23","date_gmt":"2019-01-28T14:09:23","guid":{"rendered":"https:\/\/www.ankarsrum.com\/?page_id=779"},"modified":"2025-10-29T21:32:10","modified_gmt":"2025-10-29T20:32:10","slug":"kontakt-oss","status":"publish","type":"page","link":"https:\/\/www.ankarsrum.com\/no\/kontakt-oss\/","title":{"rendered":"Kontakt oss"},"content":{"rendered":"","protected":false},"excerpt":{"rendered":"","protected":false},"author":5,"featured_media":0,"parent":0,"menu_order":0,"comment_status":"closed","ping_status":"closed","template":"template-blocks.php","meta":{"_acf_changed":false,"content-type":"","editor_notices":[],"footnotes":""},"class_list":["post-779","page","type-page","status-publish","hentry"],"acf":[],"yoast_head":"<!-- This site is optimized with the Yoast SEO Premium plugin v26.6 (Yoast SEO v26.6) - https:\/\/yoast.com\/wordpress\/plugins\/seo\/ -->\n<title>Kontakt Ankarsrum \u2013 vi hjelper deg gjerne<\/title>\n<meta name=\"description\" content=\"Kontakt oss gjerne hvis du har sp\u00f8rsm\u00e5l om produktene v\u00e5re, for \u00e5 f\u00e5 brukertips eller informasjon om hvor du kan kj\u00f8pe kj\u00f8kkenmaskinen.\" \/>\n<meta name=\"robots\" content=\"index, follow, max-snippet:-1, max-image-preview:large, max-video-preview:-1\" \/>\n<link rel=\"canonical\" href=\"https:\/\/www.ankarsrum.com\/no\/kontakt-oss\/\" \/>\n<meta property=\"og:locale\" content=\"nb_NO\" \/>\n<meta property=\"og:type\" content=\"article\" \/>\n<meta property=\"og:title\" content=\"Kontakt oss\" \/>\n<meta property=\"og:description\" content=\"Kontakt oss gjerne hvis du har sp\u00f8rsm\u00e5l om produktene v\u00e5re, for \u00e5 f\u00e5 brukertips eller informasjon om hvor du kan kj\u00f8pe kj\u00f8kkenmaskinen.\" \/>\n<meta property=\"og:url\" content=\"https:\/\/www.ankarsrum.com\/no\/kontakt-oss\/\" \/>\n<meta property=\"og:site_name\" content=\"Ankarsrum Norway\" \/>\n<meta property=\"article:modified_time\" content=\"2025-10-29T20:32:10+00:00\" \/>\n<meta name=\"twitter:card\" content=\"summary_large_image\" \/>\n<script type=\"application\/ld+json\" class=\"yoast-schema-graph\">{\"@context\":\"https:\/\/schema.org\",\"@graph\":[{\"@type\":\"WebPage\",\"@id\":\"https:\/\/www.ankarsrum.com\/no\/kontakt-oss\/\",\"url\":\"https:\/\/www.ankarsrum.com\/no\/kontakt-oss\/\",\"name\":\"Kontakt Ankarsrum \u2013 vi hjelper deg gjerne\",\"isPartOf\":{\"@id\":\"https:\/\/www.ankarsrum.com\/no\/#website\"},\"datePublished\":\"2019-01-28T14:09:23+00:00\",\"dateModified\":\"2025-10-29T20:32:10+00:00\",\"description\":\"Kontakt oss gjerne hvis du har sp\u00f8rsm\u00e5l om produktene v\u00e5re, for \u00e5 f\u00e5 brukertips eller informasjon om hvor du kan kj\u00f8pe kj\u00f8kkenmaskinen.\",\"breadcrumb\":{\"@id\":\"https:\/\/www.ankarsrum.com\/no\/kontakt-oss\/#breadcrumb\"},\"inLanguage\":\"nb-NO\",\"potentialAction\":[{\"@type\":\"ReadAction\",\"target\":[\"https:\/\/www.ankarsrum.com\/no\/kontakt-oss\/\"]}]},{\"@type\":\"BreadcrumbList\",\"@id\":\"https:\/\/www.ankarsrum.com\/no\/kontakt-oss\/#breadcrumb\",\"itemListElement\":[{\"@type\":\"ListItem\",\"position\":1,\"name\":\"Home\",\"item\":\"https:\/\/www.ankarsrum.com\/no\/\"},{\"@type\":\"ListItem\",\"position\":2,\"name\":\"Kontakt oss\"}]},{\"@type\":\"WebSite\",\"@id\":\"https:\/\/www.ankarsrum.com\/no\/#website\",\"url\":\"https:\/\/www.ankarsrum.com\/no\/\",\"name\":\"Ankarsrum Norway\",\"description\":\"The bread of the world\",\"potentialAction\":[{\"@type\":\"SearchAction\",\"target\":{\"@type\":\"EntryPoint\",\"urlTemplate\":\"https:\/\/www.ankarsrum.com\/no\/?s={search_term_string}\"},\"query-input\":{\"@type\":\"PropertyValueSpecification\",\"valueRequired\":true,\"valueName\":\"search_term_string\"}}],\"inLanguage\":\"nb-NO\"}]}<\/script>\n<!-- \/ Yoast SEO Premium plugin. -->","yoast_head_json":{"title":"Kontakt Ankarsrum \u2013 vi hjelper deg gjerne","description":"Kontakt oss gjerne hvis du har sp\u00f8rsm\u00e5l om produktene v\u00e5re, for \u00e5 f\u00e5 brukertips eller informasjon om hvor du kan kj\u00f8pe kj\u00f8kkenmaskinen.","robots":{"index":"index","follow":"follow","max-snippet":"max-snippet:-1","max-image-preview":"max-image-preview:large","max-video-preview":"max-video-preview:-1"},"canonical":"https:\/\/www.ankarsrum.com\/no\/kontakt-oss\/","og_locale":"nb_NO","og_type":"article","og_title":"Kontakt oss","og_description":"Kontakt oss gjerne hvis du har sp\u00f8rsm\u00e5l om produktene v\u00e5re, for \u00e5 f\u00e5 brukertips eller informasjon om hvor du kan kj\u00f8pe kj\u00f8kkenmaskinen.","og_url":"https:\/\/www.ankarsrum.com\/no\/kontakt-oss\/","og_site_name":"Ankarsrum Norway","article_modified_time":"2025-10-29T20:32:10+00:00","twitter_card":"summary_large_image","schema":{"@context":"https:\/\/schema.org","@graph":[{"@type":"WebPage","@id":"https:\/\/www.ankarsrum.com\/no\/kontakt-oss\/","url":"https:\/\/www.ankarsrum.com\/no\/kontakt-oss\/","name":"Kontakt Ankarsrum \u2013 vi hjelper deg gjerne","isPartOf":{"@id":"https:\/\/www.ankarsrum.com\/no\/#website"},"datePublished":"2019-01-28T14:09:23+00:00","dateModified":"2025-10-29T20:32:10+00:00","description":"Kontakt oss gjerne hvis du har sp\u00f8rsm\u00e5l om produktene v\u00e5re, for \u00e5 f\u00e5 brukertips eller informasjon om hvor du kan kj\u00f8pe kj\u00f8kkenmaskinen.","breadcrumb":{"@id":"https:\/\/www.ankarsrum.com\/no\/kontakt-oss\/#breadcrumb"},"inLanguage":"nb-NO","potentialAction":[{"@type":"ReadAction","target":["https:\/\/www.ankarsrum.com\/no\/kontakt-oss\/"]}]},{"@type":"BreadcrumbList","@id":"https:\/\/www.ankarsrum.com\/no\/kontakt-oss\/#breadcrumb","itemListElement":[{"@type":"ListItem","position":1,"name":"Home","item":"https:\/\/www.ankarsrum.com\/no\/"},{"@type":"ListItem","position":2,"name":"Kontakt oss"}]},{"@type":"WebSite","@id":"https:\/\/www.ankarsrum.com\/no\/#website","url":"https:\/\/www.ankarsrum.com\/no\/","name":"Ankarsrum Norway","description":"The bread of the world","potentialAction":[{"@type":"SearchAction","target":{"@type":"EntryPoint","urlTemplate":"https:\/\/www.ankarsrum.com\/no\/?s={search_term_string}"},"query-input":{"@type":"PropertyValueSpecification","valueRequired":true,"valueName":"search_term_string"}}],"inLanguage":"nb-NO"}]}},"_links":{"self":[{"href":"https:\/\/www.ankarsrum.com\/no\/wp-json\/wp\/v2\/pages\/779","targetHints":{"allow":["GET"]}}],"collection":[{"href":"https:\/\/www.ankarsrum.com\/no\/wp-json\/wp\/v2\/pages"}],"about":[{"href":"https:\/\/www.ankarsrum.com\/no\/wp-json\/wp\/v2\/types\/page"}],"author":[{"embeddable":true,"href":"https:\/\/www.ankarsrum.com\/no\/wp-json\/wp\/v2\/users\/5"}],"replies":[{"embeddable":true,"href":"https:\/\/www.ankarsrum.com\/no\/wp-json\/wp\/v2\/comments?post=779"}],"version-history":[{"count":7,"href":"https:\/\/www.ankarsrum.com\/no\/wp-json\/wp\/v2\/pages\/779\/revisions"}],"predecessor-version":[{"id":11622,"href":"https:\/\/www.ankarsrum.com\/no\/wp-json\/wp\/v2\/pages\/779\/revisions\/11622"}],"wp:attachment":[{"href":"https:\/\/www.ankarsrum.com\/no\/wp-json\/wp\/v2\/media?parent=779"}],"curies":[{"name":"wp","href":"https:\/\/api.w.org\/{rel}","templated":true}]}}