{"id":99,"date":"2018-12-11T10:28:24","date_gmt":"2018-12-11T10:28:24","guid":{"rendered":"https:\/\/www.ankarsrum.com\/?page_id=99"},"modified":"2026-01-21T09:54:52","modified_gmt":"2026-01-21T08:54:52","slug":"privacy-page","status":"publish","type":"page","link":"https:\/\/www.ankarsrum.com\/no\/privacy-page\/","title":{"rendered":"Privacy Page"},"content":{"rendered":"<h2>PERSONVERNSSPOLICY ANKARSRUM KITCHEN AB<\/h2>\r\nAnkarsrum Kitchen AB (Ankarsrum) har antatt f\u00f8lgende personvernspolicy i egenskap av personvernsansvarlig. Denne personvernspolicyen omfatter alle personopsninger som bedriften mottar fra eller p\u00e5 vegne av kunder inklusive B2B-kunder, leverand\u00f8rer samt andre som Ankarsrum har forretningsrelasjoner med.\r\n\r\nPolicyen gir informasjon om all form av personlige opplysninger hvor Ankarsrum er personvernsansvarlig. Personopplysninger er alle opplysninger som direkte eller indirekte kan identifisere en n\u00e5levende person. Spesielle h\u00e5ndteringsmaler og retningslinjer kan ogs\u00e5 forekomme. Obligatoriske lover og forskrifter p\u00e5 steder der Ankarsrum driver virksomhet m\u00e5 alltid f\u00f8lges og prioriteres hvis konflikt eller avvik fra denne personvernspolicyen identifiseres.\r\n<h3>PERSONUPPGIFTER SOM ANKARSRUM BEHANDLAR:<\/h3>\r\nAnkarsrum kan komma til \u00e5 behandla f\u00f8lgende opplysninger om kunder\/forbrukere:\r\nVed kj\u00f8p via Ankarsrums webshop kommer f\u00f8lgende opplysninger \u00e5 ettersp\u00f8rres og behandles;<em> Navn, Adresse, telefonnummer og e-post.<\/em>\r\n\r\n<em>Personopplysninger oppbevares ikke lengre enn n\u00f8dvendig med hensyn til form\u00e5let med behandlingen. For \u00e5 kunne oppfylle v\u00e5r garantiordning for forbruker lagrer vi personopplysninger i 7 \u00e5r.<\/em>\r\n\r\nVed garantiregistrering av nyinnkj\u00f8pt maskin innhentes f\u00f8lgende personopplysninger: <em>Produkt- og serienummer, kj\u00f8psdato, ikj\u00f8psted, navn, adresse, telefonnummer, e-post og land.<\/em>\r\n\r\nVed \u00e5 oppgi disse opplysningene samtykker kunden \u00e5 motta informasjon og tilbud fra Ankarsrum, ikke direkte koblet mot selve garantien.\r\n\r\n<em>Ankarsrum distribuerer ikke disse data videre til noen annen person eller organisasjon.<\/em>\r\n<h3>DEN RETTSLIGE GRUNNEN FOR BEHANDLINGEN<\/h3>\r\nDen rettslige grunnen for behandlingen av personopplysninger ved kj\u00f8p av produkter fra Ankarsrum er at det er n\u00f8dvendig for oppfyllelse av avtalen. Den rettslige grunnen <span title=\"\">best\u00e5r ogs\u00e5 av at selskapet som f\u00f8lge av lov eller andre forskrifter er forpliktet til \u00e5 behandle personopplysninger p\u00e5 en bestemt m\u00e5te, f.eks.<\/span> <span title=\"\">i forhold til skattekontoret eller forsikringsselskapet.<\/span>\r\n<h3>HVORDAN BESKYTTES PERSONOPPLYSNINGER OG HVILKE HAR TILGANG TIL DEM<\/h3>\r\n<span title=\"\">Ankarsrum bruker passende tekniske og organisatoriske sikkerhetstiltak for \u00e5 beskytte personopplysninger mot blant annet<\/span> <span title=\"\">tap, misbruk og uautorisert tilgang.<\/span> <span title=\"\">Bare personer i Ankarsrum som gjennom deres arbeidsoppgaver m\u00e5 behandle personopplysningene i samsvar med ovennevnte form\u00e5l, har tilgang til dem.<\/span> <span title=\"\">Alle personopplysninger som samles inn behandles i Sverige.<\/span>\r\n<h3>RETTIGHETER<\/h3>\r\n<span title=\"\">De som registrere seg har blant annet rett til \u00e5 f\u00e5 tilgang til deres personopplysninger, kreve korreksjon av personopplysninger, motsette seg behandling av personopplysninger, krever at behandling av personopplysninger begrenses, eller at sletting av personopplysninger behandles av selskapet i samsvar med rettighetene som f\u00f8lger av personopplysningsloven.<\/span> <span title=\"\">Disse rettighetene kan v\u00e6re begrenset av andre bestemmelser i personopplysningsloven.<\/span>\r\n<h3>PERSONOPPLYSNINGER B2B-KUNDER, LEVERAND\u00d8RER OG ANDRE FORRETNINGSRELASJONER<\/h3>\r\nDa bedriften ikke har noe CRM-system er de personopplysninger som lagres begrenset til navn, e-post og telefonnummer til representanter for de bedrifter som vi har eksisterende eller potensielle forretningsmessige relasjoner til. Grunnen for behandlingen av eksisterende partneres\/leverand\u00f8rers personopplysninger er n\u00f8dvendig for oppfyllelse av en avtale. For at forretningsrelasjonen skal kunne fortsette m\u00e5 kontaktpersonene hos bedriftene kunne kontakte hverandre. Personopplysninger tilh\u00f8rende kontaktpersoner hos potensielle forretningsmessige relasjoner behandler vi med legitim interesse som grunnlag da det er i Ankarsrums interesse for \u00e5 kunne behandle nye relasjoner.\r\n<h3>ENDRINGER AV PERSONVERNSPOLICYEN<\/h3>\r\nAnkarsrum kan komme til \u00e5 gj\u00f8re endringer i denne personvernspolicyen. Datoen som er gitt angir n\u00e5r endringer i personvernspolicyen sist ble gjort. Om mer inngripende forandringer skjer kommer kunder\/forbrukere \u00e5 informeres spesielt.\r\n<h3>KONTAKTPOPPLYSNINGER<\/h3>\r\nAnkarsrum Kitchen AB\r\nOrg. nr.: 556757-6300\r\nAdresse: Bruksv\u00e4gen 1\r\n593 70 Ankarsrum\r\nE-post: <a href=\"mailto:info@ankarsrum.com\">info@ankarsrum.com<\/a>\r\n\r\nAnkarsrum Kitchen AB er personvernsansvarlig for behandlingen av samtlige registrertes personopplysninger. Dette inneb\u00e6rer at Ankarsrum er ansvarlig for at de registrertes personopplysninger behandles korrekt og i henhold til gjeldende personopplysningslovgivning.","protected":false},"excerpt":{"rendered":"<p>PERSONVERNSSPOLICY ANKARSRUM KITCHEN AB. PERSONUPPGIFTER SOM ANKARSRUM BEHANDLAR:. Navn Adresse telefonnummer og e-post.. Personopplysninger oppbevares ikke lengre enn n\u00f8dvendig med&hellip;<\/p>\n","protected":false},"author":26,"featured_media":0,"parent":0,"menu_order":0,"comment_status":"closed","ping_status":"closed","template":"","meta":{"_acf_changed":false,"content-type":"","editor_notices":[],"footnotes":""},"class_list":["post-99","page","type-page","status-publish","hentry"],"acf":[],"yoast_head":"<!-- This site is optimized with the Yoast SEO Premium plugin v26.6 (Yoast SEO v26.6) - https:\/\/yoast.com\/wordpress\/plugins\/seo\/ -->\n<title>Personvern | Ankarsrum kj\u00f8kkenmaskin<\/title>\n<meta name=\"description\" content=\"Les personvernerkl\u00e6ringen for Ankarsrum kj\u00f8kkenmaskin, med informasjon om hvordan personopplysninger behandles og lagres.\" \/>\n<meta name=\"robots\" content=\"index, follow, max-snippet:-1, max-image-preview:large, max-video-preview:-1\" \/>\n<link rel=\"canonical\" href=\"https:\/\/www.ankarsrum.com\/no\/privacy-page\/\" \/>\n<meta property=\"og:locale\" content=\"nb_NO\" \/>\n<meta property=\"og:type\" content=\"article\" \/>\n<meta property=\"og:title\" content=\"Privacy Page\" \/>\n<meta property=\"og:description\" content=\"Les personvernerkl\u00e6ringen for Ankarsrum kj\u00f8kkenmaskin, med informasjon om hvordan personopplysninger behandles og lagres.\" \/>\n<meta property=\"og:url\" content=\"https:\/\/www.ankarsrum.com\/no\/privacy-page\/\" \/>\n<meta property=\"og:site_name\" content=\"Ankarsrum Norway\" \/>\n<meta property=\"article:modified_time\" content=\"2026-01-21T08:54:52+00:00\" \/>\n<meta name=\"twitter:card\" content=\"summary_large_image\" \/>\n<meta name=\"twitter:label1\" content=\"Ansl. lesetid\" \/>\n\t<meta name=\"twitter:data1\" content=\"3 minutter\" \/>\n<script type=\"application\/ld+json\" class=\"yoast-schema-graph\">{\"@context\":\"https:\/\/schema.org\",\"@graph\":[{\"@type\":\"WebPage\",\"@id\":\"https:\/\/www.ankarsrum.com\/no\/privacy-page\/\",\"url\":\"https:\/\/www.ankarsrum.com\/no\/privacy-page\/\",\"name\":\"Personvern | Ankarsrum kj\u00f8kkenmaskin\",\"isPartOf\":{\"@id\":\"https:\/\/www.ankarsrum.com\/no\/#website\"},\"datePublished\":\"2018-12-11T10:28:24+00:00\",\"dateModified\":\"2026-01-21T08:54:52+00:00\",\"description\":\"Les personvernerkl\u00e6ringen for Ankarsrum kj\u00f8kkenmaskin, med informasjon om hvordan personopplysninger behandles og lagres.\",\"breadcrumb\":{\"@id\":\"https:\/\/www.ankarsrum.com\/no\/privacy-page\/#breadcrumb\"},\"inLanguage\":\"nb-NO\",\"potentialAction\":[{\"@type\":\"ReadAction\",\"target\":[\"https:\/\/www.ankarsrum.com\/no\/privacy-page\/\"]}]},{\"@type\":\"BreadcrumbList\",\"@id\":\"https:\/\/www.ankarsrum.com\/no\/privacy-page\/#breadcrumb\",\"itemListElement\":[{\"@type\":\"ListItem\",\"position\":1,\"name\":\"Home\",\"item\":\"https:\/\/www.ankarsrum.com\/no\/\"},{\"@type\":\"ListItem\",\"position\":2,\"name\":\"Privacy Page\"}]},{\"@type\":\"WebSite\",\"@id\":\"https:\/\/www.ankarsrum.com\/no\/#website\",\"url\":\"https:\/\/www.ankarsrum.com\/no\/\",\"name\":\"Ankarsrum Norway\",\"description\":\"The bread of the world\",\"potentialAction\":[{\"@type\":\"SearchAction\",\"target\":{\"@type\":\"EntryPoint\",\"urlTemplate\":\"https:\/\/www.ankarsrum.com\/no\/?s={search_term_string}\"},\"query-input\":{\"@type\":\"PropertyValueSpecification\",\"valueRequired\":true,\"valueName\":\"search_term_string\"}}],\"inLanguage\":\"nb-NO\"}]}<\/script>\n<!-- \/ Yoast SEO Premium plugin. -->","yoast_head_json":{"title":"Personvern | Ankarsrum kj\u00f8kkenmaskin","description":"Les personvernerkl\u00e6ringen for Ankarsrum kj\u00f8kkenmaskin, med informasjon om hvordan personopplysninger behandles og lagres.","robots":{"index":"index","follow":"follow","max-snippet":"max-snippet:-1","max-image-preview":"max-image-preview:large","max-video-preview":"max-video-preview:-1"},"canonical":"https:\/\/www.ankarsrum.com\/no\/privacy-page\/","og_locale":"nb_NO","og_type":"article","og_title":"Privacy Page","og_description":"Les personvernerkl\u00e6ringen for Ankarsrum kj\u00f8kkenmaskin, med informasjon om hvordan personopplysninger behandles og lagres.","og_url":"https:\/\/www.ankarsrum.com\/no\/privacy-page\/","og_site_name":"Ankarsrum Norway","article_modified_time":"2026-01-21T08:54:52+00:00","twitter_card":"summary_large_image","twitter_misc":{"Ansl. lesetid":"3 minutter"},"schema":{"@context":"https:\/\/schema.org","@graph":[{"@type":"WebPage","@id":"https:\/\/www.ankarsrum.com\/no\/privacy-page\/","url":"https:\/\/www.ankarsrum.com\/no\/privacy-page\/","name":"Personvern | Ankarsrum kj\u00f8kkenmaskin","isPartOf":{"@id":"https:\/\/www.ankarsrum.com\/no\/#website"},"datePublished":"2018-12-11T10:28:24+00:00","dateModified":"2026-01-21T08:54:52+00:00","description":"Les personvernerkl\u00e6ringen for Ankarsrum kj\u00f8kkenmaskin, med informasjon om hvordan personopplysninger behandles og lagres.","breadcrumb":{"@id":"https:\/\/www.ankarsrum.com\/no\/privacy-page\/#breadcrumb"},"inLanguage":"nb-NO","potentialAction":[{"@type":"ReadAction","target":["https:\/\/www.ankarsrum.com\/no\/privacy-page\/"]}]},{"@type":"BreadcrumbList","@id":"https:\/\/www.ankarsrum.com\/no\/privacy-page\/#breadcrumb","itemListElement":[{"@type":"ListItem","position":1,"name":"Home","item":"https:\/\/www.ankarsrum.com\/no\/"},{"@type":"ListItem","position":2,"name":"Privacy Page"}]},{"@type":"WebSite","@id":"https:\/\/www.ankarsrum.com\/no\/#website","url":"https:\/\/www.ankarsrum.com\/no\/","name":"Ankarsrum Norway","description":"The bread of the world","potentialAction":[{"@type":"SearchAction","target":{"@type":"EntryPoint","urlTemplate":"https:\/\/www.ankarsrum.com\/no\/?s={search_term_string}"},"query-input":{"@type":"PropertyValueSpecification","valueRequired":true,"valueName":"search_term_string"}}],"inLanguage":"nb-NO"}]}},"_links":{"self":[{"href":"https:\/\/www.ankarsrum.com\/no\/wp-json\/wp\/v2\/pages\/99","targetHints":{"allow":["GET"]}}],"collection":[{"href":"https:\/\/www.ankarsrum.com\/no\/wp-json\/wp\/v2\/pages"}],"about":[{"href":"https:\/\/www.ankarsrum.com\/no\/wp-json\/wp\/v2\/types\/page"}],"author":[{"embeddable":true,"href":"https:\/\/www.ankarsrum.com\/no\/wp-json\/wp\/v2\/users\/26"}],"replies":[{"embeddable":true,"href":"https:\/\/www.ankarsrum.com\/no\/wp-json\/wp\/v2\/comments?post=99"}],"version-history":[{"count":3,"href":"https:\/\/www.ankarsrum.com\/no\/wp-json\/wp\/v2\/pages\/99\/revisions"}],"predecessor-version":[{"id":2924,"href":"https:\/\/www.ankarsrum.com\/no\/wp-json\/wp\/v2\/pages\/99\/revisions\/2924"}],"wp:attachment":[{"href":"https:\/\/www.ankarsrum.com\/no\/wp-json\/wp\/v2\/media?parent=99"}],"curies":[{"name":"wp","href":"https:\/\/api.w.org\/{rel}","templated":true}]}}