{"id":11561,"date":"2024-07-15T13:38:40","date_gmt":"2024-07-15T11:38:40","guid":{"rendered":"https:\/\/www.ankarsrum.com\/no\/product\/frysebolle-ekstrautstyr-til-iskrembolle\/"},"modified":"2026-05-02T07:06:53","modified_gmt":"2026-05-02T05:06:53","slug":"frysebolle-ekstrautstyr-til-iskrembolle","status":"publish","type":"product","link":"https:\/\/www.ankarsrum.com\/no\/product\/frysebolle-ekstrautstyr-til-iskrembolle\/","title":{"rendered":"Frysebolle (ekstrautstyr til iskrembolle)"},"content":{"rendered":"<p>Ekstrautstyr til Iskrembolle. For deg som har Ankarsrum Iskrembolle og \u00f8nsker \u00e5 lage ekstra store mengder iskrem av gangen. Med ekstra frysebolle(r) kan du lage nok iskrem til st\u00f8rre selskap.<\/p>","protected":false},"excerpt":{"rendered":"<p>Ekstrautstyr til Iskrembolle. For deg som har Ankarsrum Iskrembolle og \u00f8nsker \u00e5 lage ekstra store mengder iskrem av gangen. Med ekstra frysebolle(r) kan du lage nok iskrem til st\u00f8rre selskap.<\/p>\n<p><strong>Frysebollen som skal inn i fryseren er 14 m h\u00f8y uten lokk og 16 cm med lokk, og diameteren p\u00e5 frysebollen er 20,5cm<\/strong>.<\/p>\n","protected":false},"featured_media":18185,"comment_status":"open","ping_status":"closed","template":"","meta":{"_acf_changed":false,"content-type":"","editor_notices":[]},"product_brand":[],"product_cat":[450,453],"product_tag":[],"product-tag":[],"machines":[],"filter":[],"class_list":{"0":"post-11561","1":"product","2":"type-product","3":"status-publish","4":"has-post-thumbnail","6":"product_cat-ankarsrum-deler","7":"product_cat-ankarsrum-tilbehor","9":"first","10":"instock","11":"taxable","12":"shipping-taxable","13":"purchasable","14":"product-type-simple"},"bundled_by":[],"bundle_stock_status":"instock","bundle_stock_quantity":23,"bundle_virtual":false,"bundle_layout":"","bundle_add_to_cart_form_location":"","bundle_editable_in_cart":false,"bundle_sold_individually_context":"","bundle_item_grouping":"","bundle_min_size":"","bundle_max_size":"","bundle_price":[],"bundled_items":[],"bundle_sell_ids":[],"acf":[],"shsp-ext":{"main":{},"variations":[]},"yoast_head":"<!-- This site is optimized with the Yoast SEO Premium plugin v26.6 (Yoast SEO v26.6) - https:\/\/yoast.com\/wordpress\/plugins\/seo\/ -->\n<title>Frysebolle \u2013 Ekstrautstyr til iskrembolle<\/title>\n<meta name=\"description\" content=\"Frysebolle som ekstrautstyr til iskrembolle, perfekt for \u00e5 lage hjemmelaget iskrem. Designet for bruk med Ankarsrum kj\u00f8kkenmaskin for optimale resultater.\" \/>\n<meta name=\"robots\" content=\"index, follow, max-snippet:-1, max-image-preview:large, max-video-preview:-1\" \/>\n<link rel=\"canonical\" href=\"https:\/\/www.ankarsrum.com\/no\/product\/frysebolle-ekstrautstyr-til-iskrembolle\/\" \/>\n<meta property=\"og:locale\" content=\"nb_NO\" \/>\n<meta property=\"og:type\" content=\"article\" \/>\n<meta property=\"og:title\" content=\"Frysebolle (ekstrautstyr til iskrembolle)\" \/>\n<meta property=\"og:description\" content=\"Frysebolle som ekstrautstyr til iskrembolle, perfekt for \u00e5 lage hjemmelaget iskrem. Designet for bruk med Ankarsrum kj\u00f8kkenmaskin for optimale resultater.\" \/>\n<meta property=\"og:url\" content=\"https:\/\/www.ankarsrum.com\/no\/product\/frysebolle-ekstrautstyr-til-iskrembolle\/\" \/>\n<meta property=\"og:site_name\" content=\"Ankarsrum Norway\" \/>\n<meta property=\"article:modified_time\" content=\"2026-05-02T05:06:53+00:00\" \/>\n<meta property=\"og:image\" content=\"https:\/\/www.ankarsrum.com\/no\/wp-content\/uploads\/sites\/14\/2024\/09\/ice-cream-processing-bowl-and-lid-scaled.jpg\" \/>\n\t<meta property=\"og:image:width\" content=\"1200\" \/>\n\t<meta property=\"og:image:height\" content=\"630\" \/>\n\t<meta property=\"og:image:type\" content=\"image\/jpeg\" \/>\n<meta name=\"twitter:card\" content=\"summary_large_image\" \/>\n<script type=\"application\/ld+json\" class=\"yoast-schema-graph\">{\"@context\":\"https:\/\/schema.org\",\"@graph\":[{\"@type\":\"WebPage\",\"@id\":\"https:\/\/www.ankarsrum.com\/no\/product\/frysebolle-ekstrautstyr-til-iskrembolle\/\",\"url\":\"https:\/\/www.ankarsrum.com\/no\/product\/frysebolle-ekstrautstyr-til-iskrembolle\/\",\"name\":\"Frysebolle \u2013 Ekstrautstyr til iskrembolle\",\"isPartOf\":{\"@id\":\"https:\/\/www.ankarsrum.com\/no\/#website\"},\"primaryImageOfPage\":{\"@id\":\"https:\/\/www.ankarsrum.com\/no\/product\/frysebolle-ekstrautstyr-til-iskrembolle\/#primaryimage\"},\"image\":{\"@id\":\"https:\/\/www.ankarsrum.com\/no\/product\/frysebolle-ekstrautstyr-til-iskrembolle\/#primaryimage\"},\"thumbnailUrl\":\"https:\/\/www.ankarsrum.com\/img-srv\/gDEjWzEqygWmZ9KkQDkq-ueuRZ13S4BBL8424gsrZwo\/resizing_type:auto\/width:0\/height:0\/gravity:sm\/enlarge:1\/ext:webp\/strip_metadata:1\/quality:90\/cachebuster:filesize-152383\/bG9jYWw6Ly8vd3d3LmFua2Fyc3J1bS5jb20vd3AtY29udGVudC91cGxvYWRzL3NpdGVzLzE0LzIwMjQvMDkvaWNlLWNyZWFtLXByb2Nlc3NpbmctYm93bC1hbmQtbGlkLXNjYWxlZC5qcGc.webp\",\"datePublished\":\"2024-07-15T11:38:40+00:00\",\"dateModified\":\"2026-05-02T05:06:53+00:00\",\"description\":\"Frysebolle som ekstrautstyr til iskrembolle, perfekt for \u00e5 lage hjemmelaget iskrem. Designet for bruk med Ankarsrum kj\u00f8kkenmaskin for optimale resultater.\",\"breadcrumb\":{\"@id\":\"https:\/\/www.ankarsrum.com\/no\/product\/frysebolle-ekstrautstyr-til-iskrembolle\/#breadcrumb\"},\"inLanguage\":\"nb-NO\",\"potentialAction\":[{\"@type\":\"ReadAction\",\"target\":[\"https:\/\/www.ankarsrum.com\/no\/product\/frysebolle-ekstrautstyr-til-iskrembolle\/\"]}]},{\"@type\":\"ImageObject\",\"inLanguage\":\"nb-NO\",\"@id\":\"https:\/\/www.ankarsrum.com\/no\/product\/frysebolle-ekstrautstyr-til-iskrembolle\/#primaryimage\",\"url\":\"https:\/\/www.ankarsrum.com\/img-srv\/gDEjWzEqygWmZ9KkQDkq-ueuRZ13S4BBL8424gsrZwo\/resizing_type:auto\/width:0\/height:0\/gravity:sm\/enlarge:1\/ext:webp\/strip_metadata:1\/quality:90\/cachebuster:filesize-152383\/bG9jYWw6Ly8vd3d3LmFua2Fyc3J1bS5jb20vd3AtY29udGVudC91cGxvYWRzL3NpdGVzLzE0LzIwMjQvMDkvaWNlLWNyZWFtLXByb2Nlc3NpbmctYm93bC1hbmQtbGlkLXNjYWxlZC5qcGc.webp\",\"contentUrl\":\"https:\/\/www.ankarsrum.com\/img-srv\/gDEjWzEqygWmZ9KkQDkq-ueuRZ13S4BBL8424gsrZwo\/resizing_type:auto\/width:0\/height:0\/gravity:sm\/enlarge:1\/ext:webp\/strip_metadata:1\/quality:90\/cachebuster:filesize-152383\/bG9jYWw6Ly8vd3d3LmFua2Fyc3J1bS5jb20vd3AtY29udGVudC91cGxvYWRzL3NpdGVzLzE0LzIwMjQvMDkvaWNlLWNyZWFtLXByb2Nlc3NpbmctYm93bC1hbmQtbGlkLXNjYWxlZC5qcGc.webp\",\"width\":2560,\"height\":2560},{\"@type\":\"BreadcrumbList\",\"@id\":\"https:\/\/www.ankarsrum.com\/no\/product\/frysebolle-ekstrautstyr-til-iskrembolle\/#breadcrumb\",\"itemListElement\":[{\"@type\":\"ListItem\",\"position\":1,\"name\":\"Home\",\"item\":\"https:\/\/www.ankarsrum.com\/no\/\"},{\"@type\":\"ListItem\",\"position\":2,\"name\":\"Produce name\",\"item\":\"https:\/\/www.ankarsrum.com\/no\/shop\/\"},{\"@type\":\"ListItem\",\"position\":3,\"name\":\"Frysebolle (ekstrautstyr til iskrembolle)\"}]},{\"@type\":\"WebSite\",\"@id\":\"https:\/\/www.ankarsrum.com\/no\/#website\",\"url\":\"https:\/\/www.ankarsrum.com\/no\/\",\"name\":\"Ankarsrum Norway\",\"description\":\"The bread of the world\",\"potentialAction\":[{\"@type\":\"SearchAction\",\"target\":{\"@type\":\"EntryPoint\",\"urlTemplate\":\"https:\/\/www.ankarsrum.com\/no\/?s={search_term_string}\"},\"query-input\":{\"@type\":\"PropertyValueSpecification\",\"valueRequired\":true,\"valueName\":\"search_term_string\"}}],\"inLanguage\":\"nb-NO\"}]}<\/script>\n<!-- \/ Yoast SEO Premium plugin. -->","yoast_head_json":{"title":"Frysebolle \u2013 Ekstrautstyr til iskrembolle","description":"Frysebolle som ekstrautstyr til iskrembolle, perfekt for \u00e5 lage hjemmelaget iskrem. Designet for bruk med Ankarsrum kj\u00f8kkenmaskin for optimale resultater.","robots":{"index":"index","follow":"follow","max-snippet":"max-snippet:-1","max-image-preview":"max-image-preview:large","max-video-preview":"max-video-preview:-1"},"canonical":"https:\/\/www.ankarsrum.com\/no\/product\/frysebolle-ekstrautstyr-til-iskrembolle\/","og_locale":"nb_NO","og_type":"article","og_title":"Frysebolle (ekstrautstyr til iskrembolle)","og_description":"Frysebolle som ekstrautstyr til iskrembolle, perfekt for \u00e5 lage hjemmelaget iskrem. Designet for bruk med Ankarsrum kj\u00f8kkenmaskin for optimale resultater.","og_url":"https:\/\/www.ankarsrum.com\/no\/product\/frysebolle-ekstrautstyr-til-iskrembolle\/","og_site_name":"Ankarsrum Norway","article_modified_time":"2026-05-02T05:06:53+00:00","og_image":[{"width":1200,"height":630,"url":"https:\/\/www.ankarsrum.com\/no\/wp-content\/uploads\/sites\/14\/2024\/09\/ice-cream-processing-bowl-and-lid-scaled.jpg","type":"image\/jpeg"}],"twitter_card":"summary_large_image","schema":{"@context":"https:\/\/schema.org","@graph":[{"@type":"WebPage","@id":"https:\/\/www.ankarsrum.com\/no\/product\/frysebolle-ekstrautstyr-til-iskrembolle\/","url":"https:\/\/www.ankarsrum.com\/no\/product\/frysebolle-ekstrautstyr-til-iskrembolle\/","name":"Frysebolle \u2013 Ekstrautstyr til iskrembolle","isPartOf":{"@id":"https:\/\/www.ankarsrum.com\/no\/#website"},"primaryImageOfPage":{"@id":"https:\/\/www.ankarsrum.com\/no\/product\/frysebolle-ekstrautstyr-til-iskrembolle\/#primaryimage"},"image":{"@id":"https:\/\/www.ankarsrum.com\/no\/product\/frysebolle-ekstrautstyr-til-iskrembolle\/#primaryimage"},"thumbnailUrl":"https:\/\/www.ankarsrum.com\/img-srv\/gDEjWzEqygWmZ9KkQDkq-ueuRZ13S4BBL8424gsrZwo\/resizing_type:auto\/width:0\/height:0\/gravity:sm\/enlarge:1\/ext:webp\/strip_metadata:1\/quality:90\/cachebuster:filesize-152383\/bG9jYWw6Ly8vd3d3LmFua2Fyc3J1bS5jb20vd3AtY29udGVudC91cGxvYWRzL3NpdGVzLzE0LzIwMjQvMDkvaWNlLWNyZWFtLXByb2Nlc3NpbmctYm93bC1hbmQtbGlkLXNjYWxlZC5qcGc.webp","datePublished":"2024-07-15T11:38:40+00:00","dateModified":"2026-05-02T05:06:53+00:00","description":"Frysebolle som ekstrautstyr til iskrembolle, perfekt for \u00e5 lage hjemmelaget iskrem. Designet for bruk med Ankarsrum kj\u00f8kkenmaskin for optimale resultater.","breadcrumb":{"@id":"https:\/\/www.ankarsrum.com\/no\/product\/frysebolle-ekstrautstyr-til-iskrembolle\/#breadcrumb"},"inLanguage":"nb-NO","potentialAction":[{"@type":"ReadAction","target":["https:\/\/www.ankarsrum.com\/no\/product\/frysebolle-ekstrautstyr-til-iskrembolle\/"]}]},{"@type":"ImageObject","inLanguage":"nb-NO","@id":"https:\/\/www.ankarsrum.com\/no\/product\/frysebolle-ekstrautstyr-til-iskrembolle\/#primaryimage","url":"https:\/\/www.ankarsrum.com\/img-srv\/gDEjWzEqygWmZ9KkQDkq-ueuRZ13S4BBL8424gsrZwo\/resizing_type:auto\/width:0\/height:0\/gravity:sm\/enlarge:1\/ext:webp\/strip_metadata:1\/quality:90\/cachebuster:filesize-152383\/bG9jYWw6Ly8vd3d3LmFua2Fyc3J1bS5jb20vd3AtY29udGVudC91cGxvYWRzL3NpdGVzLzE0LzIwMjQvMDkvaWNlLWNyZWFtLXByb2Nlc3NpbmctYm93bC1hbmQtbGlkLXNjYWxlZC5qcGc.webp","contentUrl":"https:\/\/www.ankarsrum.com\/img-srv\/gDEjWzEqygWmZ9KkQDkq-ueuRZ13S4BBL8424gsrZwo\/resizing_type:auto\/width:0\/height:0\/gravity:sm\/enlarge:1\/ext:webp\/strip_metadata:1\/quality:90\/cachebuster:filesize-152383\/bG9jYWw6Ly8vd3d3LmFua2Fyc3J1bS5jb20vd3AtY29udGVudC91cGxvYWRzL3NpdGVzLzE0LzIwMjQvMDkvaWNlLWNyZWFtLXByb2Nlc3NpbmctYm93bC1hbmQtbGlkLXNjYWxlZC5qcGc.webp","width":2560,"height":2560},{"@type":"BreadcrumbList","@id":"https:\/\/www.ankarsrum.com\/no\/product\/frysebolle-ekstrautstyr-til-iskrembolle\/#breadcrumb","itemListElement":[{"@type":"ListItem","position":1,"name":"Home","item":"https:\/\/www.ankarsrum.com\/no\/"},{"@type":"ListItem","position":2,"name":"Produce name","item":"https:\/\/www.ankarsrum.com\/no\/shop\/"},{"@type":"ListItem","position":3,"name":"Frysebolle (ekstrautstyr til iskrembolle)"}]},{"@type":"WebSite","@id":"https:\/\/www.ankarsrum.com\/no\/#website","url":"https:\/\/www.ankarsrum.com\/no\/","name":"Ankarsrum Norway","description":"The bread of the world","potentialAction":[{"@type":"SearchAction","target":{"@type":"EntryPoint","urlTemplate":"https:\/\/www.ankarsrum.com\/no\/?s={search_term_string}"},"query-input":{"@type":"PropertyValueSpecification","valueRequired":true,"valueName":"search_term_string"}}],"inLanguage":"nb-NO"}]}},"_links":{"self":[{"href":"https:\/\/www.ankarsrum.com\/no\/wp-json\/wp\/v2\/product\/11561","targetHints":{"allow":["GET"]}}],"collection":[{"href":"https:\/\/www.ankarsrum.com\/no\/wp-json\/wp\/v2\/product"}],"about":[{"href":"https:\/\/www.ankarsrum.com\/no\/wp-json\/wp\/v2\/types\/product"}],"replies":[{"embeddable":true,"href":"https:\/\/www.ankarsrum.com\/no\/wp-json\/wp\/v2\/comments?post=11561"}],"wp:featuredmedia":[{"embeddable":true,"href":"https:\/\/www.ankarsrum.com\/no\/wp-json\/wp\/v2\/media\/18185"}],"wp:attachment":[{"href":"https:\/\/www.ankarsrum.com\/no\/wp-json\/wp\/v2\/media?parent=11561"}],"wp:term":[{"taxonomy":"product_brand","embeddable":true,"href":"https:\/\/www.ankarsrum.com\/no\/wp-json\/wp\/v2\/product_brand?post=11561"},{"taxonomy":"product_cat","embeddable":true,"href":"https:\/\/www.ankarsrum.com\/no\/wp-json\/wp\/v2\/product_cat?post=11561"},{"taxonomy":"product_tag","embeddable":true,"href":"https:\/\/www.ankarsrum.com\/no\/wp-json\/wp\/v2\/product_tag?post=11561"},{"taxonomy":"product-tag","embeddable":true,"href":"https:\/\/www.ankarsrum.com\/no\/wp-json\/wp\/v2\/product-tag?post=11561"},{"taxonomy":"machines","embeddable":true,"href":"https:\/\/www.ankarsrum.com\/no\/wp-json\/wp\/v2\/machines?post=11561"},{"taxonomy":"filter","embeddable":true,"href":"https:\/\/www.ankarsrum.com\/no\/wp-json\/wp\/v2\/filter?post=11561"}],"curies":[{"name":"wp","href":"https:\/\/api.w.org\/{rel}","templated":true}]}}