{"id":11562,"date":"2024-07-16T14:32:17","date_gmt":"2024-07-16T12:32:17","guid":{"rendered":"https:\/\/www.ankarsrum.com\/no\/product\/pastavals-lasagnette\/"},"modified":"2026-05-16T08:16:51","modified_gmt":"2026-05-16T06:16:51","slug":"pastavals-lasagnette","status":"publish","type":"product","link":"https:\/\/www.ankarsrum.com\/no\/product\/pastavals-lasagnette\/","title":{"rendered":"Pastavals Lasagnette"},"content":{"rendered":"<p>\u00c5 servere hjemmelaget pasta imponerer under enhver middag. Smaken og konsistensen gir en fantastisk opplevelse for ganen &#8211; og det er mye lettere \u00e5 lage enn du tror! V\u00e5re pastavalser kommer fra det italienske selskapet Marcato som har over 80 \u00e5rs erfaring med produksjon av pastavalser.<\/p>\n<p>Lasagnettevalsen lager 10 mm bred pasta.\u00a0<\/p>","protected":false},"excerpt":{"rendered":"<p>\u2022 Ankarsrums pastavalser kommer fra italienske Marcato, med 80 \u00e5rs erfaring med \u00e5 lage pasta.\u00a0<\/p>\n<p>\u2022 Bruk pastaplater som du har rullet ved hjelp av lasagnerullen, eller rullet ut for h\u00e5nd, og mat gjennom Fettuccine valsen. Bare pastadeig kan brukes.\u00a0<\/p>\n<p>\u2022 Sett aldri fingre eller fremmedlegemer i valsen.<\/p>\n<p>\u2022 Len deg aldri over rullen n\u00e5r assistenten er i gang.<\/p>\n<p>\u2022 Pastarullene passer til alle assistentene N1-N30.<\/p>\n","protected":false},"featured_media":18323,"comment_status":"open","ping_status":"closed","template":"","meta":{"_acf_changed":false,"content-type":"","editor_notices":[]},"product_brand":[],"product_cat":[466,453],"product_tag":[],"product-tag":[],"machines":[],"filter":[305,289],"class_list":{"0":"post-11562","1":"product","2":"type-product","3":"status-publish","4":"has-post-thumbnail","6":"product_cat-sale","7":"product_cat-ankarsrum-tilbehor","8":"filter-mat","9":"filter-pasta","11":"first","12":"instock","13":"taxable","14":"shipping-taxable","15":"purchasable","16":"product-type-simple"},"bundled_by":[],"bundle_stock_status":"instock","bundle_stock_quantity":18,"bundle_virtual":false,"bundle_layout":"","bundle_add_to_cart_form_location":"","bundle_editable_in_cart":false,"bundle_sold_individually_context":"","bundle_item_grouping":"","bundle_min_size":"","bundle_max_size":"","bundle_price":[],"bundled_items":[],"bundle_sell_ids":[],"acf":[],"shsp-ext":{"main":{},"variations":[]},"yoast_head":"<!-- This site is optimized with the Yoast SEO Premium plugin v26.6 (Yoast SEO v26.6) - https:\/\/yoast.com\/wordpress\/plugins\/seo\/ -->\n<title>Pastavals lasagnette \u2013 Lag perfekt hjemmelaget pasta<\/title>\n<meta name=\"description\" content=\"Pastavals lasagnette som lager jevne og tynne pastaplater. Perfekt for hjemmelaget lasagnette og andre deilige pastaretter med ekte kvalitet.\" \/>\n<meta name=\"robots\" content=\"index, follow, max-snippet:-1, max-image-preview:large, max-video-preview:-1\" \/>\n<link rel=\"canonical\" href=\"https:\/\/www.ankarsrum.com\/no\/product\/pastavals-lasagnette\/\" \/>\n<meta property=\"og:locale\" content=\"nb_NO\" \/>\n<meta property=\"og:type\" content=\"article\" \/>\n<meta property=\"og:title\" content=\"Pastavals Lasagnette\" \/>\n<meta property=\"og:description\" content=\"Pastavals lasagnette som lager jevne og tynne pastaplater. Perfekt for hjemmelaget lasagnette og andre deilige pastaretter med ekte kvalitet.\" \/>\n<meta property=\"og:url\" content=\"https:\/\/www.ankarsrum.com\/no\/product\/pastavals-lasagnette\/\" \/>\n<meta property=\"og:site_name\" content=\"Ankarsrum Norway\" \/>\n<meta property=\"article:modified_time\" content=\"2026-05-16T06:16:51+00:00\" \/>\n<meta property=\"og:image\" content=\"https:\/\/www.ankarsrum.com\/no\/wp-content\/uploads\/sites\/14\/2024\/09\/lasagnette-angle-1-scaled.jpg\" \/>\n\t<meta property=\"og:image:width\" content=\"1200\" \/>\n\t<meta property=\"og:image:height\" content=\"630\" \/>\n\t<meta property=\"og:image:type\" content=\"image\/jpeg\" \/>\n<meta name=\"twitter:card\" content=\"summary_large_image\" \/>\n<script type=\"application\/ld+json\" class=\"yoast-schema-graph\">{\"@context\":\"https:\/\/schema.org\",\"@graph\":[{\"@type\":\"WebPage\",\"@id\":\"https:\/\/www.ankarsrum.com\/no\/product\/pastavals-lasagnette\/\",\"url\":\"https:\/\/www.ankarsrum.com\/no\/product\/pastavals-lasagnette\/\",\"name\":\"Pastavals lasagnette \u2013 Lag perfekt hjemmelaget pasta\",\"isPartOf\":{\"@id\":\"https:\/\/www.ankarsrum.com\/no\/#website\"},\"primaryImageOfPage\":{\"@id\":\"https:\/\/www.ankarsrum.com\/no\/product\/pastavals-lasagnette\/#primaryimage\"},\"image\":{\"@id\":\"https:\/\/www.ankarsrum.com\/no\/product\/pastavals-lasagnette\/#primaryimage\"},\"thumbnailUrl\":\"https:\/\/www.ankarsrum.com\/img-srv\/xOrfH3Bz502miDtb_6wsW8NEpuaPXgx-Att_BlZdvC0\/resizing_type:auto\/width:0\/height:0\/gravity:sm\/enlarge:1\/ext:webp\/strip_metadata:1\/quality:90\/cachebuster:filesize-209377\/bG9jYWw6Ly8vd3d3LmFua2Fyc3J1bS5jb20vd3AtY29udGVudC91cGxvYWRzL3NpdGVzLzE0LzIwMjQvMDkvbGFzYWduZXR0ZS1hbmdsZS0xLXNjYWxlZC5qcGc.webp\",\"datePublished\":\"2024-07-16T12:32:17+00:00\",\"dateModified\":\"2026-05-16T06:16:51+00:00\",\"description\":\"Pastavals lasagnette som lager jevne og tynne pastaplater. Perfekt for hjemmelaget lasagnette og andre deilige pastaretter med ekte kvalitet.\",\"breadcrumb\":{\"@id\":\"https:\/\/www.ankarsrum.com\/no\/product\/pastavals-lasagnette\/#breadcrumb\"},\"inLanguage\":\"nb-NO\",\"potentialAction\":[{\"@type\":\"ReadAction\",\"target\":[\"https:\/\/www.ankarsrum.com\/no\/product\/pastavals-lasagnette\/\"]}]},{\"@type\":\"ImageObject\",\"inLanguage\":\"nb-NO\",\"@id\":\"https:\/\/www.ankarsrum.com\/no\/product\/pastavals-lasagnette\/#primaryimage\",\"url\":\"https:\/\/www.ankarsrum.com\/img-srv\/xOrfH3Bz502miDtb_6wsW8NEpuaPXgx-Att_BlZdvC0\/resizing_type:auto\/width:0\/height:0\/gravity:sm\/enlarge:1\/ext:webp\/strip_metadata:1\/quality:90\/cachebuster:filesize-209377\/bG9jYWw6Ly8vd3d3LmFua2Fyc3J1bS5jb20vd3AtY29udGVudC91cGxvYWRzL3NpdGVzLzE0LzIwMjQvMDkvbGFzYWduZXR0ZS1hbmdsZS0xLXNjYWxlZC5qcGc.webp\",\"contentUrl\":\"https:\/\/www.ankarsrum.com\/img-srv\/xOrfH3Bz502miDtb_6wsW8NEpuaPXgx-Att_BlZdvC0\/resizing_type:auto\/width:0\/height:0\/gravity:sm\/enlarge:1\/ext:webp\/strip_metadata:1\/quality:90\/cachebuster:filesize-209377\/bG9jYWw6Ly8vd3d3LmFua2Fyc3J1bS5jb20vd3AtY29udGVudC91cGxvYWRzL3NpdGVzLzE0LzIwMjQvMDkvbGFzYWduZXR0ZS1hbmdsZS0xLXNjYWxlZC5qcGc.webp\",\"width\":2560,\"height\":2560},{\"@type\":\"BreadcrumbList\",\"@id\":\"https:\/\/www.ankarsrum.com\/no\/product\/pastavals-lasagnette\/#breadcrumb\",\"itemListElement\":[{\"@type\":\"ListItem\",\"position\":1,\"name\":\"Home\",\"item\":\"https:\/\/www.ankarsrum.com\/no\/\"},{\"@type\":\"ListItem\",\"position\":2,\"name\":\"Produce name\",\"item\":\"https:\/\/www.ankarsrum.com\/no\/shop\/\"},{\"@type\":\"ListItem\",\"position\":3,\"name\":\"Pastavals Lasagnette\"}]},{\"@type\":\"WebSite\",\"@id\":\"https:\/\/www.ankarsrum.com\/no\/#website\",\"url\":\"https:\/\/www.ankarsrum.com\/no\/\",\"name\":\"Ankarsrum Norway\",\"description\":\"The bread of the world\",\"potentialAction\":[{\"@type\":\"SearchAction\",\"target\":{\"@type\":\"EntryPoint\",\"urlTemplate\":\"https:\/\/www.ankarsrum.com\/no\/?s={search_term_string}\"},\"query-input\":{\"@type\":\"PropertyValueSpecification\",\"valueRequired\":true,\"valueName\":\"search_term_string\"}}],\"inLanguage\":\"nb-NO\"}]}<\/script>\n<!-- \/ Yoast SEO Premium plugin. -->","yoast_head_json":{"title":"Pastavals lasagnette \u2013 Lag perfekt hjemmelaget pasta","description":"Pastavals lasagnette som lager jevne og tynne pastaplater. Perfekt for hjemmelaget lasagnette og andre deilige pastaretter med ekte kvalitet.","robots":{"index":"index","follow":"follow","max-snippet":"max-snippet:-1","max-image-preview":"max-image-preview:large","max-video-preview":"max-video-preview:-1"},"canonical":"https:\/\/www.ankarsrum.com\/no\/product\/pastavals-lasagnette\/","og_locale":"nb_NO","og_type":"article","og_title":"Pastavals Lasagnette","og_description":"Pastavals lasagnette som lager jevne og tynne pastaplater. Perfekt for hjemmelaget lasagnette og andre deilige pastaretter med ekte kvalitet.","og_url":"https:\/\/www.ankarsrum.com\/no\/product\/pastavals-lasagnette\/","og_site_name":"Ankarsrum Norway","article_modified_time":"2026-05-16T06:16:51+00:00","og_image":[{"width":1200,"height":630,"url":"https:\/\/www.ankarsrum.com\/no\/wp-content\/uploads\/sites\/14\/2024\/09\/lasagnette-angle-1-scaled.jpg","type":"image\/jpeg"}],"twitter_card":"summary_large_image","schema":{"@context":"https:\/\/schema.org","@graph":[{"@type":"WebPage","@id":"https:\/\/www.ankarsrum.com\/no\/product\/pastavals-lasagnette\/","url":"https:\/\/www.ankarsrum.com\/no\/product\/pastavals-lasagnette\/","name":"Pastavals lasagnette \u2013 Lag perfekt hjemmelaget pasta","isPartOf":{"@id":"https:\/\/www.ankarsrum.com\/no\/#website"},"primaryImageOfPage":{"@id":"https:\/\/www.ankarsrum.com\/no\/product\/pastavals-lasagnette\/#primaryimage"},"image":{"@id":"https:\/\/www.ankarsrum.com\/no\/product\/pastavals-lasagnette\/#primaryimage"},"thumbnailUrl":"https:\/\/www.ankarsrum.com\/img-srv\/xOrfH3Bz502miDtb_6wsW8NEpuaPXgx-Att_BlZdvC0\/resizing_type:auto\/width:0\/height:0\/gravity:sm\/enlarge:1\/ext:webp\/strip_metadata:1\/quality:90\/cachebuster:filesize-209377\/bG9jYWw6Ly8vd3d3LmFua2Fyc3J1bS5jb20vd3AtY29udGVudC91cGxvYWRzL3NpdGVzLzE0LzIwMjQvMDkvbGFzYWduZXR0ZS1hbmdsZS0xLXNjYWxlZC5qcGc.webp","datePublished":"2024-07-16T12:32:17+00:00","dateModified":"2026-05-16T06:16:51+00:00","description":"Pastavals lasagnette som lager jevne og tynne pastaplater. Perfekt for hjemmelaget lasagnette og andre deilige pastaretter med ekte kvalitet.","breadcrumb":{"@id":"https:\/\/www.ankarsrum.com\/no\/product\/pastavals-lasagnette\/#breadcrumb"},"inLanguage":"nb-NO","potentialAction":[{"@type":"ReadAction","target":["https:\/\/www.ankarsrum.com\/no\/product\/pastavals-lasagnette\/"]}]},{"@type":"ImageObject","inLanguage":"nb-NO","@id":"https:\/\/www.ankarsrum.com\/no\/product\/pastavals-lasagnette\/#primaryimage","url":"https:\/\/www.ankarsrum.com\/img-srv\/xOrfH3Bz502miDtb_6wsW8NEpuaPXgx-Att_BlZdvC0\/resizing_type:auto\/width:0\/height:0\/gravity:sm\/enlarge:1\/ext:webp\/strip_metadata:1\/quality:90\/cachebuster:filesize-209377\/bG9jYWw6Ly8vd3d3LmFua2Fyc3J1bS5jb20vd3AtY29udGVudC91cGxvYWRzL3NpdGVzLzE0LzIwMjQvMDkvbGFzYWduZXR0ZS1hbmdsZS0xLXNjYWxlZC5qcGc.webp","contentUrl":"https:\/\/www.ankarsrum.com\/img-srv\/xOrfH3Bz502miDtb_6wsW8NEpuaPXgx-Att_BlZdvC0\/resizing_type:auto\/width:0\/height:0\/gravity:sm\/enlarge:1\/ext:webp\/strip_metadata:1\/quality:90\/cachebuster:filesize-209377\/bG9jYWw6Ly8vd3d3LmFua2Fyc3J1bS5jb20vd3AtY29udGVudC91cGxvYWRzL3NpdGVzLzE0LzIwMjQvMDkvbGFzYWduZXR0ZS1hbmdsZS0xLXNjYWxlZC5qcGc.webp","width":2560,"height":2560},{"@type":"BreadcrumbList","@id":"https:\/\/www.ankarsrum.com\/no\/product\/pastavals-lasagnette\/#breadcrumb","itemListElement":[{"@type":"ListItem","position":1,"name":"Home","item":"https:\/\/www.ankarsrum.com\/no\/"},{"@type":"ListItem","position":2,"name":"Produce name","item":"https:\/\/www.ankarsrum.com\/no\/shop\/"},{"@type":"ListItem","position":3,"name":"Pastavals Lasagnette"}]},{"@type":"WebSite","@id":"https:\/\/www.ankarsrum.com\/no\/#website","url":"https:\/\/www.ankarsrum.com\/no\/","name":"Ankarsrum Norway","description":"The bread of the world","potentialAction":[{"@type":"SearchAction","target":{"@type":"EntryPoint","urlTemplate":"https:\/\/www.ankarsrum.com\/no\/?s={search_term_string}"},"query-input":{"@type":"PropertyValueSpecification","valueRequired":true,"valueName":"search_term_string"}}],"inLanguage":"nb-NO"}]}},"_links":{"self":[{"href":"https:\/\/www.ankarsrum.com\/no\/wp-json\/wp\/v2\/product\/11562","targetHints":{"allow":["GET"]}}],"collection":[{"href":"https:\/\/www.ankarsrum.com\/no\/wp-json\/wp\/v2\/product"}],"about":[{"href":"https:\/\/www.ankarsrum.com\/no\/wp-json\/wp\/v2\/types\/product"}],"replies":[{"embeddable":true,"href":"https:\/\/www.ankarsrum.com\/no\/wp-json\/wp\/v2\/comments?post=11562"}],"wp:featuredmedia":[{"embeddable":true,"href":"https:\/\/www.ankarsrum.com\/no\/wp-json\/wp\/v2\/media\/18323"}],"wp:attachment":[{"href":"https:\/\/www.ankarsrum.com\/no\/wp-json\/wp\/v2\/media?parent=11562"}],"wp:term":[{"taxonomy":"product_brand","embeddable":true,"href":"https:\/\/www.ankarsrum.com\/no\/wp-json\/wp\/v2\/product_brand?post=11562"},{"taxonomy":"product_cat","embeddable":true,"href":"https:\/\/www.ankarsrum.com\/no\/wp-json\/wp\/v2\/product_cat?post=11562"},{"taxonomy":"product_tag","embeddable":true,"href":"https:\/\/www.ankarsrum.com\/no\/wp-json\/wp\/v2\/product_tag?post=11562"},{"taxonomy":"product-tag","embeddable":true,"href":"https:\/\/www.ankarsrum.com\/no\/wp-json\/wp\/v2\/product-tag?post=11562"},{"taxonomy":"machines","embeddable":true,"href":"https:\/\/www.ankarsrum.com\/no\/wp-json\/wp\/v2\/machines?post=11562"},{"taxonomy":"filter","embeddable":true,"href":"https:\/\/www.ankarsrum.com\/no\/wp-json\/wp\/v2\/filter?post=11562"}],"curies":[{"name":"wp","href":"https:\/\/api.w.org\/{rel}","templated":true}]}}