{"id":13406,"date":"2024-07-15T13:56:07","date_gmt":"2024-07-15T11:56:07","guid":{"rendered":"https:\/\/www.ankarsrum.com\/no\/product\/matstapper-tamper\/"},"modified":"2026-05-14T08:06:40","modified_gmt":"2026-05-14T06:06:40","slug":"matstapper-tamper","status":"publish","type":"product","link":"https:\/\/www.ankarsrum.com\/no\/product\/matstapper-tamper\/","title":{"rendered":"Matstapper (Tamper)"},"content":{"rendered":"<p>Matstapperen fra Ankarsrum forenkler bearbeiding av tykkere\/frosne blandinger i ett av v\u00e5re bestselgende tilbeh\u00f8r, v\u00e5r Blender.<\/p>","protected":false},"excerpt":{"rendered":"<p>Matstapperen fra Ankarsrum forenkler bearbeiding av tykkere\/frosne blandinger i ett av v\u00e5re bestselgende tilbeh\u00f8r, v\u00e5r Blender.<\/p>\n","protected":false},"featured_media":18176,"comment_status":"open","ping_status":"closed","template":"","meta":{"_acf_changed":false,"content-type":"","editor_notices":[]},"product_brand":[],"product_cat":[450],"product_tag":[],"product-tag":[],"machines":[],"filter":[292],"class_list":{"0":"post-13406","1":"product","2":"type-product","3":"status-publish","4":"has-post-thumbnail","6":"product_cat-ankarsrum-deler","7":"filter-blender","9":"first","10":"instock","11":"taxable","12":"shipping-taxable","13":"purchasable","14":"product-type-simple"},"bundled_by":[],"bundle_stock_status":"instock","bundle_stock_quantity":11,"bundle_virtual":false,"bundle_layout":"","bundle_add_to_cart_form_location":"","bundle_editable_in_cart":false,"bundle_sold_individually_context":"","bundle_item_grouping":"","bundle_min_size":"","bundle_max_size":"","bundle_price":[],"bundled_items":[],"bundle_sell_ids":[],"acf":[],"shsp-ext":{"main":{},"variations":[]},"yoast_head":"<!-- This site is optimized with the Yoast SEO Premium plugin v26.6 (Yoast SEO v26.6) - https:\/\/yoast.com\/wordpress\/plugins\/seo\/ -->\n<title>Matstapper tamper \u2013 Trygg og effektiv matf\u00f8ring<\/title>\n<meta name=\"description\" content=\"Matstapper tamper som gj\u00f8r det enkelt og trygt \u00e5 f\u00f8re mat gjennom kj\u00f8ttkvernen. Praktisk tilbeh\u00f8r for Ankarsrum kj\u00f8kkenmaskin.\" \/>\n<meta name=\"robots\" content=\"index, follow, max-snippet:-1, max-image-preview:large, max-video-preview:-1\" \/>\n<link rel=\"canonical\" href=\"https:\/\/www.ankarsrum.com\/no\/product\/matstapper-tamper\/\" \/>\n<meta property=\"og:locale\" content=\"nb_NO\" \/>\n<meta property=\"og:type\" content=\"article\" \/>\n<meta property=\"og:title\" content=\"Matstapper (Tamper)\" \/>\n<meta property=\"og:description\" content=\"Matstapper tamper som gj\u00f8r det enkelt og trygt \u00e5 f\u00f8re mat gjennom kj\u00f8ttkvernen. Praktisk tilbeh\u00f8r for Ankarsrum kj\u00f8kkenmaskin.\" \/>\n<meta property=\"og:url\" content=\"https:\/\/www.ankarsrum.com\/no\/product\/matstapper-tamper\/\" \/>\n<meta property=\"og:site_name\" content=\"Ankarsrum Norway\" \/>\n<meta property=\"article:modified_time\" content=\"2026-05-14T06:06:40+00:00\" \/>\n<meta property=\"og:image\" content=\"https:\/\/www.ankarsrum.com\/no\/wp-content\/uploads\/sites\/14\/2024\/09\/tamper.png\" \/>\n\t<meta property=\"og:image:width\" content=\"1080\" \/>\n\t<meta property=\"og:image:height\" content=\"630\" \/>\n\t<meta property=\"og:image:type\" content=\"image\/png\" \/>\n<meta name=\"twitter:card\" content=\"summary_large_image\" \/>\n<script type=\"application\/ld+json\" class=\"yoast-schema-graph\">{\"@context\":\"https:\/\/schema.org\",\"@graph\":[{\"@type\":\"WebPage\",\"@id\":\"https:\/\/www.ankarsrum.com\/no\/product\/matstapper-tamper\/\",\"url\":\"https:\/\/www.ankarsrum.com\/no\/product\/matstapper-tamper\/\",\"name\":\"Matstapper tamper \u2013 Trygg og effektiv matf\u00f8ring\",\"isPartOf\":{\"@id\":\"https:\/\/www.ankarsrum.com\/no\/#website\"},\"primaryImageOfPage\":{\"@id\":\"https:\/\/www.ankarsrum.com\/no\/product\/matstapper-tamper\/#primaryimage\"},\"image\":{\"@id\":\"https:\/\/www.ankarsrum.com\/no\/product\/matstapper-tamper\/#primaryimage\"},\"thumbnailUrl\":\"https:\/\/www.ankarsrum.com\/img-srv\/VFdza7DqHI9G9bDUqciFcW07IVUdlATysJbbODx3ZsE\/resizing_type:auto\/width:0\/height:0\/gravity:sm\/enlarge:1\/ext:webp\/strip_metadata:1\/quality:90\/cachebuster:filesize-82779\/bG9jYWw6Ly8vd3d3LmFua2Fyc3J1bS5jb20vd3AtY29udGVudC91cGxvYWRzL3NpdGVzLzE0LzIwMjQvMDkvdGFtcGVyLnBuZw.webp\",\"datePublished\":\"2024-07-15T11:56:07+00:00\",\"dateModified\":\"2026-05-14T06:06:40+00:00\",\"description\":\"Matstapper tamper som gj\u00f8r det enkelt og trygt \u00e5 f\u00f8re mat gjennom kj\u00f8ttkvernen. Praktisk tilbeh\u00f8r for Ankarsrum kj\u00f8kkenmaskin.\",\"breadcrumb\":{\"@id\":\"https:\/\/www.ankarsrum.com\/no\/product\/matstapper-tamper\/#breadcrumb\"},\"inLanguage\":\"nb-NO\",\"potentialAction\":[{\"@type\":\"ReadAction\",\"target\":[\"https:\/\/www.ankarsrum.com\/no\/product\/matstapper-tamper\/\"]}]},{\"@type\":\"ImageObject\",\"inLanguage\":\"nb-NO\",\"@id\":\"https:\/\/www.ankarsrum.com\/no\/product\/matstapper-tamper\/#primaryimage\",\"url\":\"https:\/\/www.ankarsrum.com\/img-srv\/VFdza7DqHI9G9bDUqciFcW07IVUdlATysJbbODx3ZsE\/resizing_type:auto\/width:0\/height:0\/gravity:sm\/enlarge:1\/ext:webp\/strip_metadata:1\/quality:90\/cachebuster:filesize-82779\/bG9jYWw6Ly8vd3d3LmFua2Fyc3J1bS5jb20vd3AtY29udGVudC91cGxvYWRzL3NpdGVzLzE0LzIwMjQvMDkvdGFtcGVyLnBuZw.webp\",\"contentUrl\":\"https:\/\/www.ankarsrum.com\/img-srv\/VFdza7DqHI9G9bDUqciFcW07IVUdlATysJbbODx3ZsE\/resizing_type:auto\/width:0\/height:0\/gravity:sm\/enlarge:1\/ext:webp\/strip_metadata:1\/quality:90\/cachebuster:filesize-82779\/bG9jYWw6Ly8vd3d3LmFua2Fyc3J1bS5jb20vd3AtY29udGVudC91cGxvYWRzL3NpdGVzLzE0LzIwMjQvMDkvdGFtcGVyLnBuZw.webp\",\"width\":1080,\"height\":1080},{\"@type\":\"BreadcrumbList\",\"@id\":\"https:\/\/www.ankarsrum.com\/no\/product\/matstapper-tamper\/#breadcrumb\",\"itemListElement\":[{\"@type\":\"ListItem\",\"position\":1,\"name\":\"Home\",\"item\":\"https:\/\/www.ankarsrum.com\/no\/\"},{\"@type\":\"ListItem\",\"position\":2,\"name\":\"Produce name\",\"item\":\"https:\/\/www.ankarsrum.com\/no\/shop\/\"},{\"@type\":\"ListItem\",\"position\":3,\"name\":\"Matstapper (Tamper)\"}]},{\"@type\":\"WebSite\",\"@id\":\"https:\/\/www.ankarsrum.com\/no\/#website\",\"url\":\"https:\/\/www.ankarsrum.com\/no\/\",\"name\":\"Ankarsrum Norway\",\"description\":\"The bread of the world\",\"potentialAction\":[{\"@type\":\"SearchAction\",\"target\":{\"@type\":\"EntryPoint\",\"urlTemplate\":\"https:\/\/www.ankarsrum.com\/no\/?s={search_term_string}\"},\"query-input\":{\"@type\":\"PropertyValueSpecification\",\"valueRequired\":true,\"valueName\":\"search_term_string\"}}],\"inLanguage\":\"nb-NO\"}]}<\/script>\n<!-- \/ Yoast SEO Premium plugin. -->","yoast_head_json":{"title":"Matstapper tamper \u2013 Trygg og effektiv matf\u00f8ring","description":"Matstapper tamper som gj\u00f8r det enkelt og trygt \u00e5 f\u00f8re mat gjennom kj\u00f8ttkvernen. Praktisk tilbeh\u00f8r for Ankarsrum kj\u00f8kkenmaskin.","robots":{"index":"index","follow":"follow","max-snippet":"max-snippet:-1","max-image-preview":"max-image-preview:large","max-video-preview":"max-video-preview:-1"},"canonical":"https:\/\/www.ankarsrum.com\/no\/product\/matstapper-tamper\/","og_locale":"nb_NO","og_type":"article","og_title":"Matstapper (Tamper)","og_description":"Matstapper tamper som gj\u00f8r det enkelt og trygt \u00e5 f\u00f8re mat gjennom kj\u00f8ttkvernen. Praktisk tilbeh\u00f8r for Ankarsrum kj\u00f8kkenmaskin.","og_url":"https:\/\/www.ankarsrum.com\/no\/product\/matstapper-tamper\/","og_site_name":"Ankarsrum Norway","article_modified_time":"2026-05-14T06:06:40+00:00","og_image":[{"width":1080,"height":630,"url":"https:\/\/www.ankarsrum.com\/no\/wp-content\/uploads\/sites\/14\/2024\/09\/tamper.png","type":"image\/png"}],"twitter_card":"summary_large_image","schema":{"@context":"https:\/\/schema.org","@graph":[{"@type":"WebPage","@id":"https:\/\/www.ankarsrum.com\/no\/product\/matstapper-tamper\/","url":"https:\/\/www.ankarsrum.com\/no\/product\/matstapper-tamper\/","name":"Matstapper tamper \u2013 Trygg og effektiv matf\u00f8ring","isPartOf":{"@id":"https:\/\/www.ankarsrum.com\/no\/#website"},"primaryImageOfPage":{"@id":"https:\/\/www.ankarsrum.com\/no\/product\/matstapper-tamper\/#primaryimage"},"image":{"@id":"https:\/\/www.ankarsrum.com\/no\/product\/matstapper-tamper\/#primaryimage"},"thumbnailUrl":"https:\/\/www.ankarsrum.com\/img-srv\/VFdza7DqHI9G9bDUqciFcW07IVUdlATysJbbODx3ZsE\/resizing_type:auto\/width:0\/height:0\/gravity:sm\/enlarge:1\/ext:webp\/strip_metadata:1\/quality:90\/cachebuster:filesize-82779\/bG9jYWw6Ly8vd3d3LmFua2Fyc3J1bS5jb20vd3AtY29udGVudC91cGxvYWRzL3NpdGVzLzE0LzIwMjQvMDkvdGFtcGVyLnBuZw.webp","datePublished":"2024-07-15T11:56:07+00:00","dateModified":"2026-05-14T06:06:40+00:00","description":"Matstapper tamper som gj\u00f8r det enkelt og trygt \u00e5 f\u00f8re mat gjennom kj\u00f8ttkvernen. Praktisk tilbeh\u00f8r for Ankarsrum kj\u00f8kkenmaskin.","breadcrumb":{"@id":"https:\/\/www.ankarsrum.com\/no\/product\/matstapper-tamper\/#breadcrumb"},"inLanguage":"nb-NO","potentialAction":[{"@type":"ReadAction","target":["https:\/\/www.ankarsrum.com\/no\/product\/matstapper-tamper\/"]}]},{"@type":"ImageObject","inLanguage":"nb-NO","@id":"https:\/\/www.ankarsrum.com\/no\/product\/matstapper-tamper\/#primaryimage","url":"https:\/\/www.ankarsrum.com\/img-srv\/VFdza7DqHI9G9bDUqciFcW07IVUdlATysJbbODx3ZsE\/resizing_type:auto\/width:0\/height:0\/gravity:sm\/enlarge:1\/ext:webp\/strip_metadata:1\/quality:90\/cachebuster:filesize-82779\/bG9jYWw6Ly8vd3d3LmFua2Fyc3J1bS5jb20vd3AtY29udGVudC91cGxvYWRzL3NpdGVzLzE0LzIwMjQvMDkvdGFtcGVyLnBuZw.webp","contentUrl":"https:\/\/www.ankarsrum.com\/img-srv\/VFdza7DqHI9G9bDUqciFcW07IVUdlATysJbbODx3ZsE\/resizing_type:auto\/width:0\/height:0\/gravity:sm\/enlarge:1\/ext:webp\/strip_metadata:1\/quality:90\/cachebuster:filesize-82779\/bG9jYWw6Ly8vd3d3LmFua2Fyc3J1bS5jb20vd3AtY29udGVudC91cGxvYWRzL3NpdGVzLzE0LzIwMjQvMDkvdGFtcGVyLnBuZw.webp","width":1080,"height":1080},{"@type":"BreadcrumbList","@id":"https:\/\/www.ankarsrum.com\/no\/product\/matstapper-tamper\/#breadcrumb","itemListElement":[{"@type":"ListItem","position":1,"name":"Home","item":"https:\/\/www.ankarsrum.com\/no\/"},{"@type":"ListItem","position":2,"name":"Produce name","item":"https:\/\/www.ankarsrum.com\/no\/shop\/"},{"@type":"ListItem","position":3,"name":"Matstapper (Tamper)"}]},{"@type":"WebSite","@id":"https:\/\/www.ankarsrum.com\/no\/#website","url":"https:\/\/www.ankarsrum.com\/no\/","name":"Ankarsrum Norway","description":"The bread of the world","potentialAction":[{"@type":"SearchAction","target":{"@type":"EntryPoint","urlTemplate":"https:\/\/www.ankarsrum.com\/no\/?s={search_term_string}"},"query-input":{"@type":"PropertyValueSpecification","valueRequired":true,"valueName":"search_term_string"}}],"inLanguage":"nb-NO"}]}},"_links":{"self":[{"href":"https:\/\/www.ankarsrum.com\/no\/wp-json\/wp\/v2\/product\/13406","targetHints":{"allow":["GET"]}}],"collection":[{"href":"https:\/\/www.ankarsrum.com\/no\/wp-json\/wp\/v2\/product"}],"about":[{"href":"https:\/\/www.ankarsrum.com\/no\/wp-json\/wp\/v2\/types\/product"}],"replies":[{"embeddable":true,"href":"https:\/\/www.ankarsrum.com\/no\/wp-json\/wp\/v2\/comments?post=13406"}],"wp:featuredmedia":[{"embeddable":true,"href":"https:\/\/www.ankarsrum.com\/no\/wp-json\/wp\/v2\/media\/18176"}],"wp:attachment":[{"href":"https:\/\/www.ankarsrum.com\/no\/wp-json\/wp\/v2\/media?parent=13406"}],"wp:term":[{"taxonomy":"product_brand","embeddable":true,"href":"https:\/\/www.ankarsrum.com\/no\/wp-json\/wp\/v2\/product_brand?post=13406"},{"taxonomy":"product_cat","embeddable":true,"href":"https:\/\/www.ankarsrum.com\/no\/wp-json\/wp\/v2\/product_cat?post=13406"},{"taxonomy":"product_tag","embeddable":true,"href":"https:\/\/www.ankarsrum.com\/no\/wp-json\/wp\/v2\/product_tag?post=13406"},{"taxonomy":"product-tag","embeddable":true,"href":"https:\/\/www.ankarsrum.com\/no\/wp-json\/wp\/v2\/product-tag?post=13406"},{"taxonomy":"machines","embeddable":true,"href":"https:\/\/www.ankarsrum.com\/no\/wp-json\/wp\/v2\/machines?post=13406"},{"taxonomy":"filter","embeddable":true,"href":"https:\/\/www.ankarsrum.com\/no\/wp-json\/wp\/v2\/filter?post=13406"}],"curies":[{"name":"wp","href":"https:\/\/api.w.org\/{rel}","templated":true}]}}