{"id":14686,"date":"2024-07-16T15:07:54","date_gmt":"2024-07-16T13:07:54","guid":{"rendered":"https:\/\/www.ankarsrum.com\/no\/product\/vispebolle-i-rustfritt-stal-35-liter\/"},"modified":"2026-04-30T12:34:38","modified_gmt":"2026-04-30T10:34:38","slug":"vispebolle-i-rustfritt-stal-35-liter","status":"publish","type":"product","link":"https:\/\/www.ankarsrum.com\/no\/product\/vispebolle-i-rustfritt-stal-35-liter\/","title":{"rendered":"Vispebolle i rustfritt st\u00e5l, 3,5 liter"},"content":{"rendered":"<p><span>V\u00e5r vispbolle i rustfritt st\u00e5l er et must for alle som elsker \u00e5 bake. Bollen er laget av rustfritt st\u00e5l, noe som gj\u00f8r den b\u00e5de slitesterk og enkel \u00e5 rengj\u00f8re. Den t\u00e5ler h\u00f8ye temperaturer og er derfor perfekt til \u00e5 piske opp italiensk marengs og andre varmef\u00f8lsomme kreasjoner. Med sitt tidl\u00f8se design er den ikke bare et praktisk tilbeh\u00f8r, men ogs\u00e5 et elegant tillegg til kj\u00f8kkenbenken din.<\/span><\/p>\n<p><span>Vispsk\u00e5len har et sjener\u00f8st volum p\u00e5 3,5 liter og er utstyrt med volumm\u00e5l p\u00e5 innsiden og et solid h\u00e5ndtak for enkel bruk. Silikonringen i bunnen gir \u00f8kt stabilitet under bruk, slik at du kan fokusere p\u00e5 \u00e5 lage fantastiske bakevarer uten problemer. Med vispebolle i st\u00e5l fra Ankarsrum kan du l\u00f8fte dine bakverk til et nytt niv\u00e5 og med stil \u2013 et elegant tillegg til ditt kj\u00f8kken.<\/span><\/p>\n<p><span><strong>Vispebollen i st\u00e5l passer til alle modeller av Assistent Original N1-N30.<\/strong><br \/><br \/>Hva er inkludert?<\/span><\/p>\n<ul>\n<li class=\"MsoNormal\"><span>Vispebolle i rustfritt st\u00e5l<\/span><\/li>\n<li class=\"MsoNormal\"><span>Silikonring<\/span><span style=\"mso-ansi-language: NO-BOK;\"><strong><br \/><br \/><\/strong><\/span><\/li>\n<\/ul>","protected":false},"excerpt":{"rendered":"<p><span>L\u00f8ft bakevarene dine til nye h\u00f8yder med v\u00e5r vispebolle i rustfritt st\u00e5l! Perfekt til alt fra italiensk marengs til fargerike makroner. Bollen er b\u00e5de varmebestandig og slitesterk, enkel \u00e5 rengj\u00f8re og har et tidl\u00f8st design som passer inn i ethvert kj\u00f8kken. <\/span><\/p>\n","protected":false},"featured_media":18188,"comment_status":"open","ping_status":"closed","template":"","meta":{"_acf_changed":false,"content-type":"","editor_notices":[]},"product_brand":[],"product_cat":[453],"product_tag":[],"product-tag":[],"machines":[],"filter":[],"class_list":{"0":"post-14686","1":"product","2":"type-product","3":"status-publish","4":"has-post-thumbnail","6":"product_cat-ankarsrum-tilbehor","8":"first","9":"instock","10":"taxable","11":"shipping-taxable","12":"purchasable","13":"product-type-simple"},"bundled_by":[],"bundle_stock_status":"instock","bundle_stock_quantity":215,"bundle_virtual":false,"bundle_layout":"","bundle_add_to_cart_form_location":"","bundle_editable_in_cart":false,"bundle_sold_individually_context":"","bundle_item_grouping":"","bundle_min_size":"","bundle_max_size":"","bundle_price":[],"bundled_items":[],"bundle_sell_ids":[],"acf":[],"shsp-ext":{"main":{},"variations":[]},"yoast_head":"<!-- This site is optimized with the Yoast SEO Premium plugin v26.6 (Yoast SEO v26.6) - https:\/\/yoast.com\/wordpress\/plugins\/seo\/ -->\n<title>Vispebolle i rustfritt st\u00e5l 3,5 liter \u2013 Slitesterk kvalitet<\/title>\n<meta name=\"description\" content=\"Vispebolle i rustfritt st\u00e5l for effektiv miksing og visping. Holdbar og praktisk bolle som passer perfekt til alle dine baking- og matlagingsbehov.\" \/>\n<meta name=\"robots\" content=\"index, follow, max-snippet:-1, max-image-preview:large, max-video-preview:-1\" \/>\n<link rel=\"canonical\" href=\"https:\/\/www.ankarsrum.com\/no\/product\/vispebolle-i-rustfritt-stal-35-liter\/\" \/>\n<meta property=\"og:locale\" content=\"nb_NO\" \/>\n<meta property=\"og:type\" content=\"article\" \/>\n<meta property=\"og:title\" content=\"Vispebolle i rustfritt st\u00e5l, 3,5 liter\" \/>\n<meta property=\"og:description\" content=\"Vispebolle i rustfritt st\u00e5l for effektiv miksing og visping. Holdbar og praktisk bolle som passer perfekt til alle dine baking- og matlagingsbehov.\" \/>\n<meta property=\"og:url\" content=\"https:\/\/www.ankarsrum.com\/no\/product\/vispebolle-i-rustfritt-stal-35-liter\/\" \/>\n<meta property=\"og:site_name\" content=\"Ankarsrum Norway\" \/>\n<meta property=\"article:modified_time\" content=\"2026-04-30T10:34:38+00:00\" \/>\n<meta property=\"og:image\" content=\"https:\/\/www.ankarsrum.com\/no\/wp-content\/uploads\/sites\/14\/2024\/09\/beater-bowl-in-stainless-steel.jpg\" \/>\n\t<meta property=\"og:image:width\" content=\"1200\" \/>\n\t<meta property=\"og:image:height\" content=\"630\" \/>\n\t<meta property=\"og:image:type\" content=\"image\/jpeg\" \/>\n<meta name=\"twitter:card\" content=\"summary_large_image\" \/>\n<meta name=\"twitter:label1\" content=\"Ansl. lesetid\" \/>\n\t<meta name=\"twitter:data1\" content=\"1 minutt\" \/>\n<script type=\"application\/ld+json\" class=\"yoast-schema-graph\">{\"@context\":\"https:\/\/schema.org\",\"@graph\":[{\"@type\":\"WebPage\",\"@id\":\"https:\/\/www.ankarsrum.com\/no\/product\/vispebolle-i-rustfritt-stal-35-liter\/\",\"url\":\"https:\/\/www.ankarsrum.com\/no\/product\/vispebolle-i-rustfritt-stal-35-liter\/\",\"name\":\"Vispebolle i rustfritt st\u00e5l 3,5 liter \u2013 Slitesterk kvalitet\",\"isPartOf\":{\"@id\":\"https:\/\/www.ankarsrum.com\/no\/#website\"},\"primaryImageOfPage\":{\"@id\":\"https:\/\/www.ankarsrum.com\/no\/product\/vispebolle-i-rustfritt-stal-35-liter\/#primaryimage\"},\"image\":{\"@id\":\"https:\/\/www.ankarsrum.com\/no\/product\/vispebolle-i-rustfritt-stal-35-liter\/#primaryimage\"},\"thumbnailUrl\":\"https:\/\/www.ankarsrum.com\/img-srv\/ctW9Rlk8-9Juwf5dUZaLBATnzEP-l8ejY8NENcMRN24\/resizing_type:auto\/width:0\/height:0\/gravity:sm\/enlarge:1\/ext:webp\/strip_metadata:1\/quality:90\/cachebuster:filesize-115069\/bG9jYWw6Ly8vd3d3LmFua2Fyc3J1bS5jb20vd3AtY29udGVudC91cGxvYWRzL3NpdGVzLzE0LzIwMjQvMDkvYmVhdGVyLWJvd2wtaW4tc3RhaW5sZXNzLXN0ZWVsLmpwZw.webp\",\"datePublished\":\"2024-07-16T13:07:54+00:00\",\"dateModified\":\"2026-04-30T10:34:38+00:00\",\"description\":\"Vispebolle i rustfritt st\u00e5l for effektiv miksing og visping. Holdbar og praktisk bolle som passer perfekt til alle dine baking- og matlagingsbehov.\",\"breadcrumb\":{\"@id\":\"https:\/\/www.ankarsrum.com\/no\/product\/vispebolle-i-rustfritt-stal-35-liter\/#breadcrumb\"},\"inLanguage\":\"nb-NO\",\"potentialAction\":[{\"@type\":\"ReadAction\",\"target\":[\"https:\/\/www.ankarsrum.com\/no\/product\/vispebolle-i-rustfritt-stal-35-liter\/\"]}]},{\"@type\":\"ImageObject\",\"inLanguage\":\"nb-NO\",\"@id\":\"https:\/\/www.ankarsrum.com\/no\/product\/vispebolle-i-rustfritt-stal-35-liter\/#primaryimage\",\"url\":\"https:\/\/www.ankarsrum.com\/img-srv\/ctW9Rlk8-9Juwf5dUZaLBATnzEP-l8ejY8NENcMRN24\/resizing_type:auto\/width:0\/height:0\/gravity:sm\/enlarge:1\/ext:webp\/strip_metadata:1\/quality:90\/cachebuster:filesize-115069\/bG9jYWw6Ly8vd3d3LmFua2Fyc3J1bS5jb20vd3AtY29udGVudC91cGxvYWRzL3NpdGVzLzE0LzIwMjQvMDkvYmVhdGVyLWJvd2wtaW4tc3RhaW5sZXNzLXN0ZWVsLmpwZw.webp\",\"contentUrl\":\"https:\/\/www.ankarsrum.com\/img-srv\/ctW9Rlk8-9Juwf5dUZaLBATnzEP-l8ejY8NENcMRN24\/resizing_type:auto\/width:0\/height:0\/gravity:sm\/enlarge:1\/ext:webp\/strip_metadata:1\/quality:90\/cachebuster:filesize-115069\/bG9jYWw6Ly8vd3d3LmFua2Fyc3J1bS5jb20vd3AtY29udGVudC91cGxvYWRzL3NpdGVzLzE0LzIwMjQvMDkvYmVhdGVyLWJvd2wtaW4tc3RhaW5sZXNzLXN0ZWVsLmpwZw.webp\",\"width\":2000,\"height\":2000},{\"@type\":\"BreadcrumbList\",\"@id\":\"https:\/\/www.ankarsrum.com\/no\/product\/vispebolle-i-rustfritt-stal-35-liter\/#breadcrumb\",\"itemListElement\":[{\"@type\":\"ListItem\",\"position\":1,\"name\":\"Home\",\"item\":\"https:\/\/www.ankarsrum.com\/no\/\"},{\"@type\":\"ListItem\",\"position\":2,\"name\":\"Produce name\",\"item\":\"https:\/\/www.ankarsrum.com\/no\/shop\/\"},{\"@type\":\"ListItem\",\"position\":3,\"name\":\"Vispebolle i rustfritt st\u00e5l, 3,5 liter\"}]},{\"@type\":\"WebSite\",\"@id\":\"https:\/\/www.ankarsrum.com\/no\/#website\",\"url\":\"https:\/\/www.ankarsrum.com\/no\/\",\"name\":\"Ankarsrum Norway\",\"description\":\"The bread of the world\",\"potentialAction\":[{\"@type\":\"SearchAction\",\"target\":{\"@type\":\"EntryPoint\",\"urlTemplate\":\"https:\/\/www.ankarsrum.com\/no\/?s={search_term_string}\"},\"query-input\":{\"@type\":\"PropertyValueSpecification\",\"valueRequired\":true,\"valueName\":\"search_term_string\"}}],\"inLanguage\":\"nb-NO\"}]}<\/script>\n<!-- \/ Yoast SEO Premium plugin. -->","yoast_head_json":{"title":"Vispebolle i rustfritt st\u00e5l 3,5 liter \u2013 Slitesterk kvalitet","description":"Vispebolle i rustfritt st\u00e5l for effektiv miksing og visping. Holdbar og praktisk bolle som passer perfekt til alle dine baking- og matlagingsbehov.","robots":{"index":"index","follow":"follow","max-snippet":"max-snippet:-1","max-image-preview":"max-image-preview:large","max-video-preview":"max-video-preview:-1"},"canonical":"https:\/\/www.ankarsrum.com\/no\/product\/vispebolle-i-rustfritt-stal-35-liter\/","og_locale":"nb_NO","og_type":"article","og_title":"Vispebolle i rustfritt st\u00e5l, 3,5 liter","og_description":"Vispebolle i rustfritt st\u00e5l for effektiv miksing og visping. Holdbar og praktisk bolle som passer perfekt til alle dine baking- og matlagingsbehov.","og_url":"https:\/\/www.ankarsrum.com\/no\/product\/vispebolle-i-rustfritt-stal-35-liter\/","og_site_name":"Ankarsrum Norway","article_modified_time":"2026-04-30T10:34:38+00:00","og_image":[{"width":1200,"height":630,"url":"https:\/\/www.ankarsrum.com\/no\/wp-content\/uploads\/sites\/14\/2024\/09\/beater-bowl-in-stainless-steel.jpg","type":"image\/jpeg"}],"twitter_card":"summary_large_image","twitter_misc":{"Ansl. lesetid":"1 minutt"},"schema":{"@context":"https:\/\/schema.org","@graph":[{"@type":"WebPage","@id":"https:\/\/www.ankarsrum.com\/no\/product\/vispebolle-i-rustfritt-stal-35-liter\/","url":"https:\/\/www.ankarsrum.com\/no\/product\/vispebolle-i-rustfritt-stal-35-liter\/","name":"Vispebolle i rustfritt st\u00e5l 3,5 liter \u2013 Slitesterk kvalitet","isPartOf":{"@id":"https:\/\/www.ankarsrum.com\/no\/#website"},"primaryImageOfPage":{"@id":"https:\/\/www.ankarsrum.com\/no\/product\/vispebolle-i-rustfritt-stal-35-liter\/#primaryimage"},"image":{"@id":"https:\/\/www.ankarsrum.com\/no\/product\/vispebolle-i-rustfritt-stal-35-liter\/#primaryimage"},"thumbnailUrl":"https:\/\/www.ankarsrum.com\/img-srv\/ctW9Rlk8-9Juwf5dUZaLBATnzEP-l8ejY8NENcMRN24\/resizing_type:auto\/width:0\/height:0\/gravity:sm\/enlarge:1\/ext:webp\/strip_metadata:1\/quality:90\/cachebuster:filesize-115069\/bG9jYWw6Ly8vd3d3LmFua2Fyc3J1bS5jb20vd3AtY29udGVudC91cGxvYWRzL3NpdGVzLzE0LzIwMjQvMDkvYmVhdGVyLWJvd2wtaW4tc3RhaW5sZXNzLXN0ZWVsLmpwZw.webp","datePublished":"2024-07-16T13:07:54+00:00","dateModified":"2026-04-30T10:34:38+00:00","description":"Vispebolle i rustfritt st\u00e5l for effektiv miksing og visping. Holdbar og praktisk bolle som passer perfekt til alle dine baking- og matlagingsbehov.","breadcrumb":{"@id":"https:\/\/www.ankarsrum.com\/no\/product\/vispebolle-i-rustfritt-stal-35-liter\/#breadcrumb"},"inLanguage":"nb-NO","potentialAction":[{"@type":"ReadAction","target":["https:\/\/www.ankarsrum.com\/no\/product\/vispebolle-i-rustfritt-stal-35-liter\/"]}]},{"@type":"ImageObject","inLanguage":"nb-NO","@id":"https:\/\/www.ankarsrum.com\/no\/product\/vispebolle-i-rustfritt-stal-35-liter\/#primaryimage","url":"https:\/\/www.ankarsrum.com\/img-srv\/ctW9Rlk8-9Juwf5dUZaLBATnzEP-l8ejY8NENcMRN24\/resizing_type:auto\/width:0\/height:0\/gravity:sm\/enlarge:1\/ext:webp\/strip_metadata:1\/quality:90\/cachebuster:filesize-115069\/bG9jYWw6Ly8vd3d3LmFua2Fyc3J1bS5jb20vd3AtY29udGVudC91cGxvYWRzL3NpdGVzLzE0LzIwMjQvMDkvYmVhdGVyLWJvd2wtaW4tc3RhaW5sZXNzLXN0ZWVsLmpwZw.webp","contentUrl":"https:\/\/www.ankarsrum.com\/img-srv\/ctW9Rlk8-9Juwf5dUZaLBATnzEP-l8ejY8NENcMRN24\/resizing_type:auto\/width:0\/height:0\/gravity:sm\/enlarge:1\/ext:webp\/strip_metadata:1\/quality:90\/cachebuster:filesize-115069\/bG9jYWw6Ly8vd3d3LmFua2Fyc3J1bS5jb20vd3AtY29udGVudC91cGxvYWRzL3NpdGVzLzE0LzIwMjQvMDkvYmVhdGVyLWJvd2wtaW4tc3RhaW5sZXNzLXN0ZWVsLmpwZw.webp","width":2000,"height":2000},{"@type":"BreadcrumbList","@id":"https:\/\/www.ankarsrum.com\/no\/product\/vispebolle-i-rustfritt-stal-35-liter\/#breadcrumb","itemListElement":[{"@type":"ListItem","position":1,"name":"Home","item":"https:\/\/www.ankarsrum.com\/no\/"},{"@type":"ListItem","position":2,"name":"Produce name","item":"https:\/\/www.ankarsrum.com\/no\/shop\/"},{"@type":"ListItem","position":3,"name":"Vispebolle i rustfritt st\u00e5l, 3,5 liter"}]},{"@type":"WebSite","@id":"https:\/\/www.ankarsrum.com\/no\/#website","url":"https:\/\/www.ankarsrum.com\/no\/","name":"Ankarsrum Norway","description":"The bread of the world","potentialAction":[{"@type":"SearchAction","target":{"@type":"EntryPoint","urlTemplate":"https:\/\/www.ankarsrum.com\/no\/?s={search_term_string}"},"query-input":{"@type":"PropertyValueSpecification","valueRequired":true,"valueName":"search_term_string"}}],"inLanguage":"nb-NO"}]}},"_links":{"self":[{"href":"https:\/\/www.ankarsrum.com\/no\/wp-json\/wp\/v2\/product\/14686","targetHints":{"allow":["GET"]}}],"collection":[{"href":"https:\/\/www.ankarsrum.com\/no\/wp-json\/wp\/v2\/product"}],"about":[{"href":"https:\/\/www.ankarsrum.com\/no\/wp-json\/wp\/v2\/types\/product"}],"replies":[{"embeddable":true,"href":"https:\/\/www.ankarsrum.com\/no\/wp-json\/wp\/v2\/comments?post=14686"}],"wp:featuredmedia":[{"embeddable":true,"href":"https:\/\/www.ankarsrum.com\/no\/wp-json\/wp\/v2\/media\/18188"}],"wp:attachment":[{"href":"https:\/\/www.ankarsrum.com\/no\/wp-json\/wp\/v2\/media?parent=14686"}],"wp:term":[{"taxonomy":"product_brand","embeddable":true,"href":"https:\/\/www.ankarsrum.com\/no\/wp-json\/wp\/v2\/product_brand?post=14686"},{"taxonomy":"product_cat","embeddable":true,"href":"https:\/\/www.ankarsrum.com\/no\/wp-json\/wp\/v2\/product_cat?post=14686"},{"taxonomy":"product_tag","embeddable":true,"href":"https:\/\/www.ankarsrum.com\/no\/wp-json\/wp\/v2\/product_tag?post=14686"},{"taxonomy":"product-tag","embeddable":true,"href":"https:\/\/www.ankarsrum.com\/no\/wp-json\/wp\/v2\/product-tag?post=14686"},{"taxonomy":"machines","embeddable":true,"href":"https:\/\/www.ankarsrum.com\/no\/wp-json\/wp\/v2\/machines?post=14686"},{"taxonomy":"filter","embeddable":true,"href":"https:\/\/www.ankarsrum.com\/no\/wp-json\/wp\/v2\/filter?post=14686"}],"curies":[{"name":"wp","href":"https:\/\/api.w.org\/{rel}","templated":true}]}}