{"id":14774,"date":"2024-07-16T11:08:59","date_gmt":"2024-07-16T09:08:59","guid":{"rendered":"https:\/\/www.ankarsrum.com\/no\/product\/iskrem-tilbehor-2\/"},"modified":"2026-04-30T06:56:55","modified_gmt":"2026-04-30T04:56:55","slug":"iskrem-tilbehor","status":"publish","type":"product","link":"https:\/\/www.ankarsrum.com\/no\/product\/iskrem-tilbehor\/","title":{"rendered":"Iskremmaskin"},"content":{"rendered":"<p><span>Med Ankarsrums Iskremmaskin, som enkelt monteres p\u00e5 din Ankarsrum Assistent, blir det b\u00e5de enkelt og morsomt \u00e5 lage din egen iskrem. Det er en aktivitet som hele familien kan glede seg over, b\u00e5de store og sm\u00e5. Enten du har lyst p\u00e5 klassisk vaniljeis, fersk sorbet eller en kremet frossen yoghurt, f\u00e5r du alltid et perfekt resultat. Iskremmaskinen er laget i Italia med profesjonell kvalitet, som lar deg nyte f\u00f8rsteklasses hjemmelaget iskrem.<\/span><\/p>\n<p><span>Frysebollen har en kapasitet p\u00e5 opptil 700 g ingredienser, noe som gir deg hele 1,5 liter spiseklar iskrem. Sett frysebollen i fryseren i 20-24 timer f\u00f8r bruk, og s\u00e5 er det bare \u00e5 begynne \u00e5 eksperimentere med favorittsmakene dine. Liker du sitron, jordb\u00e6r eller pistasj? Med Ankarsrums iskremmaskin er det bare fantasien som setter grenser!<\/span><\/p>\n<p><span>Det beste er at pakken inneholder komplett iskremtilbeh\u00f8r og lokk, slik at du kan servere rett fra frysesk\u00e5len. Lag dine favorittsmaker og la hele familien nyte hjemmelaget iskrem akkurat slik du liker den. Ankarsrums Iskremmaskin er perfekt for deg som \u00f8nsker \u00e5 lage is som proffene, men hjemme p\u00e5 ditt eget kj\u00f8kken.<br \/><br \/><strong>Iskremmaskinen passer til modell N3-N30.<\/strong><\/span><\/p>\n<p><span>Hva er inkludert?<\/span><\/p>\n<ul>\n<li><span>Ytre bolle iskremmaskin<\/span><\/li>\n<li><span>Bunnplate iskremmaskin<\/span><\/li>\n<li><span>Frysebolle (205 mm diameter, 135 mm h\u00f8y)<\/span><\/li>\n<li><span>Lokk til frysebolle<\/span><\/li>\n<li><span>Slikkepott<\/span><\/li>\n<li><span>Blandeskje<\/span><\/li>\n<\/ul>","protected":false},"excerpt":{"rendered":"<p class=\"MsoNormal\"><span style=\"mso-ansi-language: NO-BOK;\">Lag din egen is hjemme med Ankarsrums Iskremmaskin, det er b\u00e5de enkelt og morsomt. Lag alt fra klassisk vanilje til ferske sorbeter \u2013 en aktivitet som hele familien kan glede seg over. Lag iskrem som proffene \u2013 p\u00e5 ditt eget kj\u00f8kken!<\/span><\/p>\n","protected":false},"featured_media":18243,"comment_status":"open","ping_status":"closed","template":"","meta":{"_acf_changed":false,"content-type":"","editor_notices":[]},"product_brand":[],"product_cat":[453],"product_tag":[],"product-tag":[],"machines":[],"filter":[],"class_list":{"0":"post-14774","1":"product","2":"type-product","3":"status-publish","4":"has-post-thumbnail","6":"product_cat-ankarsrum-tilbehor","8":"first","9":"instock","10":"taxable","11":"shipping-taxable","12":"purchasable","13":"product-type-simple"},"bundled_by":[],"bundle_stock_status":"instock","bundle_stock_quantity":158,"bundle_virtual":false,"bundle_layout":"","bundle_add_to_cart_form_location":"","bundle_editable_in_cart":false,"bundle_sold_individually_context":"","bundle_item_grouping":"","bundle_min_size":"","bundle_max_size":"","bundle_price":[],"bundled_items":[],"bundle_sell_ids":[],"acf":[],"shsp-ext":{"main":{},"variations":[]},"yoast_head":"<!-- This site is optimized with the Yoast SEO Premium plugin v26.6 (Yoast SEO v26.6) - https:\/\/yoast.com\/wordpress\/plugins\/seo\/ -->\n<title>Iskremmaskin \u2013 Lag hjemmelaget iskrem enkelt<\/title>\n<meta name=\"description\" content=\"Iskremmaskin som hjelper deg \u00e5 lage hjemmelaget iskrem enkelt. Perfekt for b\u00e5de nybegynnere og entusiaster som elsker fersk iskrem.\" \/>\n<meta name=\"robots\" content=\"index, follow, max-snippet:-1, max-image-preview:large, max-video-preview:-1\" \/>\n<link rel=\"canonical\" href=\"https:\/\/www.ankarsrum.com\/no\/product\/iskrem-tilbehor\/\" \/>\n<meta property=\"og:locale\" content=\"nb_NO\" \/>\n<meta property=\"og:type\" content=\"article\" \/>\n<meta property=\"og:title\" content=\"Iskremmaskin\" \/>\n<meta property=\"og:description\" content=\"Iskremmaskin som hjelper deg \u00e5 lage hjemmelaget iskrem enkelt. Perfekt for b\u00e5de nybegynnere og entusiaster som elsker fersk iskrem.\" \/>\n<meta property=\"og:url\" content=\"https:\/\/www.ankarsrum.com\/no\/product\/iskrem-tilbehor\/\" \/>\n<meta property=\"og:site_name\" content=\"Ankarsrum Norway\" \/>\n<meta property=\"article:modified_time\" content=\"2026-04-30T04:56:55+00:00\" \/>\n<meta property=\"og:image\" content=\"https:\/\/www.ankarsrum.com\/no\/wp-content\/uploads\/sites\/14\/2024\/09\/icecreammaker-med-spatel.jpg\" \/>\n\t<meta property=\"og:image:width\" content=\"1200\" \/>\n\t<meta property=\"og:image:height\" content=\"630\" \/>\n\t<meta property=\"og:image:type\" content=\"image\/jpeg\" \/>\n<meta name=\"twitter:card\" content=\"summary_large_image\" \/>\n<meta name=\"twitter:label1\" content=\"Ansl. lesetid\" \/>\n\t<meta name=\"twitter:data1\" content=\"1 minutt\" \/>\n<script type=\"application\/ld+json\" class=\"yoast-schema-graph\">{\"@context\":\"https:\/\/schema.org\",\"@graph\":[{\"@type\":\"WebPage\",\"@id\":\"https:\/\/www.ankarsrum.com\/no\/product\/iskrem-tilbehor\/\",\"url\":\"https:\/\/www.ankarsrum.com\/no\/product\/iskrem-tilbehor\/\",\"name\":\"Iskremmaskin \u2013 Lag hjemmelaget iskrem enkelt\",\"isPartOf\":{\"@id\":\"https:\/\/www.ankarsrum.com\/no\/#website\"},\"primaryImageOfPage\":{\"@id\":\"https:\/\/www.ankarsrum.com\/no\/product\/iskrem-tilbehor\/#primaryimage\"},\"image\":{\"@id\":\"https:\/\/www.ankarsrum.com\/no\/product\/iskrem-tilbehor\/#primaryimage\"},\"thumbnailUrl\":\"https:\/\/www.ankarsrum.com\/img-srv\/Lu2FOMqKVxkGioqlyikJEdi7XxcpN18OWQVGh9dFNHw\/resizing_type:auto\/width:0\/height:0\/gravity:sm\/enlarge:1\/ext:webp\/strip_metadata:1\/quality:90\/cachebuster:filesize-135773\/bG9jYWw6Ly8vd3d3LmFua2Fyc3J1bS5jb20vd3AtY29udGVudC91cGxvYWRzL3NpdGVzLzE0LzIwMjQvMDkvaWNlY3JlYW1tYWtlci1tZWQtc3BhdGVsLmpwZw.webp\",\"datePublished\":\"2024-07-16T09:08:59+00:00\",\"dateModified\":\"2026-04-30T04:56:55+00:00\",\"description\":\"Iskremmaskin som hjelper deg \u00e5 lage hjemmelaget iskrem enkelt. Perfekt for b\u00e5de nybegynnere og entusiaster som elsker fersk iskrem.\",\"breadcrumb\":{\"@id\":\"https:\/\/www.ankarsrum.com\/no\/product\/iskrem-tilbehor\/#breadcrumb\"},\"inLanguage\":\"nb-NO\",\"potentialAction\":[{\"@type\":\"ReadAction\",\"target\":[\"https:\/\/www.ankarsrum.com\/no\/product\/iskrem-tilbehor\/\"]}]},{\"@type\":\"ImageObject\",\"inLanguage\":\"nb-NO\",\"@id\":\"https:\/\/www.ankarsrum.com\/no\/product\/iskrem-tilbehor\/#primaryimage\",\"url\":\"https:\/\/www.ankarsrum.com\/img-srv\/Lu2FOMqKVxkGioqlyikJEdi7XxcpN18OWQVGh9dFNHw\/resizing_type:auto\/width:0\/height:0\/gravity:sm\/enlarge:1\/ext:webp\/strip_metadata:1\/quality:90\/cachebuster:filesize-135773\/bG9jYWw6Ly8vd3d3LmFua2Fyc3J1bS5jb20vd3AtY29udGVudC91cGxvYWRzL3NpdGVzLzE0LzIwMjQvMDkvaWNlY3JlYW1tYWtlci1tZWQtc3BhdGVsLmpwZw.webp\",\"contentUrl\":\"https:\/\/www.ankarsrum.com\/img-srv\/Lu2FOMqKVxkGioqlyikJEdi7XxcpN18OWQVGh9dFNHw\/resizing_type:auto\/width:0\/height:0\/gravity:sm\/enlarge:1\/ext:webp\/strip_metadata:1\/quality:90\/cachebuster:filesize-135773\/bG9jYWw6Ly8vd3d3LmFua2Fyc3J1bS5jb20vd3AtY29udGVudC91cGxvYWRzL3NpdGVzLzE0LzIwMjQvMDkvaWNlY3JlYW1tYWtlci1tZWQtc3BhdGVsLmpwZw.webp\",\"width\":2000,\"height\":2000},{\"@type\":\"BreadcrumbList\",\"@id\":\"https:\/\/www.ankarsrum.com\/no\/product\/iskrem-tilbehor\/#breadcrumb\",\"itemListElement\":[{\"@type\":\"ListItem\",\"position\":1,\"name\":\"Home\",\"item\":\"https:\/\/www.ankarsrum.com\/no\/\"},{\"@type\":\"ListItem\",\"position\":2,\"name\":\"Produce name\",\"item\":\"https:\/\/www.ankarsrum.com\/no\/shop\/\"},{\"@type\":\"ListItem\",\"position\":3,\"name\":\"Iskremmaskin\"}]},{\"@type\":\"WebSite\",\"@id\":\"https:\/\/www.ankarsrum.com\/no\/#website\",\"url\":\"https:\/\/www.ankarsrum.com\/no\/\",\"name\":\"Ankarsrum Norway\",\"description\":\"The bread of the world\",\"potentialAction\":[{\"@type\":\"SearchAction\",\"target\":{\"@type\":\"EntryPoint\",\"urlTemplate\":\"https:\/\/www.ankarsrum.com\/no\/?s={search_term_string}\"},\"query-input\":{\"@type\":\"PropertyValueSpecification\",\"valueRequired\":true,\"valueName\":\"search_term_string\"}}],\"inLanguage\":\"nb-NO\"}]}<\/script>\n<!-- \/ Yoast SEO Premium plugin. -->","yoast_head_json":{"title":"Iskremmaskin \u2013 Lag hjemmelaget iskrem enkelt","description":"Iskremmaskin som hjelper deg \u00e5 lage hjemmelaget iskrem enkelt. Perfekt for b\u00e5de nybegynnere og entusiaster som elsker fersk iskrem.","robots":{"index":"index","follow":"follow","max-snippet":"max-snippet:-1","max-image-preview":"max-image-preview:large","max-video-preview":"max-video-preview:-1"},"canonical":"https:\/\/www.ankarsrum.com\/no\/product\/iskrem-tilbehor\/","og_locale":"nb_NO","og_type":"article","og_title":"Iskremmaskin","og_description":"Iskremmaskin som hjelper deg \u00e5 lage hjemmelaget iskrem enkelt. Perfekt for b\u00e5de nybegynnere og entusiaster som elsker fersk iskrem.","og_url":"https:\/\/www.ankarsrum.com\/no\/product\/iskrem-tilbehor\/","og_site_name":"Ankarsrum Norway","article_modified_time":"2026-04-30T04:56:55+00:00","og_image":[{"width":1200,"height":630,"url":"https:\/\/www.ankarsrum.com\/no\/wp-content\/uploads\/sites\/14\/2024\/09\/icecreammaker-med-spatel.jpg","type":"image\/jpeg"}],"twitter_card":"summary_large_image","twitter_misc":{"Ansl. lesetid":"1 minutt"},"schema":{"@context":"https:\/\/schema.org","@graph":[{"@type":"WebPage","@id":"https:\/\/www.ankarsrum.com\/no\/product\/iskrem-tilbehor\/","url":"https:\/\/www.ankarsrum.com\/no\/product\/iskrem-tilbehor\/","name":"Iskremmaskin \u2013 Lag hjemmelaget iskrem enkelt","isPartOf":{"@id":"https:\/\/www.ankarsrum.com\/no\/#website"},"primaryImageOfPage":{"@id":"https:\/\/www.ankarsrum.com\/no\/product\/iskrem-tilbehor\/#primaryimage"},"image":{"@id":"https:\/\/www.ankarsrum.com\/no\/product\/iskrem-tilbehor\/#primaryimage"},"thumbnailUrl":"https:\/\/www.ankarsrum.com\/img-srv\/Lu2FOMqKVxkGioqlyikJEdi7XxcpN18OWQVGh9dFNHw\/resizing_type:auto\/width:0\/height:0\/gravity:sm\/enlarge:1\/ext:webp\/strip_metadata:1\/quality:90\/cachebuster:filesize-135773\/bG9jYWw6Ly8vd3d3LmFua2Fyc3J1bS5jb20vd3AtY29udGVudC91cGxvYWRzL3NpdGVzLzE0LzIwMjQvMDkvaWNlY3JlYW1tYWtlci1tZWQtc3BhdGVsLmpwZw.webp","datePublished":"2024-07-16T09:08:59+00:00","dateModified":"2026-04-30T04:56:55+00:00","description":"Iskremmaskin som hjelper deg \u00e5 lage hjemmelaget iskrem enkelt. Perfekt for b\u00e5de nybegynnere og entusiaster som elsker fersk iskrem.","breadcrumb":{"@id":"https:\/\/www.ankarsrum.com\/no\/product\/iskrem-tilbehor\/#breadcrumb"},"inLanguage":"nb-NO","potentialAction":[{"@type":"ReadAction","target":["https:\/\/www.ankarsrum.com\/no\/product\/iskrem-tilbehor\/"]}]},{"@type":"ImageObject","inLanguage":"nb-NO","@id":"https:\/\/www.ankarsrum.com\/no\/product\/iskrem-tilbehor\/#primaryimage","url":"https:\/\/www.ankarsrum.com\/img-srv\/Lu2FOMqKVxkGioqlyikJEdi7XxcpN18OWQVGh9dFNHw\/resizing_type:auto\/width:0\/height:0\/gravity:sm\/enlarge:1\/ext:webp\/strip_metadata:1\/quality:90\/cachebuster:filesize-135773\/bG9jYWw6Ly8vd3d3LmFua2Fyc3J1bS5jb20vd3AtY29udGVudC91cGxvYWRzL3NpdGVzLzE0LzIwMjQvMDkvaWNlY3JlYW1tYWtlci1tZWQtc3BhdGVsLmpwZw.webp","contentUrl":"https:\/\/www.ankarsrum.com\/img-srv\/Lu2FOMqKVxkGioqlyikJEdi7XxcpN18OWQVGh9dFNHw\/resizing_type:auto\/width:0\/height:0\/gravity:sm\/enlarge:1\/ext:webp\/strip_metadata:1\/quality:90\/cachebuster:filesize-135773\/bG9jYWw6Ly8vd3d3LmFua2Fyc3J1bS5jb20vd3AtY29udGVudC91cGxvYWRzL3NpdGVzLzE0LzIwMjQvMDkvaWNlY3JlYW1tYWtlci1tZWQtc3BhdGVsLmpwZw.webp","width":2000,"height":2000},{"@type":"BreadcrumbList","@id":"https:\/\/www.ankarsrum.com\/no\/product\/iskrem-tilbehor\/#breadcrumb","itemListElement":[{"@type":"ListItem","position":1,"name":"Home","item":"https:\/\/www.ankarsrum.com\/no\/"},{"@type":"ListItem","position":2,"name":"Produce name","item":"https:\/\/www.ankarsrum.com\/no\/shop\/"},{"@type":"ListItem","position":3,"name":"Iskremmaskin"}]},{"@type":"WebSite","@id":"https:\/\/www.ankarsrum.com\/no\/#website","url":"https:\/\/www.ankarsrum.com\/no\/","name":"Ankarsrum Norway","description":"The bread of the world","potentialAction":[{"@type":"SearchAction","target":{"@type":"EntryPoint","urlTemplate":"https:\/\/www.ankarsrum.com\/no\/?s={search_term_string}"},"query-input":{"@type":"PropertyValueSpecification","valueRequired":true,"valueName":"search_term_string"}}],"inLanguage":"nb-NO"}]}},"_links":{"self":[{"href":"https:\/\/www.ankarsrum.com\/no\/wp-json\/wp\/v2\/product\/14774","targetHints":{"allow":["GET"]}}],"collection":[{"href":"https:\/\/www.ankarsrum.com\/no\/wp-json\/wp\/v2\/product"}],"about":[{"href":"https:\/\/www.ankarsrum.com\/no\/wp-json\/wp\/v2\/types\/product"}],"replies":[{"embeddable":true,"href":"https:\/\/www.ankarsrum.com\/no\/wp-json\/wp\/v2\/comments?post=14774"}],"wp:featuredmedia":[{"embeddable":true,"href":"https:\/\/www.ankarsrum.com\/no\/wp-json\/wp\/v2\/media\/18243"}],"wp:attachment":[{"href":"https:\/\/www.ankarsrum.com\/no\/wp-json\/wp\/v2\/media?parent=14774"}],"wp:term":[{"taxonomy":"product_brand","embeddable":true,"href":"https:\/\/www.ankarsrum.com\/no\/wp-json\/wp\/v2\/product_brand?post=14774"},{"taxonomy":"product_cat","embeddable":true,"href":"https:\/\/www.ankarsrum.com\/no\/wp-json\/wp\/v2\/product_cat?post=14774"},{"taxonomy":"product_tag","embeddable":true,"href":"https:\/\/www.ankarsrum.com\/no\/wp-json\/wp\/v2\/product_tag?post=14774"},{"taxonomy":"product-tag","embeddable":true,"href":"https:\/\/www.ankarsrum.com\/no\/wp-json\/wp\/v2\/product-tag?post=14774"},{"taxonomy":"machines","embeddable":true,"href":"https:\/\/www.ankarsrum.com\/no\/wp-json\/wp\/v2\/machines?post=14774"},{"taxonomy":"filter","embeddable":true,"href":"https:\/\/www.ankarsrum.com\/no\/wp-json\/wp\/v2\/filter?post=14774"}],"curies":[{"name":"wp","href":"https:\/\/api.w.org\/{rel}","templated":true}]}}