{"id":16486,"date":"2024-07-04T08:32:02","date_gmt":"2024-07-04T06:32:02","guid":{"rendered":"https:\/\/www.ankarsrum.com\/no\/product\/pastavals-basispakke\/"},"modified":"2026-05-06T11:00:39","modified_gmt":"2026-05-06T09:00:39","slug":"pastavals-basispakke","status":"publish","type":"product","link":"https:\/\/www.ankarsrum.com\/no\/product\/pastavals-basispakke\/","title":{"rendered":"Pastavals basispakke"},"content":{"rendered":"<p class=\"MsoNormal\" style=\"mso-margin-top-alt: auto; mso-margin-bottom-alt: auto; line-height: normal;\"><span style=\"mso-fareast-font-family: &#039;Times New Roman&#039;; mso-font-kerning: 0pt; mso-ligatures: none; mso-ansi-language: NO-BOK; mso-fareast-language: SV;\">Med Ankarsrums Pastavals basispakke er det b\u00e5de morsomt og enkelt \u00e5 lage pasta. Pakken inneholder b\u00e5de en pastavals for lasagne og en for fettuccine, slik at du enkelt kan lage favorittrettene dine hjemme. Monter pastavalsene p\u00e5 din Ankarsrum Assistent Original og la assistentens kraftige motor valse deigen for deg. Enten det er tynne lasagneplater eller jevnt kuttet fettuccine, vil du alltid f\u00e5 et resultat som imponerer, uten problemer.<\/span><\/p>\n<p class=\"MsoNormal\" style=\"mso-margin-top-alt: auto; mso-margin-bottom-alt: auto; line-height: normal;\"><span style=\"mso-fareast-font-family: &#039;Times New Roman&#039;; mso-bidi-font-family: &#039;Times New Roman&#039;; mso-font-kerning: 0pt; mso-ligatures: none; mso-ansi-language: NO-BOK; mso-fareast-language: SV;\">Lasagnevalsen valser ut deigen med justerbar tykkelse mellom 0,6 mm og 4,8 mm, mens fettuccine-valsen skj\u00e6rer ut 6 mm brede strimler pasta. Alt du trenger \u00e5 gj\u00f8re er \u00e5 valse deigen med lasagnevalsen f\u00f8rst og deretter bruke fettuccine-valsen til \u00e5 kutte perfekte strimler. Det er en pakke som hele familien kan glede seg over \u2013 en aktivitet der alle kan v\u00e6re med og lage deilige italienske middager sammen.<\/span><\/p>\n<p class=\"MsoNormal\" style=\"mso-margin-top-alt: auto; mso-margin-bottom-alt: auto; line-height: normal;\"><span style=\"mso-fareast-font-family: &#039;Times New Roman&#039;; mso-bidi-font-family: &#039;Times New Roman&#039;; mso-font-kerning: 0pt; mso-ligatures: none; mso-ansi-language: NO-BOK; mso-fareast-language: SV;\">Pakken er laget i Italia av Marcato, et selskap med over 80 \u00e5rs erfaring innen pastaproduksjon, noe som sikrer h\u00f8y kvalitet og holdbarhet. Med Ankarsrums pastavals basispakke kan du nyte hjemmelaget pasta \u2013 raskt, enkelt og sammen med menneskene du er glad i.<\/span><\/p>\n<p class=\"MsoNormal\" style=\"mso-margin-top-alt: auto; mso-margin-bottom-alt: auto; line-height: normal;\"><span style=\"mso-fareast-font-family: &#039;Times New Roman&#039;; mso-bidi-font-family: &#039;Times New Roman&#039;; mso-font-kerning: 0pt; mso-ligatures: none; mso-ansi-language: NO-BOK; mso-fareast-language: SV;\">Vi anbefaler 1 mm tykke pastaplater for \u00e5 lage lasagne, det tilsvarer posisjon 7 p\u00e5 pastavalsen. Vi anbefaler 1,2-1,5 mm tykke pastaplater for \u00e5 lage fettuccine, det tilsvarer posisjon 5-6 p\u00e5 pastavalsen for lasagne. <\/span><\/p>\n<p class=\"MsoNormal\" style=\"mso-margin-top-alt: auto; mso-margin-bottom-alt: auto; line-height: normal;\"><strong><span style=\"mso-ansi-language: NO-BOK;\">Pastavals basispakke <\/span><\/strong><strong><span style=\"mso-fareast-font-family: &#039;Times New Roman&#039;; mso-bidi-font-family: &#039;Times New Roman&#039;; mso-font-kerning: 0pt; mso-ligatures: none; mso-ansi-language: NO-BOK; mso-fareast-language: SV;\">passer til alle modeller av Assistent Original N1-N30<\/span><\/strong><span style=\"mso-fareast-font-family: &#039;Times New Roman&#039;; mso-bidi-font-family: &#039;Times New Roman&#039;; mso-font-kerning: 0pt; mso-ligatures: none; mso-ansi-language: NO-BOK; mso-fareast-language: SV;\">.<\/span><\/p>\n<p class=\"MsoNormal\"><span style=\"mso-fareast-font-family: &#039;Times New Roman&#039;; mso-bidi-font-family: &#039;Times New Roman&#039;; mso-font-kerning: 0pt; mso-ligatures: none; mso-ansi-language: NO-BOK; mso-fareast-language: SV;\">Hva er inkludert?<\/span><\/p>\n<ul>\n<li class=\"MsoNormal\"><span style=\"mso-fareast-font-family: &#039;Times New Roman&#039;; mso-bidi-font-family: &#039;Times New Roman&#039;; mso-font-kerning: 0pt; mso-ligatures: none; mso-ansi-language: NO-BOK; mso-fareast-language: SV;\">Pastavals Lasagne<\/span><\/li>\n<li class=\"MsoNormal\"><span style=\"mso-fareast-font-family: &#039;Times New Roman&#039;; mso-bidi-font-family: &#039;Times New Roman&#039;; mso-font-kerning: 0pt; mso-ligatures: none; mso-ansi-language: NO-BOK; mso-fareast-language: SV;\">Pastavals Fettuccine<\/span><\/li>\n<\/ul>","protected":false},"excerpt":{"rendered":"<p><span>Med Ankarsrums Pastavals basispakke har du alt du trenger for \u00e5 lage hjemmelaget pasta enkelt og praktisk. B\u00e5de lasagne- og fettuccine-valsene hjelper deg med \u00e5 lage den perfekte pastaen hver gang, uten \u00e5 m\u00e5tte kjevle eller kutte for h\u00e5nd. Nyt fersk pasta med familie og venner \u2013 rett fra ditt eget kj\u00f8kken!<\/span><\/p>\n","protected":false},"featured_media":17799,"comment_status":"open","ping_status":"closed","template":"","meta":{"_acf_changed":false,"content-type":"","editor_notices":[]},"product_brand":[],"product_cat":[453],"product_tag":[],"product-tag":[],"machines":[],"filter":[],"class_list":{"0":"post-16486","1":"product","2":"type-product","3":"status-publish","4":"has-post-thumbnail","6":"product_cat-ankarsrum-tilbehor","8":"first","9":"instock","10":"taxable","11":"shipping-taxable","12":"purchasable","13":"product-type-simple"},"bundled_by":[],"bundle_stock_status":"instock","bundle_stock_quantity":84,"bundle_virtual":false,"bundle_layout":"","bundle_add_to_cart_form_location":"","bundle_editable_in_cart":false,"bundle_sold_individually_context":"","bundle_item_grouping":"","bundle_min_size":"","bundle_max_size":"","bundle_price":[],"bundled_items":[],"bundle_sell_ids":[],"acf":[],"shsp-ext":{"main":{},"variations":[]},"yoast_head":"<!-- This site is optimized with the Yoast SEO Premium plugin v26.6 (Yoast SEO v26.6) - https:\/\/yoast.com\/wordpress\/plugins\/seo\/ -->\n<title>Pastavals basispakke \u2013 Komplett sett for hjemmelaget pasta<\/title>\n<meta name=\"description\" content=\"Pastavals basispakke som inneholder alt du trenger for \u00e5 lage hjemmelaget pasta. Perfekt for fersk lasagne, fettuccine og spagetti med ekte kvalitet.\" \/>\n<meta name=\"robots\" content=\"index, follow, max-snippet:-1, max-image-preview:large, max-video-preview:-1\" \/>\n<link rel=\"canonical\" href=\"https:\/\/www.ankarsrum.com\/no\/product\/pastavals-basispakke\/\" \/>\n<meta property=\"og:locale\" content=\"nb_NO\" \/>\n<meta property=\"og:type\" content=\"article\" \/>\n<meta property=\"og:title\" content=\"Pastavals basispakke\" \/>\n<meta property=\"og:description\" content=\"Pastavals basispakke som inneholder alt du trenger for \u00e5 lage hjemmelaget pasta. Perfekt for fersk lasagne, fettuccine og spagetti med ekte kvalitet.\" \/>\n<meta property=\"og:url\" content=\"https:\/\/www.ankarsrum.com\/no\/product\/pastavals-basispakke\/\" \/>\n<meta property=\"og:site_name\" content=\"Ankarsrum Norway\" \/>\n<meta property=\"article:modified_time\" content=\"2026-05-06T09:00:39+00:00\" \/>\n<meta property=\"og:image\" content=\"https:\/\/www.ankarsrum.com\/no\/wp-content\/uploads\/sites\/14\/2024\/09\/fettuccine-lasagne-bundle025x.jpg\" \/>\n\t<meta property=\"og:image:width\" content=\"1200\" \/>\n\t<meta property=\"og:image:height\" content=\"630\" \/>\n\t<meta property=\"og:image:type\" content=\"image\/jpeg\" \/>\n<meta name=\"twitter:card\" content=\"summary_large_image\" \/>\n<meta name=\"twitter:label1\" content=\"Ansl. lesetid\" \/>\n\t<meta name=\"twitter:data1\" content=\"1 minutt\" \/>\n<script type=\"application\/ld+json\" class=\"yoast-schema-graph\">{\"@context\":\"https:\/\/schema.org\",\"@graph\":[{\"@type\":\"WebPage\",\"@id\":\"https:\/\/www.ankarsrum.com\/no\/product\/pastavals-basispakke\/\",\"url\":\"https:\/\/www.ankarsrum.com\/no\/product\/pastavals-basispakke\/\",\"name\":\"Pastavals basispakke \u2013 Komplett sett for hjemmelaget pasta\",\"isPartOf\":{\"@id\":\"https:\/\/www.ankarsrum.com\/no\/#website\"},\"primaryImageOfPage\":{\"@id\":\"https:\/\/www.ankarsrum.com\/no\/product\/pastavals-basispakke\/#primaryimage\"},\"image\":{\"@id\":\"https:\/\/www.ankarsrum.com\/no\/product\/pastavals-basispakke\/#primaryimage\"},\"thumbnailUrl\":\"https:\/\/www.ankarsrum.com\/img-srv\/nSX8UqOifLO2Lu9GjijCD_hqbJc2qcvPToHbQylFMdo\/resizing_type:auto\/width:0\/height:0\/gravity:sm\/enlarge:1\/ext:webp\/strip_metadata:1\/quality:90\/cachebuster:filesize-82470\/bG9jYWw6Ly8vd3d3LmFua2Fyc3J1bS5jb20vd3AtY29udGVudC91cGxvYWRzL3NpdGVzLzE0LzIwMjQvMDkvZmV0dHVjY2luZS1sYXNhZ25lLWJ1bmRsZTAyNXguanBn.webp\",\"datePublished\":\"2024-07-04T06:32:02+00:00\",\"dateModified\":\"2026-05-06T09:00:39+00:00\",\"description\":\"Pastavals basispakke som inneholder alt du trenger for \u00e5 lage hjemmelaget pasta. Perfekt for fersk lasagne, fettuccine og spagetti med ekte kvalitet.\",\"breadcrumb\":{\"@id\":\"https:\/\/www.ankarsrum.com\/no\/product\/pastavals-basispakke\/#breadcrumb\"},\"inLanguage\":\"nb-NO\",\"potentialAction\":[{\"@type\":\"ReadAction\",\"target\":[\"https:\/\/www.ankarsrum.com\/no\/product\/pastavals-basispakke\/\"]}]},{\"@type\":\"ImageObject\",\"inLanguage\":\"nb-NO\",\"@id\":\"https:\/\/www.ankarsrum.com\/no\/product\/pastavals-basispakke\/#primaryimage\",\"url\":\"https:\/\/www.ankarsrum.com\/img-srv\/nSX8UqOifLO2Lu9GjijCD_hqbJc2qcvPToHbQylFMdo\/resizing_type:auto\/width:0\/height:0\/gravity:sm\/enlarge:1\/ext:webp\/strip_metadata:1\/quality:90\/cachebuster:filesize-82470\/bG9jYWw6Ly8vd3d3LmFua2Fyc3J1bS5jb20vd3AtY29udGVudC91cGxvYWRzL3NpdGVzLzE0LzIwMjQvMDkvZmV0dHVjY2luZS1sYXNhZ25lLWJ1bmRsZTAyNXguanBn.webp\",\"contentUrl\":\"https:\/\/www.ankarsrum.com\/img-srv\/nSX8UqOifLO2Lu9GjijCD_hqbJc2qcvPToHbQylFMdo\/resizing_type:auto\/width:0\/height:0\/gravity:sm\/enlarge:1\/ext:webp\/strip_metadata:1\/quality:90\/cachebuster:filesize-82470\/bG9jYWw6Ly8vd3d3LmFua2Fyc3J1bS5jb20vd3AtY29udGVudC91cGxvYWRzL3NpdGVzLzE0LzIwMjQvMDkvZmV0dHVjY2luZS1sYXNhZ25lLWJ1bmRsZTAyNXguanBn.webp\",\"width\":1342,\"height\":1342},{\"@type\":\"BreadcrumbList\",\"@id\":\"https:\/\/www.ankarsrum.com\/no\/product\/pastavals-basispakke\/#breadcrumb\",\"itemListElement\":[{\"@type\":\"ListItem\",\"position\":1,\"name\":\"Home\",\"item\":\"https:\/\/www.ankarsrum.com\/no\/\"},{\"@type\":\"ListItem\",\"position\":2,\"name\":\"Produce name\",\"item\":\"https:\/\/www.ankarsrum.com\/no\/shop\/\"},{\"@type\":\"ListItem\",\"position\":3,\"name\":\"Pastavals basispakke\"}]},{\"@type\":\"WebSite\",\"@id\":\"https:\/\/www.ankarsrum.com\/no\/#website\",\"url\":\"https:\/\/www.ankarsrum.com\/no\/\",\"name\":\"Ankarsrum Norway\",\"description\":\"The bread of the world\",\"potentialAction\":[{\"@type\":\"SearchAction\",\"target\":{\"@type\":\"EntryPoint\",\"urlTemplate\":\"https:\/\/www.ankarsrum.com\/no\/?s={search_term_string}\"},\"query-input\":{\"@type\":\"PropertyValueSpecification\",\"valueRequired\":true,\"valueName\":\"search_term_string\"}}],\"inLanguage\":\"nb-NO\"}]}<\/script>\n<!-- \/ Yoast SEO Premium plugin. -->","yoast_head_json":{"title":"Pastavals basispakke \u2013 Komplett sett for hjemmelaget pasta","description":"Pastavals basispakke som inneholder alt du trenger for \u00e5 lage hjemmelaget pasta. Perfekt for fersk lasagne, fettuccine og spagetti med ekte kvalitet.","robots":{"index":"index","follow":"follow","max-snippet":"max-snippet:-1","max-image-preview":"max-image-preview:large","max-video-preview":"max-video-preview:-1"},"canonical":"https:\/\/www.ankarsrum.com\/no\/product\/pastavals-basispakke\/","og_locale":"nb_NO","og_type":"article","og_title":"Pastavals basispakke","og_description":"Pastavals basispakke som inneholder alt du trenger for \u00e5 lage hjemmelaget pasta. Perfekt for fersk lasagne, fettuccine og spagetti med ekte kvalitet.","og_url":"https:\/\/www.ankarsrum.com\/no\/product\/pastavals-basispakke\/","og_site_name":"Ankarsrum Norway","article_modified_time":"2026-05-06T09:00:39+00:00","og_image":[{"width":1200,"height":630,"url":"https:\/\/www.ankarsrum.com\/no\/wp-content\/uploads\/sites\/14\/2024\/09\/fettuccine-lasagne-bundle025x.jpg","type":"image\/jpeg"}],"twitter_card":"summary_large_image","twitter_misc":{"Ansl. lesetid":"1 minutt"},"schema":{"@context":"https:\/\/schema.org","@graph":[{"@type":"WebPage","@id":"https:\/\/www.ankarsrum.com\/no\/product\/pastavals-basispakke\/","url":"https:\/\/www.ankarsrum.com\/no\/product\/pastavals-basispakke\/","name":"Pastavals basispakke \u2013 Komplett sett for hjemmelaget pasta","isPartOf":{"@id":"https:\/\/www.ankarsrum.com\/no\/#website"},"primaryImageOfPage":{"@id":"https:\/\/www.ankarsrum.com\/no\/product\/pastavals-basispakke\/#primaryimage"},"image":{"@id":"https:\/\/www.ankarsrum.com\/no\/product\/pastavals-basispakke\/#primaryimage"},"thumbnailUrl":"https:\/\/www.ankarsrum.com\/img-srv\/nSX8UqOifLO2Lu9GjijCD_hqbJc2qcvPToHbQylFMdo\/resizing_type:auto\/width:0\/height:0\/gravity:sm\/enlarge:1\/ext:webp\/strip_metadata:1\/quality:90\/cachebuster:filesize-82470\/bG9jYWw6Ly8vd3d3LmFua2Fyc3J1bS5jb20vd3AtY29udGVudC91cGxvYWRzL3NpdGVzLzE0LzIwMjQvMDkvZmV0dHVjY2luZS1sYXNhZ25lLWJ1bmRsZTAyNXguanBn.webp","datePublished":"2024-07-04T06:32:02+00:00","dateModified":"2026-05-06T09:00:39+00:00","description":"Pastavals basispakke som inneholder alt du trenger for \u00e5 lage hjemmelaget pasta. Perfekt for fersk lasagne, fettuccine og spagetti med ekte kvalitet.","breadcrumb":{"@id":"https:\/\/www.ankarsrum.com\/no\/product\/pastavals-basispakke\/#breadcrumb"},"inLanguage":"nb-NO","potentialAction":[{"@type":"ReadAction","target":["https:\/\/www.ankarsrum.com\/no\/product\/pastavals-basispakke\/"]}]},{"@type":"ImageObject","inLanguage":"nb-NO","@id":"https:\/\/www.ankarsrum.com\/no\/product\/pastavals-basispakke\/#primaryimage","url":"https:\/\/www.ankarsrum.com\/img-srv\/nSX8UqOifLO2Lu9GjijCD_hqbJc2qcvPToHbQylFMdo\/resizing_type:auto\/width:0\/height:0\/gravity:sm\/enlarge:1\/ext:webp\/strip_metadata:1\/quality:90\/cachebuster:filesize-82470\/bG9jYWw6Ly8vd3d3LmFua2Fyc3J1bS5jb20vd3AtY29udGVudC91cGxvYWRzL3NpdGVzLzE0LzIwMjQvMDkvZmV0dHVjY2luZS1sYXNhZ25lLWJ1bmRsZTAyNXguanBn.webp","contentUrl":"https:\/\/www.ankarsrum.com\/img-srv\/nSX8UqOifLO2Lu9GjijCD_hqbJc2qcvPToHbQylFMdo\/resizing_type:auto\/width:0\/height:0\/gravity:sm\/enlarge:1\/ext:webp\/strip_metadata:1\/quality:90\/cachebuster:filesize-82470\/bG9jYWw6Ly8vd3d3LmFua2Fyc3J1bS5jb20vd3AtY29udGVudC91cGxvYWRzL3NpdGVzLzE0LzIwMjQvMDkvZmV0dHVjY2luZS1sYXNhZ25lLWJ1bmRsZTAyNXguanBn.webp","width":1342,"height":1342},{"@type":"BreadcrumbList","@id":"https:\/\/www.ankarsrum.com\/no\/product\/pastavals-basispakke\/#breadcrumb","itemListElement":[{"@type":"ListItem","position":1,"name":"Home","item":"https:\/\/www.ankarsrum.com\/no\/"},{"@type":"ListItem","position":2,"name":"Produce name","item":"https:\/\/www.ankarsrum.com\/no\/shop\/"},{"@type":"ListItem","position":3,"name":"Pastavals basispakke"}]},{"@type":"WebSite","@id":"https:\/\/www.ankarsrum.com\/no\/#website","url":"https:\/\/www.ankarsrum.com\/no\/","name":"Ankarsrum Norway","description":"The bread of the world","potentialAction":[{"@type":"SearchAction","target":{"@type":"EntryPoint","urlTemplate":"https:\/\/www.ankarsrum.com\/no\/?s={search_term_string}"},"query-input":{"@type":"PropertyValueSpecification","valueRequired":true,"valueName":"search_term_string"}}],"inLanguage":"nb-NO"}]}},"_links":{"self":[{"href":"https:\/\/www.ankarsrum.com\/no\/wp-json\/wp\/v2\/product\/16486","targetHints":{"allow":["GET"]}}],"collection":[{"href":"https:\/\/www.ankarsrum.com\/no\/wp-json\/wp\/v2\/product"}],"about":[{"href":"https:\/\/www.ankarsrum.com\/no\/wp-json\/wp\/v2\/types\/product"}],"replies":[{"embeddable":true,"href":"https:\/\/www.ankarsrum.com\/no\/wp-json\/wp\/v2\/comments?post=16486"}],"wp:featuredmedia":[{"embeddable":true,"href":"https:\/\/www.ankarsrum.com\/no\/wp-json\/wp\/v2\/media\/17799"}],"wp:attachment":[{"href":"https:\/\/www.ankarsrum.com\/no\/wp-json\/wp\/v2\/media?parent=16486"}],"wp:term":[{"taxonomy":"product_brand","embeddable":true,"href":"https:\/\/www.ankarsrum.com\/no\/wp-json\/wp\/v2\/product_brand?post=16486"},{"taxonomy":"product_cat","embeddable":true,"href":"https:\/\/www.ankarsrum.com\/no\/wp-json\/wp\/v2\/product_cat?post=16486"},{"taxonomy":"product_tag","embeddable":true,"href":"https:\/\/www.ankarsrum.com\/no\/wp-json\/wp\/v2\/product_tag?post=16486"},{"taxonomy":"product-tag","embeddable":true,"href":"https:\/\/www.ankarsrum.com\/no\/wp-json\/wp\/v2\/product-tag?post=16486"},{"taxonomy":"machines","embeddable":true,"href":"https:\/\/www.ankarsrum.com\/no\/wp-json\/wp\/v2\/machines?post=16486"},{"taxonomy":"filter","embeddable":true,"href":"https:\/\/www.ankarsrum.com\/no\/wp-json\/wp\/v2\/filter?post=16486"}],"curies":[{"name":"wp","href":"https:\/\/api.w.org\/{rel}","templated":true}]}}