{"id":19818,"date":"2024-10-14T12:25:01","date_gmt":"2024-10-14T10:25:01","guid":{"rendered":"https:\/\/www.ankarsrum.com\/no\/product\/bolt-med-vingemutter-til-kjottkvern\/"},"modified":"2026-04-28T06:46:50","modified_gmt":"2026-04-28T04:46:50","slug":"bolt-med-vingemutter-til-kjottkvern","status":"publish","type":"product","link":"https:\/\/www.ankarsrum.com\/no\/product\/bolt-med-vingemutter-til-kjottkvern\/","title":{"rendered":"Bolt med vingemutter til kj\u00f8ttkvern"},"content":{"rendered":"","protected":false},"excerpt":{"rendered":"<p><span>Erstatningsbolt og vingemutter for Ankarsrum kj\u00f8ttkvern modell 10 (produsert fra \u00e5r 1978). Perfekt n\u00e5r du har mistet eller skadet originaldelene.<\/span><\/p>\n","protected":false},"featured_media":19815,"comment_status":"open","ping_status":"closed","template":"","meta":{"_acf_changed":false,"content-type":"","editor_notices":[]},"product_brand":[],"product_cat":[450],"product_tag":[],"product-tag":[],"machines":[],"filter":[],"class_list":{"0":"post-19818","1":"product","2":"type-product","3":"status-publish","4":"has-post-thumbnail","6":"product_cat-ankarsrum-deler","8":"first","9":"instock","10":"taxable","11":"shipping-taxable","12":"purchasable","13":"product-type-simple"},"bundled_by":[],"bundle_stock_status":"instock","bundle_stock_quantity":8,"bundle_virtual":false,"bundle_layout":"","bundle_add_to_cart_form_location":"","bundle_editable_in_cart":false,"bundle_sold_individually_context":"","bundle_item_grouping":"","bundle_min_size":"","bundle_max_size":"","bundle_price":[],"bundled_items":[],"bundle_sell_ids":[],"acf":[],"shsp-ext":{"main":{},"variations":[]},"yoast_head":"<!-- This site is optimized with the Yoast SEO Premium plugin v26.6 (Yoast SEO v26.6) - https:\/\/yoast.com\/wordpress\/plugins\/seo\/ -->\n<title>Bolt med vingemutter til kj\u00f8ttkvern | Ankarsrum<\/title>\n<meta name=\"description\" content=\"Bolt med vingemutter til kj\u00f8ttkvern som tilbeh\u00f8r for Ankarsrum kj\u00f8kkenmaskin, utviklet for sikker montering og stabil bruk.\" \/>\n<meta name=\"robots\" content=\"index, follow, max-snippet:-1, max-image-preview:large, max-video-preview:-1\" \/>\n<link rel=\"canonical\" href=\"https:\/\/www.ankarsrum.com\/no\/product\/bolt-med-vingemutter-til-kjottkvern\/\" \/>\n<meta property=\"og:locale\" content=\"nb_NO\" \/>\n<meta property=\"og:type\" content=\"article\" \/>\n<meta property=\"og:title\" content=\"Bolt med vingemutter til kj\u00f8ttkvern\" \/>\n<meta property=\"og:description\" content=\"Bolt med vingemutter til kj\u00f8ttkvern som tilbeh\u00f8r for Ankarsrum kj\u00f8kkenmaskin, utviklet for sikker montering og stabil bruk.\" \/>\n<meta property=\"og:url\" content=\"https:\/\/www.ankarsrum.com\/no\/product\/bolt-med-vingemutter-til-kjottkvern\/\" \/>\n<meta property=\"og:site_name\" content=\"Ankarsrum Norway\" \/>\n<meta property=\"article:modified_time\" content=\"2026-04-28T04:46:50+00:00\" \/>\n<meta property=\"og:image\" content=\"https:\/\/www.ankarsrum.com\/no\/wp-content\/uploads\/sites\/14\/2025\/01\/50-002.jpg\" \/>\n\t<meta property=\"og:image:width\" content=\"1200\" \/>\n\t<meta property=\"og:image:height\" content=\"630\" \/>\n\t<meta property=\"og:image:type\" content=\"image\/jpeg\" \/>\n<meta name=\"twitter:card\" content=\"summary_large_image\" \/>\n<script type=\"application\/ld+json\" class=\"yoast-schema-graph\">{\"@context\":\"https:\/\/schema.org\",\"@graph\":[{\"@type\":\"WebPage\",\"@id\":\"https:\/\/www.ankarsrum.com\/no\/product\/bolt-med-vingemutter-til-kjottkvern\/\",\"url\":\"https:\/\/www.ankarsrum.com\/no\/product\/bolt-med-vingemutter-til-kjottkvern\/\",\"name\":\"Bolt med vingemutter til kj\u00f8ttkvern | Ankarsrum\",\"isPartOf\":{\"@id\":\"https:\/\/www.ankarsrum.com\/no\/#website\"},\"primaryImageOfPage\":{\"@id\":\"https:\/\/www.ankarsrum.com\/no\/product\/bolt-med-vingemutter-til-kjottkvern\/#primaryimage\"},\"image\":{\"@id\":\"https:\/\/www.ankarsrum.com\/no\/product\/bolt-med-vingemutter-til-kjottkvern\/#primaryimage\"},\"thumbnailUrl\":\"https:\/\/www.ankarsrum.com\/img-srv\/3sDybMFjB0cjVjMLJdQOOtT0K3meVUv5pvFYDS6Mi_c\/resizing_type:auto\/width:0\/height:0\/gravity:sm\/enlarge:1\/ext:webp\/strip_metadata:1\/quality:90\/cachebuster:filesize-99226\/bG9jYWw6Ly8vd3d3LmFua2Fyc3J1bS5jb20vd3AtY29udGVudC91cGxvYWRzL3NpdGVzLzE0LzIwMjUvMDEvNTAtMDAyLmpwZw.webp\",\"datePublished\":\"2024-10-14T10:25:01+00:00\",\"dateModified\":\"2026-04-28T04:46:50+00:00\",\"description\":\"Bolt med vingemutter til kj\u00f8ttkvern som tilbeh\u00f8r for Ankarsrum kj\u00f8kkenmaskin, utviklet for sikker montering og stabil bruk.\",\"breadcrumb\":{\"@id\":\"https:\/\/www.ankarsrum.com\/no\/product\/bolt-med-vingemutter-til-kjottkvern\/#breadcrumb\"},\"inLanguage\":\"nb-NO\",\"potentialAction\":[{\"@type\":\"ReadAction\",\"target\":[\"https:\/\/www.ankarsrum.com\/no\/product\/bolt-med-vingemutter-til-kjottkvern\/\"]}]},{\"@type\":\"ImageObject\",\"inLanguage\":\"nb-NO\",\"@id\":\"https:\/\/www.ankarsrum.com\/no\/product\/bolt-med-vingemutter-til-kjottkvern\/#primaryimage\",\"url\":\"https:\/\/www.ankarsrum.com\/img-srv\/3sDybMFjB0cjVjMLJdQOOtT0K3meVUv5pvFYDS6Mi_c\/resizing_type:auto\/width:0\/height:0\/gravity:sm\/enlarge:1\/ext:webp\/strip_metadata:1\/quality:90\/cachebuster:filesize-99226\/bG9jYWw6Ly8vd3d3LmFua2Fyc3J1bS5jb20vd3AtY29udGVudC91cGxvYWRzL3NpdGVzLzE0LzIwMjUvMDEvNTAtMDAyLmpwZw.webp\",\"contentUrl\":\"https:\/\/www.ankarsrum.com\/img-srv\/3sDybMFjB0cjVjMLJdQOOtT0K3meVUv5pvFYDS6Mi_c\/resizing_type:auto\/width:0\/height:0\/gravity:sm\/enlarge:1\/ext:webp\/strip_metadata:1\/quality:90\/cachebuster:filesize-99226\/bG9jYWw6Ly8vd3d3LmFua2Fyc3J1bS5jb20vd3AtY29udGVudC91cGxvYWRzL3NpdGVzLzE0LzIwMjUvMDEvNTAtMDAyLmpwZw.webp\",\"width\":2000,\"height\":2000},{\"@type\":\"BreadcrumbList\",\"@id\":\"https:\/\/www.ankarsrum.com\/no\/product\/bolt-med-vingemutter-til-kjottkvern\/#breadcrumb\",\"itemListElement\":[{\"@type\":\"ListItem\",\"position\":1,\"name\":\"Home\",\"item\":\"https:\/\/www.ankarsrum.com\/no\/\"},{\"@type\":\"ListItem\",\"position\":2,\"name\":\"Produce name\",\"item\":\"https:\/\/www.ankarsrum.com\/no\/shop\/\"},{\"@type\":\"ListItem\",\"position\":3,\"name\":\"Bolt med vingemutter til kj\u00f8ttkvern\"}]},{\"@type\":\"WebSite\",\"@id\":\"https:\/\/www.ankarsrum.com\/no\/#website\",\"url\":\"https:\/\/www.ankarsrum.com\/no\/\",\"name\":\"Ankarsrum Norway\",\"description\":\"The bread of the world\",\"potentialAction\":[{\"@type\":\"SearchAction\",\"target\":{\"@type\":\"EntryPoint\",\"urlTemplate\":\"https:\/\/www.ankarsrum.com\/no\/?s={search_term_string}\"},\"query-input\":{\"@type\":\"PropertyValueSpecification\",\"valueRequired\":true,\"valueName\":\"search_term_string\"}}],\"inLanguage\":\"nb-NO\"}]}<\/script>\n<!-- \/ Yoast SEO Premium plugin. -->","yoast_head_json":{"title":"Bolt med vingemutter til kj\u00f8ttkvern | Ankarsrum","description":"Bolt med vingemutter til kj\u00f8ttkvern som tilbeh\u00f8r for Ankarsrum kj\u00f8kkenmaskin, utviklet for sikker montering og stabil bruk.","robots":{"index":"index","follow":"follow","max-snippet":"max-snippet:-1","max-image-preview":"max-image-preview:large","max-video-preview":"max-video-preview:-1"},"canonical":"https:\/\/www.ankarsrum.com\/no\/product\/bolt-med-vingemutter-til-kjottkvern\/","og_locale":"nb_NO","og_type":"article","og_title":"Bolt med vingemutter til kj\u00f8ttkvern","og_description":"Bolt med vingemutter til kj\u00f8ttkvern som tilbeh\u00f8r for Ankarsrum kj\u00f8kkenmaskin, utviklet for sikker montering og stabil bruk.","og_url":"https:\/\/www.ankarsrum.com\/no\/product\/bolt-med-vingemutter-til-kjottkvern\/","og_site_name":"Ankarsrum Norway","article_modified_time":"2026-04-28T04:46:50+00:00","og_image":[{"width":1200,"height":630,"url":"https:\/\/www.ankarsrum.com\/no\/wp-content\/uploads\/sites\/14\/2025\/01\/50-002.jpg","type":"image\/jpeg"}],"twitter_card":"summary_large_image","schema":{"@context":"https:\/\/schema.org","@graph":[{"@type":"WebPage","@id":"https:\/\/www.ankarsrum.com\/no\/product\/bolt-med-vingemutter-til-kjottkvern\/","url":"https:\/\/www.ankarsrum.com\/no\/product\/bolt-med-vingemutter-til-kjottkvern\/","name":"Bolt med vingemutter til kj\u00f8ttkvern | Ankarsrum","isPartOf":{"@id":"https:\/\/www.ankarsrum.com\/no\/#website"},"primaryImageOfPage":{"@id":"https:\/\/www.ankarsrum.com\/no\/product\/bolt-med-vingemutter-til-kjottkvern\/#primaryimage"},"image":{"@id":"https:\/\/www.ankarsrum.com\/no\/product\/bolt-med-vingemutter-til-kjottkvern\/#primaryimage"},"thumbnailUrl":"https:\/\/www.ankarsrum.com\/img-srv\/3sDybMFjB0cjVjMLJdQOOtT0K3meVUv5pvFYDS6Mi_c\/resizing_type:auto\/width:0\/height:0\/gravity:sm\/enlarge:1\/ext:webp\/strip_metadata:1\/quality:90\/cachebuster:filesize-99226\/bG9jYWw6Ly8vd3d3LmFua2Fyc3J1bS5jb20vd3AtY29udGVudC91cGxvYWRzL3NpdGVzLzE0LzIwMjUvMDEvNTAtMDAyLmpwZw.webp","datePublished":"2024-10-14T10:25:01+00:00","dateModified":"2026-04-28T04:46:50+00:00","description":"Bolt med vingemutter til kj\u00f8ttkvern som tilbeh\u00f8r for Ankarsrum kj\u00f8kkenmaskin, utviklet for sikker montering og stabil bruk.","breadcrumb":{"@id":"https:\/\/www.ankarsrum.com\/no\/product\/bolt-med-vingemutter-til-kjottkvern\/#breadcrumb"},"inLanguage":"nb-NO","potentialAction":[{"@type":"ReadAction","target":["https:\/\/www.ankarsrum.com\/no\/product\/bolt-med-vingemutter-til-kjottkvern\/"]}]},{"@type":"ImageObject","inLanguage":"nb-NO","@id":"https:\/\/www.ankarsrum.com\/no\/product\/bolt-med-vingemutter-til-kjottkvern\/#primaryimage","url":"https:\/\/www.ankarsrum.com\/img-srv\/3sDybMFjB0cjVjMLJdQOOtT0K3meVUv5pvFYDS6Mi_c\/resizing_type:auto\/width:0\/height:0\/gravity:sm\/enlarge:1\/ext:webp\/strip_metadata:1\/quality:90\/cachebuster:filesize-99226\/bG9jYWw6Ly8vd3d3LmFua2Fyc3J1bS5jb20vd3AtY29udGVudC91cGxvYWRzL3NpdGVzLzE0LzIwMjUvMDEvNTAtMDAyLmpwZw.webp","contentUrl":"https:\/\/www.ankarsrum.com\/img-srv\/3sDybMFjB0cjVjMLJdQOOtT0K3meVUv5pvFYDS6Mi_c\/resizing_type:auto\/width:0\/height:0\/gravity:sm\/enlarge:1\/ext:webp\/strip_metadata:1\/quality:90\/cachebuster:filesize-99226\/bG9jYWw6Ly8vd3d3LmFua2Fyc3J1bS5jb20vd3AtY29udGVudC91cGxvYWRzL3NpdGVzLzE0LzIwMjUvMDEvNTAtMDAyLmpwZw.webp","width":2000,"height":2000},{"@type":"BreadcrumbList","@id":"https:\/\/www.ankarsrum.com\/no\/product\/bolt-med-vingemutter-til-kjottkvern\/#breadcrumb","itemListElement":[{"@type":"ListItem","position":1,"name":"Home","item":"https:\/\/www.ankarsrum.com\/no\/"},{"@type":"ListItem","position":2,"name":"Produce name","item":"https:\/\/www.ankarsrum.com\/no\/shop\/"},{"@type":"ListItem","position":3,"name":"Bolt med vingemutter til kj\u00f8ttkvern"}]},{"@type":"WebSite","@id":"https:\/\/www.ankarsrum.com\/no\/#website","url":"https:\/\/www.ankarsrum.com\/no\/","name":"Ankarsrum Norway","description":"The bread of the world","potentialAction":[{"@type":"SearchAction","target":{"@type":"EntryPoint","urlTemplate":"https:\/\/www.ankarsrum.com\/no\/?s={search_term_string}"},"query-input":{"@type":"PropertyValueSpecification","valueRequired":true,"valueName":"search_term_string"}}],"inLanguage":"nb-NO"}]}},"_links":{"self":[{"href":"https:\/\/www.ankarsrum.com\/no\/wp-json\/wp\/v2\/product\/19818","targetHints":{"allow":["GET"]}}],"collection":[{"href":"https:\/\/www.ankarsrum.com\/no\/wp-json\/wp\/v2\/product"}],"about":[{"href":"https:\/\/www.ankarsrum.com\/no\/wp-json\/wp\/v2\/types\/product"}],"replies":[{"embeddable":true,"href":"https:\/\/www.ankarsrum.com\/no\/wp-json\/wp\/v2\/comments?post=19818"}],"wp:featuredmedia":[{"embeddable":true,"href":"https:\/\/www.ankarsrum.com\/no\/wp-json\/wp\/v2\/media\/19815"}],"wp:attachment":[{"href":"https:\/\/www.ankarsrum.com\/no\/wp-json\/wp\/v2\/media?parent=19818"}],"wp:term":[{"taxonomy":"product_brand","embeddable":true,"href":"https:\/\/www.ankarsrum.com\/no\/wp-json\/wp\/v2\/product_brand?post=19818"},{"taxonomy":"product_cat","embeddable":true,"href":"https:\/\/www.ankarsrum.com\/no\/wp-json\/wp\/v2\/product_cat?post=19818"},{"taxonomy":"product_tag","embeddable":true,"href":"https:\/\/www.ankarsrum.com\/no\/wp-json\/wp\/v2\/product_tag?post=19818"},{"taxonomy":"product-tag","embeddable":true,"href":"https:\/\/www.ankarsrum.com\/no\/wp-json\/wp\/v2\/product-tag?post=19818"},{"taxonomy":"machines","embeddable":true,"href":"https:\/\/www.ankarsrum.com\/no\/wp-json\/wp\/v2\/machines?post=19818"},{"taxonomy":"filter","embeddable":true,"href":"https:\/\/www.ankarsrum.com\/no\/wp-json\/wp\/v2\/filter?post=19818"}],"curies":[{"name":"wp","href":"https:\/\/api.w.org\/{rel}","templated":true}]}}