{"id":21655,"date":"2025-06-27T14:34:14","date_gmt":"2025-06-27T12:34:14","guid":{"rendered":"https:\/\/www.ankarsrum.com\/no\/product\/stor-tilbehorspakke-2\/"},"modified":"2026-04-30T12:51:28","modified_gmt":"2026-04-30T10:51:28","slug":"stor-tilbehorspakke-2","status":"publish","type":"product","link":"https:\/\/www.ankarsrum.com\/no\/product\/stor-tilbehorspakke-2\/","title":{"rendered":"Stor Tilbeh\u00f8rspakke (Deluxepakke)"},"content":{"rendered":"<div class=\"OutlineElement Ltr SCXW28060157 BCX8\">\n<p class=\"Paragraph SCXW28060157 BCX8\"><span class=\"TextRun SCXW28060157 BCX8\"><span class=\"NormalTextRun SCXW28060157 BCX8\">V\u00e5r store tilbeh\u00f8rspakke er perfekt for deg som \u00f8nsker \u00e5 f\u00e5 enda mer ut av <\/span><span class=\"NormalTextRun SCXW28060157 BCX8\">din<\/span> <span class=\"NormalTextRun SpellingErrorV2Themed SCXW28060157 BCX8\">Ankarsrum<\/span><span class=\"NormalTextRun SCXW28060157 BCX8\"> Assistent Original. Med <\/span><span class=\"NormalTextRun SCXW28060157 BCX8\">Stor Tilbeh\u00f8rspakke<\/span><span class=\"NormalTextRun SCXW28060157 BCX8\"> f\u00e5r du seks av v\u00e5re mest popul\u00e6re tilbeh\u00f8r \u2013 alt du trenger for \u00e5 <\/span><span class=\"NormalTextRun SCXW28060157 BCX8\">l\u00f8fte<\/span><span class=\"NormalTextRun SCXW28060157 BCX8\"> matlagingen til neste niv\u00e5. <\/span><span class=\"NormalTextRun SCXW28060157 BCX8\">K<\/span><span class=\"NormalTextRun SCXW28060157 BCX8\">vern<\/span><span class=\"NormalTextRun SCXW28060157 BCX8\"> ditt eget kj\u00f8tt, lag dine egne p\u00f8lser, press fersk juice, bland <\/span><span class=\"NormalTextRun SpellingErrorV2Themed SCXW28060157 BCX8\">smoothies<\/span><span class=\"NormalTextRun SCXW28060157 BCX8\">, rasp parmesan eller <\/span><span class=\"NormalTextRun SCXW28060157 BCX8\">press<\/span><span class=\"NormalTextRun SCXW28060157 BCX8\"> frukt til syltet\u00f8y og mos. Med denne pakken f\u00e5r du flere muligheter p\u00e5 kj\u00f8kkenet og kan skape <\/span><span class=\"NormalTextRun SCXW28060157 BCX8\">mat <\/span><span class=\"NormalTextRun SCXW28060157 BCX8\">helt fra bunnen av.<\/span><\/span><span class=\"EOP SCXW28060157 BCX8\">\u00a0<\/span><\/p>\n<\/div>\n<div class=\"OutlineElement Ltr SCXW28060157 BCX8\">\n<p class=\"Paragraph SCXW28060157 BCX8\"><strong><span class=\"TextRun SCXW28060157 BCX8\"><span class=\"NormalTextRun SCXW28060157 BCX8\">Kj\u00f8ttkvern med <\/span><span class=\"NormalTextRun SCXW28060157 BCX8\">hull<\/span><span class=\"NormalTextRun SCXW28060157 BCX8\">skiver og p\u00f8lsehorn<\/span><\/span><\/strong><span class=\"TextRun SCXW28060157 BCX8\"><span class=\"NormalTextRun SCXW28060157 BCX8\"><strong> <\/strong>\u2013 <\/span><span class=\"NormalTextRun SCXW28060157 BCX8\">Kvern<\/span><span class=\"NormalTextRun SCXW28060157 BCX8\"> kj\u00f8ttet til kj\u00f8ttdeig, form dine egne p\u00f8lser eller lag vegetariske alternativer som falafel og kikertkj\u00f8ttdeig.<\/span><\/span><span class=\"LineBreakBlob BlobObject DragDrop SCXW28060157 BCX8\"><span class=\"SCXW28060157 BCX8\">\u00a0<\/span><br \/><\/span><strong><span class=\"TextRun SCXW28060157 BCX8\"><span class=\"NormalTextRun SCXW28060157 BCX8\">Pur<\/span><span class=\"NormalTextRun SCXW28060157 BCX8\">\u00e9<\/span><span class=\"NormalTextRun SCXW28060157 BCX8\">presse<\/span><\/span><\/strong><span class=\"TextRun SCXW28060157 BCX8\"><span class=\"NormalTextRun SCXW28060157 BCX8\"><strong> <\/strong>\u2013 Perfekt for \u00e5 lage glatte pur\u00e9er, babymat<\/span><span class=\"NormalTextRun SCXW28060157 BCX8\"> og<\/span><span class=\"NormalTextRun SCXW28060157 BCX8\"> syltet\u00f8y.<\/span><\/span><span class=\"LineBreakBlob BlobObject DragDrop SCXW28060157 BCX8\"><span class=\"SCXW28060157 BCX8\">\u00a0<\/span><br \/><\/span><strong><span class=\"TextRun SCXW28060157 BCX8\"><span class=\"NormalTextRun SCXW28060157 BCX8\">Riv<\/span><span class=\"NormalTextRun SCXW28060157 BCX8\">jern<\/span><\/span><\/strong><span class=\"TextRun SCXW28060157 BCX8\"><span class=\"NormalTextRun SCXW28060157 BCX8\"> \u2013 Riv alt fra parmesan og sjokolade til n\u00f8tter og poteter.<\/span><\/span><span class=\"LineBreakBlob BlobObject DragDrop SCXW28060157 BCX8\"><span class=\"SCXW28060157 BCX8\">\u00a0<\/span><br \/><\/span><strong><span class=\"TextRun SCXW28060157 BCX8\"><span class=\"NormalTextRun SCXW28060157 BCX8\">Sitruspresse<\/span><\/span><\/strong><span class=\"TextRun SCXW28060157 BCX8\"><span class=\"NormalTextRun SCXW28060157 BCX8\"> \u2013 <\/span><span class=\"NormalTextRun SCXW28060157 BCX8\">Press<\/span><span class=\"NormalTextRun SCXW28060157 BCX8\"> fersk juice fra appelsin, lime, sitron og grapefrukt.<\/span><\/span><span class=\"LineBreakBlob BlobObject DragDrop SCXW28060157 BCX8\"><span class=\"SCXW28060157 BCX8\">\u00a0<\/span><br \/><\/span><strong><span class=\"TextRun SCXW28060157 BCX8\"><span class=\"NormalTextRun SCXW28060157 BCX8\">Blender<\/span> <\/span><\/strong><span class=\"TextRun SCXW28060157 BCX8\"><span class=\"NormalTextRun SCXW28060157 BCX8\"><strong>\u2013<\/strong> Bland <\/span><span class=\"NormalTextRun SpellingErrorV2Themed SCXW28060157 BCX8\">smoothies<\/span><span class=\"NormalTextRun SCXW28060157 BCX8\">, knus b\u00e6r og lag <\/span><span class=\"NormalTextRun SpellingErrorV2Themed SCXW28060157 BCX8\">kremete<\/span><span class=\"NormalTextRun SCXW28060157 BCX8\"> sauser og r\u00f8re<\/span><span class=\"NormalTextRun SCXW28060157 BCX8\">r<\/span><span class=\"NormalTextRun SCXW28060157 BCX8\">.<\/span><\/span> <\/p>\n<p class=\"Paragraph SCXW28060157 BCX8\"><span class=\"TextRun SCXW28060157 BCX8\"><span class=\"NormalTextRun SCXW28060157 BCX8\">Med\u00a0<\/span><span class=\"NormalTextRun SCXW28060157 BCX8\">Stor Tilbeh\u00f8rspakke<\/span><span class=\"NormalTextRun SCXW28060157 BCX8\"> kan du lage alt fra frokost<\/span><span class=\"NormalTextRun SCXW28060157 BCX8\">&#8211;<\/span><span class=\"NormalTextRun SpellingErrorV2Themed SCXW28060157 BCX8\">smoothies<\/span><span class=\"NormalTextRun SCXW28060157 BCX8\"> til hjemmelagde middager \u2013 raskt, enkelt og helt p\u00e5 dine <\/span><span class=\"NormalTextRun SCXW28060157 BCX8\">egne <\/span><span class=\"NormalTextRun SCXW28060157 BCX8\">premisser.<\/span><\/span><span class=\"EOP SCXW28060157 BCX8\">\u00a0<\/span><\/p>\n<\/div>\n<div class=\"OutlineElement Ltr SCXW28060157 BCX8\">\n<p class=\"Paragraph SCXW28060157 BCX8\"><strong><span class=\"TextRun SCXW28060157 BCX8\"><span class=\"NormalTextRun SCXW28060157 BCX8\">Kj\u00f8ttkvernen<\/span><\/span><span class=\"TextRun SCXW28060157 BCX8\"><span class=\"NormalTextRun SCXW28060157 BCX8\"> passer til alle modeller av Assistent Original N1-N30<\/span><span class=\"NormalTextRun SCXW28060157 BCX8\">.<\/span><\/span><span class=\"EOP SCXW28060157 BCX8\"> <br \/><\/span><span class=\"TextRun SCXW28060157 BCX8\"><span class=\"NormalTextRun SCXW28060157 BCX8\">Pur\u00e9presse<\/span><span class=\"NormalTextRun SCXW28060157 BCX8\">n<\/span><span class=\"NormalTextRun SCXW28060157 BCX8\">, p\u00f8lsehorn og <\/span><span class=\"NormalTextRun SCXW28060157 BCX8\">rivjern<\/span><\/span><span class=\"TextRun SCXW28060157 BCX8\"><span class=\"NormalTextRun SCXW28060157 BCX8\"> er montert p\u00e5 kj\u00f8ttkvernen og er kompatible med kj\u00f8ttkv<\/span><span class=\"NormalTextRun SCXW28060157 BCX8\">e<\/span><span class=\"NormalTextRun SCXW28060157 BCX8\">rnmodell 10. <\/span><span class=\"NormalTextRun SCXW28060157 BCX8\">M<\/span><span class=\"NormalTextRun SCXW28060157 BCX8\">odell<\/span><span class=\"NormalTextRun SCXW28060157 BCX8\">nummer<\/span><span class=\"NormalTextRun SCXW28060157 BCX8\">et<\/span><span class=\"NormalTextRun SCXW28060157 BCX8\"> p\u00e5 kj\u00f8ttkvern st\u00e5r p<\/span><span class=\"NormalTextRun SCXW28060157 BCX8\">\u00e5 den 4-bladede <\/span><span class=\"NormalTextRun SCXW28060157 BCX8\">kj\u00f8ttkvern<\/span><span class=\"NormalTextRun SCXW28060157 BCX8\">kniven<\/span><span class=\"NormalTextRun SCXW28060157 BCX8\"> (\u00ab10\u00bb)<\/span><span class=\"NormalTextRun SCXW28060157 BCX8\">.<\/span><\/span><span class=\"EOP SCXW28060157 BCX8\">\u00a0<br \/><\/span><span class=\"TextRun SCXW28060157 BCX8\"><span class=\"NormalTextRun SCXW28060157 BCX8\">Sitruspressen<\/span><\/span><span class=\"TextRun SCXW28060157 BCX8\"><span class=\"NormalTextRun SCXW28060157 BCX8\"> passer til alle modeller av Assistent Original N1-N30<\/span><span class=\"NormalTextRun SCXW28060157 BCX8\">.<\/span><\/span><span class=\"EOP SCXW28060157 BCX8\"> <br \/><\/span><span class=\"TextRun SCXW28060157 BCX8\"><span class=\"NormalTextRun SCXW28060157 BCX8\">Blender<\/span><span class=\"NormalTextRun SCXW28060157 BCX8\">en<\/span><\/span><span class=\"TextRun SCXW28060157 BCX8\"><span class=\"NormalTextRun SCXW28060157 BCX8\"> passer til modelle<\/span><span class=\"NormalTextRun SCXW28060157 BCX8\">ne<\/span><span class=\"NormalTextRun SCXW28060157 BCX8\"> N24-N30<\/span><span class=\"NormalTextRun SCXW28060157 BCX8\"> av Assistent Original<\/span><span class=\"NormalTextRun SCXW28060157 BCX8\">.<\/span><\/span> <\/strong><\/p>\n<p class=\"Paragraph SCXW28060157 BCX8\"><span class=\"TextRun SCXW28060157 BCX8\"><span class=\"NormalTextRun SCXW28060157 BCX8\">Hva er inkludert?<\/span><\/span><span class=\"EOP SCXW28060157 BCX8\">\u00a0<\/span><\/p>\n<\/div>\n<div class=\"ListContainerWrapper SCXW28060157 BCX8\">\n<ul>\n<li><span class=\"TextRun SCXW28060157 BCX8\"><span class=\"NormalTextRun SCXW28060157 BCX8\">Kj\u00f8ttkvern: <\/span><\/span><span class=\"TextRun SCXW28060157 BCX8\"><span class=\"NormalTextRun SCXW28060157 BCX8\">Kvernhus med kvernvals, 4-blad<\/span><span class=\"NormalTextRun SCXW28060157 BCX8\">et<\/span> <span class=\"NormalTextRun SCXW28060157 BCX8\">kj\u00f8ttkvernkniv<\/span><span class=\"NormalTextRun SCXW28060157 BCX8\">, <\/span><span class=\"NormalTextRun SpellingErrorV2Themed SCXW28060157 BCX8\">mateb<\/span><span class=\"NormalTextRun SpellingErrorV2Themed SCXW28060157 BCX8\">rett<\/span><span class=\"NormalTextRun SCXW28060157 BCX8\">, matest<\/span><span class=\"NormalTextRun SCXW28060157 BCX8\">apper<\/span><span class=\"NormalTextRun SCXW28060157 BCX8\">, sprutbeskyttelse<\/span><span class=\"NormalTextRun SCXW28060157 BCX8\"> og<\/span><span class=\"NormalTextRun SCXW28060157 BCX8\"> 4 <\/span><span class=\"NormalTextRun SCXW28060157 BCX8\">hullskiver<\/span><span class=\"NormalTextRun SCXW28060157 BCX8\">: 2,5\/4,5\/6\/8 mm<\/span><\/span> <\/li>\n<li><span class=\"NormalTextRun SCXW28060157 BCX8\">Tre p\u00f8lsehorn<\/span><span class=\"TextRun SCXW28060157 BCX8\"><span class=\"NormalTextRun SCXW28060157 BCX8\">: 10\/20\/25 mm<\/span><\/span> <\/li>\n<li><span class=\"NormalTextRun SCXW28060157 BCX8\">Pur\u00e9presse<\/span><span class=\"TextRun SCXW28060157 BCX8\"><span class=\"NormalTextRun SCXW28060157 BCX8\">: <\/span><span class=\"NormalTextRun SCXW28060157 BCX8\">Passervals<\/span><span class=\"NormalTextRun SCXW28060157 BCX8\">, ventil, <\/span><span class=\"NormalTextRun SCXW28060157 BCX8\">passerr\u00f8r<\/span><span class=\"NormalTextRun SCXW28060157 BCX8\">, <\/span><span class=\"NormalTextRun SCXW28060157 BCX8\">st\u00e5lbryter og passerrenne<\/span><\/span> <\/li>\n<li><span class=\"NormalTextRun SCXW28060157 BCX8\">Rivjern<\/span><span class=\"NormalTextRun SCXW28060157 BCX8\">: <\/span><span class=\"TextRun SCXW28060157 BCX8\"><span class=\"NormalTextRun SpellingErrorV2Themed SCXW28060157 BCX8\">Rivsylinder<\/span><span class=\"NormalTextRun SCXW28060157 BCX8\"> og <\/span><span class=\"NormalTextRun SpellingErrorV2Themed SCXW28060157 BCX8\">rivvals<\/span><\/span> <\/li>\n<li><span class=\"NormalTextRun SCXW28060157 BCX8\">Sitruspresse:\u00a0<\/span><span class=\"TextRun SCXW28060157 BCX8\"><span class=\"NormalTextRun SCXW28060157 BCX8\">Gjennomsiktig beholder og hvit sitruspresse<\/span><\/span><\/li>\n<li><span class=\"NormalTextRun SCXW28060157 BCX8\">Blender<\/span><span class=\"TextRun SCXW28060157 BCX8\"><span class=\"NormalTextRun SCXW28060157 BCX8\">: Blender, topplokk, <\/span><span class=\"NormalTextRun SCXW28060157 BCX8\">m\u00e5lelokk<\/span><span class=\"NormalTextRun SCXW28060157 BCX8\"> og <\/span><span class=\"NormalTextRun SCXW28060157 BCX8\">matstapper<\/span><\/span><span class=\"EOP SCXW28060157 BCX8\">\u00a0<\/span><\/li>\n<\/ul>\n<\/div>","protected":false},"excerpt":{"rendered":"<p>F\u00e5 mest mulig ut av din Ankarsrum Assistent Original med den store tilbeh\u00f8rspakken. En komplett pakke med seks popul\u00e6re tilbeh\u00f8r som lar deg kverne, mikse, presse og rive \u2013 raskt og enkelt. Perfekt for deg som elsker \u00e5 lage mat fra bunnen av!<\/p>\n","protected":false},"featured_media":21649,"comment_status":"open","ping_status":"closed","template":"","meta":{"_acf_changed":false,"content-type":"","editor_notices":[]},"product_brand":[],"product_cat":[453],"product_tag":[],"product-tag":[],"machines":[],"filter":[],"class_list":{"0":"post-21655","1":"product","2":"type-product","3":"status-publish","4":"has-post-thumbnail","6":"product_cat-ankarsrum-tilbehor","8":"first","9":"instock","10":"taxable","11":"shipping-taxable","12":"purchasable","13":"product-type-simple"},"bundled_by":[],"bundle_stock_status":"instock","bundle_stock_quantity":53,"bundle_virtual":false,"bundle_layout":"","bundle_add_to_cart_form_location":"","bundle_editable_in_cart":false,"bundle_sold_individually_context":"","bundle_item_grouping":"","bundle_min_size":"","bundle_max_size":"","bundle_price":[],"bundled_items":[],"bundle_sell_ids":[],"acf":[],"shsp-ext":{"main":{},"variations":[]},"yoast_head":"<!-- This site is optimized with the Yoast SEO Premium plugin v26.6 (Yoast SEO v26.6) - https:\/\/yoast.com\/wordpress\/plugins\/seo\/ -->\n<title>Stor tilbeh\u00f8rspakke | Ankarsrum kj\u00f8kkenmaskin<\/title>\n<meta name=\"description\" content=\"Stor tilbeh\u00f8rspakke for Ankarsrum kj\u00f8kkenmaskin, samlet for allsidig bruk med fokus p\u00e5 strukturert arbeid og jevne resultater.\" \/>\n<meta name=\"robots\" content=\"index, follow, max-snippet:-1, max-image-preview:large, max-video-preview:-1\" \/>\n<link rel=\"canonical\" href=\"https:\/\/www.ankarsrum.com\/no\/product\/stor-tilbehorspakke-2\/\" \/>\n<meta property=\"og:locale\" content=\"nb_NO\" \/>\n<meta property=\"og:type\" content=\"article\" \/>\n<meta property=\"og:title\" content=\"Stor Tilbeh\u00f8rspakke (Deluxepakke)\" \/>\n<meta property=\"og:description\" content=\"Stor tilbeh\u00f8rspakke for Ankarsrum kj\u00f8kkenmaskin, samlet for allsidig bruk med fokus p\u00e5 strukturert arbeid og jevne resultater.\" \/>\n<meta property=\"og:url\" content=\"https:\/\/www.ankarsrum.com\/no\/product\/stor-tilbehorspakke-2\/\" \/>\n<meta property=\"og:site_name\" content=\"Ankarsrum Norway\" \/>\n<meta property=\"article:modified_time\" content=\"2026-04-30T10:51:28+00:00\" \/>\n<meta property=\"og:image\" content=\"https:\/\/www.ankarsrum.com\/no\/wp-content\/uploads\/sites\/14\/2025\/08\/deluxe-package-920900085.png\" \/>\n\t<meta property=\"og:image:width\" content=\"1080\" \/>\n\t<meta property=\"og:image:height\" content=\"630\" \/>\n\t<meta property=\"og:image:type\" content=\"image\/png\" \/>\n<meta name=\"twitter:card\" content=\"summary_large_image\" \/>\n<meta name=\"twitter:label1\" content=\"Ansl. lesetid\" \/>\n\t<meta name=\"twitter:data1\" content=\"1 minutt\" \/>\n<script type=\"application\/ld+json\" class=\"yoast-schema-graph\">{\"@context\":\"https:\/\/schema.org\",\"@graph\":[{\"@type\":\"WebPage\",\"@id\":\"https:\/\/www.ankarsrum.com\/no\/product\/stor-tilbehorspakke-2\/\",\"url\":\"https:\/\/www.ankarsrum.com\/no\/product\/stor-tilbehorspakke-2\/\",\"name\":\"Stor tilbeh\u00f8rspakke | Ankarsrum kj\u00f8kkenmaskin\",\"isPartOf\":{\"@id\":\"https:\/\/www.ankarsrum.com\/no\/#website\"},\"primaryImageOfPage\":{\"@id\":\"https:\/\/www.ankarsrum.com\/no\/product\/stor-tilbehorspakke-2\/#primaryimage\"},\"image\":{\"@id\":\"https:\/\/www.ankarsrum.com\/no\/product\/stor-tilbehorspakke-2\/#primaryimage\"},\"thumbnailUrl\":\"https:\/\/www.ankarsrum.com\/img-srv\/XP_D7Zn04eZg97OHw_FoRGgWf-rwOMdf3q7jDwwaw3E\/resizing_type:auto\/width:0\/height:0\/gravity:sm\/enlarge:1\/ext:webp\/strip_metadata:1\/quality:90\/cachebuster:filesize-244783\/bG9jYWw6Ly8vd3d3LmFua2Fyc3J1bS5jb20vd3AtY29udGVudC91cGxvYWRzL3NpdGVzLzE0LzIwMjUvMDgvZGVsdXhlLXBhY2thZ2UtOTIwOTAwMDg1LnBuZw.webp\",\"datePublished\":\"2025-06-27T12:34:14+00:00\",\"dateModified\":\"2026-04-30T10:51:28+00:00\",\"description\":\"Stor tilbeh\u00f8rspakke for Ankarsrum kj\u00f8kkenmaskin, samlet for allsidig bruk med fokus p\u00e5 strukturert arbeid og jevne resultater.\",\"breadcrumb\":{\"@id\":\"https:\/\/www.ankarsrum.com\/no\/product\/stor-tilbehorspakke-2\/#breadcrumb\"},\"inLanguage\":\"nb-NO\",\"potentialAction\":[{\"@type\":\"ReadAction\",\"target\":[\"https:\/\/www.ankarsrum.com\/no\/product\/stor-tilbehorspakke-2\/\"]}]},{\"@type\":\"ImageObject\",\"inLanguage\":\"nb-NO\",\"@id\":\"https:\/\/www.ankarsrum.com\/no\/product\/stor-tilbehorspakke-2\/#primaryimage\",\"url\":\"https:\/\/www.ankarsrum.com\/img-srv\/XP_D7Zn04eZg97OHw_FoRGgWf-rwOMdf3q7jDwwaw3E\/resizing_type:auto\/width:0\/height:0\/gravity:sm\/enlarge:1\/ext:webp\/strip_metadata:1\/quality:90\/cachebuster:filesize-244783\/bG9jYWw6Ly8vd3d3LmFua2Fyc3J1bS5jb20vd3AtY29udGVudC91cGxvYWRzL3NpdGVzLzE0LzIwMjUvMDgvZGVsdXhlLXBhY2thZ2UtOTIwOTAwMDg1LnBuZw.webp\",\"contentUrl\":\"https:\/\/www.ankarsrum.com\/img-srv\/XP_D7Zn04eZg97OHw_FoRGgWf-rwOMdf3q7jDwwaw3E\/resizing_type:auto\/width:0\/height:0\/gravity:sm\/enlarge:1\/ext:webp\/strip_metadata:1\/quality:90\/cachebuster:filesize-244783\/bG9jYWw6Ly8vd3d3LmFua2Fyc3J1bS5jb20vd3AtY29udGVudC91cGxvYWRzL3NpdGVzLzE0LzIwMjUvMDgvZGVsdXhlLXBhY2thZ2UtOTIwOTAwMDg1LnBuZw.webp\",\"width\":1080,\"height\":1080},{\"@type\":\"BreadcrumbList\",\"@id\":\"https:\/\/www.ankarsrum.com\/no\/product\/stor-tilbehorspakke-2\/#breadcrumb\",\"itemListElement\":[{\"@type\":\"ListItem\",\"position\":1,\"name\":\"Home\",\"item\":\"https:\/\/www.ankarsrum.com\/no\/\"},{\"@type\":\"ListItem\",\"position\":2,\"name\":\"Produce name\",\"item\":\"https:\/\/www.ankarsrum.com\/no\/shop\/\"},{\"@type\":\"ListItem\",\"position\":3,\"name\":\"Stor Tilbeh\u00f8rspakke (Deluxepakke)\"}]},{\"@type\":\"WebSite\",\"@id\":\"https:\/\/www.ankarsrum.com\/no\/#website\",\"url\":\"https:\/\/www.ankarsrum.com\/no\/\",\"name\":\"Ankarsrum Norway\",\"description\":\"The bread of the world\",\"potentialAction\":[{\"@type\":\"SearchAction\",\"target\":{\"@type\":\"EntryPoint\",\"urlTemplate\":\"https:\/\/www.ankarsrum.com\/no\/?s={search_term_string}\"},\"query-input\":{\"@type\":\"PropertyValueSpecification\",\"valueRequired\":true,\"valueName\":\"search_term_string\"}}],\"inLanguage\":\"nb-NO\"}]}<\/script>\n<!-- \/ Yoast SEO Premium plugin. -->","yoast_head_json":{"title":"Stor tilbeh\u00f8rspakke | Ankarsrum kj\u00f8kkenmaskin","description":"Stor tilbeh\u00f8rspakke for Ankarsrum kj\u00f8kkenmaskin, samlet for allsidig bruk med fokus p\u00e5 strukturert arbeid og jevne resultater.","robots":{"index":"index","follow":"follow","max-snippet":"max-snippet:-1","max-image-preview":"max-image-preview:large","max-video-preview":"max-video-preview:-1"},"canonical":"https:\/\/www.ankarsrum.com\/no\/product\/stor-tilbehorspakke-2\/","og_locale":"nb_NO","og_type":"article","og_title":"Stor Tilbeh\u00f8rspakke (Deluxepakke)","og_description":"Stor tilbeh\u00f8rspakke for Ankarsrum kj\u00f8kkenmaskin, samlet for allsidig bruk med fokus p\u00e5 strukturert arbeid og jevne resultater.","og_url":"https:\/\/www.ankarsrum.com\/no\/product\/stor-tilbehorspakke-2\/","og_site_name":"Ankarsrum Norway","article_modified_time":"2026-04-30T10:51:28+00:00","og_image":[{"width":1080,"height":630,"url":"https:\/\/www.ankarsrum.com\/no\/wp-content\/uploads\/sites\/14\/2025\/08\/deluxe-package-920900085.png","type":"image\/png"}],"twitter_card":"summary_large_image","twitter_misc":{"Ansl. lesetid":"1 minutt"},"schema":{"@context":"https:\/\/schema.org","@graph":[{"@type":"WebPage","@id":"https:\/\/www.ankarsrum.com\/no\/product\/stor-tilbehorspakke-2\/","url":"https:\/\/www.ankarsrum.com\/no\/product\/stor-tilbehorspakke-2\/","name":"Stor tilbeh\u00f8rspakke | Ankarsrum kj\u00f8kkenmaskin","isPartOf":{"@id":"https:\/\/www.ankarsrum.com\/no\/#website"},"primaryImageOfPage":{"@id":"https:\/\/www.ankarsrum.com\/no\/product\/stor-tilbehorspakke-2\/#primaryimage"},"image":{"@id":"https:\/\/www.ankarsrum.com\/no\/product\/stor-tilbehorspakke-2\/#primaryimage"},"thumbnailUrl":"https:\/\/www.ankarsrum.com\/img-srv\/XP_D7Zn04eZg97OHw_FoRGgWf-rwOMdf3q7jDwwaw3E\/resizing_type:auto\/width:0\/height:0\/gravity:sm\/enlarge:1\/ext:webp\/strip_metadata:1\/quality:90\/cachebuster:filesize-244783\/bG9jYWw6Ly8vd3d3LmFua2Fyc3J1bS5jb20vd3AtY29udGVudC91cGxvYWRzL3NpdGVzLzE0LzIwMjUvMDgvZGVsdXhlLXBhY2thZ2UtOTIwOTAwMDg1LnBuZw.webp","datePublished":"2025-06-27T12:34:14+00:00","dateModified":"2026-04-30T10:51:28+00:00","description":"Stor tilbeh\u00f8rspakke for Ankarsrum kj\u00f8kkenmaskin, samlet for allsidig bruk med fokus p\u00e5 strukturert arbeid og jevne resultater.","breadcrumb":{"@id":"https:\/\/www.ankarsrum.com\/no\/product\/stor-tilbehorspakke-2\/#breadcrumb"},"inLanguage":"nb-NO","potentialAction":[{"@type":"ReadAction","target":["https:\/\/www.ankarsrum.com\/no\/product\/stor-tilbehorspakke-2\/"]}]},{"@type":"ImageObject","inLanguage":"nb-NO","@id":"https:\/\/www.ankarsrum.com\/no\/product\/stor-tilbehorspakke-2\/#primaryimage","url":"https:\/\/www.ankarsrum.com\/img-srv\/XP_D7Zn04eZg97OHw_FoRGgWf-rwOMdf3q7jDwwaw3E\/resizing_type:auto\/width:0\/height:0\/gravity:sm\/enlarge:1\/ext:webp\/strip_metadata:1\/quality:90\/cachebuster:filesize-244783\/bG9jYWw6Ly8vd3d3LmFua2Fyc3J1bS5jb20vd3AtY29udGVudC91cGxvYWRzL3NpdGVzLzE0LzIwMjUvMDgvZGVsdXhlLXBhY2thZ2UtOTIwOTAwMDg1LnBuZw.webp","contentUrl":"https:\/\/www.ankarsrum.com\/img-srv\/XP_D7Zn04eZg97OHw_FoRGgWf-rwOMdf3q7jDwwaw3E\/resizing_type:auto\/width:0\/height:0\/gravity:sm\/enlarge:1\/ext:webp\/strip_metadata:1\/quality:90\/cachebuster:filesize-244783\/bG9jYWw6Ly8vd3d3LmFua2Fyc3J1bS5jb20vd3AtY29udGVudC91cGxvYWRzL3NpdGVzLzE0LzIwMjUvMDgvZGVsdXhlLXBhY2thZ2UtOTIwOTAwMDg1LnBuZw.webp","width":1080,"height":1080},{"@type":"BreadcrumbList","@id":"https:\/\/www.ankarsrum.com\/no\/product\/stor-tilbehorspakke-2\/#breadcrumb","itemListElement":[{"@type":"ListItem","position":1,"name":"Home","item":"https:\/\/www.ankarsrum.com\/no\/"},{"@type":"ListItem","position":2,"name":"Produce name","item":"https:\/\/www.ankarsrum.com\/no\/shop\/"},{"@type":"ListItem","position":3,"name":"Stor Tilbeh\u00f8rspakke (Deluxepakke)"}]},{"@type":"WebSite","@id":"https:\/\/www.ankarsrum.com\/no\/#website","url":"https:\/\/www.ankarsrum.com\/no\/","name":"Ankarsrum Norway","description":"The bread of the world","potentialAction":[{"@type":"SearchAction","target":{"@type":"EntryPoint","urlTemplate":"https:\/\/www.ankarsrum.com\/no\/?s={search_term_string}"},"query-input":{"@type":"PropertyValueSpecification","valueRequired":true,"valueName":"search_term_string"}}],"inLanguage":"nb-NO"}]}},"_links":{"self":[{"href":"https:\/\/www.ankarsrum.com\/no\/wp-json\/wp\/v2\/product\/21655","targetHints":{"allow":["GET"]}}],"collection":[{"href":"https:\/\/www.ankarsrum.com\/no\/wp-json\/wp\/v2\/product"}],"about":[{"href":"https:\/\/www.ankarsrum.com\/no\/wp-json\/wp\/v2\/types\/product"}],"replies":[{"embeddable":true,"href":"https:\/\/www.ankarsrum.com\/no\/wp-json\/wp\/v2\/comments?post=21655"}],"wp:featuredmedia":[{"embeddable":true,"href":"https:\/\/www.ankarsrum.com\/no\/wp-json\/wp\/v2\/media\/21649"}],"wp:attachment":[{"href":"https:\/\/www.ankarsrum.com\/no\/wp-json\/wp\/v2\/media?parent=21655"}],"wp:term":[{"taxonomy":"product_brand","embeddable":true,"href":"https:\/\/www.ankarsrum.com\/no\/wp-json\/wp\/v2\/product_brand?post=21655"},{"taxonomy":"product_cat","embeddable":true,"href":"https:\/\/www.ankarsrum.com\/no\/wp-json\/wp\/v2\/product_cat?post=21655"},{"taxonomy":"product_tag","embeddable":true,"href":"https:\/\/www.ankarsrum.com\/no\/wp-json\/wp\/v2\/product_tag?post=21655"},{"taxonomy":"product-tag","embeddable":true,"href":"https:\/\/www.ankarsrum.com\/no\/wp-json\/wp\/v2\/product-tag?post=21655"},{"taxonomy":"machines","embeddable":true,"href":"https:\/\/www.ankarsrum.com\/no\/wp-json\/wp\/v2\/machines?post=21655"},{"taxonomy":"filter","embeddable":true,"href":"https:\/\/www.ankarsrum.com\/no\/wp-json\/wp\/v2\/filter?post=21655"}],"curies":[{"name":"wp","href":"https:\/\/api.w.org\/{rel}","templated":true}]}}